{"id":32525,"date":"2023-11-13T06:33:26","date_gmt":"2023-11-12T22:33:26","guid":{"rendered":"https:\/\/glassouse.com\/product\/interruttore-lampeggiante-gs12-glassouse\/"},"modified":"2026-04-27T17:13:25","modified_gmt":"2026-04-27T09:13:25","slug":"interruttore-lampeggiante-gs12-glassouse","status":"publish","type":"product","link":"https:\/\/glassouse.com\/it\/product\/interruttore-lampeggiante-gs12-glassouse\/","title":{"rendered":"Interruttore lampeggiante GS12 GlassOuse"},"content":{"rendered":"<div class=\"wpb-content-wrapper\"><p>[vc_row unlock_row_content=&#8221;yes&#8221; row_height_percent=&#8221;0&#8243; override_padding=&#8221;yes&#8221; h_padding=&#8221;0&#8243; top_padding=&#8221;0&#8243; bottom_padding=&#8221;0&#8243; overlay_alpha=&#8221;50&#8243; equal_height=&#8221;yes&#8221; gutter_size=&#8221;0&#8243; column_width_percent=&#8221;100&#8243; shift_y=&#8221;0&#8243; z_index=&#8221;0&#8243; el_class=&#8221;compact_section&#8221; uncode_shortcode_id=&#8221;854311&#8243; css=&#8221;.vc_custom_1699893539827{padding-top: 15px !important;padding-right: 0px !important;padding-left: 0px !important;}&#8221;][vc_column column_width_percent=&#8221;100&#8243; position_horizontal=&#8221;left&#8221; position_vertical=&#8221;middle&#8221; gutter_size=&#8221;0&#8243; override_padding=&#8221;yes&#8221; column_padding=&#8221;0&#8243; back_image=&#8221;32543&#8243; back_repeat=&#8221;no-repeat&#8221; back_position=&#8221;right top&#8221; overlay_alpha=&#8221;50&#8243; shift_x=&#8221;0&#8243; shift_y=&#8221;0&#8243; shift_y_down=&#8221;0&#8243; z_index=&#8221;0&#8243; medium_width=&#8221;0&#8243; mobile_width=&#8221;0&#8243; width=&#8221;1\/1&#8243; uncode_shortcode_id=&#8221;591427&#8243; css=&#8221;.vc_custom_1699909269674{padding-top: 160px !important;padding-right: 0px !important;padding-bottom: 160px !important;padding-left: 50px !important;}&#8221; el_class=&#8221;content_column bg_right_top&#8221;][vc_row_inner row_inner_height_percent=&#8221;0&#8243; force_width_grid=&#8221;yes&#8221; overlay_alpha=&#8221;50&#8243; gutter_size=&#8221;0&#8243; shift_y=&#8221;0&#8243; z_index=&#8221;0&#8243; uncode_shortcode_id=&#8221;192230&#8243; css=&#8221;.vc_custom_1699893524371{padding-right: 0px !important;padding-left: 0px !important;}&#8221; el_class=&#8221;limit-width&#8221;][vc_column_inner column_width_percent=&#8221;70&#8243; position_horizontal=&#8221;left&#8221; position_vertical=&#8221;middle&#8221; gutter_size=&#8221;0&#8243; override_padding=&#8221;yes&#8221; column_padding=&#8221;0&#8243; overlay_alpha=&#8221;50&#8243; shift_x=&#8221;0&#8243; shift_y=&#8221;0&#8243; shift_y_down=&#8221;0&#8243; z_index=&#8221;0&#8243; medium_width=&#8221;0&#8243; mobile_width=&#8221;0&#8243; width=&#8221;1\/2&#8243; uncode_shortcode_id=&#8221;579793&#8243; css=&#8221;.vc_custom_1699893618145{padding-right: 2% !important;padding-left: 0px !important;}&#8221;][vc_custom_heading text_color=&#8221;color-jevc&#8221; text_size=&#8221;h3&#8243; text_weight=&#8221;600&#8243; uncode_shortcode_id=&#8221;545502&#8243; text_color_type=&#8221;uncode-palette&#8221; el_class=&#8221;lh-1&#8243;]Blink &amp; Click: Interazione senza sforzo con un battito di ciglia[\/vc_custom_heading][vc_separator sep_color=&#8221;&#8221; icon_position=&#8221;left&#8221; el_height=&#8221;5px&#8221; uncode_shortcode_id=&#8221;255087&#8243; sep_color_type=&#8221;uncode-solid&#8221; el_width=&#8221;82px&#8221; sep_color_solid=&#8221;#43b8db&#8221; el_class=&#8221;c-divider&#8221;][\/vc_column_inner][vc_column_inner width=&#8221;1\/2&#8243;][\/vc_column_inner][\/vc_row_inner][\/vc_column][\/vc_row][vc_row row_height_percent=&#8221;0&#8243; override_padding=&#8221;yes&#8221; h_padding=&#8221;0&#8243; top_padding=&#8221;0&#8243; bottom_padding=&#8221;0&#8243; overlay_alpha=&#8221;50&#8243; gutter_size=&#8221;3&#8243; column_width_percent=&#8221;100&#8243; shift_y=&#8221;0&#8243; z_index=&#8221;0&#8243; uncode_shortcode_id=&#8221;151199&#8243; css=&#8221;.vc_custom_1699894033019{padding-top: 50px !important;}&#8221;][vc_column column_width_percent=&#8221;100&#8243; align_horizontal=&#8221;align_center&#8221; gutter_size=&#8221;3&#8243; overlay_alpha=&#8221;50&#8243; shift_x=&#8221;0&#8243; shift_y=&#8221;0&#8243; shift_y_down=&#8221;0&#8243; z_index=&#8221;0&#8243; medium_width=&#8221;0&#8243; mobile_width=&#8221;0&#8243; width=&#8221;1\/1&#8243; uncode_shortcode_id=&#8221;798976&#8243;][vc_custom_heading text_color=&#8221;color-jevc&#8221; text_size=&#8221;h3&#8243; text_weight=&#8221;700&#8243; text_height=&#8221;lh-n&#8221; uncode_shortcode_id=&#8221;750658&#8243; text_color_type=&#8221;uncode-palette&#8221;]Interruttore lampeggiante[\/vc_custom_heading][vc_row_inner row_inner_height_percent=&#8221;0&#8243; overlay_alpha=&#8221;50&#8243; gutter_size=&#8221;3&#8243; shift_y=&#8221;0&#8243; z_index=&#8221;0&#8243; uncode_shortcode_id=&#8221;146835&#8243; el_class=&#8221;icon_boxs_wrap&#8221;][vc_column_inner column_width_percent=&#8221;100&#8243; align_horizontal=&#8221;align_center&#8221; gutter_size=&#8221;2&#8243; overlay_alpha=&#8221;50&#8243; shift_x=&#8221;0&#8243; shift_y=&#8221;0&#8243; shift_y_down=&#8221;0&#8243; z_index=&#8221;0&#8243; medium_width=&#8221;0&#8243; mobile_width=&#8221;0&#8243; width=&#8221;1\/1&#8243; uncode_shortcode_id=&#8221;168717&#8243;][vc_icon display=&#8221;inline&#8221; icon_image=&#8221;19737&#8243; media_size=&#8221;300&#8243; text_size=&#8221;h4&#8243; text_weight=&#8221;500&#8243; text_height=&#8221;lh-n&#8221; uncode_shortcode_id=&#8221;827076&#8243; title=&#8221;GlassOuse PRO\/Link&#8221;][\/vc_icon][vc_icon display=&#8221;inline&#8221; icon_image=&#8221;19745&#8243; media_size=&#8221;300&#8243; text_size=&#8221;h4&#8243; text_weight=&#8221;500&#8243; text_height=&#8221;lh-n&#8221; uncode_shortcode_id=&#8221;866711&#8243; title=&#8221;GlassOuse 1.4 (e versioni successive)&#8221;][\/vc_icon][\/vc_column_inner][\/vc_row_inner][\/vc_column][\/vc_row][vc_row row_height_percent=&#8221;0&#8243; override_padding=&#8221;yes&#8221; h_padding=&#8221;2&#8243; top_padding=&#8221;2&#8243; bottom_padding=&#8221;3&#8243; overlay_alpha=&#8221;50&#8243; gutter_size=&#8221;3&#8243; column_width_percent=&#8221;100&#8243; shift_y=&#8221;0&#8243; z_index=&#8221;0&#8243; uncode_shortcode_id=&#8221;210438&#8243;][vc_column column_width_percent=&#8221;65&#8243; gutter_size=&#8221;3&#8243; overlay_alpha=&#8221;50&#8243; shift_x=&#8221;0&#8243; shift_y=&#8221;0&#8243; shift_y_down=&#8221;0&#8243; z_index=&#8221;0&#8243; medium_width=&#8221;0&#8243; mobile_width=&#8221;0&#8243; width=&#8221;1\/1&#8243; uncode_shortcode_id=&#8221;213419&#8243;][vc_row_inner row_inner_height_percent=&#8221;0&#8243; overlay_alpha=&#8221;50&#8243; gutter_size=&#8221;3&#8243; shift_y=&#8221;0&#8243; z_index=&#8221;0&#8243; uncode_shortcode_id=&#8221;137139&#8243; el_class=&#8221;inline_small_icon_wrap&#8221; back_color_type=&#8221;uncode-solid&#8221; back_color_solid=&#8221;#f3f3f3&#8243; css=&#8221;.vc_custom_1699999910392{padding-top: 30px !important;padding-right: 33px !important;padding-bottom: 30px !important;padding-left: 3px !important;}&#8221;][vc_column_inner column_width_percent=&#8221;100&#8243; position_vertical=&#8221;middle&#8221; align_horizontal=&#8221;align_center&#8221; gutter_size=&#8221;2&#8243; override_padding=&#8221;yes&#8221; column_padding=&#8221;0&#8243; overlay_alpha=&#8221;50&#8243; shift_x=&#8221;0&#8243; shift_y=&#8221;0&#8243; shift_y_down=&#8221;0&#8243; z_index=&#8221;0&#8243; medium_width=&#8221;0&#8243; mobile_width=&#8221;0&#8243; width=&#8221;1\/1&#8243; uncode_shortcode_id=&#8221;970061&#8243; css=&#8221;.vc_custom_1699999777376{padding-right: 0px !important;padding-left: 0px !important;}&#8221;][vc_icon position=&#8221;right&#8221; space_reduced=&#8221;yes&#8221; display=&#8221;inline&#8221; icon_image=&#8221;19900&#8243; media_size=&#8221;50&#8243; text_size=&#8221;h4&#8243; text_weight=&#8221;500&#8243; text_height=&#8221;lh-n&#8221; text_lead=&#8221;small&#8221; uncode_shortcode_id=&#8221;602312&#8243;]*<span style=\"color: #ff0000;\">Quando si<\/span>utilizza GlassOuse PRO\/Link, l&#8217;interruttore Blink pu\u00f2 essere collegato solo agli <span style=\"color: #000000;\">occhiali GW01<\/span>.[\/vc_icon][vc_icon position=&#8221;left&#8221; space_reduced=&#8221;yes&#8221; display=&#8221;inline&#8221; icon_image=&#8221;19908&#8243; media_size=&#8221;50&#8243; text_size=&#8221;h4&#8243; text_weight=&#8221;500&#8243; text_height=&#8221;lh-n&#8221; text_lead=&#8221;small&#8221; uncode_shortcode_id=&#8221;817823&#8243;]Nota: si consiglia di <span style=\"color: #000000;\">non<\/span> utilizzare Blink Switch indossando <span style=\"color: #000000;\">i normali occhiali. <\/span>[\/vc_icon][\/vc_column_inner][\/vc_row_inner][vc_icon position=&#8221;left&#8221; icon=&#8221;fa fa-play&#8221; icon_image=&#8221;20250&#8243; icon_color=&#8221;color-xsdn&#8221; uncode_shortcode_id=&#8221;727097&#8243; icon_color_type=&#8221;uncode-palette&#8221; media_lightbox=&#8221;20267&#8243; el_class=&#8221;video_box&#8221;][\/vc_icon][vc_column_text uncode_shortcode_id=&#8221;167172&#8243;]<\/p>\n<p style=\"text-align: justify;\"><strong>Ti presentiamo GlassOuse Blink Switch,<\/strong> un comodo interruttore che consente alle persone con mobilit\u00e0 limitata di controllare i dispositivi digitali con un semplice battito di ciglia. Blink Switch \u00e8 dotato di un sensore oculare che rileva con precisione gli ammiccamenti intenzionali degli occhi* e che consente di fare un clic preciso e accurato su computer, telefoni cellulari o tablet. <\/p>\n<p>L&#8217;interruttore Blink \u00e8 dotato di una porta jack da 3,5 mm e si accoppia perfettamente con GlassOuse PRO\/Link* o GlassOuse V1.4 (o inferiore).<\/p>\n<p><strong>La personalizzazione \u00e8 importante e il Blink Switch \u00e8 dotato di un&#8217;impostazione regolabile della sensibilit\u00e0 del lampeggio.<\/strong>  Questo lo rende comodo per un&#8217;ampia gamma di persone, in quanto gli utenti possono personalizzare l&#8217;interruttore in base al loro livello di comfort.<\/p>\n<p><strong>L&#8217;interruttore lampeggiante GlassOuse offre molti vantaggi.<\/strong>  Grazie a questo innovativo interruttore assistito, gli utenti possono navigare senza sforzo nelle applicazioni, navigare in internet e utilizzare i software, il tutto con un semplice battito di ciglia. Permette alle persone con mobilit\u00e0 limitata di ottenere indipendenza e comodit\u00e0 nella loro vita quotidiana. <\/p>\n<p><strong>Il nostro sito web fornisce informazioni complete e supporto per GlassOuse Blink Switch.<\/strong>  Scopri come questo innovativo interruttore di assistenza pu\u00f2 migliorare l&#8217;accessibilit\u00e0 per te o per i tuoi cari.[\/vc_column_text][vc_gallery el_id=&#8221;gallery-146860&#8243; medias=&#8221;32549&#8243; gutter_size=&#8221;3&#8243; screen_lg=&#8221;1000&#8243; screen_md=&#8221;600&#8243; screen_sm=&#8221;480&#8243; single_width=&#8221;12&#8243; single_overlay_opacity=&#8221;50&#8243; single_padding=&#8221;2&#8243; uncode_shortcode_id=&#8221;709740&#8243; el_class=&#8221;c_gallery&#8221;][vc_gallery el_id=&#8221;gallery-146860&#8243; isotope_mode=&#8221;fitRows&#8221; medias=&#8221;32542,32540&#8243; gutter_size=&#8221;2&#8243; screen_lg=&#8221;1000&#8243; screen_md=&#8221;600&#8243; screen_sm=&#8221;480&#8243; single_overlay_opacity=&#8221;50&#8243; single_h_align=&#8221;center&#8221; single_padding=&#8221;2&#8243; uncode_shortcode_id=&#8221;200321&#8243; items=&#8221;eyIxMjIwNF9pIjp7InNpbmdsZV90ZXh0Ijoib3ZlcmxheSJ9fQ==&#8221; el_class=&#8221;c_gallery two_column_gallery mt-0 pt-20&#8243;][\/vc_column][\/vc_row]<\/p>\n<\/div>","protected":false},"excerpt":{"rendered":"<p>[vc_row unlock_row_content=&#8221;yes&#8221; row_height_percent=&#8221;0&#8243; override_padding=&#8221;yes&#8221; h_padding=&#8221;0&#8243; top_padding=&#8221;0&#8243; bottom_padding=&#8221;0&#8243; overlay_alpha=&#8221;50&#8243; equal_height=&#8221;yes&#8221; gutter_size=&#8221;0&#8243; column_width_percent=&#8221;100&#8243; shift_y=&#8221;0&#8243; z_index=&#8221;0&#8243; el_class=&#8221;compact_section&#8221; uncode_shortcode_id=&#8221;854311&#8243; css=&#8221;.vc_custom_1699893539827{padding-top: 15px !important;padding-right: 0px !important;padding-left: [&hellip;]<\/p>\n","protected":false},"featured_media":32343,"template":"","meta":{"_acf_changed":false},"product_brand":[],"product_cat":[418],"product_tag":[],"class_list":{"0":"post-32525","1":"product","2":"type-product","3":"status-publish","4":"has-post-thumbnail","6":"product_cat-interruttori-g","8":"first","9":"instock","10":"shipping-taxable","11":"purchasable","12":"product-type-simple"},"acf":[],"yoast_head":"<!-- This site is optimized with the Yoast SEO plugin v27.4 - https:\/\/yoast.com\/product\/yoast-seo-wordpress\/ -->\n<title>Interruttore Blink : Interruttore assistivo GlassOuse<\/title>\n<meta name=\"description\" content=\"GlassOuse Blink Switch - Un dispositivo di assistenza che si attiva con un semplice battito di ciglia. Dotato di un connettore jack da 3,5 mm. Funziona bene con GlassOuse PRO, Link, V1.4 e altri dispositivi.\" \/>\n<meta name=\"robots\" content=\"index, follow, max-snippet:-1, max-image-preview:large, max-video-preview:-1\" \/>\n<link rel=\"canonical\" href=\"https:\/\/glassouse.com\/it\/product\/interruttore-lampeggiante-gs12-glassouse\/\" \/>\n<meta property=\"og:locale\" content=\"it_IT\" \/>\n<meta property=\"og:type\" content=\"article\" \/>\n<meta property=\"og:title\" content=\"Interruttore Blink : Interruttore assistivo GlassOuse\" \/>\n<meta property=\"og:description\" content=\"GlassOuse Blink Switch - Un dispositivo di assistenza che si attiva con un semplice battito di ciglia. Dotato di un connettore jack da 3,5 mm. Funziona bene con GlassOuse PRO, Link, V1.4 e altri dispositivi.\" \/>\n<meta property=\"og:url\" content=\"https:\/\/glassouse.com\/it\/product\/interruttore-lampeggiante-gs12-glassouse\/\" \/>\n<meta property=\"og:site_name\" content=\"Glassouse Assistive Device\" \/>\n<meta property=\"article:publisher\" content=\"https:\/\/www.facebook.com\/glassouse\/\" \/>\n<meta property=\"article:modified_time\" content=\"2026-04-27T09:13:25+00:00\" \/>\n<meta property=\"og:image\" content=\"https:\/\/glassouse.com\/wp-content\/uploads\/2023\/11\/blink-switch-featured-img.jpg\" \/>\n\t<meta property=\"og:image:width\" content=\"1000\" \/>\n\t<meta property=\"og:image:height\" content=\"1000\" \/>\n\t<meta property=\"og:image:type\" content=\"image\/jpeg\" \/>\n<meta name=\"twitter:card\" content=\"summary_large_image\" \/>\n<meta name=\"twitter:site\" content=\"@glassouse\" \/>\n<meta name=\"twitter:label1\" content=\"Tempo di lettura stimato\" \/>\n\t<meta name=\"twitter:data1\" content=\"5 minuti\" \/>\n<script type=\"application\/ld+json\" class=\"yoast-schema-graph\">{\"@context\":\"https:\\\/\\\/schema.org\",\"@graph\":[{\"@type\":\"WebPage\",\"@id\":\"https:\\\/\\\/glassouse.com\\\/it\\\/product\\\/interruttore-lampeggiante-gs12-glassouse\\\/\",\"url\":\"https:\\\/\\\/glassouse.com\\\/it\\\/product\\\/interruttore-lampeggiante-gs12-glassouse\\\/\",\"name\":\"Interruttore Blink : Interruttore assistivo GlassOuse\",\"isPartOf\":{\"@id\":\"https:\\\/\\\/glassouse.com\\\/it\\\/#website\"},\"primaryImageOfPage\":{\"@id\":\"https:\\\/\\\/glassouse.com\\\/it\\\/product\\\/interruttore-lampeggiante-gs12-glassouse\\\/#primaryimage\"},\"image\":{\"@id\":\"https:\\\/\\\/glassouse.com\\\/it\\\/product\\\/interruttore-lampeggiante-gs12-glassouse\\\/#primaryimage\"},\"thumbnailUrl\":\"https:\\\/\\\/glassouse.com\\\/wp-content\\\/uploads\\\/2023\\\/11\\\/blink-switch-featured-img.jpg\",\"datePublished\":\"2023-11-12T22:33:26+00:00\",\"dateModified\":\"2026-04-27T09:13:25+00:00\",\"description\":\"GlassOuse Blink Switch - Un dispositivo di assistenza che si attiva con un semplice battito di ciglia. Dotato di un connettore jack da 3,5 mm. Funziona bene con GlassOuse PRO, Link, V1.4 e altri dispositivi.\",\"breadcrumb\":{\"@id\":\"https:\\\/\\\/glassouse.com\\\/it\\\/product\\\/interruttore-lampeggiante-gs12-glassouse\\\/#breadcrumb\"},\"inLanguage\":\"it-IT\",\"potentialAction\":[{\"@type\":\"ReadAction\",\"target\":[\"https:\\\/\\\/glassouse.com\\\/it\\\/product\\\/interruttore-lampeggiante-gs12-glassouse\\\/\"]}]},{\"@type\":\"ImageObject\",\"inLanguage\":\"it-IT\",\"@id\":\"https:\\\/\\\/glassouse.com\\\/it\\\/product\\\/interruttore-lampeggiante-gs12-glassouse\\\/#primaryimage\",\"url\":\"https:\\\/\\\/glassouse.com\\\/wp-content\\\/uploads\\\/2023\\\/11\\\/blink-switch-featured-img.jpg\",\"contentUrl\":\"https:\\\/\\\/glassouse.com\\\/wp-content\\\/uploads\\\/2023\\\/11\\\/blink-switch-featured-img.jpg\",\"width\":1000,\"height\":1000,\"caption\":\"Interruttore lampeggiante per camicie di vetro\"},{\"@type\":\"BreadcrumbList\",\"@id\":\"https:\\\/\\\/glassouse.com\\\/it\\\/product\\\/interruttore-lampeggiante-gs12-glassouse\\\/#breadcrumb\",\"itemListElement\":[{\"@type\":\"ListItem\",\"position\":1,\"name\":\"Home\",\"item\":\"https:\\\/\\\/glassouse.com\\\/it\\\/casa\\\/\"},{\"@type\":\"ListItem\",\"position\":2,\"name\":\"Negozio\",\"item\":\"https:\\\/\\\/glassouse.com\\\/it\\\/negozio\\\/\"},{\"@type\":\"ListItem\",\"position\":3,\"name\":\"Interruttore lampeggiante GS12 GlassOuse\"}]},{\"@type\":\"WebSite\",\"@id\":\"https:\\\/\\\/glassouse.com\\\/it\\\/#website\",\"url\":\"https:\\\/\\\/glassouse.com\\\/it\\\/\",\"name\":\"Glassouse Assistive Device\",\"description\":\"Assistive Device and Switches for Disabled\",\"publisher\":{\"@id\":\"https:\\\/\\\/glassouse.com\\\/it\\\/#organization\"},\"potentialAction\":[{\"@type\":\"SearchAction\",\"target\":{\"@type\":\"EntryPoint\",\"urlTemplate\":\"https:\\\/\\\/glassouse.com\\\/it\\\/?s={search_term_string}\"},\"query-input\":{\"@type\":\"PropertyValueSpecification\",\"valueRequired\":true,\"valueName\":\"search_term_string\"}}],\"inLanguage\":\"it-IT\"},{\"@type\":\"Organization\",\"@id\":\"https:\\\/\\\/glassouse.com\\\/it\\\/#organization\",\"name\":\"GlassOuse Assistive Device\",\"url\":\"https:\\\/\\\/glassouse.com\\\/it\\\/\",\"logo\":{\"@type\":\"ImageObject\",\"inLanguage\":\"it-IT\",\"@id\":\"https:\\\/\\\/glassouse.com\\\/it\\\/#\\\/schema\\\/logo\\\/image\\\/\",\"url\":\"https:\\\/\\\/glassouse.com\\\/wp-content\\\/uploads\\\/2017\\\/11\\\/logo.jpg\",\"contentUrl\":\"https:\\\/\\\/glassouse.com\\\/wp-content\\\/uploads\\\/2017\\\/11\\\/logo.jpg\",\"width\":500,\"height\":500,\"caption\":\"GlassOuse Assistive Device\"},\"image\":{\"@id\":\"https:\\\/\\\/glassouse.com\\\/it\\\/#\\\/schema\\\/logo\\\/image\\\/\"},\"sameAs\":[\"https:\\\/\\\/www.facebook.com\\\/glassouse\\\/\",\"https:\\\/\\\/x.com\\\/glassouse\",\"https:\\\/\\\/www.instagram.com\\\/glassouseassistivedevice\\\/\",\"https:\\\/\\\/www.linkedin.com\\\/company\\\/glassouse\\\/\",\"https:\\\/\\\/www.youtube.com\\\/channel\\\/UCM5pebcmVXbu00QYd91_Gyw\"]}]}<\/script>\n<!-- \/ Yoast SEO plugin. -->","yoast_head_json":{"title":"Interruttore Blink : Interruttore assistivo GlassOuse","description":"GlassOuse Blink Switch - Un dispositivo di assistenza che si attiva con un semplice battito di ciglia. Dotato di un connettore jack da 3,5 mm. Funziona bene con GlassOuse PRO, Link, V1.4 e altri dispositivi.","robots":{"index":"index","follow":"follow","max-snippet":"max-snippet:-1","max-image-preview":"max-image-preview:large","max-video-preview":"max-video-preview:-1"},"canonical":"https:\/\/glassouse.com\/it\/product\/interruttore-lampeggiante-gs12-glassouse\/","og_locale":"it_IT","og_type":"article","og_title":"Interruttore Blink : Interruttore assistivo GlassOuse","og_description":"GlassOuse Blink Switch - Un dispositivo di assistenza che si attiva con un semplice battito di ciglia. Dotato di un connettore jack da 3,5 mm. Funziona bene con GlassOuse PRO, Link, V1.4 e altri dispositivi.","og_url":"https:\/\/glassouse.com\/it\/product\/interruttore-lampeggiante-gs12-glassouse\/","og_site_name":"Glassouse Assistive Device","article_publisher":"https:\/\/www.facebook.com\/glassouse\/","article_modified_time":"2026-04-27T09:13:25+00:00","og_image":[{"width":1000,"height":1000,"url":"https:\/\/glassouse.com\/wp-content\/uploads\/2023\/11\/blink-switch-featured-img.jpg","type":"image\/jpeg"}],"twitter_card":"summary_large_image","twitter_site":"@glassouse","twitter_misc":{"Tempo di lettura stimato":"5 minuti"},"schema":{"@context":"https:\/\/schema.org","@graph":[{"@type":"WebPage","@id":"https:\/\/glassouse.com\/it\/product\/interruttore-lampeggiante-gs12-glassouse\/","url":"https:\/\/glassouse.com\/it\/product\/interruttore-lampeggiante-gs12-glassouse\/","name":"Interruttore Blink : Interruttore assistivo GlassOuse","isPartOf":{"@id":"https:\/\/glassouse.com\/it\/#website"},"primaryImageOfPage":{"@id":"https:\/\/glassouse.com\/it\/product\/interruttore-lampeggiante-gs12-glassouse\/#primaryimage"},"image":{"@id":"https:\/\/glassouse.com\/it\/product\/interruttore-lampeggiante-gs12-glassouse\/#primaryimage"},"thumbnailUrl":"https:\/\/glassouse.com\/wp-content\/uploads\/2023\/11\/blink-switch-featured-img.jpg","datePublished":"2023-11-12T22:33:26+00:00","dateModified":"2026-04-27T09:13:25+00:00","description":"GlassOuse Blink Switch - Un dispositivo di assistenza che si attiva con un semplice battito di ciglia. Dotato di un connettore jack da 3,5 mm. Funziona bene con GlassOuse PRO, Link, V1.4 e altri dispositivi.","breadcrumb":{"@id":"https:\/\/glassouse.com\/it\/product\/interruttore-lampeggiante-gs12-glassouse\/#breadcrumb"},"inLanguage":"it-IT","potentialAction":[{"@type":"ReadAction","target":["https:\/\/glassouse.com\/it\/product\/interruttore-lampeggiante-gs12-glassouse\/"]}]},{"@type":"ImageObject","inLanguage":"it-IT","@id":"https:\/\/glassouse.com\/it\/product\/interruttore-lampeggiante-gs12-glassouse\/#primaryimage","url":"https:\/\/glassouse.com\/wp-content\/uploads\/2023\/11\/blink-switch-featured-img.jpg","contentUrl":"https:\/\/glassouse.com\/wp-content\/uploads\/2023\/11\/blink-switch-featured-img.jpg","width":1000,"height":1000,"caption":"Interruttore lampeggiante per camicie di vetro"},{"@type":"BreadcrumbList","@id":"https:\/\/glassouse.com\/it\/product\/interruttore-lampeggiante-gs12-glassouse\/#breadcrumb","itemListElement":[{"@type":"ListItem","position":1,"name":"Home","item":"https:\/\/glassouse.com\/it\/casa\/"},{"@type":"ListItem","position":2,"name":"Negozio","item":"https:\/\/glassouse.com\/it\/negozio\/"},{"@type":"ListItem","position":3,"name":"Interruttore lampeggiante GS12 GlassOuse"}]},{"@type":"WebSite","@id":"https:\/\/glassouse.com\/it\/#website","url":"https:\/\/glassouse.com\/it\/","name":"Glassouse Assistive Device","description":"Assistive Device and Switches for Disabled","publisher":{"@id":"https:\/\/glassouse.com\/it\/#organization"},"potentialAction":[{"@type":"SearchAction","target":{"@type":"EntryPoint","urlTemplate":"https:\/\/glassouse.com\/it\/?s={search_term_string}"},"query-input":{"@type":"PropertyValueSpecification","valueRequired":true,"valueName":"search_term_string"}}],"inLanguage":"it-IT"},{"@type":"Organization","@id":"https:\/\/glassouse.com\/it\/#organization","name":"GlassOuse Assistive Device","url":"https:\/\/glassouse.com\/it\/","logo":{"@type":"ImageObject","inLanguage":"it-IT","@id":"https:\/\/glassouse.com\/it\/#\/schema\/logo\/image\/","url":"https:\/\/glassouse.com\/wp-content\/uploads\/2017\/11\/logo.jpg","contentUrl":"https:\/\/glassouse.com\/wp-content\/uploads\/2017\/11\/logo.jpg","width":500,"height":500,"caption":"GlassOuse Assistive Device"},"image":{"@id":"https:\/\/glassouse.com\/it\/#\/schema\/logo\/image\/"},"sameAs":["https:\/\/www.facebook.com\/glassouse\/","https:\/\/x.com\/glassouse","https:\/\/www.instagram.com\/glassouseassistivedevice\/","https:\/\/www.linkedin.com\/company\/glassouse\/","https:\/\/www.youtube.com\/channel\/UCM5pebcmVXbu00QYd91_Gyw"]}]}},"_links":{"self":[{"href":"https:\/\/glassouse.com\/it\/wp-json\/wp\/v2\/product\/32525","targetHints":{"allow":["GET"]}}],"collection":[{"href":"https:\/\/glassouse.com\/it\/wp-json\/wp\/v2\/product"}],"about":[{"href":"https:\/\/glassouse.com\/it\/wp-json\/wp\/v2\/types\/product"}],"wp:featuredmedia":[{"embeddable":true,"href":"https:\/\/glassouse.com\/it\/wp-json\/wp\/v2\/media\/32343"}],"wp:attachment":[{"href":"https:\/\/glassouse.com\/it\/wp-json\/wp\/v2\/media?parent=32525"}],"wp:term":[{"taxonomy":"product_brand","embeddable":true,"href":"https:\/\/glassouse.com\/it\/wp-json\/wp\/v2\/product_brand?post=32525"},{"taxonomy":"product_cat","embeddable":true,"href":"https:\/\/glassouse.com\/it\/wp-json\/wp\/v2\/product_cat?post=32525"},{"taxonomy":"product_tag","embeddable":true,"href":"https:\/\/glassouse.com\/it\/wp-json\/wp\/v2\/product_tag?post=32525"}],"curies":[{"name":"wp","href":"https:\/\/api.w.org\/{rel}","templated":true}]}}