{"id":26896,"date":"2018-04-09T12:47:45","date_gmt":"2018-04-09T04:47:45","guid":{"rendered":"https:\/\/glassouse.com\/gwarancja-zwrotu-pieniedzy\/"},"modified":"2026-04-27T16:55:14","modified_gmt":"2026-04-27T08:55:14","slug":"gwarancja-zwrotu-pieniedzy","status":"publish","type":"page","link":"https:\/\/glassouse.com\/pl\/gwarancja-zwrotu-pieniedzy\/","title":{"rendered":"Gwarancja zwrotu pieni\u0119dzy"},"content":{"rendered":"<div class=\"wpb-content-wrapper\"><p>[vc_row row_height_percent=&#8221;0&#8243; overlay_alpha=&#8221;50&#8243; gutter_size=&#8221;3&#8243; column_width_percent=&#8221;100&#8243; shift_y=&#8221;0&#8243; z_index=&#8221;0&#8243; uncode_shortcode_id=&#8221;144508&#8243; css=&#8221;.vc_custom_1649004907143{padding-bottom: 0px !important;}&#8221;][vc_column column_width_percent=&#8221;100&#8243; gutter_size=&#8221;3&#8243; override_padding=&#8221;yes&#8221; column_padding=&#8221;1&#8243; overlay_alpha=&#8221;50&#8243; shift_x=&#8221;0&#8243; shift_y=&#8221;0&#8243; shift_y_down=&#8221;0&#8243; z_index=&#8221;0&#8243; medium_width=&#8221;0&#8243; mobile_width=&#8221;0&#8243; width=&#8221;1\/1&#8243; uncode_shortcode_id=&#8221;167546&#8243; css=&#8221;.vc_custom_1649004867867{padding-bottom: 0px !important;}&#8221;][vc_single_image media=&#8221;26900&#8243; media_width_percent=&#8221;100&#8243; alignment=&#8221;center&#8221; uncode_shortcode_id=&#8221;168334&#8243;][vc_column_text uncode_shortcode_id=&#8221;998297&#8243;]<\/p>\n<p><img decoding=\"async\" class=\"alignnone size-full wp-image-214 aligncenter\" src=\"https:\/\/glassouse.com\/wp-content\/uploads\/2017\/11\/black.png\" alt=\"\" width=\"100\" height=\"4\" srcset=\"https:\/\/glassouse.com\/wp-content\/uploads\/2017\/11\/black.png 100w, https:\/\/glassouse.com\/wp-content\/uploads\/2017\/11\/black-75x4.png 75w\" sizes=\"(max-width: 100px) 100vw, 100px\" \/>[\/vc_column_text][vc_column_text uncode_shortcode_id=&#8221;579978&#8243;]<\/p>\n<h4 style=\"text-align: center;\">Wszystkie produkty GlassOuse obj\u0119te s\u0105 15-dniowym okresem pr\u00f3bnym<\/h4>\n<p style=\"text-align: center;\">Po dokonaniu zakupu na stronie internetowej, je\u015bli zmienisz zdanie i zdecydujesz si\u0119 zwr\u00f3ci\u0107 produkt w ci\u0105gu 15 dni (od dnia otrzymania produktu), mo\u017cesz poprosi\u0107 o zwrot i zwrot pieni\u0119dzy.<\/p>\n<p>[\/vc_column_text][vc_column_text uncode_shortcode_id=&#8221;195375&#8243; css=&#8221;.vc_custom_1650349700527{padding-bottom: 0px !important;}&#8221;]<\/p>\n<h4><strong>Jak dokona\u0107 zwrotu i otrzyma\u0107 zwrot pieni\u0119dzy<\/strong><\/h4>\n<ol>\n<li>Skontaktuj si\u0119 z naszym zespo\u0142em pomocy technicznej za po\u015brednictwem strony internetowej lub poczty elektronicznej &#8211; <a href=\"mailto:support@glassouse.com\">support@glassouse.com.<\/a> Prosimy o podanie numeru zam\u00f3wienia i powodu zwrotu. <\/li>\n<li>Nasz zesp\u00f3\u0142 prze\u015ble Ci instrukcje dotycz\u0105ce zwrotu. Nale\u017cy post\u0119powa\u0107 zgodnie z tymi instrukcjami i odes\u0142a\u0107 produkt w oryginalnym opakowaniu. Op\u0142ata za przesy\u0142k\u0119 zwrotn\u0105 zostanie poniesiona przez u\u017cytkownika.<br \/>\n<strong>Uwaga:<\/strong> Uprzejmie prosimy o upewnienie si\u0119, \u017ce produkt nie jest uszkodzony, poniewa\u017c zwrot pieni\u0119dzy nie zostanie przyznany za uszkodzone towary.<\/li>\n<li>Po otrzymaniu towar\u00f3w z powrotem do naszej siedziby, zainicjujemy zwrot w ci\u0105gu 7 dni.<\/li>\n<\/ol>\n<p>[\/vc_column_text][\/vc_column][\/vc_row][vc_row row_height_percent=&#8221;0&#8243; overlay_alpha=&#8221;50&#8243; gutter_size=&#8221;3&#8243; column_width_percent=&#8221;100&#8243; shift_y=&#8221;0&#8243; z_index=&#8221;0&#8243; uncode_shortcode_id=&#8221;420806&#8243; css=&#8221;.vc_custom_1649004922471{padding-top: 10px !important;}&#8221;][vc_column width=&#8221;1\/1&#8243;][vc_accordion active_tab=&#8221;0&#8243;][vc_accordion_tab title=&#8221;Czy GlassOuse ma polityk\u0119 zwrot\u00f3w?&#8221; tab_id=&#8221;083c16d9-ea7a-6&#8243;][vc_column_text]Wszystkie produkty GlassOuse s\u0105 obj\u0119te 15-dniowym okresem pr\u00f3bnym od daty dostawy. Je\u015bli zmienisz zdanie, mo\u017cesz poprosi\u0107 o zwrot produktu w stanie, w jakim zosta\u0142 otrzymany.[\/vc_column_text][\/vc_accordion_tab][vc_accordion_tab title=&#8221;Czy mog\u0119 zwr\u00f3ci\u0107 przedmiot, je\u015bli go u\u017cy\u0142em?&#8221; tab_id=&#8221;ded89cbf-a994-7&#8243;][vc_column_text]Oczywi\u015bcie. Jednak wszystkie zwracane urz\u0105dzenia powinny by\u0107 wolne od wad i usterek, aby uzyska\u0107 pe\u0142ny zwrot pieni\u0119dzy.[\/vc_column_text][\/vc_accordion_tab][vc_accordion_tab title=&#8221;Kto p\u0142aci za przesy\u0142k\u0119 zwrotn\u0105?&#8221; tab_id=&#8221;0928a723-1730-7&#8243;][vc_column_text]Mimo \u017ce GlassOuse oferuje pe\u0142ny zwrot pieni\u0119dzy za produkty, koszty wysy\u0142ki zwrotnej pokrywa kupuj\u0105cy.[\/vc_column_text][\/vc_accordion_tab][vc_accordion_tab title=&#8221;Kiedy otrzymam zwrot pieni\u0119dzy?&#8221; tab_id=&#8221;db439506-05f3-2&#8243;][vc_column_text]Zwrot koszt\u00f3w nast\u0105pi w ci\u0105gu 7 (siedmiu) dni roboczych po dostarczeniu zwracanego urz\u0105dzenia w stanie, w jakim zosta\u0142o otrzymane &#8211; bez usterek i wad. Uwaga &#8211; kwota zwrotu obejmuje wy\u0142\u0105cznie koszt urz\u0105dzenia, a nie op\u0142at\u0119 za wysy\u0142k\u0119.[\/vc_column_text][\/vc_accordion_tab][vc_accordion_tab gutter_size=&#8221;2&#8243; column_padding=&#8221;2&#8243; title=&#8221;Czy obowi\u0105zuje op\u0142ata za zwrot pieni\u0119dzy?&#8221; tab_id=&#8221;1650406264098-5-3&#8243;][vc_column_text uncode_shortcode_id=&#8221;142636&#8243;]Zainicjujemy zwrot pe\u0142nej wp\u0142aconej kwoty. Jednak oko\u0142o 3,6-4% ca\u0142kowitej p\u0142atno\u015bci jest potr\u0105cane za po\u015brednictwem system\u00f3w p\u0142atno\u015bci jako op\u0142ata. Na przyk\u0142ad &#8211; je\u015bli zap\u0142aci\u0142e\u015b 100 USD podczas zakupu, otrzymasz zwrot oko\u0142o 96 USD.[\/vc_column_text][\/vc_accordion_tab][\/vc_accordion][\/vc_column][\/vc_row]<\/p>\n<\/div>","protected":false},"excerpt":{"rendered":"<p>[vc_row row_height_percent=&#8221;0&#8243; overlay_alpha=&#8221;50&#8243; gutter_size=&#8221;3&#8243; column_width_percent=&#8221;100&#8243; shift_y=&#8221;0&#8243; z_index=&#8221;0&#8243; uncode_shortcode_id=&#8221;144508&#8243; css=&#8221;.vc_custom_1649004907143{padding-bottom: 0px !important;}&#8221;][vc_column column_width_percent=&#8221;100&#8243; gutter_size=&#8221;3&#8243; override_padding=&#8221;yes&#8221; column_padding=&#8221;1&#8243; overlay_alpha=&#8221;50&#8243; shift_x=&#8221;0&#8243; shift_y=&#8221;0&#8243; shift_y_down=&#8221;0&#8243; z_index=&#8221;0&#8243; [&hellip;]<\/p>\n","protected":false},"author":1,"featured_media":0,"parent":0,"menu_order":24,"comment_status":"closed","ping_status":"closed","template":"","meta":{"_acf_changed":false,"footnotes":""},"class_list":["post-26896","page","type-page","status-publish","hentry"],"acf":[],"yoast_head":"<!-- This site is optimized with the Yoast SEO plugin v27.4 - https:\/\/yoast.com\/product\/yoast-seo-wordpress\/ -->\n<title>Gwarancja zwrotu pieni\u0119dzy - Glassouse Assistive Device<\/title>\n<meta name=\"description\" content=\"Wypr\u00f3buj GlassOuse i seri\u0119 G-Switch przez 15 dni dzi\u0119ki programowi gwarancji zwrotu pieni\u0119dzy. Zam\u00f3w urz\u0105dzenie demonstracyjne w ci\u0105gu kilku minut.\" \/>\n<meta name=\"robots\" content=\"index, follow, max-snippet:-1, max-image-preview:large, max-video-preview:-1\" \/>\n<link rel=\"canonical\" href=\"https:\/\/glassouse.com\/pl\/gwarancja-zwrotu-pieniedzy\/\" \/>\n<meta property=\"og:locale\" content=\"pl_PL\" \/>\n<meta property=\"og:type\" content=\"article\" \/>\n<meta property=\"og:title\" content=\"Gwarancja zwrotu pieni\u0119dzy - Glassouse Assistive Device\" \/>\n<meta property=\"og:description\" content=\"Wypr\u00f3buj GlassOuse i seri\u0119 G-Switch przez 15 dni dzi\u0119ki programowi gwarancji zwrotu pieni\u0119dzy. Zam\u00f3w urz\u0105dzenie demonstracyjne w ci\u0105gu kilku minut.\" \/>\n<meta property=\"og:url\" content=\"https:\/\/glassouse.com\/pl\/gwarancja-zwrotu-pieniedzy\/\" \/>\n<meta property=\"og:site_name\" content=\"Glassouse Assistive Device\" \/>\n<meta property=\"article:publisher\" content=\"https:\/\/www.facebook.com\/glassouse\/\" \/>\n<meta property=\"article:modified_time\" content=\"2026-04-27T08:55:14+00:00\" \/>\n<meta property=\"og:image\" content=\"https:\/\/glassouse.com\/wp-content\/uploads\/2017\/11\/black.png\" \/>\n\t<meta property=\"og:image:width\" content=\"100\" \/>\n\t<meta property=\"og:image:height\" content=\"4\" \/>\n\t<meta property=\"og:image:type\" content=\"image\/png\" \/>\n<meta name=\"twitter:card\" content=\"summary_large_image\" \/>\n<meta name=\"twitter:site\" content=\"@glassouse\" \/>\n<meta name=\"twitter:label1\" content=\"Szacowany czas czytania\" \/>\n\t<meta name=\"twitter:data1\" content=\"3 minuty\" \/>\n<script type=\"application\/ld+json\" class=\"yoast-schema-graph\">{\"@context\":\"https:\\\/\\\/schema.org\",\"@graph\":[{\"@type\":\"WebPage\",\"@id\":\"https:\\\/\\\/glassouse.com\\\/pl\\\/gwarancja-zwrotu-pieniedzy\\\/\",\"url\":\"https:\\\/\\\/glassouse.com\\\/pl\\\/gwarancja-zwrotu-pieniedzy\\\/\",\"name\":\"Gwarancja zwrotu pieni\u0119dzy - Glassouse Assistive Device\",\"isPartOf\":{\"@id\":\"https:\\\/\\\/glassouse.com\\\/pl\\\/#website\"},\"primaryImageOfPage\":{\"@id\":\"https:\\\/\\\/glassouse.com\\\/pl\\\/gwarancja-zwrotu-pieniedzy\\\/#primaryimage\"},\"image\":{\"@id\":\"https:\\\/\\\/glassouse.com\\\/pl\\\/gwarancja-zwrotu-pieniedzy\\\/#primaryimage\"},\"thumbnailUrl\":\"https:\\\/\\\/glassouse.com\\\/wp-content\\\/uploads\\\/2017\\\/11\\\/black.png\",\"datePublished\":\"2018-04-09T04:47:45+00:00\",\"dateModified\":\"2026-04-27T08:55:14+00:00\",\"description\":\"Wypr\u00f3buj GlassOuse i seri\u0119 G-Switch przez 15 dni dzi\u0119ki programowi gwarancji zwrotu pieni\u0119dzy. Zam\u00f3w urz\u0105dzenie demonstracyjne w ci\u0105gu kilku minut.\",\"breadcrumb\":{\"@id\":\"https:\\\/\\\/glassouse.com\\\/pl\\\/gwarancja-zwrotu-pieniedzy\\\/#breadcrumb\"},\"inLanguage\":\"pl-PL\",\"potentialAction\":[{\"@type\":\"ReadAction\",\"target\":[\"https:\\\/\\\/glassouse.com\\\/pl\\\/gwarancja-zwrotu-pieniedzy\\\/\"]}]},{\"@type\":\"ImageObject\",\"inLanguage\":\"pl-PL\",\"@id\":\"https:\\\/\\\/glassouse.com\\\/pl\\\/gwarancja-zwrotu-pieniedzy\\\/#primaryimage\",\"url\":\"https:\\\/\\\/glassouse.com\\\/wp-content\\\/uploads\\\/2017\\\/11\\\/black.png\",\"contentUrl\":\"https:\\\/\\\/glassouse.com\\\/wp-content\\\/uploads\\\/2017\\\/11\\\/black.png\"},{\"@type\":\"BreadcrumbList\",\"@id\":\"https:\\\/\\\/glassouse.com\\\/pl\\\/gwarancja-zwrotu-pieniedzy\\\/#breadcrumb\",\"itemListElement\":[{\"@type\":\"ListItem\",\"position\":1,\"name\":\"Home\",\"item\":\"https:\\\/\\\/glassouse.com\\\/pl\\\/strona-glowna\\\/\"},{\"@type\":\"ListItem\",\"position\":2,\"name\":\"Gwarancja zwrotu pieni\u0119dzy\"}]},{\"@type\":\"WebSite\",\"@id\":\"https:\\\/\\\/glassouse.com\\\/pl\\\/#website\",\"url\":\"https:\\\/\\\/glassouse.com\\\/pl\\\/\",\"name\":\"Glassouse Assistive Device\",\"description\":\"Assistive Device and Switches for Disabled\",\"publisher\":{\"@id\":\"https:\\\/\\\/glassouse.com\\\/pl\\\/#organization\"},\"potentialAction\":[{\"@type\":\"SearchAction\",\"target\":{\"@type\":\"EntryPoint\",\"urlTemplate\":\"https:\\\/\\\/glassouse.com\\\/pl\\\/?s={search_term_string}\"},\"query-input\":{\"@type\":\"PropertyValueSpecification\",\"valueRequired\":true,\"valueName\":\"search_term_string\"}}],\"inLanguage\":\"pl-PL\"},{\"@type\":\"Organization\",\"@id\":\"https:\\\/\\\/glassouse.com\\\/pl\\\/#organization\",\"name\":\"GlassOuse Assistive Device\",\"url\":\"https:\\\/\\\/glassouse.com\\\/pl\\\/\",\"logo\":{\"@type\":\"ImageObject\",\"inLanguage\":\"pl-PL\",\"@id\":\"https:\\\/\\\/glassouse.com\\\/pl\\\/#\\\/schema\\\/logo\\\/image\\\/\",\"url\":\"https:\\\/\\\/glassouse.com\\\/wp-content\\\/uploads\\\/2017\\\/11\\\/logo.jpg\",\"contentUrl\":\"https:\\\/\\\/glassouse.com\\\/wp-content\\\/uploads\\\/2017\\\/11\\\/logo.jpg\",\"width\":500,\"height\":500,\"caption\":\"GlassOuse Assistive Device\"},\"image\":{\"@id\":\"https:\\\/\\\/glassouse.com\\\/pl\\\/#\\\/schema\\\/logo\\\/image\\\/\"},\"sameAs\":[\"https:\\\/\\\/www.facebook.com\\\/glassouse\\\/\",\"https:\\\/\\\/x.com\\\/glassouse\",\"https:\\\/\\\/www.instagram.com\\\/glassouseassistivedevice\\\/\",\"https:\\\/\\\/www.linkedin.com\\\/company\\\/glassouse\\\/\",\"https:\\\/\\\/www.youtube.com\\\/channel\\\/UCM5pebcmVXbu00QYd91_Gyw\"]}]}<\/script>\n<!-- \/ Yoast SEO plugin. -->","yoast_head_json":{"title":"Gwarancja zwrotu pieni\u0119dzy - Glassouse Assistive Device","description":"Wypr\u00f3buj GlassOuse i seri\u0119 G-Switch przez 15 dni dzi\u0119ki programowi gwarancji zwrotu pieni\u0119dzy. Zam\u00f3w urz\u0105dzenie demonstracyjne w ci\u0105gu kilku minut.","robots":{"index":"index","follow":"follow","max-snippet":"max-snippet:-1","max-image-preview":"max-image-preview:large","max-video-preview":"max-video-preview:-1"},"canonical":"https:\/\/glassouse.com\/pl\/gwarancja-zwrotu-pieniedzy\/","og_locale":"pl_PL","og_type":"article","og_title":"Gwarancja zwrotu pieni\u0119dzy - Glassouse Assistive Device","og_description":"Wypr\u00f3buj GlassOuse i seri\u0119 G-Switch przez 15 dni dzi\u0119ki programowi gwarancji zwrotu pieni\u0119dzy. Zam\u00f3w urz\u0105dzenie demonstracyjne w ci\u0105gu kilku minut.","og_url":"https:\/\/glassouse.com\/pl\/gwarancja-zwrotu-pieniedzy\/","og_site_name":"Glassouse Assistive Device","article_publisher":"https:\/\/www.facebook.com\/glassouse\/","article_modified_time":"2026-04-27T08:55:14+00:00","og_image":[{"width":100,"height":4,"url":"https:\/\/glassouse.com\/wp-content\/uploads\/2017\/11\/black.png","type":"image\/png"}],"twitter_card":"summary_large_image","twitter_site":"@glassouse","twitter_misc":{"Szacowany czas czytania":"3 minuty"},"schema":{"@context":"https:\/\/schema.org","@graph":[{"@type":"WebPage","@id":"https:\/\/glassouse.com\/pl\/gwarancja-zwrotu-pieniedzy\/","url":"https:\/\/glassouse.com\/pl\/gwarancja-zwrotu-pieniedzy\/","name":"Gwarancja zwrotu pieni\u0119dzy - Glassouse Assistive Device","isPartOf":{"@id":"https:\/\/glassouse.com\/pl\/#website"},"primaryImageOfPage":{"@id":"https:\/\/glassouse.com\/pl\/gwarancja-zwrotu-pieniedzy\/#primaryimage"},"image":{"@id":"https:\/\/glassouse.com\/pl\/gwarancja-zwrotu-pieniedzy\/#primaryimage"},"thumbnailUrl":"https:\/\/glassouse.com\/wp-content\/uploads\/2017\/11\/black.png","datePublished":"2018-04-09T04:47:45+00:00","dateModified":"2026-04-27T08:55:14+00:00","description":"Wypr\u00f3buj GlassOuse i seri\u0119 G-Switch przez 15 dni dzi\u0119ki programowi gwarancji zwrotu pieni\u0119dzy. Zam\u00f3w urz\u0105dzenie demonstracyjne w ci\u0105gu kilku minut.","breadcrumb":{"@id":"https:\/\/glassouse.com\/pl\/gwarancja-zwrotu-pieniedzy\/#breadcrumb"},"inLanguage":"pl-PL","potentialAction":[{"@type":"ReadAction","target":["https:\/\/glassouse.com\/pl\/gwarancja-zwrotu-pieniedzy\/"]}]},{"@type":"ImageObject","inLanguage":"pl-PL","@id":"https:\/\/glassouse.com\/pl\/gwarancja-zwrotu-pieniedzy\/#primaryimage","url":"https:\/\/glassouse.com\/wp-content\/uploads\/2017\/11\/black.png","contentUrl":"https:\/\/glassouse.com\/wp-content\/uploads\/2017\/11\/black.png"},{"@type":"BreadcrumbList","@id":"https:\/\/glassouse.com\/pl\/gwarancja-zwrotu-pieniedzy\/#breadcrumb","itemListElement":[{"@type":"ListItem","position":1,"name":"Home","item":"https:\/\/glassouse.com\/pl\/strona-glowna\/"},{"@type":"ListItem","position":2,"name":"Gwarancja zwrotu pieni\u0119dzy"}]},{"@type":"WebSite","@id":"https:\/\/glassouse.com\/pl\/#website","url":"https:\/\/glassouse.com\/pl\/","name":"Glassouse Assistive Device","description":"Assistive Device and Switches for Disabled","publisher":{"@id":"https:\/\/glassouse.com\/pl\/#organization"},"potentialAction":[{"@type":"SearchAction","target":{"@type":"EntryPoint","urlTemplate":"https:\/\/glassouse.com\/pl\/?s={search_term_string}"},"query-input":{"@type":"PropertyValueSpecification","valueRequired":true,"valueName":"search_term_string"}}],"inLanguage":"pl-PL"},{"@type":"Organization","@id":"https:\/\/glassouse.com\/pl\/#organization","name":"GlassOuse Assistive Device","url":"https:\/\/glassouse.com\/pl\/","logo":{"@type":"ImageObject","inLanguage":"pl-PL","@id":"https:\/\/glassouse.com\/pl\/#\/schema\/logo\/image\/","url":"https:\/\/glassouse.com\/wp-content\/uploads\/2017\/11\/logo.jpg","contentUrl":"https:\/\/glassouse.com\/wp-content\/uploads\/2017\/11\/logo.jpg","width":500,"height":500,"caption":"GlassOuse Assistive Device"},"image":{"@id":"https:\/\/glassouse.com\/pl\/#\/schema\/logo\/image\/"},"sameAs":["https:\/\/www.facebook.com\/glassouse\/","https:\/\/x.com\/glassouse","https:\/\/www.instagram.com\/glassouseassistivedevice\/","https:\/\/www.linkedin.com\/company\/glassouse\/","https:\/\/www.youtube.com\/channel\/UCM5pebcmVXbu00QYd91_Gyw"]}]}},"_links":{"self":[{"href":"https:\/\/glassouse.com\/pl\/wp-json\/wp\/v2\/pages\/26896","targetHints":{"allow":["GET"]}}],"collection":[{"href":"https:\/\/glassouse.com\/pl\/wp-json\/wp\/v2\/pages"}],"about":[{"href":"https:\/\/glassouse.com\/pl\/wp-json\/wp\/v2\/types\/page"}],"author":[{"embeddable":true,"href":"https:\/\/glassouse.com\/pl\/wp-json\/wp\/v2\/users\/1"}],"replies":[{"embeddable":true,"href":"https:\/\/glassouse.com\/pl\/wp-json\/wp\/v2\/comments?post=26896"}],"version-history":[{"count":5,"href":"https:\/\/glassouse.com\/pl\/wp-json\/wp\/v2\/pages\/26896\/revisions"}],"predecessor-version":[{"id":26946,"href":"https:\/\/glassouse.com\/pl\/wp-json\/wp\/v2\/pages\/26896\/revisions\/26946"}],"wp:attachment":[{"href":"https:\/\/glassouse.com\/pl\/wp-json\/wp\/v2\/media?parent=26896"}],"curies":[{"name":"wp","href":"https:\/\/api.w.org\/{rel}","templated":true}]}}