{"id":29391,"date":"2022-06-07T11:14:18","date_gmt":"2022-06-07T03:14:18","guid":{"rendered":"https:\/\/glassouse.com\/o-nas\/"},"modified":"2026-04-27T16:56:17","modified_gmt":"2026-04-27T08:56:17","slug":"o-nas","status":"publish","type":"page","link":"https:\/\/glassouse.com\/pl\/o-nas\/","title":{"rendered":"O nas"},"content":{"rendered":"<div class=\"wpb-content-wrapper\"><p>[vc_row unlock_row_content=&#8221;yes&#8221; row_height_percent=&#8221;0&#8243; override_padding=&#8221;yes&#8221; h_padding=&#8221;0&#8243; top_padding=&#8221;0&#8243; bottom_padding=&#8221;0&#8243; overlay_alpha=&#8221;50&#8243; gutter_size=&#8221;0&#8243; column_width_percent=&#8221;100&#8243; shift_y=&#8221;0&#8243; z_index=&#8221;0&#8243; uncode_shortcode_id=&#8221;113570&#8243; row_height_pixel=&#8221;500&#8243; css=&#8221;.vc_custom_1657234076761{padding-right: 0px !important;padding-left: 0px !important;}&#8221;][vc_column column_width_percent=&#8221;100&#8243; position_vertical=&#8221;middle&#8221; align_horizontal=&#8221;align_center&#8221; gutter_size=&#8221;3&#8243; overlay_alpha=&#8221;50&#8243; shift_x=&#8221;0&#8243; shift_y=&#8221;0&#8243; shift_y_down=&#8221;0&#8243; z_index=&#8221;0&#8243; medium_width=&#8221;0&#8243; mobile_width=&#8221;0&#8243; width=&#8221;1\/1&#8243; uncode_shortcode_id=&#8221;109151&#8243;][vc_single_image media=&#8221;29399&#8243; media_width_use_pixel=&#8221;yes&#8221; alignment=&#8221;center&#8221; uncode_shortcode_id=&#8221;736981&#8243; el_class=&#8221;w-auto about_us_banenr&#8221;][\/vc_column][\/vc_row][vc_row row_height_percent=&#8221;0&#8243; override_padding=&#8221;yes&#8221; h_padding=&#8221;0&#8243; top_padding=&#8221;3&#8243; bottom_padding=&#8221;3&#8243; overlay_alpha=&#8221;50&#8243; gutter_size=&#8221;3&#8243; column_width_percent=&#8221;100&#8243; shift_y=&#8221;0&#8243; z_index=&#8221;0&#8243; uncode_shortcode_id=&#8221;183118&#8243;][vc_column][vc_custom_heading heading_semantic=&#8221;h1&#8243; text_weight=&#8221;700&#8243; uncode_shortcode_id=&#8221;122096&#8243;]<span style=\"color: #43b8db;\">Informacje o <\/span>urz\u0105dzeniu wspomagaj\u0105cym GlassOuse[\/vc_custom_heading][vc_separator sep_color=&#8221;color-vyce&#8221; icon_position=&#8221;left&#8221; el_height=&#8221;5px&#8221; uncode_shortcode_id=&#8221;727187&#8243; sep_color_type=&#8221;uncode-palette&#8221; el_width=&#8221;50px&#8221; el_class=&#8221;c-divider&#8221;][vc_column_text text_lead=&#8221;yes&#8221; uncode_shortcode_id=&#8221;157375&#8243;]Za\u0142o\u017cona w 2016 roku firma GlassOuse Assistive Device projektuje i rozwija technologie pomagaj\u0105ce osobom z niepe\u0142nosprawno\u015bci\u0105 fizyczn\u0105 i ograniczon\u0105 mobilno\u015bci\u0105 w dost\u0119pie do podstawowych technologii, tak jak wszyscy inni.<\/p>\n<p>&#8222;W jaki spos\u00f3b osoba niepe\u0142nosprawna bez ko\u0144czyn lub problem\u00f3w z poruszaniem si\u0119 mo\u017ce obs\u0142ugiwa\u0107 swoje smartfony, tablety i komputery?&#8221; &#8211; to by\u0142o jedno z pyta\u0144, przed kt\u00f3rym stan\u0105\u0142 nasz za\u0142o\u017cyciel i CEO &#8211; Mehmet Turker na pocz\u0105tku 2016 roku, kiedy stan\u0105\u0142 przed tym dylematem. Bliski przyjaciel Nemo, Caner Cem Marti, 20-letni poszukiwacz przyg\u00f3d, dozna\u0142 powa\u017cnego urazu podczas nurkowania g\u0142\u0119binowego, kt\u00f3ry spowodowa\u0142 parali\u017c ca\u0142ego cia\u0142a poni\u017cej g\u0142owy. Wypadek ten na zawsze zmieni\u0142 \u017cycie Canera. Nemo chcia\u0142 wi\u0119c stworzy\u0107 urz\u0105dzenie dla swojego przyjaciela, kt\u00f3re umo\u017cliwi\u0142oby mu korzystanie z telefonu i komputera, tak jak wszyscy inni.   <\/p>\n<p>Nast\u0119pnie zaprojektowa\u0142 GlassOuse V1.1 &#8211; bezprzewodow\u0105 mysz na g\u0142ow\u0119, kt\u00f3ra pozwoli\u0142aby Canerowi korzysta\u0107 z telefon\u00f3w kom\u00f3rkowych i komputer\u00f3w po prostu poprzez ruchy g\u0142owy i klikni\u0119cie. Urz\u0105dzenie to zosta\u0142o p\u00f3\u017aniej uruchomione na Indiegogo, gdzie by\u0142o chwalone i doceniane na ca\u0142ym \u015bwiecie. <\/p>\n<p>Od tego czasu nasz zesp\u00f3\u0142 ekspert\u00f3w, korzystaj\u0105c z pomocnych opinii naszej globalnej spo\u0142eczno\u015bci u\u017cytkownik\u00f3w, opracowa\u0142 r\u00f3\u017cne urz\u0105dzenia wspomagaj\u0105ce, takie jak <strong>GlassOuse V1.4, GlassOuse PRO, G-Switches, Adaptive Toys<\/strong> i inne, aby umo\u017cliwi\u0107 ka\u017cdemu bardziej niezale\u017cny dost\u0119p do technologii.<\/p>\n<p><strong style=\"color: #43b8db;\">#w\u0142\u0105czenie<\/strong> <strong style=\"color: #43b8db;\">#technology4all<\/strong><\/p>\n<p>GlassOuse Assistive Device (Marka) jest w ca\u0142o\u015bci w\u0142asno\u015bci\u0105 i jest zarz\u0105dzana przez<strong> Ennopro Group Limited<\/strong> (Organizacja macierzysta)[\/vc_column_text][\/vc_column][\/vc_row]<\/p>\n<\/div>","protected":false},"excerpt":{"rendered":"<p>[vc_row unlock_row_content=&#8221;yes&#8221; row_height_percent=&#8221;0&#8243; override_padding=&#8221;yes&#8221; h_padding=&#8221;0&#8243; top_padding=&#8221;0&#8243; bottom_padding=&#8221;0&#8243; overlay_alpha=&#8221;50&#8243; gutter_size=&#8221;0&#8243; column_width_percent=&#8221;100&#8243; shift_y=&#8221;0&#8243; z_index=&#8221;0&#8243; uncode_shortcode_id=&#8221;113570&#8243; row_height_pixel=&#8221;500&#8243; css=&#8221;.vc_custom_1657234076761{padding-right: 0px !important;padding-left: 0px !important;}&#8221;][vc_column column_width_percent=&#8221;100&#8243; [&hellip;]<\/p>\n","protected":false},"author":1,"featured_media":0,"parent":0,"menu_order":6,"comment_status":"closed","ping_status":"closed","template":"","meta":{"_acf_changed":false,"footnotes":""},"class_list":["post-29391","page","type-page","status-publish","hentry"],"acf":[],"yoast_head":"<!-- This site is optimized with the Yoast SEO plugin v27.4 - https:\/\/yoast.com\/product\/yoast-seo-wordpress\/ -->\n<title>O nas - urz\u0105dzenie wspomagaj\u0105ce GlassOuse<\/title>\n<meta name=\"description\" content=\"Za\u0142o\u017cona w 2016 roku firma GlassOuse Assistive Device projektuje i rozwija technologie pomagaj\u0105ce osobom z niepe\u0142nosprawno\u015bci\u0105 fizyczn\u0105 i ograniczon\u0105 mobilno\u015bci\u0105 w dost\u0119pie do podstawowych technologii, jak ka\u017cdy inny.\" \/>\n<meta name=\"robots\" content=\"index, follow, max-snippet:-1, max-image-preview:large, max-video-preview:-1\" \/>\n<link rel=\"canonical\" href=\"https:\/\/glassouse.com\/pl\/o-nas\/\" \/>\n<meta property=\"og:locale\" content=\"pl_PL\" \/>\n<meta property=\"og:type\" content=\"article\" \/>\n<meta property=\"og:title\" content=\"O nas - urz\u0105dzenie wspomagaj\u0105ce GlassOuse\" \/>\n<meta property=\"og:description\" content=\"Za\u0142o\u017cona w 2016 roku firma GlassOuse Assistive Device projektuje i rozwija technologie pomagaj\u0105ce osobom z niepe\u0142nosprawno\u015bci\u0105 fizyczn\u0105 i ograniczon\u0105 mobilno\u015bci\u0105 w dost\u0119pie do podstawowych technologii, jak ka\u017cdy inny.\" \/>\n<meta property=\"og:url\" content=\"https:\/\/glassouse.com\/pl\/o-nas\/\" \/>\n<meta property=\"og:site_name\" content=\"Glassouse Assistive Device\" \/>\n<meta property=\"article:publisher\" content=\"https:\/\/www.facebook.com\/glassouse\/\" \/>\n<meta property=\"article:modified_time\" content=\"2026-04-27T08:56:17+00:00\" \/>\n<meta name=\"twitter:card\" content=\"summary_large_image\" \/>\n<meta name=\"twitter:site\" content=\"@glassouse\" \/>\n<meta name=\"twitter:label1\" content=\"Szacowany czas czytania\" \/>\n\t<meta name=\"twitter:data1\" content=\"2 minuty\" \/>\n<script type=\"application\/ld+json\" class=\"yoast-schema-graph\">{\"@context\":\"https:\\\/\\\/schema.org\",\"@graph\":[{\"@type\":\"WebPage\",\"@id\":\"https:\\\/\\\/glassouse.com\\\/pl\\\/o-nas\\\/\",\"url\":\"https:\\\/\\\/glassouse.com\\\/pl\\\/o-nas\\\/\",\"name\":\"O nas - urz\u0105dzenie wspomagaj\u0105ce GlassOuse\",\"isPartOf\":{\"@id\":\"https:\\\/\\\/glassouse.com\\\/pl\\\/#website\"},\"datePublished\":\"2022-06-07T03:14:18+00:00\",\"dateModified\":\"2026-04-27T08:56:17+00:00\",\"description\":\"Za\u0142o\u017cona w 2016 roku firma GlassOuse Assistive Device projektuje i rozwija technologie pomagaj\u0105ce osobom z niepe\u0142nosprawno\u015bci\u0105 fizyczn\u0105 i ograniczon\u0105 mobilno\u015bci\u0105 w dost\u0119pie do podstawowych technologii, jak ka\u017cdy inny.\",\"breadcrumb\":{\"@id\":\"https:\\\/\\\/glassouse.com\\\/pl\\\/o-nas\\\/#breadcrumb\"},\"inLanguage\":\"pl-PL\",\"potentialAction\":[{\"@type\":\"ReadAction\",\"target\":[\"https:\\\/\\\/glassouse.com\\\/pl\\\/o-nas\\\/\"]}]},{\"@type\":\"BreadcrumbList\",\"@id\":\"https:\\\/\\\/glassouse.com\\\/pl\\\/o-nas\\\/#breadcrumb\",\"itemListElement\":[{\"@type\":\"ListItem\",\"position\":1,\"name\":\"Home\",\"item\":\"https:\\\/\\\/glassouse.com\\\/pl\\\/strona-glowna\\\/\"},{\"@type\":\"ListItem\",\"position\":2,\"name\":\"O nas\"}]},{\"@type\":\"WebSite\",\"@id\":\"https:\\\/\\\/glassouse.com\\\/pl\\\/#website\",\"url\":\"https:\\\/\\\/glassouse.com\\\/pl\\\/\",\"name\":\"Glassouse Assistive Device\",\"description\":\"Assistive Device and Switches for Disabled\",\"publisher\":{\"@id\":\"https:\\\/\\\/glassouse.com\\\/pl\\\/#organization\"},\"potentialAction\":[{\"@type\":\"SearchAction\",\"target\":{\"@type\":\"EntryPoint\",\"urlTemplate\":\"https:\\\/\\\/glassouse.com\\\/pl\\\/?s={search_term_string}\"},\"query-input\":{\"@type\":\"PropertyValueSpecification\",\"valueRequired\":true,\"valueName\":\"search_term_string\"}}],\"inLanguage\":\"pl-PL\"},{\"@type\":\"Organization\",\"@id\":\"https:\\\/\\\/glassouse.com\\\/pl\\\/#organization\",\"name\":\"GlassOuse Assistive Device\",\"url\":\"https:\\\/\\\/glassouse.com\\\/pl\\\/\",\"logo\":{\"@type\":\"ImageObject\",\"inLanguage\":\"pl-PL\",\"@id\":\"https:\\\/\\\/glassouse.com\\\/pl\\\/#\\\/schema\\\/logo\\\/image\\\/\",\"url\":\"https:\\\/\\\/glassouse.com\\\/wp-content\\\/uploads\\\/2017\\\/11\\\/logo.jpg\",\"contentUrl\":\"https:\\\/\\\/glassouse.com\\\/wp-content\\\/uploads\\\/2017\\\/11\\\/logo.jpg\",\"width\":500,\"height\":500,\"caption\":\"GlassOuse Assistive Device\"},\"image\":{\"@id\":\"https:\\\/\\\/glassouse.com\\\/pl\\\/#\\\/schema\\\/logo\\\/image\\\/\"},\"sameAs\":[\"https:\\\/\\\/www.facebook.com\\\/glassouse\\\/\",\"https:\\\/\\\/x.com\\\/glassouse\",\"https:\\\/\\\/www.instagram.com\\\/glassouseassistivedevice\\\/\",\"https:\\\/\\\/www.linkedin.com\\\/company\\\/glassouse\\\/\",\"https:\\\/\\\/www.youtube.com\\\/channel\\\/UCM5pebcmVXbu00QYd91_Gyw\"]}]}<\/script>\n<!-- \/ Yoast SEO plugin. -->","yoast_head_json":{"title":"O nas - urz\u0105dzenie wspomagaj\u0105ce GlassOuse","description":"Za\u0142o\u017cona w 2016 roku firma GlassOuse Assistive Device projektuje i rozwija technologie pomagaj\u0105ce osobom z niepe\u0142nosprawno\u015bci\u0105 fizyczn\u0105 i ograniczon\u0105 mobilno\u015bci\u0105 w dost\u0119pie do podstawowych technologii, jak ka\u017cdy inny.","robots":{"index":"index","follow":"follow","max-snippet":"max-snippet:-1","max-image-preview":"max-image-preview:large","max-video-preview":"max-video-preview:-1"},"canonical":"https:\/\/glassouse.com\/pl\/o-nas\/","og_locale":"pl_PL","og_type":"article","og_title":"O nas - urz\u0105dzenie wspomagaj\u0105ce GlassOuse","og_description":"Za\u0142o\u017cona w 2016 roku firma GlassOuse Assistive Device projektuje i rozwija technologie pomagaj\u0105ce osobom z niepe\u0142nosprawno\u015bci\u0105 fizyczn\u0105 i ograniczon\u0105 mobilno\u015bci\u0105 w dost\u0119pie do podstawowych technologii, jak ka\u017cdy inny.","og_url":"https:\/\/glassouse.com\/pl\/o-nas\/","og_site_name":"Glassouse Assistive Device","article_publisher":"https:\/\/www.facebook.com\/glassouse\/","article_modified_time":"2026-04-27T08:56:17+00:00","twitter_card":"summary_large_image","twitter_site":"@glassouse","twitter_misc":{"Szacowany czas czytania":"2 minuty"},"schema":{"@context":"https:\/\/schema.org","@graph":[{"@type":"WebPage","@id":"https:\/\/glassouse.com\/pl\/o-nas\/","url":"https:\/\/glassouse.com\/pl\/o-nas\/","name":"O nas - urz\u0105dzenie wspomagaj\u0105ce GlassOuse","isPartOf":{"@id":"https:\/\/glassouse.com\/pl\/#website"},"datePublished":"2022-06-07T03:14:18+00:00","dateModified":"2026-04-27T08:56:17+00:00","description":"Za\u0142o\u017cona w 2016 roku firma GlassOuse Assistive Device projektuje i rozwija technologie pomagaj\u0105ce osobom z niepe\u0142nosprawno\u015bci\u0105 fizyczn\u0105 i ograniczon\u0105 mobilno\u015bci\u0105 w dost\u0119pie do podstawowych technologii, jak ka\u017cdy inny.","breadcrumb":{"@id":"https:\/\/glassouse.com\/pl\/o-nas\/#breadcrumb"},"inLanguage":"pl-PL","potentialAction":[{"@type":"ReadAction","target":["https:\/\/glassouse.com\/pl\/o-nas\/"]}]},{"@type":"BreadcrumbList","@id":"https:\/\/glassouse.com\/pl\/o-nas\/#breadcrumb","itemListElement":[{"@type":"ListItem","position":1,"name":"Home","item":"https:\/\/glassouse.com\/pl\/strona-glowna\/"},{"@type":"ListItem","position":2,"name":"O nas"}]},{"@type":"WebSite","@id":"https:\/\/glassouse.com\/pl\/#website","url":"https:\/\/glassouse.com\/pl\/","name":"Glassouse Assistive Device","description":"Assistive Device and Switches for Disabled","publisher":{"@id":"https:\/\/glassouse.com\/pl\/#organization"},"potentialAction":[{"@type":"SearchAction","target":{"@type":"EntryPoint","urlTemplate":"https:\/\/glassouse.com\/pl\/?s={search_term_string}"},"query-input":{"@type":"PropertyValueSpecification","valueRequired":true,"valueName":"search_term_string"}}],"inLanguage":"pl-PL"},{"@type":"Organization","@id":"https:\/\/glassouse.com\/pl\/#organization","name":"GlassOuse Assistive Device","url":"https:\/\/glassouse.com\/pl\/","logo":{"@type":"ImageObject","inLanguage":"pl-PL","@id":"https:\/\/glassouse.com\/pl\/#\/schema\/logo\/image\/","url":"https:\/\/glassouse.com\/wp-content\/uploads\/2017\/11\/logo.jpg","contentUrl":"https:\/\/glassouse.com\/wp-content\/uploads\/2017\/11\/logo.jpg","width":500,"height":500,"caption":"GlassOuse Assistive Device"},"image":{"@id":"https:\/\/glassouse.com\/pl\/#\/schema\/logo\/image\/"},"sameAs":["https:\/\/www.facebook.com\/glassouse\/","https:\/\/x.com\/glassouse","https:\/\/www.instagram.com\/glassouseassistivedevice\/","https:\/\/www.linkedin.com\/company\/glassouse\/","https:\/\/www.youtube.com\/channel\/UCM5pebcmVXbu00QYd91_Gyw"]}]}},"_links":{"self":[{"href":"https:\/\/glassouse.com\/pl\/wp-json\/wp\/v2\/pages\/29391","targetHints":{"allow":["GET"]}}],"collection":[{"href":"https:\/\/glassouse.com\/pl\/wp-json\/wp\/v2\/pages"}],"about":[{"href":"https:\/\/glassouse.com\/pl\/wp-json\/wp\/v2\/types\/page"}],"author":[{"embeddable":true,"href":"https:\/\/glassouse.com\/pl\/wp-json\/wp\/v2\/users\/1"}],"replies":[{"embeddable":true,"href":"https:\/\/glassouse.com\/pl\/wp-json\/wp\/v2\/comments?post=29391"}],"version-history":[{"count":5,"href":"https:\/\/glassouse.com\/pl\/wp-json\/wp\/v2\/pages\/29391\/revisions"}],"predecessor-version":[{"id":29441,"href":"https:\/\/glassouse.com\/pl\/wp-json\/wp\/v2\/pages\/29391\/revisions\/29441"}],"wp:attachment":[{"href":"https:\/\/glassouse.com\/pl\/wp-json\/wp\/v2\/media?parent=29391"}],"curies":[{"name":"wp","href":"https:\/\/api.w.org\/{rel}","templated":true}]}}