{"id":21003,"date":"2026-04-30T02:22:41","date_gmt":"2026-04-29T18:22:41","guid":{"rendered":"https:\/\/glassouse.com\/?post_type=product&#038;p=21003"},"modified":"2026-04-30T02:22:41","modified_gmt":"2026-04-29T18:22:41","slug":"glassouse-muscle-switch","status":"publish","type":"product","link":"https:\/\/glassouse.com\/pl\/produkt\/glassouse-muscle-switch\/","title":{"rendered":"GS13 GlassOuse Prze\u0142\u0105cznik mi\u0119\u015bniowy"},"content":{"rendered":"<div class=\"wpb-content-wrapper\"><div data-parent=\"true\" class=\"vc_row compact_section vc_custom_1699886063694 row-container\" style=\"padding-top: 15px ;padding-right: 0px ;padding-left: 0px ;\" id=\"row-unique-0\"><div class=\"row unequal col-no-gutter no-top-padding no-bottom-padding no-h-padding full-width row-parent\"><div class=\"wpb_row row-inner\"><div class=\"wpb_column pos-middle pos-left align_left column_parent col-lg-12 content_column bg_right_top no-internal-gutter\"><div class=\"uncol style-light\"  ><div class=\"uncoltable\"><div class=\"uncell  vc_custom_1714661650756 no-block-padding\" style=\"padding-top: 160px ;padding-right: 0px ;padding-bottom: 160px ;padding-left: 50px ;\" ><div class=\"column-background background-element\">\n\t\t\t\t\t\t\t\t\t\t\t<div class=\"background-wrapper\">\n\t\t\t\t\t\t\t\t\t\t\t\t<div class=\"background-inner\" style=\"background-image: url(https:\/\/glassouse.com\/wp-content\/uploads\/2024\/05\/flex-click-img-03.png);background-repeat: no-repeat;background-position: center center;background-size: cover;\" data-o_src=\"https:\/\/glassouse.com\/wp-content\/uploads\/2024\/05\/flex-click-img-03.png\"><\/div>\n\t\t\t\t\t\t\t\t\t\t\t\t\n\t\t\t\t\t\t\t\t\t\t\t<\/div>\n\t\t\t\t\t\t\t\t\t\t<\/div><div class=\"uncont\" ><div class=\"vc_row limit-width vc_custom_1699885489765 row-internal row-container\" style=\"padding-right: 0px ;padding-left: 0px ;\"><div class=\"row col-no-gutter row-child\"><div class=\"wpb_row row-inner row-inner-force\"><div class=\"wpb_column pos-middle pos-left align_left column_child col-lg-6 no-internal-gutter\"><div class=\"uncol style-light\" ><div class=\"uncoltable\"><div class=\"uncell  vc_custom_1699830045690 no-block-padding\" style=\"padding-right: 2% ;padding-left: 0px ;\" ><div class=\"uncont\" ><div class=\"vc_custom_heading_wrap lh-1\"><div class=\"heading-text el-text\" ><h2 class=\"h3 font-weight-600 text-color-jevc-color\" ><span><strong style=\"font-weight: bold;\">Flex &amp; Click:<br \/><\/span><span><\/strong>Control Devices At Ease<br \/><\/span><span>With Every Muscle Flex<\/span><\/h2><\/div><div class=\"clear\"><\/div><\/div><div class=\"divider-wrapper c-divider\"  >\n    <hr class=\"unseparator border-sep_color-162390-color separator-no-padding\"  style=\"width: 40px;border-top-width: 5px;\" \/>\n<\/div>\n<\/div><\/div><\/div><\/div><\/div><div class=\"wpb_column pos-top pos-center align_left column_child col-lg-6 single-internal-gutter\"><div class=\"uncol style-light\" ><div class=\"uncoltable\"><div class=\"uncell no-block-padding\" ><div class=\"uncont\" ><\/div><\/div><\/div><\/div><\/div><\/div><\/div><\/div><\/div><\/div><\/div><\/div><\/div><script id=\"script-row-unique-0\" data-row=\"script-row-unique-0\" type=\"text\/javascript\" class=\"vc_controls\">UNCODE.initRow(document.getElementById(\"row-unique-0\"));<\/script><\/div><\/div><\/div><div data-parent=\"true\" class=\"vc_row vc_custom_1699887163315 row-container\" style=\"padding-top: 50px ;\" id=\"row-unique-1\"><div class=\"row limit-width row-parent\"><div class=\"wpb_row row-inner\"><div class=\"wpb_column pos-top pos-center align_center column_parent col-lg-12 single-internal-gutter\"><div class=\"uncol style-light\"  ><div class=\"uncoltable\"><div class=\"uncell no-block-padding\" ><div class=\"uncont\" ><div class=\"vc_custom_heading_wrap\"><div class=\"heading-text el-text\" ><h2 class=\"h3 lh-n font-weight-700 text-color-jevc-color\" ><span>Muscle Switch<\/span><\/h2><\/div><div class=\"clear\"><\/div><\/div><div class=\"vc_custom_heading_wrap mt-0 pt-10\"><div class=\"heading-text el-text\" ><p class=\"lh-n font-weight-500 text-color-jevc-color\" ><span>Compatible With<\/span><\/p><\/div><div class=\"clear\"><\/div><\/div><div class=\"vc_row icon_boxs_wrap vc_custom_1699887284713 row-internal row-container\" style=\"margin-top: 50px ;padding-bottom: 0px ;\"><div class=\"row row-child\"><div class=\"wpb_row row-inner\"><div class=\"wpb_column pos-top pos-center align_center column_child col-lg-12 half-internal-gutter\"><div class=\"uncol style-light\" ><div class=\"uncoltable\"><div class=\"uncell no-block-padding\" ><div class=\"uncont\" ><div class=\"icon-box icon-box-top  icon-inline icon-media-image\" ><div class=\"icon-box-icon fa-container\" style=\"width:300px;\" ><span class=\"text-default-color btn-disable-hover\"><img decoding=\"async\" class=\"\" src=\"https:\/\/glassouse.com\/wp-content\/uploads\/2024\/05\/GlassOuse-PRO-Link-support-img.png\" width=\"1000\" height=\"1000\" alt=\"GlassOuse-PRO-Link-support-img\"  \/><\/span><\/div><div class=\"icon-box-content\"><div class=\"icon-box-heading icon-box-fa-1x\"><h3 class=\"h4 font-weight-500 lh-n\">GlassOuse PRO\/Link<\/h3><\/div><\/div><\/div><div class=\"icon-box icon-box-top  icon-inline icon-media-image\" ><div class=\"icon-box-icon fa-container\" style=\"width:300px;\" ><span class=\"text-default-color btn-disable-hover\"><img decoding=\"async\" class=\"\" src=\"https:\/\/glassouse.com\/wp-content\/uploads\/2024\/05\/GlassOuse-v.14-img.png\" width=\"1000\" height=\"1000\" alt=\"GlassOuse-v.14\"  \/><\/span><\/div><div class=\"icon-box-content\"><div class=\"icon-box-heading icon-box-fa-1x\"><h3 class=\"h4 font-weight-500 lh-n\">GlassOuse 1.4<\/h3><\/div><\/div><\/div><\/div><\/div><\/div><\/div><\/div><\/div><\/div><\/div><\/div><\/div><\/div><\/div><\/div><script id=\"script-row-unique-1\" data-row=\"script-row-unique-1\" type=\"text\/javascript\" class=\"vc_controls\">UNCODE.initRow(document.getElementById(\"row-unique-1\"));<\/script><\/div><\/div><\/div><div data-parent=\"true\" class=\"vc_row vc_custom_1699889376802 row-container\" style=\"padding-top: 10px ;\" id=\"row-unique-2\"><div class=\"row no-top-padding double-bottom-padding no-h-padding limit-width row-parent\"><div class=\"wpb_row row-inner\"><div class=\"wpb_column pos-top pos-center align_left column_parent col-lg-12 single-internal-gutter\"><div class=\"uncol style-light\"  ><div class=\"uncoltable\"><div class=\"uncell\" ><div class=\"uncont no-block-padding col-custom-width\" style=\" max-width:65%;\" ><div class=\"icon-box icon-box-left  video_box icon-media-image\" ><div class=\"icon-box-icon fa-container\" style=\"width:50px;margin-bottom: 0px;\" ><a role=\"button\" href=\"https:\/\/glassouse.com\/wp-content\/uploads\/2024\/05\/GS13-Muscle-switch-intro-video-1.mp4\" data-lbox=\"ilightbox_single-140892\" data-options=\"width:1920,height:1080,html5video:{preload:&#039;true&#039;,},\" data-active=\"1\" class=\"text-color-xsdn-color custom-link\"><img decoding=\"async\" class=\"\" src=\"https:\/\/glassouse.com\/wp-content\/uploads\/2024\/05\/Video-Cover-img.png\" width=\"1920\" height=\"1080\" alt=\"Video-Cover\"  \/><\/a><\/div><\/div><div class=\"uncode_text_column\" ><\/p>\n<p style=\"text-align: justify;\"><strong>Introducing the GlassOuse Muscle Switch,<\/strong> a groundbreaking assistive switch that revolutionizes digital interaction with effortless muscle movements.<\/p>\n<p style=\"text-align: justify;\"><strong>The Muscle Switch features cutting-edge sensors that effortlessly detect muscle movements,<\/strong> translating them into seamless clicks on your digital devices. Compact yet highly sensitive, it offers unparalleled precision in navigating the digital realm.<\/p>\n<p style=\"text-align: justify;\"><strong>Featuring versatile connectivity options,<\/strong> including three lengths of straps, the Muscle Switch can be easily positioned on areas of significant muscle movement, such as the wrist, palm, forearm, upper arm, ankle, calf, etc..<\/p>\n<p>\n<\/div><div class=\"uncode-single-media c_gallery text-center\"><div class=\"single-wrapper\" style=\"max-width: 100%;\"><div class=\"tmb tmb-light  tmb-media-first tmb-media-last tmb-content-overlay tmb-no-bg tmb-lightbox\"><div class=\"t-inside\"><div class=\"t-entry-visual\"><div class=\"t-entry-visual-tc\"><div class=\"uncode-single-media-wrapper\"><div class=\"dummy\" style=\"padding-top: 44.6%;\"><\/div><a href=\"https:\/\/glassouse.com\/wp-content\/uploads\/2024\/05\/GS13-muscle-switch-images-gallery-2.png\" class=\"pushed\" data-active=\"1\" data-lbox=\"ilightbox_single-21172\" data-options=\"width:2500,height:1116,thumbnail: 'https:\/\/glassouse.com\/wp-content\/uploads\/2024\/05\/GS13-muscle-switch-images-gallery-2-300x134.png'\"><img decoding=\"async\" class=\"wp-image-21172\" src=\"https:\/\/glassouse.com\/wp-content\/uploads\/2024\/05\/GS13-muscle-switch-images-gallery-2.png\" width=\"2500\" height=\"1116\" alt=\"GS13-muscle-switch-images-gallery\" srcset=\"https:\/\/glassouse.com\/wp-content\/uploads\/2024\/05\/GS13-muscle-switch-images-gallery-2.png 2500w, https:\/\/glassouse.com\/wp-content\/uploads\/2024\/05\/GS13-muscle-switch-images-gallery-2-300x134.png 300w, https:\/\/glassouse.com\/wp-content\/uploads\/2024\/05\/GS13-muscle-switch-images-gallery-2-1024x457.png 1024w, https:\/\/glassouse.com\/wp-content\/uploads\/2024\/05\/GS13-muscle-switch-images-gallery-2-768x343.png 768w, https:\/\/glassouse.com\/wp-content\/uploads\/2024\/05\/GS13-muscle-switch-images-gallery-2-1536x686.png 1536w, https:\/\/glassouse.com\/wp-content\/uploads\/2024\/05\/GS13-muscle-switch-images-gallery-2-2048x914.png 2048w, https:\/\/glassouse.com\/wp-content\/uploads\/2024\/05\/GS13-muscle-switch-images-gallery-2-350x156.png 350w\" sizes=\"(max-width: 2500px) 100vw, 2500px\" \/><\/a><\/div>\n\t\t\t\t\t<\/div>\n\t\t\t\t<\/div><\/div><\/div><\/div><\/div><div class=\"uncode_text_column\" ><\/p>\n<p style=\"text-align: justify;\"><strong>Customization is key, and the Muscle Switch boasts adjustable sensitivity settings,<\/strong> to accommodate the amplitude of your muscle movements.<\/p>\n<p style=\"text-align: justify;\"><strong>Experience newfound freedom<\/strong> as the Muscle Switch empowers individuals with limited mobility to effortlessly navigate applications, browse the internet, and engage with software. Its intuitive design and dependable performance offer a seamless and accessible way to interact with digital devices.<\/p>\n<p>Explore our website for comprehensive information and support on the GlassOuse Muscle Switch and discover how this revolutionary device can enhance accessibility for you or your loved ones. Unlock a world of possibilities with GlassOuse Muscle Switch.<\/p>\n<\/div><\/div><\/div><\/div><\/div><\/div><script id=\"script-row-unique-2\" data-row=\"script-row-unique-2\" type=\"text\/javascript\" class=\"vc_controls\">UNCODE.initRow(document.getElementById(\"row-unique-2\"));<\/script><\/div><\/div><\/div>\n<\/div>","protected":false},"excerpt":{"rendered":"Flex &amp; Click:Control Devices At EaseWith Every Muscle Flex Muscle SwitchCompatible WithGlassOuse PRO\/LinkGlassOuse 1.4Introducing the GlassOuse Muscle Switch, a groundbreaking [...]","protected":false},"featured_media":21941,"template":"","meta":{"_acf_changed":false},"product_brand":[],"product_cat":[25],"product_tag":[],"class_list":{"0":"post-21003","1":"product","2":"type-product","3":"status-publish","4":"has-post-thumbnail","6":"product_cat-g-switches_adaptive-switches","8":"first","9":"instock","10":"shipping-taxable","11":"purchasable","12":"product-type-simple"},"acf":[],"yoast_head":"<!-- This site is optimized with the Yoast SEO plugin v27.5 - https:\/\/yoast.com\/product\/yoast-seo-wordpress\/ -->\n<title>Muscle Switch - Assistive Device for Physical Disability<\/title>\n<meta name=\"description\" content=\"Muscle Switch Assistive Device - compatible with GlassOuse Pro and many other devices. Click with every muscle movement and connect to the world.\" \/>\n<meta name=\"robots\" content=\"index, follow, max-snippet:-1, max-image-preview:large, max-video-preview:-1\" \/>\n<link rel=\"canonical\" href=\"https:\/\/glassouse.com\/pl\/produkt\/glassouse-muscle-switch\/\" \/>\n<meta property=\"og:locale\" content=\"pl_PL\" \/>\n<meta property=\"og:type\" content=\"article\" \/>\n<meta property=\"og:title\" content=\"Muscle Switch - Assistive Device for Physical Disability\" \/>\n<meta property=\"og:description\" content=\"Muscle Switch Assistive Device - compatible with GlassOuse Pro and many other devices. Click with every muscle movement and connect to the world.\" \/>\n<meta property=\"og:url\" content=\"https:\/\/glassouse.com\/pl\/produkt\/glassouse-muscle-switch\/\" \/>\n<meta property=\"og:site_name\" content=\"Glassouse Assistive Device\" \/>\n<meta property=\"article:publisher\" content=\"https:\/\/www.facebook.com\/glassouse\/\" \/>\n<meta property=\"og:image\" content=\"https:\/\/glassouse.com\/wp-content\/uploads\/2024\/05\/Muscle-Switch-featured-img.jpg\" \/>\n\t<meta property=\"og:image:width\" content=\"1000\" \/>\n\t<meta property=\"og:image:height\" content=\"1000\" \/>\n\t<meta property=\"og:image:type\" content=\"image\/jpeg\" \/>\n<meta name=\"twitter:card\" content=\"summary_large_image\" \/>\n<meta name=\"twitter:site\" content=\"@glassouse\" \/>\n<meta name=\"twitter:label1\" content=\"Szacowany czas czytania\" \/>\n\t<meta name=\"twitter:data1\" content=\"3 minuty\" \/>\n<script type=\"application\/ld+json\" class=\"yoast-schema-graph\">{\"@context\":\"https:\\\/\\\/schema.org\",\"@graph\":[{\"@type\":\"WebPage\",\"@id\":\"https:\\\/\\\/glassouse.com\\\/product\\\/glassouse-muscle-switch\\\/\",\"url\":\"https:\\\/\\\/glassouse.com\\\/product\\\/glassouse-muscle-switch\\\/\",\"name\":\"Muscle Switch - Assistive Device for Physical Disability\",\"isPartOf\":{\"@id\":\"https:\\\/\\\/glassouse.com\\\/#website\"},\"primaryImageOfPage\":{\"@id\":\"https:\\\/\\\/glassouse.com\\\/product\\\/glassouse-muscle-switch\\\/#primaryimage\"},\"image\":{\"@id\":\"https:\\\/\\\/glassouse.com\\\/product\\\/glassouse-muscle-switch\\\/#primaryimage\"},\"thumbnailUrl\":\"https:\\\/\\\/glassouse.com\\\/wp-content\\\/uploads\\\/2024\\\/05\\\/Muscle-Switch-featured-img.jpg\",\"datePublished\":\"2026-04-29T18:22:41+00:00\",\"description\":\"Muscle Switch Assistive Device - compatible with GlassOuse Pro and many other devices. Click with every muscle movement and connect to the world.\",\"breadcrumb\":{\"@id\":\"https:\\\/\\\/glassouse.com\\\/product\\\/glassouse-muscle-switch\\\/#breadcrumb\"},\"inLanguage\":\"pl-PL\",\"potentialAction\":[{\"@type\":\"ReadAction\",\"target\":[\"https:\\\/\\\/glassouse.com\\\/product\\\/glassouse-muscle-switch\\\/\"]}]},{\"@type\":\"ImageObject\",\"inLanguage\":\"pl-PL\",\"@id\":\"https:\\\/\\\/glassouse.com\\\/product\\\/glassouse-muscle-switch\\\/#primaryimage\",\"url\":\"https:\\\/\\\/glassouse.com\\\/wp-content\\\/uploads\\\/2024\\\/05\\\/Muscle-Switch-featured-img.jpg\",\"contentUrl\":\"https:\\\/\\\/glassouse.com\\\/wp-content\\\/uploads\\\/2024\\\/05\\\/Muscle-Switch-featured-img.jpg\",\"width\":1000,\"height\":1000,\"caption\":\"Glassouse Muscle Switch\"},{\"@type\":\"BreadcrumbList\",\"@id\":\"https:\\\/\\\/glassouse.com\\\/product\\\/glassouse-muscle-switch\\\/#breadcrumb\",\"itemListElement\":[{\"@type\":\"ListItem\",\"position\":1,\"name\":\"Home\",\"item\":\"https:\\\/\\\/glassouse.com\\\/\"},{\"@type\":\"ListItem\",\"position\":2,\"name\":\"Shop\",\"item\":\"https:\\\/\\\/glassouse.com\\\/assistive-device_shop\\\/\"},{\"@type\":\"ListItem\",\"position\":3,\"name\":\"GS13 GlassOuse Muscle Switch\"}]},{\"@type\":\"WebSite\",\"@id\":\"https:\\\/\\\/glassouse.com\\\/#website\",\"url\":\"https:\\\/\\\/glassouse.com\\\/\",\"name\":\"Glassouse Assistive Device\",\"description\":\"Assistive Device and Switches for Disabled\",\"publisher\":{\"@id\":\"https:\\\/\\\/glassouse.com\\\/#organization\"},\"potentialAction\":[{\"@type\":\"SearchAction\",\"target\":{\"@type\":\"EntryPoint\",\"urlTemplate\":\"https:\\\/\\\/glassouse.com\\\/?s={search_term_string}\"},\"query-input\":{\"@type\":\"PropertyValueSpecification\",\"valueRequired\":true,\"valueName\":\"search_term_string\"}}],\"inLanguage\":\"pl-PL\"},{\"@type\":\"Organization\",\"@id\":\"https:\\\/\\\/glassouse.com\\\/#organization\",\"name\":\"GlassOuse Assistive Device\",\"url\":\"https:\\\/\\\/glassouse.com\\\/\",\"logo\":{\"@type\":\"ImageObject\",\"inLanguage\":\"pl-PL\",\"@id\":\"https:\\\/\\\/glassouse.com\\\/#\\\/schema\\\/logo\\\/image\\\/\",\"url\":\"https:\\\/\\\/glassouse.com\\\/wp-content\\\/uploads\\\/2017\\\/11\\\/logo.jpg\",\"contentUrl\":\"https:\\\/\\\/glassouse.com\\\/wp-content\\\/uploads\\\/2017\\\/11\\\/logo.jpg\",\"width\":500,\"height\":500,\"caption\":\"GlassOuse Assistive Device\"},\"image\":{\"@id\":\"https:\\\/\\\/glassouse.com\\\/#\\\/schema\\\/logo\\\/image\\\/\"},\"sameAs\":[\"https:\\\/\\\/www.facebook.com\\\/glassouse\\\/\",\"https:\\\/\\\/x.com\\\/glassouse\",\"https:\\\/\\\/www.instagram.com\\\/glassouseassistivedevice\\\/\",\"https:\\\/\\\/www.linkedin.com\\\/company\\\/glassouse\\\/\",\"https:\\\/\\\/www.youtube.com\\\/channel\\\/UCM5pebcmVXbu00QYd91_Gyw\"]}]}<\/script>\n<!-- \/ Yoast SEO plugin. -->","yoast_head_json":{"title":"Muscle Switch - Assistive Device for Physical Disability","description":"Muscle Switch Assistive Device - compatible with GlassOuse Pro and many other devices. Click with every muscle movement and connect to the world.","robots":{"index":"index","follow":"follow","max-snippet":"max-snippet:-1","max-image-preview":"max-image-preview:large","max-video-preview":"max-video-preview:-1"},"canonical":"https:\/\/glassouse.com\/pl\/produkt\/glassouse-muscle-switch\/","og_locale":"pl_PL","og_type":"article","og_title":"Muscle Switch - Assistive Device for Physical Disability","og_description":"Muscle Switch Assistive Device - compatible with GlassOuse Pro and many other devices. Click with every muscle movement and connect to the world.","og_url":"https:\/\/glassouse.com\/pl\/produkt\/glassouse-muscle-switch\/","og_site_name":"Glassouse Assistive Device","article_publisher":"https:\/\/www.facebook.com\/glassouse\/","og_image":[{"width":1000,"height":1000,"url":"https:\/\/glassouse.com\/wp-content\/uploads\/2024\/05\/Muscle-Switch-featured-img.jpg","type":"image\/jpeg"}],"twitter_card":"summary_large_image","twitter_site":"@glassouse","twitter_misc":{"Szacowany czas czytania":"3 minuty"},"schema":{"@context":"https:\/\/schema.org","@graph":[{"@type":"WebPage","@id":"https:\/\/glassouse.com\/product\/glassouse-muscle-switch\/","url":"https:\/\/glassouse.com\/product\/glassouse-muscle-switch\/","name":"Muscle Switch - Assistive Device for Physical Disability","isPartOf":{"@id":"https:\/\/glassouse.com\/#website"},"primaryImageOfPage":{"@id":"https:\/\/glassouse.com\/product\/glassouse-muscle-switch\/#primaryimage"},"image":{"@id":"https:\/\/glassouse.com\/product\/glassouse-muscle-switch\/#primaryimage"},"thumbnailUrl":"https:\/\/glassouse.com\/wp-content\/uploads\/2024\/05\/Muscle-Switch-featured-img.jpg","datePublished":"2026-04-29T18:22:41+00:00","description":"Muscle Switch Assistive Device - compatible with GlassOuse Pro and many other devices. Click with every muscle movement and connect to the world.","breadcrumb":{"@id":"https:\/\/glassouse.com\/product\/glassouse-muscle-switch\/#breadcrumb"},"inLanguage":"pl-PL","potentialAction":[{"@type":"ReadAction","target":["https:\/\/glassouse.com\/product\/glassouse-muscle-switch\/"]}]},{"@type":"ImageObject","inLanguage":"pl-PL","@id":"https:\/\/glassouse.com\/product\/glassouse-muscle-switch\/#primaryimage","url":"https:\/\/glassouse.com\/wp-content\/uploads\/2024\/05\/Muscle-Switch-featured-img.jpg","contentUrl":"https:\/\/glassouse.com\/wp-content\/uploads\/2024\/05\/Muscle-Switch-featured-img.jpg","width":1000,"height":1000,"caption":"Glassouse Muscle Switch"},{"@type":"BreadcrumbList","@id":"https:\/\/glassouse.com\/product\/glassouse-muscle-switch\/#breadcrumb","itemListElement":[{"@type":"ListItem","position":1,"name":"Home","item":"https:\/\/glassouse.com\/"},{"@type":"ListItem","position":2,"name":"Shop","item":"https:\/\/glassouse.com\/assistive-device_shop\/"},{"@type":"ListItem","position":3,"name":"GS13 GlassOuse Muscle Switch"}]},{"@type":"WebSite","@id":"https:\/\/glassouse.com\/#website","url":"https:\/\/glassouse.com\/","name":"Urz\u0105dzenie wspomagaj\u0105ce Glassouse","description":"Assistive Device and Switches for Disabled","publisher":{"@id":"https:\/\/glassouse.com\/#organization"},"potentialAction":[{"@type":"SearchAction","target":{"@type":"EntryPoint","urlTemplate":"https:\/\/glassouse.com\/?s={search_term_string}"},"query-input":{"@type":"PropertyValueSpecification","valueRequired":true,"valueName":"search_term_string"}}],"inLanguage":"pl-PL"},{"@type":"Organization","@id":"https:\/\/glassouse.com\/#organization","name":"GlassOuse Assistive Device","url":"https:\/\/glassouse.com\/","logo":{"@type":"ImageObject","inLanguage":"pl-PL","@id":"https:\/\/glassouse.com\/#\/schema\/logo\/image\/","url":"https:\/\/glassouse.com\/wp-content\/uploads\/2017\/11\/logo.jpg","contentUrl":"https:\/\/glassouse.com\/wp-content\/uploads\/2017\/11\/logo.jpg","width":500,"height":500,"caption":"GlassOuse Assistive Device"},"image":{"@id":"https:\/\/glassouse.com\/#\/schema\/logo\/image\/"},"sameAs":["https:\/\/www.facebook.com\/glassouse\/","https:\/\/x.com\/glassouse","https:\/\/www.instagram.com\/glassouseassistivedevice\/","https:\/\/www.linkedin.com\/company\/glassouse\/","https:\/\/www.youtube.com\/channel\/UCM5pebcmVXbu00QYd91_Gyw"]}]}},"_links":{"self":[{"href":"https:\/\/glassouse.com\/pl\/wp-json\/wp\/v2\/product\/21003","targetHints":{"allow":["GET"]}}],"collection":[{"href":"https:\/\/glassouse.com\/pl\/wp-json\/wp\/v2\/product"}],"about":[{"href":"https:\/\/glassouse.com\/pl\/wp-json\/wp\/v2\/types\/product"}],"wp:featuredmedia":[{"embeddable":true,"href":"https:\/\/glassouse.com\/pl\/wp-json\/wp\/v2\/media\/21941"}],"wp:attachment":[{"href":"https:\/\/glassouse.com\/pl\/wp-json\/wp\/v2\/media?parent=21003"}],"wp:term":[{"taxonomy":"product_brand","embeddable":true,"href":"https:\/\/glassouse.com\/pl\/wp-json\/wp\/v2\/product_brand?post=21003"},{"taxonomy":"product_cat","embeddable":true,"href":"https:\/\/glassouse.com\/pl\/wp-json\/wp\/v2\/product_cat?post=21003"},{"taxonomy":"product_tag","embeddable":true,"href":"https:\/\/glassouse.com\/pl\/wp-json\/wp\/v2\/product_tag?post=21003"}],"curies":[{"name":"wp","href":"https:\/\/api.w.org\/{rel}","templated":true}]}}