{"id":30591,"date":"2020-09-30T15:34:41","date_gmt":"2020-09-30T07:34:41","guid":{"rendered":"https:\/\/glassouse.com\/product\/glassouse-v1-3\/"},"modified":"2020-09-30T15:34:41","modified_gmt":"2020-09-30T07:34:41","slug":"glassouse-v1-3","status":"publish","type":"product","link":"https:\/\/glassouse.com\/pl\/product\/glassouse-v1-3\/","title":{"rendered":"GlassOuse V1.3"},"content":{"rendered":"<p>Wielokrotnie nagradzane urz\u0105dzenie wspomagaj\u0105ce dla os\u00f3b niepe\u0142nosprawnych &#8211; GlassOuse V1.3 mo\u017ce bezproblemowo \u0142\u0105czy\u0107 si\u0119 z komputerami, telefonami kom\u00f3rkowymi, tabletami i telewizorami Smart TV za po\u015brednictwem Bluetooth 4.0 i ni\u017cszych oraz jest urz\u0105dzeniem wspomagaj\u0105cym kompatybilnym z systemami Windows, iOS14, iPadOS13, macOS, Linux, Android i Chrome OS. GlassOuse V1.3 posiada niewielkich rozmiar\u00f3w bateri\u0119 o wysokiej g\u0119sto\u015bci, dzi\u0119ki czemu u\u017cytkownik mo\u017ce korzysta\u0107 z GlassOuse V1.3 przez ponad 150 aktywnych godzin na jednym \u0142adowaniu. <\/p>\n<p>GlassOuse v1.3 mo\u017cna nosi\u0107 z w\u0142asnymi okularami i sk\u0142ada\u0107 jak zwyk\u0142e. Dzi\u0119ki ulepszonej funkcji 9-osiowego \u017cyroskopu GlassOuse wykrywa najmniejsze ruchy g\u0142owy, aby przesuwa\u0107 kursor na ekranie. Wystarczy pod\u0142\u0105czy\u0107 GlassOuse do urz\u0105dzenia, uko\u0144czy\u0107 kr\u00f3tki proces kalibracji, aby uzyska\u0107 100% dok\u0142adno\u015b\u0107 i zacz\u0105\u0107 korzysta\u0107 z gad\u017cet\u00f3w bez u\u017cycia r\u0105k.  <\/p>\n<p>GlassOuse mo\u017ce \u0142\u0105czy\u0107 si\u0119 z dowolnym z dziewi\u0119ciu r\u00f3\u017cnych prze\u0142\u0105cznik\u00f3w z serii G-Switch i dowolnym innym prze\u0142\u0105cznikiem adaptacyjnym obs\u0142uguj\u0105cym gniazdo 3,5 mm.<\/p>\n","protected":false},"excerpt":{"rendered":"<hr>\n<p><strong>Nowy GlassOuse V1.3 jest ulepszon\u0105 wersj\u0105 swojego poprzednika V1.2 i jest teraz lepszy ni\u017c kiedykolwiek!<\/strong><\/p>\n<p><strong><span style=\"text-decoration: underline;\">Co nowego<\/span>:<\/strong><\/p>\n<ul>\n<li><strong>Obs\u0142uga Bluetooth 4.0<\/strong> &#8211;<em> szybsza i lepsza \u0142\u0105czno\u015b\u0107 z niskim op\u00f3\u017anieniem<\/em>.<\/li>\n<li><strong>Ulepszona \u017cywotno\u015b\u0107 baterii<\/strong> &#8211; <em>10 razy d\u0142u\u017csza \u017cywotno\u015b\u0107 baterii ni\u017c w poprzedniej wersji<\/em><\/li>\n<li><strong>Ulepszone ustawienie czu\u0142o\u015bci<\/strong> &#8211; dostosuj<em> czu\u0142o\u015b\u0107 urz\u0105dzenia z wi\u0119ksz\u0105 dok\u0142adno\u015bci\u0105<\/em><\/li>\n<li><strong>Mocniejszy materia\u0142<\/strong> &#8211; <em>d\u0142u\u017csza \u017cywotno\u015b\u0107 produktu<\/em><\/li>\n<\/ul>\n<p><a href=\"https:\/\/glassouse.com\/wp-content\/uploads\/2020\/11\/GLASSOUSE-V1.3_USER-MANUAL.pdf\"><img decoding=\"async\" class=\"alignnone wp-image-2116\" src=\"https:\/\/glassouse.com\/wp-content\/uploads\/2018\/03\/download_user_manual.png\" alt=\"\" width=\"96\" height=\"96\" srcset=\"https:\/\/glassouse.com\/wp-content\/uploads\/2018\/03\/download_user_manual.png 149w, https:\/\/glassouse.com\/wp-content\/uploads\/2018\/03\/download_user_manual-100x100.png 100w, https:\/\/glassouse.com\/wp-content\/uploads\/2018\/03\/download_user_manual-75x75.png 75w\" sizes=\"(max-width: 96px) 100vw, 96px\" \/><\/a>  <a href=\"https:\/\/glassouse.com\/pl\/gwarancja-zwrotu-pieniedzy\/\"><img decoding=\"async\" class=\"alignnone wp-image-1817\" src=\"https:\/\/glassouse.com\/wp-content\/uploads\/2017\/11\/15_Day_Money_Back_47882ccb-f31c-4b58-ab77-9b78929009ef_grande.png\" alt=\"\" width=\"95\" height=\"95\" srcset=\"https:\/\/glassouse.com\/wp-content\/uploads\/2017\/11\/15_Day_Money_Back_47882ccb-f31c-4b58-ab77-9b78929009ef_grande.png 150w, https:\/\/glassouse.com\/wp-content\/uploads\/2017\/11\/15_Day_Money_Back_47882ccb-f31c-4b58-ab77-9b78929009ef_grande-100x100.png 100w, https:\/\/glassouse.com\/wp-content\/uploads\/2017\/11\/15_Day_Money_Back_47882ccb-f31c-4b58-ab77-9b78929009ef_grande-75x75.png 75w\" sizes=\"(max-width: 95px) 100vw, 95px\" \/><\/a>  <img decoding=\"async\" class=\"alignnone wp-image-3424\" src=\"https:\/\/glassouse.com\/wp-content\/uploads\/2020\/08\/A4.png\" alt=\"Gwarancja GlassOuse\" width=\"95\" height=\"95\" srcset=\"https:\/\/glassouse.com\/wp-content\/uploads\/2020\/08\/A4.png 345w, https:\/\/glassouse.com\/wp-content\/uploads\/2020\/08\/A4-300x299.png 300w, https:\/\/glassouse.com\/wp-content\/uploads\/2020\/08\/A4-100x100.png 100w, https:\/\/glassouse.com\/wp-content\/uploads\/2020\/08\/A4-150x150.png 150w\" sizes=\"(max-width: 95px) 100vw, 95px\" \/><\/p>\n<p>GlassOuse V1.3 zosta\u0142 zaprojektowany tak, aby by\u0142 bardziej elastyczny i funkcjonalny, aby zaspokoi\u0107 potrzeby os\u00f3b o ograniczonych mo\u017cliwo\u015bciach ruchowych podczas pod\u0142\u0105czania technologii. GlassOuse V1.3 mo\u017ce bezproblemowo \u0142\u0105czy\u0107 si\u0119 z komputerami, telefonami kom\u00f3rkowymi, tabletami i inteligentnymi telewizorami za po\u015brednictwem Bluetooth 4.0 lub ni\u017cszego i jest urz\u0105dzeniem wspomagaj\u0105cym kompatybilnym z systemami Windows, iOS14, iPadOS13, macOS, Linux, Android i Chrome OS. GlassOuse mo\u017cna sparowa\u0107 z nowymi opcjami serii G-Switch w zale\u017cno\u015bci od potrzeb lub bezpo\u015brednio z oprogramowaniem Dwell.  <\/p>\n<p>GlassOuse V1.3 posiada niewielkich rozmiar\u00f3w bateri\u0119 o wysokiej g\u0119sto\u015bci, kt\u00f3ra pozwala u\u017cytkownikowi na korzystanie z GlassOuse V1.3 przez ponad 150 aktywnych godzin na jednym \u0142adowaniu.<\/p>\n<p>GlassOuse v1.3 mo\u017cna nosi\u0107 z w\u0142asnymi okularami i sk\u0142ada\u0107 jak zwyk\u0142e. Dzi\u0119ki ulepszonej funkcji 9-osiowego \u017cyroskopu GlassOuse wykrywa najmniejsze ruchy g\u0142owy, aby przesuwa\u0107 kursor na ekranie. Wystarczy pod\u0142\u0105czy\u0107 GlassOuse do urz\u0105dzenia, uko\u0144czy\u0107 kr\u00f3tki proces kalibracji, aby uzyska\u0107 100% dok\u0142adno\u015b\u0107 i zacz\u0105\u0107 korzysta\u0107 z gad\u017cet\u00f3w bez u\u017cycia r\u0105k.  <\/p>\n<p><strong>Wewn\u0105trz pude\u0142ka<\/strong>:<br \/>\n1x GlassOuse V1.3;<br \/>\n1x Kabel do \u0142adowania;<br \/>\n2x Uchwyt na ucho<br \/>\n1x Instrukcja obs\u0142ugi<\/p>\n","protected":false},"featured_media":30594,"template":"","meta":{"_acf_changed":false},"product_brand":[],"product_cat":[285],"product_tag":[],"class_list":{"0":"post-30591","1":"product","2":"type-product","3":"status-publish","4":"has-post-thumbnail","6":"product_cat-glassouse-bundle","8":"first","9":"outofstock","10":"downloadable","11":"shipping-taxable","12":"purchasable","13":"product-type-simple"},"acf":[],"yoast_head":"<!-- This site is optimized with the Yoast SEO plugin v27.4 - https:\/\/yoast.com\/product\/yoast-seo-wordpress\/ -->\n<title>GlassOuse V1.3 - Urz\u0105dzenie wspomagaj\u0105ce dla os\u00f3b niepe\u0142nosprawnych. Sterowanie urz\u0105dzeniem bez u\u017cycia r\u0105k<\/title>\n<meta name=\"description\" content=\"Wielokrotnie nagradzane urz\u0105dzenie wspomagaj\u0105ce GlassOuse - bezprzewodowa mysz na g\u0142ow\u0119 dla os\u00f3b niepe\u0142nosprawnych do sterowania technologi\u0105 bez u\u017cycia r\u0105k. Wysy\u0142ka mi\u0119dzynarodowa.\" \/>\n<meta name=\"robots\" content=\"index, follow, max-snippet:-1, max-image-preview:large, max-video-preview:-1\" \/>\n<link rel=\"canonical\" href=\"https:\/\/glassouse.com\/pl\/product\/glassouse-v1-3\/\" \/>\n<meta property=\"og:locale\" content=\"pl_PL\" \/>\n<meta property=\"og:type\" content=\"article\" \/>\n<meta property=\"og:title\" content=\"GlassOuse V1.3 - Urz\u0105dzenie wspomagaj\u0105ce dla os\u00f3b niepe\u0142nosprawnych. Sterowanie urz\u0105dzeniem bez u\u017cycia r\u0105k\" \/>\n<meta property=\"og:description\" content=\"Wielokrotnie nagradzane urz\u0105dzenie wspomagaj\u0105ce GlassOuse - bezprzewodowa mysz na g\u0142ow\u0119 dla os\u00f3b niepe\u0142nosprawnych do sterowania technologi\u0105 bez u\u017cycia r\u0105k. Wysy\u0142ka mi\u0119dzynarodowa.\" \/>\n<meta property=\"og:url\" content=\"https:\/\/glassouse.com\/pl\/product\/glassouse-v1-3\/\" \/>\n<meta property=\"og:site_name\" content=\"Glassouse Assistive Device\" \/>\n<meta property=\"article:publisher\" content=\"https:\/\/www.facebook.com\/glassouse\/\" \/>\n<meta property=\"og:image\" content=\"https:\/\/glassouse.com\/wp-content\/uploads\/2020\/09\/002.jpg\" \/>\n\t<meta property=\"og:image:width\" content=\"1000\" \/>\n\t<meta property=\"og:image:height\" content=\"1000\" \/>\n\t<meta property=\"og:image:type\" content=\"image\/jpeg\" \/>\n<meta name=\"twitter:card\" content=\"summary_large_image\" \/>\n<meta name=\"twitter:site\" content=\"@glassouse\" \/>\n<meta name=\"twitter:label1\" content=\"Szacowany czas czytania\" \/>\n\t<meta name=\"twitter:data1\" content=\"1 minuta\" \/>\n<script type=\"application\/ld+json\" class=\"yoast-schema-graph\">{\"@context\":\"https:\\\/\\\/schema.org\",\"@graph\":[{\"@type\":\"WebPage\",\"@id\":\"https:\\\/\\\/glassouse.com\\\/pl\\\/product\\\/glassouse-v1-3\\\/\",\"url\":\"https:\\\/\\\/glassouse.com\\\/pl\\\/product\\\/glassouse-v1-3\\\/\",\"name\":\"GlassOuse V1.3 - Urz\u0105dzenie wspomagaj\u0105ce dla os\u00f3b niepe\u0142nosprawnych. Sterowanie urz\u0105dzeniem bez u\u017cycia r\u0105k\",\"isPartOf\":{\"@id\":\"https:\\\/\\\/glassouse.com\\\/pl\\\/#website\"},\"primaryImageOfPage\":{\"@id\":\"https:\\\/\\\/glassouse.com\\\/pl\\\/product\\\/glassouse-v1-3\\\/#primaryimage\"},\"image\":{\"@id\":\"https:\\\/\\\/glassouse.com\\\/pl\\\/product\\\/glassouse-v1-3\\\/#primaryimage\"},\"thumbnailUrl\":\"https:\\\/\\\/glassouse.com\\\/wp-content\\\/uploads\\\/2020\\\/09\\\/002.jpg\",\"datePublished\":\"2020-09-30T07:34:41+00:00\",\"description\":\"Wielokrotnie nagradzane urz\u0105dzenie wspomagaj\u0105ce GlassOuse - bezprzewodowa mysz na g\u0142ow\u0119 dla os\u00f3b niepe\u0142nosprawnych do sterowania technologi\u0105 bez u\u017cycia r\u0105k. Wysy\u0142ka mi\u0119dzynarodowa.\",\"breadcrumb\":{\"@id\":\"https:\\\/\\\/glassouse.com\\\/pl\\\/product\\\/glassouse-v1-3\\\/#breadcrumb\"},\"inLanguage\":\"pl-PL\",\"potentialAction\":[{\"@type\":\"ReadAction\",\"target\":[\"https:\\\/\\\/glassouse.com\\\/pl\\\/product\\\/glassouse-v1-3\\\/\"]}]},{\"@type\":\"ImageObject\",\"inLanguage\":\"pl-PL\",\"@id\":\"https:\\\/\\\/glassouse.com\\\/pl\\\/product\\\/glassouse-v1-3\\\/#primaryimage\",\"url\":\"https:\\\/\\\/glassouse.com\\\/wp-content\\\/uploads\\\/2020\\\/09\\\/002.jpg\",\"contentUrl\":\"https:\\\/\\\/glassouse.com\\\/wp-content\\\/uploads\\\/2020\\\/09\\\/002.jpg\",\"width\":1000,\"height\":1000,\"caption\":\"Urz\u0105dzenie wspomagaj\u0105ce GlassOuse dla os\u00f3b niepe\u0142nosprawnych\"},{\"@type\":\"BreadcrumbList\",\"@id\":\"https:\\\/\\\/glassouse.com\\\/pl\\\/product\\\/glassouse-v1-3\\\/#breadcrumb\",\"itemListElement\":[{\"@type\":\"ListItem\",\"position\":1,\"name\":\"Home\",\"item\":\"https:\\\/\\\/glassouse.com\\\/pl\\\/strona-glowna\\\/\"},{\"@type\":\"ListItem\",\"position\":2,\"name\":\"Sklep\",\"item\":\"https:\\\/\\\/glassouse.com\\\/pl\\\/sklep\\\/\"},{\"@type\":\"ListItem\",\"position\":3,\"name\":\"Private: GlassOuse V1.3\"}]},{\"@type\":\"WebSite\",\"@id\":\"https:\\\/\\\/glassouse.com\\\/pl\\\/#website\",\"url\":\"https:\\\/\\\/glassouse.com\\\/pl\\\/\",\"name\":\"Glassouse Assistive Device\",\"description\":\"Assistive Device and Switches for Disabled\",\"publisher\":{\"@id\":\"https:\\\/\\\/glassouse.com\\\/pl\\\/#organization\"},\"potentialAction\":[{\"@type\":\"SearchAction\",\"target\":{\"@type\":\"EntryPoint\",\"urlTemplate\":\"https:\\\/\\\/glassouse.com\\\/pl\\\/?s={search_term_string}\"},\"query-input\":{\"@type\":\"PropertyValueSpecification\",\"valueRequired\":true,\"valueName\":\"search_term_string\"}}],\"inLanguage\":\"pl-PL\"},{\"@type\":\"Organization\",\"@id\":\"https:\\\/\\\/glassouse.com\\\/pl\\\/#organization\",\"name\":\"GlassOuse Assistive Device\",\"url\":\"https:\\\/\\\/glassouse.com\\\/pl\\\/\",\"logo\":{\"@type\":\"ImageObject\",\"inLanguage\":\"pl-PL\",\"@id\":\"https:\\\/\\\/glassouse.com\\\/pl\\\/#\\\/schema\\\/logo\\\/image\\\/\",\"url\":\"https:\\\/\\\/glassouse.com\\\/wp-content\\\/uploads\\\/2017\\\/11\\\/logo.jpg\",\"contentUrl\":\"https:\\\/\\\/glassouse.com\\\/wp-content\\\/uploads\\\/2017\\\/11\\\/logo.jpg\",\"width\":500,\"height\":500,\"caption\":\"GlassOuse Assistive Device\"},\"image\":{\"@id\":\"https:\\\/\\\/glassouse.com\\\/pl\\\/#\\\/schema\\\/logo\\\/image\\\/\"},\"sameAs\":[\"https:\\\/\\\/www.facebook.com\\\/glassouse\\\/\",\"https:\\\/\\\/x.com\\\/glassouse\",\"https:\\\/\\\/www.instagram.com\\\/glassouseassistivedevice\\\/\",\"https:\\\/\\\/www.linkedin.com\\\/company\\\/glassouse\\\/\",\"https:\\\/\\\/www.youtube.com\\\/channel\\\/UCM5pebcmVXbu00QYd91_Gyw\"]}]}<\/script>\n<!-- \/ Yoast SEO plugin. -->","yoast_head_json":{"title":"GlassOuse V1.3 - Urz\u0105dzenie wspomagaj\u0105ce dla os\u00f3b niepe\u0142nosprawnych. Sterowanie urz\u0105dzeniem bez u\u017cycia r\u0105k","description":"Wielokrotnie nagradzane urz\u0105dzenie wspomagaj\u0105ce GlassOuse - bezprzewodowa mysz na g\u0142ow\u0119 dla os\u00f3b niepe\u0142nosprawnych do sterowania technologi\u0105 bez u\u017cycia r\u0105k. Wysy\u0142ka mi\u0119dzynarodowa.","robots":{"index":"index","follow":"follow","max-snippet":"max-snippet:-1","max-image-preview":"max-image-preview:large","max-video-preview":"max-video-preview:-1"},"canonical":"https:\/\/glassouse.com\/pl\/product\/glassouse-v1-3\/","og_locale":"pl_PL","og_type":"article","og_title":"GlassOuse V1.3 - Urz\u0105dzenie wspomagaj\u0105ce dla os\u00f3b niepe\u0142nosprawnych. Sterowanie urz\u0105dzeniem bez u\u017cycia r\u0105k","og_description":"Wielokrotnie nagradzane urz\u0105dzenie wspomagaj\u0105ce GlassOuse - bezprzewodowa mysz na g\u0142ow\u0119 dla os\u00f3b niepe\u0142nosprawnych do sterowania technologi\u0105 bez u\u017cycia r\u0105k. Wysy\u0142ka mi\u0119dzynarodowa.","og_url":"https:\/\/glassouse.com\/pl\/product\/glassouse-v1-3\/","og_site_name":"Glassouse Assistive Device","article_publisher":"https:\/\/www.facebook.com\/glassouse\/","og_image":[{"width":1000,"height":1000,"url":"https:\/\/glassouse.com\/wp-content\/uploads\/2020\/09\/002.jpg","type":"image\/jpeg"}],"twitter_card":"summary_large_image","twitter_site":"@glassouse","twitter_misc":{"Szacowany czas czytania":"1 minuta"},"schema":{"@context":"https:\/\/schema.org","@graph":[{"@type":"WebPage","@id":"https:\/\/glassouse.com\/pl\/product\/glassouse-v1-3\/","url":"https:\/\/glassouse.com\/pl\/product\/glassouse-v1-3\/","name":"GlassOuse V1.3 - Urz\u0105dzenie wspomagaj\u0105ce dla os\u00f3b niepe\u0142nosprawnych. Sterowanie urz\u0105dzeniem bez u\u017cycia r\u0105k","isPartOf":{"@id":"https:\/\/glassouse.com\/pl\/#website"},"primaryImageOfPage":{"@id":"https:\/\/glassouse.com\/pl\/product\/glassouse-v1-3\/#primaryimage"},"image":{"@id":"https:\/\/glassouse.com\/pl\/product\/glassouse-v1-3\/#primaryimage"},"thumbnailUrl":"https:\/\/glassouse.com\/wp-content\/uploads\/2020\/09\/002.jpg","datePublished":"2020-09-30T07:34:41+00:00","description":"Wielokrotnie nagradzane urz\u0105dzenie wspomagaj\u0105ce GlassOuse - bezprzewodowa mysz na g\u0142ow\u0119 dla os\u00f3b niepe\u0142nosprawnych do sterowania technologi\u0105 bez u\u017cycia r\u0105k. Wysy\u0142ka mi\u0119dzynarodowa.","breadcrumb":{"@id":"https:\/\/glassouse.com\/pl\/product\/glassouse-v1-3\/#breadcrumb"},"inLanguage":"pl-PL","potentialAction":[{"@type":"ReadAction","target":["https:\/\/glassouse.com\/pl\/product\/glassouse-v1-3\/"]}]},{"@type":"ImageObject","inLanguage":"pl-PL","@id":"https:\/\/glassouse.com\/pl\/product\/glassouse-v1-3\/#primaryimage","url":"https:\/\/glassouse.com\/wp-content\/uploads\/2020\/09\/002.jpg","contentUrl":"https:\/\/glassouse.com\/wp-content\/uploads\/2020\/09\/002.jpg","width":1000,"height":1000,"caption":"Urz\u0105dzenie wspomagaj\u0105ce GlassOuse dla os\u00f3b niepe\u0142nosprawnych"},{"@type":"BreadcrumbList","@id":"https:\/\/glassouse.com\/pl\/product\/glassouse-v1-3\/#breadcrumb","itemListElement":[{"@type":"ListItem","position":1,"name":"Home","item":"https:\/\/glassouse.com\/pl\/strona-glowna\/"},{"@type":"ListItem","position":2,"name":"Sklep","item":"https:\/\/glassouse.com\/pl\/sklep\/"},{"@type":"ListItem","position":3,"name":"Private: GlassOuse V1.3"}]},{"@type":"WebSite","@id":"https:\/\/glassouse.com\/pl\/#website","url":"https:\/\/glassouse.com\/pl\/","name":"Glassouse Assistive Device","description":"Assistive Device and Switches for Disabled","publisher":{"@id":"https:\/\/glassouse.com\/pl\/#organization"},"potentialAction":[{"@type":"SearchAction","target":{"@type":"EntryPoint","urlTemplate":"https:\/\/glassouse.com\/pl\/?s={search_term_string}"},"query-input":{"@type":"PropertyValueSpecification","valueRequired":true,"valueName":"search_term_string"}}],"inLanguage":"pl-PL"},{"@type":"Organization","@id":"https:\/\/glassouse.com\/pl\/#organization","name":"GlassOuse Assistive Device","url":"https:\/\/glassouse.com\/pl\/","logo":{"@type":"ImageObject","inLanguage":"pl-PL","@id":"https:\/\/glassouse.com\/pl\/#\/schema\/logo\/image\/","url":"https:\/\/glassouse.com\/wp-content\/uploads\/2017\/11\/logo.jpg","contentUrl":"https:\/\/glassouse.com\/wp-content\/uploads\/2017\/11\/logo.jpg","width":500,"height":500,"caption":"GlassOuse Assistive Device"},"image":{"@id":"https:\/\/glassouse.com\/pl\/#\/schema\/logo\/image\/"},"sameAs":["https:\/\/www.facebook.com\/glassouse\/","https:\/\/x.com\/glassouse","https:\/\/www.instagram.com\/glassouseassistivedevice\/","https:\/\/www.linkedin.com\/company\/glassouse\/","https:\/\/www.youtube.com\/channel\/UCM5pebcmVXbu00QYd91_Gyw"]}]}},"_links":{"self":[{"href":"https:\/\/glassouse.com\/pl\/wp-json\/wp\/v2\/product\/30591","targetHints":{"allow":["GET"]}}],"collection":[{"href":"https:\/\/glassouse.com\/pl\/wp-json\/wp\/v2\/product"}],"about":[{"href":"https:\/\/glassouse.com\/pl\/wp-json\/wp\/v2\/types\/product"}],"wp:featuredmedia":[{"embeddable":true,"href":"https:\/\/glassouse.com\/pl\/wp-json\/wp\/v2\/media\/30594"}],"wp:attachment":[{"href":"https:\/\/glassouse.com\/pl\/wp-json\/wp\/v2\/media?parent=30591"}],"wp:term":[{"taxonomy":"product_brand","embeddable":true,"href":"https:\/\/glassouse.com\/pl\/wp-json\/wp\/v2\/product_brand?post=30591"},{"taxonomy":"product_cat","embeddable":true,"href":"https:\/\/glassouse.com\/pl\/wp-json\/wp\/v2\/product_cat?post=30591"},{"taxonomy":"product_tag","embeddable":true,"href":"https:\/\/glassouse.com\/pl\/wp-json\/wp\/v2\/product_tag?post=30591"}],"curies":[{"name":"wp","href":"https:\/\/api.w.org\/{rel}","templated":true}]}}