{"id":32179,"date":"2022-07-16T02:31:59","date_gmt":"2022-07-15T18:31:59","guid":{"rendered":"https:\/\/glassouse.com\/product\/ac06-rozdzielacz-y-jack-35-mm\/"},"modified":"2022-07-16T02:31:59","modified_gmt":"2022-07-15T18:31:59","slug":"ac06-rozdzielacz-y-jack-35-mm","status":"publish","type":"product","link":"https:\/\/glassouse.com\/pl\/product\/ac06-rozdzielacz-y-jack-35-mm\/","title":{"rendered":"AC06 Rozdzielacz Y jack 3,5 mm"},"content":{"rendered":"","protected":false},"excerpt":{"rendered":"<p><strong>Obs\u0142ugiwane: <\/strong>GlassOuse PRO\/Link.<\/p>\n<p><strong>1X Rozga\u0142\u0119\u017anik 3,5 mm Jack Y<\/strong><\/p>\n<p>Rozdzielacz jack 3,5 mm, umo\u017cliwiaj\u0105cy u\u017cytkownikowi pod\u0142\u0105czenie dw\u00f3ch prze\u0142\u0105cznik\u00f3w wspomagaj\u0105cych (jack 3,5 mm) do jednego portu w GlassOuse PRO i GlassOuse Link. Funkcje obu pod\u0142\u0105czonych prze\u0142\u0105cznik\u00f3w mo\u017cna przypisa\u0107 lub zmieni\u0107 za pomoc\u0105 aplikacji GlassOuse. <\/p>\n<p><strong>UWAGA:<\/strong> Ten produkt nie obs\u0142uguje GlassOuse V1.4<\/p>\n<div id=\"gtx-trans\" style=\"position: absolute; left: 218px; top: 36.3333px;\">\n<div class=\"gtx-trans-icon\"><\/div>\n<\/div>\n","protected":false},"featured_media":32190,"template":"","meta":{"_acf_changed":false},"product_brand":[],"product_cat":[362],"product_tag":[],"class_list":{"0":"post-32179","1":"product","2":"type-product","3":"status-publish","4":"has-post-thumbnail","6":"product_cat-akcesoria-glassouse","7":"product_shipping_class-akcesoria","9":"first","10":"instock","11":"shipping-taxable","12":"purchasable","13":"product-type-simple"},"acf":[],"yoast_head":"<!-- This site is optimized with the Yoast SEO plugin v27.4 - https:\/\/yoast.com\/product\/yoast-seo-wordpress\/ -->\n<title>Silikonowa os\u0142ona GlassOuse Bite Switch na sprzeda\u017c - Design dla niepe\u0142nosprawnych<\/title>\n<meta name=\"description\" content=\"Silikonowa os\u0142ona na prze\u0142\u0105cznik gryzienia urz\u0105dzenia wspomagaj\u0105cego GlassOuse. Zaprojektowana z my\u015bl\u0105 o osobach niepe\u0142nosprawnych, wykonana z trwa\u0142ych i solidnych materia\u0142\u00f3w. Wysy\u0142ka na ca\u0142y \u015bwiat.\" \/>\n<meta name=\"robots\" content=\"index, follow, max-snippet:-1, max-image-preview:large, max-video-preview:-1\" \/>\n<link rel=\"canonical\" href=\"https:\/\/glassouse.com\/pl\/product\/ac06-rozdzielacz-y-jack-35-mm\/\" \/>\n<meta property=\"og:locale\" content=\"pl_PL\" \/>\n<meta property=\"og:type\" content=\"article\" \/>\n<meta property=\"og:title\" content=\"Silikonowa os\u0142ona GlassOuse Bite Switch na sprzeda\u017c - Design dla niepe\u0142nosprawnych\" \/>\n<meta property=\"og:description\" content=\"Silikonowa os\u0142ona na prze\u0142\u0105cznik gryzienia urz\u0105dzenia wspomagaj\u0105cego GlassOuse. Zaprojektowana z my\u015bl\u0105 o osobach niepe\u0142nosprawnych, wykonana z trwa\u0142ych i solidnych materia\u0142\u00f3w. Wysy\u0142ka na ca\u0142y \u015bwiat.\" \/>\n<meta property=\"og:url\" content=\"https:\/\/glassouse.com\/pl\/product\/ac06-rozdzielacz-y-jack-35-mm\/\" \/>\n<meta property=\"og:site_name\" content=\"Glassouse Assistive Device\" \/>\n<meta property=\"article:publisher\" content=\"https:\/\/www.facebook.com\/glassouse\/\" \/>\n<meta property=\"og:image\" content=\"https:\/\/glassouse.com\/wp-content\/uploads\/2022\/07\/ac06-featured-img.png\" \/>\n\t<meta property=\"og:image:width\" content=\"1000\" \/>\n\t<meta property=\"og:image:height\" content=\"1000\" \/>\n\t<meta property=\"og:image:type\" content=\"image\/png\" \/>\n<meta name=\"twitter:card\" content=\"summary_large_image\" \/>\n<meta name=\"twitter:site\" content=\"@glassouse\" \/>\n<script type=\"application\/ld+json\" class=\"yoast-schema-graph\">{\"@context\":\"https:\\\/\\\/schema.org\",\"@graph\":[{\"@type\":\"WebPage\",\"@id\":\"https:\\\/\\\/glassouse.com\\\/pl\\\/product\\\/ac06-rozdzielacz-y-jack-35-mm\\\/\",\"url\":\"https:\\\/\\\/glassouse.com\\\/pl\\\/product\\\/ac06-rozdzielacz-y-jack-35-mm\\\/\",\"name\":\"Silikonowa os\u0142ona GlassOuse Bite Switch na sprzeda\u017c - Design dla niepe\u0142nosprawnych\",\"isPartOf\":{\"@id\":\"https:\\\/\\\/glassouse.com\\\/pl\\\/#website\"},\"primaryImageOfPage\":{\"@id\":\"https:\\\/\\\/glassouse.com\\\/pl\\\/product\\\/ac06-rozdzielacz-y-jack-35-mm\\\/#primaryimage\"},\"image\":{\"@id\":\"https:\\\/\\\/glassouse.com\\\/pl\\\/product\\\/ac06-rozdzielacz-y-jack-35-mm\\\/#primaryimage\"},\"thumbnailUrl\":\"https:\\\/\\\/glassouse.com\\\/wp-content\\\/uploads\\\/2022\\\/07\\\/ac06-featured-img.png\",\"datePublished\":\"2022-07-15T18:31:59+00:00\",\"description\":\"Silikonowa os\u0142ona na prze\u0142\u0105cznik gryzienia urz\u0105dzenia wspomagaj\u0105cego GlassOuse. Zaprojektowana z my\u015bl\u0105 o osobach niepe\u0142nosprawnych, wykonana z trwa\u0142ych i solidnych materia\u0142\u00f3w. Wysy\u0142ka na ca\u0142y \u015bwiat.\",\"breadcrumb\":{\"@id\":\"https:\\\/\\\/glassouse.com\\\/pl\\\/product\\\/ac06-rozdzielacz-y-jack-35-mm\\\/#breadcrumb\"},\"inLanguage\":\"pl-PL\",\"potentialAction\":[{\"@type\":\"ReadAction\",\"target\":[\"https:\\\/\\\/glassouse.com\\\/pl\\\/product\\\/ac06-rozdzielacz-y-jack-35-mm\\\/\"]}]},{\"@type\":\"ImageObject\",\"inLanguage\":\"pl-PL\",\"@id\":\"https:\\\/\\\/glassouse.com\\\/pl\\\/product\\\/ac06-rozdzielacz-y-jack-35-mm\\\/#primaryimage\",\"url\":\"https:\\\/\\\/glassouse.com\\\/wp-content\\\/uploads\\\/2022\\\/07\\\/ac06-featured-img.png\",\"contentUrl\":\"https:\\\/\\\/glassouse.com\\\/wp-content\\\/uploads\\\/2022\\\/07\\\/ac06-featured-img.png\",\"width\":1000,\"height\":1000,\"caption\":\"Ac06\"},{\"@type\":\"BreadcrumbList\",\"@id\":\"https:\\\/\\\/glassouse.com\\\/pl\\\/product\\\/ac06-rozdzielacz-y-jack-35-mm\\\/#breadcrumb\",\"itemListElement\":[{\"@type\":\"ListItem\",\"position\":1,\"name\":\"Home\",\"item\":\"https:\\\/\\\/glassouse.com\\\/pl\\\/strona-glowna\\\/\"},{\"@type\":\"ListItem\",\"position\":2,\"name\":\"Sklep\",\"item\":\"https:\\\/\\\/glassouse.com\\\/pl\\\/sklep\\\/\"},{\"@type\":\"ListItem\",\"position\":3,\"name\":\"AC06 Rozdzielacz Y jack 3,5 mm\"}]},{\"@type\":\"WebSite\",\"@id\":\"https:\\\/\\\/glassouse.com\\\/pl\\\/#website\",\"url\":\"https:\\\/\\\/glassouse.com\\\/pl\\\/\",\"name\":\"Glassouse Assistive Device\",\"description\":\"Assistive Device and Switches for Disabled\",\"publisher\":{\"@id\":\"https:\\\/\\\/glassouse.com\\\/pl\\\/#organization\"},\"potentialAction\":[{\"@type\":\"SearchAction\",\"target\":{\"@type\":\"EntryPoint\",\"urlTemplate\":\"https:\\\/\\\/glassouse.com\\\/pl\\\/?s={search_term_string}\"},\"query-input\":{\"@type\":\"PropertyValueSpecification\",\"valueRequired\":true,\"valueName\":\"search_term_string\"}}],\"inLanguage\":\"pl-PL\"},{\"@type\":\"Organization\",\"@id\":\"https:\\\/\\\/glassouse.com\\\/pl\\\/#organization\",\"name\":\"GlassOuse Assistive Device\",\"url\":\"https:\\\/\\\/glassouse.com\\\/pl\\\/\",\"logo\":{\"@type\":\"ImageObject\",\"inLanguage\":\"pl-PL\",\"@id\":\"https:\\\/\\\/glassouse.com\\\/pl\\\/#\\\/schema\\\/logo\\\/image\\\/\",\"url\":\"https:\\\/\\\/glassouse.com\\\/wp-content\\\/uploads\\\/2017\\\/11\\\/logo.jpg\",\"contentUrl\":\"https:\\\/\\\/glassouse.com\\\/wp-content\\\/uploads\\\/2017\\\/11\\\/logo.jpg\",\"width\":500,\"height\":500,\"caption\":\"GlassOuse Assistive Device\"},\"image\":{\"@id\":\"https:\\\/\\\/glassouse.com\\\/pl\\\/#\\\/schema\\\/logo\\\/image\\\/\"},\"sameAs\":[\"https:\\\/\\\/www.facebook.com\\\/glassouse\\\/\",\"https:\\\/\\\/x.com\\\/glassouse\",\"https:\\\/\\\/www.instagram.com\\\/glassouseassistivedevice\\\/\",\"https:\\\/\\\/www.linkedin.com\\\/company\\\/glassouse\\\/\",\"https:\\\/\\\/www.youtube.com\\\/channel\\\/UCM5pebcmVXbu00QYd91_Gyw\"]}]}<\/script>\n<!-- \/ Yoast SEO plugin. -->","yoast_head_json":{"title":"Silikonowa os\u0142ona GlassOuse Bite Switch na sprzeda\u017c - Design dla niepe\u0142nosprawnych","description":"Silikonowa os\u0142ona na prze\u0142\u0105cznik gryzienia urz\u0105dzenia wspomagaj\u0105cego GlassOuse. Zaprojektowana z my\u015bl\u0105 o osobach niepe\u0142nosprawnych, wykonana z trwa\u0142ych i solidnych materia\u0142\u00f3w. Wysy\u0142ka na ca\u0142y \u015bwiat.","robots":{"index":"index","follow":"follow","max-snippet":"max-snippet:-1","max-image-preview":"max-image-preview:large","max-video-preview":"max-video-preview:-1"},"canonical":"https:\/\/glassouse.com\/pl\/product\/ac06-rozdzielacz-y-jack-35-mm\/","og_locale":"pl_PL","og_type":"article","og_title":"Silikonowa os\u0142ona GlassOuse Bite Switch na sprzeda\u017c - Design dla niepe\u0142nosprawnych","og_description":"Silikonowa os\u0142ona na prze\u0142\u0105cznik gryzienia urz\u0105dzenia wspomagaj\u0105cego GlassOuse. Zaprojektowana z my\u015bl\u0105 o osobach niepe\u0142nosprawnych, wykonana z trwa\u0142ych i solidnych materia\u0142\u00f3w. Wysy\u0142ka na ca\u0142y \u015bwiat.","og_url":"https:\/\/glassouse.com\/pl\/product\/ac06-rozdzielacz-y-jack-35-mm\/","og_site_name":"Glassouse Assistive Device","article_publisher":"https:\/\/www.facebook.com\/glassouse\/","og_image":[{"width":1000,"height":1000,"url":"https:\/\/glassouse.com\/wp-content\/uploads\/2022\/07\/ac06-featured-img.png","type":"image\/png"}],"twitter_card":"summary_large_image","twitter_site":"@glassouse","schema":{"@context":"https:\/\/schema.org","@graph":[{"@type":"WebPage","@id":"https:\/\/glassouse.com\/pl\/product\/ac06-rozdzielacz-y-jack-35-mm\/","url":"https:\/\/glassouse.com\/pl\/product\/ac06-rozdzielacz-y-jack-35-mm\/","name":"Silikonowa os\u0142ona GlassOuse Bite Switch na sprzeda\u017c - Design dla niepe\u0142nosprawnych","isPartOf":{"@id":"https:\/\/glassouse.com\/pl\/#website"},"primaryImageOfPage":{"@id":"https:\/\/glassouse.com\/pl\/product\/ac06-rozdzielacz-y-jack-35-mm\/#primaryimage"},"image":{"@id":"https:\/\/glassouse.com\/pl\/product\/ac06-rozdzielacz-y-jack-35-mm\/#primaryimage"},"thumbnailUrl":"https:\/\/glassouse.com\/wp-content\/uploads\/2022\/07\/ac06-featured-img.png","datePublished":"2022-07-15T18:31:59+00:00","description":"Silikonowa os\u0142ona na prze\u0142\u0105cznik gryzienia urz\u0105dzenia wspomagaj\u0105cego GlassOuse. Zaprojektowana z my\u015bl\u0105 o osobach niepe\u0142nosprawnych, wykonana z trwa\u0142ych i solidnych materia\u0142\u00f3w. Wysy\u0142ka na ca\u0142y \u015bwiat.","breadcrumb":{"@id":"https:\/\/glassouse.com\/pl\/product\/ac06-rozdzielacz-y-jack-35-mm\/#breadcrumb"},"inLanguage":"pl-PL","potentialAction":[{"@type":"ReadAction","target":["https:\/\/glassouse.com\/pl\/product\/ac06-rozdzielacz-y-jack-35-mm\/"]}]},{"@type":"ImageObject","inLanguage":"pl-PL","@id":"https:\/\/glassouse.com\/pl\/product\/ac06-rozdzielacz-y-jack-35-mm\/#primaryimage","url":"https:\/\/glassouse.com\/wp-content\/uploads\/2022\/07\/ac06-featured-img.png","contentUrl":"https:\/\/glassouse.com\/wp-content\/uploads\/2022\/07\/ac06-featured-img.png","width":1000,"height":1000,"caption":"Ac06"},{"@type":"BreadcrumbList","@id":"https:\/\/glassouse.com\/pl\/product\/ac06-rozdzielacz-y-jack-35-mm\/#breadcrumb","itemListElement":[{"@type":"ListItem","position":1,"name":"Home","item":"https:\/\/glassouse.com\/pl\/strona-glowna\/"},{"@type":"ListItem","position":2,"name":"Sklep","item":"https:\/\/glassouse.com\/pl\/sklep\/"},{"@type":"ListItem","position":3,"name":"AC06 Rozdzielacz Y jack 3,5 mm"}]},{"@type":"WebSite","@id":"https:\/\/glassouse.com\/pl\/#website","url":"https:\/\/glassouse.com\/pl\/","name":"Glassouse Assistive Device","description":"Assistive Device and Switches for Disabled","publisher":{"@id":"https:\/\/glassouse.com\/pl\/#organization"},"potentialAction":[{"@type":"SearchAction","target":{"@type":"EntryPoint","urlTemplate":"https:\/\/glassouse.com\/pl\/?s={search_term_string}"},"query-input":{"@type":"PropertyValueSpecification","valueRequired":true,"valueName":"search_term_string"}}],"inLanguage":"pl-PL"},{"@type":"Organization","@id":"https:\/\/glassouse.com\/pl\/#organization","name":"GlassOuse Assistive Device","url":"https:\/\/glassouse.com\/pl\/","logo":{"@type":"ImageObject","inLanguage":"pl-PL","@id":"https:\/\/glassouse.com\/pl\/#\/schema\/logo\/image\/","url":"https:\/\/glassouse.com\/wp-content\/uploads\/2017\/11\/logo.jpg","contentUrl":"https:\/\/glassouse.com\/wp-content\/uploads\/2017\/11\/logo.jpg","width":500,"height":500,"caption":"GlassOuse Assistive Device"},"image":{"@id":"https:\/\/glassouse.com\/pl\/#\/schema\/logo\/image\/"},"sameAs":["https:\/\/www.facebook.com\/glassouse\/","https:\/\/x.com\/glassouse","https:\/\/www.instagram.com\/glassouseassistivedevice\/","https:\/\/www.linkedin.com\/company\/glassouse\/","https:\/\/www.youtube.com\/channel\/UCM5pebcmVXbu00QYd91_Gyw"]}]}},"_links":{"self":[{"href":"https:\/\/glassouse.com\/pl\/wp-json\/wp\/v2\/product\/32179","targetHints":{"allow":["GET"]}}],"collection":[{"href":"https:\/\/glassouse.com\/pl\/wp-json\/wp\/v2\/product"}],"about":[{"href":"https:\/\/glassouse.com\/pl\/wp-json\/wp\/v2\/types\/product"}],"wp:featuredmedia":[{"embeddable":true,"href":"https:\/\/glassouse.com\/pl\/wp-json\/wp\/v2\/media\/32190"}],"wp:attachment":[{"href":"https:\/\/glassouse.com\/pl\/wp-json\/wp\/v2\/media?parent=32179"}],"wp:term":[{"taxonomy":"product_brand","embeddable":true,"href":"https:\/\/glassouse.com\/pl\/wp-json\/wp\/v2\/product_brand?post=32179"},{"taxonomy":"product_cat","embeddable":true,"href":"https:\/\/glassouse.com\/pl\/wp-json\/wp\/v2\/product_cat?post=32179"},{"taxonomy":"product_tag","embeddable":true,"href":"https:\/\/glassouse.com\/pl\/wp-json\/wp\/v2\/product_tag?post=32179"}],"curies":[{"name":"wp","href":"https:\/\/api.w.org\/{rel}","templated":true}]}}