{"id":32260,"date":"2022-08-25T05:51:33","date_gmt":"2022-08-24T21:51:33","guid":{"rendered":"https:\/\/glassouse.com\/product\/glassouse-pro-bundle\/"},"modified":"2022-08-25T05:51:33","modified_gmt":"2022-08-24T21:51:33","slug":"glassouse-pro-bundle","status":"publish","type":"product","link":"https:\/\/glassouse.com\/pl\/product\/glassouse-pro-bundle\/","title":{"rendered":"GlassOuse PRO Bundle"},"content":{"rendered":"","protected":false},"excerpt":{"rendered":"<p><strong>1x<\/strong> GlassOuse PRO<\/p>\n<p><strong>1x <\/strong>G-Speech<\/p>\n<p><strong>17x<\/strong> G-Switch: GS01 Bite Switch, GS02 Puff Switch, GS03 Finger Switch, GS04 Foot Switch, GS05 Press Switch 100gr(+MINI), GS06 Press Switch 150gr(+MINI), GS07 Pillow Switch(+MINI), GS08 Touch Switch(+MINI), GS09 Proximity Switch(+MINI), GS11 Cheek Switch, GS12 Blink Switch, GS13 Muscle Switch.<\/p>\n<p><strong>7x<\/strong> G-Wear: GW01 G-Framewear, GW02 G-Headband, GW03 G-Cap, GW04 G-Beanie Hat, GW05 G-Strap (S), GW06 G-Strap(B). GW07 Silikonowa nak\u0142adka na okulary <\/p>\n<p><strong>4x<\/strong> Akcesoria : AC01 Silikonowa os\u0142ona prze\u0142\u0105cznika, AC02 Przed\u0142u\u017cacz 3,5 mm, AC04 Poduszkowa os\u0142ona prze\u0142\u0105cznika, AC06 Rozdzielacz Y gniazda 3,5 mm.<\/p>\n<p><strong>1x<\/strong> G-Mount do telefon\u00f3w i tablet\u00f3w<\/p>\n<p>*Wszystkie powi\u0105zane akcesoria s\u0105 do\u0142\u0105czone<\/p>\n<p><a href=\"https:\/\/glassouse.com\/pl\/gwarancja-zwrotu-pieniedzy\/\"><img decoding=\"async\" class=\"alignnone wp-image-1817\" src=\"https:\/\/glassouse.com\/wp-content\/uploads\/2017\/11\/15_Day_Money_Back_47882ccb-f31c-4b58-ab77-9b78929009ef_grande.png\" alt=\"\" width=\"120\" height=\"120\" srcset=\"https:\/\/glassouse.com\/wp-content\/uploads\/2017\/11\/15_Day_Money_Back_47882ccb-f31c-4b58-ab77-9b78929009ef_grande.png 150w, https:\/\/glassouse.com\/wp-content\/uploads\/2017\/11\/15_Day_Money_Back_47882ccb-f31c-4b58-ab77-9b78929009ef_grande-100x100.png 100w, https:\/\/glassouse.com\/wp-content\/uploads\/2017\/11\/15_Day_Money_Back_47882ccb-f31c-4b58-ab77-9b78929009ef_grande-75x75.png 75w\" sizes=\"(max-width: 120px) 100vw, 120px\" \/><\/a> <img decoding=\"async\" class=\"alignnone wp-image-3424\" src=\"https:\/\/glassouse.com\/wp-content\/uploads\/2020\/08\/A4.png\" alt=\"Gwarancja GlassOuse\" width=\"120\" height=\"120\" srcset=\"https:\/\/glassouse.com\/wp-content\/uploads\/2020\/08\/A4.png 345w, https:\/\/glassouse.com\/wp-content\/uploads\/2020\/08\/A4-300x299.png 300w, https:\/\/glassouse.com\/wp-content\/uploads\/2020\/08\/A4-100x100.png 100w, https:\/\/glassouse.com\/wp-content\/uploads\/2020\/08\/A4-150x150.png 150w\" sizes=\"(max-width: 120px) 100vw, 120px\" \/><\/p>\n<p><strong>Zam\u00f3w wszystko, oszcz\u0119dzaj!<\/strong>  Pe\u0142ny zestaw GlassOuse PRO, G-Switch Series i G-Wear ze wszystkimi akcesoriami. Idealny dla szk\u00f3\u0142, o\u015brodk\u00f3w rehabilitacyjnych i szpitali, aby doda\u0107 wszystkie elementy do swoich bibliotek. Ka\u017cdy produkt jest dostarczany z pude\u0142kiem, akcesoriami i instrukcjami obs\u0142ugi.  <\/p>\n","protected":false},"featured_media":32264,"template":"","meta":{"_acf_changed":false},"product_brand":[],"product_cat":[285],"product_tag":[],"class_list":{"0":"post-32260","1":"product","2":"type-product","3":"status-publish","4":"has-post-thumbnail","6":"product_cat-glassouse-bundle","7":"product_shipping_class-szklarnia","9":"first","10":"instock","11":"sale","12":"shipping-taxable","13":"purchasable","14":"product-type-simple"},"acf":[],"yoast_head":"<!-- This site is optimized with the Yoast SEO plugin v27.4 - https:\/\/yoast.com\/product\/yoast-seo-wordpress\/ -->\n<title>Zestaw GlassOuse PRO ze wszystkimi prze\u0142\u0105cznikami adaptacyjnymi<\/title>\n<meta name=\"description\" content=\"Kup GlassOuse PRO Assistive Bundle - doskona\u0142e rozwi\u0105zanie wspomagaj\u0105ce. Dla szk\u00f3\u0142, szpitali, o\u015brodk\u00f3w rehabilitacyjnych i organizacji.\" \/>\n<meta name=\"robots\" content=\"index, follow, max-snippet:-1, max-image-preview:large, max-video-preview:-1\" \/>\n<link rel=\"canonical\" href=\"https:\/\/glassouse.com\/pl\/product\/glassouse-pro-bundle\/\" \/>\n<meta property=\"og:locale\" content=\"pl_PL\" \/>\n<meta property=\"og:type\" content=\"article\" \/>\n<meta property=\"og:title\" content=\"Zestaw GlassOuse PRO ze wszystkimi prze\u0142\u0105cznikami adaptacyjnymi\" \/>\n<meta property=\"og:description\" content=\"Kup GlassOuse PRO Assistive Bundle - doskona\u0142e rozwi\u0105zanie wspomagaj\u0105ce. Dla szk\u00f3\u0142, szpitali, o\u015brodk\u00f3w rehabilitacyjnych i organizacji.\" \/>\n<meta property=\"og:url\" content=\"https:\/\/glassouse.com\/pl\/product\/glassouse-pro-bundle\/\" \/>\n<meta property=\"og:site_name\" content=\"Glassouse Assistive Device\" \/>\n<meta property=\"article:publisher\" content=\"https:\/\/www.facebook.com\/glassouse\/\" \/>\n<meta property=\"og:image\" content=\"https:\/\/glassouse.com\/wp-content\/uploads\/2022\/08\/GlassOuse_PRO_Bundle.jpg\" \/>\n\t<meta property=\"og:image:width\" content=\"2560\" \/>\n\t<meta property=\"og:image:height\" content=\"2560\" \/>\n\t<meta property=\"og:image:type\" content=\"image\/jpeg\" \/>\n<meta name=\"twitter:card\" content=\"summary_large_image\" \/>\n<meta name=\"twitter:site\" content=\"@glassouse\" \/>\n<script type=\"application\/ld+json\" class=\"yoast-schema-graph\">{\"@context\":\"https:\\\/\\\/schema.org\",\"@graph\":[{\"@type\":\"WebPage\",\"@id\":\"https:\\\/\\\/glassouse.com\\\/pl\\\/product\\\/glassouse-pro-bundle\\\/\",\"url\":\"https:\\\/\\\/glassouse.com\\\/pl\\\/product\\\/glassouse-pro-bundle\\\/\",\"name\":\"Zestaw GlassOuse PRO ze wszystkimi prze\u0142\u0105cznikami adaptacyjnymi\",\"isPartOf\":{\"@id\":\"https:\\\/\\\/glassouse.com\\\/pl\\\/#website\"},\"primaryImageOfPage\":{\"@id\":\"https:\\\/\\\/glassouse.com\\\/pl\\\/product\\\/glassouse-pro-bundle\\\/#primaryimage\"},\"image\":{\"@id\":\"https:\\\/\\\/glassouse.com\\\/pl\\\/product\\\/glassouse-pro-bundle\\\/#primaryimage\"},\"thumbnailUrl\":\"https:\\\/\\\/glassouse.com\\\/wp-content\\\/uploads\\\/2022\\\/08\\\/GlassOuse_PRO_Bundle.jpg\",\"datePublished\":\"2022-08-24T21:51:33+00:00\",\"description\":\"Kup GlassOuse PRO Assistive Bundle - doskona\u0142e rozwi\u0105zanie wspomagaj\u0105ce. Dla szk\u00f3\u0142, szpitali, o\u015brodk\u00f3w rehabilitacyjnych i organizacji.\",\"breadcrumb\":{\"@id\":\"https:\\\/\\\/glassouse.com\\\/pl\\\/product\\\/glassouse-pro-bundle\\\/#breadcrumb\"},\"inLanguage\":\"pl-PL\",\"potentialAction\":[{\"@type\":\"ReadAction\",\"target\":[\"https:\\\/\\\/glassouse.com\\\/pl\\\/product\\\/glassouse-pro-bundle\\\/\"]}]},{\"@type\":\"ImageObject\",\"inLanguage\":\"pl-PL\",\"@id\":\"https:\\\/\\\/glassouse.com\\\/pl\\\/product\\\/glassouse-pro-bundle\\\/#primaryimage\",\"url\":\"https:\\\/\\\/glassouse.com\\\/wp-content\\\/uploads\\\/2022\\\/08\\\/GlassOuse_PRO_Bundle.jpg\",\"contentUrl\":\"https:\\\/\\\/glassouse.com\\\/wp-content\\\/uploads\\\/2022\\\/08\\\/GlassOuse_PRO_Bundle.jpg\",\"width\":2560,\"height\":2560},{\"@type\":\"BreadcrumbList\",\"@id\":\"https:\\\/\\\/glassouse.com\\\/pl\\\/product\\\/glassouse-pro-bundle\\\/#breadcrumb\",\"itemListElement\":[{\"@type\":\"ListItem\",\"position\":1,\"name\":\"Home\",\"item\":\"https:\\\/\\\/glassouse.com\\\/pl\\\/strona-glowna\\\/\"},{\"@type\":\"ListItem\",\"position\":2,\"name\":\"Sklep\",\"item\":\"https:\\\/\\\/glassouse.com\\\/pl\\\/sklep\\\/\"},{\"@type\":\"ListItem\",\"position\":3,\"name\":\"GlassOuse PRO Bundle\"}]},{\"@type\":\"WebSite\",\"@id\":\"https:\\\/\\\/glassouse.com\\\/pl\\\/#website\",\"url\":\"https:\\\/\\\/glassouse.com\\\/pl\\\/\",\"name\":\"Glassouse Assistive Device\",\"description\":\"Assistive Device and Switches for Disabled\",\"publisher\":{\"@id\":\"https:\\\/\\\/glassouse.com\\\/pl\\\/#organization\"},\"potentialAction\":[{\"@type\":\"SearchAction\",\"target\":{\"@type\":\"EntryPoint\",\"urlTemplate\":\"https:\\\/\\\/glassouse.com\\\/pl\\\/?s={search_term_string}\"},\"query-input\":{\"@type\":\"PropertyValueSpecification\",\"valueRequired\":true,\"valueName\":\"search_term_string\"}}],\"inLanguage\":\"pl-PL\"},{\"@type\":\"Organization\",\"@id\":\"https:\\\/\\\/glassouse.com\\\/pl\\\/#organization\",\"name\":\"GlassOuse Assistive Device\",\"url\":\"https:\\\/\\\/glassouse.com\\\/pl\\\/\",\"logo\":{\"@type\":\"ImageObject\",\"inLanguage\":\"pl-PL\",\"@id\":\"https:\\\/\\\/glassouse.com\\\/pl\\\/#\\\/schema\\\/logo\\\/image\\\/\",\"url\":\"https:\\\/\\\/glassouse.com\\\/wp-content\\\/uploads\\\/2017\\\/11\\\/logo.jpg\",\"contentUrl\":\"https:\\\/\\\/glassouse.com\\\/wp-content\\\/uploads\\\/2017\\\/11\\\/logo.jpg\",\"width\":500,\"height\":500,\"caption\":\"GlassOuse Assistive Device\"},\"image\":{\"@id\":\"https:\\\/\\\/glassouse.com\\\/pl\\\/#\\\/schema\\\/logo\\\/image\\\/\"},\"sameAs\":[\"https:\\\/\\\/www.facebook.com\\\/glassouse\\\/\",\"https:\\\/\\\/x.com\\\/glassouse\",\"https:\\\/\\\/www.instagram.com\\\/glassouseassistivedevice\\\/\",\"https:\\\/\\\/www.linkedin.com\\\/company\\\/glassouse\\\/\",\"https:\\\/\\\/www.youtube.com\\\/channel\\\/UCM5pebcmVXbu00QYd91_Gyw\"]}]}<\/script>\n<!-- \/ Yoast SEO plugin. -->","yoast_head_json":{"title":"Zestaw GlassOuse PRO ze wszystkimi prze\u0142\u0105cznikami adaptacyjnymi","description":"Kup GlassOuse PRO Assistive Bundle - doskona\u0142e rozwi\u0105zanie wspomagaj\u0105ce. Dla szk\u00f3\u0142, szpitali, o\u015brodk\u00f3w rehabilitacyjnych i organizacji.","robots":{"index":"index","follow":"follow","max-snippet":"max-snippet:-1","max-image-preview":"max-image-preview:large","max-video-preview":"max-video-preview:-1"},"canonical":"https:\/\/glassouse.com\/pl\/product\/glassouse-pro-bundle\/","og_locale":"pl_PL","og_type":"article","og_title":"Zestaw GlassOuse PRO ze wszystkimi prze\u0142\u0105cznikami adaptacyjnymi","og_description":"Kup GlassOuse PRO Assistive Bundle - doskona\u0142e rozwi\u0105zanie wspomagaj\u0105ce. Dla szk\u00f3\u0142, szpitali, o\u015brodk\u00f3w rehabilitacyjnych i organizacji.","og_url":"https:\/\/glassouse.com\/pl\/product\/glassouse-pro-bundle\/","og_site_name":"Glassouse Assistive Device","article_publisher":"https:\/\/www.facebook.com\/glassouse\/","og_image":[{"width":2560,"height":2560,"url":"https:\/\/glassouse.com\/wp-content\/uploads\/2022\/08\/GlassOuse_PRO_Bundle.jpg","type":"image\/jpeg"}],"twitter_card":"summary_large_image","twitter_site":"@glassouse","schema":{"@context":"https:\/\/schema.org","@graph":[{"@type":"WebPage","@id":"https:\/\/glassouse.com\/pl\/product\/glassouse-pro-bundle\/","url":"https:\/\/glassouse.com\/pl\/product\/glassouse-pro-bundle\/","name":"Zestaw GlassOuse PRO ze wszystkimi prze\u0142\u0105cznikami adaptacyjnymi","isPartOf":{"@id":"https:\/\/glassouse.com\/pl\/#website"},"primaryImageOfPage":{"@id":"https:\/\/glassouse.com\/pl\/product\/glassouse-pro-bundle\/#primaryimage"},"image":{"@id":"https:\/\/glassouse.com\/pl\/product\/glassouse-pro-bundle\/#primaryimage"},"thumbnailUrl":"https:\/\/glassouse.com\/wp-content\/uploads\/2022\/08\/GlassOuse_PRO_Bundle.jpg","datePublished":"2022-08-24T21:51:33+00:00","description":"Kup GlassOuse PRO Assistive Bundle - doskona\u0142e rozwi\u0105zanie wspomagaj\u0105ce. Dla szk\u00f3\u0142, szpitali, o\u015brodk\u00f3w rehabilitacyjnych i organizacji.","breadcrumb":{"@id":"https:\/\/glassouse.com\/pl\/product\/glassouse-pro-bundle\/#breadcrumb"},"inLanguage":"pl-PL","potentialAction":[{"@type":"ReadAction","target":["https:\/\/glassouse.com\/pl\/product\/glassouse-pro-bundle\/"]}]},{"@type":"ImageObject","inLanguage":"pl-PL","@id":"https:\/\/glassouse.com\/pl\/product\/glassouse-pro-bundle\/#primaryimage","url":"https:\/\/glassouse.com\/wp-content\/uploads\/2022\/08\/GlassOuse_PRO_Bundle.jpg","contentUrl":"https:\/\/glassouse.com\/wp-content\/uploads\/2022\/08\/GlassOuse_PRO_Bundle.jpg","width":2560,"height":2560},{"@type":"BreadcrumbList","@id":"https:\/\/glassouse.com\/pl\/product\/glassouse-pro-bundle\/#breadcrumb","itemListElement":[{"@type":"ListItem","position":1,"name":"Home","item":"https:\/\/glassouse.com\/pl\/strona-glowna\/"},{"@type":"ListItem","position":2,"name":"Sklep","item":"https:\/\/glassouse.com\/pl\/sklep\/"},{"@type":"ListItem","position":3,"name":"GlassOuse PRO Bundle"}]},{"@type":"WebSite","@id":"https:\/\/glassouse.com\/pl\/#website","url":"https:\/\/glassouse.com\/pl\/","name":"Glassouse Assistive Device","description":"Assistive Device and Switches for Disabled","publisher":{"@id":"https:\/\/glassouse.com\/pl\/#organization"},"potentialAction":[{"@type":"SearchAction","target":{"@type":"EntryPoint","urlTemplate":"https:\/\/glassouse.com\/pl\/?s={search_term_string}"},"query-input":{"@type":"PropertyValueSpecification","valueRequired":true,"valueName":"search_term_string"}}],"inLanguage":"pl-PL"},{"@type":"Organization","@id":"https:\/\/glassouse.com\/pl\/#organization","name":"GlassOuse Assistive Device","url":"https:\/\/glassouse.com\/pl\/","logo":{"@type":"ImageObject","inLanguage":"pl-PL","@id":"https:\/\/glassouse.com\/pl\/#\/schema\/logo\/image\/","url":"https:\/\/glassouse.com\/wp-content\/uploads\/2017\/11\/logo.jpg","contentUrl":"https:\/\/glassouse.com\/wp-content\/uploads\/2017\/11\/logo.jpg","width":500,"height":500,"caption":"GlassOuse Assistive Device"},"image":{"@id":"https:\/\/glassouse.com\/pl\/#\/schema\/logo\/image\/"},"sameAs":["https:\/\/www.facebook.com\/glassouse\/","https:\/\/x.com\/glassouse","https:\/\/www.instagram.com\/glassouseassistivedevice\/","https:\/\/www.linkedin.com\/company\/glassouse\/","https:\/\/www.youtube.com\/channel\/UCM5pebcmVXbu00QYd91_Gyw"]}]}},"_links":{"self":[{"href":"https:\/\/glassouse.com\/pl\/wp-json\/wp\/v2\/product\/32260","targetHints":{"allow":["GET"]}}],"collection":[{"href":"https:\/\/glassouse.com\/pl\/wp-json\/wp\/v2\/product"}],"about":[{"href":"https:\/\/glassouse.com\/pl\/wp-json\/wp\/v2\/types\/product"}],"wp:featuredmedia":[{"embeddable":true,"href":"https:\/\/glassouse.com\/pl\/wp-json\/wp\/v2\/media\/32264"}],"wp:attachment":[{"href":"https:\/\/glassouse.com\/pl\/wp-json\/wp\/v2\/media?parent=32260"}],"wp:term":[{"taxonomy":"product_brand","embeddable":true,"href":"https:\/\/glassouse.com\/pl\/wp-json\/wp\/v2\/product_brand?post=32260"},{"taxonomy":"product_cat","embeddable":true,"href":"https:\/\/glassouse.com\/pl\/wp-json\/wp\/v2\/product_cat?post=32260"},{"taxonomy":"product_tag","embeddable":true,"href":"https:\/\/glassouse.com\/pl\/wp-json\/wp\/v2\/product_tag?post=32260"}],"curies":[{"name":"wp","href":"https:\/\/api.w.org\/{rel}","templated":true}]}}