{"id":32495,"date":"2023-03-25T20:29:11","date_gmt":"2023-03-25T12:29:11","guid":{"rendered":"https:\/\/glassouse.com\/product\/glassouse-v1-4-2\/"},"modified":"2023-03-25T20:29:11","modified_gmt":"2023-03-25T12:29:11","slug":"glassouse-v1-4-2","status":"publish","type":"product","link":"https:\/\/glassouse.com\/pl\/product\/glassouse-v1-4-2\/","title":{"rendered":"GlassOuse V1.4"},"content":{"rendered":"","protected":false},"excerpt":{"rendered":"","protected":false},"featured_media":30783,"template":"","meta":{"_acf_changed":false},"product_brand":[],"product_cat":[294],"product_tag":[],"class_list":{"0":"post-32495","1":"product","2":"type-product","3":"status-publish","4":"has-post-thumbnail","6":"product_cat-urzadzenia-wspomagajace-glassouse","8":"first","9":"instock","10":"shipping-taxable","11":"purchasable","12":"product-type-composite"},"acf":[],"yoast_head":"<!-- This site is optimized with the Yoast SEO plugin v27.4 - https:\/\/yoast.com\/product\/yoast-seo-wordpress\/ -->\n<title>GlassOuse V1.4 - Glassouse Assistive Device<\/title>\n<meta name=\"description\" content=\"Kup GlassOuse V1.4, najpopularniejsz\u0105 na \u015bwiecie mysz asystuj\u0105c\u0105 sterowan\u0105 g\u0142ow\u0105 dla os\u00f3b o ograniczonej sprawno\u015bci ruchowej. Ciesz si\u0119 kontrol\u0105 bez u\u017cycia r\u0105k, zwi\u0119kszon\u0105 precyzj\u0105 i niezr\u00f3wnanym komfortem.\" \/>\n<meta name=\"robots\" content=\"index, follow, max-snippet:-1, max-image-preview:large, max-video-preview:-1\" \/>\n<link rel=\"canonical\" href=\"https:\/\/glassouse.com\/pl\/product\/glassouse-v1-4-2\/\" \/>\n<meta property=\"og:locale\" content=\"pl_PL\" \/>\n<meta property=\"og:type\" content=\"article\" \/>\n<meta property=\"og:title\" content=\"GlassOuse V1.4 - Glassouse Assistive Device\" \/>\n<meta property=\"og:description\" content=\"Kup GlassOuse V1.4, najpopularniejsz\u0105 na \u015bwiecie mysz asystuj\u0105c\u0105 sterowan\u0105 g\u0142ow\u0105 dla os\u00f3b o ograniczonej sprawno\u015bci ruchowej. Ciesz si\u0119 kontrol\u0105 bez u\u017cycia r\u0105k, zwi\u0119kszon\u0105 precyzj\u0105 i niezr\u00f3wnanym komfortem.\" \/>\n<meta property=\"og:url\" content=\"https:\/\/glassouse.com\/pl\/product\/glassouse-v1-4-2\/\" \/>\n<meta property=\"og:site_name\" content=\"Glassouse Assistive Device\" \/>\n<meta property=\"article:publisher\" content=\"https:\/\/www.facebook.com\/glassouse\/\" \/>\n<meta property=\"og:image\" content=\"https:\/\/glassouse.com\/wp-content\/uploads\/2021\/07\/GlassOuse-V1.4-4.jpg\" \/>\n\t<meta property=\"og:image:width\" content=\"1000\" \/>\n\t<meta property=\"og:image:height\" content=\"1000\" \/>\n\t<meta property=\"og:image:type\" content=\"image\/jpeg\" \/>\n<meta name=\"twitter:card\" content=\"summary_large_image\" \/>\n<meta name=\"twitter:site\" content=\"@glassouse\" \/>\n<script type=\"application\/ld+json\" class=\"yoast-schema-graph\">{\"@context\":\"https:\\\/\\\/schema.org\",\"@graph\":[{\"@type\":\"WebPage\",\"@id\":\"https:\\\/\\\/glassouse.com\\\/pl\\\/product\\\/glassouse-v1-4-2\\\/\",\"url\":\"https:\\\/\\\/glassouse.com\\\/pl\\\/product\\\/glassouse-v1-4-2\\\/\",\"name\":\"GlassOuse V1.4 - Glassouse Assistive Device\",\"isPartOf\":{\"@id\":\"https:\\\/\\\/glassouse.com\\\/pl\\\/#website\"},\"primaryImageOfPage\":{\"@id\":\"https:\\\/\\\/glassouse.com\\\/pl\\\/product\\\/glassouse-v1-4-2\\\/#primaryimage\"},\"image\":{\"@id\":\"https:\\\/\\\/glassouse.com\\\/pl\\\/product\\\/glassouse-v1-4-2\\\/#primaryimage\"},\"thumbnailUrl\":\"https:\\\/\\\/glassouse.com\\\/wp-content\\\/uploads\\\/2021\\\/07\\\/GlassOuse-V1.4-4.jpg\",\"datePublished\":\"2023-03-25T12:29:11+00:00\",\"description\":\"Kup GlassOuse V1.4, najpopularniejsz\u0105 na \u015bwiecie mysz asystuj\u0105c\u0105 sterowan\u0105 g\u0142ow\u0105 dla os\u00f3b o ograniczonej sprawno\u015bci ruchowej. Ciesz si\u0119 kontrol\u0105 bez u\u017cycia r\u0105k, zwi\u0119kszon\u0105 precyzj\u0105 i niezr\u00f3wnanym komfortem.\",\"breadcrumb\":{\"@id\":\"https:\\\/\\\/glassouse.com\\\/pl\\\/product\\\/glassouse-v1-4-2\\\/#breadcrumb\"},\"inLanguage\":\"pl-PL\",\"potentialAction\":[{\"@type\":\"ReadAction\",\"target\":[\"https:\\\/\\\/glassouse.com\\\/pl\\\/product\\\/glassouse-v1-4-2\\\/\"]}]},{\"@type\":\"ImageObject\",\"inLanguage\":\"pl-PL\",\"@id\":\"https:\\\/\\\/glassouse.com\\\/pl\\\/product\\\/glassouse-v1-4-2\\\/#primaryimage\",\"url\":\"https:\\\/\\\/glassouse.com\\\/wp-content\\\/uploads\\\/2021\\\/07\\\/GlassOuse-V1.4-4.jpg\",\"contentUrl\":\"https:\\\/\\\/glassouse.com\\\/wp-content\\\/uploads\\\/2021\\\/07\\\/GlassOuse-V1.4-4.jpg\",\"width\":1000,\"height\":1000,\"caption\":\"GlassOuse-V1.4\"},{\"@type\":\"BreadcrumbList\",\"@id\":\"https:\\\/\\\/glassouse.com\\\/pl\\\/product\\\/glassouse-v1-4-2\\\/#breadcrumb\",\"itemListElement\":[{\"@type\":\"ListItem\",\"position\":1,\"name\":\"Home\",\"item\":\"https:\\\/\\\/glassouse.com\\\/pl\\\/strona-glowna\\\/\"},{\"@type\":\"ListItem\",\"position\":2,\"name\":\"Sklep\",\"item\":\"https:\\\/\\\/glassouse.com\\\/pl\\\/sklep\\\/\"},{\"@type\":\"ListItem\",\"position\":3,\"name\":\"GlassOuse V1.4\"}]},{\"@type\":\"WebSite\",\"@id\":\"https:\\\/\\\/glassouse.com\\\/pl\\\/#website\",\"url\":\"https:\\\/\\\/glassouse.com\\\/pl\\\/\",\"name\":\"Glassouse Assistive Device\",\"description\":\"Assistive Device and Switches for Disabled\",\"publisher\":{\"@id\":\"https:\\\/\\\/glassouse.com\\\/pl\\\/#organization\"},\"potentialAction\":[{\"@type\":\"SearchAction\",\"target\":{\"@type\":\"EntryPoint\",\"urlTemplate\":\"https:\\\/\\\/glassouse.com\\\/pl\\\/?s={search_term_string}\"},\"query-input\":{\"@type\":\"PropertyValueSpecification\",\"valueRequired\":true,\"valueName\":\"search_term_string\"}}],\"inLanguage\":\"pl-PL\"},{\"@type\":\"Organization\",\"@id\":\"https:\\\/\\\/glassouse.com\\\/pl\\\/#organization\",\"name\":\"GlassOuse Assistive Device\",\"url\":\"https:\\\/\\\/glassouse.com\\\/pl\\\/\",\"logo\":{\"@type\":\"ImageObject\",\"inLanguage\":\"pl-PL\",\"@id\":\"https:\\\/\\\/glassouse.com\\\/pl\\\/#\\\/schema\\\/logo\\\/image\\\/\",\"url\":\"https:\\\/\\\/glassouse.com\\\/wp-content\\\/uploads\\\/2017\\\/11\\\/logo.jpg\",\"contentUrl\":\"https:\\\/\\\/glassouse.com\\\/wp-content\\\/uploads\\\/2017\\\/11\\\/logo.jpg\",\"width\":500,\"height\":500,\"caption\":\"GlassOuse Assistive Device\"},\"image\":{\"@id\":\"https:\\\/\\\/glassouse.com\\\/pl\\\/#\\\/schema\\\/logo\\\/image\\\/\"},\"sameAs\":[\"https:\\\/\\\/www.facebook.com\\\/glassouse\\\/\",\"https:\\\/\\\/x.com\\\/glassouse\",\"https:\\\/\\\/www.instagram.com\\\/glassouseassistivedevice\\\/\",\"https:\\\/\\\/www.linkedin.com\\\/company\\\/glassouse\\\/\",\"https:\\\/\\\/www.youtube.com\\\/channel\\\/UCM5pebcmVXbu00QYd91_Gyw\"]}]}<\/script>\n<!-- \/ Yoast SEO plugin. -->","yoast_head_json":{"title":"GlassOuse V1.4 - Glassouse Assistive Device","description":"Kup GlassOuse V1.4, najpopularniejsz\u0105 na \u015bwiecie mysz asystuj\u0105c\u0105 sterowan\u0105 g\u0142ow\u0105 dla os\u00f3b o ograniczonej sprawno\u015bci ruchowej. Ciesz si\u0119 kontrol\u0105 bez u\u017cycia r\u0105k, zwi\u0119kszon\u0105 precyzj\u0105 i niezr\u00f3wnanym komfortem.","robots":{"index":"index","follow":"follow","max-snippet":"max-snippet:-1","max-image-preview":"max-image-preview:large","max-video-preview":"max-video-preview:-1"},"canonical":"https:\/\/glassouse.com\/pl\/product\/glassouse-v1-4-2\/","og_locale":"pl_PL","og_type":"article","og_title":"GlassOuse V1.4 - Glassouse Assistive Device","og_description":"Kup GlassOuse V1.4, najpopularniejsz\u0105 na \u015bwiecie mysz asystuj\u0105c\u0105 sterowan\u0105 g\u0142ow\u0105 dla os\u00f3b o ograniczonej sprawno\u015bci ruchowej. Ciesz si\u0119 kontrol\u0105 bez u\u017cycia r\u0105k, zwi\u0119kszon\u0105 precyzj\u0105 i niezr\u00f3wnanym komfortem.","og_url":"https:\/\/glassouse.com\/pl\/product\/glassouse-v1-4-2\/","og_site_name":"Glassouse Assistive Device","article_publisher":"https:\/\/www.facebook.com\/glassouse\/","og_image":[{"width":1000,"height":1000,"url":"https:\/\/glassouse.com\/wp-content\/uploads\/2021\/07\/GlassOuse-V1.4-4.jpg","type":"image\/jpeg"}],"twitter_card":"summary_large_image","twitter_site":"@glassouse","schema":{"@context":"https:\/\/schema.org","@graph":[{"@type":"WebPage","@id":"https:\/\/glassouse.com\/pl\/product\/glassouse-v1-4-2\/","url":"https:\/\/glassouse.com\/pl\/product\/glassouse-v1-4-2\/","name":"GlassOuse V1.4 - Glassouse Assistive Device","isPartOf":{"@id":"https:\/\/glassouse.com\/pl\/#website"},"primaryImageOfPage":{"@id":"https:\/\/glassouse.com\/pl\/product\/glassouse-v1-4-2\/#primaryimage"},"image":{"@id":"https:\/\/glassouse.com\/pl\/product\/glassouse-v1-4-2\/#primaryimage"},"thumbnailUrl":"https:\/\/glassouse.com\/wp-content\/uploads\/2021\/07\/GlassOuse-V1.4-4.jpg","datePublished":"2023-03-25T12:29:11+00:00","description":"Kup GlassOuse V1.4, najpopularniejsz\u0105 na \u015bwiecie mysz asystuj\u0105c\u0105 sterowan\u0105 g\u0142ow\u0105 dla os\u00f3b o ograniczonej sprawno\u015bci ruchowej. Ciesz si\u0119 kontrol\u0105 bez u\u017cycia r\u0105k, zwi\u0119kszon\u0105 precyzj\u0105 i niezr\u00f3wnanym komfortem.","breadcrumb":{"@id":"https:\/\/glassouse.com\/pl\/product\/glassouse-v1-4-2\/#breadcrumb"},"inLanguage":"pl-PL","potentialAction":[{"@type":"ReadAction","target":["https:\/\/glassouse.com\/pl\/product\/glassouse-v1-4-2\/"]}]},{"@type":"ImageObject","inLanguage":"pl-PL","@id":"https:\/\/glassouse.com\/pl\/product\/glassouse-v1-4-2\/#primaryimage","url":"https:\/\/glassouse.com\/wp-content\/uploads\/2021\/07\/GlassOuse-V1.4-4.jpg","contentUrl":"https:\/\/glassouse.com\/wp-content\/uploads\/2021\/07\/GlassOuse-V1.4-4.jpg","width":1000,"height":1000,"caption":"GlassOuse-V1.4"},{"@type":"BreadcrumbList","@id":"https:\/\/glassouse.com\/pl\/product\/glassouse-v1-4-2\/#breadcrumb","itemListElement":[{"@type":"ListItem","position":1,"name":"Home","item":"https:\/\/glassouse.com\/pl\/strona-glowna\/"},{"@type":"ListItem","position":2,"name":"Sklep","item":"https:\/\/glassouse.com\/pl\/sklep\/"},{"@type":"ListItem","position":3,"name":"GlassOuse V1.4"}]},{"@type":"WebSite","@id":"https:\/\/glassouse.com\/pl\/#website","url":"https:\/\/glassouse.com\/pl\/","name":"Glassouse Assistive Device","description":"Assistive Device and Switches for Disabled","publisher":{"@id":"https:\/\/glassouse.com\/pl\/#organization"},"potentialAction":[{"@type":"SearchAction","target":{"@type":"EntryPoint","urlTemplate":"https:\/\/glassouse.com\/pl\/?s={search_term_string}"},"query-input":{"@type":"PropertyValueSpecification","valueRequired":true,"valueName":"search_term_string"}}],"inLanguage":"pl-PL"},{"@type":"Organization","@id":"https:\/\/glassouse.com\/pl\/#organization","name":"GlassOuse Assistive Device","url":"https:\/\/glassouse.com\/pl\/","logo":{"@type":"ImageObject","inLanguage":"pl-PL","@id":"https:\/\/glassouse.com\/pl\/#\/schema\/logo\/image\/","url":"https:\/\/glassouse.com\/wp-content\/uploads\/2017\/11\/logo.jpg","contentUrl":"https:\/\/glassouse.com\/wp-content\/uploads\/2017\/11\/logo.jpg","width":500,"height":500,"caption":"GlassOuse Assistive Device"},"image":{"@id":"https:\/\/glassouse.com\/pl\/#\/schema\/logo\/image\/"},"sameAs":["https:\/\/www.facebook.com\/glassouse\/","https:\/\/x.com\/glassouse","https:\/\/www.instagram.com\/glassouseassistivedevice\/","https:\/\/www.linkedin.com\/company\/glassouse\/","https:\/\/www.youtube.com\/channel\/UCM5pebcmVXbu00QYd91_Gyw"]}]}},"_links":{"self":[{"href":"https:\/\/glassouse.com\/pl\/wp-json\/wp\/v2\/product\/32495","targetHints":{"allow":["GET"]}}],"collection":[{"href":"https:\/\/glassouse.com\/pl\/wp-json\/wp\/v2\/product"}],"about":[{"href":"https:\/\/glassouse.com\/pl\/wp-json\/wp\/v2\/types\/product"}],"wp:featuredmedia":[{"embeddable":true,"href":"https:\/\/glassouse.com\/pl\/wp-json\/wp\/v2\/media\/30783"}],"wp:attachment":[{"href":"https:\/\/glassouse.com\/pl\/wp-json\/wp\/v2\/media?parent=32495"}],"wp:term":[{"taxonomy":"product_brand","embeddable":true,"href":"https:\/\/glassouse.com\/pl\/wp-json\/wp\/v2\/product_brand?post=32495"},{"taxonomy":"product_cat","embeddable":true,"href":"https:\/\/glassouse.com\/pl\/wp-json\/wp\/v2\/product_cat?post=32495"},{"taxonomy":"product_tag","embeddable":true,"href":"https:\/\/glassouse.com\/pl\/wp-json\/wp\/v2\/product_tag?post=32495"}],"curies":[{"name":"wp","href":"https:\/\/api.w.org\/{rel}","templated":true}]}}