{"id":34995,"date":"2018-03-01T11:53:21","date_gmt":"2018-03-01T03:53:21","guid":{"rendered":"https:\/\/glassouse.com\/product\/gs02-glassouse-puff-switch\/"},"modified":"2026-04-27T17:50:43","modified_gmt":"2026-04-27T09:50:43","slug":"gs02-glassouse-puff-switch","status":"publish","type":"product","link":"https:\/\/glassouse.com\/pl\/product\/gs02-glassouse-puff-switch\/","title":{"rendered":"GS02 GlassOuse Puff Switch"},"content":{"rendered":"<div class=\"wpb-content-wrapper\"><p>[vc_row unlock_row_content=&#8221;yes&#8221; row_height_percent=&#8221;0&#8243; override_padding=&#8221;yes&#8221; h_padding=&#8221;0&#8243; top_padding=&#8221;0&#8243; bottom_padding=&#8221;0&#8243; overlay_alpha=&#8221;50&#8243; equal_height=&#8221;yes&#8221; gutter_size=&#8221;0&#8243; column_width_percent=&#8221;100&#8243; shift_y=&#8221;0&#8243; z_index=&#8221;0&#8243; el_class=&#8221;compact_section&#8221; uncode_shortcode_id=&#8221;152351&#8243; css=&#8221;.vc_custom_1699886063694{padding-top: 15px !important;padding-right: 0px !important;padding-left: 0px !important;}&#8221;][vc_column column_width_percent=&#8221;100&#8243; position_horizontal=&#8221;left&#8221; position_vertical=&#8221;middle&#8221; gutter_size=&#8221;0&#8243; override_padding=&#8221;yes&#8221; column_padding=&#8221;0&#8243; back_image=&#8221;35023&#8243; back_repeat=&#8221;no-repeat&#8221; overlay_alpha=&#8221;50&#8243; shift_x=&#8221;0&#8243; shift_y=&#8221;0&#8243; shift_y_down=&#8221;0&#8243; z_index=&#8221;0&#8243; medium_width=&#8221;0&#8243; mobile_width=&#8221;0&#8243; width=&#8221;1\/1&#8243; uncode_shortcode_id=&#8221;206917&#8243; css=&#8221;.vc_custom_1716503962579{padding-top: 160px !important;padding-right: 0px !important;padding-bottom: 160px !important;padding-left: 50px !important;}&#8221; el_class=&#8221;content_column bg_right_top&#8221;][vc_row_inner row_inner_height_percent=&#8221;0&#8243; force_width_grid=&#8221;yes&#8221; overlay_alpha=&#8221;50&#8243; gutter_size=&#8221;0&#8243; shift_y=&#8221;0&#8243; z_index=&#8221;0&#8243; uncode_shortcode_id=&#8221;101637&#8243; css=&#8221;.vc_custom_1699885489765{padding-right: 0px !important;padding-left: 0px !important;}&#8221; el_class=&#8221;limit-width&#8221;][vc_column_inner column_width_percent=&#8221;100&#8243; position_horizontal=&#8221;left&#8221; position_vertical=&#8221;middle&#8221; gutter_size=&#8221;0&#8243; override_padding=&#8221;yes&#8221; column_padding=&#8221;0&#8243; overlay_alpha=&#8221;50&#8243; shift_x=&#8221;0&#8243; shift_y=&#8221;0&#8243; shift_y_down=&#8221;0&#8243; z_index=&#8221;0&#8243; medium_width=&#8221;0&#8243; mobile_width=&#8221;0&#8243; width=&#8221;1\/2&#8243; uncode_shortcode_id=&#8221;160996&#8243; css=&#8221;.vc_custom_1699830045690{padding-right: 2% !important;padding-left: 0px !important;}&#8221;][vc_custom_heading text_color=&#8221;color-jevc&#8221; text_size=&#8221;h3&#8243; text_weight=&#8221;600&#8243; uncode_shortcode_id=&#8221;204153&#8243; text_color_type=&#8221;uncode-palette&#8221; el_class=&#8221;lh-1&#8243;]Nigdy wi\u0119cej \u0142yk\u00f3w<br \/>\nW pe\u0142ni elektroniczny system[\/vc_custom_heading][vc_separator sep_color=&#8221;&#8221; icon_position=&#8221;left&#8221; el_height=&#8221;5px&#8221; uncode_shortcode_id=&#8221;162390&#8243; sep_color_type=&#8221;uncode-solid&#8221; el_width=&#8221;40px&#8221; sep_color_solid=&#8221;#43b8db&#8221; el_class=&#8221;c-divider&#8221;][\/vc_column_inner][vc_column_inner width=&#8221;1\/2&#8243;][\/vc_column_inner][\/vc_row_inner][\/vc_column][\/vc_row][vc_row row_height_percent=&#8221;0&#8243; overlay_alpha=&#8221;50&#8243; gutter_size=&#8221;3&#8243; column_width_percent=&#8221;100&#8243; shift_y=&#8221;0&#8243; z_index=&#8221;0&#8243; uncode_shortcode_id=&#8221;167275&#8243; css=&#8221;.vc_custom_1699887163315{padding-top: 50px !important;}&#8221;][vc_column column_width_percent=&#8221;100&#8243; align_horizontal=&#8221;align_center&#8221; gutter_size=&#8221;3&#8243; overlay_alpha=&#8221;50&#8243; shift_x=&#8221;0&#8243; shift_y=&#8221;0&#8243; shift_y_down=&#8221;0&#8243; z_index=&#8221;0&#8243; medium_width=&#8221;0&#8243; mobile_width=&#8221;0&#8243; width=&#8221;1\/1&#8243; uncode_shortcode_id=&#8221;798976&#8243;][vc_custom_heading text_color=&#8221;color-jevc&#8221; text_size=&#8221;h3&#8243; text_weight=&#8221;700&#8243; text_height=&#8221;lh-n&#8221; uncode_shortcode_id=&#8221;215301&#8243; text_color_type=&#8221;uncode-palette&#8221;]Puff Switch[\/vc_custom_heading][vc_custom_heading text_color=&#8221;color-jevc&#8221; heading_semantic=&#8221;p&#8221; text_size=&#8221;&#8221; text_weight=&#8221;500&#8243; text_height=&#8221;lh-n&#8221; uncode_shortcode_id=&#8221;246135&#8243; text_color_type=&#8221;uncode-palette&#8221; el_class=&#8221;mt-0 pt-10&#8243;]Kompatybilny z[\/vc_custom_heading][vc_row_inner row_inner_height_percent=&#8221;0&#8243; overlay_alpha=&#8221;50&#8243; gutter_size=&#8221;3&#8243; shift_y=&#8221;0&#8243; z_index=&#8221;0&#8243; uncode_shortcode_id=&#8221;190634&#8243; el_class=&#8221;icon_boxs_wrap&#8221; css=&#8221;.vc_custom_1699887284713{margin-top: 50px !important;padding-bottom: 0px !important;}&#8221;][vc_column_inner column_width_percent=&#8221;100&#8243; align_horizontal=&#8221;align_center&#8221; gutter_size=&#8221;2&#8243; overlay_alpha=&#8221;50&#8243; shift_x=&#8221;0&#8243; shift_y=&#8221;0&#8243; shift_y_down=&#8221;0&#8243; z_index=&#8221;0&#8243; medium_width=&#8221;0&#8243; mobile_width=&#8221;0&#8243; width=&#8221;1\/1&#8243; uncode_shortcode_id=&#8221;168717&#8243;][vc_icon display=&#8221;inline&#8221; icon_image=&#8221;21103&#8243; media_size=&#8221;300&#8243; text_size=&#8221;h4&#8243; text_weight=&#8221;500&#8243; text_height=&#8221;lh-n&#8221; uncode_shortcode_id=&#8221;846250&#8243; title=&#8221;GlassOuse PRO\/Link&#8221;][\/vc_icon][vc_icon display=&#8221;inline&#8221; icon_image=&#8221;21111&#8243; media_size=&#8221;300&#8243; text_size=&#8221;h4&#8243; text_weight=&#8221;500&#8243; text_height=&#8221;lh-n&#8221; uncode_shortcode_id=&#8221;125397&#8243; title=&#8221;GlassOuse 1.4&#8243;][\/vc_icon][\/vc_column_inner][\/vc_row_inner][\/vc_column][\/vc_row][vc_row row_height_percent=&#8221;0&#8243; override_padding=&#8221;yes&#8221; h_padding=&#8221;0&#8243; top_padding=&#8221;0&#8243; bottom_padding=&#8221;3&#8243; overlay_alpha=&#8221;50&#8243; gutter_size=&#8221;3&#8243; column_width_percent=&#8221;100&#8243; shift_y=&#8221;0&#8243; z_index=&#8221;0&#8243; uncode_shortcode_id=&#8221;337339&#8243; css=&#8221;.vc_custom_1699889376802{padding-top: 10px !important;}&#8221;][vc_column column_width_percent=&#8221;65&#8243; gutter_size=&#8221;3&#8243; overlay_alpha=&#8221;50&#8243; shift_x=&#8221;0&#8243; shift_y=&#8221;0&#8243; shift_y_down=&#8221;0&#8243; z_index=&#8221;0&#8243; medium_width=&#8221;0&#8243; mobile_width=&#8221;0&#8243; width=&#8221;1\/1&#8243; uncode_shortcode_id=&#8221;668692&#8243;][vc_icon position=&#8221;left&#8221; icon=&#8221;fa fa-play&#8221; icon_image=&#8221;21982&#8243; icon_color=&#8221;color-xsdn&#8221; uncode_shortcode_id=&#8221;949815&#8243; icon_color_type=&#8221;uncode-palette&#8221; el_class=&#8221;video_box&#8221; media_lightbox=&#8221;21990&#8243;][\/vc_icon][vc_column_text uncode_shortcode_id=&#8221;102984&#8243;]<strong>Puff Switch zosta\u0142 zaprojektowany z my\u015bl\u0105 o GlassOuse V1.2,<\/strong> ale mo\u017cna go pod\u0142\u0105czy\u0107 do dowolnego przystosowanego urz\u0105dzenia oferuj\u0105cego wtyczk\u0119 jack 3,5 mm typu m\u0119sko-\u017ce\u0144skiego do zewn\u0119trznego sterowania prze\u0142\u0105cznikami. W przeciwie\u0144stwie do zwyk\u0142ych system\u00f3w sip and puff, Puff Switch wykorzystuje modu\u0142 elektroniczny do wykonywania klikni\u0119\u0107 za pomoc\u0105 zaci\u0105gni\u0119\u0107. Wystarczy dmuchn\u0105\u0107 w kierunku prze\u0142\u0105cznika, a wbudowany wyzwalacz dmuchania zamieni cz\u0119stotliwo\u015bci dmuchania w sygna\u0142y do wykonywania klikni\u0119\u0107.  <\/p>\n<p><strong>Prze\u0142\u0105cznik dzia\u0142a z bateri\u0105 pastylkow\u0105 &#8211; niezwykle \u0142atw\u0105 do wymiany &#8211; a \u017cywotno\u015b\u0107 baterii mo\u017ce wynosi\u0107 do dw\u00f3ch miesi\u0119cy.<\/strong>  Inteligentna bateria Puff Switch wy\u0142\u0105czy prze\u0142\u0105cznik automatycznie po godzinie, je\u015bli nie jest u\u017cywany, aby cieszy\u0107 si\u0119 d\u0142u\u017csz\u0105 \u017cywotno\u015bci\u0105 baterii, podczas gdy prze\u0142\u0105cznik mo\u017cna r\u00f3wnie\u017c wy\u0142\u0105czy\u0107 r\u0119cznie, naciskaj\u0105c ma\u0142y przycisk umieszczony na module.[\/vc_column_text][vc_gallery el_id=&#8221;gallery-469288&#8243; isotope_mode=&#8221;fitRows&#8221; medias=&#8221;35025,35027&#8243; gutter_size=&#8221;2&#8243; screen_lg=&#8221;1000&#8243; screen_md=&#8221;600&#8243; screen_sm=&#8221;480&#8243; single_overlay_opacity=&#8221;50&#8243; single_image_magnetic=&#8221;yes&#8221; single_h_align=&#8221;center&#8221; single_padding=&#8221;2&#8243; uncode_shortcode_id=&#8221;270648&#8243; items=&#8221;eyIxMjIwNF9pIjp7InNpbmdsZV90ZXh0Ijoib3ZlcmxheSJ9fQ==&#8221; el_class=&#8221;c_gallery two_column_gallery&#8221;][vc_gallery el_id=&#8221;gallery-469288&#8243; medias=&#8221;35029&#8243; gutter_size=&#8221;3&#8243; screen_lg=&#8221;1000&#8243; screen_md=&#8221;600&#8243; screen_sm=&#8221;480&#8243; single_width=&#8221;12&#8243; single_overlay_opacity=&#8221;50&#8243; single_padding=&#8221;2&#8243; uncode_shortcode_id=&#8221;124254&#8243; el_class=&#8221;c_gallery mt-0 pt-20&#8243;][\/vc_column][\/vc_row]<\/p>\n<\/div>","protected":false},"excerpt":{"rendered":"<p>[vc_row unlock_row_content=&#8221;yes&#8221; row_height_percent=&#8221;0&#8243; override_padding=&#8221;yes&#8221; h_padding=&#8221;0&#8243; top_padding=&#8221;0&#8243; bottom_padding=&#8221;0&#8243; overlay_alpha=&#8221;50&#8243; equal_height=&#8221;yes&#8221; gutter_size=&#8221;0&#8243; column_width_percent=&#8221;100&#8243; shift_y=&#8221;0&#8243; z_index=&#8221;0&#8243; el_class=&#8221;compact_section&#8221; uncode_shortcode_id=&#8221;152351&#8243; css=&#8221;.vc_custom_1699886063694{padding-top: 15px !important;padding-right: 0px !important;padding-left: [&hellip;]<\/p>\n","protected":false},"featured_media":32269,"template":"","meta":{"_acf_changed":false},"product_brand":[],"product_cat":[424],"product_tag":[],"class_list":{"0":"post-34995","1":"product","2":"type-product","3":"status-publish","4":"has-post-thumbnail","6":"product_cat-przelaczniki-g","8":"first","9":"instock","10":"shipping-taxable","11":"purchasable","12":"product-type-variable","13":"has-default-attributes"},"acf":[],"yoast_head":"<!-- This site is optimized with the Yoast SEO plugin v27.4 - https:\/\/yoast.com\/product\/yoast-seo-wordpress\/ -->\n<title>GlassOuse Puff Switch na sprzeda\u017c - urz\u0105dzenie wspomagaj\u0105ce dla os\u00f3b niepe\u0142nosprawnych<\/title>\n<meta name=\"description\" content=\"Kup prze\u0142\u0105cznik Puff od GlassOuse, wykorzystuje w pe\u0142ni elektroniczny system, kompatybilny z GlassOuse V1.2 i innymi urz\u0105dzeniami z gniazdem 3,5 mm. Wysy\u0142ka na ca\u0142y \u015bwiat.\" \/>\n<meta name=\"robots\" content=\"index, follow, max-snippet:-1, max-image-preview:large, max-video-preview:-1\" \/>\n<link rel=\"canonical\" href=\"https:\/\/glassouse.com\/pl\/product\/gs02-glassouse-puff-switch\/\" \/>\n<meta property=\"og:locale\" content=\"pl_PL\" \/>\n<meta property=\"og:type\" content=\"article\" \/>\n<meta property=\"og:title\" content=\"GlassOuse Puff Switch na sprzeda\u017c - urz\u0105dzenie wspomagaj\u0105ce dla os\u00f3b niepe\u0142nosprawnych\" \/>\n<meta property=\"og:description\" content=\"Kup prze\u0142\u0105cznik Puff od GlassOuse, wykorzystuje w pe\u0142ni elektroniczny system, kompatybilny z GlassOuse V1.2 i innymi urz\u0105dzeniami z gniazdem 3,5 mm. Wysy\u0142ka na ca\u0142y \u015bwiat.\" \/>\n<meta property=\"og:url\" content=\"https:\/\/glassouse.com\/pl\/product\/gs02-glassouse-puff-switch\/\" \/>\n<meta property=\"og:site_name\" content=\"Glassouse Assistive Device\" \/>\n<meta property=\"article:publisher\" content=\"https:\/\/www.facebook.com\/glassouse\/\" \/>\n<meta property=\"article:modified_time\" content=\"2026-04-27T09:50:43+00:00\" \/>\n<meta property=\"og:image\" content=\"https:\/\/glassouse.com\/wp-content\/uploads\/2018\/03\/GS02-image-2.jpg\" \/>\n\t<meta property=\"og:image:width\" content=\"1000\" \/>\n\t<meta property=\"og:image:height\" content=\"1000\" \/>\n\t<meta property=\"og:image:type\" content=\"image\/jpeg\" \/>\n<meta name=\"twitter:card\" content=\"summary_large_image\" \/>\n<meta name=\"twitter:site\" content=\"@glassouse\" \/>\n<meta name=\"twitter:label1\" content=\"Szacowany czas czytania\" \/>\n\t<meta name=\"twitter:data1\" content=\"4 minuty\" \/>\n<script type=\"application\/ld+json\" class=\"yoast-schema-graph\">{\"@context\":\"https:\\\/\\\/schema.org\",\"@graph\":[{\"@type\":\"WebPage\",\"@id\":\"https:\\\/\\\/glassouse.com\\\/pl\\\/product\\\/gs02-glassouse-puff-switch\\\/\",\"url\":\"https:\\\/\\\/glassouse.com\\\/pl\\\/product\\\/gs02-glassouse-puff-switch\\\/\",\"name\":\"GlassOuse Puff Switch na sprzeda\u017c - urz\u0105dzenie wspomagaj\u0105ce dla os\u00f3b niepe\u0142nosprawnych\",\"isPartOf\":{\"@id\":\"https:\\\/\\\/glassouse.com\\\/pl\\\/#website\"},\"primaryImageOfPage\":{\"@id\":\"https:\\\/\\\/glassouse.com\\\/pl\\\/product\\\/gs02-glassouse-puff-switch\\\/#primaryimage\"},\"image\":{\"@id\":\"https:\\\/\\\/glassouse.com\\\/pl\\\/product\\\/gs02-glassouse-puff-switch\\\/#primaryimage\"},\"thumbnailUrl\":\"https:\\\/\\\/glassouse.com\\\/wp-content\\\/uploads\\\/2018\\\/03\\\/GS02-image-2.jpg\",\"datePublished\":\"2018-03-01T03:53:21+00:00\",\"dateModified\":\"2026-04-27T09:50:43+00:00\",\"description\":\"Kup prze\u0142\u0105cznik Puff od GlassOuse, wykorzystuje w pe\u0142ni elektroniczny system, kompatybilny z GlassOuse V1.2 i innymi urz\u0105dzeniami z gniazdem 3,5 mm. Wysy\u0142ka na ca\u0142y \u015bwiat.\",\"breadcrumb\":{\"@id\":\"https:\\\/\\\/glassouse.com\\\/pl\\\/product\\\/gs02-glassouse-puff-switch\\\/#breadcrumb\"},\"inLanguage\":\"pl-PL\",\"potentialAction\":[{\"@type\":\"ReadAction\",\"target\":[\"https:\\\/\\\/glassouse.com\\\/pl\\\/product\\\/gs02-glassouse-puff-switch\\\/\"]}]},{\"@type\":\"ImageObject\",\"inLanguage\":\"pl-PL\",\"@id\":\"https:\\\/\\\/glassouse.com\\\/pl\\\/product\\\/gs02-glassouse-puff-switch\\\/#primaryimage\",\"url\":\"https:\\\/\\\/glassouse.com\\\/wp-content\\\/uploads\\\/2018\\\/03\\\/GS02-image-2.jpg\",\"contentUrl\":\"https:\\\/\\\/glassouse.com\\\/wp-content\\\/uploads\\\/2018\\\/03\\\/GS02-image-2.jpg\",\"width\":1000,\"height\":1000,\"caption\":\"GS02\"},{\"@type\":\"BreadcrumbList\",\"@id\":\"https:\\\/\\\/glassouse.com\\\/pl\\\/product\\\/gs02-glassouse-puff-switch\\\/#breadcrumb\",\"itemListElement\":[{\"@type\":\"ListItem\",\"position\":1,\"name\":\"Home\",\"item\":\"https:\\\/\\\/glassouse.com\\\/pl\\\/strona-glowna\\\/\"},{\"@type\":\"ListItem\",\"position\":2,\"name\":\"Sklep\",\"item\":\"https:\\\/\\\/glassouse.com\\\/pl\\\/sklep\\\/\"},{\"@type\":\"ListItem\",\"position\":3,\"name\":\"GS02 GlassOuse Puff Switch\"}]},{\"@type\":\"WebSite\",\"@id\":\"https:\\\/\\\/glassouse.com\\\/pl\\\/#website\",\"url\":\"https:\\\/\\\/glassouse.com\\\/pl\\\/\",\"name\":\"Glassouse Assistive Device\",\"description\":\"Assistive Device and Switches for Disabled\",\"publisher\":{\"@id\":\"https:\\\/\\\/glassouse.com\\\/pl\\\/#organization\"},\"potentialAction\":[{\"@type\":\"SearchAction\",\"target\":{\"@type\":\"EntryPoint\",\"urlTemplate\":\"https:\\\/\\\/glassouse.com\\\/pl\\\/?s={search_term_string}\"},\"query-input\":{\"@type\":\"PropertyValueSpecification\",\"valueRequired\":true,\"valueName\":\"search_term_string\"}}],\"inLanguage\":\"pl-PL\"},{\"@type\":\"Organization\",\"@id\":\"https:\\\/\\\/glassouse.com\\\/pl\\\/#organization\",\"name\":\"GlassOuse Assistive Device\",\"url\":\"https:\\\/\\\/glassouse.com\\\/pl\\\/\",\"logo\":{\"@type\":\"ImageObject\",\"inLanguage\":\"pl-PL\",\"@id\":\"https:\\\/\\\/glassouse.com\\\/pl\\\/#\\\/schema\\\/logo\\\/image\\\/\",\"url\":\"https:\\\/\\\/glassouse.com\\\/wp-content\\\/uploads\\\/2017\\\/11\\\/logo.jpg\",\"contentUrl\":\"https:\\\/\\\/glassouse.com\\\/wp-content\\\/uploads\\\/2017\\\/11\\\/logo.jpg\",\"width\":500,\"height\":500,\"caption\":\"GlassOuse Assistive Device\"},\"image\":{\"@id\":\"https:\\\/\\\/glassouse.com\\\/pl\\\/#\\\/schema\\\/logo\\\/image\\\/\"},\"sameAs\":[\"https:\\\/\\\/www.facebook.com\\\/glassouse\\\/\",\"https:\\\/\\\/x.com\\\/glassouse\",\"https:\\\/\\\/www.instagram.com\\\/glassouseassistivedevice\\\/\",\"https:\\\/\\\/www.linkedin.com\\\/company\\\/glassouse\\\/\",\"https:\\\/\\\/www.youtube.com\\\/channel\\\/UCM5pebcmVXbu00QYd91_Gyw\"]}]}<\/script>\n<!-- \/ Yoast SEO plugin. -->","yoast_head_json":{"title":"GlassOuse Puff Switch na sprzeda\u017c - urz\u0105dzenie wspomagaj\u0105ce dla os\u00f3b niepe\u0142nosprawnych","description":"Kup prze\u0142\u0105cznik Puff od GlassOuse, wykorzystuje w pe\u0142ni elektroniczny system, kompatybilny z GlassOuse V1.2 i innymi urz\u0105dzeniami z gniazdem 3,5 mm. Wysy\u0142ka na ca\u0142y \u015bwiat.","robots":{"index":"index","follow":"follow","max-snippet":"max-snippet:-1","max-image-preview":"max-image-preview:large","max-video-preview":"max-video-preview:-1"},"canonical":"https:\/\/glassouse.com\/pl\/product\/gs02-glassouse-puff-switch\/","og_locale":"pl_PL","og_type":"article","og_title":"GlassOuse Puff Switch na sprzeda\u017c - urz\u0105dzenie wspomagaj\u0105ce dla os\u00f3b niepe\u0142nosprawnych","og_description":"Kup prze\u0142\u0105cznik Puff od GlassOuse, wykorzystuje w pe\u0142ni elektroniczny system, kompatybilny z GlassOuse V1.2 i innymi urz\u0105dzeniami z gniazdem 3,5 mm. Wysy\u0142ka na ca\u0142y \u015bwiat.","og_url":"https:\/\/glassouse.com\/pl\/product\/gs02-glassouse-puff-switch\/","og_site_name":"Glassouse Assistive Device","article_publisher":"https:\/\/www.facebook.com\/glassouse\/","article_modified_time":"2026-04-27T09:50:43+00:00","og_image":[{"width":1000,"height":1000,"url":"https:\/\/glassouse.com\/wp-content\/uploads\/2018\/03\/GS02-image-2.jpg","type":"image\/jpeg"}],"twitter_card":"summary_large_image","twitter_site":"@glassouse","twitter_misc":{"Szacowany czas czytania":"4 minuty"},"schema":{"@context":"https:\/\/schema.org","@graph":[{"@type":"WebPage","@id":"https:\/\/glassouse.com\/pl\/product\/gs02-glassouse-puff-switch\/","url":"https:\/\/glassouse.com\/pl\/product\/gs02-glassouse-puff-switch\/","name":"GlassOuse Puff Switch na sprzeda\u017c - urz\u0105dzenie wspomagaj\u0105ce dla os\u00f3b niepe\u0142nosprawnych","isPartOf":{"@id":"https:\/\/glassouse.com\/pl\/#website"},"primaryImageOfPage":{"@id":"https:\/\/glassouse.com\/pl\/product\/gs02-glassouse-puff-switch\/#primaryimage"},"image":{"@id":"https:\/\/glassouse.com\/pl\/product\/gs02-glassouse-puff-switch\/#primaryimage"},"thumbnailUrl":"https:\/\/glassouse.com\/wp-content\/uploads\/2018\/03\/GS02-image-2.jpg","datePublished":"2018-03-01T03:53:21+00:00","dateModified":"2026-04-27T09:50:43+00:00","description":"Kup prze\u0142\u0105cznik Puff od GlassOuse, wykorzystuje w pe\u0142ni elektroniczny system, kompatybilny z GlassOuse V1.2 i innymi urz\u0105dzeniami z gniazdem 3,5 mm. Wysy\u0142ka na ca\u0142y \u015bwiat.","breadcrumb":{"@id":"https:\/\/glassouse.com\/pl\/product\/gs02-glassouse-puff-switch\/#breadcrumb"},"inLanguage":"pl-PL","potentialAction":[{"@type":"ReadAction","target":["https:\/\/glassouse.com\/pl\/product\/gs02-glassouse-puff-switch\/"]}]},{"@type":"ImageObject","inLanguage":"pl-PL","@id":"https:\/\/glassouse.com\/pl\/product\/gs02-glassouse-puff-switch\/#primaryimage","url":"https:\/\/glassouse.com\/wp-content\/uploads\/2018\/03\/GS02-image-2.jpg","contentUrl":"https:\/\/glassouse.com\/wp-content\/uploads\/2018\/03\/GS02-image-2.jpg","width":1000,"height":1000,"caption":"GS02"},{"@type":"BreadcrumbList","@id":"https:\/\/glassouse.com\/pl\/product\/gs02-glassouse-puff-switch\/#breadcrumb","itemListElement":[{"@type":"ListItem","position":1,"name":"Home","item":"https:\/\/glassouse.com\/pl\/strona-glowna\/"},{"@type":"ListItem","position":2,"name":"Sklep","item":"https:\/\/glassouse.com\/pl\/sklep\/"},{"@type":"ListItem","position":3,"name":"GS02 GlassOuse Puff Switch"}]},{"@type":"WebSite","@id":"https:\/\/glassouse.com\/pl\/#website","url":"https:\/\/glassouse.com\/pl\/","name":"Glassouse Assistive Device","description":"Assistive Device and Switches for Disabled","publisher":{"@id":"https:\/\/glassouse.com\/pl\/#organization"},"potentialAction":[{"@type":"SearchAction","target":{"@type":"EntryPoint","urlTemplate":"https:\/\/glassouse.com\/pl\/?s={search_term_string}"},"query-input":{"@type":"PropertyValueSpecification","valueRequired":true,"valueName":"search_term_string"}}],"inLanguage":"pl-PL"},{"@type":"Organization","@id":"https:\/\/glassouse.com\/pl\/#organization","name":"GlassOuse Assistive Device","url":"https:\/\/glassouse.com\/pl\/","logo":{"@type":"ImageObject","inLanguage":"pl-PL","@id":"https:\/\/glassouse.com\/pl\/#\/schema\/logo\/image\/","url":"https:\/\/glassouse.com\/wp-content\/uploads\/2017\/11\/logo.jpg","contentUrl":"https:\/\/glassouse.com\/wp-content\/uploads\/2017\/11\/logo.jpg","width":500,"height":500,"caption":"GlassOuse Assistive Device"},"image":{"@id":"https:\/\/glassouse.com\/pl\/#\/schema\/logo\/image\/"},"sameAs":["https:\/\/www.facebook.com\/glassouse\/","https:\/\/x.com\/glassouse","https:\/\/www.instagram.com\/glassouseassistivedevice\/","https:\/\/www.linkedin.com\/company\/glassouse\/","https:\/\/www.youtube.com\/channel\/UCM5pebcmVXbu00QYd91_Gyw"]}]}},"_links":{"self":[{"href":"https:\/\/glassouse.com\/pl\/wp-json\/wp\/v2\/product\/34995","targetHints":{"allow":["GET"]}}],"collection":[{"href":"https:\/\/glassouse.com\/pl\/wp-json\/wp\/v2\/product"}],"about":[{"href":"https:\/\/glassouse.com\/pl\/wp-json\/wp\/v2\/types\/product"}],"wp:featuredmedia":[{"embeddable":true,"href":"https:\/\/glassouse.com\/pl\/wp-json\/wp\/v2\/media\/32269"}],"wp:attachment":[{"href":"https:\/\/glassouse.com\/pl\/wp-json\/wp\/v2\/media?parent=34995"}],"wp:term":[{"taxonomy":"product_brand","embeddable":true,"href":"https:\/\/glassouse.com\/pl\/wp-json\/wp\/v2\/product_brand?post=34995"},{"taxonomy":"product_cat","embeddable":true,"href":"https:\/\/glassouse.com\/pl\/wp-json\/wp\/v2\/product_cat?post=34995"},{"taxonomy":"product_tag","embeddable":true,"href":"https:\/\/glassouse.com\/pl\/wp-json\/wp\/v2\/product_tag?post=34995"}],"curies":[{"name":"wp","href":"https:\/\/api.w.org\/{rel}","templated":true}]}}