{"id":37383,"date":"2019-04-15T14:38:47","date_gmt":"2019-04-15T06:38:47","guid":{"rendered":"https:\/\/glassouse.com\/product\/gs05-glassouse-press-switch-100gr\/"},"modified":"2026-04-27T17:57:50","modified_gmt":"2026-04-27T09:57:50","slug":"gs05-glassouse-press-switch-100gr","status":"publish","type":"product","link":"https:\/\/glassouse.com\/pl\/product\/gs05-glassouse-press-switch-100gr\/","title":{"rendered":"GS05 GlassOuse Press Switch 100gr"},"content":{"rendered":"<div class=\"wpb-content-wrapper\"><p>[vc_row unlock_row_content=&#8221;yes&#8221; row_height_percent=&#8221;0&#8243; override_padding=&#8221;yes&#8221; h_padding=&#8221;0&#8243; top_padding=&#8221;0&#8243; bottom_padding=&#8221;0&#8243; overlay_alpha=&#8221;50&#8243; equal_height=&#8221;yes&#8221; gutter_size=&#8221;0&#8243; column_width_percent=&#8221;100&#8243; shift_y=&#8221;0&#8243; z_index=&#8221;0&#8243; el_class=&#8221;compact_section&#8221; uncode_shortcode_id=&#8221;152351&#8243; css=&#8221;.vc_custom_1699886063694{padding-top: 15px !important;padding-right: 0px !important;padding-left: 0px !important;}&#8221;][vc_column column_width_percent=&#8221;100&#8243; position_horizontal=&#8221;left&#8221; position_vertical=&#8221;middle&#8221; gutter_size=&#8221;0&#8243; override_padding=&#8221;yes&#8221; column_padding=&#8221;0&#8243; back_image=&#8221;37398&#8243; back_repeat=&#8221;no-repeat&#8221; overlay_alpha=&#8221;50&#8243; shift_x=&#8221;0&#8243; shift_y=&#8221;0&#8243; shift_y_down=&#8221;0&#8243; z_index=&#8221;0&#8243; medium_width=&#8221;0&#8243; mobile_width=&#8221;0&#8243; width=&#8221;1\/1&#8243; uncode_shortcode_id=&#8221;116957&#8243; css=&#8221;.vc_custom_1716844053858{padding-top: 160px !important;padding-right: 0px !important;padding-bottom: 160px !important;padding-left: 50px !important;}&#8221; el_class=&#8221;content_column bg_right_top&#8221;][vc_row_inner row_inner_height_percent=&#8221;0&#8243; force_width_grid=&#8221;yes&#8221; overlay_alpha=&#8221;50&#8243; gutter_size=&#8221;0&#8243; shift_y=&#8221;0&#8243; z_index=&#8221;0&#8243; uncode_shortcode_id=&#8221;101637&#8243; css=&#8221;.vc_custom_1699885489765{padding-right: 0px !important;padding-left: 0px !important;}&#8221; el_class=&#8221;limit-width&#8221;][vc_column_inner width=&#8221;1\/2&#8243;][\/vc_column_inner][vc_column_inner column_width_percent=&#8221;100&#8243; position_horizontal=&#8221;left&#8221; position_vertical=&#8221;middle&#8221; gutter_size=&#8221;0&#8243; override_padding=&#8221;yes&#8221; column_padding=&#8221;0&#8243; overlay_alpha=&#8221;50&#8243; shift_x=&#8221;0&#8243; shift_y=&#8221;0&#8243; shift_y_down=&#8221;0&#8243; z_index=&#8221;0&#8243; medium_width=&#8221;0&#8243; mobile_width=&#8221;0&#8243; width=&#8221;1\/2&#8243; uncode_shortcode_id=&#8221;160996&#8243; css=&#8221;.vc_custom_1699830045690{padding-right: 2% !important;padding-left: 0px !important;}&#8221;][vc_custom_heading text_color=&#8221;color-jevc&#8221; text_size=&#8221;h3&#8243; text_weight=&#8221;600&#8243; uncode_shortcode_id=&#8221;604962&#8243; text_color_type=&#8221;uncode-palette&#8221; el_class=&#8221;lh-1&#8243;]Lekki, dotykowy prze\u0142\u0105cznik zwrotny<br \/>\n: 100 g \/ 120 g[\/vc_custom_heading][vc_separator sep_color=&#8221;&#8221; icon_position=&#8221;left&#8221; el_height=&#8221;5px&#8221; uncode_shortcode_id=&#8221;162390&#8243; sep_color_type=&#8221;uncode-solid&#8221; el_width=&#8221;40px&#8221; sep_color_solid=&#8221;#43b8db&#8221; el_class=&#8221;c-divider&#8221;][\/vc_column_inner][\/vc_row_inner][\/vc_column][\/vc_row][vc_row row_height_percent=&#8221;0&#8243; overlay_alpha=&#8221;50&#8243; gutter_size=&#8221;3&#8243; column_width_percent=&#8221;100&#8243; shift_y=&#8221;0&#8243; z_index=&#8221;0&#8243; uncode_shortcode_id=&#8221;167275&#8243; css=&#8221;.vc_custom_1699887163315{padding-top: 50px !important;}&#8221;][vc_column column_width_percent=&#8221;100&#8243; align_horizontal=&#8221;align_center&#8221; gutter_size=&#8221;3&#8243; overlay_alpha=&#8221;50&#8243; shift_x=&#8221;0&#8243; shift_y=&#8221;0&#8243; shift_y_down=&#8221;0&#8243; z_index=&#8221;0&#8243; medium_width=&#8221;0&#8243; mobile_width=&#8221;0&#8243; width=&#8221;1\/1&#8243; uncode_shortcode_id=&#8221;798976&#8243;][vc_custom_heading text_color=&#8221;color-jevc&#8221; text_size=&#8221;h3&#8243; text_weight=&#8221;700&#8243; text_height=&#8221;lh-n&#8221; uncode_shortcode_id=&#8221;149551&#8243; text_color_type=&#8221;uncode-palette&#8221;]Press Switch 100gr\/ Mini Press Switch 120g[\/vc_custom_heading][vc_custom_heading text_color=&#8221;color-jevc&#8221; heading_semantic=&#8221;p&#8221; text_size=&#8221;&#8221; text_weight=&#8221;500&#8243; text_height=&#8221;lh-n&#8221; uncode_shortcode_id=&#8221;367932&#8243; text_color_type=&#8221;uncode-palette&#8221; el_class=&#8221;mt-0 pt-10&#8243;]Kompatybilny z[\/vc_custom_heading][vc_row_inner row_inner_height_percent=&#8221;0&#8243; overlay_alpha=&#8221;50&#8243; gutter_size=&#8221;3&#8243; shift_y=&#8221;0&#8243; z_index=&#8221;0&#8243; uncode_shortcode_id=&#8221;190634&#8243; el_class=&#8221;icon_boxs_wrap&#8221; css=&#8221;.vc_custom_1699887284713{margin-top: 50px !important;padding-bottom: 0px !important;}&#8221;][vc_column_inner column_width_percent=&#8221;100&#8243; align_horizontal=&#8221;align_center&#8221; gutter_size=&#8221;2&#8243; overlay_alpha=&#8221;50&#8243; shift_x=&#8221;0&#8243; shift_y=&#8221;0&#8243; shift_y_down=&#8221;0&#8243; z_index=&#8221;0&#8243; medium_width=&#8221;0&#8243; mobile_width=&#8221;0&#8243; width=&#8221;1\/1&#8243; uncode_shortcode_id=&#8221;168717&#8243;][vc_icon display=&#8221;inline&#8221; icon_image=&#8221;21103&#8243; media_size=&#8221;300&#8243; text_size=&#8221;h4&#8243; text_weight=&#8221;500&#8243; text_height=&#8221;lh-n&#8221; uncode_shortcode_id=&#8221;697144&#8243; title=&#8221;GlassOuse PRO\/Link&#8221; link=&#8221;url:https%3A%2F%2Fglassouse.com%2Fpl%2Fproduct%2Fglassouse-pro-2%2F|title:GlassOuse%20PRO|target:_blank|&#8221;][\/vc_icon][vc_icon display=&#8221;inline&#8221; icon_image=&#8221;21111&#8243; media_size=&#8221;300&#8243; text_size=&#8221;h4&#8243; text_weight=&#8221;500&#8243; text_height=&#8221;lh-n&#8221; uncode_shortcode_id=&#8221;869660&#8243; title=&#8221;GlassOuse 1.4&#8243; link=&#8221;url:https%3A%2F%2Fglassouse.com%2Fproduct%2Fglassouse-v1-4-assistive-device-buy%2F|title:GlassOuse%20V1.4|target:_blank|&#8221;][\/vc_icon][\/vc_column_inner][\/vc_row_inner][\/vc_column][\/vc_row][vc_row row_height_percent=&#8221;0&#8243; override_padding=&#8221;yes&#8221; h_padding=&#8221;0&#8243; top_padding=&#8221;0&#8243; bottom_padding=&#8221;3&#8243; overlay_alpha=&#8221;50&#8243; gutter_size=&#8221;3&#8243; column_width_percent=&#8221;100&#8243; shift_y=&#8221;0&#8243; z_index=&#8221;0&#8243; uncode_shortcode_id=&#8221;337339&#8243; css=&#8221;.vc_custom_1699889376802{padding-top: 10px !important;}&#8221;][vc_column column_width_percent=&#8221;65&#8243; gutter_size=&#8221;3&#8243; overlay_alpha=&#8221;50&#8243; shift_x=&#8221;0&#8243; shift_y=&#8221;0&#8243; shift_y_down=&#8221;0&#8243; z_index=&#8221;0&#8243; medium_width=&#8221;0&#8243; mobile_width=&#8221;0&#8243; width=&#8221;1\/1&#8243; uncode_shortcode_id=&#8221;668692&#8243;][vc_icon position=&#8221;left&#8221; icon=&#8221;fa fa-play&#8221; icon_image=&#8221;21850&#8243; icon_color=&#8221;color-xsdn&#8221; uncode_shortcode_id=&#8221;140516&#8243; icon_color_type=&#8221;uncode-palette&#8221; media_lightbox=&#8221;21858&#8243; el_class=&#8221;video_box&#8221;][\/vc_icon][vc_column_text uncode_shortcode_id=&#8221;147561&#8243;]<strong>Trwa\u0142a opcja prze\u0142\u0105cznika dla u\u017cytkownik\u00f3w z mniejsz\u0105 kontrol\u0105 fizyczn\u0105.<\/strong>  Press Switch 100g zapewnia 8,63 cm powierzchni aktywacji, dzi\u0119ki czemu jest wystarczaj\u0105co wygodny dla obu grup u\u017cytkownik\u00f3w potrzebuj\u0105cych du\u017cego lub mniejszego obszaru docelowego do interakcji. Obs\u0142ugiwany przez si\u0142\u0119 aktywacji 100 g, Press Switch 100g ma d\u017awi\u0119kowe klikni\u0119cie i dotykowe sprz\u0119\u017cenie zwrotne. <\/p>\n<p><strong>Press Switch 100g jest dostarczany z kablem o d\u0142ugo\u015bci 185 cm i wtyczk\u0105 mono jack 3,5 mm.<\/strong>  Mo\u017ce by\u0107 u\u017cywany z r\u00f3\u017cnymi opcjami monta\u017cu lub dwustronnymi kranami.[\/vc_column_text][vc_gallery el_id=&#8221;gallery-469288&#8243; isotope_mode=&#8221;fitRows&#8221; medias=&#8221;37399,37401&#8243; gutter_size=&#8221;2&#8243; screen_lg=&#8221;1000&#8243; screen_md=&#8221;600&#8243; screen_sm=&#8221;480&#8243; single_overlay_opacity=&#8221;50&#8243; single_h_align=&#8221;center&#8221; single_padding=&#8221;2&#8243; uncode_shortcode_id=&#8221;138965&#8243; items=&#8221;eyIxMjIwNF9pIjp7InNpbmdsZV90ZXh0Ijoib3ZlcmxheSJ9fQ==&#8221; el_class=&#8221;c_gallery two_column_gallery&#8221;][vc_gallery el_id=&#8221;gallery-469288&#8243; medias=&#8221;37400&#8243; gutter_size=&#8221;3&#8243; screen_lg=&#8221;1000&#8243; screen_md=&#8221;600&#8243; screen_sm=&#8221;480&#8243; single_width=&#8221;12&#8243; single_overlay_opacity=&#8221;50&#8243; single_padding=&#8221;2&#8243; uncode_shortcode_id=&#8221;137025&#8243; el_class=&#8221;c_gallery mt-0 pt-20&#8243;][vc_column_text uncode_shortcode_id=&#8221;127306&#8243;]Teraz dost\u0119pna jest r\u00f3wnie\u017c wersja mini.<\/p>\n<p>Dla tych, kt\u00f3rzy wol\u0105 bardziej kompaktow\u0105 opcj\u0119, <strong>Mini Press Switch 120g ma powierzchni\u0119 aktywacji 4 cm przy zachowaniu niskiej si\u0142y aktywacji wynosz\u0105cej zaledwie 120 g<\/strong>. Zapewnia dotykow\u0105 i d\u017awi\u0119kow\u0105 informacj\u0119 zwrotn\u0105, dzi\u0119ki czemu jest idealny dla u\u017cytkownik\u00f3w wymagaj\u0105cych mniejszego obszaru docelowego. <\/p>\n<p>Mini Press Switch 120g jest dostarczany z kablem o d\u0142ugo\u015bci 195 cm i wtyczk\u0105 mono jack 3,5 mm. Mo\u017ce by\u0107 u\u017cywany z r\u00f3\u017cnymi opcjami monta\u017cu lub mo\u017ce by\u0107 wygodnie przymocowany za pomoc\u0105 dwustronnej ta\u015bmy w celu \u0142atwej konfiguracji.[\/vc_column_text][vc_gallery el_id=&#8221;gallery-174664&#8243; medias=&#8221;37406,37405&#8243; gutter_size=&#8221;3&#8243; screen_lg=&#8221;1000&#8243; screen_md=&#8221;600&#8243; screen_sm=&#8221;480&#8243; single_overlay_opacity=&#8221;50&#8243; single_padding=&#8221;2&#8243; uncode_shortcode_id=&#8221;348696&#8243;][vc_gallery el_id=&#8221;gallery-174664&#8243; medias=&#8221;37407&#8243; gutter_size=&#8221;3&#8243; screen_lg=&#8221;1000&#8243; screen_md=&#8221;600&#8243; screen_sm=&#8221;480&#8243; single_width=&#8221;12&#8243; single_overlay_opacity=&#8221;50&#8243; single_padding=&#8221;2&#8243; uncode_shortcode_id=&#8221;120865&#8243;][\/vc_column][\/vc_row]<\/p>\n<\/div>","protected":false},"excerpt":{"rendered":"<p>[vc_row unlock_row_content=&#8221;yes&#8221; row_height_percent=&#8221;0&#8243; override_padding=&#8221;yes&#8221; h_padding=&#8221;0&#8243; top_padding=&#8221;0&#8243; bottom_padding=&#8221;0&#8243; overlay_alpha=&#8221;50&#8243; equal_height=&#8221;yes&#8221; gutter_size=&#8221;0&#8243; column_width_percent=&#8221;100&#8243; shift_y=&#8221;0&#8243; z_index=&#8221;0&#8243; el_class=&#8221;compact_section&#8221; uncode_shortcode_id=&#8221;152351&#8243; css=&#8221;.vc_custom_1699886063694{padding-top: 15px !important;padding-right: 0px !important;padding-left: [&hellip;]<\/p>\n","protected":false},"featured_media":37403,"template":"","meta":{"_acf_changed":false},"product_brand":[],"product_cat":[424],"product_tag":[],"class_list":{"0":"post-37383","1":"product","2":"type-product","3":"status-publish","4":"has-post-thumbnail","6":"product_cat-przelaczniki-g","8":"first","9":"instock","10":"shipping-taxable","11":"purchasable","12":"product-type-variable"},"acf":[],"yoast_head":"<!-- This site is optimized with the Yoast SEO plugin v27.4 - https:\/\/yoast.com\/product\/yoast-seo-wordpress\/ -->\n<title>Naci\u015bnij prze\u0142\u0105cznik dla os\u00f3b niepe\u0142nosprawnych - dostosowany prze\u0142\u0105cznik dla urz\u0105dzenia wspomagaj\u0105cego<\/title>\n<meta name=\"description\" content=\"Kup 100gr Press Switch dla os\u00f3b niepe\u0142nosprawnych. Kompatybilny z GlassOuse V1.2 i innymi dostosowanymi urz\u0105dzeniami i zabawkami. Wysy\u0142ka mi\u0119dzynarodowa.\" \/>\n<meta name=\"robots\" content=\"index, follow, max-snippet:-1, max-image-preview:large, max-video-preview:-1\" \/>\n<link rel=\"canonical\" href=\"https:\/\/glassouse.com\/pl\/product\/gs05-glassouse-press-switch-100gr\/\" \/>\n<meta property=\"og:locale\" content=\"pl_PL\" \/>\n<meta property=\"og:type\" content=\"article\" \/>\n<meta property=\"og:title\" content=\"Naci\u015bnij prze\u0142\u0105cznik dla os\u00f3b niepe\u0142nosprawnych - dostosowany prze\u0142\u0105cznik dla urz\u0105dzenia wspomagaj\u0105cego\" \/>\n<meta property=\"og:description\" content=\"Kup 100gr Press Switch dla os\u00f3b niepe\u0142nosprawnych. Kompatybilny z GlassOuse V1.2 i innymi dostosowanymi urz\u0105dzeniami i zabawkami. Wysy\u0142ka mi\u0119dzynarodowa.\" \/>\n<meta property=\"og:url\" content=\"https:\/\/glassouse.com\/pl\/product\/gs05-glassouse-press-switch-100gr\/\" \/>\n<meta property=\"og:site_name\" content=\"Glassouse Assistive Device\" \/>\n<meta property=\"article:publisher\" content=\"https:\/\/www.facebook.com\/glassouse\/\" \/>\n<meta property=\"article:modified_time\" content=\"2026-04-27T09:57:50+00:00\" \/>\n<meta property=\"og:image\" content=\"https:\/\/glassouse.com\/wp-content\/uploads\/2019\/04\/2-2.png\" \/>\n\t<meta property=\"og:image:width\" content=\"1773\" \/>\n\t<meta property=\"og:image:height\" content=\"1773\" \/>\n\t<meta property=\"og:image:type\" content=\"image\/png\" \/>\n<meta name=\"twitter:card\" content=\"summary_large_image\" \/>\n<meta name=\"twitter:site\" content=\"@glassouse\" \/>\n<meta name=\"twitter:label1\" content=\"Szacowany czas czytania\" \/>\n\t<meta name=\"twitter:data1\" content=\"5 minut\" \/>\n<script type=\"application\/ld+json\" class=\"yoast-schema-graph\">{\"@context\":\"https:\\\/\\\/schema.org\",\"@graph\":[{\"@type\":\"WebPage\",\"@id\":\"https:\\\/\\\/glassouse.com\\\/pl\\\/product\\\/gs05-glassouse-press-switch-100gr\\\/\",\"url\":\"https:\\\/\\\/glassouse.com\\\/pl\\\/product\\\/gs05-glassouse-press-switch-100gr\\\/\",\"name\":\"Naci\u015bnij prze\u0142\u0105cznik dla os\u00f3b niepe\u0142nosprawnych - dostosowany prze\u0142\u0105cznik dla urz\u0105dzenia wspomagaj\u0105cego\",\"isPartOf\":{\"@id\":\"https:\\\/\\\/glassouse.com\\\/pl\\\/#website\"},\"primaryImageOfPage\":{\"@id\":\"https:\\\/\\\/glassouse.com\\\/pl\\\/product\\\/gs05-glassouse-press-switch-100gr\\\/#primaryimage\"},\"image\":{\"@id\":\"https:\\\/\\\/glassouse.com\\\/pl\\\/product\\\/gs05-glassouse-press-switch-100gr\\\/#primaryimage\"},\"thumbnailUrl\":\"https:\\\/\\\/glassouse.com\\\/wp-content\\\/uploads\\\/2019\\\/04\\\/2-2.png\",\"datePublished\":\"2019-04-15T06:38:47+00:00\",\"dateModified\":\"2026-04-27T09:57:50+00:00\",\"description\":\"Kup 100gr Press Switch dla os\u00f3b niepe\u0142nosprawnych. Kompatybilny z GlassOuse V1.2 i innymi dostosowanymi urz\u0105dzeniami i zabawkami. Wysy\u0142ka mi\u0119dzynarodowa.\",\"breadcrumb\":{\"@id\":\"https:\\\/\\\/glassouse.com\\\/pl\\\/product\\\/gs05-glassouse-press-switch-100gr\\\/#breadcrumb\"},\"inLanguage\":\"pl-PL\",\"potentialAction\":[{\"@type\":\"ReadAction\",\"target\":[\"https:\\\/\\\/glassouse.com\\\/pl\\\/product\\\/gs05-glassouse-press-switch-100gr\\\/\"]}]},{\"@type\":\"ImageObject\",\"inLanguage\":\"pl-PL\",\"@id\":\"https:\\\/\\\/glassouse.com\\\/pl\\\/product\\\/gs05-glassouse-press-switch-100gr\\\/#primaryimage\",\"url\":\"https:\\\/\\\/glassouse.com\\\/wp-content\\\/uploads\\\/2019\\\/04\\\/2-2.png\",\"contentUrl\":\"https:\\\/\\\/glassouse.com\\\/wp-content\\\/uploads\\\/2019\\\/04\\\/2-2.png\",\"width\":1773,\"height\":1773,\"caption\":\"GlassOuse Press Switch - Mini i zwyk\u0142y\"},{\"@type\":\"BreadcrumbList\",\"@id\":\"https:\\\/\\\/glassouse.com\\\/pl\\\/product\\\/gs05-glassouse-press-switch-100gr\\\/#breadcrumb\",\"itemListElement\":[{\"@type\":\"ListItem\",\"position\":1,\"name\":\"Home\",\"item\":\"https:\\\/\\\/glassouse.com\\\/pl\\\/strona-glowna\\\/\"},{\"@type\":\"ListItem\",\"position\":2,\"name\":\"Sklep\",\"item\":\"https:\\\/\\\/glassouse.com\\\/pl\\\/sklep\\\/\"},{\"@type\":\"ListItem\",\"position\":3,\"name\":\"GS05 GlassOuse Press Switch 100gr\"}]},{\"@type\":\"WebSite\",\"@id\":\"https:\\\/\\\/glassouse.com\\\/pl\\\/#website\",\"url\":\"https:\\\/\\\/glassouse.com\\\/pl\\\/\",\"name\":\"Glassouse Assistive Device\",\"description\":\"Assistive Device and Switches for Disabled\",\"publisher\":{\"@id\":\"https:\\\/\\\/glassouse.com\\\/pl\\\/#organization\"},\"potentialAction\":[{\"@type\":\"SearchAction\",\"target\":{\"@type\":\"EntryPoint\",\"urlTemplate\":\"https:\\\/\\\/glassouse.com\\\/pl\\\/?s={search_term_string}\"},\"query-input\":{\"@type\":\"PropertyValueSpecification\",\"valueRequired\":true,\"valueName\":\"search_term_string\"}}],\"inLanguage\":\"pl-PL\"},{\"@type\":\"Organization\",\"@id\":\"https:\\\/\\\/glassouse.com\\\/pl\\\/#organization\",\"name\":\"GlassOuse Assistive Device\",\"url\":\"https:\\\/\\\/glassouse.com\\\/pl\\\/\",\"logo\":{\"@type\":\"ImageObject\",\"inLanguage\":\"pl-PL\",\"@id\":\"https:\\\/\\\/glassouse.com\\\/pl\\\/#\\\/schema\\\/logo\\\/image\\\/\",\"url\":\"https:\\\/\\\/glassouse.com\\\/wp-content\\\/uploads\\\/2017\\\/11\\\/logo.jpg\",\"contentUrl\":\"https:\\\/\\\/glassouse.com\\\/wp-content\\\/uploads\\\/2017\\\/11\\\/logo.jpg\",\"width\":500,\"height\":500,\"caption\":\"GlassOuse Assistive Device\"},\"image\":{\"@id\":\"https:\\\/\\\/glassouse.com\\\/pl\\\/#\\\/schema\\\/logo\\\/image\\\/\"},\"sameAs\":[\"https:\\\/\\\/www.facebook.com\\\/glassouse\\\/\",\"https:\\\/\\\/x.com\\\/glassouse\",\"https:\\\/\\\/www.instagram.com\\\/glassouseassistivedevice\\\/\",\"https:\\\/\\\/www.linkedin.com\\\/company\\\/glassouse\\\/\",\"https:\\\/\\\/www.youtube.com\\\/channel\\\/UCM5pebcmVXbu00QYd91_Gyw\"]}]}<\/script>\n<!-- \/ Yoast SEO plugin. -->","yoast_head_json":{"title":"Naci\u015bnij prze\u0142\u0105cznik dla os\u00f3b niepe\u0142nosprawnych - dostosowany prze\u0142\u0105cznik dla urz\u0105dzenia wspomagaj\u0105cego","description":"Kup 100gr Press Switch dla os\u00f3b niepe\u0142nosprawnych. Kompatybilny z GlassOuse V1.2 i innymi dostosowanymi urz\u0105dzeniami i zabawkami. Wysy\u0142ka mi\u0119dzynarodowa.","robots":{"index":"index","follow":"follow","max-snippet":"max-snippet:-1","max-image-preview":"max-image-preview:large","max-video-preview":"max-video-preview:-1"},"canonical":"https:\/\/glassouse.com\/pl\/product\/gs05-glassouse-press-switch-100gr\/","og_locale":"pl_PL","og_type":"article","og_title":"Naci\u015bnij prze\u0142\u0105cznik dla os\u00f3b niepe\u0142nosprawnych - dostosowany prze\u0142\u0105cznik dla urz\u0105dzenia wspomagaj\u0105cego","og_description":"Kup 100gr Press Switch dla os\u00f3b niepe\u0142nosprawnych. Kompatybilny z GlassOuse V1.2 i innymi dostosowanymi urz\u0105dzeniami i zabawkami. Wysy\u0142ka mi\u0119dzynarodowa.","og_url":"https:\/\/glassouse.com\/pl\/product\/gs05-glassouse-press-switch-100gr\/","og_site_name":"Glassouse Assistive Device","article_publisher":"https:\/\/www.facebook.com\/glassouse\/","article_modified_time":"2026-04-27T09:57:50+00:00","og_image":[{"width":1773,"height":1773,"url":"https:\/\/glassouse.com\/wp-content\/uploads\/2019\/04\/2-2.png","type":"image\/png"}],"twitter_card":"summary_large_image","twitter_site":"@glassouse","twitter_misc":{"Szacowany czas czytania":"5 minut"},"schema":{"@context":"https:\/\/schema.org","@graph":[{"@type":"WebPage","@id":"https:\/\/glassouse.com\/pl\/product\/gs05-glassouse-press-switch-100gr\/","url":"https:\/\/glassouse.com\/pl\/product\/gs05-glassouse-press-switch-100gr\/","name":"Naci\u015bnij prze\u0142\u0105cznik dla os\u00f3b niepe\u0142nosprawnych - dostosowany prze\u0142\u0105cznik dla urz\u0105dzenia wspomagaj\u0105cego","isPartOf":{"@id":"https:\/\/glassouse.com\/pl\/#website"},"primaryImageOfPage":{"@id":"https:\/\/glassouse.com\/pl\/product\/gs05-glassouse-press-switch-100gr\/#primaryimage"},"image":{"@id":"https:\/\/glassouse.com\/pl\/product\/gs05-glassouse-press-switch-100gr\/#primaryimage"},"thumbnailUrl":"https:\/\/glassouse.com\/wp-content\/uploads\/2019\/04\/2-2.png","datePublished":"2019-04-15T06:38:47+00:00","dateModified":"2026-04-27T09:57:50+00:00","description":"Kup 100gr Press Switch dla os\u00f3b niepe\u0142nosprawnych. Kompatybilny z GlassOuse V1.2 i innymi dostosowanymi urz\u0105dzeniami i zabawkami. Wysy\u0142ka mi\u0119dzynarodowa.","breadcrumb":{"@id":"https:\/\/glassouse.com\/pl\/product\/gs05-glassouse-press-switch-100gr\/#breadcrumb"},"inLanguage":"pl-PL","potentialAction":[{"@type":"ReadAction","target":["https:\/\/glassouse.com\/pl\/product\/gs05-glassouse-press-switch-100gr\/"]}]},{"@type":"ImageObject","inLanguage":"pl-PL","@id":"https:\/\/glassouse.com\/pl\/product\/gs05-glassouse-press-switch-100gr\/#primaryimage","url":"https:\/\/glassouse.com\/wp-content\/uploads\/2019\/04\/2-2.png","contentUrl":"https:\/\/glassouse.com\/wp-content\/uploads\/2019\/04\/2-2.png","width":1773,"height":1773,"caption":"GlassOuse Press Switch - Mini i zwyk\u0142y"},{"@type":"BreadcrumbList","@id":"https:\/\/glassouse.com\/pl\/product\/gs05-glassouse-press-switch-100gr\/#breadcrumb","itemListElement":[{"@type":"ListItem","position":1,"name":"Home","item":"https:\/\/glassouse.com\/pl\/strona-glowna\/"},{"@type":"ListItem","position":2,"name":"Sklep","item":"https:\/\/glassouse.com\/pl\/sklep\/"},{"@type":"ListItem","position":3,"name":"GS05 GlassOuse Press Switch 100gr"}]},{"@type":"WebSite","@id":"https:\/\/glassouse.com\/pl\/#website","url":"https:\/\/glassouse.com\/pl\/","name":"Glassouse Assistive Device","description":"Assistive Device and Switches for Disabled","publisher":{"@id":"https:\/\/glassouse.com\/pl\/#organization"},"potentialAction":[{"@type":"SearchAction","target":{"@type":"EntryPoint","urlTemplate":"https:\/\/glassouse.com\/pl\/?s={search_term_string}"},"query-input":{"@type":"PropertyValueSpecification","valueRequired":true,"valueName":"search_term_string"}}],"inLanguage":"pl-PL"},{"@type":"Organization","@id":"https:\/\/glassouse.com\/pl\/#organization","name":"GlassOuse Assistive Device","url":"https:\/\/glassouse.com\/pl\/","logo":{"@type":"ImageObject","inLanguage":"pl-PL","@id":"https:\/\/glassouse.com\/pl\/#\/schema\/logo\/image\/","url":"https:\/\/glassouse.com\/wp-content\/uploads\/2017\/11\/logo.jpg","contentUrl":"https:\/\/glassouse.com\/wp-content\/uploads\/2017\/11\/logo.jpg","width":500,"height":500,"caption":"GlassOuse Assistive Device"},"image":{"@id":"https:\/\/glassouse.com\/pl\/#\/schema\/logo\/image\/"},"sameAs":["https:\/\/www.facebook.com\/glassouse\/","https:\/\/x.com\/glassouse","https:\/\/www.instagram.com\/glassouseassistivedevice\/","https:\/\/www.linkedin.com\/company\/glassouse\/","https:\/\/www.youtube.com\/channel\/UCM5pebcmVXbu00QYd91_Gyw"]}]}},"_links":{"self":[{"href":"https:\/\/glassouse.com\/pl\/wp-json\/wp\/v2\/product\/37383","targetHints":{"allow":["GET"]}}],"collection":[{"href":"https:\/\/glassouse.com\/pl\/wp-json\/wp\/v2\/product"}],"about":[{"href":"https:\/\/glassouse.com\/pl\/wp-json\/wp\/v2\/types\/product"}],"wp:featuredmedia":[{"embeddable":true,"href":"https:\/\/glassouse.com\/pl\/wp-json\/wp\/v2\/media\/37403"}],"wp:attachment":[{"href":"https:\/\/glassouse.com\/pl\/wp-json\/wp\/v2\/media?parent=37383"}],"wp:term":[{"taxonomy":"product_brand","embeddable":true,"href":"https:\/\/glassouse.com\/pl\/wp-json\/wp\/v2\/product_brand?post=37383"},{"taxonomy":"product_cat","embeddable":true,"href":"https:\/\/glassouse.com\/pl\/wp-json\/wp\/v2\/product_cat?post=37383"},{"taxonomy":"product_tag","embeddable":true,"href":"https:\/\/glassouse.com\/pl\/wp-json\/wp\/v2\/product_tag?post=37383"}],"curies":[{"name":"wp","href":"https:\/\/api.w.org\/{rel}","templated":true}]}}