{"id":26879,"date":"2018-04-09T12:47:45","date_gmt":"2018-04-09T04:47:45","guid":{"rendered":"https:\/\/glassouse.com\/garantia-de-devolucao-do-dinheiro\/"},"modified":"2026-04-27T16:55:14","modified_gmt":"2026-04-27T08:55:14","slug":"garantia-de-devolucao-do-dinheiro","status":"publish","type":"page","link":"https:\/\/glassouse.com\/pt-br\/garantia-de-devolucao-do-dinheiro\/","title":{"rendered":"Garantia de devolu\u00e7\u00e3o do dinheiro"},"content":{"rendered":"<div class=\"wpb-content-wrapper\"><p>[vc_row row_height_percent=&#8221;0&#8243; overlay_alpha=&#8221;50&#8243; gutter_size=&#8221;3&#8243; column_width_percent=&#8221;100&#8243; shift_y=&#8221;0&#8243; z_index=&#8221;0&#8243; uncode_shortcode_id=&#8221;144508&#8243; css=&#8221;.vc_custom_1649004907143{padding-bottom: 0px !important;}&#8221;][vc_column column_width_percent=&#8221;100&#8243; gutter_size=&#8221;3&#8243; override_padding=&#8221;yes&#8221; column_padding=&#8221;1&#8243; overlay_alpha=&#8221;50&#8243; shift_x=&#8221;0&#8243; shift_y=&#8221;0&#8243; shift_y_down=&#8221;0&#8243; z_index=&#8221;0&#8243; medium_width=&#8221;0&#8243; mobile_width=&#8221;0&#8243; width=&#8221;1\/1&#8243; uncode_shortcode_id=&#8221;167546&#8243; css=&#8221;.vc_custom_1649004867867{padding-bottom: 0px !important;}&#8221;][vc_single_image media=&#8221;26881&#8243; media_width_percent=&#8221;100&#8243; alignment=&#8221;center&#8221; uncode_shortcode_id=&#8221;168334&#8243;][vc_column_text uncode_shortcode_id=&#8221;998297&#8243;]<\/p>\n<p><img decoding=\"async\" class=\"alignnone size-full wp-image-214 aligncenter\" src=\"https:\/\/glassouse.com\/wp-content\/uploads\/2017\/11\/black.png\" alt=\"\" width=\"100\" height=\"4\" srcset=\"https:\/\/glassouse.com\/wp-content\/uploads\/2017\/11\/black.png 100w, https:\/\/glassouse.com\/wp-content\/uploads\/2017\/11\/black-75x4.png 75w\" sizes=\"(max-width: 100px) 100vw, 100px\" \/>[\/vc_column_text][vc_column_text uncode_shortcode_id=&#8221;579978&#8243;]<\/p>\n<h4 style=\"text-align: center;\">Todos os produtos GlassOuse v\u00eam com um teste de 15 dias<\/h4>\n<p style=\"text-align: center;\">Ap\u00f3s a compra no site, se voc\u00ea mudar de ideia e decidir devolver o produto no prazo de 15 dias (a partir do dia em que receber o produto), poder\u00e1 solicitar a devolu\u00e7\u00e3o e o reembolso.<\/p>\n<p>[\/vc_column_text][vc_column_text uncode_shortcode_id=&#8221;195375&#8243; css=&#8221;.vc_custom_1650349700527{padding-bottom: 0px !important;}&#8221;]<\/p>\n<h4><strong>Como devolver e obter um reembolso<\/strong><\/h4>\n<ol>\n<li>Entre em contato com nossa equipe de suporte pelo site ou por e-mail &#8211; <a href=\"mailto:support@glassouse.com\">support@glassouse.com.<\/a> Informe o n\u00famero do seu pedido e o motivo da devolu\u00e7\u00e3o. <\/li>\n<li>Nossa equipe enviar\u00e1 a voc\u00ea as instru\u00e7\u00f5es de devolu\u00e7\u00e3o. Siga essas instru\u00e7\u00f5es e envie o produto de volta com a embalagem original. Voc\u00ea arcar\u00e1 com a taxa de envio da devolu\u00e7\u00e3o.<br \/>\n<strong>Observa\u00e7\u00e3o:<\/strong> Certifique-se de que o produto n\u00e3o esteja danificado, pois n\u00e3o haver\u00e1 reembolso para mercadorias danificadas.<\/li>\n<li>Assim que os produtos forem recebidos em nossa sede, iniciaremos a devolu\u00e7\u00e3o em 7 dias.<\/li>\n<\/ol>\n<p>[\/vc_column_text][\/vc_column][\/vc_row][vc_row row_height_percent=&#8221;0&#8243; overlay_alpha=&#8221;50&#8243; gutter_size=&#8221;3&#8243; column_width_percent=&#8221;100&#8243; shift_y=&#8221;0&#8243; z_index=&#8221;0&#8243; uncode_shortcode_id=&#8221;420806&#8243; css=&#8221;.vc_custom_1649004922471{padding-top: 10px !important;}&#8221;][vc_column width=&#8221;1\/1&#8243;][vc_accordion active_tab=&#8221;0&#8243;][vc_accordion_tab title=&#8221;A GlassOuse tem uma pol\u00edtica de devolu\u00e7\u00e3o?&#8221; tab_id=&#8221;083c16d9-ea7a-6&#8243;][vc_column_text]Todos os produtos da GlassOuse oferecem um per\u00edodo de teste de 15 dias ap\u00f3s a data de entrega. Voc\u00ea pode solicitar a devolu\u00e7\u00e3o de um item na condi\u00e7\u00e3o em que foi recebido se mudar de ideia.[\/vc_column_text][\/vc_accordion_tab][vc_accordion_tab title=&#8221;Posso devolver um item se eu o tiver usado?&#8221; tab_id=&#8221;ded89cbf-a994-7&#8243;][vc_column_text]Com certeza. No entanto, todos os dispositivos devolvidos devem estar sem avarias e defeitos para que voc\u00ea receba um reembolso total.[\/vc_column_text][\/vc_accordion_tab][vc_accordion_tab title=&#8221;Quem paga pelo frete de devolu\u00e7\u00e3o?&#8221; tab_id=&#8221;0928a723-1730-7&#8243;][vc_column_text]Embora a GlassOuse ofere\u00e7a reembolso total dos itens, os custos de envio da devolu\u00e7\u00e3o s\u00e3o cobertos pelo comprador.[\/vc_column_text][\/vc_accordion_tab][vc_accordion_tab title=&#8221;Quando receberei meu reembolso?&#8221; tab_id=&#8221;db439506-05f3-2&#8243;][vc_column_text]O pagamento do reembolso \u00e9 feito em 7 (sete) dias \u00fateis ap\u00f3s o dispositivo devolvido ser entregue na condi\u00e7\u00e3o em que foi recebido, sem avarias ou defeitos. Observa\u00e7\u00e3o &#8211; O valor do reembolso inclui apenas o custo do dispositivo e n\u00e3o a taxa de envio.[\/vc_column_text][\/vc_accordion_tab][vc_accordion_tab gutter_size=&#8221;2&#8243; column_padding=&#8221;2&#8243; title=&#8221;Existe uma taxa de reembolso?&#8221; tab_id=&#8221;1650406264098-5-3&#8243;][vc_column_text uncode_shortcode_id=&#8221;142636&#8243;]Iniciaremos um reembolso do valor total que voc\u00ea pagou. No entanto, cerca de 3,6 a 4% do pagamento total \u00e9 deduzido pelos sistemas de pagamento como uma taxa. Por exemplo, se voc\u00ea pagou US$ 100 durante a compra, receber\u00e1 cerca de US$ 96 de volta.[\/vc_column_text][\/vc_accordion_tab][\/vc_accordion][\/vc_column][\/vc_row]<\/p>\n<\/div>","protected":false},"excerpt":{"rendered":"<p>[vc_row row_height_percent=&#8221;0&#8243; overlay_alpha=&#8221;50&#8243; gutter_size=&#8221;3&#8243; column_width_percent=&#8221;100&#8243; shift_y=&#8221;0&#8243; z_index=&#8221;0&#8243; uncode_shortcode_id=&#8221;144508&#8243; css=&#8221;.vc_custom_1649004907143{padding-bottom: 0px !important;}&#8221;][vc_column column_width_percent=&#8221;100&#8243; gutter_size=&#8221;3&#8243; override_padding=&#8221;yes&#8221; column_padding=&#8221;1&#8243; overlay_alpha=&#8221;50&#8243; shift_x=&#8221;0&#8243; shift_y=&#8221;0&#8243; shift_y_down=&#8221;0&#8243; z_index=&#8221;0&#8243; [&hellip;]<\/p>\n","protected":false},"author":1,"featured_media":0,"parent":0,"menu_order":24,"comment_status":"closed","ping_status":"closed","template":"","meta":{"_acf_changed":false,"footnotes":""},"class_list":["post-26879","page","type-page","status-publish","hentry"],"acf":[],"yoast_head":"<!-- This site is optimized with the Yoast SEO plugin v27.5 - https:\/\/yoast.com\/product\/yoast-seo-wordpress\/ -->\n<title>Garantia de devolu\u00e7\u00e3o do dinheiro - Glassouse Assistive Device<\/title>\n<meta name=\"description\" content=\"Experimente o GlassOuse e a s\u00e9rie G-Switch por 15 dias com o programa de garantia de devolu\u00e7\u00e3o do dinheiro. Encomende agora mesmo o seu dispositivo de assist\u00eancia de demonstra\u00e7\u00e3o em poucos minutos.\" \/>\n<meta name=\"robots\" content=\"index, follow, max-snippet:-1, max-image-preview:large, max-video-preview:-1\" \/>\n<link rel=\"canonical\" href=\"https:\/\/glassouse.com\/pt-br\/garantia-de-devolucao-do-dinheiro\/\" \/>\n<meta property=\"og:locale\" content=\"pt_BR\" \/>\n<meta property=\"og:type\" content=\"article\" \/>\n<meta property=\"og:title\" content=\"Garantia de devolu\u00e7\u00e3o do dinheiro - Glassouse Assistive Device\" \/>\n<meta property=\"og:description\" content=\"Experimente o GlassOuse e a s\u00e9rie G-Switch por 15 dias com o programa de garantia de devolu\u00e7\u00e3o do dinheiro. Encomende agora mesmo o seu dispositivo de assist\u00eancia de demonstra\u00e7\u00e3o em poucos minutos.\" \/>\n<meta property=\"og:url\" content=\"https:\/\/glassouse.com\/pt-br\/garantia-de-devolucao-do-dinheiro\/\" \/>\n<meta property=\"og:site_name\" content=\"Glassouse Assistive Device\" \/>\n<meta property=\"article:publisher\" content=\"https:\/\/www.facebook.com\/glassouse\/\" \/>\n<meta property=\"article:modified_time\" content=\"2026-04-27T08:55:14+00:00\" \/>\n<meta property=\"og:image\" content=\"https:\/\/glassouse.com\/wp-content\/uploads\/2017\/11\/black.png\" \/>\n\t<meta property=\"og:image:width\" content=\"100\" \/>\n\t<meta property=\"og:image:height\" content=\"4\" \/>\n\t<meta property=\"og:image:type\" content=\"image\/png\" \/>\n<meta name=\"twitter:card\" content=\"summary_large_image\" \/>\n<meta name=\"twitter:site\" content=\"@glassouse\" \/>\n<meta name=\"twitter:label1\" content=\"Est. tempo de leitura\" \/>\n\t<meta name=\"twitter:data1\" content=\"3 minutos\" \/>\n<script type=\"application\/ld+json\" class=\"yoast-schema-graph\">{\"@context\":\"https:\\\/\\\/schema.org\",\"@graph\":[{\"@type\":\"WebPage\",\"@id\":\"https:\\\/\\\/glassouse.com\\\/pt-br\\\/garantia-de-devolucao-do-dinheiro\\\/\",\"url\":\"https:\\\/\\\/glassouse.com\\\/pt-br\\\/garantia-de-devolucao-do-dinheiro\\\/\",\"name\":\"Garantia de devolu\u00e7\u00e3o do dinheiro - Glassouse Assistive Device\",\"isPartOf\":{\"@id\":\"https:\\\/\\\/glassouse.com\\\/pt-br\\\/#website\"},\"primaryImageOfPage\":{\"@id\":\"https:\\\/\\\/glassouse.com\\\/pt-br\\\/garantia-de-devolucao-do-dinheiro\\\/#primaryimage\"},\"image\":{\"@id\":\"https:\\\/\\\/glassouse.com\\\/pt-br\\\/garantia-de-devolucao-do-dinheiro\\\/#primaryimage\"},\"thumbnailUrl\":\"https:\\\/\\\/glassouse.com\\\/wp-content\\\/uploads\\\/2017\\\/11\\\/black.png\",\"datePublished\":\"2018-04-09T04:47:45+00:00\",\"dateModified\":\"2026-04-27T08:55:14+00:00\",\"description\":\"Experimente o GlassOuse e a s\u00e9rie G-Switch por 15 dias com o programa de garantia de devolu\u00e7\u00e3o do dinheiro. Encomende agora mesmo o seu dispositivo de assist\u00eancia de demonstra\u00e7\u00e3o em poucos minutos.\",\"breadcrumb\":{\"@id\":\"https:\\\/\\\/glassouse.com\\\/pt-br\\\/garantia-de-devolucao-do-dinheiro\\\/#breadcrumb\"},\"inLanguage\":\"pt-BR\",\"potentialAction\":[{\"@type\":\"ReadAction\",\"target\":[\"https:\\\/\\\/glassouse.com\\\/pt-br\\\/garantia-de-devolucao-do-dinheiro\\\/\"]}]},{\"@type\":\"ImageObject\",\"inLanguage\":\"pt-BR\",\"@id\":\"https:\\\/\\\/glassouse.com\\\/pt-br\\\/garantia-de-devolucao-do-dinheiro\\\/#primaryimage\",\"url\":\"https:\\\/\\\/glassouse.com\\\/wp-content\\\/uploads\\\/2017\\\/11\\\/black.png\",\"contentUrl\":\"https:\\\/\\\/glassouse.com\\\/wp-content\\\/uploads\\\/2017\\\/11\\\/black.png\"},{\"@type\":\"BreadcrumbList\",\"@id\":\"https:\\\/\\\/glassouse.com\\\/pt-br\\\/garantia-de-devolucao-do-dinheiro\\\/#breadcrumb\",\"itemListElement\":[{\"@type\":\"ListItem\",\"position\":1,\"name\":\"Home\",\"item\":\"https:\\\/\\\/glassouse.com\\\/pt-br\\\/\"},{\"@type\":\"ListItem\",\"position\":2,\"name\":\"Garantia de devolu\u00e7\u00e3o do dinheiro\"}]},{\"@type\":\"WebSite\",\"@id\":\"https:\\\/\\\/glassouse.com\\\/pt-br\\\/#website\",\"url\":\"https:\\\/\\\/glassouse.com\\\/pt-br\\\/\",\"name\":\"Glassouse Assistive Device\",\"description\":\"Assistive Device and Switches for Disabled\",\"publisher\":{\"@id\":\"https:\\\/\\\/glassouse.com\\\/pt-br\\\/#organization\"},\"potentialAction\":[{\"@type\":\"SearchAction\",\"target\":{\"@type\":\"EntryPoint\",\"urlTemplate\":\"https:\\\/\\\/glassouse.com\\\/pt-br\\\/?s={search_term_string}\"},\"query-input\":{\"@type\":\"PropertyValueSpecification\",\"valueRequired\":true,\"valueName\":\"search_term_string\"}}],\"inLanguage\":\"pt-BR\"},{\"@type\":\"Organization\",\"@id\":\"https:\\\/\\\/glassouse.com\\\/pt-br\\\/#organization\",\"name\":\"GlassOuse Assistive Device\",\"url\":\"https:\\\/\\\/glassouse.com\\\/pt-br\\\/\",\"logo\":{\"@type\":\"ImageObject\",\"inLanguage\":\"pt-BR\",\"@id\":\"https:\\\/\\\/glassouse.com\\\/pt-br\\\/#\\\/schema\\\/logo\\\/image\\\/\",\"url\":\"https:\\\/\\\/glassouse.com\\\/wp-content\\\/uploads\\\/2017\\\/11\\\/logo.jpg\",\"contentUrl\":\"https:\\\/\\\/glassouse.com\\\/wp-content\\\/uploads\\\/2017\\\/11\\\/logo.jpg\",\"width\":500,\"height\":500,\"caption\":\"GlassOuse Assistive Device\"},\"image\":{\"@id\":\"https:\\\/\\\/glassouse.com\\\/pt-br\\\/#\\\/schema\\\/logo\\\/image\\\/\"},\"sameAs\":[\"https:\\\/\\\/www.facebook.com\\\/glassouse\\\/\",\"https:\\\/\\\/x.com\\\/glassouse\",\"https:\\\/\\\/www.instagram.com\\\/glassouseassistivedevice\\\/\",\"https:\\\/\\\/www.linkedin.com\\\/company\\\/glassouse\\\/\",\"https:\\\/\\\/www.youtube.com\\\/channel\\\/UCM5pebcmVXbu00QYd91_Gyw\"]}]}<\/script>\n<!-- \/ Yoast SEO plugin. -->","yoast_head_json":{"title":"Garantia de devolu\u00e7\u00e3o do dinheiro - Glassouse Assistive Device","description":"Experimente o GlassOuse e a s\u00e9rie G-Switch por 15 dias com o programa de garantia de devolu\u00e7\u00e3o do dinheiro. Encomende agora mesmo o seu dispositivo de assist\u00eancia de demonstra\u00e7\u00e3o em poucos minutos.","robots":{"index":"index","follow":"follow","max-snippet":"max-snippet:-1","max-image-preview":"max-image-preview:large","max-video-preview":"max-video-preview:-1"},"canonical":"https:\/\/glassouse.com\/pt-br\/garantia-de-devolucao-do-dinheiro\/","og_locale":"pt_BR","og_type":"article","og_title":"Garantia de devolu\u00e7\u00e3o do dinheiro - Glassouse Assistive Device","og_description":"Experimente o GlassOuse e a s\u00e9rie G-Switch por 15 dias com o programa de garantia de devolu\u00e7\u00e3o do dinheiro. Encomende agora mesmo o seu dispositivo de assist\u00eancia de demonstra\u00e7\u00e3o em poucos minutos.","og_url":"https:\/\/glassouse.com\/pt-br\/garantia-de-devolucao-do-dinheiro\/","og_site_name":"Glassouse Assistive Device","article_publisher":"https:\/\/www.facebook.com\/glassouse\/","article_modified_time":"2026-04-27T08:55:14+00:00","og_image":[{"width":100,"height":4,"url":"https:\/\/glassouse.com\/wp-content\/uploads\/2017\/11\/black.png","type":"image\/png"}],"twitter_card":"summary_large_image","twitter_site":"@glassouse","twitter_misc":{"Est. tempo de leitura":"3 minutos"},"schema":{"@context":"https:\/\/schema.org","@graph":[{"@type":"WebPage","@id":"https:\/\/glassouse.com\/pt-br\/garantia-de-devolucao-do-dinheiro\/","url":"https:\/\/glassouse.com\/pt-br\/garantia-de-devolucao-do-dinheiro\/","name":"Garantia de devolu\u00e7\u00e3o do dinheiro - Glassouse Assistive Device","isPartOf":{"@id":"https:\/\/glassouse.com\/pt-br\/#website"},"primaryImageOfPage":{"@id":"https:\/\/glassouse.com\/pt-br\/garantia-de-devolucao-do-dinheiro\/#primaryimage"},"image":{"@id":"https:\/\/glassouse.com\/pt-br\/garantia-de-devolucao-do-dinheiro\/#primaryimage"},"thumbnailUrl":"https:\/\/glassouse.com\/wp-content\/uploads\/2017\/11\/black.png","datePublished":"2018-04-09T04:47:45+00:00","dateModified":"2026-04-27T08:55:14+00:00","description":"Experimente o GlassOuse e a s\u00e9rie G-Switch por 15 dias com o programa de garantia de devolu\u00e7\u00e3o do dinheiro. Encomende agora mesmo o seu dispositivo de assist\u00eancia de demonstra\u00e7\u00e3o em poucos minutos.","breadcrumb":{"@id":"https:\/\/glassouse.com\/pt-br\/garantia-de-devolucao-do-dinheiro\/#breadcrumb"},"inLanguage":"pt-BR","potentialAction":[{"@type":"ReadAction","target":["https:\/\/glassouse.com\/pt-br\/garantia-de-devolucao-do-dinheiro\/"]}]},{"@type":"ImageObject","inLanguage":"pt-BR","@id":"https:\/\/glassouse.com\/pt-br\/garantia-de-devolucao-do-dinheiro\/#primaryimage","url":"https:\/\/glassouse.com\/wp-content\/uploads\/2017\/11\/black.png","contentUrl":"https:\/\/glassouse.com\/wp-content\/uploads\/2017\/11\/black.png"},{"@type":"BreadcrumbList","@id":"https:\/\/glassouse.com\/pt-br\/garantia-de-devolucao-do-dinheiro\/#breadcrumb","itemListElement":[{"@type":"ListItem","position":1,"name":"Home","item":"https:\/\/glassouse.com\/pt-br\/"},{"@type":"ListItem","position":2,"name":"Garantia de devolu\u00e7\u00e3o do dinheiro"}]},{"@type":"WebSite","@id":"https:\/\/glassouse.com\/pt-br\/#website","url":"https:\/\/glassouse.com\/pt-br\/","name":"Glassouse Assistive Device","description":"Assistive Device and Switches for Disabled","publisher":{"@id":"https:\/\/glassouse.com\/pt-br\/#organization"},"potentialAction":[{"@type":"SearchAction","target":{"@type":"EntryPoint","urlTemplate":"https:\/\/glassouse.com\/pt-br\/?s={search_term_string}"},"query-input":{"@type":"PropertyValueSpecification","valueRequired":true,"valueName":"search_term_string"}}],"inLanguage":"pt-BR"},{"@type":"Organization","@id":"https:\/\/glassouse.com\/pt-br\/#organization","name":"GlassOuse Assistive Device","url":"https:\/\/glassouse.com\/pt-br\/","logo":{"@type":"ImageObject","inLanguage":"pt-BR","@id":"https:\/\/glassouse.com\/pt-br\/#\/schema\/logo\/image\/","url":"https:\/\/glassouse.com\/wp-content\/uploads\/2017\/11\/logo.jpg","contentUrl":"https:\/\/glassouse.com\/wp-content\/uploads\/2017\/11\/logo.jpg","width":500,"height":500,"caption":"GlassOuse Assistive Device"},"image":{"@id":"https:\/\/glassouse.com\/pt-br\/#\/schema\/logo\/image\/"},"sameAs":["https:\/\/www.facebook.com\/glassouse\/","https:\/\/x.com\/glassouse","https:\/\/www.instagram.com\/glassouseassistivedevice\/","https:\/\/www.linkedin.com\/company\/glassouse\/","https:\/\/www.youtube.com\/channel\/UCM5pebcmVXbu00QYd91_Gyw"]}]}},"_links":{"self":[{"href":"https:\/\/glassouse.com\/pt-br\/wp-json\/wp\/v2\/pages\/26879","targetHints":{"allow":["GET"]}}],"collection":[{"href":"https:\/\/glassouse.com\/pt-br\/wp-json\/wp\/v2\/pages"}],"about":[{"href":"https:\/\/glassouse.com\/pt-br\/wp-json\/wp\/v2\/types\/page"}],"author":[{"embeddable":true,"href":"https:\/\/glassouse.com\/pt-br\/wp-json\/wp\/v2\/users\/1"}],"replies":[{"embeddable":true,"href":"https:\/\/glassouse.com\/pt-br\/wp-json\/wp\/v2\/comments?post=26879"}],"version-history":[{"count":7,"href":"https:\/\/glassouse.com\/pt-br\/wp-json\/wp\/v2\/pages\/26879\/revisions"}],"predecessor-version":[{"id":26945,"href":"https:\/\/glassouse.com\/pt-br\/wp-json\/wp\/v2\/pages\/26879\/revisions\/26945"}],"wp:attachment":[{"href":"https:\/\/glassouse.com\/pt-br\/wp-json\/wp\/v2\/media?parent=26879"}],"curies":[{"name":"wp","href":"https:\/\/api.w.org\/{rel}","templated":true}]}}