{"id":29373,"date":"2022-06-07T11:14:18","date_gmt":"2022-06-07T03:14:18","guid":{"rendered":"https:\/\/glassouse.com\/sobre-nos\/"},"modified":"2026-04-27T16:56:17","modified_gmt":"2026-04-27T08:56:17","slug":"sobre-nos","status":"publish","type":"page","link":"https:\/\/glassouse.com\/pt-br\/sobre-nos\/","title":{"rendered":"Sobre n\u00f3s"},"content":{"rendered":"<div class=\"wpb-content-wrapper\"><p>[vc_row unlock_row_content=&#8221;yes&#8221; row_height_percent=&#8221;0&#8243; override_padding=&#8221;yes&#8221; h_padding=&#8221;0&#8243; top_padding=&#8221;0&#8243; bottom_padding=&#8221;0&#8243; overlay_alpha=&#8221;50&#8243; gutter_size=&#8221;0&#8243; column_width_percent=&#8221;100&#8243; shift_y=&#8221;0&#8243; z_index=&#8221;0&#8243; uncode_shortcode_id=&#8221;113570&#8243; row_height_pixel=&#8221;500&#8243; css=&#8221;.vc_custom_1657234076761{padding-right: 0px !important;padding-left: 0px !important;}&#8221;][vc_column column_width_percent=&#8221;100&#8243; position_vertical=&#8221;middle&#8221; align_horizontal=&#8221;align_center&#8221; gutter_size=&#8221;3&#8243; overlay_alpha=&#8221;50&#8243; shift_x=&#8221;0&#8243; shift_y=&#8221;0&#8243; shift_y_down=&#8221;0&#8243; z_index=&#8221;0&#8243; medium_width=&#8221;0&#8243; mobile_width=&#8221;0&#8243; width=&#8221;1\/1&#8243; uncode_shortcode_id=&#8221;109151&#8243;][vc_single_image media=&#8221;29379&#8243; media_width_use_pixel=&#8221;yes&#8221; alignment=&#8221;center&#8221; uncode_shortcode_id=&#8221;736981&#8243; el_class=&#8221;w-auto about_us_banenr&#8221;][\/vc_column][\/vc_row][vc_row row_height_percent=&#8221;0&#8243; override_padding=&#8221;yes&#8221; h_padding=&#8221;0&#8243; top_padding=&#8221;3&#8243; bottom_padding=&#8221;3&#8243; overlay_alpha=&#8221;50&#8243; gutter_size=&#8221;3&#8243; column_width_percent=&#8221;100&#8243; shift_y=&#8221;0&#8243; z_index=&#8221;0&#8243; uncode_shortcode_id=&#8221;183118&#8243;][vc_column][vc_custom_heading heading_semantic=&#8221;h1&#8243; text_weight=&#8221;700&#8243; uncode_shortcode_id=&#8221;122096&#8243;]<span style=\"color: #43b8db;\">Sobre o <\/span>dispositivo de assist\u00eancia GlassOuse[\/vc_custom_heading][vc_separator sep_color=&#8221;color-vyce&#8221; icon_position=&#8221;left&#8221; el_height=&#8221;5px&#8221; uncode_shortcode_id=&#8221;727187&#8243; sep_color_type=&#8221;uncode-palette&#8221; el_width=&#8221;50px&#8221; el_class=&#8221;c-divider&#8221;][vc_column_text text_lead=&#8221;yes&#8221; uncode_shortcode_id=&#8221;157375&#8243;]Fundada em 2016, a GlassOuse Assistive Device vem projetando e desenvolvendo tecnologias para ajudar pessoas com defici\u00eancias f\u00edsicas e mobilidade limitada a acessar tecnologia b\u00e1sica como qualquer outra pessoa.<\/p>\n<p>&#8220;Como uma pessoa com defici\u00eancia sem membros ou problemas de mobilidade opera seus smartphones, tablets e computadores?&#8221; &#8211; Essa foi uma pergunta que nosso fundador e CEO, Mehmet Turker, enfrentou no in\u00edcio de 2016 quando se deparou com esse dilema. O amigo \u00edntimo de Nemo, Caner Cem Marti, um aventureiro de 20 anos, sofreu uma les\u00e3o grave durante um mergulho em alto-mar que resultou em paralisia de todo o corpo abaixo da cabe\u00e7a. Esse acidente mudaria a vida de Carner para sempre. Ent\u00e3o, Nemo quis criar um dispositivo para seu amigo que lhe permitisse usar o telefone e o computador como qualquer outra pessoa.   <\/p>\n<p>Ele passou a projetar o GlassOuse V1.1 &#8211; um mouse de cabe\u00e7a sem fio que permitiria a Caner usar telefones celulares e computadores simplesmente com movimentos da cabe\u00e7a e um clique. Mais tarde, esse dispositivo foi lan\u00e7ado no Indiegogo, onde foi elogiado e apreciado mundialmente. <\/p>\n<p>Desde ent\u00e3o, nossa equipe de especialistas, com o feedback \u00fatil de nossa comunidade global de usu\u00e1rios, desenvolveu v\u00e1rios dispositivos de assist\u00eancia, como <strong>GlassOuse V1.4, GlassOuse PRO, G-Switches, Adaptive Toys<\/strong> e outros, para permitir que todos tenham acesso \u00e0 tecnologia de forma mais independente.<\/p>\n<p><strong style=\"color: #43b8db;\">#inclus\u00e3o<\/strong> <strong style=\"color: #43b8db;\">#technology4all<\/strong><\/p>\n<p>O dispositivo assistivo GlassOuse (marca) \u00e9 de propriedade e operado integralmente pelo<strong> Ennopro Group Limited<\/strong> (organiza\u00e7\u00e3o controladora)[\/vc_column_text][\/vc_column][\/vc_row]<\/p>\n<\/div>","protected":false},"excerpt":{"rendered":"<p>[vc_row unlock_row_content=&#8221;yes&#8221; row_height_percent=&#8221;0&#8243; override_padding=&#8221;yes&#8221; h_padding=&#8221;0&#8243; top_padding=&#8221;0&#8243; bottom_padding=&#8221;0&#8243; overlay_alpha=&#8221;50&#8243; gutter_size=&#8221;0&#8243; column_width_percent=&#8221;100&#8243; shift_y=&#8221;0&#8243; z_index=&#8221;0&#8243; uncode_shortcode_id=&#8221;113570&#8243; row_height_pixel=&#8221;500&#8243; css=&#8221;.vc_custom_1657234076761{padding-right: 0px !important;padding-left: 0px !important;}&#8221;][vc_column column_width_percent=&#8221;100&#8243; [&hellip;]<\/p>\n","protected":false},"author":1,"featured_media":0,"parent":0,"menu_order":6,"comment_status":"closed","ping_status":"closed","template":"","meta":{"_acf_changed":false,"footnotes":""},"class_list":["post-29373","page","type-page","status-publish","hentry"],"acf":[],"yoast_head":"<!-- This site is optimized with the Yoast SEO plugin v27.4 - https:\/\/yoast.com\/product\/yoast-seo-wordpress\/ -->\n<title>Sobre n\u00f3s - Dispositivo de assist\u00eancia GlassOuse<\/title>\n<meta name=\"description\" content=\"Fundada em 2016, a GlassOuse Assistive Device vem projetando e desenvolvendo tecnologias para ajudar pessoas com defici\u00eancias f\u00edsicas e mobilidade limitada a acessar tecnologia b\u00e1sica como qualquer outra pessoa.\" \/>\n<meta name=\"robots\" content=\"index, follow, max-snippet:-1, max-image-preview:large, max-video-preview:-1\" \/>\n<link rel=\"canonical\" href=\"https:\/\/glassouse.com\/pt-br\/sobre-nos\/\" \/>\n<meta property=\"og:locale\" content=\"pt_BR\" \/>\n<meta property=\"og:type\" content=\"article\" \/>\n<meta property=\"og:title\" content=\"Sobre n\u00f3s - Dispositivo de assist\u00eancia GlassOuse\" \/>\n<meta property=\"og:description\" content=\"Fundada em 2016, a GlassOuse Assistive Device vem projetando e desenvolvendo tecnologias para ajudar pessoas com defici\u00eancias f\u00edsicas e mobilidade limitada a acessar tecnologia b\u00e1sica como qualquer outra pessoa.\" \/>\n<meta property=\"og:url\" content=\"https:\/\/glassouse.com\/pt-br\/sobre-nos\/\" \/>\n<meta property=\"og:site_name\" content=\"Glassouse Assistive Device\" \/>\n<meta property=\"article:publisher\" content=\"https:\/\/www.facebook.com\/glassouse\/\" \/>\n<meta property=\"article:modified_time\" content=\"2026-04-27T08:56:17+00:00\" \/>\n<meta name=\"twitter:card\" content=\"summary_large_image\" \/>\n<meta name=\"twitter:site\" content=\"@glassouse\" \/>\n<meta name=\"twitter:label1\" content=\"Est. tempo de leitura\" \/>\n\t<meta name=\"twitter:data1\" content=\"2 minutos\" \/>\n<script type=\"application\/ld+json\" class=\"yoast-schema-graph\">{\"@context\":\"https:\\\/\\\/schema.org\",\"@graph\":[{\"@type\":\"WebPage\",\"@id\":\"https:\\\/\\\/glassouse.com\\\/pt-br\\\/sobre-nos\\\/\",\"url\":\"https:\\\/\\\/glassouse.com\\\/pt-br\\\/sobre-nos\\\/\",\"name\":\"Sobre n\u00f3s - Dispositivo de assist\u00eancia GlassOuse\",\"isPartOf\":{\"@id\":\"https:\\\/\\\/glassouse.com\\\/pt-br\\\/#website\"},\"datePublished\":\"2022-06-07T03:14:18+00:00\",\"dateModified\":\"2026-04-27T08:56:17+00:00\",\"description\":\"Fundada em 2016, a GlassOuse Assistive Device vem projetando e desenvolvendo tecnologias para ajudar pessoas com defici\u00eancias f\u00edsicas e mobilidade limitada a acessar tecnologia b\u00e1sica como qualquer outra pessoa.\",\"breadcrumb\":{\"@id\":\"https:\\\/\\\/glassouse.com\\\/pt-br\\\/sobre-nos\\\/#breadcrumb\"},\"inLanguage\":\"pt-BR\",\"potentialAction\":[{\"@type\":\"ReadAction\",\"target\":[\"https:\\\/\\\/glassouse.com\\\/pt-br\\\/sobre-nos\\\/\"]}]},{\"@type\":\"BreadcrumbList\",\"@id\":\"https:\\\/\\\/glassouse.com\\\/pt-br\\\/sobre-nos\\\/#breadcrumb\",\"itemListElement\":[{\"@type\":\"ListItem\",\"position\":1,\"name\":\"Home\",\"item\":\"https:\\\/\\\/glassouse.com\\\/pt-br\\\/inicio\\\/\"},{\"@type\":\"ListItem\",\"position\":2,\"name\":\"Sobre n\u00f3s\"}]},{\"@type\":\"WebSite\",\"@id\":\"https:\\\/\\\/glassouse.com\\\/pt-br\\\/#website\",\"url\":\"https:\\\/\\\/glassouse.com\\\/pt-br\\\/\",\"name\":\"Glassouse Assistive Device\",\"description\":\"Assistive Device and Switches for Disabled\",\"publisher\":{\"@id\":\"https:\\\/\\\/glassouse.com\\\/pt-br\\\/#organization\"},\"potentialAction\":[{\"@type\":\"SearchAction\",\"target\":{\"@type\":\"EntryPoint\",\"urlTemplate\":\"https:\\\/\\\/glassouse.com\\\/pt-br\\\/?s={search_term_string}\"},\"query-input\":{\"@type\":\"PropertyValueSpecification\",\"valueRequired\":true,\"valueName\":\"search_term_string\"}}],\"inLanguage\":\"pt-BR\"},{\"@type\":\"Organization\",\"@id\":\"https:\\\/\\\/glassouse.com\\\/pt-br\\\/#organization\",\"name\":\"GlassOuse Assistive Device\",\"url\":\"https:\\\/\\\/glassouse.com\\\/pt-br\\\/\",\"logo\":{\"@type\":\"ImageObject\",\"inLanguage\":\"pt-BR\",\"@id\":\"https:\\\/\\\/glassouse.com\\\/pt-br\\\/#\\\/schema\\\/logo\\\/image\\\/\",\"url\":\"https:\\\/\\\/glassouse.com\\\/wp-content\\\/uploads\\\/2017\\\/11\\\/logo.jpg\",\"contentUrl\":\"https:\\\/\\\/glassouse.com\\\/wp-content\\\/uploads\\\/2017\\\/11\\\/logo.jpg\",\"width\":500,\"height\":500,\"caption\":\"GlassOuse Assistive Device\"},\"image\":{\"@id\":\"https:\\\/\\\/glassouse.com\\\/pt-br\\\/#\\\/schema\\\/logo\\\/image\\\/\"},\"sameAs\":[\"https:\\\/\\\/www.facebook.com\\\/glassouse\\\/\",\"https:\\\/\\\/x.com\\\/glassouse\",\"https:\\\/\\\/www.instagram.com\\\/glassouseassistivedevice\\\/\",\"https:\\\/\\\/www.linkedin.com\\\/company\\\/glassouse\\\/\",\"https:\\\/\\\/www.youtube.com\\\/channel\\\/UCM5pebcmVXbu00QYd91_Gyw\"]}]}<\/script>\n<!-- \/ Yoast SEO plugin. -->","yoast_head_json":{"title":"Sobre n\u00f3s - Dispositivo de assist\u00eancia GlassOuse","description":"Fundada em 2016, a GlassOuse Assistive Device vem projetando e desenvolvendo tecnologias para ajudar pessoas com defici\u00eancias f\u00edsicas e mobilidade limitada a acessar tecnologia b\u00e1sica como qualquer outra pessoa.","robots":{"index":"index","follow":"follow","max-snippet":"max-snippet:-1","max-image-preview":"max-image-preview:large","max-video-preview":"max-video-preview:-1"},"canonical":"https:\/\/glassouse.com\/pt-br\/sobre-nos\/","og_locale":"pt_BR","og_type":"article","og_title":"Sobre n\u00f3s - Dispositivo de assist\u00eancia GlassOuse","og_description":"Fundada em 2016, a GlassOuse Assistive Device vem projetando e desenvolvendo tecnologias para ajudar pessoas com defici\u00eancias f\u00edsicas e mobilidade limitada a acessar tecnologia b\u00e1sica como qualquer outra pessoa.","og_url":"https:\/\/glassouse.com\/pt-br\/sobre-nos\/","og_site_name":"Glassouse Assistive Device","article_publisher":"https:\/\/www.facebook.com\/glassouse\/","article_modified_time":"2026-04-27T08:56:17+00:00","twitter_card":"summary_large_image","twitter_site":"@glassouse","twitter_misc":{"Est. tempo de leitura":"2 minutos"},"schema":{"@context":"https:\/\/schema.org","@graph":[{"@type":"WebPage","@id":"https:\/\/glassouse.com\/pt-br\/sobre-nos\/","url":"https:\/\/glassouse.com\/pt-br\/sobre-nos\/","name":"Sobre n\u00f3s - Dispositivo de assist\u00eancia GlassOuse","isPartOf":{"@id":"https:\/\/glassouse.com\/pt-br\/#website"},"datePublished":"2022-06-07T03:14:18+00:00","dateModified":"2026-04-27T08:56:17+00:00","description":"Fundada em 2016, a GlassOuse Assistive Device vem projetando e desenvolvendo tecnologias para ajudar pessoas com defici\u00eancias f\u00edsicas e mobilidade limitada a acessar tecnologia b\u00e1sica como qualquer outra pessoa.","breadcrumb":{"@id":"https:\/\/glassouse.com\/pt-br\/sobre-nos\/#breadcrumb"},"inLanguage":"pt-BR","potentialAction":[{"@type":"ReadAction","target":["https:\/\/glassouse.com\/pt-br\/sobre-nos\/"]}]},{"@type":"BreadcrumbList","@id":"https:\/\/glassouse.com\/pt-br\/sobre-nos\/#breadcrumb","itemListElement":[{"@type":"ListItem","position":1,"name":"Home","item":"https:\/\/glassouse.com\/pt-br\/inicio\/"},{"@type":"ListItem","position":2,"name":"Sobre n\u00f3s"}]},{"@type":"WebSite","@id":"https:\/\/glassouse.com\/pt-br\/#website","url":"https:\/\/glassouse.com\/pt-br\/","name":"Glassouse Assistive Device","description":"Assistive Device and Switches for Disabled","publisher":{"@id":"https:\/\/glassouse.com\/pt-br\/#organization"},"potentialAction":[{"@type":"SearchAction","target":{"@type":"EntryPoint","urlTemplate":"https:\/\/glassouse.com\/pt-br\/?s={search_term_string}"},"query-input":{"@type":"PropertyValueSpecification","valueRequired":true,"valueName":"search_term_string"}}],"inLanguage":"pt-BR"},{"@type":"Organization","@id":"https:\/\/glassouse.com\/pt-br\/#organization","name":"GlassOuse Assistive Device","url":"https:\/\/glassouse.com\/pt-br\/","logo":{"@type":"ImageObject","inLanguage":"pt-BR","@id":"https:\/\/glassouse.com\/pt-br\/#\/schema\/logo\/image\/","url":"https:\/\/glassouse.com\/wp-content\/uploads\/2017\/11\/logo.jpg","contentUrl":"https:\/\/glassouse.com\/wp-content\/uploads\/2017\/11\/logo.jpg","width":500,"height":500,"caption":"GlassOuse Assistive Device"},"image":{"@id":"https:\/\/glassouse.com\/pt-br\/#\/schema\/logo\/image\/"},"sameAs":["https:\/\/www.facebook.com\/glassouse\/","https:\/\/x.com\/glassouse","https:\/\/www.instagram.com\/glassouseassistivedevice\/","https:\/\/www.linkedin.com\/company\/glassouse\/","https:\/\/www.youtube.com\/channel\/UCM5pebcmVXbu00QYd91_Gyw"]}]}},"_links":{"self":[{"href":"https:\/\/glassouse.com\/pt-br\/wp-json\/wp\/v2\/pages\/29373","targetHints":{"allow":["GET"]}}],"collection":[{"href":"https:\/\/glassouse.com\/pt-br\/wp-json\/wp\/v2\/pages"}],"about":[{"href":"https:\/\/glassouse.com\/pt-br\/wp-json\/wp\/v2\/types\/page"}],"author":[{"embeddable":true,"href":"https:\/\/glassouse.com\/pt-br\/wp-json\/wp\/v2\/users\/1"}],"replies":[{"embeddable":true,"href":"https:\/\/glassouse.com\/pt-br\/wp-json\/wp\/v2\/comments?post=29373"}],"version-history":[{"count":7,"href":"https:\/\/glassouse.com\/pt-br\/wp-json\/wp\/v2\/pages\/29373\/revisions"}],"predecessor-version":[{"id":29440,"href":"https:\/\/glassouse.com\/pt-br\/wp-json\/wp\/v2\/pages\/29373\/revisions\/29440"}],"wp:attachment":[{"href":"https:\/\/glassouse.com\/pt-br\/wp-json\/wp\/v2\/media?parent=29373"}],"curies":[{"name":"wp","href":"https:\/\/api.w.org\/{rel}","templated":true}]}}