{"id":25798,"date":"2024-12-20T15:37:53","date_gmt":"2024-12-20T07:37:53","guid":{"rendered":"https:\/\/glassouse.com\/product\/capa-de-silicone-para-oculos-gw07-g-eyeglass\/"},"modified":"2024-12-20T15:37:53","modified_gmt":"2024-12-20T07:37:53","slug":"capa-de-silicone-para-oculos-gw07-g-eyeglass","status":"publish","type":"product","link":"https:\/\/glassouse.com\/pt-br\/product\/capa-de-silicone-para-oculos-gw07-g-eyeglass\/","title":{"rendered":"Capa de silicone para \u00f3culos GW07 G-Eyeglass"},"content":{"rendered":"<h3><strong>Vis\u00e3o geral do produto<\/strong><\/h3>\n<p>A capa de silicone G-Eyeglass \u00e9 o complemento perfeito para usu\u00e1rios do GlassOuse que usam \u00f3culos, permitindo o uso tranquilo do GlassOuse PRO e do Link. Projetada para se adaptar \u00e0 maioria das hastes de \u00f3culos padr\u00e3o &#8211; sejam elas redondas ou quadradas -, essa capa aumenta a versatilidade e a facilidade de uso. <\/p>\n<h3><strong>Como usar<\/strong><\/h3>\n<ol>\n<li>Insira a haste do \u00f3culos nas ranhuras alongadas na parte posterior da capa de silicone. Para obter estabilidade e flexibilidade ideais, recomendamos que voc\u00ea passe a haste pelas oito fendas em ordem, garantindo que a 1357\u00aa tira fique para fora. <\/li>\n<li>Coloque o GlassOuse PRO\/Link na tampa de silicone, garantindo que as tr\u00eas tiras de silicone n\u00e3o bloqueiem as portas W, X, Y ou Z para permitir uma conex\u00e3o perfeita com os G-Switches.<\/li>\n<li>Conecte os G-Switches (at\u00e9 oito usando um conector Y-Splitter) ao GlassOuse PRO\/Link e use os \u00f3culos como de costume.<\/li>\n<li>Para remover a cobertura de silicone, deslize cuidadosamente a haste do \u00f3culos para fora dos slots.<\/li>\n<\/ol>\n<p><strong>Observa\u00e7\u00e3o: <\/strong>a capa de silicone G-Eyeglass se ajusta \u00e0 maioria dos formatos e tamanhos padr\u00e3o de hastes de \u00f3culos dispon\u00edveis no mercado. Entretanto, ela pode n\u00e3o se ajustar a determinados designs de hastes n\u00e3o convencionais. <\/p>\n","protected":false},"excerpt":{"rendered":"<p>Vis\u00e3o geral do produto A capa de silicone G-Eyeglass \u00e9 o complemento perfeito para usu\u00e1rios do GlassOuse que usam \u00f3culos, [&hellip;]<\/p>\n","protected":false},"featured_media":25800,"template":"","meta":{"_acf_changed":false},"product_brand":[],"product_cat":[244],"product_tag":[],"class_list":{"0":"post-25798","1":"product","2":"type-product","3":"status-publish","4":"has-post-thumbnail","6":"product_cat-glassouse-g-wear","8":"first","9":"instock","10":"shipping-taxable","11":"purchasable","12":"product-type-simple"},"acf":[],"yoast_head":"<!-- This site is optimized with the Yoast SEO plugin v27.4 - https:\/\/yoast.com\/product\/yoast-seo-wordpress\/ -->\n<title>Para o dispositivo de assist\u00eancia GlassOuse: Capa de silicone para \u00f3culos G<\/title>\n<meta name=\"description\" content=\"Um acess\u00f3rio ideal para o dispositivo de assist\u00eancia GlassOuse. Complemento perfeito para o GlassOuse PRO e o Link. Compatibilidade perfeita com a maioria das arma\u00e7\u00f5es de \u00f3culos padr\u00e3o.\" \/>\n<meta name=\"robots\" content=\"index, follow, max-snippet:-1, max-image-preview:large, max-video-preview:-1\" \/>\n<link rel=\"canonical\" href=\"https:\/\/glassouse.com\/pt-br\/product\/capa-de-silicone-para-oculos-gw07-g-eyeglass\/\" \/>\n<meta property=\"og:locale\" content=\"pt_BR\" \/>\n<meta property=\"og:type\" content=\"article\" \/>\n<meta property=\"og:title\" content=\"Para o dispositivo de assist\u00eancia GlassOuse: Capa de silicone para \u00f3culos G\" \/>\n<meta property=\"og:description\" content=\"Um acess\u00f3rio ideal para o dispositivo de assist\u00eancia GlassOuse. Complemento perfeito para o GlassOuse PRO e o Link. Compatibilidade perfeita com a maioria das arma\u00e7\u00f5es de \u00f3culos padr\u00e3o.\" \/>\n<meta property=\"og:url\" content=\"https:\/\/glassouse.com\/pt-br\/product\/capa-de-silicone-para-oculos-gw07-g-eyeglass\/\" \/>\n<meta property=\"og:site_name\" content=\"Glassouse Assistive Device\" \/>\n<meta property=\"article:publisher\" content=\"https:\/\/www.facebook.com\/glassouse\/\" \/>\n<meta property=\"og:image\" content=\"https:\/\/glassouse.com\/wp-content\/uploads\/2024\/12\/GlassOuse-G-Eyeglass-Silicone-Cover.jpg\" \/>\n\t<meta property=\"og:image:width\" content=\"2000\" \/>\n\t<meta property=\"og:image:height\" content=\"2000\" \/>\n\t<meta property=\"og:image:type\" content=\"image\/jpeg\" \/>\n<meta name=\"twitter:card\" content=\"summary_large_image\" \/>\n<meta name=\"twitter:site\" content=\"@glassouse\" \/>\n<meta name=\"twitter:label1\" content=\"Est. tempo de leitura\" \/>\n\t<meta name=\"twitter:data1\" content=\"1 minuto\" \/>\n<script type=\"application\/ld+json\" class=\"yoast-schema-graph\">{\"@context\":\"https:\\\/\\\/schema.org\",\"@graph\":[{\"@type\":\"WebPage\",\"@id\":\"https:\\\/\\\/glassouse.com\\\/pt-br\\\/product\\\/capa-de-silicone-para-oculos-gw07-g-eyeglass\\\/\",\"url\":\"https:\\\/\\\/glassouse.com\\\/pt-br\\\/product\\\/capa-de-silicone-para-oculos-gw07-g-eyeglass\\\/\",\"name\":\"Para o dispositivo de assist\u00eancia GlassOuse: Capa de silicone para \u00f3culos G\",\"isPartOf\":{\"@id\":\"https:\\\/\\\/glassouse.com\\\/pt-br\\\/#website\"},\"primaryImageOfPage\":{\"@id\":\"https:\\\/\\\/glassouse.com\\\/pt-br\\\/product\\\/capa-de-silicone-para-oculos-gw07-g-eyeglass\\\/#primaryimage\"},\"image\":{\"@id\":\"https:\\\/\\\/glassouse.com\\\/pt-br\\\/product\\\/capa-de-silicone-para-oculos-gw07-g-eyeglass\\\/#primaryimage\"},\"thumbnailUrl\":\"https:\\\/\\\/glassouse.com\\\/wp-content\\\/uploads\\\/2024\\\/12\\\/GlassOuse-G-Eyeglass-Silicone-Cover.jpg\",\"datePublished\":\"2024-12-20T07:37:53+00:00\",\"description\":\"Um acess\u00f3rio ideal para o dispositivo de assist\u00eancia GlassOuse. Complemento perfeito para o GlassOuse PRO e o Link. Compatibilidade perfeita com a maioria das arma\u00e7\u00f5es de \u00f3culos padr\u00e3o.\",\"breadcrumb\":{\"@id\":\"https:\\\/\\\/glassouse.com\\\/pt-br\\\/product\\\/capa-de-silicone-para-oculos-gw07-g-eyeglass\\\/#breadcrumb\"},\"inLanguage\":\"pt-BR\",\"potentialAction\":[{\"@type\":\"ReadAction\",\"target\":[\"https:\\\/\\\/glassouse.com\\\/pt-br\\\/product\\\/capa-de-silicone-para-oculos-gw07-g-eyeglass\\\/\"]}]},{\"@type\":\"ImageObject\",\"inLanguage\":\"pt-BR\",\"@id\":\"https:\\\/\\\/glassouse.com\\\/pt-br\\\/product\\\/capa-de-silicone-para-oculos-gw07-g-eyeglass\\\/#primaryimage\",\"url\":\"https:\\\/\\\/glassouse.com\\\/wp-content\\\/uploads\\\/2024\\\/12\\\/GlassOuse-G-Eyeglass-Silicone-Cover.jpg\",\"contentUrl\":\"https:\\\/\\\/glassouse.com\\\/wp-content\\\/uploads\\\/2024\\\/12\\\/GlassOuse-G-Eyeglass-Silicone-Cover.jpg\",\"width\":2000,\"height\":2000,\"caption\":\"Acess\u00f3rio GlassOuse G-Wear\"},{\"@type\":\"BreadcrumbList\",\"@id\":\"https:\\\/\\\/glassouse.com\\\/pt-br\\\/product\\\/capa-de-silicone-para-oculos-gw07-g-eyeglass\\\/#breadcrumb\",\"itemListElement\":[{\"@type\":\"ListItem\",\"position\":1,\"name\":\"Home\",\"item\":\"https:\\\/\\\/glassouse.com\\\/pt-br\\\/inicio\\\/\"},{\"@type\":\"ListItem\",\"position\":2,\"name\":\"Loja\",\"item\":\"https:\\\/\\\/glassouse.com\\\/pt-br\\\/loja\\\/\"},{\"@type\":\"ListItem\",\"position\":3,\"name\":\"Capa de silicone para \u00f3culos GW07 G-Eyeglass\"}]},{\"@type\":\"WebSite\",\"@id\":\"https:\\\/\\\/glassouse.com\\\/pt-br\\\/#website\",\"url\":\"https:\\\/\\\/glassouse.com\\\/pt-br\\\/\",\"name\":\"Glassouse Assistive Device\",\"description\":\"Assistive Device and Switches for Disabled\",\"publisher\":{\"@id\":\"https:\\\/\\\/glassouse.com\\\/pt-br\\\/#organization\"},\"potentialAction\":[{\"@type\":\"SearchAction\",\"target\":{\"@type\":\"EntryPoint\",\"urlTemplate\":\"https:\\\/\\\/glassouse.com\\\/pt-br\\\/?s={search_term_string}\"},\"query-input\":{\"@type\":\"PropertyValueSpecification\",\"valueRequired\":true,\"valueName\":\"search_term_string\"}}],\"inLanguage\":\"pt-BR\"},{\"@type\":\"Organization\",\"@id\":\"https:\\\/\\\/glassouse.com\\\/pt-br\\\/#organization\",\"name\":\"GlassOuse Assistive Device\",\"url\":\"https:\\\/\\\/glassouse.com\\\/pt-br\\\/\",\"logo\":{\"@type\":\"ImageObject\",\"inLanguage\":\"pt-BR\",\"@id\":\"https:\\\/\\\/glassouse.com\\\/pt-br\\\/#\\\/schema\\\/logo\\\/image\\\/\",\"url\":\"https:\\\/\\\/glassouse.com\\\/wp-content\\\/uploads\\\/2017\\\/11\\\/logo.jpg\",\"contentUrl\":\"https:\\\/\\\/glassouse.com\\\/wp-content\\\/uploads\\\/2017\\\/11\\\/logo.jpg\",\"width\":500,\"height\":500,\"caption\":\"GlassOuse Assistive Device\"},\"image\":{\"@id\":\"https:\\\/\\\/glassouse.com\\\/pt-br\\\/#\\\/schema\\\/logo\\\/image\\\/\"},\"sameAs\":[\"https:\\\/\\\/www.facebook.com\\\/glassouse\\\/\",\"https:\\\/\\\/x.com\\\/glassouse\",\"https:\\\/\\\/www.instagram.com\\\/glassouseassistivedevice\\\/\",\"https:\\\/\\\/www.linkedin.com\\\/company\\\/glassouse\\\/\",\"https:\\\/\\\/www.youtube.com\\\/channel\\\/UCM5pebcmVXbu00QYd91_Gyw\"]}]}<\/script>\n<!-- \/ Yoast SEO plugin. -->","yoast_head_json":{"title":"Para o dispositivo de assist\u00eancia GlassOuse: Capa de silicone para \u00f3culos G","description":"Um acess\u00f3rio ideal para o dispositivo de assist\u00eancia GlassOuse. Complemento perfeito para o GlassOuse PRO e o Link. Compatibilidade perfeita com a maioria das arma\u00e7\u00f5es de \u00f3culos padr\u00e3o.","robots":{"index":"index","follow":"follow","max-snippet":"max-snippet:-1","max-image-preview":"max-image-preview:large","max-video-preview":"max-video-preview:-1"},"canonical":"https:\/\/glassouse.com\/pt-br\/product\/capa-de-silicone-para-oculos-gw07-g-eyeglass\/","og_locale":"pt_BR","og_type":"article","og_title":"Para o dispositivo de assist\u00eancia GlassOuse: Capa de silicone para \u00f3culos G","og_description":"Um acess\u00f3rio ideal para o dispositivo de assist\u00eancia GlassOuse. Complemento perfeito para o GlassOuse PRO e o Link. Compatibilidade perfeita com a maioria das arma\u00e7\u00f5es de \u00f3culos padr\u00e3o.","og_url":"https:\/\/glassouse.com\/pt-br\/product\/capa-de-silicone-para-oculos-gw07-g-eyeglass\/","og_site_name":"Glassouse Assistive Device","article_publisher":"https:\/\/www.facebook.com\/glassouse\/","og_image":[{"width":2000,"height":2000,"url":"https:\/\/glassouse.com\/wp-content\/uploads\/2024\/12\/GlassOuse-G-Eyeglass-Silicone-Cover.jpg","type":"image\/jpeg"}],"twitter_card":"summary_large_image","twitter_site":"@glassouse","twitter_misc":{"Est. tempo de leitura":"1 minuto"},"schema":{"@context":"https:\/\/schema.org","@graph":[{"@type":"WebPage","@id":"https:\/\/glassouse.com\/pt-br\/product\/capa-de-silicone-para-oculos-gw07-g-eyeglass\/","url":"https:\/\/glassouse.com\/pt-br\/product\/capa-de-silicone-para-oculos-gw07-g-eyeglass\/","name":"Para o dispositivo de assist\u00eancia GlassOuse: Capa de silicone para \u00f3culos G","isPartOf":{"@id":"https:\/\/glassouse.com\/pt-br\/#website"},"primaryImageOfPage":{"@id":"https:\/\/glassouse.com\/pt-br\/product\/capa-de-silicone-para-oculos-gw07-g-eyeglass\/#primaryimage"},"image":{"@id":"https:\/\/glassouse.com\/pt-br\/product\/capa-de-silicone-para-oculos-gw07-g-eyeglass\/#primaryimage"},"thumbnailUrl":"https:\/\/glassouse.com\/wp-content\/uploads\/2024\/12\/GlassOuse-G-Eyeglass-Silicone-Cover.jpg","datePublished":"2024-12-20T07:37:53+00:00","description":"Um acess\u00f3rio ideal para o dispositivo de assist\u00eancia GlassOuse. Complemento perfeito para o GlassOuse PRO e o Link. Compatibilidade perfeita com a maioria das arma\u00e7\u00f5es de \u00f3culos padr\u00e3o.","breadcrumb":{"@id":"https:\/\/glassouse.com\/pt-br\/product\/capa-de-silicone-para-oculos-gw07-g-eyeglass\/#breadcrumb"},"inLanguage":"pt-BR","potentialAction":[{"@type":"ReadAction","target":["https:\/\/glassouse.com\/pt-br\/product\/capa-de-silicone-para-oculos-gw07-g-eyeglass\/"]}]},{"@type":"ImageObject","inLanguage":"pt-BR","@id":"https:\/\/glassouse.com\/pt-br\/product\/capa-de-silicone-para-oculos-gw07-g-eyeglass\/#primaryimage","url":"https:\/\/glassouse.com\/wp-content\/uploads\/2024\/12\/GlassOuse-G-Eyeglass-Silicone-Cover.jpg","contentUrl":"https:\/\/glassouse.com\/wp-content\/uploads\/2024\/12\/GlassOuse-G-Eyeglass-Silicone-Cover.jpg","width":2000,"height":2000,"caption":"Acess\u00f3rio GlassOuse G-Wear"},{"@type":"BreadcrumbList","@id":"https:\/\/glassouse.com\/pt-br\/product\/capa-de-silicone-para-oculos-gw07-g-eyeglass\/#breadcrumb","itemListElement":[{"@type":"ListItem","position":1,"name":"Home","item":"https:\/\/glassouse.com\/pt-br\/inicio\/"},{"@type":"ListItem","position":2,"name":"Loja","item":"https:\/\/glassouse.com\/pt-br\/loja\/"},{"@type":"ListItem","position":3,"name":"Capa de silicone para \u00f3culos GW07 G-Eyeglass"}]},{"@type":"WebSite","@id":"https:\/\/glassouse.com\/pt-br\/#website","url":"https:\/\/glassouse.com\/pt-br\/","name":"Glassouse Assistive Device","description":"Assistive Device and Switches for Disabled","publisher":{"@id":"https:\/\/glassouse.com\/pt-br\/#organization"},"potentialAction":[{"@type":"SearchAction","target":{"@type":"EntryPoint","urlTemplate":"https:\/\/glassouse.com\/pt-br\/?s={search_term_string}"},"query-input":{"@type":"PropertyValueSpecification","valueRequired":true,"valueName":"search_term_string"}}],"inLanguage":"pt-BR"},{"@type":"Organization","@id":"https:\/\/glassouse.com\/pt-br\/#organization","name":"GlassOuse Assistive Device","url":"https:\/\/glassouse.com\/pt-br\/","logo":{"@type":"ImageObject","inLanguage":"pt-BR","@id":"https:\/\/glassouse.com\/pt-br\/#\/schema\/logo\/image\/","url":"https:\/\/glassouse.com\/wp-content\/uploads\/2017\/11\/logo.jpg","contentUrl":"https:\/\/glassouse.com\/wp-content\/uploads\/2017\/11\/logo.jpg","width":500,"height":500,"caption":"GlassOuse Assistive Device"},"image":{"@id":"https:\/\/glassouse.com\/pt-br\/#\/schema\/logo\/image\/"},"sameAs":["https:\/\/www.facebook.com\/glassouse\/","https:\/\/x.com\/glassouse","https:\/\/www.instagram.com\/glassouseassistivedevice\/","https:\/\/www.linkedin.com\/company\/glassouse\/","https:\/\/www.youtube.com\/channel\/UCM5pebcmVXbu00QYd91_Gyw"]}]}},"_links":{"self":[{"href":"https:\/\/glassouse.com\/pt-br\/wp-json\/wp\/v2\/product\/25798","targetHints":{"allow":["GET"]}}],"collection":[{"href":"https:\/\/glassouse.com\/pt-br\/wp-json\/wp\/v2\/product"}],"about":[{"href":"https:\/\/glassouse.com\/pt-br\/wp-json\/wp\/v2\/types\/product"}],"wp:featuredmedia":[{"embeddable":true,"href":"https:\/\/glassouse.com\/pt-br\/wp-json\/wp\/v2\/media\/25800"}],"wp:attachment":[{"href":"https:\/\/glassouse.com\/pt-br\/wp-json\/wp\/v2\/media?parent=25798"}],"wp:term":[{"taxonomy":"product_brand","embeddable":true,"href":"https:\/\/glassouse.com\/pt-br\/wp-json\/wp\/v2\/product_brand?post=25798"},{"taxonomy":"product_cat","embeddable":true,"href":"https:\/\/glassouse.com\/pt-br\/wp-json\/wp\/v2\/product_cat?post=25798"},{"taxonomy":"product_tag","embeddable":true,"href":"https:\/\/glassouse.com\/pt-br\/wp-json\/wp\/v2\/product_tag?post=25798"}],"curies":[{"name":"wp","href":"https:\/\/api.w.org\/{rel}","templated":true}]}}