{"id":30578,"date":"2020-09-30T15:34:41","date_gmt":"2020-09-30T07:34:41","guid":{"rendered":"https:\/\/glassouse.com\/product\/glassouse-v1-3\/"},"modified":"2020-09-30T15:34:41","modified_gmt":"2020-09-30T07:34:41","slug":"glassouse-v1-3","status":"publish","type":"product","link":"https:\/\/glassouse.com\/pt-br\/product\/glassouse-v1-3\/","title":{"rendered":"GlassOuse V1.3"},"content":{"rendered":"<p>Dispositivo de assist\u00eancia premiado para pessoas com defici\u00eancia &#8211; o GlassOuse V1.3 pode se conectar a computadores, telefones celulares, tablets e smart TVs via Bluetooth 4.0 ou inferior, sem complica\u00e7\u00f5es, e \u00e9 um dispositivo de assist\u00eancia compat\u00edvel com Windows, iOS14, iPadOS13, macOS, Linux, Android e Chrome OS. O GlassOuse V1.3 tem uma bateria de alta densidade de tamanho pequeno que permite ao usu\u00e1rio usar o GlassOuse V1.3 por mais de 150 horas ativas com uma \u00fanica carga. <\/p>\n<p>Voc\u00ea pode usar o GlassOuse v1.3 com seus pr\u00f3prios \u00f3culos e dobr\u00e1-lo como os \u00f3culos comuns. Com seu recurso de girosc\u00f3pio de 9 eixos atualizado, o GlassOuse detecta os menores movimentos da cabe\u00e7a para mover o cursor na tela. Basta conectar o GlassOuse ao seu dispositivo, concluir o curto processo de calibra\u00e7\u00e3o para obter 100% de precis\u00e3o e come\u00e7ar a usar seus gadgets com as m\u00e3os livres.  <\/p>\n<p>O GlassOuse pode se conectar a qualquer um dos nove diferentes switches da s\u00e9rie G-Switch e a qualquer outro switch adapt\u00e1vel compat\u00edvel com conector de 3,5 mm para cliques.<\/p>\n","protected":false},"excerpt":{"rendered":"<hr>\n<p><strong>O novo GlassOuse V1.3 \u00e9 uma vers\u00e3o atualizada do seu antecessor V1.2 e agora est\u00e1 melhor do que nunca!<\/strong><\/p>\n<p><strong><span style=\"text-decoration: underline;\">O que h\u00e1 de novo<\/span>:<\/strong><\/p>\n<ul>\n<li><strong>Suporte a Bluetooth 4.0<\/strong> &#8211;<em> conectividade mais r\u00e1pida e melhor com baixa lat\u00eancia<\/em>.<\/li>\n<li><strong>Vida \u00fatil da bateria aprimorada<\/strong> &#8211; <em>10 vezes mais dura\u00e7\u00e3o da bateria do que na vers\u00e3o anterior<\/em><\/li>\n<li><strong>Configura\u00e7\u00e3o de sensibilidade aprimorada<\/strong> &#8211;<em> Ajuste a sensibilidade do dispositivo com mais precis\u00e3o<\/em><\/li>\n<li><strong>Constru\u00e7\u00e3o de material mais resistente<\/strong> &#8211; <em>para maior vida \u00fatil do produto<\/em><\/li>\n<\/ul>\n<p><a href=\"https:\/\/glassouse.com\/wp-content\/uploads\/2020\/11\/GLASSOUSE-V1.3_USER-MANUAL.pdf\"><img decoding=\"async\" class=\"alignnone wp-image-2116\" src=\"https:\/\/glassouse.com\/wp-content\/uploads\/2018\/03\/download_user_manual.png\" alt=\"\" width=\"96\" height=\"96\" srcset=\"https:\/\/glassouse.com\/wp-content\/uploads\/2018\/03\/download_user_manual.png 149w, https:\/\/glassouse.com\/wp-content\/uploads\/2018\/03\/download_user_manual-100x100.png 100w, https:\/\/glassouse.com\/wp-content\/uploads\/2018\/03\/download_user_manual-75x75.png 75w\" sizes=\"(max-width: 96px) 100vw, 96px\" \/><\/a>  <a href=\"https:\/\/glassouse.com\/pt-br\/garantia-de-devolucao-do-dinheiro\/\"><img decoding=\"async\" class=\"alignnone wp-image-1817\" src=\"https:\/\/glassouse.com\/wp-content\/uploads\/2017\/11\/15_Day_Money_Back_47882ccb-f31c-4b58-ab77-9b78929009ef_grande.png\" alt=\"\" width=\"95\" height=\"95\" srcset=\"https:\/\/glassouse.com\/wp-content\/uploads\/2017\/11\/15_Day_Money_Back_47882ccb-f31c-4b58-ab77-9b78929009ef_grande.png 150w, https:\/\/glassouse.com\/wp-content\/uploads\/2017\/11\/15_Day_Money_Back_47882ccb-f31c-4b58-ab77-9b78929009ef_grande-100x100.png 100w, https:\/\/glassouse.com\/wp-content\/uploads\/2017\/11\/15_Day_Money_Back_47882ccb-f31c-4b58-ab77-9b78929009ef_grande-75x75.png 75w\" sizes=\"(max-width: 95px) 100vw, 95px\" \/><\/a>  <img decoding=\"async\" class=\"alignnone wp-image-3424\" src=\"https:\/\/glassouse.com\/wp-content\/uploads\/2020\/08\/A4.png\" alt=\"Garantia da GlassOuse\" width=\"95\" height=\"95\" srcset=\"https:\/\/glassouse.com\/wp-content\/uploads\/2020\/08\/A4.png 345w, https:\/\/glassouse.com\/wp-content\/uploads\/2020\/08\/A4-300x299.png 300w, https:\/\/glassouse.com\/wp-content\/uploads\/2020\/08\/A4-100x100.png 100w, https:\/\/glassouse.com\/wp-content\/uploads\/2020\/08\/A4-150x150.png 150w\" sizes=\"(max-width: 95px) 100vw, 95px\" \/><\/p>\n<p>O GlassOuse V1.3 foi projetado para ser mais flex\u00edvel e funcional e atender \u00e0s necessidades das pessoas com habilidades limitadas de movimento ao conectar tecnologias. O GlassOuse V1.3 pode se conectar a computadores, telefones celulares, tablets e smart TVs via Bluetooth 4.0 ou inferior, sem complica\u00e7\u00f5es, e \u00e9 um dispositivo de assist\u00eancia compat\u00edvel com Windows, iOS14, iPadOS13, macOS, Linux, Android e Chrome OS. O GlassOuse pode ser emparelhado com as novas op\u00e7\u00f5es da s\u00e9rie G-Switch, de acordo com a necessidade, ou diretamente com o software Dwell.  <\/p>\n<p>O GlassOuse V1.3 tem uma bateria de alta densidade de tamanho pequeno que permite ao usu\u00e1rio usar o GlassOuse V1.3 por mais de 150 horas ativas com uma \u00fanica carga.<\/p>\n<p>Voc\u00ea pode usar o GlassOuse v1.3 com seus pr\u00f3prios \u00f3culos e dobr\u00e1-lo como os \u00f3culos comuns. Com seu recurso de girosc\u00f3pio de 9 eixos atualizado, o GlassOuse detecta os menores movimentos da cabe\u00e7a para mover o cursor na tela. Basta conectar o GlassOuse ao seu dispositivo, concluir o curto processo de calibra\u00e7\u00e3o para obter 100% de precis\u00e3o e come\u00e7ar a usar seus gadgets com as m\u00e3os livres.  <\/p>\n<p><strong>Dentro da caixa<\/strong>:<br \/>\n1x GlassOuse V1.3;<br \/>\n1x Cabo de carregamento;<br \/>\n2x Suporte para orelha<br \/>\n1x Manual do usu\u00e1rio<\/p>\n","protected":false},"featured_media":30581,"template":"","meta":{"_acf_changed":false},"product_brand":[],"product_cat":[284],"product_tag":[],"class_list":{"0":"post-30578","1":"product","2":"type-product","3":"status-publish","4":"has-post-thumbnail","6":"product_cat-pacote-glassouse","8":"first","9":"outofstock","10":"downloadable","11":"shipping-taxable","12":"purchasable","13":"product-type-simple"},"acf":[],"yoast_head":"<!-- This site is optimized with the Yoast SEO plugin v27.4 - https:\/\/yoast.com\/product\/yoast-seo-wordpress\/ -->\n<title>GlassOuse V1.3 - Dispositivo de assist\u00eancia para pessoas com defici\u00eancia. Dispositivo de controle viva-voz<\/title>\n<meta name=\"description\" content=\"Dispositivo de assist\u00eancia premiado GlassOuse - um headmouse sem fio para deficientes controlarem a tecnologia com as m\u00e3os livres. Frete internacional.\" \/>\n<meta name=\"robots\" content=\"index, follow, max-snippet:-1, max-image-preview:large, max-video-preview:-1\" \/>\n<link rel=\"canonical\" href=\"https:\/\/glassouse.com\/pt-br\/product\/glassouse-v1-3\/\" \/>\n<meta property=\"og:locale\" content=\"pt_BR\" \/>\n<meta property=\"og:type\" content=\"article\" \/>\n<meta property=\"og:title\" content=\"GlassOuse V1.3 - Dispositivo de assist\u00eancia para pessoas com defici\u00eancia. Dispositivo de controle viva-voz\" \/>\n<meta property=\"og:description\" content=\"Dispositivo de assist\u00eancia premiado GlassOuse - um headmouse sem fio para deficientes controlarem a tecnologia com as m\u00e3os livres. Frete internacional.\" \/>\n<meta property=\"og:url\" content=\"https:\/\/glassouse.com\/pt-br\/product\/glassouse-v1-3\/\" \/>\n<meta property=\"og:site_name\" content=\"Glassouse Assistive Device\" \/>\n<meta property=\"article:publisher\" content=\"https:\/\/www.facebook.com\/glassouse\/\" \/>\n<meta property=\"og:image\" content=\"https:\/\/glassouse.com\/wp-content\/uploads\/2020\/09\/002.jpg\" \/>\n\t<meta property=\"og:image:width\" content=\"1000\" \/>\n\t<meta property=\"og:image:height\" content=\"1000\" \/>\n\t<meta property=\"og:image:type\" content=\"image\/jpeg\" \/>\n<meta name=\"twitter:card\" content=\"summary_large_image\" \/>\n<meta name=\"twitter:site\" content=\"@glassouse\" \/>\n<meta name=\"twitter:label1\" content=\"Est. tempo de leitura\" \/>\n\t<meta name=\"twitter:data1\" content=\"1 minuto\" \/>\n<script type=\"application\/ld+json\" class=\"yoast-schema-graph\">{\"@context\":\"https:\\\/\\\/schema.org\",\"@graph\":[{\"@type\":\"WebPage\",\"@id\":\"https:\\\/\\\/glassouse.com\\\/pt-br\\\/product\\\/glassouse-v1-3\\\/\",\"url\":\"https:\\\/\\\/glassouse.com\\\/pt-br\\\/product\\\/glassouse-v1-3\\\/\",\"name\":\"GlassOuse V1.3 - Dispositivo de assist\u00eancia para pessoas com defici\u00eancia. Dispositivo de controle viva-voz\",\"isPartOf\":{\"@id\":\"https:\\\/\\\/glassouse.com\\\/pt-br\\\/#website\"},\"primaryImageOfPage\":{\"@id\":\"https:\\\/\\\/glassouse.com\\\/pt-br\\\/product\\\/glassouse-v1-3\\\/#primaryimage\"},\"image\":{\"@id\":\"https:\\\/\\\/glassouse.com\\\/pt-br\\\/product\\\/glassouse-v1-3\\\/#primaryimage\"},\"thumbnailUrl\":\"https:\\\/\\\/glassouse.com\\\/wp-content\\\/uploads\\\/2020\\\/09\\\/002.jpg\",\"datePublished\":\"2020-09-30T07:34:41+00:00\",\"description\":\"Dispositivo de assist\u00eancia premiado GlassOuse - um headmouse sem fio para deficientes controlarem a tecnologia com as m\u00e3os livres. Frete internacional.\",\"breadcrumb\":{\"@id\":\"https:\\\/\\\/glassouse.com\\\/pt-br\\\/product\\\/glassouse-v1-3\\\/#breadcrumb\"},\"inLanguage\":\"pt-BR\",\"potentialAction\":[{\"@type\":\"ReadAction\",\"target\":[\"https:\\\/\\\/glassouse.com\\\/pt-br\\\/product\\\/glassouse-v1-3\\\/\"]}]},{\"@type\":\"ImageObject\",\"inLanguage\":\"pt-BR\",\"@id\":\"https:\\\/\\\/glassouse.com\\\/pt-br\\\/product\\\/glassouse-v1-3\\\/#primaryimage\",\"url\":\"https:\\\/\\\/glassouse.com\\\/wp-content\\\/uploads\\\/2020\\\/09\\\/002.jpg\",\"contentUrl\":\"https:\\\/\\\/glassouse.com\\\/wp-content\\\/uploads\\\/2020\\\/09\\\/002.jpg\",\"width\":1000,\"height\":1000,\"caption\":\"Dispositivo de assist\u00eancia GlassOuse para deficientes\"},{\"@type\":\"BreadcrumbList\",\"@id\":\"https:\\\/\\\/glassouse.com\\\/pt-br\\\/product\\\/glassouse-v1-3\\\/#breadcrumb\",\"itemListElement\":[{\"@type\":\"ListItem\",\"position\":1,\"name\":\"Home\",\"item\":\"https:\\\/\\\/glassouse.com\\\/pt-br\\\/inicio\\\/\"},{\"@type\":\"ListItem\",\"position\":2,\"name\":\"Loja\",\"item\":\"https:\\\/\\\/glassouse.com\\\/pt-br\\\/loja\\\/\"},{\"@type\":\"ListItem\",\"position\":3,\"name\":\"Private: GlassOuse V1.3\"}]},{\"@type\":\"WebSite\",\"@id\":\"https:\\\/\\\/glassouse.com\\\/pt-br\\\/#website\",\"url\":\"https:\\\/\\\/glassouse.com\\\/pt-br\\\/\",\"name\":\"Glassouse Assistive Device\",\"description\":\"Assistive Device and Switches for Disabled\",\"publisher\":{\"@id\":\"https:\\\/\\\/glassouse.com\\\/pt-br\\\/#organization\"},\"potentialAction\":[{\"@type\":\"SearchAction\",\"target\":{\"@type\":\"EntryPoint\",\"urlTemplate\":\"https:\\\/\\\/glassouse.com\\\/pt-br\\\/?s={search_term_string}\"},\"query-input\":{\"@type\":\"PropertyValueSpecification\",\"valueRequired\":true,\"valueName\":\"search_term_string\"}}],\"inLanguage\":\"pt-BR\"},{\"@type\":\"Organization\",\"@id\":\"https:\\\/\\\/glassouse.com\\\/pt-br\\\/#organization\",\"name\":\"GlassOuse Assistive Device\",\"url\":\"https:\\\/\\\/glassouse.com\\\/pt-br\\\/\",\"logo\":{\"@type\":\"ImageObject\",\"inLanguage\":\"pt-BR\",\"@id\":\"https:\\\/\\\/glassouse.com\\\/pt-br\\\/#\\\/schema\\\/logo\\\/image\\\/\",\"url\":\"https:\\\/\\\/glassouse.com\\\/wp-content\\\/uploads\\\/2017\\\/11\\\/logo.jpg\",\"contentUrl\":\"https:\\\/\\\/glassouse.com\\\/wp-content\\\/uploads\\\/2017\\\/11\\\/logo.jpg\",\"width\":500,\"height\":500,\"caption\":\"GlassOuse Assistive Device\"},\"image\":{\"@id\":\"https:\\\/\\\/glassouse.com\\\/pt-br\\\/#\\\/schema\\\/logo\\\/image\\\/\"},\"sameAs\":[\"https:\\\/\\\/www.facebook.com\\\/glassouse\\\/\",\"https:\\\/\\\/x.com\\\/glassouse\",\"https:\\\/\\\/www.instagram.com\\\/glassouseassistivedevice\\\/\",\"https:\\\/\\\/www.linkedin.com\\\/company\\\/glassouse\\\/\",\"https:\\\/\\\/www.youtube.com\\\/channel\\\/UCM5pebcmVXbu00QYd91_Gyw\"]}]}<\/script>\n<!-- \/ Yoast SEO plugin. -->","yoast_head_json":{"title":"GlassOuse V1.3 - Dispositivo de assist\u00eancia para pessoas com defici\u00eancia. Dispositivo de controle viva-voz","description":"Dispositivo de assist\u00eancia premiado GlassOuse - um headmouse sem fio para deficientes controlarem a tecnologia com as m\u00e3os livres. Frete internacional.","robots":{"index":"index","follow":"follow","max-snippet":"max-snippet:-1","max-image-preview":"max-image-preview:large","max-video-preview":"max-video-preview:-1"},"canonical":"https:\/\/glassouse.com\/pt-br\/product\/glassouse-v1-3\/","og_locale":"pt_BR","og_type":"article","og_title":"GlassOuse V1.3 - Dispositivo de assist\u00eancia para pessoas com defici\u00eancia. Dispositivo de controle viva-voz","og_description":"Dispositivo de assist\u00eancia premiado GlassOuse - um headmouse sem fio para deficientes controlarem a tecnologia com as m\u00e3os livres. Frete internacional.","og_url":"https:\/\/glassouse.com\/pt-br\/product\/glassouse-v1-3\/","og_site_name":"Glassouse Assistive Device","article_publisher":"https:\/\/www.facebook.com\/glassouse\/","og_image":[{"width":1000,"height":1000,"url":"https:\/\/glassouse.com\/wp-content\/uploads\/2020\/09\/002.jpg","type":"image\/jpeg"}],"twitter_card":"summary_large_image","twitter_site":"@glassouse","twitter_misc":{"Est. tempo de leitura":"1 minuto"},"schema":{"@context":"https:\/\/schema.org","@graph":[{"@type":"WebPage","@id":"https:\/\/glassouse.com\/pt-br\/product\/glassouse-v1-3\/","url":"https:\/\/glassouse.com\/pt-br\/product\/glassouse-v1-3\/","name":"GlassOuse V1.3 - Dispositivo de assist\u00eancia para pessoas com defici\u00eancia. Dispositivo de controle viva-voz","isPartOf":{"@id":"https:\/\/glassouse.com\/pt-br\/#website"},"primaryImageOfPage":{"@id":"https:\/\/glassouse.com\/pt-br\/product\/glassouse-v1-3\/#primaryimage"},"image":{"@id":"https:\/\/glassouse.com\/pt-br\/product\/glassouse-v1-3\/#primaryimage"},"thumbnailUrl":"https:\/\/glassouse.com\/wp-content\/uploads\/2020\/09\/002.jpg","datePublished":"2020-09-30T07:34:41+00:00","description":"Dispositivo de assist\u00eancia premiado GlassOuse - um headmouse sem fio para deficientes controlarem a tecnologia com as m\u00e3os livres. Frete internacional.","breadcrumb":{"@id":"https:\/\/glassouse.com\/pt-br\/product\/glassouse-v1-3\/#breadcrumb"},"inLanguage":"pt-BR","potentialAction":[{"@type":"ReadAction","target":["https:\/\/glassouse.com\/pt-br\/product\/glassouse-v1-3\/"]}]},{"@type":"ImageObject","inLanguage":"pt-BR","@id":"https:\/\/glassouse.com\/pt-br\/product\/glassouse-v1-3\/#primaryimage","url":"https:\/\/glassouse.com\/wp-content\/uploads\/2020\/09\/002.jpg","contentUrl":"https:\/\/glassouse.com\/wp-content\/uploads\/2020\/09\/002.jpg","width":1000,"height":1000,"caption":"Dispositivo de assist\u00eancia GlassOuse para deficientes"},{"@type":"BreadcrumbList","@id":"https:\/\/glassouse.com\/pt-br\/product\/glassouse-v1-3\/#breadcrumb","itemListElement":[{"@type":"ListItem","position":1,"name":"Home","item":"https:\/\/glassouse.com\/pt-br\/inicio\/"},{"@type":"ListItem","position":2,"name":"Loja","item":"https:\/\/glassouse.com\/pt-br\/loja\/"},{"@type":"ListItem","position":3,"name":"Private: GlassOuse V1.3"}]},{"@type":"WebSite","@id":"https:\/\/glassouse.com\/pt-br\/#website","url":"https:\/\/glassouse.com\/pt-br\/","name":"Glassouse Assistive Device","description":"Assistive Device and Switches for Disabled","publisher":{"@id":"https:\/\/glassouse.com\/pt-br\/#organization"},"potentialAction":[{"@type":"SearchAction","target":{"@type":"EntryPoint","urlTemplate":"https:\/\/glassouse.com\/pt-br\/?s={search_term_string}"},"query-input":{"@type":"PropertyValueSpecification","valueRequired":true,"valueName":"search_term_string"}}],"inLanguage":"pt-BR"},{"@type":"Organization","@id":"https:\/\/glassouse.com\/pt-br\/#organization","name":"GlassOuse Assistive Device","url":"https:\/\/glassouse.com\/pt-br\/","logo":{"@type":"ImageObject","inLanguage":"pt-BR","@id":"https:\/\/glassouse.com\/pt-br\/#\/schema\/logo\/image\/","url":"https:\/\/glassouse.com\/wp-content\/uploads\/2017\/11\/logo.jpg","contentUrl":"https:\/\/glassouse.com\/wp-content\/uploads\/2017\/11\/logo.jpg","width":500,"height":500,"caption":"GlassOuse Assistive Device"},"image":{"@id":"https:\/\/glassouse.com\/pt-br\/#\/schema\/logo\/image\/"},"sameAs":["https:\/\/www.facebook.com\/glassouse\/","https:\/\/x.com\/glassouse","https:\/\/www.instagram.com\/glassouseassistivedevice\/","https:\/\/www.linkedin.com\/company\/glassouse\/","https:\/\/www.youtube.com\/channel\/UCM5pebcmVXbu00QYd91_Gyw"]}]}},"_links":{"self":[{"href":"https:\/\/glassouse.com\/pt-br\/wp-json\/wp\/v2\/product\/30578","targetHints":{"allow":["GET"]}}],"collection":[{"href":"https:\/\/glassouse.com\/pt-br\/wp-json\/wp\/v2\/product"}],"about":[{"href":"https:\/\/glassouse.com\/pt-br\/wp-json\/wp\/v2\/types\/product"}],"wp:featuredmedia":[{"embeddable":true,"href":"https:\/\/glassouse.com\/pt-br\/wp-json\/wp\/v2\/media\/30581"}],"wp:attachment":[{"href":"https:\/\/glassouse.com\/pt-br\/wp-json\/wp\/v2\/media?parent=30578"}],"wp:term":[{"taxonomy":"product_brand","embeddable":true,"href":"https:\/\/glassouse.com\/pt-br\/wp-json\/wp\/v2\/product_brand?post=30578"},{"taxonomy":"product_cat","embeddable":true,"href":"https:\/\/glassouse.com\/pt-br\/wp-json\/wp\/v2\/product_cat?post=30578"},{"taxonomy":"product_tag","embeddable":true,"href":"https:\/\/glassouse.com\/pt-br\/wp-json\/wp\/v2\/product_tag?post=30578"}],"curies":[{"name":"wp","href":"https:\/\/api.w.org\/{rel}","templated":true}]}}