{"id":34596,"date":"2017-11-23T09:27:47","date_gmt":"2017-11-23T09:27:47","guid":{"rendered":"https:\/\/glassouse.com\/product\/ac01-capa-de-silicone-para-bite-switch-360-bite-switch\/"},"modified":"2017-11-23T09:27:47","modified_gmt":"2017-11-23T01:27:47","slug":"ac01-capa-de-silicone-para-bite-switch-360-bite-switch","status":"publish","type":"product","link":"https:\/\/glassouse.com\/pt-br\/product\/ac01-capa-de-silicone-para-bite-switch-360-bite-switch\/","title":{"rendered":"AC01 Capa de silicone para Bite Switch\/360 Bite Switch"},"content":{"rendered":"","protected":false},"excerpt":{"rendered":"<p><strong>1x p\u00e7s Capa de silicone para Bite Switch\/360 Bite Switch<\/strong><\/p>\n<p>Tampa de silicone adicional para os produtos Bite Switch e 360 Bite Switch da GlassOuse V1.4 e Link &amp; Pro. A tampa \u00e9 feita de material n\u00e3o carcinog\u00eanico e \u00e9 f\u00e1cil de trocar e limpar. Basta remov\u00ea-la do m\u00f3dulo do interruptor, lav\u00e1-la ou limp\u00e1-la com um pano \u00famido.  <\/p>\n","protected":false},"featured_media":34603,"template":"","meta":{"_acf_changed":false},"product_brand":[],"product_cat":[360],"product_tag":[],"class_list":{"0":"post-34596","1":"product","2":"type-product","3":"status-publish","4":"has-post-thumbnail","6":"product_cat-acessorios-glassouse","7":"product_shipping_class-acessorios","9":"first","10":"instock","11":"shipping-taxable","12":"purchasable","13":"product-type-variable","14":"has-default-attributes"},"acf":[],"yoast_head":"<!-- This site is optimized with the Yoast SEO plugin v27.4 - https:\/\/yoast.com\/product\/yoast-seo-wordpress\/ -->\n<title>Capa de silicone GlassOuse para Bite Switch\/360 Bite Switch para venda - Design para Deficientes<\/title>\n<meta name=\"description\" content=\"Capa de silicone para o dispositivo de assist\u00eancia Bite Switch\/360 Bite Switch da GlassOuse. Projetado para pessoas com defici\u00eancia, feito de materiais s\u00f3lidos e dur\u00e1veis. Envio para todo o mundo.\" \/>\n<meta name=\"robots\" content=\"index, follow, max-snippet:-1, max-image-preview:large, max-video-preview:-1\" \/>\n<link rel=\"canonical\" href=\"https:\/\/glassouse.com\/pt-br\/product\/ac01-capa-de-silicone-para-bite-switch-360-bite-switch\/\" \/>\n<meta property=\"og:locale\" content=\"pt_BR\" \/>\n<meta property=\"og:type\" content=\"article\" \/>\n<meta property=\"og:title\" content=\"Capa de silicone GlassOuse para Bite Switch\/360 Bite Switch para venda - Design para Deficientes\" \/>\n<meta property=\"og:description\" content=\"Capa de silicone para o dispositivo de assist\u00eancia Bite Switch\/360 Bite Switch da GlassOuse. Projetado para pessoas com defici\u00eancia, feito de materiais s\u00f3lidos e dur\u00e1veis. Envio para todo o mundo.\" \/>\n<meta property=\"og:url\" content=\"https:\/\/glassouse.com\/pt-br\/product\/ac01-capa-de-silicone-para-bite-switch-360-bite-switch\/\" \/>\n<meta property=\"og:site_name\" content=\"Glassouse Assistive Device\" \/>\n<meta property=\"article:publisher\" content=\"https:\/\/www.facebook.com\/glassouse\/\" \/>\n<meta property=\"og:image\" content=\"https:\/\/glassouse.com\/wp-content\/uploads\/2017\/11\/Bite-Switch-Silicone-Cover-img.jpg\" \/>\n\t<meta property=\"og:image:width\" content=\"516\" \/>\n\t<meta property=\"og:image:height\" content=\"516\" \/>\n\t<meta property=\"og:image:type\" content=\"image\/jpeg\" \/>\n<meta name=\"twitter:card\" content=\"summary_large_image\" \/>\n<meta name=\"twitter:site\" content=\"@glassouse\" \/>\n<script type=\"application\/ld+json\" class=\"yoast-schema-graph\">{\"@context\":\"https:\\\/\\\/schema.org\",\"@graph\":[{\"@type\":\"WebPage\",\"@id\":\"https:\\\/\\\/glassouse.com\\\/pt-br\\\/product\\\/ac01-capa-de-silicone-para-bite-switch-360-bite-switch\\\/\",\"url\":\"https:\\\/\\\/glassouse.com\\\/pt-br\\\/product\\\/ac01-capa-de-silicone-para-bite-switch-360-bite-switch\\\/\",\"name\":\"Capa de silicone GlassOuse para Bite Switch\\\/360 Bite Switch para venda - Design para Deficientes\",\"isPartOf\":{\"@id\":\"https:\\\/\\\/glassouse.com\\\/pt-br\\\/#website\"},\"primaryImageOfPage\":{\"@id\":\"https:\\\/\\\/glassouse.com\\\/pt-br\\\/product\\\/ac01-capa-de-silicone-para-bite-switch-360-bite-switch\\\/#primaryimage\"},\"image\":{\"@id\":\"https:\\\/\\\/glassouse.com\\\/pt-br\\\/product\\\/ac01-capa-de-silicone-para-bite-switch-360-bite-switch\\\/#primaryimage\"},\"thumbnailUrl\":\"https:\\\/\\\/glassouse.com\\\/wp-content\\\/uploads\\\/2017\\\/11\\\/Bite-Switch-Silicone-Cover-img.jpg\",\"datePublished\":\"2017-11-23T09:27:47+00:00\",\"description\":\"Capa de silicone para o dispositivo de assist\u00eancia Bite Switch\\\/360 Bite Switch da GlassOuse. Projetado para pessoas com defici\u00eancia, feito de materiais s\u00f3lidos e dur\u00e1veis. Envio para todo o mundo.\",\"breadcrumb\":{\"@id\":\"https:\\\/\\\/glassouse.com\\\/pt-br\\\/product\\\/ac01-capa-de-silicone-para-bite-switch-360-bite-switch\\\/#breadcrumb\"},\"inLanguage\":\"pt-BR\",\"potentialAction\":[{\"@type\":\"ReadAction\",\"target\":[\"https:\\\/\\\/glassouse.com\\\/pt-br\\\/product\\\/ac01-capa-de-silicone-para-bite-switch-360-bite-switch\\\/\"]}]},{\"@type\":\"ImageObject\",\"inLanguage\":\"pt-BR\",\"@id\":\"https:\\\/\\\/glassouse.com\\\/pt-br\\\/product\\\/ac01-capa-de-silicone-para-bite-switch-360-bite-switch\\\/#primaryimage\",\"url\":\"https:\\\/\\\/glassouse.com\\\/wp-content\\\/uploads\\\/2017\\\/11\\\/Bite-Switch-Silicone-Cover-img.jpg\",\"contentUrl\":\"https:\\\/\\\/glassouse.com\\\/wp-content\\\/uploads\\\/2017\\\/11\\\/Bite-Switch-Silicone-Cover-img.jpg\",\"width\":516,\"height\":516,\"caption\":\"Bite-Switch-Silicone-Cover-img\"},{\"@type\":\"BreadcrumbList\",\"@id\":\"https:\\\/\\\/glassouse.com\\\/pt-br\\\/product\\\/ac01-capa-de-silicone-para-bite-switch-360-bite-switch\\\/#breadcrumb\",\"itemListElement\":[{\"@type\":\"ListItem\",\"position\":1,\"name\":\"Home\",\"item\":\"https:\\\/\\\/glassouse.com\\\/pt-br\\\/inicio\\\/\"},{\"@type\":\"ListItem\",\"position\":2,\"name\":\"Loja\",\"item\":\"https:\\\/\\\/glassouse.com\\\/pt-br\\\/loja\\\/\"},{\"@type\":\"ListItem\",\"position\":3,\"name\":\"AC01 Capa de silicone para Bite Switch\\\/360 Bite Switch\"}]},{\"@type\":\"WebSite\",\"@id\":\"https:\\\/\\\/glassouse.com\\\/pt-br\\\/#website\",\"url\":\"https:\\\/\\\/glassouse.com\\\/pt-br\\\/\",\"name\":\"Glassouse Assistive Device\",\"description\":\"Assistive Device and Switches for Disabled\",\"publisher\":{\"@id\":\"https:\\\/\\\/glassouse.com\\\/pt-br\\\/#organization\"},\"potentialAction\":[{\"@type\":\"SearchAction\",\"target\":{\"@type\":\"EntryPoint\",\"urlTemplate\":\"https:\\\/\\\/glassouse.com\\\/pt-br\\\/?s={search_term_string}\"},\"query-input\":{\"@type\":\"PropertyValueSpecification\",\"valueRequired\":true,\"valueName\":\"search_term_string\"}}],\"inLanguage\":\"pt-BR\"},{\"@type\":\"Organization\",\"@id\":\"https:\\\/\\\/glassouse.com\\\/pt-br\\\/#organization\",\"name\":\"GlassOuse Assistive Device\",\"url\":\"https:\\\/\\\/glassouse.com\\\/pt-br\\\/\",\"logo\":{\"@type\":\"ImageObject\",\"inLanguage\":\"pt-BR\",\"@id\":\"https:\\\/\\\/glassouse.com\\\/pt-br\\\/#\\\/schema\\\/logo\\\/image\\\/\",\"url\":\"https:\\\/\\\/glassouse.com\\\/wp-content\\\/uploads\\\/2017\\\/11\\\/logo.jpg\",\"contentUrl\":\"https:\\\/\\\/glassouse.com\\\/wp-content\\\/uploads\\\/2017\\\/11\\\/logo.jpg\",\"width\":500,\"height\":500,\"caption\":\"GlassOuse Assistive Device\"},\"image\":{\"@id\":\"https:\\\/\\\/glassouse.com\\\/pt-br\\\/#\\\/schema\\\/logo\\\/image\\\/\"},\"sameAs\":[\"https:\\\/\\\/www.facebook.com\\\/glassouse\\\/\",\"https:\\\/\\\/x.com\\\/glassouse\",\"https:\\\/\\\/www.instagram.com\\\/glassouseassistivedevice\\\/\",\"https:\\\/\\\/www.linkedin.com\\\/company\\\/glassouse\\\/\",\"https:\\\/\\\/www.youtube.com\\\/channel\\\/UCM5pebcmVXbu00QYd91_Gyw\"]}]}<\/script>\n<!-- \/ Yoast SEO plugin. -->","yoast_head_json":{"title":"Capa de silicone GlassOuse para Bite Switch\/360 Bite Switch para venda - Design para Deficientes","description":"Capa de silicone para o dispositivo de assist\u00eancia Bite Switch\/360 Bite Switch da GlassOuse. Projetado para pessoas com defici\u00eancia, feito de materiais s\u00f3lidos e dur\u00e1veis. Envio para todo o mundo.","robots":{"index":"index","follow":"follow","max-snippet":"max-snippet:-1","max-image-preview":"max-image-preview:large","max-video-preview":"max-video-preview:-1"},"canonical":"https:\/\/glassouse.com\/pt-br\/product\/ac01-capa-de-silicone-para-bite-switch-360-bite-switch\/","og_locale":"pt_BR","og_type":"article","og_title":"Capa de silicone GlassOuse para Bite Switch\/360 Bite Switch para venda - Design para Deficientes","og_description":"Capa de silicone para o dispositivo de assist\u00eancia Bite Switch\/360 Bite Switch da GlassOuse. Projetado para pessoas com defici\u00eancia, feito de materiais s\u00f3lidos e dur\u00e1veis. Envio para todo o mundo.","og_url":"https:\/\/glassouse.com\/pt-br\/product\/ac01-capa-de-silicone-para-bite-switch-360-bite-switch\/","og_site_name":"Glassouse Assistive Device","article_publisher":"https:\/\/www.facebook.com\/glassouse\/","og_image":[{"width":516,"height":516,"url":"https:\/\/glassouse.com\/wp-content\/uploads\/2017\/11\/Bite-Switch-Silicone-Cover-img.jpg","type":"image\/jpeg"}],"twitter_card":"summary_large_image","twitter_site":"@glassouse","schema":{"@context":"https:\/\/schema.org","@graph":[{"@type":"WebPage","@id":"https:\/\/glassouse.com\/pt-br\/product\/ac01-capa-de-silicone-para-bite-switch-360-bite-switch\/","url":"https:\/\/glassouse.com\/pt-br\/product\/ac01-capa-de-silicone-para-bite-switch-360-bite-switch\/","name":"Capa de silicone GlassOuse para Bite Switch\/360 Bite Switch para venda - Design para Deficientes","isPartOf":{"@id":"https:\/\/glassouse.com\/pt-br\/#website"},"primaryImageOfPage":{"@id":"https:\/\/glassouse.com\/pt-br\/product\/ac01-capa-de-silicone-para-bite-switch-360-bite-switch\/#primaryimage"},"image":{"@id":"https:\/\/glassouse.com\/pt-br\/product\/ac01-capa-de-silicone-para-bite-switch-360-bite-switch\/#primaryimage"},"thumbnailUrl":"https:\/\/glassouse.com\/wp-content\/uploads\/2017\/11\/Bite-Switch-Silicone-Cover-img.jpg","datePublished":"2017-11-23T09:27:47+00:00","description":"Capa de silicone para o dispositivo de assist\u00eancia Bite Switch\/360 Bite Switch da GlassOuse. Projetado para pessoas com defici\u00eancia, feito de materiais s\u00f3lidos e dur\u00e1veis. Envio para todo o mundo.","breadcrumb":{"@id":"https:\/\/glassouse.com\/pt-br\/product\/ac01-capa-de-silicone-para-bite-switch-360-bite-switch\/#breadcrumb"},"inLanguage":"pt-BR","potentialAction":[{"@type":"ReadAction","target":["https:\/\/glassouse.com\/pt-br\/product\/ac01-capa-de-silicone-para-bite-switch-360-bite-switch\/"]}]},{"@type":"ImageObject","inLanguage":"pt-BR","@id":"https:\/\/glassouse.com\/pt-br\/product\/ac01-capa-de-silicone-para-bite-switch-360-bite-switch\/#primaryimage","url":"https:\/\/glassouse.com\/wp-content\/uploads\/2017\/11\/Bite-Switch-Silicone-Cover-img.jpg","contentUrl":"https:\/\/glassouse.com\/wp-content\/uploads\/2017\/11\/Bite-Switch-Silicone-Cover-img.jpg","width":516,"height":516,"caption":"Bite-Switch-Silicone-Cover-img"},{"@type":"BreadcrumbList","@id":"https:\/\/glassouse.com\/pt-br\/product\/ac01-capa-de-silicone-para-bite-switch-360-bite-switch\/#breadcrumb","itemListElement":[{"@type":"ListItem","position":1,"name":"Home","item":"https:\/\/glassouse.com\/pt-br\/inicio\/"},{"@type":"ListItem","position":2,"name":"Loja","item":"https:\/\/glassouse.com\/pt-br\/loja\/"},{"@type":"ListItem","position":3,"name":"AC01 Capa de silicone para Bite Switch\/360 Bite Switch"}]},{"@type":"WebSite","@id":"https:\/\/glassouse.com\/pt-br\/#website","url":"https:\/\/glassouse.com\/pt-br\/","name":"Glassouse Assistive Device","description":"Assistive Device and Switches for Disabled","publisher":{"@id":"https:\/\/glassouse.com\/pt-br\/#organization"},"potentialAction":[{"@type":"SearchAction","target":{"@type":"EntryPoint","urlTemplate":"https:\/\/glassouse.com\/pt-br\/?s={search_term_string}"},"query-input":{"@type":"PropertyValueSpecification","valueRequired":true,"valueName":"search_term_string"}}],"inLanguage":"pt-BR"},{"@type":"Organization","@id":"https:\/\/glassouse.com\/pt-br\/#organization","name":"GlassOuse Assistive Device","url":"https:\/\/glassouse.com\/pt-br\/","logo":{"@type":"ImageObject","inLanguage":"pt-BR","@id":"https:\/\/glassouse.com\/pt-br\/#\/schema\/logo\/image\/","url":"https:\/\/glassouse.com\/wp-content\/uploads\/2017\/11\/logo.jpg","contentUrl":"https:\/\/glassouse.com\/wp-content\/uploads\/2017\/11\/logo.jpg","width":500,"height":500,"caption":"GlassOuse Assistive Device"},"image":{"@id":"https:\/\/glassouse.com\/pt-br\/#\/schema\/logo\/image\/"},"sameAs":["https:\/\/www.facebook.com\/glassouse\/","https:\/\/x.com\/glassouse","https:\/\/www.instagram.com\/glassouseassistivedevice\/","https:\/\/www.linkedin.com\/company\/glassouse\/","https:\/\/www.youtube.com\/channel\/UCM5pebcmVXbu00QYd91_Gyw"]}]}},"_links":{"self":[{"href":"https:\/\/glassouse.com\/pt-br\/wp-json\/wp\/v2\/product\/34596","targetHints":{"allow":["GET"]}}],"collection":[{"href":"https:\/\/glassouse.com\/pt-br\/wp-json\/wp\/v2\/product"}],"about":[{"href":"https:\/\/glassouse.com\/pt-br\/wp-json\/wp\/v2\/types\/product"}],"wp:featuredmedia":[{"embeddable":true,"href":"https:\/\/glassouse.com\/pt-br\/wp-json\/wp\/v2\/media\/34603"}],"wp:attachment":[{"href":"https:\/\/glassouse.com\/pt-br\/wp-json\/wp\/v2\/media?parent=34596"}],"wp:term":[{"taxonomy":"product_brand","embeddable":true,"href":"https:\/\/glassouse.com\/pt-br\/wp-json\/wp\/v2\/product_brand?post=34596"},{"taxonomy":"product_cat","embeddable":true,"href":"https:\/\/glassouse.com\/pt-br\/wp-json\/wp\/v2\/product_cat?post=34596"},{"taxonomy":"product_tag","embeddable":true,"href":"https:\/\/glassouse.com\/pt-br\/wp-json\/wp\/v2\/product_tag?post=34596"}],"curies":[{"name":"wp","href":"https:\/\/api.w.org\/{rel}","templated":true}]}}