{"id":36144,"date":"2019-06-20T15:10:42","date_gmt":"2019-06-20T07:10:42","guid":{"rendered":"https:\/\/glassouse.com\/product\/chave-de-proximidade-glassouse-gs09\/"},"modified":"2026-04-27T17:51:35","modified_gmt":"2026-04-27T09:51:35","slug":"chave-de-proximidade-glassouse-gs09","status":"publish","type":"product","link":"https:\/\/glassouse.com\/pt-br\/product\/chave-de-proximidade-glassouse-gs09\/","title":{"rendered":"Chave de proximidade GlassOuse GS09"},"content":{"rendered":"<div class=\"wpb-content-wrapper\"><p>[vc_row unlock_row_content=&#8221;yes&#8221; row_height_percent=&#8221;0&#8243; override_padding=&#8221;yes&#8221; h_padding=&#8221;0&#8243; top_padding=&#8221;0&#8243; bottom_padding=&#8221;0&#8243; overlay_alpha=&#8221;50&#8243; equal_height=&#8221;yes&#8221; gutter_size=&#8221;0&#8243; column_width_percent=&#8221;100&#8243; shift_y=&#8221;0&#8243; z_index=&#8221;0&#8243; el_class=&#8221;compact_section&#8221; uncode_shortcode_id=&#8221;152351&#8243; css=&#8221;.vc_custom_1699886063694{padding-top: 15px !important;padding-right: 0px !important;padding-left: 0px !important;}&#8221;][vc_column column_width_percent=&#8221;100&#8243; position_horizontal=&#8221;right&#8221; position_vertical=&#8221;middle&#8221; gutter_size=&#8221;0&#8243; override_padding=&#8221;yes&#8221; column_padding=&#8221;0&#8243; back_image=&#8221;36176&#8243; back_repeat=&#8221;no-repeat&#8221; overlay_alpha=&#8221;50&#8243; shift_x=&#8221;0&#8243; shift_y=&#8221;0&#8243; shift_y_down=&#8221;0&#8243; z_index=&#8221;0&#8243; medium_width=&#8221;0&#8243; mobile_width=&#8221;0&#8243; width=&#8221;1\/1&#8243; uncode_shortcode_id=&#8221;106249&#8243; css=&#8221;.vc_custom_1717460715675{padding-top: 160px !important;padding-right: 50px !important;padding-bottom: 160px !important;padding-left: 0px !important;}&#8221; el_class=&#8221;content_column bg_left_top right_content_column&#8221;][vc_row_inner row_inner_height_percent=&#8221;0&#8243; force_width_grid=&#8221;yes&#8221; overlay_alpha=&#8221;50&#8243; gutter_size=&#8221;0&#8243; shift_y=&#8221;0&#8243; z_index=&#8221;0&#8243; uncode_shortcode_id=&#8221;101637&#8243; css=&#8221;.vc_custom_1699885489765{padding-right: 0px !important;padding-left: 0px !important;}&#8221; el_class=&#8221;limit-width&#8221;][vc_column_inner width=&#8221;1\/2&#8243;][\/vc_column_inner][vc_column_inner column_width_use_pixel=&#8221;yes&#8221; position_horizontal=&#8221;right&#8221; position_vertical=&#8221;middle&#8221; gutter_size=&#8221;0&#8243; override_padding=&#8221;yes&#8221; column_padding=&#8221;0&#8243; overlay_alpha=&#8221;50&#8243; shift_x=&#8221;0&#8243; shift_y=&#8221;0&#8243; shift_y_down=&#8221;0&#8243; z_index=&#8221;0&#8243; medium_width=&#8221;0&#8243; mobile_width=&#8221;0&#8243; width=&#8221;1\/2&#8243; uncode_shortcode_id=&#8221;457584&#8243; css=&#8221;.vc_custom_1717457153605{padding-right: 2% !important;padding-left: 0px !important;}&#8221; column_width_pixel=&#8221;290&#8243;][vc_custom_heading text_color=&#8221;color-jevc&#8221; text_size=&#8221;h3&#8243; text_weight=&#8221;600&#8243; uncode_shortcode_id=&#8221;856072&#8243; text_color_type=&#8221;uncode-palette&#8221; el_class=&#8221;lh-1&#8243;]Um interruptor preciso<br \/>\ne sens\u00edvel[\/vc_custom_heading][vc_separator sep_color=&#8221;&#8221; icon_position=&#8221;left&#8221; el_height=&#8221;5px&#8221; uncode_shortcode_id=&#8221;162390&#8243; sep_color_type=&#8221;uncode-solid&#8221; el_width=&#8221;40px&#8221; sep_color_solid=&#8221;#43b8db&#8221; el_class=&#8221;c-divider&#8221;][\/vc_column_inner][\/vc_row_inner][\/vc_column][\/vc_row][vc_row row_height_percent=&#8221;0&#8243; overlay_alpha=&#8221;50&#8243; gutter_size=&#8221;3&#8243; column_width_percent=&#8221;100&#8243; shift_y=&#8221;0&#8243; z_index=&#8221;0&#8243; uncode_shortcode_id=&#8221;167275&#8243; css=&#8221;.vc_custom_1699887163315{padding-top: 50px !important;}&#8221;][vc_column column_width_percent=&#8221;100&#8243; align_horizontal=&#8221;align_center&#8221; gutter_size=&#8221;3&#8243; overlay_alpha=&#8221;50&#8243; shift_x=&#8221;0&#8243; shift_y=&#8221;0&#8243; shift_y_down=&#8221;0&#8243; z_index=&#8221;0&#8243; medium_width=&#8221;0&#8243; mobile_width=&#8221;0&#8243; width=&#8221;1\/1&#8243; uncode_shortcode_id=&#8221;798976&#8243;][vc_custom_heading text_color=&#8221;color-jevc&#8221; text_size=&#8221;h3&#8243; text_weight=&#8221;700&#8243; text_height=&#8221;lh-n&#8221; uncode_shortcode_id=&#8221;122902&#8243; text_color_type=&#8221;uncode-palette&#8221;]Chave de proximidade\/ Mini chave de proximidade[\/vc_custom_heading][vc_custom_heading text_color=&#8221;color-jevc&#8221; heading_semantic=&#8221;p&#8221; text_size=&#8221;&#8221; text_weight=&#8221;500&#8243; text_height=&#8221;lh-n&#8221; uncode_shortcode_id=&#8221;246135&#8243; text_color_type=&#8221;uncode-palette&#8221; el_class=&#8221;mt-0 pt-10&#8243;]Compat\u00edvel com[\/vc_custom_heading][vc_row_inner row_inner_height_percent=&#8221;0&#8243; overlay_alpha=&#8221;50&#8243; gutter_size=&#8221;3&#8243; shift_y=&#8221;0&#8243; z_index=&#8221;0&#8243; uncode_shortcode_id=&#8221;190634&#8243; el_class=&#8221;icon_boxs_wrap&#8221; css=&#8221;.vc_custom_1699887284713{margin-top: 50px !important;padding-bottom: 0px !important;}&#8221;][vc_column_inner column_width_percent=&#8221;100&#8243; align_horizontal=&#8221;align_center&#8221; gutter_size=&#8221;2&#8243; overlay_alpha=&#8221;50&#8243; shift_x=&#8221;0&#8243; shift_y=&#8221;0&#8243; shift_y_down=&#8221;0&#8243; z_index=&#8221;0&#8243; medium_width=&#8221;0&#8243; mobile_width=&#8221;0&#8243; width=&#8221;1\/1&#8243; uncode_shortcode_id=&#8221;168717&#8243;][vc_icon display=&#8221;inline&#8221; icon_image=&#8221;21103&#8243; media_size=&#8221;300&#8243; text_size=&#8221;h4&#8243; text_weight=&#8221;500&#8243; text_height=&#8221;lh-n&#8221; uncode_shortcode_id=&#8221;697144&#8243; title=&#8221;GlassOuse PRO\/Link&#8221; link=&#8221;url:https%3A%2F%2Fglassouse.com%2Fpt-br%2Fproduct%2Fglassouse-pro-2%2F|title:GlassOuse%20PRO|target:_blank|&#8221;][\/vc_icon][vc_icon display=&#8221;inline&#8221; icon_image=&#8221;21111&#8243; media_size=&#8221;300&#8243; text_size=&#8221;h4&#8243; text_weight=&#8221;500&#8243; text_height=&#8221;lh-n&#8221; uncode_shortcode_id=&#8221;869660&#8243; title=&#8221;GlassOuse 1.4&#8243; link=&#8221;url:https%3A%2F%2Fglassouse.com%2Fproduct%2Fglassouse-v1-4-assistive-device-buy%2F|title:GlassOuse%20V1.4|target:_blank|&#8221;][\/vc_icon][\/vc_column_inner][\/vc_row_inner][\/vc_column][\/vc_row][vc_row row_height_percent=&#8221;0&#8243; override_padding=&#8221;yes&#8221; h_padding=&#8221;0&#8243; top_padding=&#8221;0&#8243; bottom_padding=&#8221;3&#8243; overlay_alpha=&#8221;50&#8243; gutter_size=&#8221;3&#8243; column_width_percent=&#8221;100&#8243; shift_y=&#8221;0&#8243; z_index=&#8221;0&#8243; uncode_shortcode_id=&#8221;337339&#8243; css=&#8221;.vc_custom_1699889376802{padding-top: 10px !important;}&#8221;][vc_column column_width_percent=&#8221;65&#8243; gutter_size=&#8221;3&#8243; overlay_alpha=&#8221;50&#8243; shift_x=&#8221;0&#8243; shift_y=&#8221;0&#8243; shift_y_down=&#8221;0&#8243; z_index=&#8221;0&#8243; medium_width=&#8221;0&#8243; mobile_width=&#8221;0&#8243; width=&#8221;1\/1&#8243; uncode_shortcode_id=&#8221;668692&#8243;][vc_icon position=&#8221;left&#8221; icon=&#8221;fa fa-play&#8221; icon_image=&#8221;22062&#8243; icon_color=&#8221;color-xsdn&#8221; uncode_shortcode_id=&#8221;182652&#8243; icon_color_type=&#8221;uncode-palette&#8221; media_lightbox=&#8221;22070&#8243; el_class=&#8221;video_box&#8221;][\/vc_icon][vc_column_text uncode_shortcode_id=&#8221;159267&#8243;]<strong>Com uma superf\u00edcie de ativa\u00e7\u00e3o de 8,63 cm,<\/strong> o Proximity Switch \u00e9 altamente sens\u00edvel para detectar diferentes n\u00edveis de dist\u00e2ncia da superf\u00edcie de ativa\u00e7\u00e3o para executar seus cliques. Voc\u00ea pode usar qualquer parte do seu corpo para ativar o switch ao passar o mouse sobre a superf\u00edcie. O Proximity Switch vem com um plugue de conector jack mono de 3,5 mm e \u00e9 compat\u00edvel com qualquer tipo de dispositivo adaptado al\u00e9m do GlassOuse.  <\/p>\n<p><strong>O Proximity Switch funciona com 3 pilhas AAA secas ou Ni-MH e seu sistema de bateria inteligente desliga o dispositivo em uma hora se ele n\u00e3o for usado.<\/strong>  O feedback auditivo e visual pode ser selecionado facilmente de acordo com as necessidades do usu\u00e1rio ou pode ser desativado, se desejado.[\/vc_column_text][vc_single_image media=&#8221;36174&#8243; media_lightbox=&#8221;yes&#8221; media_width_percent=&#8221;100&#8243; alignment=&#8221;center&#8221; uncode_shortcode_id=&#8221;212570&#8243; el_class=&#8221;c_gallery&#8221;][vc_column_text uncode_shortcode_id=&#8221;213675&#8243;]Agora, tamb\u00e9m temos uma vers\u00e3o mini dispon\u00edvel.<\/p>\n<p><strong>O Mini Proximity Switch apresenta uma superf\u00edcie de ativa\u00e7\u00e3o de 4 cm <\/strong>e detecta dist\u00e2ncias vari\u00e1veis da superf\u00edcie de ativa\u00e7\u00e3o, permitindo que voc\u00ea execute cliques ao passar qualquer parte do corpo sobre ela.<\/p>\n<p>Equipado com um conector jack mono de 3,5 mm, o Mini Proximity Switch \u00e9 compat\u00edvel com o GlassOuse e uma ampla variedade de outros dispositivos de assist\u00eancia.<\/p>\n<p>Ele funciona com 3 pilhas AAA secas ou Ni-MH, e seu sistema de bateria inteligente desliga automaticamente o dispositivo ap\u00f3s uma hora de inatividade. Os usu\u00e1rios podem ajustar facilmente o feedback auditivo e visual com base em suas prefer\u00eancias ou desativ\u00e1-los totalmente, se desejarem.[\/vc_column_text][vc_gallery el_id=&#8221;gallery-102570&#8243; medias=&#8221;36183,36184&#8243; gutter_size=&#8221;3&#8243; screen_lg=&#8221;1000&#8243; screen_md=&#8221;600&#8243; screen_sm=&#8221;480&#8243; single_overlay_opacity=&#8221;50&#8243; single_padding=&#8221;2&#8243; uncode_shortcode_id=&#8221;738028&#8243;][\/vc_column][\/vc_row]<\/p>\n<\/div>","protected":false},"excerpt":{"rendered":"<p>[vc_row unlock_row_content=&#8221;yes&#8221; row_height_percent=&#8221;0&#8243; override_padding=&#8221;yes&#8221; h_padding=&#8221;0&#8243; top_padding=&#8221;0&#8243; bottom_padding=&#8221;0&#8243; overlay_alpha=&#8221;50&#8243; equal_height=&#8221;yes&#8221; gutter_size=&#8221;0&#8243; column_width_percent=&#8221;100&#8243; shift_y=&#8221;0&#8243; z_index=&#8221;0&#8243; el_class=&#8221;compact_section&#8221; uncode_shortcode_id=&#8221;152351&#8243; css=&#8221;.vc_custom_1699886063694{padding-top: 15px !important;padding-right: 0px !important;padding-left: [&hellip;]<\/p>\n","protected":false},"featured_media":36186,"template":"","meta":{"_acf_changed":false},"product_brand":[],"product_cat":[423],"product_tag":[],"class_list":{"0":"post-36144","1":"product","2":"type-product","3":"status-publish","4":"has-post-thumbnail","6":"product_cat-g-switches","8":"first","9":"instock","10":"shipping-taxable","11":"purchasable","12":"product-type-variable"},"acf":[],"yoast_head":"<!-- This site is optimized with the Yoast SEO plugin v27.4 - https:\/\/yoast.com\/product\/yoast-seo-wordpress\/ -->\n<title>Chave de proximidade para deficientes - Chave adaptada para dispositivo de assist\u00eancia<\/title>\n<meta name=\"description\" content=\"Compre um interruptor de proximidade para pessoas com defici\u00eancia. Compat\u00edvel com o GlassOuse V1.2 e quaisquer outros dispositivos e brinquedos adaptados com conector de 3,5 mm. Envio internacional.\" \/>\n<meta name=\"robots\" content=\"index, follow, max-snippet:-1, max-image-preview:large, max-video-preview:-1\" \/>\n<link rel=\"canonical\" href=\"https:\/\/glassouse.com\/pt-br\/product\/chave-de-proximidade-glassouse-gs09\/\" \/>\n<meta property=\"og:locale\" content=\"pt_BR\" \/>\n<meta property=\"og:type\" content=\"article\" \/>\n<meta property=\"og:title\" content=\"Chave de proximidade para deficientes - Chave adaptada para dispositivo de assist\u00eancia\" \/>\n<meta property=\"og:description\" content=\"Compre um interruptor de proximidade para pessoas com defici\u00eancia. Compat\u00edvel com o GlassOuse V1.2 e quaisquer outros dispositivos e brinquedos adaptados com conector de 3,5 mm. Envio internacional.\" \/>\n<meta property=\"og:url\" content=\"https:\/\/glassouse.com\/pt-br\/product\/chave-de-proximidade-glassouse-gs09\/\" \/>\n<meta property=\"og:site_name\" content=\"Glassouse Assistive Device\" \/>\n<meta property=\"article:publisher\" content=\"https:\/\/www.facebook.com\/glassouse\/\" \/>\n<meta property=\"article:modified_time\" content=\"2026-04-27T09:51:35+00:00\" \/>\n<meta property=\"og:image\" content=\"https:\/\/glassouse.com\/wp-content\/uploads\/2019\/04\/00.png\" \/>\n\t<meta property=\"og:image:width\" content=\"1773\" \/>\n\t<meta property=\"og:image:height\" content=\"1773\" \/>\n\t<meta property=\"og:image:type\" content=\"image\/png\" \/>\n<meta name=\"twitter:card\" content=\"summary_large_image\" \/>\n<meta name=\"twitter:site\" content=\"@glassouse\" \/>\n<meta name=\"twitter:label1\" content=\"Est. tempo de leitura\" \/>\n\t<meta name=\"twitter:data1\" content=\"5 minutos\" \/>\n<script type=\"application\/ld+json\" class=\"yoast-schema-graph\">{\"@context\":\"https:\\\/\\\/schema.org\",\"@graph\":[{\"@type\":\"WebPage\",\"@id\":\"https:\\\/\\\/glassouse.com\\\/pt-br\\\/product\\\/chave-de-proximidade-glassouse-gs09\\\/\",\"url\":\"https:\\\/\\\/glassouse.com\\\/pt-br\\\/product\\\/chave-de-proximidade-glassouse-gs09\\\/\",\"name\":\"Chave de proximidade para deficientes - Chave adaptada para dispositivo de assist\u00eancia\",\"isPartOf\":{\"@id\":\"https:\\\/\\\/glassouse.com\\\/pt-br\\\/#website\"},\"primaryImageOfPage\":{\"@id\":\"https:\\\/\\\/glassouse.com\\\/pt-br\\\/product\\\/chave-de-proximidade-glassouse-gs09\\\/#primaryimage\"},\"image\":{\"@id\":\"https:\\\/\\\/glassouse.com\\\/pt-br\\\/product\\\/chave-de-proximidade-glassouse-gs09\\\/#primaryimage\"},\"thumbnailUrl\":\"https:\\\/\\\/glassouse.com\\\/wp-content\\\/uploads\\\/2019\\\/04\\\/00.png\",\"datePublished\":\"2019-06-20T07:10:42+00:00\",\"dateModified\":\"2026-04-27T09:51:35+00:00\",\"description\":\"Compre um interruptor de proximidade para pessoas com defici\u00eancia. Compat\u00edvel com o GlassOuse V1.2 e quaisquer outros dispositivos e brinquedos adaptados com conector de 3,5 mm. Envio internacional.\",\"breadcrumb\":{\"@id\":\"https:\\\/\\\/glassouse.com\\\/pt-br\\\/product\\\/chave-de-proximidade-glassouse-gs09\\\/#breadcrumb\"},\"inLanguage\":\"pt-BR\",\"potentialAction\":[{\"@type\":\"ReadAction\",\"target\":[\"https:\\\/\\\/glassouse.com\\\/pt-br\\\/product\\\/chave-de-proximidade-glassouse-gs09\\\/\"]}]},{\"@type\":\"ImageObject\",\"inLanguage\":\"pt-BR\",\"@id\":\"https:\\\/\\\/glassouse.com\\\/pt-br\\\/product\\\/chave-de-proximidade-glassouse-gs09\\\/#primaryimage\",\"url\":\"https:\\\/\\\/glassouse.com\\\/wp-content\\\/uploads\\\/2019\\\/04\\\/00.png\",\"contentUrl\":\"https:\\\/\\\/glassouse.com\\\/wp-content\\\/uploads\\\/2019\\\/04\\\/00.png\",\"width\":1773,\"height\":1773,\"caption\":\"Chave de proximidade GlassOuse - Mini e Regular\"},{\"@type\":\"BreadcrumbList\",\"@id\":\"https:\\\/\\\/glassouse.com\\\/pt-br\\\/product\\\/chave-de-proximidade-glassouse-gs09\\\/#breadcrumb\",\"itemListElement\":[{\"@type\":\"ListItem\",\"position\":1,\"name\":\"Home\",\"item\":\"https:\\\/\\\/glassouse.com\\\/pt-br\\\/inicio\\\/\"},{\"@type\":\"ListItem\",\"position\":2,\"name\":\"Loja\",\"item\":\"https:\\\/\\\/glassouse.com\\\/pt-br\\\/loja\\\/\"},{\"@type\":\"ListItem\",\"position\":3,\"name\":\"Chave de proximidade GlassOuse GS09\"}]},{\"@type\":\"WebSite\",\"@id\":\"https:\\\/\\\/glassouse.com\\\/pt-br\\\/#website\",\"url\":\"https:\\\/\\\/glassouse.com\\\/pt-br\\\/\",\"name\":\"Glassouse Assistive Device\",\"description\":\"Assistive Device and Switches for Disabled\",\"publisher\":{\"@id\":\"https:\\\/\\\/glassouse.com\\\/pt-br\\\/#organization\"},\"potentialAction\":[{\"@type\":\"SearchAction\",\"target\":{\"@type\":\"EntryPoint\",\"urlTemplate\":\"https:\\\/\\\/glassouse.com\\\/pt-br\\\/?s={search_term_string}\"},\"query-input\":{\"@type\":\"PropertyValueSpecification\",\"valueRequired\":true,\"valueName\":\"search_term_string\"}}],\"inLanguage\":\"pt-BR\"},{\"@type\":\"Organization\",\"@id\":\"https:\\\/\\\/glassouse.com\\\/pt-br\\\/#organization\",\"name\":\"GlassOuse Assistive Device\",\"url\":\"https:\\\/\\\/glassouse.com\\\/pt-br\\\/\",\"logo\":{\"@type\":\"ImageObject\",\"inLanguage\":\"pt-BR\",\"@id\":\"https:\\\/\\\/glassouse.com\\\/pt-br\\\/#\\\/schema\\\/logo\\\/image\\\/\",\"url\":\"https:\\\/\\\/glassouse.com\\\/wp-content\\\/uploads\\\/2017\\\/11\\\/logo.jpg\",\"contentUrl\":\"https:\\\/\\\/glassouse.com\\\/wp-content\\\/uploads\\\/2017\\\/11\\\/logo.jpg\",\"width\":500,\"height\":500,\"caption\":\"GlassOuse Assistive Device\"},\"image\":{\"@id\":\"https:\\\/\\\/glassouse.com\\\/pt-br\\\/#\\\/schema\\\/logo\\\/image\\\/\"},\"sameAs\":[\"https:\\\/\\\/www.facebook.com\\\/glassouse\\\/\",\"https:\\\/\\\/x.com\\\/glassouse\",\"https:\\\/\\\/www.instagram.com\\\/glassouseassistivedevice\\\/\",\"https:\\\/\\\/www.linkedin.com\\\/company\\\/glassouse\\\/\",\"https:\\\/\\\/www.youtube.com\\\/channel\\\/UCM5pebcmVXbu00QYd91_Gyw\"]}]}<\/script>\n<!-- \/ Yoast SEO plugin. -->","yoast_head_json":{"title":"Chave de proximidade para deficientes - Chave adaptada para dispositivo de assist\u00eancia","description":"Compre um interruptor de proximidade para pessoas com defici\u00eancia. Compat\u00edvel com o GlassOuse V1.2 e quaisquer outros dispositivos e brinquedos adaptados com conector de 3,5 mm. Envio internacional.","robots":{"index":"index","follow":"follow","max-snippet":"max-snippet:-1","max-image-preview":"max-image-preview:large","max-video-preview":"max-video-preview:-1"},"canonical":"https:\/\/glassouse.com\/pt-br\/product\/chave-de-proximidade-glassouse-gs09\/","og_locale":"pt_BR","og_type":"article","og_title":"Chave de proximidade para deficientes - Chave adaptada para dispositivo de assist\u00eancia","og_description":"Compre um interruptor de proximidade para pessoas com defici\u00eancia. Compat\u00edvel com o GlassOuse V1.2 e quaisquer outros dispositivos e brinquedos adaptados com conector de 3,5 mm. Envio internacional.","og_url":"https:\/\/glassouse.com\/pt-br\/product\/chave-de-proximidade-glassouse-gs09\/","og_site_name":"Glassouse Assistive Device","article_publisher":"https:\/\/www.facebook.com\/glassouse\/","article_modified_time":"2026-04-27T09:51:35+00:00","og_image":[{"width":1773,"height":1773,"url":"https:\/\/glassouse.com\/wp-content\/uploads\/2019\/04\/00.png","type":"image\/png"}],"twitter_card":"summary_large_image","twitter_site":"@glassouse","twitter_misc":{"Est. tempo de leitura":"5 minutos"},"schema":{"@context":"https:\/\/schema.org","@graph":[{"@type":"WebPage","@id":"https:\/\/glassouse.com\/pt-br\/product\/chave-de-proximidade-glassouse-gs09\/","url":"https:\/\/glassouse.com\/pt-br\/product\/chave-de-proximidade-glassouse-gs09\/","name":"Chave de proximidade para deficientes - Chave adaptada para dispositivo de assist\u00eancia","isPartOf":{"@id":"https:\/\/glassouse.com\/pt-br\/#website"},"primaryImageOfPage":{"@id":"https:\/\/glassouse.com\/pt-br\/product\/chave-de-proximidade-glassouse-gs09\/#primaryimage"},"image":{"@id":"https:\/\/glassouse.com\/pt-br\/product\/chave-de-proximidade-glassouse-gs09\/#primaryimage"},"thumbnailUrl":"https:\/\/glassouse.com\/wp-content\/uploads\/2019\/04\/00.png","datePublished":"2019-06-20T07:10:42+00:00","dateModified":"2026-04-27T09:51:35+00:00","description":"Compre um interruptor de proximidade para pessoas com defici\u00eancia. Compat\u00edvel com o GlassOuse V1.2 e quaisquer outros dispositivos e brinquedos adaptados com conector de 3,5 mm. Envio internacional.","breadcrumb":{"@id":"https:\/\/glassouse.com\/pt-br\/product\/chave-de-proximidade-glassouse-gs09\/#breadcrumb"},"inLanguage":"pt-BR","potentialAction":[{"@type":"ReadAction","target":["https:\/\/glassouse.com\/pt-br\/product\/chave-de-proximidade-glassouse-gs09\/"]}]},{"@type":"ImageObject","inLanguage":"pt-BR","@id":"https:\/\/glassouse.com\/pt-br\/product\/chave-de-proximidade-glassouse-gs09\/#primaryimage","url":"https:\/\/glassouse.com\/wp-content\/uploads\/2019\/04\/00.png","contentUrl":"https:\/\/glassouse.com\/wp-content\/uploads\/2019\/04\/00.png","width":1773,"height":1773,"caption":"Chave de proximidade GlassOuse - Mini e Regular"},{"@type":"BreadcrumbList","@id":"https:\/\/glassouse.com\/pt-br\/product\/chave-de-proximidade-glassouse-gs09\/#breadcrumb","itemListElement":[{"@type":"ListItem","position":1,"name":"Home","item":"https:\/\/glassouse.com\/pt-br\/inicio\/"},{"@type":"ListItem","position":2,"name":"Loja","item":"https:\/\/glassouse.com\/pt-br\/loja\/"},{"@type":"ListItem","position":3,"name":"Chave de proximidade GlassOuse GS09"}]},{"@type":"WebSite","@id":"https:\/\/glassouse.com\/pt-br\/#website","url":"https:\/\/glassouse.com\/pt-br\/","name":"Glassouse Assistive Device","description":"Assistive Device and Switches for Disabled","publisher":{"@id":"https:\/\/glassouse.com\/pt-br\/#organization"},"potentialAction":[{"@type":"SearchAction","target":{"@type":"EntryPoint","urlTemplate":"https:\/\/glassouse.com\/pt-br\/?s={search_term_string}"},"query-input":{"@type":"PropertyValueSpecification","valueRequired":true,"valueName":"search_term_string"}}],"inLanguage":"pt-BR"},{"@type":"Organization","@id":"https:\/\/glassouse.com\/pt-br\/#organization","name":"GlassOuse Assistive Device","url":"https:\/\/glassouse.com\/pt-br\/","logo":{"@type":"ImageObject","inLanguage":"pt-BR","@id":"https:\/\/glassouse.com\/pt-br\/#\/schema\/logo\/image\/","url":"https:\/\/glassouse.com\/wp-content\/uploads\/2017\/11\/logo.jpg","contentUrl":"https:\/\/glassouse.com\/wp-content\/uploads\/2017\/11\/logo.jpg","width":500,"height":500,"caption":"GlassOuse Assistive Device"},"image":{"@id":"https:\/\/glassouse.com\/pt-br\/#\/schema\/logo\/image\/"},"sameAs":["https:\/\/www.facebook.com\/glassouse\/","https:\/\/x.com\/glassouse","https:\/\/www.instagram.com\/glassouseassistivedevice\/","https:\/\/www.linkedin.com\/company\/glassouse\/","https:\/\/www.youtube.com\/channel\/UCM5pebcmVXbu00QYd91_Gyw"]}]}},"_links":{"self":[{"href":"https:\/\/glassouse.com\/pt-br\/wp-json\/wp\/v2\/product\/36144","targetHints":{"allow":["GET"]}}],"collection":[{"href":"https:\/\/glassouse.com\/pt-br\/wp-json\/wp\/v2\/product"}],"about":[{"href":"https:\/\/glassouse.com\/pt-br\/wp-json\/wp\/v2\/types\/product"}],"wp:featuredmedia":[{"embeddable":true,"href":"https:\/\/glassouse.com\/pt-br\/wp-json\/wp\/v2\/media\/36186"}],"wp:attachment":[{"href":"https:\/\/glassouse.com\/pt-br\/wp-json\/wp\/v2\/media?parent=36144"}],"wp:term":[{"taxonomy":"product_brand","embeddable":true,"href":"https:\/\/glassouse.com\/pt-br\/wp-json\/wp\/v2\/product_brand?post=36144"},{"taxonomy":"product_cat","embeddable":true,"href":"https:\/\/glassouse.com\/pt-br\/wp-json\/wp\/v2\/product_cat?post=36144"},{"taxonomy":"product_tag","embeddable":true,"href":"https:\/\/glassouse.com\/pt-br\/wp-json\/wp\/v2\/product_tag?post=36144"}],"curies":[{"name":"wp","href":"https:\/\/api.w.org\/{rel}","templated":true}]}}