{"id":36484,"date":"2020-08-14T17:50:51","date_gmt":"2020-08-14T09:50:51","guid":{"rendered":"https:\/\/glassouse.com\/product\/gat03-record-play-dinosaur\/"},"modified":"2020-08-14T17:50:51","modified_gmt":"2020-08-14T09:50:51","slug":"gat03-record-play-dinosaur","status":"publish","type":"product","link":"https:\/\/glassouse.com\/pt-br\/product\/gat03-record-play-dinosaur\/","title":{"rendered":"GAT03 Record &amp; Play Dinosaur"},"content":{"rendered":"","protected":false},"excerpt":{"rendered":"<h4>GRAVAR E TOCAR DINOSSAURO &#8211; GAT03<\/h4>\n<p>1x Record &amp; Play Dinosaur Toy com conector Jack de 3,5 mm<br \/>\n1 manual do usu\u00e1rio<\/p>\n<p><a href=\"https:\/\/glassouse.com\/pt-br\/garantia-de-devolucao-do-dinheiro\/\"><img decoding=\"async\" class=\"alignnone wp-image-1817\" src=\"https:\/\/glassouse.com\/wp-content\/uploads\/2017\/11\/15_Day_Money_Back_47882ccb-f31c-4b58-ab77-9b78929009ef_grande.png\" alt=\"\" width=\"95\" height=\"95\" srcset=\"https:\/\/glassouse.com\/wp-content\/uploads\/2017\/11\/15_Day_Money_Back_47882ccb-f31c-4b58-ab77-9b78929009ef_grande.png 150w, https:\/\/glassouse.com\/wp-content\/uploads\/2017\/11\/15_Day_Money_Back_47882ccb-f31c-4b58-ab77-9b78929009ef_grande-100x100.png 100w, https:\/\/glassouse.com\/wp-content\/uploads\/2017\/11\/15_Day_Money_Back_47882ccb-f31c-4b58-ab77-9b78929009ef_grande-75x75.png 75w\" sizes=\"(max-width: 95px) 100vw, 95px\" \/><\/a>   <img decoding=\"async\" class=\"alignnone wp-image-3424\" src=\"https:\/\/glassouse.com\/wp-content\/uploads\/2020\/08\/A4.png\" alt=\"Garantia da GlassOuse\" width=\"95\" height=\"95\" srcset=\"https:\/\/glassouse.com\/wp-content\/uploads\/2020\/08\/A4.png 345w, https:\/\/glassouse.com\/wp-content\/uploads\/2020\/08\/A4-300x299.png 300w, https:\/\/glassouse.com\/wp-content\/uploads\/2020\/08\/A4-100x100.png 100w, https:\/\/glassouse.com\/wp-content\/uploads\/2020\/08\/A4-150x150.png 150w\" sizes=\"(max-width: 95px) 100vw, 95px\" \/><\/p>\n<p><strong>FUN\u00c7\u00c3O: <\/strong> um dinossauro de grava\u00e7\u00e3o e reprodu\u00e7\u00e3o que pode gravar sua voz por at\u00e9 5 minutos e reproduzi-la v\u00e1rias vezes. Um brinquedo perfeito para crian\u00e7as que est\u00e3o aprendendo a falar ou que querem apenas cantar\/falar e ouvir. <\/p>\n<p><strong>ESPECIFICA\u00c7\u00c3O:<\/strong><br \/>\n<strong>Comprimento:<\/strong> 36 cm<br \/>\n<strong>Peso:<\/strong> 0,34 kg \/ 0,75 libra<br \/>\n<strong>Material:<\/strong> Pel\u00facia super macia<br \/>\n<strong>Enchimento:<\/strong> Algod\u00e3o 3D PP seguro para o meio ambiente<br \/>\n<strong>Alimenta\u00e7\u00e3o:<\/strong> 3 pilhas AA<\/p>\n<p><strong>INSTRU\u00c7\u00c3O:<\/strong><\/p>\n<ol>\n<li>Conecte os adaptadores de tomada de 3,5 mm de sua escolha a cada uma das duas entradas de tomada de 3,5 mm do brinquedo.<\/li>\n<li>Para <strong>gravar, <\/strong>pressione o bot\u00e3o \u00e0 direita, voc\u00ea ouvir\u00e1 um bipe e ver\u00e1 uma luz vermelha indicando que o brinquedo est\u00e1 gravando. Fale com a barriga do brinquedo. Ap\u00f3s a grava\u00e7\u00e3o, pressione o bot\u00e3o direito mais uma vez, voc\u00ea ouvir\u00e1 dois bipes indicando que a grava\u00e7\u00e3o foi interrompida  <\/li>\n<li>Para <strong>reproduzir<\/strong> a grava\u00e7\u00e3o, pressione o bot\u00e3o \u00e0 esquerda. Voc\u00ea pode reproduzir a mesma grava\u00e7\u00e3o (N) v\u00e1rias vezes. <\/li>\n<\/ol>\n<p><strong><em>*Interruptores vendidos separadamente<\/em><\/strong><\/p>\n<p>____________________________________________________________________________________________________________<\/p>\n","protected":false},"featured_media":36505,"template":"","meta":{"_acf_changed":false},"product_brand":[],"product_cat":[303],"product_tag":[305,478,479,480],"class_list":{"0":"post-36484","1":"product","2":"type-product","3":"status-publish","4":"has-post-thumbnail","6":"product_cat-brinquedos-glassouse","7":"product_tag-brinquedos-adaptados-para-interruptores","8":"product_tag-brinquedos-adaptaveis","9":"product_tag-brinquedos-para-portadores-de-necessidades-especiais-2","10":"product_tag-brinquedos-para-deficientes","11":"product_shipping_class-brinquedo","13":"first","14":"instock","15":"shipping-taxable","16":"purchasable","17":"product-type-simple"},"acf":[],"yoast_head":"<!-- This site is optimized with the Yoast SEO plugin v27.4 - https:\/\/yoast.com\/product\/yoast-seo-wordpress\/ -->\n<title>Record &amp; Play Dinosaur - Brinquedo adaptado para interruptor | GlassOuse<\/title>\n<meta name=\"description\" content=\"Compre este dinossauro de grava\u00e7\u00e3o e reprodu\u00e7\u00e3o ativado por interruptor adapt\u00e1vel. Conecte qualquer interruptor com conector de 3,5 mm e brinque com o brinquedo. Adequado para crian\u00e7as com defici\u00eancias.\" \/>\n<meta name=\"robots\" content=\"index, follow, max-snippet:-1, max-image-preview:large, max-video-preview:-1\" \/>\n<link rel=\"canonical\" href=\"https:\/\/glassouse.com\/pt-br\/product\/gat03-record-play-dinosaur\/\" \/>\n<meta property=\"og:locale\" content=\"pt_BR\" \/>\n<meta property=\"og:type\" content=\"article\" \/>\n<meta property=\"og:title\" content=\"Record &amp; Play Dinosaur - Brinquedo adaptado para interruptor | GlassOuse\" \/>\n<meta property=\"og:description\" content=\"Compre este dinossauro de grava\u00e7\u00e3o e reprodu\u00e7\u00e3o ativado por interruptor adapt\u00e1vel. Conecte qualquer interruptor com conector de 3,5 mm e brinque com o brinquedo. Adequado para crian\u00e7as com defici\u00eancias.\" \/>\n<meta property=\"og:url\" content=\"https:\/\/glassouse.com\/pt-br\/product\/gat03-record-play-dinosaur\/\" \/>\n<meta property=\"og:site_name\" content=\"Glassouse Assistive Device\" \/>\n<meta property=\"article:publisher\" content=\"https:\/\/www.facebook.com\/glassouse\/\" \/>\n<meta property=\"og:image\" content=\"https:\/\/glassouse.com\/wp-content\/uploads\/2020\/08\/Record-and-Play-Dinosaur-2.jpg\" \/>\n\t<meta property=\"og:image:width\" content=\"1000\" \/>\n\t<meta property=\"og:image:height\" content=\"1000\" \/>\n\t<meta property=\"og:image:type\" content=\"image\/jpeg\" \/>\n<meta name=\"twitter:card\" content=\"summary_large_image\" \/>\n<meta name=\"twitter:site\" content=\"@glassouse\" \/>\n<script type=\"application\/ld+json\" class=\"yoast-schema-graph\">{\"@context\":\"https:\\\/\\\/schema.org\",\"@graph\":[{\"@type\":\"WebPage\",\"@id\":\"https:\\\/\\\/glassouse.com\\\/pt-br\\\/product\\\/gat03-record-play-dinosaur\\\/\",\"url\":\"https:\\\/\\\/glassouse.com\\\/pt-br\\\/product\\\/gat03-record-play-dinosaur\\\/\",\"name\":\"Record & Play Dinosaur - Brinquedo adaptado para interruptor | GlassOuse\",\"isPartOf\":{\"@id\":\"https:\\\/\\\/glassouse.com\\\/pt-br\\\/#website\"},\"primaryImageOfPage\":{\"@id\":\"https:\\\/\\\/glassouse.com\\\/pt-br\\\/product\\\/gat03-record-play-dinosaur\\\/#primaryimage\"},\"image\":{\"@id\":\"https:\\\/\\\/glassouse.com\\\/pt-br\\\/product\\\/gat03-record-play-dinosaur\\\/#primaryimage\"},\"thumbnailUrl\":\"https:\\\/\\\/glassouse.com\\\/wp-content\\\/uploads\\\/2020\\\/08\\\/Record-and-Play-Dinosaur-2.jpg\",\"datePublished\":\"2020-08-14T09:50:51+00:00\",\"description\":\"Compre este dinossauro de grava\u00e7\u00e3o e reprodu\u00e7\u00e3o ativado por interruptor adapt\u00e1vel. Conecte qualquer interruptor com conector de 3,5 mm e brinque com o brinquedo. Adequado para crian\u00e7as com defici\u00eancias.\",\"breadcrumb\":{\"@id\":\"https:\\\/\\\/glassouse.com\\\/pt-br\\\/product\\\/gat03-record-play-dinosaur\\\/#breadcrumb\"},\"inLanguage\":\"pt-BR\",\"potentialAction\":[{\"@type\":\"ReadAction\",\"target\":[\"https:\\\/\\\/glassouse.com\\\/pt-br\\\/product\\\/gat03-record-play-dinosaur\\\/\"]}]},{\"@type\":\"ImageObject\",\"inLanguage\":\"pt-BR\",\"@id\":\"https:\\\/\\\/glassouse.com\\\/pt-br\\\/product\\\/gat03-record-play-dinosaur\\\/#primaryimage\",\"url\":\"https:\\\/\\\/glassouse.com\\\/wp-content\\\/uploads\\\/2020\\\/08\\\/Record-and-Play-Dinosaur-2.jpg\",\"contentUrl\":\"https:\\\/\\\/glassouse.com\\\/wp-content\\\/uploads\\\/2020\\\/08\\\/Record-and-Play-Dinosaur-2.jpg\",\"width\":1000,\"height\":1000,\"caption\":\"Registre e brinque com o dinossauro\"},{\"@type\":\"BreadcrumbList\",\"@id\":\"https:\\\/\\\/glassouse.com\\\/pt-br\\\/product\\\/gat03-record-play-dinosaur\\\/#breadcrumb\",\"itemListElement\":[{\"@type\":\"ListItem\",\"position\":1,\"name\":\"Home\",\"item\":\"https:\\\/\\\/glassouse.com\\\/pt-br\\\/inicio\\\/\"},{\"@type\":\"ListItem\",\"position\":2,\"name\":\"Loja\",\"item\":\"https:\\\/\\\/glassouse.com\\\/pt-br\\\/loja\\\/\"},{\"@type\":\"ListItem\",\"position\":3,\"name\":\"GAT03 Record &amp; Play Dinosaur\"}]},{\"@type\":\"WebSite\",\"@id\":\"https:\\\/\\\/glassouse.com\\\/pt-br\\\/#website\",\"url\":\"https:\\\/\\\/glassouse.com\\\/pt-br\\\/\",\"name\":\"Glassouse Assistive Device\",\"description\":\"Assistive Device and Switches for Disabled\",\"publisher\":{\"@id\":\"https:\\\/\\\/glassouse.com\\\/pt-br\\\/#organization\"},\"potentialAction\":[{\"@type\":\"SearchAction\",\"target\":{\"@type\":\"EntryPoint\",\"urlTemplate\":\"https:\\\/\\\/glassouse.com\\\/pt-br\\\/?s={search_term_string}\"},\"query-input\":{\"@type\":\"PropertyValueSpecification\",\"valueRequired\":true,\"valueName\":\"search_term_string\"}}],\"inLanguage\":\"pt-BR\"},{\"@type\":\"Organization\",\"@id\":\"https:\\\/\\\/glassouse.com\\\/pt-br\\\/#organization\",\"name\":\"GlassOuse Assistive Device\",\"url\":\"https:\\\/\\\/glassouse.com\\\/pt-br\\\/\",\"logo\":{\"@type\":\"ImageObject\",\"inLanguage\":\"pt-BR\",\"@id\":\"https:\\\/\\\/glassouse.com\\\/pt-br\\\/#\\\/schema\\\/logo\\\/image\\\/\",\"url\":\"https:\\\/\\\/glassouse.com\\\/wp-content\\\/uploads\\\/2017\\\/11\\\/logo.jpg\",\"contentUrl\":\"https:\\\/\\\/glassouse.com\\\/wp-content\\\/uploads\\\/2017\\\/11\\\/logo.jpg\",\"width\":500,\"height\":500,\"caption\":\"GlassOuse Assistive Device\"},\"image\":{\"@id\":\"https:\\\/\\\/glassouse.com\\\/pt-br\\\/#\\\/schema\\\/logo\\\/image\\\/\"},\"sameAs\":[\"https:\\\/\\\/www.facebook.com\\\/glassouse\\\/\",\"https:\\\/\\\/x.com\\\/glassouse\",\"https:\\\/\\\/www.instagram.com\\\/glassouseassistivedevice\\\/\",\"https:\\\/\\\/www.linkedin.com\\\/company\\\/glassouse\\\/\",\"https:\\\/\\\/www.youtube.com\\\/channel\\\/UCM5pebcmVXbu00QYd91_Gyw\"]}]}<\/script>\n<!-- \/ Yoast SEO plugin. -->","yoast_head_json":{"title":"Record & Play Dinosaur - Brinquedo adaptado para interruptor | GlassOuse","description":"Compre este dinossauro de grava\u00e7\u00e3o e reprodu\u00e7\u00e3o ativado por interruptor adapt\u00e1vel. Conecte qualquer interruptor com conector de 3,5 mm e brinque com o brinquedo. Adequado para crian\u00e7as com defici\u00eancias.","robots":{"index":"index","follow":"follow","max-snippet":"max-snippet:-1","max-image-preview":"max-image-preview:large","max-video-preview":"max-video-preview:-1"},"canonical":"https:\/\/glassouse.com\/pt-br\/product\/gat03-record-play-dinosaur\/","og_locale":"pt_BR","og_type":"article","og_title":"Record & Play Dinosaur - Brinquedo adaptado para interruptor | GlassOuse","og_description":"Compre este dinossauro de grava\u00e7\u00e3o e reprodu\u00e7\u00e3o ativado por interruptor adapt\u00e1vel. Conecte qualquer interruptor com conector de 3,5 mm e brinque com o brinquedo. Adequado para crian\u00e7as com defici\u00eancias.","og_url":"https:\/\/glassouse.com\/pt-br\/product\/gat03-record-play-dinosaur\/","og_site_name":"Glassouse Assistive Device","article_publisher":"https:\/\/www.facebook.com\/glassouse\/","og_image":[{"width":1000,"height":1000,"url":"https:\/\/glassouse.com\/wp-content\/uploads\/2020\/08\/Record-and-Play-Dinosaur-2.jpg","type":"image\/jpeg"}],"twitter_card":"summary_large_image","twitter_site":"@glassouse","schema":{"@context":"https:\/\/schema.org","@graph":[{"@type":"WebPage","@id":"https:\/\/glassouse.com\/pt-br\/product\/gat03-record-play-dinosaur\/","url":"https:\/\/glassouse.com\/pt-br\/product\/gat03-record-play-dinosaur\/","name":"Record & Play Dinosaur - Brinquedo adaptado para interruptor | GlassOuse","isPartOf":{"@id":"https:\/\/glassouse.com\/pt-br\/#website"},"primaryImageOfPage":{"@id":"https:\/\/glassouse.com\/pt-br\/product\/gat03-record-play-dinosaur\/#primaryimage"},"image":{"@id":"https:\/\/glassouse.com\/pt-br\/product\/gat03-record-play-dinosaur\/#primaryimage"},"thumbnailUrl":"https:\/\/glassouse.com\/wp-content\/uploads\/2020\/08\/Record-and-Play-Dinosaur-2.jpg","datePublished":"2020-08-14T09:50:51+00:00","description":"Compre este dinossauro de grava\u00e7\u00e3o e reprodu\u00e7\u00e3o ativado por interruptor adapt\u00e1vel. Conecte qualquer interruptor com conector de 3,5 mm e brinque com o brinquedo. Adequado para crian\u00e7as com defici\u00eancias.","breadcrumb":{"@id":"https:\/\/glassouse.com\/pt-br\/product\/gat03-record-play-dinosaur\/#breadcrumb"},"inLanguage":"pt-BR","potentialAction":[{"@type":"ReadAction","target":["https:\/\/glassouse.com\/pt-br\/product\/gat03-record-play-dinosaur\/"]}]},{"@type":"ImageObject","inLanguage":"pt-BR","@id":"https:\/\/glassouse.com\/pt-br\/product\/gat03-record-play-dinosaur\/#primaryimage","url":"https:\/\/glassouse.com\/wp-content\/uploads\/2020\/08\/Record-and-Play-Dinosaur-2.jpg","contentUrl":"https:\/\/glassouse.com\/wp-content\/uploads\/2020\/08\/Record-and-Play-Dinosaur-2.jpg","width":1000,"height":1000,"caption":"Registre e brinque com o dinossauro"},{"@type":"BreadcrumbList","@id":"https:\/\/glassouse.com\/pt-br\/product\/gat03-record-play-dinosaur\/#breadcrumb","itemListElement":[{"@type":"ListItem","position":1,"name":"Home","item":"https:\/\/glassouse.com\/pt-br\/inicio\/"},{"@type":"ListItem","position":2,"name":"Loja","item":"https:\/\/glassouse.com\/pt-br\/loja\/"},{"@type":"ListItem","position":3,"name":"GAT03 Record &amp; Play Dinosaur"}]},{"@type":"WebSite","@id":"https:\/\/glassouse.com\/pt-br\/#website","url":"https:\/\/glassouse.com\/pt-br\/","name":"Glassouse Assistive Device","description":"Assistive Device and Switches for Disabled","publisher":{"@id":"https:\/\/glassouse.com\/pt-br\/#organization"},"potentialAction":[{"@type":"SearchAction","target":{"@type":"EntryPoint","urlTemplate":"https:\/\/glassouse.com\/pt-br\/?s={search_term_string}"},"query-input":{"@type":"PropertyValueSpecification","valueRequired":true,"valueName":"search_term_string"}}],"inLanguage":"pt-BR"},{"@type":"Organization","@id":"https:\/\/glassouse.com\/pt-br\/#organization","name":"GlassOuse Assistive Device","url":"https:\/\/glassouse.com\/pt-br\/","logo":{"@type":"ImageObject","inLanguage":"pt-BR","@id":"https:\/\/glassouse.com\/pt-br\/#\/schema\/logo\/image\/","url":"https:\/\/glassouse.com\/wp-content\/uploads\/2017\/11\/logo.jpg","contentUrl":"https:\/\/glassouse.com\/wp-content\/uploads\/2017\/11\/logo.jpg","width":500,"height":500,"caption":"GlassOuse Assistive Device"},"image":{"@id":"https:\/\/glassouse.com\/pt-br\/#\/schema\/logo\/image\/"},"sameAs":["https:\/\/www.facebook.com\/glassouse\/","https:\/\/x.com\/glassouse","https:\/\/www.instagram.com\/glassouseassistivedevice\/","https:\/\/www.linkedin.com\/company\/glassouse\/","https:\/\/www.youtube.com\/channel\/UCM5pebcmVXbu00QYd91_Gyw"]}]}},"_links":{"self":[{"href":"https:\/\/glassouse.com\/pt-br\/wp-json\/wp\/v2\/product\/36484","targetHints":{"allow":["GET"]}}],"collection":[{"href":"https:\/\/glassouse.com\/pt-br\/wp-json\/wp\/v2\/product"}],"about":[{"href":"https:\/\/glassouse.com\/pt-br\/wp-json\/wp\/v2\/types\/product"}],"wp:featuredmedia":[{"embeddable":true,"href":"https:\/\/glassouse.com\/pt-br\/wp-json\/wp\/v2\/media\/36505"}],"wp:attachment":[{"href":"https:\/\/glassouse.com\/pt-br\/wp-json\/wp\/v2\/media?parent=36484"}],"wp:term":[{"taxonomy":"product_brand","embeddable":true,"href":"https:\/\/glassouse.com\/pt-br\/wp-json\/wp\/v2\/product_brand?post=36484"},{"taxonomy":"product_cat","embeddable":true,"href":"https:\/\/glassouse.com\/pt-br\/wp-json\/wp\/v2\/product_cat?post=36484"},{"taxonomy":"product_tag","embeddable":true,"href":"https:\/\/glassouse.com\/pt-br\/wp-json\/wp\/v2\/product_tag?post=36484"}],"curies":[{"name":"wp","href":"https:\/\/api.w.org\/{rel}","templated":true}]}}