{"id":36628,"date":"2020-08-14T17:57:59","date_gmt":"2020-08-14T09:57:59","guid":{"rendered":"https:\/\/glassouse.com\/product\/gat01-sing-dance-sunflower\/"},"modified":"2020-08-14T17:57:59","modified_gmt":"2020-08-14T09:57:59","slug":"gat01-sing-dance-sunflower","status":"publish","type":"product","link":"https:\/\/glassouse.com\/pt-br\/product\/gat01-sing-dance-sunflower\/","title":{"rendered":"GAT01 Sing &amp; Dance Sunflower"},"content":{"rendered":"","protected":false},"excerpt":{"rendered":"<h4>GIRASSOL CANTANTE &#8211; GAT01<\/h4>\n<p>1x Dance &amp; Sing Sunflower Toy com conector jack de 3,5 mm<br \/>\n1 manual do usu\u00e1rio<\/p>\n<p><a href=\"https:\/\/glassouse.com\/pt-br\/garantia-de-devolucao-do-dinheiro\/\"><img decoding=\"async\" class=\"alignnone wp-image-1817\" src=\"https:\/\/glassouse.com\/wp-content\/uploads\/2017\/11\/15_Day_Money_Back_47882ccb-f31c-4b58-ab77-9b78929009ef_grande.png\" alt=\"\" width=\"95\" height=\"95\" srcset=\"https:\/\/glassouse.com\/wp-content\/uploads\/2017\/11\/15_Day_Money_Back_47882ccb-f31c-4b58-ab77-9b78929009ef_grande.png 150w, https:\/\/glassouse.com\/wp-content\/uploads\/2017\/11\/15_Day_Money_Back_47882ccb-f31c-4b58-ab77-9b78929009ef_grande-100x100.png 100w, https:\/\/glassouse.com\/wp-content\/uploads\/2017\/11\/15_Day_Money_Back_47882ccb-f31c-4b58-ab77-9b78929009ef_grande-75x75.png 75w\" sizes=\"(max-width: 95px) 100vw, 95px\" \/><\/a>   <img decoding=\"async\" class=\"alignnone wp-image-3424\" src=\"https:\/\/glassouse.com\/wp-content\/uploads\/2020\/08\/A4.png\" alt=\"Garantia da GlassOuse\" width=\"95\" height=\"95\" srcset=\"https:\/\/glassouse.com\/wp-content\/uploads\/2020\/08\/A4.png 345w, https:\/\/glassouse.com\/wp-content\/uploads\/2020\/08\/A4-300x299.png 300w, https:\/\/glassouse.com\/wp-content\/uploads\/2020\/08\/A4-100x100.png 100w, https:\/\/glassouse.com\/wp-content\/uploads\/2020\/08\/A4-150x150.png 150w\" sizes=\"(max-width: 95px) 100vw, 95px\" \/><\/p>\n<p><strong>FUN\u00c7\u00c3O: <\/strong>ele toca e dan\u00e7a 24 m\u00fasicas diferentes que podem ser controladas por um interruptor conectado.<\/p>\n<p><strong>ESPECIFICA\u00c7\u00c3O:<\/strong><br \/>\n<strong>Comprimento:<\/strong> 30 cm<br \/>\n<strong>Material:<\/strong> Pel\u00facia super macia<br \/>\n<strong>Enchimento:<\/strong> Algod\u00e3o 3D PP seguro para o meio ambiente<br \/>\n<strong>Alimenta\u00e7\u00e3o:<\/strong> 3 pilhas AA<\/p>\n<p><strong>INSTRU\u00c7\u00c3O:<\/strong><\/p>\n<ol>\n<li>Conecte o interruptor adapt\u00e1vel de tomada de 3,5 mm de sua escolha ao brinquedo.<\/li>\n<li>Para JOGAR, pressione o bot\u00e3o e o brinquedo come\u00e7ar\u00e1 a dan\u00e7ar e cantar.<\/li>\n<li>Para mudar a m\u00fasica, ative o interruptor novamente.<\/li>\n<li>Para PARAR, pressione o bot\u00e3o novamente.<\/li>\n<\/ol>\n<p><strong><em>*Interruptores vendidos separadamente<\/em><\/strong><\/p>\n<p>_________________________________________________________________________________________________________<\/p>\n","protected":false},"featured_media":36649,"template":"","meta":{"_acf_changed":false},"product_brand":[],"product_cat":[303],"product_tag":[305,306,307,308],"class_list":{"0":"post-36628","1":"product","2":"type-product","3":"status-publish","4":"has-post-thumbnail","6":"product_cat-brinquedos-glassouse","7":"product_tag-brinquedos-adaptados-para-interruptores","8":"product_tag-brinquedos-adaptados","9":"product_tag-brinquedos-para-portadores-de-necessidades-especiais","10":"product_tag-brinquedos-para-criancas-com-deficiencia","11":"product_shipping_class-brinquedo","13":"first","14":"instock","15":"shipping-taxable","16":"purchasable","17":"product-type-simple"},"acf":[],"yoast_head":"<!-- This site is optimized with the Yoast SEO plugin v27.4 - https:\/\/yoast.com\/product\/yoast-seo-wordpress\/ -->\n<title>GAT01 Sing &amp; Dance Sunflower - Glassouse Assistive Device<\/title>\n<meta name=\"robots\" content=\"index, follow, max-snippet:-1, max-image-preview:large, max-video-preview:-1\" \/>\n<link rel=\"canonical\" href=\"https:\/\/glassouse.com\/pt-br\/product\/gat01-sing-dance-sunflower\/\" \/>\n<meta property=\"og:locale\" content=\"pt_BR\" \/>\n<meta property=\"og:type\" content=\"article\" \/>\n<meta property=\"og:title\" content=\"GAT01 Sing &amp; Dance Sunflower - Glassouse Assistive Device\" \/>\n<meta property=\"og:description\" content=\"GIRASSOL CANTANTE - GAT01 1x Dance &amp; Sing Sunflower Toy com conector jack de 3,5 mm 1 manual do usu\u00e1rio    FUN\u00c7\u00c3O: ele toca e dan\u00e7a 24 m\u00fasicas diferentes que podem ser controladas por um interruptor conectado. ESPECIFICA\u00c7\u00c3O: Comprimento: 30 cm Material: Pel\u00facia super macia Enchimento: Algod\u00e3o 3D PP seguro para o meio ambiente Alimenta\u00e7\u00e3o: 3 pilhas AA INSTRU\u00c7\u00c3O:  Conecte o interruptor adapt\u00e1vel de tomada de 3,5 mm de sua escolha ao brinquedo.  Para JOGAR, pressione o bot\u00e3o e o brinquedo come\u00e7ar\u00e1 a dan\u00e7ar e cantar.  Para mudar a m\u00fasica, ative o interruptor novamente.  Para PARAR, pressione o bot\u00e3o novamente. *Interruptores vendidos separadamente _________________________________________________________________________________________________________\" \/>\n<meta property=\"og:url\" content=\"https:\/\/glassouse.com\/pt-br\/product\/gat01-sing-dance-sunflower\/\" \/>\n<meta property=\"og:site_name\" content=\"Glassouse Assistive Device\" \/>\n<meta property=\"article:publisher\" content=\"https:\/\/www.facebook.com\/glassouse\/\" \/>\n<meta property=\"og:image\" content=\"https:\/\/glassouse.com\/wp-content\/uploads\/2020\/08\/GlassOuse-Toy-Sing-Dance-Sunflower-.jpg\" \/>\n\t<meta property=\"og:image:width\" content=\"2000\" \/>\n\t<meta property=\"og:image:height\" content=\"2000\" \/>\n\t<meta property=\"og:image:type\" content=\"image\/jpeg\" \/>\n<meta name=\"twitter:card\" content=\"summary_large_image\" \/>\n<meta name=\"twitter:site\" content=\"@glassouse\" \/>\n<script type=\"application\/ld+json\" class=\"yoast-schema-graph\">{\"@context\":\"https:\\\/\\\/schema.org\",\"@graph\":[{\"@type\":\"WebPage\",\"@id\":\"https:\\\/\\\/glassouse.com\\\/pt-br\\\/product\\\/gat01-sing-dance-sunflower\\\/\",\"url\":\"https:\\\/\\\/glassouse.com\\\/pt-br\\\/product\\\/gat01-sing-dance-sunflower\\\/\",\"name\":\"GAT01 Sing &amp; Dance Sunflower - Glassouse Assistive Device\",\"isPartOf\":{\"@id\":\"https:\\\/\\\/glassouse.com\\\/pt-br\\\/#website\"},\"primaryImageOfPage\":{\"@id\":\"https:\\\/\\\/glassouse.com\\\/pt-br\\\/product\\\/gat01-sing-dance-sunflower\\\/#primaryimage\"},\"image\":{\"@id\":\"https:\\\/\\\/glassouse.com\\\/pt-br\\\/product\\\/gat01-sing-dance-sunflower\\\/#primaryimage\"},\"thumbnailUrl\":\"https:\\\/\\\/glassouse.com\\\/wp-content\\\/uploads\\\/2020\\\/08\\\/GlassOuse-Toy-Sing-Dance-Sunflower-.jpg\",\"datePublished\":\"2020-08-14T09:57:59+00:00\",\"breadcrumb\":{\"@id\":\"https:\\\/\\\/glassouse.com\\\/pt-br\\\/product\\\/gat01-sing-dance-sunflower\\\/#breadcrumb\"},\"inLanguage\":\"pt-BR\",\"potentialAction\":[{\"@type\":\"ReadAction\",\"target\":[\"https:\\\/\\\/glassouse.com\\\/pt-br\\\/product\\\/gat01-sing-dance-sunflower\\\/\"]}]},{\"@type\":\"ImageObject\",\"inLanguage\":\"pt-BR\",\"@id\":\"https:\\\/\\\/glassouse.com\\\/pt-br\\\/product\\\/gat01-sing-dance-sunflower\\\/#primaryimage\",\"url\":\"https:\\\/\\\/glassouse.com\\\/wp-content\\\/uploads\\\/2020\\\/08\\\/GlassOuse-Toy-Sing-Dance-Sunflower-.jpg\",\"contentUrl\":\"https:\\\/\\\/glassouse.com\\\/wp-content\\\/uploads\\\/2020\\\/08\\\/GlassOuse-Toy-Sing-Dance-Sunflower-.jpg\",\"width\":2000,\"height\":2000,\"caption\":\"GlassOuse Toy - Sing &amp; Dance Sunflower\"},{\"@type\":\"BreadcrumbList\",\"@id\":\"https:\\\/\\\/glassouse.com\\\/pt-br\\\/product\\\/gat01-sing-dance-sunflower\\\/#breadcrumb\",\"itemListElement\":[{\"@type\":\"ListItem\",\"position\":1,\"name\":\"Home\",\"item\":\"https:\\\/\\\/glassouse.com\\\/pt-br\\\/inicio\\\/\"},{\"@type\":\"ListItem\",\"position\":2,\"name\":\"Loja\",\"item\":\"https:\\\/\\\/glassouse.com\\\/pt-br\\\/loja\\\/\"},{\"@type\":\"ListItem\",\"position\":3,\"name\":\"GAT01 Sing &amp; Dance Sunflower\"}]},{\"@type\":\"WebSite\",\"@id\":\"https:\\\/\\\/glassouse.com\\\/pt-br\\\/#website\",\"url\":\"https:\\\/\\\/glassouse.com\\\/pt-br\\\/\",\"name\":\"Glassouse Assistive Device\",\"description\":\"Assistive Device and Switches for Disabled\",\"publisher\":{\"@id\":\"https:\\\/\\\/glassouse.com\\\/pt-br\\\/#organization\"},\"potentialAction\":[{\"@type\":\"SearchAction\",\"target\":{\"@type\":\"EntryPoint\",\"urlTemplate\":\"https:\\\/\\\/glassouse.com\\\/pt-br\\\/?s={search_term_string}\"},\"query-input\":{\"@type\":\"PropertyValueSpecification\",\"valueRequired\":true,\"valueName\":\"search_term_string\"}}],\"inLanguage\":\"pt-BR\"},{\"@type\":\"Organization\",\"@id\":\"https:\\\/\\\/glassouse.com\\\/pt-br\\\/#organization\",\"name\":\"GlassOuse Assistive Device\",\"url\":\"https:\\\/\\\/glassouse.com\\\/pt-br\\\/\",\"logo\":{\"@type\":\"ImageObject\",\"inLanguage\":\"pt-BR\",\"@id\":\"https:\\\/\\\/glassouse.com\\\/pt-br\\\/#\\\/schema\\\/logo\\\/image\\\/\",\"url\":\"https:\\\/\\\/glassouse.com\\\/wp-content\\\/uploads\\\/2017\\\/11\\\/logo.jpg\",\"contentUrl\":\"https:\\\/\\\/glassouse.com\\\/wp-content\\\/uploads\\\/2017\\\/11\\\/logo.jpg\",\"width\":500,\"height\":500,\"caption\":\"GlassOuse Assistive Device\"},\"image\":{\"@id\":\"https:\\\/\\\/glassouse.com\\\/pt-br\\\/#\\\/schema\\\/logo\\\/image\\\/\"},\"sameAs\":[\"https:\\\/\\\/www.facebook.com\\\/glassouse\\\/\",\"https:\\\/\\\/x.com\\\/glassouse\",\"https:\\\/\\\/www.instagram.com\\\/glassouseassistivedevice\\\/\",\"https:\\\/\\\/www.linkedin.com\\\/company\\\/glassouse\\\/\",\"https:\\\/\\\/www.youtube.com\\\/channel\\\/UCM5pebcmVXbu00QYd91_Gyw\"]}]}<\/script>\n<!-- \/ Yoast SEO plugin. -->","yoast_head_json":{"title":"GAT01 Sing &amp; Dance Sunflower - Glassouse Assistive Device","robots":{"index":"index","follow":"follow","max-snippet":"max-snippet:-1","max-image-preview":"max-image-preview:large","max-video-preview":"max-video-preview:-1"},"canonical":"https:\/\/glassouse.com\/pt-br\/product\/gat01-sing-dance-sunflower\/","og_locale":"pt_BR","og_type":"article","og_title":"GAT01 Sing &amp; Dance Sunflower - Glassouse Assistive Device","og_description":"GIRASSOL CANTANTE - GAT01 1x Dance &amp; Sing Sunflower Toy com conector jack de 3,5 mm 1 manual do usu\u00e1rio    FUN\u00c7\u00c3O: ele toca e dan\u00e7a 24 m\u00fasicas diferentes que podem ser controladas por um interruptor conectado. ESPECIFICA\u00c7\u00c3O: Comprimento: 30 cm Material: Pel\u00facia super macia Enchimento: Algod\u00e3o 3D PP seguro para o meio ambiente Alimenta\u00e7\u00e3o: 3 pilhas AA INSTRU\u00c7\u00c3O:  Conecte o interruptor adapt\u00e1vel de tomada de 3,5 mm de sua escolha ao brinquedo.  Para JOGAR, pressione o bot\u00e3o e o brinquedo come\u00e7ar\u00e1 a dan\u00e7ar e cantar.  Para mudar a m\u00fasica, ative o interruptor novamente.  Para PARAR, pressione o bot\u00e3o novamente. *Interruptores vendidos separadamente _________________________________________________________________________________________________________","og_url":"https:\/\/glassouse.com\/pt-br\/product\/gat01-sing-dance-sunflower\/","og_site_name":"Glassouse Assistive Device","article_publisher":"https:\/\/www.facebook.com\/glassouse\/","og_image":[{"width":2000,"height":2000,"url":"https:\/\/glassouse.com\/wp-content\/uploads\/2020\/08\/GlassOuse-Toy-Sing-Dance-Sunflower-.jpg","type":"image\/jpeg"}],"twitter_card":"summary_large_image","twitter_site":"@glassouse","schema":{"@context":"https:\/\/schema.org","@graph":[{"@type":"WebPage","@id":"https:\/\/glassouse.com\/pt-br\/product\/gat01-sing-dance-sunflower\/","url":"https:\/\/glassouse.com\/pt-br\/product\/gat01-sing-dance-sunflower\/","name":"GAT01 Sing &amp; Dance Sunflower - Glassouse Assistive Device","isPartOf":{"@id":"https:\/\/glassouse.com\/pt-br\/#website"},"primaryImageOfPage":{"@id":"https:\/\/glassouse.com\/pt-br\/product\/gat01-sing-dance-sunflower\/#primaryimage"},"image":{"@id":"https:\/\/glassouse.com\/pt-br\/product\/gat01-sing-dance-sunflower\/#primaryimage"},"thumbnailUrl":"https:\/\/glassouse.com\/wp-content\/uploads\/2020\/08\/GlassOuse-Toy-Sing-Dance-Sunflower-.jpg","datePublished":"2020-08-14T09:57:59+00:00","breadcrumb":{"@id":"https:\/\/glassouse.com\/pt-br\/product\/gat01-sing-dance-sunflower\/#breadcrumb"},"inLanguage":"pt-BR","potentialAction":[{"@type":"ReadAction","target":["https:\/\/glassouse.com\/pt-br\/product\/gat01-sing-dance-sunflower\/"]}]},{"@type":"ImageObject","inLanguage":"pt-BR","@id":"https:\/\/glassouse.com\/pt-br\/product\/gat01-sing-dance-sunflower\/#primaryimage","url":"https:\/\/glassouse.com\/wp-content\/uploads\/2020\/08\/GlassOuse-Toy-Sing-Dance-Sunflower-.jpg","contentUrl":"https:\/\/glassouse.com\/wp-content\/uploads\/2020\/08\/GlassOuse-Toy-Sing-Dance-Sunflower-.jpg","width":2000,"height":2000,"caption":"GlassOuse Toy - Sing &amp; Dance Sunflower"},{"@type":"BreadcrumbList","@id":"https:\/\/glassouse.com\/pt-br\/product\/gat01-sing-dance-sunflower\/#breadcrumb","itemListElement":[{"@type":"ListItem","position":1,"name":"Home","item":"https:\/\/glassouse.com\/pt-br\/inicio\/"},{"@type":"ListItem","position":2,"name":"Loja","item":"https:\/\/glassouse.com\/pt-br\/loja\/"},{"@type":"ListItem","position":3,"name":"GAT01 Sing &amp; Dance Sunflower"}]},{"@type":"WebSite","@id":"https:\/\/glassouse.com\/pt-br\/#website","url":"https:\/\/glassouse.com\/pt-br\/","name":"Glassouse Assistive Device","description":"Assistive Device and Switches for Disabled","publisher":{"@id":"https:\/\/glassouse.com\/pt-br\/#organization"},"potentialAction":[{"@type":"SearchAction","target":{"@type":"EntryPoint","urlTemplate":"https:\/\/glassouse.com\/pt-br\/?s={search_term_string}"},"query-input":{"@type":"PropertyValueSpecification","valueRequired":true,"valueName":"search_term_string"}}],"inLanguage":"pt-BR"},{"@type":"Organization","@id":"https:\/\/glassouse.com\/pt-br\/#organization","name":"GlassOuse Assistive Device","url":"https:\/\/glassouse.com\/pt-br\/","logo":{"@type":"ImageObject","inLanguage":"pt-BR","@id":"https:\/\/glassouse.com\/pt-br\/#\/schema\/logo\/image\/","url":"https:\/\/glassouse.com\/wp-content\/uploads\/2017\/11\/logo.jpg","contentUrl":"https:\/\/glassouse.com\/wp-content\/uploads\/2017\/11\/logo.jpg","width":500,"height":500,"caption":"GlassOuse Assistive Device"},"image":{"@id":"https:\/\/glassouse.com\/pt-br\/#\/schema\/logo\/image\/"},"sameAs":["https:\/\/www.facebook.com\/glassouse\/","https:\/\/x.com\/glassouse","https:\/\/www.instagram.com\/glassouseassistivedevice\/","https:\/\/www.linkedin.com\/company\/glassouse\/","https:\/\/www.youtube.com\/channel\/UCM5pebcmVXbu00QYd91_Gyw"]}]}},"_links":{"self":[{"href":"https:\/\/glassouse.com\/pt-br\/wp-json\/wp\/v2\/product\/36628","targetHints":{"allow":["GET"]}}],"collection":[{"href":"https:\/\/glassouse.com\/pt-br\/wp-json\/wp\/v2\/product"}],"about":[{"href":"https:\/\/glassouse.com\/pt-br\/wp-json\/wp\/v2\/types\/product"}],"wp:featuredmedia":[{"embeddable":true,"href":"https:\/\/glassouse.com\/pt-br\/wp-json\/wp\/v2\/media\/36649"}],"wp:attachment":[{"href":"https:\/\/glassouse.com\/pt-br\/wp-json\/wp\/v2\/media?parent=36628"}],"wp:term":[{"taxonomy":"product_brand","embeddable":true,"href":"https:\/\/glassouse.com\/pt-br\/wp-json\/wp\/v2\/product_brand?post=36628"},{"taxonomy":"product_cat","embeddable":true,"href":"https:\/\/glassouse.com\/pt-br\/wp-json\/wp\/v2\/product_cat?post=36628"},{"taxonomy":"product_tag","embeddable":true,"href":"https:\/\/glassouse.com\/pt-br\/wp-json\/wp\/v2\/product_tag?post=36628"}],"curies":[{"name":"wp","href":"https:\/\/api.w.org\/{rel}","templated":true}]}}