{"id":26866,"date":"2018-04-09T12:47:45","date_gmt":"2018-04-09T04:47:45","guid":{"rendered":"https:\/\/glassouse.com\/garantie-de-bani-inapoi\/"},"modified":"2026-04-27T16:55:13","modified_gmt":"2026-04-27T08:55:13","slug":"garantie-de-bani-inapoi","status":"publish","type":"page","link":"https:\/\/glassouse.com\/ro\/garantie-de-bani-inapoi\/","title":{"rendered":"Garan\u021bie de bani \u00eenapoi"},"content":{"rendered":"<div class=\"wpb-content-wrapper\"><p>[vc_row row_height_percent=&#8221;0&#8243; overlay_alpha=&#8221;50&#8243; gutter_size=&#8221;3&#8243; column_width_percent=&#8221;100&#8243; shift_y=&#8221;0&#8243; z_index=&#8221;0&#8243; uncode_shortcode_id=&#8221;144508&#8243; css=&#8221;.vc_custom_1649004907143{padding-bottom: 0px !important;}&#8221;][vc_column column_width_percent=&#8221;100&#8243; gutter_size=&#8221;3&#8243; override_padding=&#8221;yes&#8221; column_padding=&#8221;1&#8243; overlay_alpha=&#8221;50&#8243; shift_x=&#8221;0&#8243; shift_y=&#8221;0&#8243; shift_y_down=&#8221;0&#8243; z_index=&#8221;0&#8243; medium_width=&#8221;0&#8243; mobile_width=&#8221;0&#8243; width=&#8221;1\/1&#8243; uncode_shortcode_id=&#8221;167546&#8243; css=&#8221;.vc_custom_1649004867867{padding-bottom: 0px !important;}&#8221;][vc_single_image media=&#8221;26868&#8243; media_width_percent=&#8221;100&#8243; alignment=&#8221;center&#8221; uncode_shortcode_id=&#8221;168334&#8243;][vc_column_text uncode_shortcode_id=&#8221;998297&#8243;]<\/p>\n<p><img decoding=\"async\" class=\"alignnone size-full wp-image-214 aligncenter\" src=\"https:\/\/glassouse.com\/wp-content\/uploads\/2017\/11\/black.png\" alt=\"\" width=\"100\" height=\"4\" srcset=\"https:\/\/glassouse.com\/wp-content\/uploads\/2017\/11\/black.png 100w, https:\/\/glassouse.com\/wp-content\/uploads\/2017\/11\/black-75x4.png 75w\" sizes=\"(max-width: 100px) 100vw, 100px\" \/>[\/vc_column_text][vc_column_text uncode_shortcode_id=&#8221;579978&#8243;]<\/p>\n<h4 style=\"text-align: center;\">Toate produsele GlassOuse vin cu o perioad\u0103 de testare de 15 zile<\/h4>\n<p style=\"text-align: center;\">Dup\u0103 achizi\u021bionarea de pe site, dac\u0103 v\u0103 r\u0103zg\u00e2ndi\u021bi \u0219i decide\u021bi s\u0103 returna\u021bi produsul \u00een termen de 15 zile (din ziua \u00een care a\u021bi primit produsul), pute\u021bi solicita returnarea \u0219i rambursarea.<\/p>\n<p>[\/vc_column_text][vc_column_text uncode_shortcode_id=&#8221;195375&#8243; css=&#8221;.vc_custom_1650349700527{padding-bottom: 0px !important;}&#8221;]<\/p>\n<h4><strong>Cum s\u0103 returna\u021bi \u0219i s\u0103 ob\u021bine\u021bi o rambursare<\/strong><\/h4>\n<ol>\n<li>Contacta\u021bi echipa noastr\u0103 de asisten\u021b\u0103 prin intermediul site-ului sau prin e-mail &#8211; <a href=\"mailto:support@glassouse.com\">support@glassouse.com.<\/a> V\u0103 rug\u0103m s\u0103 indica\u021bi num\u0103rul comenzii \u0219i motivul return\u0103rii. <\/li>\n<li>Echipa noastr\u0103 v\u0103 va trimite \u00eenapoi instruc\u021biunile de returnare. Urma\u021bi aceste instruc\u021biuni \u0219i trimite\u021bi \u00eenapoi produsul cu ambalajul original. Taxa de transport pentru returnare va fi suportat\u0103 de dvs.<br \/>\n<strong>Not\u0103:<\/strong> V\u0103 rug\u0103m s\u0103 v\u0103 asigura\u021bi c\u0103 produsul nu este deteriorat, deoarece nu se va acorda nicio rambursare pentru produsele deteriorate.<\/li>\n<li>Odat\u0103 ce bunurile sunt primite \u00eenapoi la sediul nostru, vom ini\u021bia returnarea \u00een 7 zile.<\/li>\n<\/ol>\n<p>[\/vc_column_text][\/vc_column][\/vc_row][vc_row row_height_percent=&#8221;0&#8243; overlay_alpha=&#8221;50&#8243; gutter_size=&#8221;3&#8243; column_width_percent=&#8221;100&#8243; shift_y=&#8221;0&#8243; z_index=&#8221;0&#8243; uncode_shortcode_id=&#8221;420806&#8243; css=&#8221;.vc_custom_1649004922471{padding-top: 10px !important;}&#8221;][vc_column width=&#8221;1\/1&#8243;][vc_accordion active_tab=&#8221;0&#8243;][vc_accordion_tab title=&#8221;GlassOuse are o politic\u0103 de returnare ?&#8221; tab_id=&#8221;083c16d9-ea7a-6&#8243;][vc_column_text]Toate produsele GlassOuse ofer\u0103 o perioad\u0103 de \u00eencercare de 15 zile de la data livr\u0103rii. Pute\u021bi solicita returnarea unui articol \u00een starea \u00een care a fost primit dac\u0103 v\u0103 r\u0103zg\u00e2ndi\u021bi.[\/vc_column_text][\/vc_accordion_tab][vc_accordion_tab title=&#8221;Pot returna un articol dac\u0103 l-am folosit ?&#8221; tab_id=&#8221;ded89cbf-a994-7&#8243;][vc_column_text]Absolut. Dar toate dispozitivele returnate trebuie s\u0103 fie f\u0103r\u0103 defec\u021biuni \u0219i defecte pentru o rambursare complet\u0103.[\/vc_column_text][\/vc_accordion_tab][vc_accordion_tab title=&#8221;Cine pl\u0103te\u0219te pentru transportul de retur?&#8221; tab_id=&#8221;0928a723-1730-7&#8243;][vc_column_text]Chiar dac\u0103 GlassOuse ofer\u0103 o rambursare complet\u0103 pentru articole, costurile de expediere \u00eenapoi sunt acoperite de cump\u0103r\u0103tor.[\/vc_column_text][\/vc_accordion_tab][vc_accordion_tab title=&#8221;C\u00e2nd voi primi rambursarea?&#8221; tab_id=&#8221;db439506-05f3-2&#8243;][vc_column_text]Plata ramburs\u0103rii se face \u00een 7 (\u0219apte) zile lucr\u0103toare dup\u0103 ce dispozitivul returnat este livrat \u00een starea \u00een care a fost primit &#8211; f\u0103r\u0103 defec\u021biuni \u0219i defecte. Not\u0103 &#8211; Suma de rambursare include doar costul dispozitivului \u0219i nu taxa de transport.[\/vc_column_text][\/vc_accordion_tab][vc_accordion_tab gutter_size=&#8221;2&#8243; column_padding=&#8221;2&#8243; title=&#8221;Exist\u0103 o tax\u0103 de rambursare?&#8221; tab_id=&#8221;1650406264098-5-3&#8243;][vc_column_text uncode_shortcode_id=&#8221;142636&#8243;]Vom ini\u021bia o rambursare a \u00eentregii sume pe care a\u021bi pl\u0103tit-o. Cu toate acestea, aproximativ 3,6-4% din plata total\u0103 este dedus\u0103 prin intermediul sistemelor de plat\u0103 ca o tax\u0103. De exemplu, dac\u0103 a\u021bi pl\u0103tit 100 $ \u00een timpul achizi\u021biei, ve\u021bi primi aproximativ 96 $ \u00eenapoi.[\/vc_column_text][\/vc_accordion_tab][\/vc_accordion][\/vc_column][\/vc_row]<\/p>\n<\/div>","protected":false},"excerpt":{"rendered":"<p>[vc_row row_height_percent=&#8221;0&#8243; overlay_alpha=&#8221;50&#8243; gutter_size=&#8221;3&#8243; column_width_percent=&#8221;100&#8243; shift_y=&#8221;0&#8243; z_index=&#8221;0&#8243; uncode_shortcode_id=&#8221;144508&#8243; css=&#8221;.vc_custom_1649004907143{padding-bottom: 0px !important;}&#8221;][vc_column column_width_percent=&#8221;100&#8243; gutter_size=&#8221;3&#8243; override_padding=&#8221;yes&#8221; column_padding=&#8221;1&#8243; overlay_alpha=&#8221;50&#8243; shift_x=&#8221;0&#8243; shift_y=&#8221;0&#8243; shift_y_down=&#8221;0&#8243; z_index=&#8221;0&#8243; [&hellip;]<\/p>\n","protected":false},"author":1,"featured_media":0,"parent":0,"menu_order":24,"comment_status":"closed","ping_status":"closed","template":"","meta":{"_acf_changed":false,"footnotes":""},"class_list":["post-26866","page","type-page","status-publish","hentry"],"acf":[],"yoast_head":"<!-- This site is optimized with the Yoast SEO plugin v27.4 - https:\/\/yoast.com\/product\/yoast-seo-wordpress\/ -->\n<title>Garan\u021bie de bani \u00eenapoi - Glassouse Assistive Device<\/title>\n<meta name=\"description\" content=\"\u00cencerca\u021bi GlassOuse &amp; G-Switch Series timp de 15 zile acum cu programul de garan\u021bie de bani \u00eenapoi. Comanda\u021bi dispozitivul dvs. asistiv demonstrativ acum \u00een c\u00e2teva minute.\" \/>\n<meta name=\"robots\" content=\"index, follow, max-snippet:-1, max-image-preview:large, max-video-preview:-1\" \/>\n<link rel=\"canonical\" href=\"https:\/\/glassouse.com\/ro\/garantie-de-bani-inapoi\/\" \/>\n<meta property=\"og:locale\" content=\"ro_RO\" \/>\n<meta property=\"og:type\" content=\"article\" \/>\n<meta property=\"og:title\" content=\"Garan\u021bie de bani \u00eenapoi - Glassouse Assistive Device\" \/>\n<meta property=\"og:description\" content=\"\u00cencerca\u021bi GlassOuse &amp; G-Switch Series timp de 15 zile acum cu programul de garan\u021bie de bani \u00eenapoi. Comanda\u021bi dispozitivul dvs. asistiv demonstrativ acum \u00een c\u00e2teva minute.\" \/>\n<meta property=\"og:url\" content=\"https:\/\/glassouse.com\/ro\/garantie-de-bani-inapoi\/\" \/>\n<meta property=\"og:site_name\" content=\"Glassouse Assistive Device\" \/>\n<meta property=\"article:publisher\" content=\"https:\/\/www.facebook.com\/glassouse\/\" \/>\n<meta property=\"article:modified_time\" content=\"2026-04-27T08:55:13+00:00\" \/>\n<meta property=\"og:image\" content=\"https:\/\/glassouse.com\/wp-content\/uploads\/2017\/11\/black.png\" \/>\n\t<meta property=\"og:image:width\" content=\"100\" \/>\n\t<meta property=\"og:image:height\" content=\"4\" \/>\n\t<meta property=\"og:image:type\" content=\"image\/png\" \/>\n<meta name=\"twitter:card\" content=\"summary_large_image\" \/>\n<meta name=\"twitter:site\" content=\"@glassouse\" \/>\n<meta name=\"twitter:label1\" content=\"Timp estimat pentru citire\" \/>\n\t<meta name=\"twitter:data1\" content=\"3 minute\" \/>\n<script type=\"application\/ld+json\" class=\"yoast-schema-graph\">{\"@context\":\"https:\\\/\\\/schema.org\",\"@graph\":[{\"@type\":\"WebPage\",\"@id\":\"https:\\\/\\\/glassouse.com\\\/ro\\\/garantie-de-bani-inapoi\\\/\",\"url\":\"https:\\\/\\\/glassouse.com\\\/ro\\\/garantie-de-bani-inapoi\\\/\",\"name\":\"Garan\u021bie de bani \u00eenapoi - Glassouse Assistive Device\",\"isPartOf\":{\"@id\":\"https:\\\/\\\/glassouse.com\\\/ro\\\/#website\"},\"primaryImageOfPage\":{\"@id\":\"https:\\\/\\\/glassouse.com\\\/ro\\\/garantie-de-bani-inapoi\\\/#primaryimage\"},\"image\":{\"@id\":\"https:\\\/\\\/glassouse.com\\\/ro\\\/garantie-de-bani-inapoi\\\/#primaryimage\"},\"thumbnailUrl\":\"https:\\\/\\\/glassouse.com\\\/wp-content\\\/uploads\\\/2017\\\/11\\\/black.png\",\"datePublished\":\"2018-04-09T04:47:45+00:00\",\"dateModified\":\"2026-04-27T08:55:13+00:00\",\"description\":\"\u00cencerca\u021bi GlassOuse & G-Switch Series timp de 15 zile acum cu programul de garan\u021bie de bani \u00eenapoi. Comanda\u021bi dispozitivul dvs. asistiv demonstrativ acum \u00een c\u00e2teva minute.\",\"breadcrumb\":{\"@id\":\"https:\\\/\\\/glassouse.com\\\/ro\\\/garantie-de-bani-inapoi\\\/#breadcrumb\"},\"inLanguage\":\"ro-RO\",\"potentialAction\":[{\"@type\":\"ReadAction\",\"target\":[\"https:\\\/\\\/glassouse.com\\\/ro\\\/garantie-de-bani-inapoi\\\/\"]}]},{\"@type\":\"ImageObject\",\"inLanguage\":\"ro-RO\",\"@id\":\"https:\\\/\\\/glassouse.com\\\/ro\\\/garantie-de-bani-inapoi\\\/#primaryimage\",\"url\":\"https:\\\/\\\/glassouse.com\\\/wp-content\\\/uploads\\\/2017\\\/11\\\/black.png\",\"contentUrl\":\"https:\\\/\\\/glassouse.com\\\/wp-content\\\/uploads\\\/2017\\\/11\\\/black.png\"},{\"@type\":\"BreadcrumbList\",\"@id\":\"https:\\\/\\\/glassouse.com\\\/ro\\\/garantie-de-bani-inapoi\\\/#breadcrumb\",\"itemListElement\":[{\"@type\":\"ListItem\",\"position\":1,\"name\":\"Home\",\"item\":\"https:\\\/\\\/glassouse.com\\\/ro\\\/acasa\\\/\"},{\"@type\":\"ListItem\",\"position\":2,\"name\":\"Garan\u021bie de bani \u00eenapoi\"}]},{\"@type\":\"WebSite\",\"@id\":\"https:\\\/\\\/glassouse.com\\\/ro\\\/#website\",\"url\":\"https:\\\/\\\/glassouse.com\\\/ro\\\/\",\"name\":\"Glassouse Assistive Device\",\"description\":\"Assistive Device and Switches for Disabled\",\"publisher\":{\"@id\":\"https:\\\/\\\/glassouse.com\\\/ro\\\/#organization\"},\"potentialAction\":[{\"@type\":\"SearchAction\",\"target\":{\"@type\":\"EntryPoint\",\"urlTemplate\":\"https:\\\/\\\/glassouse.com\\\/ro\\\/?s={search_term_string}\"},\"query-input\":{\"@type\":\"PropertyValueSpecification\",\"valueRequired\":true,\"valueName\":\"search_term_string\"}}],\"inLanguage\":\"ro-RO\"},{\"@type\":\"Organization\",\"@id\":\"https:\\\/\\\/glassouse.com\\\/ro\\\/#organization\",\"name\":\"GlassOuse Assistive Device\",\"url\":\"https:\\\/\\\/glassouse.com\\\/ro\\\/\",\"logo\":{\"@type\":\"ImageObject\",\"inLanguage\":\"ro-RO\",\"@id\":\"https:\\\/\\\/glassouse.com\\\/ro\\\/#\\\/schema\\\/logo\\\/image\\\/\",\"url\":\"https:\\\/\\\/glassouse.com\\\/wp-content\\\/uploads\\\/2017\\\/11\\\/logo.jpg\",\"contentUrl\":\"https:\\\/\\\/glassouse.com\\\/wp-content\\\/uploads\\\/2017\\\/11\\\/logo.jpg\",\"width\":500,\"height\":500,\"caption\":\"GlassOuse Assistive Device\"},\"image\":{\"@id\":\"https:\\\/\\\/glassouse.com\\\/ro\\\/#\\\/schema\\\/logo\\\/image\\\/\"},\"sameAs\":[\"https:\\\/\\\/www.facebook.com\\\/glassouse\\\/\",\"https:\\\/\\\/x.com\\\/glassouse\",\"https:\\\/\\\/www.instagram.com\\\/glassouseassistivedevice\\\/\",\"https:\\\/\\\/www.linkedin.com\\\/company\\\/glassouse\\\/\",\"https:\\\/\\\/www.youtube.com\\\/channel\\\/UCM5pebcmVXbu00QYd91_Gyw\"]}]}<\/script>\n<!-- \/ Yoast SEO plugin. -->","yoast_head_json":{"title":"Garan\u021bie de bani \u00eenapoi - Glassouse Assistive Device","description":"\u00cencerca\u021bi GlassOuse & G-Switch Series timp de 15 zile acum cu programul de garan\u021bie de bani \u00eenapoi. Comanda\u021bi dispozitivul dvs. asistiv demonstrativ acum \u00een c\u00e2teva minute.","robots":{"index":"index","follow":"follow","max-snippet":"max-snippet:-1","max-image-preview":"max-image-preview:large","max-video-preview":"max-video-preview:-1"},"canonical":"https:\/\/glassouse.com\/ro\/garantie-de-bani-inapoi\/","og_locale":"ro_RO","og_type":"article","og_title":"Garan\u021bie de bani \u00eenapoi - Glassouse Assistive Device","og_description":"\u00cencerca\u021bi GlassOuse & G-Switch Series timp de 15 zile acum cu programul de garan\u021bie de bani \u00eenapoi. Comanda\u021bi dispozitivul dvs. asistiv demonstrativ acum \u00een c\u00e2teva minute.","og_url":"https:\/\/glassouse.com\/ro\/garantie-de-bani-inapoi\/","og_site_name":"Glassouse Assistive Device","article_publisher":"https:\/\/www.facebook.com\/glassouse\/","article_modified_time":"2026-04-27T08:55:13+00:00","og_image":[{"width":100,"height":4,"url":"https:\/\/glassouse.com\/wp-content\/uploads\/2017\/11\/black.png","type":"image\/png"}],"twitter_card":"summary_large_image","twitter_site":"@glassouse","twitter_misc":{"Timp estimat pentru citire":"3 minute"},"schema":{"@context":"https:\/\/schema.org","@graph":[{"@type":"WebPage","@id":"https:\/\/glassouse.com\/ro\/garantie-de-bani-inapoi\/","url":"https:\/\/glassouse.com\/ro\/garantie-de-bani-inapoi\/","name":"Garan\u021bie de bani \u00eenapoi - Glassouse Assistive Device","isPartOf":{"@id":"https:\/\/glassouse.com\/ro\/#website"},"primaryImageOfPage":{"@id":"https:\/\/glassouse.com\/ro\/garantie-de-bani-inapoi\/#primaryimage"},"image":{"@id":"https:\/\/glassouse.com\/ro\/garantie-de-bani-inapoi\/#primaryimage"},"thumbnailUrl":"https:\/\/glassouse.com\/wp-content\/uploads\/2017\/11\/black.png","datePublished":"2018-04-09T04:47:45+00:00","dateModified":"2026-04-27T08:55:13+00:00","description":"\u00cencerca\u021bi GlassOuse & G-Switch Series timp de 15 zile acum cu programul de garan\u021bie de bani \u00eenapoi. Comanda\u021bi dispozitivul dvs. asistiv demonstrativ acum \u00een c\u00e2teva minute.","breadcrumb":{"@id":"https:\/\/glassouse.com\/ro\/garantie-de-bani-inapoi\/#breadcrumb"},"inLanguage":"ro-RO","potentialAction":[{"@type":"ReadAction","target":["https:\/\/glassouse.com\/ro\/garantie-de-bani-inapoi\/"]}]},{"@type":"ImageObject","inLanguage":"ro-RO","@id":"https:\/\/glassouse.com\/ro\/garantie-de-bani-inapoi\/#primaryimage","url":"https:\/\/glassouse.com\/wp-content\/uploads\/2017\/11\/black.png","contentUrl":"https:\/\/glassouse.com\/wp-content\/uploads\/2017\/11\/black.png"},{"@type":"BreadcrumbList","@id":"https:\/\/glassouse.com\/ro\/garantie-de-bani-inapoi\/#breadcrumb","itemListElement":[{"@type":"ListItem","position":1,"name":"Home","item":"https:\/\/glassouse.com\/ro\/acasa\/"},{"@type":"ListItem","position":2,"name":"Garan\u021bie de bani \u00eenapoi"}]},{"@type":"WebSite","@id":"https:\/\/glassouse.com\/ro\/#website","url":"https:\/\/glassouse.com\/ro\/","name":"Glassouse Assistive Device","description":"Assistive Device and Switches for Disabled","publisher":{"@id":"https:\/\/glassouse.com\/ro\/#organization"},"potentialAction":[{"@type":"SearchAction","target":{"@type":"EntryPoint","urlTemplate":"https:\/\/glassouse.com\/ro\/?s={search_term_string}"},"query-input":{"@type":"PropertyValueSpecification","valueRequired":true,"valueName":"search_term_string"}}],"inLanguage":"ro-RO"},{"@type":"Organization","@id":"https:\/\/glassouse.com\/ro\/#organization","name":"GlassOuse Assistive Device","url":"https:\/\/glassouse.com\/ro\/","logo":{"@type":"ImageObject","inLanguage":"ro-RO","@id":"https:\/\/glassouse.com\/ro\/#\/schema\/logo\/image\/","url":"https:\/\/glassouse.com\/wp-content\/uploads\/2017\/11\/logo.jpg","contentUrl":"https:\/\/glassouse.com\/wp-content\/uploads\/2017\/11\/logo.jpg","width":500,"height":500,"caption":"GlassOuse Assistive Device"},"image":{"@id":"https:\/\/glassouse.com\/ro\/#\/schema\/logo\/image\/"},"sameAs":["https:\/\/www.facebook.com\/glassouse\/","https:\/\/x.com\/glassouse","https:\/\/www.instagram.com\/glassouseassistivedevice\/","https:\/\/www.linkedin.com\/company\/glassouse\/","https:\/\/www.youtube.com\/channel\/UCM5pebcmVXbu00QYd91_Gyw"]}]}},"_links":{"self":[{"href":"https:\/\/glassouse.com\/ro\/wp-json\/wp\/v2\/pages\/26866","targetHints":{"allow":["GET"]}}],"collection":[{"href":"https:\/\/glassouse.com\/ro\/wp-json\/wp\/v2\/pages"}],"about":[{"href":"https:\/\/glassouse.com\/ro\/wp-json\/wp\/v2\/types\/page"}],"author":[{"embeddable":true,"href":"https:\/\/glassouse.com\/ro\/wp-json\/wp\/v2\/users\/1"}],"replies":[{"embeddable":true,"href":"https:\/\/glassouse.com\/ro\/wp-json\/wp\/v2\/comments?post=26866"}],"version-history":[{"count":9,"href":"https:\/\/glassouse.com\/ro\/wp-json\/wp\/v2\/pages\/26866\/revisions"}],"predecessor-version":[{"id":26944,"href":"https:\/\/glassouse.com\/ro\/wp-json\/wp\/v2\/pages\/26866\/revisions\/26944"}],"wp:attachment":[{"href":"https:\/\/glassouse.com\/ro\/wp-json\/wp\/v2\/media?parent=26866"}],"curies":[{"name":"wp","href":"https:\/\/api.w.org\/{rel}","templated":true}]}}