{"id":28064,"date":"2022-04-30T06:22:32","date_gmt":"2022-04-29T22:22:32","guid":{"rendered":"https:\/\/glassouse.com\/termeni-si-conditii\/"},"modified":"2026-04-27T16:55:57","modified_gmt":"2026-04-27T08:55:57","slug":"termeni-si-conditii","status":"publish","type":"page","link":"https:\/\/glassouse.com\/ro\/termeni-si-conditii\/","title":{"rendered":"Termeni \u0219i condi\u021bii"},"content":{"rendered":"<div class=\"wpb-content-wrapper\"><p>[vc_row][vc_column width=&#8221;1\/1&#8243;][vc_column_text uncode_shortcode_id=&#8221;202773&#8243;]<\/p>\n<h1>Termeni \u0219i condi\u021bii<\/h1>\n<p>Bine a\u021bi venit la Glassouse Assistive Device!<\/p>\n<p>Ace\u0219ti termeni \u0219i condi\u021bii descriu regulile \u0219i reglement\u0103rile de utilizare a site-ului Ennopro Group Limited, situat la https:\/\/glassouse.com\/.<\/p>\n<p>Prin accesarea acestui site, presupunem c\u0103 accepta\u021bi ace\u0219ti termeni \u0219i condi\u021bii. Nu continua\u021bi s\u0103 utiliza\u021bi Glassouse Assistive Device dac\u0103 nu sunte\u021bi de acord s\u0103 accepta\u021bi to\u021bi termenii \u0219i condi\u021biile stabilite pe aceast\u0103 pagin\u0103. <\/p>\n<p>Urm\u0103toarea terminologie se aplic\u0103 acestor Termeni \u0219i condi\u021bii, Declara\u021biei de confiden\u021bialitate \u0219i Avizului de exonerare de r\u0103spundere \u0219i tuturor Acordurilor: &#8222;Client&#8221;, &#8222;Dumneavoastr\u0103&#8221; \u0219i &#8222;Dumneavoastr\u0103&#8221; se refer\u0103 la dumneavoastr\u0103, persoana care se logheaz\u0103 pe acest site web \u0219i care se conformeaz\u0103 termenilor \u0219i condi\u021biilor Companiei. &#8222;Compania&#8221;, &#8222;Noi \u00een\u0219ine&#8221;, &#8222;Noi&#8221;, &#8222;Al nostru&#8221; \u0219i &#8222;Noi&#8221; se refer\u0103 la Compania noastr\u0103. &#8222;Parte&#8221;, &#8222;P\u0103r\u021bi&#8221; sau &#8222;Noi&#8221;, se refer\u0103 at\u00e2t la Client, c\u00e2t \u0219i la noi \u00een\u0219ine. To\u021bi termenii se refer\u0103 la oferta, acceptarea \u0219i luarea \u00een considerare a pl\u0103\u021bii necesare pentru a \u00eentreprinde procesul de asisten\u021b\u0103 din partea noastr\u0103 pentru Client \u00een modul cel mai adecvat \u00een scopul expres de a satisface nevoile Clientului \u00een ceea ce prive\u0219te furnizarea serviciilor declarate ale Companiei, \u00een conformitate cu \u0219i sub rezerva legisla\u021biei \u00een vigoare din \u021a\u0103rile de Jos. Orice utilizare a terminologiei de mai sus sau a altor cuvinte la singular, plural, majuscule \u0219i\/sau el\/ea sau ei\/ele, sunt considerate interschimbabile \u0219i, prin urmare, ca referindu-se la acela\u0219i lucru.    <\/p>\n<h3><strong>Cookie-uri<\/strong><\/h3>\n<p>Angaj\u0103m utilizarea de module cookie. Prin accesarea dispozitivului asistiv Glassouse, a\u021bi fost de acord s\u0103 utiliza\u021bi modulele cookie \u00een conformitate cu Politica de confiden\u021bialitate a Ennopro Group Limited. <\/p>\n<p>Majoritatea site-urilor web interactive utilizeaz\u0103 module cookie pentru a ne permite s\u0103 recuper\u0103m detaliile utilizatorului pentru fiecare vizit\u0103. Cookie-urile sunt utilizate de site-ul nostru web pentru a permite func\u021bionalitatea anumitor zone, pentru a facilita vizitarea site-ului nostru de c\u0103tre persoanele care \u00eel viziteaz\u0103. Unii dintre partenerii no\u0219tri afilia\u021bi\/de publicitate pot utiliza, de asemenea, module cookie.  <\/p>\n<h3><strong>Licen\u021b\u0103<\/strong><\/h3>\n<p>Dac\u0103 nu se specific\u0103 altfel, Ennopro Group Limited \u0219i\/sau licen\u021biatorii s\u0103i de\u021bin drepturile de proprietate intelectual\u0103 pentru toate materialele de pe Glassouse Assistive Device. Toate drepturile de proprietate intelectual\u0103 sunt rezervate. Pute\u021bi accesa acest material de pe Glassouse Assistive Device pentru uzul dumneavoastr\u0103 personal, sub rezerva restric\u021biilor stabilite \u00een ace\u0219ti termeni \u0219i condi\u021bii.  <\/p>\n<p>Nu trebuie:<\/p>\n<ul>\n<li>Republicarea materialului din Glassouse Assistive Device<\/li>\n<li>V\u00e2nzarea, \u00eenchirierea sau sublicen\u021bierea materialelor din Glassouse Assistive Device<\/li>\n<li>Reproducerea, duplicarea sau copierea materialelor din dispozitivul de asisten\u021b\u0103 Glassouse<\/li>\n<li>Redistribui\u021bi con\u021binutul de la Glassouse Assistive Device<\/li>\n<\/ul>\n<p>Prezentul acord intr\u0103 \u00een vigoare la data sa. Termenii \u0219i condi\u021biile noastre au fost create cu ajutorul <a href=\"https:\/\/www.privacypolicies.com\/blog\/sample-terms-conditions-template\/\">\u0219ablonului de termeni \u0219i condi\u021bii<\/a>. <\/p>\n<p>Unele p\u0103r\u021bi ale acestui site ofer\u0103 utilizatorilor posibilitatea de a posta \u0219i de a face schimb de opinii \u0219i informa\u021bii \u00een anumite zone ale site-ului. Ennopro Group Limited nu filtreaz\u0103, editeaz\u0103, public\u0103 sau revizuie\u0219te comentariile \u00eenainte ca acestea s\u0103 fie prezente pe site. Comentariile nu reflect\u0103 punctele de vedere \u0219i opiniile Ennopro Group Limited, ale agen\u021bilor \u0219i\/sau afilia\u021bilor s\u0103i. Comentariile reflect\u0103 punctele de vedere \u0219i opiniile persoanei care posteaz\u0103 opiniile \u0219i punctele de vedere ale acestora. \u00cen m\u0103sura permis\u0103 de legile aplicabile, Ennopro Group Limited nu va fi r\u0103spunz\u0103toare pentru Comentarii sau pentru orice r\u0103spundere, daune sau cheltuieli cauzate \u0219i\/sau suferite ca urmare a utiliz\u0103rii \u0219i\/sau post\u0103rii \u0219i\/sau apari\u021biei Comentariilor pe acest site.    <\/p>\n<p>Ennopro Group Limited \u00ee\u0219i rezerv\u0103 dreptul de a monitoriza toate comentariile \u0219i de a elimina orice comentariu care poate fi considerat nepotrivit, ofensator sau care \u00eencalc\u0103 ace\u0219ti termeni \u0219i condi\u021bii.<\/p>\n<p>Garanta\u021bi \u0219i declara\u021bi c\u0103:<\/p>\n<ul>\n<li>Ave\u021bi dreptul de a posta comentariile pe site-ul nostru \u0219i ave\u021bi toate licen\u021bele \u0219i consim\u021b\u0103mintele necesare pentru a face acest lucru;<\/li>\n<li>Comentariile nu \u00eencalc\u0103 niciun drept de proprietate intelectual\u0103, inclusiv, f\u0103r\u0103 limitare, drepturile de autor, brevetele sau m\u0103rcile comerciale ale unei ter\u021be p\u0103r\u021bi;<\/li>\n<li>Comentariile nu con\u021bin materiale def\u0103im\u0103toare, calomnioase, jignitoare, indecente sau ilegale, care constituie o \u00eenc\u0103lcare a vie\u021bii private<\/li>\n<li>Comentariile nu vor fi utilizate pentru a solicita sau promova afaceri sau activit\u0103\u021bi comerciale obi\u0219nuite sau prezente sau activit\u0103\u021bi ilegale.<\/li>\n<\/ul>\n<p>Prin prezenta, acorda\u021bi Ennopro Group Limited o licen\u021b\u0103 neexclusiv\u0103 de a utiliza, reproduce, edita \u0219i de a autoriza pe al\u021bii s\u0103 utilizeze, s\u0103 reproduc\u0103 \u0219i s\u0103 editeze oricare dintre comentariile dvs. \u00een orice form\u0103, format sau media.<\/p>\n<h3><strong>Hyperlinking c\u0103tre con\u021binutul nostru<\/strong><\/h3>\n<p>Urm\u0103toarele organiza\u021bii se pot conecta la site-ul nostru f\u0103r\u0103 aprobare scris\u0103 prealabil\u0103:<\/p>\n<ul>\n<li>Agen\u021bii guvernamentale;<\/li>\n<li>Motoare de c\u0103utare;<\/li>\n<li>Organiza\u021bii de pres\u0103;<\/li>\n<li>Distribuitorii de anuare online pot crea linkuri c\u0103tre site-ul nostru web \u00een acela\u0219i mod \u00een care creeaz\u0103 hyperlinkuri c\u0103tre site-urile web ale altor \u00eentreprinderi listate; \u0219i<\/li>\n<li>Afacerile acreditate la nivel de sistem, cu excep\u021bia organiza\u021biilor non-profit, a centrelor comerciale caritabile \u0219i a grupurilor de str\u00e2ngere de fonduri caritabile care nu pot face hyperlink c\u0103tre site-ul nostru web.<\/li>\n<\/ul>\n<p>Aceste organiza\u021bii se pot conecta la pagina noastr\u0103 de pornire, la publica\u021bii sau la alte informa\u021bii de pe site, at\u00e2t timp c\u00e2t leg\u0103tura: (a) nu este \u00een niciun fel \u00een\u0219el\u0103toare; (b) nu implic\u0103 \u00een mod fals sponsorizarea, sus\u021binerea sau aprobarea p\u0103r\u021bii care face leg\u0103tura \u0219i a produselor \u0219i\/sau serviciilor sale; \u0219i (c) se \u00eencadreaz\u0103 \u00een contextul site-ului p\u0103r\u021bii care face leg\u0103tura.   <\/p>\n<p>Putem lua \u00een considerare \u0219i aproba alte cereri de link din partea urm\u0103toarelor tipuri de organiza\u021bii:<\/p>\n<ul>\n<li>surse de informa\u021bii pentru consumatori \u0219i\/sau \u00eentreprinderi cunoscute \u00een mod obi\u0219nuit;<\/li>\n<li>site-uri ale comunit\u0103\u021bii dot.com;<\/li>\n<li>asocia\u021bii sau alte grupuri care reprezint\u0103 organiza\u021bii caritabile;<\/li>\n<li>distribuitori de directoare online;<\/li>\n<li>portaluri de internet;<\/li>\n<li>firme de contabilitate, de avocatur\u0103 \u0219i de consultan\u021b\u0103; \u0219i<\/li>\n<li>institu\u021bii de \u00eenv\u0103\u021b\u0103m\u00e2nt \u0219i asocia\u021bii profesionale.<\/li>\n<\/ul>\n<p>Vom aproba cererile de link din partea acestor organiza\u021bii dac\u0103 vom decide c\u0103: (a) linkul nu ne-ar face s\u0103 avem o imagine nefavorabil\u0103 despre noi sau despre afacerile noastre acreditate; (b) organiza\u021bia nu are \u00eenregistr\u0103ri negative cu noi; (c) beneficiul pe care ni-l aduce vizibilitatea hyperlinkului compenseaz\u0103 absen\u021ba Ennopro Group Limited; \u0219i (d) linkul este \u00een contextul informa\u021biilor generale despre resurse.    <\/p>\n<p>Aceste organiza\u021bii pot avea un link c\u0103tre pagina noastr\u0103 principal\u0103 at\u00e2ta timp c\u00e2t link-ul: (a) nu este \u00een niciun fel \u00een\u0219el\u0103toare; (b) nu implic\u0103 \u00een mod fals sponsorizarea, sus\u021binerea sau aprobarea p\u0103r\u021bii care face leg\u0103tura \u0219i a produselor sau serviciilor sale; \u0219i (c) se \u00eencadreaz\u0103 \u00een contextul site-ului p\u0103r\u021bii care face leg\u0103tura.   <\/p>\n<p>Dac\u0103 sunte\u021bi una dintre organiza\u021biile enumerate la alineatul 2 de mai sus \u0219i sunte\u021bi interesat s\u0103 v\u0103 conecta\u021bi la site-ul nostru, trebuie s\u0103 ne informa\u021bi prin trimiterea unui e-mail c\u0103tre Ennopro Group Limited. V\u0103 rug\u0103m s\u0103 include\u021bi numele dumneavoastr\u0103, numele organiza\u021biei, informa\u021biile de contact, precum \u0219i URL-ul site-ului dumneavoastr\u0103, o list\u0103 a oric\u0103ror URL-uri de la care inten\u021biona\u021bi s\u0103 v\u0103 conecta\u021bi la site-ul nostru web \u0219i o list\u0103 a URL-urilor de pe site-ul nostru la care dori\u021bi s\u0103 v\u0103 conecta\u021bi. A\u0219tepta\u021bi 2-3 s\u0103pt\u0103m\u00e2ni pentru un r\u0103spuns.  <\/p>\n<p>Organiza\u021biile aprobate pot face hyperlink c\u0103tre site-ul nostru web dup\u0103 cum urmeaz\u0103:<\/p>\n<ul>\n<li>Prin utilizarea denumirii noastre sociale; sau<\/li>\n<li>prin utilizarea localizatorului uniform de resurse la care se face leg\u0103tura; sau<\/li>\n<li>Prin utilizarea oric\u0103rei alte descrieri a site-ului nostru web la care se face leg\u0103tura, care are sens \u00een contextul \u0219i formatul con\u021binutului de pe site-ul p\u0103r\u021bii care face leg\u0103tura.<\/li>\n<\/ul>\n<p>Nu va fi permis\u0103 utilizarea logo-ului Ennopro Group Limited sau a altor lucr\u0103ri de art\u0103 pentru crearea de linkuri \u00een absen\u021ba unui acord de licen\u021b\u0103 privind marca comercial\u0103.<\/p>\n<h3><strong>iFrame<\/strong><\/h3>\n<p>F\u0103r\u0103 aprobare prealabil\u0103 \u0219i permisiune scris\u0103, nu pute\u021bi crea cadre \u00een jurul paginilor noastre web care s\u0103 modifice \u00een vreun fel prezentarea vizual\u0103 sau aspectul site-ului nostru web.<\/p>\n<h3><strong>R\u0103spunderea pentru con\u021binut<\/strong><\/h3>\n<p>Nu vom fi responsabili pentru niciun con\u021binut care apare pe site-ul dvs. web. Sunte\u021bi de acord s\u0103 ne proteja\u021bi \u0219i s\u0103 ne ap\u0103ra\u021bi \u00eempotriva tuturor reclama\u021biilor care apar pe site-ul dvs. web. Pe niciun site web nu trebuie s\u0103 apar\u0103 niciun link care ar putea fi interpretat ca fiind def\u0103im\u0103tor, obscen sau criminal, sau care \u00eencalc\u0103, violeaz\u0103 \u00een alt mod sau sus\u021bine \u00eenc\u0103lcarea sau alte \u00eenc\u0103lc\u0103ri ale drepturilor unui ter\u021b.  <\/p>\n<h3><strong>Confiden\u021bialitatea dvs.<\/strong><\/h3>\n<p>V\u0103 rug\u0103m s\u0103 citi\u021bi Politica de confiden\u021bialitate<\/p>\n<h3><strong>Rezervarea drepturilor<\/strong><\/h3>\n<p>Ne rezerv\u0103m dreptul de a v\u0103 solicita s\u0103 elimina\u021bi toate leg\u0103turile sau o anumit\u0103 leg\u0103tur\u0103 c\u0103tre site-ul nostru. Sunte\u021bi de acord s\u0103 elimina\u021bi imediat toate leg\u0103turile c\u0103tre site-ul nostru web la cerere. De asemenea, ne rezerv\u0103m dreptul de a modifica \u00een orice moment ace\u0219ti termeni \u0219i condi\u021bii, precum \u0219i politica de linking. Prin conectarea continu\u0103 la site-ul nostru web, sunte\u021bi de acord s\u0103 v\u0103 supune\u021bi \u0219i s\u0103 respecta\u021bi ace\u0219ti termeni \u0219i condi\u021bii de conectare.   <\/p>\n<h3><strong>\u00cenl\u0103turarea linkurilor de pe site-ul nostru<\/strong><\/h3>\n<p>Dac\u0103 g\u0103si\u021bi un link pe site-ul nostru care este ofensator din orice motiv, sunte\u021bi liber s\u0103 ne contacta\u021bi \u0219i s\u0103 ne informa\u021bi \u00een orice moment. Vom lua \u00een considerare cererile de eliminare a link-urilor, dar nu suntem obliga\u021bi s\u0103 facem acest lucru sau s\u0103 v\u0103 r\u0103spundem direct. <\/p>\n<p>Nu ne asigur\u0103m c\u0103 informa\u021biile de pe acest site sunt corecte, nu garant\u0103m exhaustivitatea sau acurate\u021bea acestora \u0219i nici nu promitem s\u0103 ne asigur\u0103m c\u0103 site-ul r\u0103m\u00e2ne disponibil sau c\u0103 materialele de pe site sunt actualizate.<\/p>\n<h3><strong>Disclaimer<\/strong><\/h3>\n<p>\u00cen m\u0103sura maxim\u0103 permis\u0103 de legisla\u021bia aplicabil\u0103, excludem toate declara\u021biile, garan\u021biile \u0219i condi\u021biile referitoare la site-ul nostru \u0219i la utilizarea acestui site. Nimic din aceast\u0103 clauz\u0103 de exonerare de r\u0103spundere nu va: <\/p>\n<ul>\n<li>limitarea sau excluderea r\u0103spunderii noastre sau a dumneavoastr\u0103 pentru deces sau v\u0103t\u0103mare corporal\u0103;<\/li>\n<li>limitarea sau excluderea r\u0103spunderii noastre sau a dumneavoastr\u0103 pentru fraud\u0103 sau declara\u021bii false frauduloase;<\/li>\n<li>s\u0103 limit\u0103m oricare dintre responsabilit\u0103\u021bile noastre sau ale dumneavoastr\u0103 \u00een orice mod care nu este permis de legisla\u021bia aplicabil\u0103; sau<\/li>\n<li>exclude oricare dintre responsabilit\u0103\u021bile noastre sau ale dumneavoastr\u0103 care nu pot fi excluse \u00een temeiul legisla\u021biei aplicabile.<\/li>\n<\/ul>\n<p>Limit\u0103rile \u0219i interdic\u021biile de r\u0103spundere stabilite \u00een aceast\u0103 sec\u021biune \u0219i \u00een alte p\u0103r\u021bi ale acestei clauze de exonerare de r\u0103spundere: (a) sunt supuse paragrafului precedent; \u0219i (b) reglementeaz\u0103 toate r\u0103spunderile care decurg din aceast\u0103 clauz\u0103 de exonerare de r\u0103spundere, inclusiv r\u0103spunderile care decurg din contract, delict civil \u0219i \u00eenc\u0103lcarea obliga\u021biilor legale.  <\/p>\n<p>At\u00e2t timp c\u00e2t site-ul web \u0219i informa\u021biile \u0219i serviciile de pe site sunt furnizate gratuit, nu vom fi responsabili pentru nicio pierdere sau daun\u0103 de orice natur\u0103.[\/vc_column_text][\/vc_column][\/vc_row]<\/p>\n<\/div>","protected":false},"excerpt":{"rendered":"<p>[vc_row][vc_column width=&#8221;1\/1&#8243;][vc_column_text uncode_shortcode_id=&#8221;202773&#8243;] Termeni \u0219i condi\u021bii Bine a\u021bi venit la Glassouse Assistive Device! Ace\u0219ti termeni \u0219i condi\u021bii descriu regulile \u0219i [&hellip;]<\/p>\n","protected":false},"author":1,"featured_media":0,"parent":0,"menu_order":10,"comment_status":"closed","ping_status":"closed","template":"","meta":{"_acf_changed":false,"footnotes":""},"class_list":["post-28064","page","type-page","status-publish","hentry"],"acf":[],"yoast_head":"<!-- This site is optimized with the Yoast SEO plugin v27.4 - https:\/\/yoast.com\/product\/yoast-seo-wordpress\/ -->\n<title>Termeni \u0219i condi\u021bii - Glassouse Assistive Device<\/title>\n<meta name=\"robots\" content=\"index, follow, max-snippet:-1, max-image-preview:large, max-video-preview:-1\" \/>\n<link rel=\"canonical\" href=\"https:\/\/glassouse.com\/ro\/termeni-si-conditii\/\" \/>\n<meta property=\"og:locale\" content=\"ro_RO\" \/>\n<meta property=\"og:type\" content=\"article\" \/>\n<meta property=\"og:title\" content=\"Termeni \u0219i condi\u021bii - Glassouse Assistive Device\" \/>\n<meta property=\"og:description\" content=\"[vc_row][vc_column width=&#8221;1\/1&#8243;][vc_column_text uncode_shortcode_id=&#8221;202773&#8243;] Termeni \u0219i condi\u021bii Bine a\u021bi venit la Glassouse Assistive Device! Ace\u0219ti termeni \u0219i condi\u021bii descriu regulile \u0219i [&hellip;]\" \/>\n<meta property=\"og:url\" content=\"https:\/\/glassouse.com\/ro\/termeni-si-conditii\/\" \/>\n<meta property=\"og:site_name\" content=\"Glassouse Assistive Device\" \/>\n<meta property=\"article:publisher\" content=\"https:\/\/www.facebook.com\/glassouse\/\" \/>\n<meta property=\"article:modified_time\" content=\"2026-04-27T08:55:57+00:00\" \/>\n<meta name=\"twitter:card\" content=\"summary_large_image\" \/>\n<meta name=\"twitter:site\" content=\"@glassouse\" \/>\n<meta name=\"twitter:label1\" content=\"Timp estimat pentru citire\" \/>\n\t<meta name=\"twitter:data1\" content=\"10 minute\" \/>\n<script type=\"application\/ld+json\" class=\"yoast-schema-graph\">{\"@context\":\"https:\\\/\\\/schema.org\",\"@graph\":[{\"@type\":\"WebPage\",\"@id\":\"https:\\\/\\\/glassouse.com\\\/ro\\\/termeni-si-conditii\\\/\",\"url\":\"https:\\\/\\\/glassouse.com\\\/ro\\\/termeni-si-conditii\\\/\",\"name\":\"Termeni \u0219i condi\u021bii - Glassouse Assistive Device\",\"isPartOf\":{\"@id\":\"https:\\\/\\\/glassouse.com\\\/ro\\\/#website\"},\"datePublished\":\"2022-04-29T22:22:32+00:00\",\"dateModified\":\"2026-04-27T08:55:57+00:00\",\"breadcrumb\":{\"@id\":\"https:\\\/\\\/glassouse.com\\\/ro\\\/termeni-si-conditii\\\/#breadcrumb\"},\"inLanguage\":\"ro-RO\",\"potentialAction\":[{\"@type\":\"ReadAction\",\"target\":[\"https:\\\/\\\/glassouse.com\\\/ro\\\/termeni-si-conditii\\\/\"]}]},{\"@type\":\"BreadcrumbList\",\"@id\":\"https:\\\/\\\/glassouse.com\\\/ro\\\/termeni-si-conditii\\\/#breadcrumb\",\"itemListElement\":[{\"@type\":\"ListItem\",\"position\":1,\"name\":\"Home\",\"item\":\"https:\\\/\\\/glassouse.com\\\/ro\\\/acasa\\\/\"},{\"@type\":\"ListItem\",\"position\":2,\"name\":\"Termeni \u0219i condi\u021bii\"}]},{\"@type\":\"WebSite\",\"@id\":\"https:\\\/\\\/glassouse.com\\\/ro\\\/#website\",\"url\":\"https:\\\/\\\/glassouse.com\\\/ro\\\/\",\"name\":\"Glassouse Assistive Device\",\"description\":\"Assistive Device and Switches for Disabled\",\"publisher\":{\"@id\":\"https:\\\/\\\/glassouse.com\\\/ro\\\/#organization\"},\"potentialAction\":[{\"@type\":\"SearchAction\",\"target\":{\"@type\":\"EntryPoint\",\"urlTemplate\":\"https:\\\/\\\/glassouse.com\\\/ro\\\/?s={search_term_string}\"},\"query-input\":{\"@type\":\"PropertyValueSpecification\",\"valueRequired\":true,\"valueName\":\"search_term_string\"}}],\"inLanguage\":\"ro-RO\"},{\"@type\":\"Organization\",\"@id\":\"https:\\\/\\\/glassouse.com\\\/ro\\\/#organization\",\"name\":\"GlassOuse Assistive Device\",\"url\":\"https:\\\/\\\/glassouse.com\\\/ro\\\/\",\"logo\":{\"@type\":\"ImageObject\",\"inLanguage\":\"ro-RO\",\"@id\":\"https:\\\/\\\/glassouse.com\\\/ro\\\/#\\\/schema\\\/logo\\\/image\\\/\",\"url\":\"https:\\\/\\\/glassouse.com\\\/wp-content\\\/uploads\\\/2017\\\/11\\\/logo.jpg\",\"contentUrl\":\"https:\\\/\\\/glassouse.com\\\/wp-content\\\/uploads\\\/2017\\\/11\\\/logo.jpg\",\"width\":500,\"height\":500,\"caption\":\"GlassOuse Assistive Device\"},\"image\":{\"@id\":\"https:\\\/\\\/glassouse.com\\\/ro\\\/#\\\/schema\\\/logo\\\/image\\\/\"},\"sameAs\":[\"https:\\\/\\\/www.facebook.com\\\/glassouse\\\/\",\"https:\\\/\\\/x.com\\\/glassouse\",\"https:\\\/\\\/www.instagram.com\\\/glassouseassistivedevice\\\/\",\"https:\\\/\\\/www.linkedin.com\\\/company\\\/glassouse\\\/\",\"https:\\\/\\\/www.youtube.com\\\/channel\\\/UCM5pebcmVXbu00QYd91_Gyw\"]}]}<\/script>\n<!-- \/ Yoast SEO plugin. -->","yoast_head_json":{"title":"Termeni \u0219i condi\u021bii - Glassouse Assistive Device","robots":{"index":"index","follow":"follow","max-snippet":"max-snippet:-1","max-image-preview":"max-image-preview:large","max-video-preview":"max-video-preview:-1"},"canonical":"https:\/\/glassouse.com\/ro\/termeni-si-conditii\/","og_locale":"ro_RO","og_type":"article","og_title":"Termeni \u0219i condi\u021bii - Glassouse Assistive Device","og_description":"[vc_row][vc_column width=&#8221;1\/1&#8243;][vc_column_text uncode_shortcode_id=&#8221;202773&#8243;] Termeni \u0219i condi\u021bii Bine a\u021bi venit la Glassouse Assistive Device! Ace\u0219ti termeni \u0219i condi\u021bii descriu regulile \u0219i [&hellip;]","og_url":"https:\/\/glassouse.com\/ro\/termeni-si-conditii\/","og_site_name":"Glassouse Assistive Device","article_publisher":"https:\/\/www.facebook.com\/glassouse\/","article_modified_time":"2026-04-27T08:55:57+00:00","twitter_card":"summary_large_image","twitter_site":"@glassouse","twitter_misc":{"Timp estimat pentru citire":"10 minute"},"schema":{"@context":"https:\/\/schema.org","@graph":[{"@type":"WebPage","@id":"https:\/\/glassouse.com\/ro\/termeni-si-conditii\/","url":"https:\/\/glassouse.com\/ro\/termeni-si-conditii\/","name":"Termeni \u0219i condi\u021bii - Glassouse Assistive Device","isPartOf":{"@id":"https:\/\/glassouse.com\/ro\/#website"},"datePublished":"2022-04-29T22:22:32+00:00","dateModified":"2026-04-27T08:55:57+00:00","breadcrumb":{"@id":"https:\/\/glassouse.com\/ro\/termeni-si-conditii\/#breadcrumb"},"inLanguage":"ro-RO","potentialAction":[{"@type":"ReadAction","target":["https:\/\/glassouse.com\/ro\/termeni-si-conditii\/"]}]},{"@type":"BreadcrumbList","@id":"https:\/\/glassouse.com\/ro\/termeni-si-conditii\/#breadcrumb","itemListElement":[{"@type":"ListItem","position":1,"name":"Home","item":"https:\/\/glassouse.com\/ro\/acasa\/"},{"@type":"ListItem","position":2,"name":"Termeni \u0219i condi\u021bii"}]},{"@type":"WebSite","@id":"https:\/\/glassouse.com\/ro\/#website","url":"https:\/\/glassouse.com\/ro\/","name":"Glassouse Assistive Device","description":"Assistive Device and Switches for Disabled","publisher":{"@id":"https:\/\/glassouse.com\/ro\/#organization"},"potentialAction":[{"@type":"SearchAction","target":{"@type":"EntryPoint","urlTemplate":"https:\/\/glassouse.com\/ro\/?s={search_term_string}"},"query-input":{"@type":"PropertyValueSpecification","valueRequired":true,"valueName":"search_term_string"}}],"inLanguage":"ro-RO"},{"@type":"Organization","@id":"https:\/\/glassouse.com\/ro\/#organization","name":"GlassOuse Assistive Device","url":"https:\/\/glassouse.com\/ro\/","logo":{"@type":"ImageObject","inLanguage":"ro-RO","@id":"https:\/\/glassouse.com\/ro\/#\/schema\/logo\/image\/","url":"https:\/\/glassouse.com\/wp-content\/uploads\/2017\/11\/logo.jpg","contentUrl":"https:\/\/glassouse.com\/wp-content\/uploads\/2017\/11\/logo.jpg","width":500,"height":500,"caption":"GlassOuse Assistive Device"},"image":{"@id":"https:\/\/glassouse.com\/ro\/#\/schema\/logo\/image\/"},"sameAs":["https:\/\/www.facebook.com\/glassouse\/","https:\/\/x.com\/glassouse","https:\/\/www.instagram.com\/glassouseassistivedevice\/","https:\/\/www.linkedin.com\/company\/glassouse\/","https:\/\/www.youtube.com\/channel\/UCM5pebcmVXbu00QYd91_Gyw"]}]}},"_links":{"self":[{"href":"https:\/\/glassouse.com\/ro\/wp-json\/wp\/v2\/pages\/28064","targetHints":{"allow":["GET"]}}],"collection":[{"href":"https:\/\/glassouse.com\/ro\/wp-json\/wp\/v2\/pages"}],"about":[{"href":"https:\/\/glassouse.com\/ro\/wp-json\/wp\/v2\/types\/page"}],"author":[{"embeddable":true,"href":"https:\/\/glassouse.com\/ro\/wp-json\/wp\/v2\/users\/1"}],"replies":[{"embeddable":true,"href":"https:\/\/glassouse.com\/ro\/wp-json\/wp\/v2\/comments?post=28064"}],"version-history":[{"count":8,"href":"https:\/\/glassouse.com\/ro\/wp-json\/wp\/v2\/pages\/28064\/revisions"}],"predecessor-version":[{"id":28118,"href":"https:\/\/glassouse.com\/ro\/wp-json\/wp\/v2\/pages\/28064\/revisions\/28118"}],"wp:attachment":[{"href":"https:\/\/glassouse.com\/ro\/wp-json\/wp\/v2\/media?parent=28064"}],"curies":[{"name":"wp","href":"https:\/\/api.w.org\/{rel}","templated":true}]}}