{"id":29358,"date":"2022-06-07T11:14:18","date_gmt":"2022-06-07T03:14:18","guid":{"rendered":"https:\/\/glassouse.com\/despre-noi\/"},"modified":"2026-04-27T16:56:17","modified_gmt":"2026-04-27T08:56:17","slug":"despre-noi","status":"publish","type":"page","link":"https:\/\/glassouse.com\/ro\/despre-noi\/","title":{"rendered":"Despre noi"},"content":{"rendered":"<div class=\"wpb-content-wrapper\"><p>[vc_row unlock_row_content=&#8221;yes&#8221; row_height_percent=&#8221;0&#8243; override_padding=&#8221;yes&#8221; h_padding=&#8221;0&#8243; top_padding=&#8221;0&#8243; bottom_padding=&#8221;0&#8243; overlay_alpha=&#8221;50&#8243; gutter_size=&#8221;0&#8243; column_width_percent=&#8221;100&#8243; shift_y=&#8221;0&#8243; z_index=&#8221;0&#8243; uncode_shortcode_id=&#8221;113570&#8243; row_height_pixel=&#8221;500&#8243; css=&#8221;.vc_custom_1657234076761{padding-right: 0px !important;padding-left: 0px !important;}&#8221;][vc_column column_width_percent=&#8221;100&#8243; position_vertical=&#8221;middle&#8221; align_horizontal=&#8221;align_center&#8221; gutter_size=&#8221;3&#8243; overlay_alpha=&#8221;50&#8243; shift_x=&#8221;0&#8243; shift_y=&#8221;0&#8243; shift_y_down=&#8221;0&#8243; z_index=&#8221;0&#8243; medium_width=&#8221;0&#8243; mobile_width=&#8221;0&#8243; width=&#8221;1\/1&#8243; uncode_shortcode_id=&#8221;109151&#8243;][vc_single_image media=&#8221;29361&#8243; media_width_use_pixel=&#8221;yes&#8221; alignment=&#8221;center&#8221; uncode_shortcode_id=&#8221;736981&#8243; el_class=&#8221;w-auto about_us_banenr&#8221;][\/vc_column][\/vc_row][vc_row row_height_percent=&#8221;0&#8243; override_padding=&#8221;yes&#8221; h_padding=&#8221;0&#8243; top_padding=&#8221;3&#8243; bottom_padding=&#8221;3&#8243; overlay_alpha=&#8221;50&#8243; gutter_size=&#8221;3&#8243; column_width_percent=&#8221;100&#8243; shift_y=&#8221;0&#8243; z_index=&#8221;0&#8243; uncode_shortcode_id=&#8221;183118&#8243;][vc_column][vc_custom_heading heading_semantic=&#8221;h1&#8243; text_weight=&#8221;700&#8243; uncode_shortcode_id=&#8221;122096&#8243;]<span style=\"color: #43b8db;\">Despre <\/span>dispozitivul asistiv GlassOuse[\/vc_custom_heading][vc_separator sep_color=&#8221;color-vyce&#8221; icon_position=&#8221;left&#8221; el_height=&#8221;5px&#8221; uncode_shortcode_id=&#8221;727187&#8243; sep_color_type=&#8221;uncode-palette&#8221; el_width=&#8221;50px&#8221; el_class=&#8221;c-divider&#8221;][vc_column_text text_lead=&#8221;yes&#8221; uncode_shortcode_id=&#8221;157375&#8243;]Fondat\u0103 \u00een 2016, GlassOuse Assistive Device a proiectat \u0219i dezvoltat tehnologii pentru a ajuta persoanele cu dizabilit\u0103\u021bi fizice \u0219i mobilitate limitat\u0103 s\u0103 acceseze tehnologia de baz\u0103 la fel ca to\u021bi ceilal\u021bi.<\/p>\n<p>&#8222;Cum func\u021bioneaz\u0103 smartphone-urile, tabletele \u0219i computerele unei persoane cu handicap f\u0103r\u0103 membre sau probleme de mobilitate?&#8221; &#8211; aceasta a fost una dintre \u00eentreb\u0103rile cu care s-a confruntat fondatorul \u0219i CEO-ul nostru &#8211; Mehmet Turker la \u00eenceputul anului 2016, c\u00e2nd s-a confruntat cu aceast\u0103 dilem\u0103. Prietenul apropiat al lui Nemo, Caner Cem Marti, un aventurier \u00een v\u00e2rst\u0103 de 20 de ani, a suferit o accidentare grav\u0103 \u00een timpul unei scufund\u0103ri la mare ad\u00e2ncime, care a dus la paralizia \u00eentregului corp sub cap. Acest accident avea s\u0103-i schimbe via\u021ba lui Carner pentru totdeauna. Prin urmare, Nemo a dorit s\u0103 creeze un dispozitiv pentru prietenul s\u0103u, care s\u0103-i permit\u0103 s\u0103 \u00ee\u0219i foloseasc\u0103 telefonul \u0219i computerul, la fel ca to\u021bi ceilal\u021bi.   <\/p>\n<p>El a continuat s\u0103 proiecteze GlassOuse V1.1 &#8211; un mouse f\u0103r\u0103 fir pentru cap, care \u00eei permitea lui Caner s\u0103 utilizeze telefoanele mobile \u0219i computerele prin simpla mi\u0219care a capului \u0219i printr-un clic. Acest dispozitiv a fost lansat ulterior pe Indiegogo, unde a fost l\u0103udat \u0219i apreciat la nivel mondial. <\/p>\n<p>De atunci, echipa noastr\u0103 de exper\u021bi, cu feedback util din partea comunit\u0103\u021bii noastre globale de utilizatori, a dezvoltat diverse dispozitive asistive, cum ar fi <strong>GlassOuse V1.4, GlassOuse PRO, G-Switch-uri, juc\u0103rii adaptive<\/strong> \u0219i multe altele, pentru a permite tuturor s\u0103 acceseze tehnologia mai independent.<\/p>\n<p><strong style=\"color: #43b8db;\">#incluziune<\/strong> <strong style=\"color: #43b8db;\">#technology4all<\/strong><\/p>\n<p>GlassOuse Assistive Device (Marca) este de\u021binut\u0103 \u0219i operat\u0103 \u00een \u00eentregime de<strong> Ennopro Group Limited<\/strong> (Organiza\u021bia mam\u0103)[\/vc_column_text][\/vc_column][\/vc_row]<\/p>\n<\/div>","protected":false},"excerpt":{"rendered":"<p>[vc_row unlock_row_content=&#8221;yes&#8221; row_height_percent=&#8221;0&#8243; override_padding=&#8221;yes&#8221; h_padding=&#8221;0&#8243; top_padding=&#8221;0&#8243; bottom_padding=&#8221;0&#8243; overlay_alpha=&#8221;50&#8243; gutter_size=&#8221;0&#8243; column_width_percent=&#8221;100&#8243; shift_y=&#8221;0&#8243; z_index=&#8221;0&#8243; uncode_shortcode_id=&#8221;113570&#8243; row_height_pixel=&#8221;500&#8243; css=&#8221;.vc_custom_1657234076761{padding-right: 0px !important;padding-left: 0px !important;}&#8221;][vc_column column_width_percent=&#8221;100&#8243; [&hellip;]<\/p>\n","protected":false},"author":1,"featured_media":0,"parent":0,"menu_order":6,"comment_status":"closed","ping_status":"closed","template":"","meta":{"_acf_changed":false,"footnotes":""},"class_list":["post-29358","page","type-page","status-publish","hentry"],"acf":[],"yoast_head":"<!-- This site is optimized with the Yoast SEO plugin v27.4 - https:\/\/yoast.com\/product\/yoast-seo-wordpress\/ -->\n<title>Despre noi - GlassOuse Assistive Device<\/title>\n<meta name=\"description\" content=\"Fondat\u0103 \u00een 2016, GlassOuse Assistive Device a proiectat \u0219i dezvoltat tehnologii pentru a ajuta persoanele cu dizabilit\u0103\u021bi fizice \u0219i mobilitate limitat\u0103 s\u0103 aib\u0103 acces la tehnologia de baz\u0103 ca oricine altcineva.\" \/>\n<meta name=\"robots\" content=\"index, follow, max-snippet:-1, max-image-preview:large, max-video-preview:-1\" \/>\n<link rel=\"canonical\" href=\"https:\/\/glassouse.com\/ro\/despre-noi\/\" \/>\n<meta property=\"og:locale\" content=\"ro_RO\" \/>\n<meta property=\"og:type\" content=\"article\" \/>\n<meta property=\"og:title\" content=\"Despre noi - GlassOuse Assistive Device\" \/>\n<meta property=\"og:description\" content=\"Fondat\u0103 \u00een 2016, GlassOuse Assistive Device a proiectat \u0219i dezvoltat tehnologii pentru a ajuta persoanele cu dizabilit\u0103\u021bi fizice \u0219i mobilitate limitat\u0103 s\u0103 aib\u0103 acces la tehnologia de baz\u0103 ca oricine altcineva.\" \/>\n<meta property=\"og:url\" content=\"https:\/\/glassouse.com\/ro\/despre-noi\/\" \/>\n<meta property=\"og:site_name\" content=\"Glassouse Assistive Device\" \/>\n<meta property=\"article:publisher\" content=\"https:\/\/www.facebook.com\/glassouse\/\" \/>\n<meta property=\"article:modified_time\" content=\"2026-04-27T08:56:17+00:00\" \/>\n<meta name=\"twitter:card\" content=\"summary_large_image\" \/>\n<meta name=\"twitter:site\" content=\"@glassouse\" \/>\n<meta name=\"twitter:label1\" content=\"Timp estimat pentru citire\" \/>\n\t<meta name=\"twitter:data1\" content=\"2 minute\" \/>\n<script type=\"application\/ld+json\" class=\"yoast-schema-graph\">{\"@context\":\"https:\\\/\\\/schema.org\",\"@graph\":[{\"@type\":\"WebPage\",\"@id\":\"https:\\\/\\\/glassouse.com\\\/ro\\\/despre-noi\\\/\",\"url\":\"https:\\\/\\\/glassouse.com\\\/ro\\\/despre-noi\\\/\",\"name\":\"Despre noi - GlassOuse Assistive Device\",\"isPartOf\":{\"@id\":\"https:\\\/\\\/glassouse.com\\\/ro\\\/#website\"},\"datePublished\":\"2022-06-07T03:14:18+00:00\",\"dateModified\":\"2026-04-27T08:56:17+00:00\",\"description\":\"Fondat\u0103 \u00een 2016, GlassOuse Assistive Device a proiectat \u0219i dezvoltat tehnologii pentru a ajuta persoanele cu dizabilit\u0103\u021bi fizice \u0219i mobilitate limitat\u0103 s\u0103 aib\u0103 acces la tehnologia de baz\u0103 ca oricine altcineva.\",\"breadcrumb\":{\"@id\":\"https:\\\/\\\/glassouse.com\\\/ro\\\/despre-noi\\\/#breadcrumb\"},\"inLanguage\":\"ro-RO\",\"potentialAction\":[{\"@type\":\"ReadAction\",\"target\":[\"https:\\\/\\\/glassouse.com\\\/ro\\\/despre-noi\\\/\"]}]},{\"@type\":\"BreadcrumbList\",\"@id\":\"https:\\\/\\\/glassouse.com\\\/ro\\\/despre-noi\\\/#breadcrumb\",\"itemListElement\":[{\"@type\":\"ListItem\",\"position\":1,\"name\":\"Home\",\"item\":\"https:\\\/\\\/glassouse.com\\\/ro\\\/acasa\\\/\"},{\"@type\":\"ListItem\",\"position\":2,\"name\":\"Despre noi\"}]},{\"@type\":\"WebSite\",\"@id\":\"https:\\\/\\\/glassouse.com\\\/ro\\\/#website\",\"url\":\"https:\\\/\\\/glassouse.com\\\/ro\\\/\",\"name\":\"Glassouse Assistive Device\",\"description\":\"Assistive Device and Switches for Disabled\",\"publisher\":{\"@id\":\"https:\\\/\\\/glassouse.com\\\/ro\\\/#organization\"},\"potentialAction\":[{\"@type\":\"SearchAction\",\"target\":{\"@type\":\"EntryPoint\",\"urlTemplate\":\"https:\\\/\\\/glassouse.com\\\/ro\\\/?s={search_term_string}\"},\"query-input\":{\"@type\":\"PropertyValueSpecification\",\"valueRequired\":true,\"valueName\":\"search_term_string\"}}],\"inLanguage\":\"ro-RO\"},{\"@type\":\"Organization\",\"@id\":\"https:\\\/\\\/glassouse.com\\\/ro\\\/#organization\",\"name\":\"GlassOuse Assistive Device\",\"url\":\"https:\\\/\\\/glassouse.com\\\/ro\\\/\",\"logo\":{\"@type\":\"ImageObject\",\"inLanguage\":\"ro-RO\",\"@id\":\"https:\\\/\\\/glassouse.com\\\/ro\\\/#\\\/schema\\\/logo\\\/image\\\/\",\"url\":\"https:\\\/\\\/glassouse.com\\\/wp-content\\\/uploads\\\/2017\\\/11\\\/logo.jpg\",\"contentUrl\":\"https:\\\/\\\/glassouse.com\\\/wp-content\\\/uploads\\\/2017\\\/11\\\/logo.jpg\",\"width\":500,\"height\":500,\"caption\":\"GlassOuse Assistive Device\"},\"image\":{\"@id\":\"https:\\\/\\\/glassouse.com\\\/ro\\\/#\\\/schema\\\/logo\\\/image\\\/\"},\"sameAs\":[\"https:\\\/\\\/www.facebook.com\\\/glassouse\\\/\",\"https:\\\/\\\/x.com\\\/glassouse\",\"https:\\\/\\\/www.instagram.com\\\/glassouseassistivedevice\\\/\",\"https:\\\/\\\/www.linkedin.com\\\/company\\\/glassouse\\\/\",\"https:\\\/\\\/www.youtube.com\\\/channel\\\/UCM5pebcmVXbu00QYd91_Gyw\"]}]}<\/script>\n<!-- \/ Yoast SEO plugin. -->","yoast_head_json":{"title":"Despre noi - GlassOuse Assistive Device","description":"Fondat\u0103 \u00een 2016, GlassOuse Assistive Device a proiectat \u0219i dezvoltat tehnologii pentru a ajuta persoanele cu dizabilit\u0103\u021bi fizice \u0219i mobilitate limitat\u0103 s\u0103 aib\u0103 acces la tehnologia de baz\u0103 ca oricine altcineva.","robots":{"index":"index","follow":"follow","max-snippet":"max-snippet:-1","max-image-preview":"max-image-preview:large","max-video-preview":"max-video-preview:-1"},"canonical":"https:\/\/glassouse.com\/ro\/despre-noi\/","og_locale":"ro_RO","og_type":"article","og_title":"Despre noi - GlassOuse Assistive Device","og_description":"Fondat\u0103 \u00een 2016, GlassOuse Assistive Device a proiectat \u0219i dezvoltat tehnologii pentru a ajuta persoanele cu dizabilit\u0103\u021bi fizice \u0219i mobilitate limitat\u0103 s\u0103 aib\u0103 acces la tehnologia de baz\u0103 ca oricine altcineva.","og_url":"https:\/\/glassouse.com\/ro\/despre-noi\/","og_site_name":"Glassouse Assistive Device","article_publisher":"https:\/\/www.facebook.com\/glassouse\/","article_modified_time":"2026-04-27T08:56:17+00:00","twitter_card":"summary_large_image","twitter_site":"@glassouse","twitter_misc":{"Timp estimat pentru citire":"2 minute"},"schema":{"@context":"https:\/\/schema.org","@graph":[{"@type":"WebPage","@id":"https:\/\/glassouse.com\/ro\/despre-noi\/","url":"https:\/\/glassouse.com\/ro\/despre-noi\/","name":"Despre noi - GlassOuse Assistive Device","isPartOf":{"@id":"https:\/\/glassouse.com\/ro\/#website"},"datePublished":"2022-06-07T03:14:18+00:00","dateModified":"2026-04-27T08:56:17+00:00","description":"Fondat\u0103 \u00een 2016, GlassOuse Assistive Device a proiectat \u0219i dezvoltat tehnologii pentru a ajuta persoanele cu dizabilit\u0103\u021bi fizice \u0219i mobilitate limitat\u0103 s\u0103 aib\u0103 acces la tehnologia de baz\u0103 ca oricine altcineva.","breadcrumb":{"@id":"https:\/\/glassouse.com\/ro\/despre-noi\/#breadcrumb"},"inLanguage":"ro-RO","potentialAction":[{"@type":"ReadAction","target":["https:\/\/glassouse.com\/ro\/despre-noi\/"]}]},{"@type":"BreadcrumbList","@id":"https:\/\/glassouse.com\/ro\/despre-noi\/#breadcrumb","itemListElement":[{"@type":"ListItem","position":1,"name":"Home","item":"https:\/\/glassouse.com\/ro\/acasa\/"},{"@type":"ListItem","position":2,"name":"Despre noi"}]},{"@type":"WebSite","@id":"https:\/\/glassouse.com\/ro\/#website","url":"https:\/\/glassouse.com\/ro\/","name":"Glassouse Assistive Device","description":"Assistive Device and Switches for Disabled","publisher":{"@id":"https:\/\/glassouse.com\/ro\/#organization"},"potentialAction":[{"@type":"SearchAction","target":{"@type":"EntryPoint","urlTemplate":"https:\/\/glassouse.com\/ro\/?s={search_term_string}"},"query-input":{"@type":"PropertyValueSpecification","valueRequired":true,"valueName":"search_term_string"}}],"inLanguage":"ro-RO"},{"@type":"Organization","@id":"https:\/\/glassouse.com\/ro\/#organization","name":"GlassOuse Assistive Device","url":"https:\/\/glassouse.com\/ro\/","logo":{"@type":"ImageObject","inLanguage":"ro-RO","@id":"https:\/\/glassouse.com\/ro\/#\/schema\/logo\/image\/","url":"https:\/\/glassouse.com\/wp-content\/uploads\/2017\/11\/logo.jpg","contentUrl":"https:\/\/glassouse.com\/wp-content\/uploads\/2017\/11\/logo.jpg","width":500,"height":500,"caption":"GlassOuse Assistive Device"},"image":{"@id":"https:\/\/glassouse.com\/ro\/#\/schema\/logo\/image\/"},"sameAs":["https:\/\/www.facebook.com\/glassouse\/","https:\/\/x.com\/glassouse","https:\/\/www.instagram.com\/glassouseassistivedevice\/","https:\/\/www.linkedin.com\/company\/glassouse\/","https:\/\/www.youtube.com\/channel\/UCM5pebcmVXbu00QYd91_Gyw"]}]}},"_links":{"self":[{"href":"https:\/\/glassouse.com\/ro\/wp-json\/wp\/v2\/pages\/29358","targetHints":{"allow":["GET"]}}],"collection":[{"href":"https:\/\/glassouse.com\/ro\/wp-json\/wp\/v2\/pages"}],"about":[{"href":"https:\/\/glassouse.com\/ro\/wp-json\/wp\/v2\/types\/page"}],"author":[{"embeddable":true,"href":"https:\/\/glassouse.com\/ro\/wp-json\/wp\/v2\/users\/1"}],"replies":[{"embeddable":true,"href":"https:\/\/glassouse.com\/ro\/wp-json\/wp\/v2\/comments?post=29358"}],"version-history":[{"count":9,"href":"https:\/\/glassouse.com\/ro\/wp-json\/wp\/v2\/pages\/29358\/revisions"}],"predecessor-version":[{"id":29439,"href":"https:\/\/glassouse.com\/ro\/wp-json\/wp\/v2\/pages\/29358\/revisions\/29439"}],"wp:attachment":[{"href":"https:\/\/glassouse.com\/ro\/wp-json\/wp\/v2\/media?parent=29358"}],"curies":[{"name":"wp","href":"https:\/\/api.w.org\/{rel}","templated":true}]}}