{"id":5385,"date":"2026-04-30T01:46:52","date_gmt":"2026-04-29T17:46:52","guid":{"rendered":"https:\/\/glassouse.com\/?page_id=5385"},"modified":"2026-04-30T01:46:52","modified_gmt":"2026-04-29T17:46:52","slug":"about-us","status":"publish","type":"page","link":"https:\/\/glassouse.com\/ro\/about-us\/","title":{"rendered":"Despre Noi"},"content":{"rendered":"<div class=\"wpb-content-wrapper\"><div data-parent=\"true\" class=\"vc_row vc_custom_1657234076761 row-container\" style=\"padding-right: 0px ;padding-left: 0px ;\" id=\"row-unique-0\"><div class=\"row col-no-gutter no-top-padding no-bottom-padding no-h-padding full-width row-parent\" data-minheight=\"500\"><div class=\"wpb_row row-inner\"><div class=\"wpb_column pos-middle pos-center align_center column_parent col-lg-12 single-internal-gutter\"><div class=\"uncol style-light\"  ><div class=\"uncoltable\"><div class=\"uncell no-block-padding\" ><div class=\"uncont\" ><div class=\"uncode-single-media w-auto about_us_banenr text-center\"><div class=\"single-wrapper\" style=\"max-width: 100%;\"><div class=\"tmb tmb-light  tmb-media-first tmb-media-last tmb-content-overlay tmb-no-bg\"><div class=\"t-inside\"><div class=\"t-entry-visual\"><div class=\"t-entry-visual-tc\"><div class=\"uncode-single-media-wrapper\"><img decoding=\"async\" class=\"wp-image-5561\" src=\"https:\/\/glassouse.com\/wp-content\/uploads\/2022\/07\/about-us-page-banner-1.png\" width=\"1316\" height=\"599\" alt=\"about-us-page-banne\" srcset=\"https:\/\/glassouse.com\/wp-content\/uploads\/2022\/07\/about-us-page-banner-1.png 1316w, https:\/\/glassouse.com\/wp-content\/uploads\/2022\/07\/about-us-page-banner-1-300x137.png 300w, https:\/\/glassouse.com\/wp-content\/uploads\/2022\/07\/about-us-page-banner-1-1024x466.png 1024w, https:\/\/glassouse.com\/wp-content\/uploads\/2022\/07\/about-us-page-banner-1-768x350.png 768w\" sizes=\"(max-width: 1316px) 100vw, 1316px\" \/><\/div>\n\t\t\t\t\t<\/div>\n\t\t\t\t<\/div><\/div><\/div><\/div><\/div><\/div><\/div><\/div><\/div><\/div><script id=\"script-row-unique-0\" data-row=\"script-row-unique-0\" type=\"text\/javascript\" class=\"vc_controls\">UNCODE.initRow(document.getElementById(\"row-unique-0\"));<\/script><\/div><\/div><\/div><div data-parent=\"true\" class=\"vc_row row-container\" id=\"row-unique-1\"><div class=\"row double-top-padding double-bottom-padding no-h-padding limit-width row-parent\"><div class=\"wpb_row row-inner\"><div class=\"wpb_column pos-top pos-center align_left column_parent col-lg-12 single-internal-gutter\"><div class=\"uncol style-light\"  ><div class=\"uncoltable\"><div class=\"uncell no-block-padding\" ><div class=\"uncont\" ><div class=\"vc_custom_heading_wrap\"><div class=\"heading-text el-text\" ><h1 class=\"h2 font-weight-700\" ><span><span style=\"color: #43b8db;\">Despre <\/span>GlassOuse Dispozitiv de asisten\u021b\u0103<\/span><\/h1><\/div><div class=\"clear\"><\/div><\/div><div class=\"divider-wrapper c-divider\"  >\n    <hr class=\"unseparator border-color-vyce-color separator-no-padding\"  style=\"width: 50px;border-top-width: 5px;\" \/>\n<\/div>\n<div class=\"uncode_text_column text-lead\" ><p>\u00cenfiin\u021bat\u0103 \u00een 2016, GlassOuse Assistive Device proiecteaz\u0103 \u0219i dezvolt\u0103 tehnologii pentru a ajuta persoanele cu dizabilit\u0103\u021bi fizice \u0219i mobilitate limitat\u0103 s\u0103 acceseze tehnologia de baz\u0103 ca toat\u0103 lumea.<\/p>\n<p>\u201cCum opereaz\u0103 o persoan\u0103 cu dizabilit\u0103\u021bi, f\u0103r\u0103 membre sau probleme de mobilitate, smartphone-urile, tabletele \u0219i computerele sale?\u201d \u2013 aceasta a fost una dintre \u00eentreb\u0103rile cu care Fondatorul \u0219i CEO-ul nostru, Mehmet Turker, s-a confruntat la \u00eenceputul anului 2016, \u00een fa\u021ba acestei dileme. Prietenul apropiat al lui Nemo, Caner Cem Marti, un aventurier de 20 de ani, a suferit o ran\u0103 grav\u0103 \u00een timp ce f\u0103cea scufund\u0103ri, rezult\u00e2nd \u00een paralizie complet\u0103 a corpului sub cap. Acest accident avea s\u0103 schimbe via\u021ba lui Carner pentru totdeauna. A\u0219a c\u0103, Nemo a vrut s\u0103 creeze un dispozitiv pentru prietenul s\u0103u, pentru a-i permite s\u0103-\u0219i foloseasc\u0103 telefonul \u0219i computerul, la fel ca to\u021bi ceilal\u021bi.<\/p>\n<p>El a continuat cu designul GlassOuse V1.1 \u2013 un mouse de cap wireless care i-ar permite lui Caner s\u0103 foloseasc\u0103 telefoane mobile \u0219i computere pur \u0219i simplu prin mi\u0219c\u0103ri ale capului \u0219i clic cu din\u021bii. Acest dispozitiv a fost ulterior lansat pe Indiegogo, unde a fost l\u0103udat \u0219i apreciat la nivel mondial.<\/p>\n<p>De atunci, echipa noastr\u0103 de exper\u021bi, cu feedback util de la comunitatea noastr\u0103 global\u0103 de utilizatori, a dezvoltat diverse dispozitive de asisten\u021b\u0103 precum <strong>GlassOuse V1.4, GlassOuse PRO, G-Switches, Juc\u0103rii Adaptive<\/strong> \u0219i mai mult pentru a permite fiec\u0103ruia s\u0103 acceseze tehnologia mai independent.<\/p>\n<p><strong style=\"color: #43b8db;\">#includere<\/strong> <strong style=\"color: #43b8db;\">#tehnologiepentruto\u021bi<\/strong><\/p>\n<p>GlassOuse Asisten\u021b\u0103 Tehnic\u0103 (Marc\u0103) este de\u021binut\u0103 \u0219i operat\u0103 \u00een totalitate de<strong> Ennopro Group Limited<\/strong> (Organiza\u021bie p\u0103rinte)<\/p>\n<\/div><\/div><\/div><\/div><\/div><\/div><script id=\"script-row-unique-1\" data-row=\"script-row-unique-1\" type=\"text\/javascript\" class=\"vc_controls\">UNCODE.initRow(document.getElementById(\"row-unique-1\"));<\/script><\/div><\/div><\/div>\n<\/div>","protected":false},"excerpt":{"rendered":"About GlassOuse Assistive Device Founded in 2016, GlassOuse Assistive Device has been designing and developing technologies to assist people with [...]","protected":false},"author":1,"featured_media":0,"parent":0,"menu_order":6,"comment_status":"closed","ping_status":"closed","template":"","meta":{"_acf_changed":false,"footnotes":""},"class_list":["post-5385","page","type-page","status-publish","hentry"],"acf":[],"yoast_head":"<!-- This site is optimized with the Yoast SEO plugin v27.5 - https:\/\/yoast.com\/product\/yoast-seo-wordpress\/ -->\n<title>About Us - GlassOuse Assistive Device<\/title>\n<meta name=\"description\" content=\"Founded in 2016, GlassOuse Assistive Device has been designing and developing technologies to assist people with physical disabilities and limited mobility to access basic technology like every else.\" \/>\n<meta name=\"robots\" content=\"index, follow, max-snippet:-1, max-image-preview:large, max-video-preview:-1\" \/>\n<link rel=\"canonical\" href=\"https:\/\/glassouse.com\/ro\/about-us\/\" \/>\n<meta property=\"og:locale\" content=\"ro_RO\" \/>\n<meta property=\"og:type\" content=\"article\" \/>\n<meta property=\"og:title\" content=\"About Us - GlassOuse Assistive Device\" \/>\n<meta property=\"og:description\" content=\"Founded in 2016, GlassOuse Assistive Device has been designing and developing technologies to assist people with physical disabilities and limited mobility to access basic technology like every else.\" \/>\n<meta property=\"og:url\" content=\"https:\/\/glassouse.com\/ro\/about-us\/\" \/>\n<meta property=\"og:site_name\" content=\"Glassouse Assistive Device\" \/>\n<meta property=\"article:publisher\" content=\"https:\/\/www.facebook.com\/glassouse\/\" \/>\n<meta name=\"twitter:card\" content=\"summary_large_image\" \/>\n<meta name=\"twitter:site\" content=\"@glassouse\" \/>\n<meta name=\"twitter:label1\" content=\"Timp estimat pentru citire\" \/>\n\t<meta name=\"twitter:data1\" content=\"2 minute\" \/>\n<script type=\"application\/ld+json\" class=\"yoast-schema-graph\">{\"@context\":\"https:\\\/\\\/schema.org\",\"@graph\":[{\"@type\":\"WebPage\",\"@id\":\"https:\\\/\\\/glassouse.com\\\/about-us\\\/\",\"url\":\"https:\\\/\\\/glassouse.com\\\/about-us\\\/\",\"name\":\"About Us - GlassOuse Assistive Device\",\"isPartOf\":{\"@id\":\"https:\\\/\\\/glassouse.com\\\/#website\"},\"datePublished\":\"2026-04-29T17:46:52+00:00\",\"description\":\"Founded in 2016, GlassOuse Assistive Device has been designing and developing technologies to assist people with physical disabilities and limited mobility to access basic technology like every else.\",\"breadcrumb\":{\"@id\":\"https:\\\/\\\/glassouse.com\\\/about-us\\\/#breadcrumb\"},\"inLanguage\":\"ro-RO\",\"potentialAction\":[{\"@type\":\"ReadAction\",\"target\":[\"https:\\\/\\\/glassouse.com\\\/about-us\\\/\"]}]},{\"@type\":\"BreadcrumbList\",\"@id\":\"https:\\\/\\\/glassouse.com\\\/about-us\\\/#breadcrumb\",\"itemListElement\":[{\"@type\":\"ListItem\",\"position\":1,\"name\":\"Home\",\"item\":\"https:\\\/\\\/glassouse.com\\\/\"},{\"@type\":\"ListItem\",\"position\":2,\"name\":\"About Us\"}]},{\"@type\":\"WebSite\",\"@id\":\"https:\\\/\\\/glassouse.com\\\/#website\",\"url\":\"https:\\\/\\\/glassouse.com\\\/\",\"name\":\"Glassouse Assistive Device\",\"description\":\"Assistive Device and Switches for Disabled\",\"publisher\":{\"@id\":\"https:\\\/\\\/glassouse.com\\\/#organization\"},\"potentialAction\":[{\"@type\":\"SearchAction\",\"target\":{\"@type\":\"EntryPoint\",\"urlTemplate\":\"https:\\\/\\\/glassouse.com\\\/?s={search_term_string}\"},\"query-input\":{\"@type\":\"PropertyValueSpecification\",\"valueRequired\":true,\"valueName\":\"search_term_string\"}}],\"inLanguage\":\"ro-RO\"},{\"@type\":\"Organization\",\"@id\":\"https:\\\/\\\/glassouse.com\\\/#organization\",\"name\":\"GlassOuse Assistive Device\",\"url\":\"https:\\\/\\\/glassouse.com\\\/\",\"logo\":{\"@type\":\"ImageObject\",\"inLanguage\":\"ro-RO\",\"@id\":\"https:\\\/\\\/glassouse.com\\\/#\\\/schema\\\/logo\\\/image\\\/\",\"url\":\"https:\\\/\\\/glassouse.com\\\/wp-content\\\/uploads\\\/2017\\\/11\\\/logo.jpg\",\"contentUrl\":\"https:\\\/\\\/glassouse.com\\\/wp-content\\\/uploads\\\/2017\\\/11\\\/logo.jpg\",\"width\":500,\"height\":500,\"caption\":\"GlassOuse Assistive Device\"},\"image\":{\"@id\":\"https:\\\/\\\/glassouse.com\\\/#\\\/schema\\\/logo\\\/image\\\/\"},\"sameAs\":[\"https:\\\/\\\/www.facebook.com\\\/glassouse\\\/\",\"https:\\\/\\\/x.com\\\/glassouse\",\"https:\\\/\\\/www.instagram.com\\\/glassouseassistivedevice\\\/\",\"https:\\\/\\\/www.linkedin.com\\\/company\\\/glassouse\\\/\",\"https:\\\/\\\/www.youtube.com\\\/channel\\\/UCM5pebcmVXbu00QYd91_Gyw\"]}]}<\/script>\n<!-- \/ Yoast SEO plugin. -->","yoast_head_json":{"title":"About Us - GlassOuse Assistive Device","description":"Founded in 2016, GlassOuse Assistive Device has been designing and developing technologies to assist people with physical disabilities and limited mobility to access basic technology like every else.","robots":{"index":"index","follow":"follow","max-snippet":"max-snippet:-1","max-image-preview":"max-image-preview:large","max-video-preview":"max-video-preview:-1"},"canonical":"https:\/\/glassouse.com\/ro\/about-us\/","og_locale":"ro_RO","og_type":"article","og_title":"About Us - GlassOuse Assistive Device","og_description":"Founded in 2016, GlassOuse Assistive Device has been designing and developing technologies to assist people with physical disabilities and limited mobility to access basic technology like every else.","og_url":"https:\/\/glassouse.com\/ro\/about-us\/","og_site_name":"Glassouse Assistive Device","article_publisher":"https:\/\/www.facebook.com\/glassouse\/","twitter_card":"summary_large_image","twitter_site":"@glassouse","twitter_misc":{"Timp estimat pentru citire":"2 minute"},"schema":{"@context":"https:\/\/schema.org","@graph":[{"@type":"WebPage","@id":"https:\/\/glassouse.com\/about-us\/","url":"https:\/\/glassouse.com\/about-us\/","name":"About Us - GlassOuse Assistive Device","isPartOf":{"@id":"https:\/\/glassouse.com\/#website"},"datePublished":"2026-04-29T17:46:52+00:00","description":"Founded in 2016, GlassOuse Assistive Device has been designing and developing technologies to assist people with physical disabilities and limited mobility to access basic technology like every else.","breadcrumb":{"@id":"https:\/\/glassouse.com\/about-us\/#breadcrumb"},"inLanguage":"ro-RO","potentialAction":[{"@type":"ReadAction","target":["https:\/\/glassouse.com\/about-us\/"]}]},{"@type":"BreadcrumbList","@id":"https:\/\/glassouse.com\/about-us\/#breadcrumb","itemListElement":[{"@type":"ListItem","position":1,"name":"Home","item":"https:\/\/glassouse.com\/"},{"@type":"ListItem","position":2,"name":"About Us"}]},{"@type":"WebSite","@id":"https:\/\/glassouse.com\/#website","url":"https:\/\/glassouse.com\/","name":"Glassouse Dispozitiv Ajut\u0103tor","description":"Assistive Device and Switches for Disabled","publisher":{"@id":"https:\/\/glassouse.com\/#organization"},"potentialAction":[{"@type":"SearchAction","target":{"@type":"EntryPoint","urlTemplate":"https:\/\/glassouse.com\/?s={search_term_string}"},"query-input":{"@type":"PropertyValueSpecification","valueRequired":true,"valueName":"search_term_string"}}],"inLanguage":"ro-RO"},{"@type":"Organization","@id":"https:\/\/glassouse.com\/#organization","name":"GlassOuse Dispozitiv de asisten\u021b\u0103","url":"https:\/\/glassouse.com\/","logo":{"@type":"ImageObject","inLanguage":"ro-RO","@id":"https:\/\/glassouse.com\/#\/schema\/logo\/image\/","url":"https:\/\/glassouse.com\/wp-content\/uploads\/2017\/11\/logo.jpg","contentUrl":"https:\/\/glassouse.com\/wp-content\/uploads\/2017\/11\/logo.jpg","width":500,"height":500,"caption":"GlassOuse Assistive Device"},"image":{"@id":"https:\/\/glassouse.com\/#\/schema\/logo\/image\/"},"sameAs":["https:\/\/www.facebook.com\/glassouse\/","https:\/\/x.com\/glassouse","https:\/\/www.instagram.com\/glassouseassistivedevice\/","https:\/\/www.linkedin.com\/company\/glassouse\/","https:\/\/www.youtube.com\/channel\/UCM5pebcmVXbu00QYd91_Gyw"]}]}},"_links":{"self":[{"href":"https:\/\/glassouse.com\/ro\/wp-json\/wp\/v2\/pages\/5385","targetHints":{"allow":["GET"]}}],"collection":[{"href":"https:\/\/glassouse.com\/ro\/wp-json\/wp\/v2\/pages"}],"about":[{"href":"https:\/\/glassouse.com\/ro\/wp-json\/wp\/v2\/types\/page"}],"author":[{"embeddable":true,"href":"https:\/\/glassouse.com\/ro\/wp-json\/wp\/v2\/users\/1"}],"replies":[{"embeddable":true,"href":"https:\/\/glassouse.com\/ro\/wp-json\/wp\/v2\/comments?post=5385"}],"version-history":[{"count":1,"href":"https:\/\/glassouse.com\/ro\/wp-json\/wp\/v2\/pages\/5385\/revisions"}],"predecessor-version":[{"id":43006,"href":"https:\/\/glassouse.com\/ro\/wp-json\/wp\/v2\/pages\/5385\/revisions\/43006"}],"wp:attachment":[{"href":"https:\/\/glassouse.com\/ro\/wp-json\/wp\/v2\/media?parent=5385"}],"curies":[{"name":"wp","href":"https:\/\/api.w.org\/{rel}","templated":true}]}}