{"id":26618,"date":"2026-04-10T19:16:35","date_gmt":"2026-04-10T11:16:35","guid":{"rendered":"https:\/\/glassouse.com\/product\/gm01-g-mount-multi-mount\/"},"modified":"2026-04-27T16:54:56","modified_gmt":"2026-04-27T08:54:56","slug":"gm01-g-mount-multi-mount","status":"publish","type":"product","link":"https:\/\/glassouse.com\/ro\/product\/gm01-g-mount-multi-mount\/","title":{"rendered":"GM01 G-Mount Multi-Mount"},"content":{"rendered":"<div class=\"wpb-content-wrapper\"><p>[vc_row unlock_row_content=&#8221;yes&#8221; row_height_percent=&#8221;0&#8243; override_padding=&#8221;yes&#8221; h_padding=&#8221;0&#8243; top_padding=&#8221;0&#8243; bottom_padding=&#8221;0&#8243; overlay_alpha=&#8221;50&#8243; equal_height=&#8221;yes&#8221; gutter_size=&#8221;0&#8243; column_width_percent=&#8221;100&#8243; shift_y=&#8221;0&#8243; z_index=&#8221;0&#8243; el_class=&#8221;compact_section&#8221; uncode_shortcode_id=&#8221;152351&#8243; css=&#8221;.vc_custom_1699886063694{padding-top: 15px !important;padding-right: 0px !important;padding-left: 0px !important;}&#8221;][vc_column column_width_percent=&#8221;100&#8243; position_horizontal=&#8221;left&#8221; position_vertical=&#8221;middle&#8221; gutter_size=&#8221;0&#8243; override_padding=&#8221;yes&#8221; column_padding=&#8221;0&#8243; back_image=&#8221;26642&#8243; back_repeat=&#8221;no-repeat&#8221; overlay_alpha=&#8221;50&#8243; shift_x=&#8221;0&#8243; shift_y=&#8221;0&#8243; shift_y_down=&#8221;0&#8243; z_index=&#8221;0&#8243; medium_width=&#8221;0&#8243; mobile_width=&#8221;0&#8243; width=&#8221;1\/1&#8243; uncode_shortcode_id=&#8221;521463&#8243; css=&#8221;.vc_custom_1775821956544{padding-top: 180px !important;padding-right: 0px !important;padding-bottom: 180px !important;padding-left: 50px !important;}&#8221; el_class=&#8221;content_column bg_right_top&#8221;][vc_row_inner row_inner_height_percent=&#8221;0&#8243; force_width_grid=&#8221;yes&#8221; overlay_alpha=&#8221;50&#8243; gutter_size=&#8221;0&#8243; shift_y=&#8221;0&#8243; z_index=&#8221;0&#8243; uncode_shortcode_id=&#8221;101637&#8243; css=&#8221;.vc_custom_1699885489765{padding-right: 0px !important;padding-left: 0px !important;}&#8221; el_class=&#8221;limit-width&#8221;][vc_column_inner column_width_percent=&#8221;100&#8243; position_horizontal=&#8221;left&#8221; position_vertical=&#8221;middle&#8221; gutter_size=&#8221;0&#8243; override_padding=&#8221;yes&#8221; column_padding=&#8221;0&#8243; overlay_alpha=&#8221;50&#8243; shift_x=&#8221;0&#8243; shift_y=&#8221;0&#8243; shift_y_down=&#8221;0&#8243; z_index=&#8221;0&#8243; medium_width=&#8221;0&#8243; mobile_width=&#8221;0&#8243; width=&#8221;1\/2&#8243; uncode_shortcode_id=&#8221;160996&#8243; css=&#8221;.vc_custom_1699830045690{padding-right: 2% !important;padding-left: 0px !important;}&#8221;][vc_custom_heading text_color=&#8221;color-jevc&#8221; text_size=&#8221;h3&#8243; text_weight=&#8221;600&#8243; uncode_shortcode_id=&#8221;171769&#8243; text_color_type=&#8221;uncode-palette&#8221; el_class=&#8221;lh-1&#8243;]<strong style=\"font-weight: bold;\">GlassOuse G-Mount<\/strong><br \/>\nSuport reglabil pentru dispozitivul dvs.[\/vc_custom_heading][vc_separator sep_color=&#8221;&#8221; icon_position=&#8221;left&#8221; el_height=&#8221;5px&#8221; uncode_shortcode_id=&#8221;162390&#8243; sep_color_type=&#8221;uncode-solid&#8221; el_width=&#8221;40px&#8221; sep_color_solid=&#8221;#43b8db&#8221; el_class=&#8221;c-divider&#8221;][\/vc_column_inner][vc_column_inner width=&#8221;1\/2&#8243;][\/vc_column_inner][\/vc_row_inner][\/vc_column][\/vc_row][vc_row row_height_percent=&#8221;0&#8243; override_padding=&#8221;yes&#8221; h_padding=&#8221;0&#8243; top_padding=&#8221;3&#8243; bottom_padding=&#8221;2&#8243; overlay_alpha=&#8221;50&#8243; gutter_size=&#8221;3&#8243; column_width_percent=&#8221;100&#8243; shift_y=&#8221;0&#8243; z_index=&#8221;0&#8243; uncode_shortcode_id=&#8221;120199&#8243; css=&#8221;.vc_custom_1737329138718{padding-top: 10px !important;}&#8221;][vc_column column_width_percent=&#8221;65&#8243; align_horizontal=&#8221;align_center&#8221; gutter_size=&#8221;3&#8243; overlay_alpha=&#8221;50&#8243; shift_x=&#8221;0&#8243; shift_y=&#8221;0&#8243; shift_y_down=&#8221;0&#8243; z_index=&#8221;0&#8243; medium_width=&#8221;0&#8243; mobile_width=&#8221;0&#8243; width=&#8221;1\/1&#8243; uncode_shortcode_id=&#8221;458910&#8243;][vc_custom_heading text_color=&#8221;color-jevc&#8221; text_weight=&#8221;700&#8243; text_height=&#8221;lh-n&#8221; uncode_shortcode_id=&#8221;163009&#8243; text_color_type=&#8221;uncode-palette&#8221;]GM01 G-Mount Multi-Mount<br \/>\nBra\u021b magic reglabil Suport pentru tablet\u0103 \u0219i telefon[\/vc_custom_heading][vc_separator sep_color=&#8221;&#8221; el_height=&#8221;5px&#8221; uncode_shortcode_id=&#8221;132173&#8243; sep_color_type=&#8221;uncode-solid&#8221; el_width=&#8221;82px&#8221; sep_color_solid=&#8221;#43b8db&#8221; el_class=&#8221;c-divider&#8221;][vc_column_text uncode_shortcode_id=&#8221;744049&#8243;]<\/p>\n<p style=\"text-align: center;\">GlassOuse G-Mount Multi-Mount (GM01) este o solu\u021bie de montare versatil\u0103 \u0219i durabil\u0103, proiectat\u0103 pentru pozi\u021bionarea stabil\u0103, f\u0103r\u0103 m\u00e2ini, a dispozitivului. Construit cu o structur\u0103 premium din aliaj de aluminiu, acesta are un bra\u021b magic flexibil, un cap cu bil\u0103 pentru o reglare precis\u0103 \u0219i o clem\u0103 puternic\u0103 pentru o montare sigur\u0103. \u021aine smartphone-urile \u0219i tabletele cu o reglare flexibil\u0103 a unghiului pentru vizualizare \u0219i control confortabil. Ideal pentru utilizarea pe birouri, pe marginea patului, \u00een scaune cu rotile \u0219i pe alte suprafe\u021be stabile, spore\u0219te confortul, accesibilitatea \u0219i independen\u021ba \u00een utilizarea de zi cu zi.   <\/p>\n<p>[\/vc_column_text][\/vc_column][\/vc_row][vc_row unlock_row_content=&#8221;yes&#8221; row_height_percent=&#8221;0&#8243; override_padding=&#8221;yes&#8221; h_padding=&#8221;0&#8243; top_padding=&#8221;0&#8243; bottom_padding=&#8221;0&#8243; overlay_alpha=&#8221;50&#8243; equal_height=&#8221;yes&#8221; gutter_size=&#8221;0&#8243; column_width_percent=&#8221;100&#8243; shift_y=&#8221;0&#8243; z_index=&#8221;0&#8243; el_class=&#8221;two_columns_section&#8221; uncode_shortcode_id=&#8221;188296&#8243; css=&#8221;.vc_custom_1653518473187{padding-right: 0px !important;padding-left: 0px !important;}&#8221;][vc_column column_width_percent=&#8221;100&#8243; position_vertical=&#8221;middle&#8221; gutter_size=&#8221;3&#8243; overlay_alpha=&#8221;50&#8243; shift_x=&#8221;0&#8243; shift_y=&#8221;0&#8243; shift_y_down=&#8221;0&#8243; z_index=&#8221;0&#8243; medium_width=&#8221;0&#8243; mobile_width=&#8221;0&#8243; width=&#8221;1\/2&#8243; uncode_shortcode_id=&#8221;841880&#8243; el_class=&#8221;image_column&#8221;][vc_single_image media=&#8221;26646&#8243; media_width_percent=&#8221;80&#8243; alignment=&#8221;center&#8221; uncode_shortcode_id=&#8221;165389&#8243;][\/vc_column][vc_column column_width_percent=&#8221;100&#8243; position_horizontal=&#8221;right&#8221; position_vertical=&#8221;middle&#8221; align_horizontal=&#8221;align_right&#8221; gutter_size=&#8221;3&#8243; overlay_alpha=&#8221;50&#8243; shift_x=&#8221;0&#8243; shift_y=&#8221;0&#8243; shift_y_down=&#8221;0&#8243; z_index=&#8221;0&#8243; medium_width=&#8221;0&#8243; mobile_width=&#8221;0&#8243; width=&#8221;1\/2&#8243; uncode_shortcode_id=&#8221;109073&#8243; css=&#8221;.vc_custom_1653518516622{padding-right: 180px !important;padding-left: 30% !important;}&#8221; el_class=&#8221;content_column&#8221;][vc_custom_heading text_color=&#8221;color-jevc&#8221; heading_semantic=&#8221;p&#8221; text_size=&#8221;fs-50&#8243; text_weight=&#8221;700&#8243; text_height=&#8221;lh-n&#8221; uncode_shortcode_id=&#8221;134396&#8243; text_color_type=&#8221;uncode-palette&#8221;]Prindere puternic\u0103 pentru stabilitate[\/vc_custom_heading][vc_separator sep_color=&#8221;&#8221; icon_position=&#8221;left&#8221; el_height=&#8221;5px&#8221; uncode_shortcode_id=&#8221;255087&#8243; sep_color_type=&#8221;uncode-solid&#8221; el_width=&#8221;82px&#8221; sep_color_solid=&#8221;#43b8db&#8221; el_class=&#8221;c-divider&#8221;][vc_column_text uncode_shortcode_id=&#8221;737874&#8243;]Bra\u021bul magic flexibil combinat cu o clem\u0103 puternic\u0103 asigur\u0103 o montare stabil\u0103 pe birouri, rame de pat, st\u00e2lpi \u0219i alte suprafe\u021be cu o grosime de p\u00e2n\u0103 la 5 cm (1,97 in).[\/vc_column_text][\/vc_column][\/vc_row][vc_row unlock_row_content=&#8221;yes&#8221; row_height_percent=&#8221;0&#8243; override_padding=&#8221;yes&#8221; h_padding=&#8221;0&#8243; top_padding=&#8221;0&#8243; bottom_padding=&#8221;0&#8243; overlay_alpha=&#8221;50&#8243; equal_height=&#8221;yes&#8221; gutter_size=&#8221;0&#8243; column_width_percent=&#8221;100&#8243; shift_y=&#8221;0&#8243; z_index=&#8221;0&#8243; el_class=&#8221;two_columns_section&#8221; uncode_shortcode_id=&#8221;188296&#8243; css=&#8221;.vc_custom_1653518473187{padding-right: 0px !important;padding-left: 0px !important;}&#8221;][vc_column column_width_percent=&#8221;100&#8243; position_horizontal=&#8221;right&#8221; position_vertical=&#8221;middle&#8221; align_horizontal=&#8221;align_right&#8221; gutter_size=&#8221;3&#8243; overlay_alpha=&#8221;50&#8243; shift_x=&#8221;0&#8243; shift_y=&#8221;0&#8243; shift_y_down=&#8221;0&#8243; z_index=&#8221;0&#8243; medium_width=&#8221;0&#8243; mobile_width=&#8221;0&#8243; width=&#8221;1\/2&#8243; uncode_shortcode_id=&#8221;109073&#8243; css=&#8221;.vc_custom_1653518516622{padding-right: 180px !important;padding-left: 30% !important;}&#8221; el_class=&#8221;content_column&#8221;][vc_custom_heading text_color=&#8221;color-jevc&#8221; heading_semantic=&#8221;p&#8221; text_size=&#8221;fs-50&#8243; text_weight=&#8221;700&#8243; text_height=&#8221;lh-n&#8221; uncode_shortcode_id=&#8221;530191&#8243; text_color_type=&#8221;uncode-palette&#8221;]Compatibilitate larg\u0103[\/vc_custom_heading][vc_separator sep_color=&#8221;&#8221; icon_position=&#8221;left&#8221; el_height=&#8221;5px&#8221; uncode_shortcode_id=&#8221;255087&#8243; sep_color_type=&#8221;uncode-solid&#8221; el_width=&#8221;82px&#8221; sep_color_solid=&#8221;#43b8db&#8221; el_class=&#8221;c-divider&#8221;][vc_column_text uncode_shortcode_id=&#8221;193927&#8243;]Se potrive\u0219te smartphone-urilor \u0219i tabletelor de 10 &#8211; 33 cm (4 -13 in) (cu o capacitate de \u00eenc\u0103rcare de 800 g), suport\u00e2nd at\u00e2t orientarea portret, c\u00e2t \u0219i cea peisaj.[\/vc_column_text][\/vc_column][vc_column column_width_percent=&#8221;100&#8243; position_vertical=&#8221;middle&#8221; gutter_size=&#8221;3&#8243; overlay_alpha=&#8221;50&#8243; shift_x=&#8221;0&#8243; shift_y=&#8221;0&#8243; shift_y_down=&#8221;0&#8243; z_index=&#8221;0&#8243; medium_width=&#8221;0&#8243; mobile_width=&#8221;0&#8243; width=&#8221;1\/2&#8243; uncode_shortcode_id=&#8221;841880&#8243; el_class=&#8221;image_column&#8221;][vc_single_image media=&#8221;26644&#8243; media_width_percent=&#8221;80&#8243; alignment=&#8221;center&#8221; uncode_shortcode_id=&#8221;104129&#8243;][\/vc_column][\/vc_row][vc_row unlock_row_content=&#8221;yes&#8221; row_height_percent=&#8221;0&#8243; override_padding=&#8221;yes&#8221; h_padding=&#8221;0&#8243; top_padding=&#8221;0&#8243; bottom_padding=&#8221;0&#8243; overlay_alpha=&#8221;50&#8243; equal_height=&#8221;yes&#8221; gutter_size=&#8221;0&#8243; column_width_percent=&#8221;100&#8243; shift_y=&#8221;0&#8243; z_index=&#8221;0&#8243; content_parallax=&#8221;0&#8243; el_class=&#8221;two_columns_section&#8221; uncode_shortcode_id=&#8221;133218&#8243; css=&#8221;.vc_custom_1775823433023{padding-right: 0px !important;padding-bottom: 80px !important;padding-left: 0px !important;}&#8221;][vc_column column_width_percent=&#8221;100&#8243; position_vertical=&#8221;middle&#8221; gutter_size=&#8221;3&#8243; overlay_alpha=&#8221;50&#8243; shift_x=&#8221;0&#8243; shift_y=&#8221;0&#8243; shift_y_down=&#8221;0&#8243; z_index=&#8221;0&#8243; medium_width=&#8221;0&#8243; mobile_width=&#8221;0&#8243; width=&#8221;1\/2&#8243; uncode_shortcode_id=&#8221;841880&#8243; el_class=&#8221;image_column&#8221;][vc_single_image media=&#8221;26648&#8243; media_width_percent=&#8221;80&#8243; alignment=&#8221;center&#8221; uncode_shortcode_id=&#8221;130587&#8243;][\/vc_column][vc_column column_width_percent=&#8221;100&#8243; position_horizontal=&#8221;right&#8221; position_vertical=&#8221;middle&#8221; align_horizontal=&#8221;align_right&#8221; gutter_size=&#8221;3&#8243; overlay_alpha=&#8221;50&#8243; shift_x=&#8221;0&#8243; shift_y=&#8221;0&#8243; shift_y_down=&#8221;0&#8243; z_index=&#8221;0&#8243; medium_width=&#8221;0&#8243; mobile_width=&#8221;0&#8243; width=&#8221;1\/2&#8243; uncode_shortcode_id=&#8221;109073&#8243; css=&#8221;.vc_custom_1653518516622{padding-right: 180px !important;padding-left: 30% !important;}&#8221; el_class=&#8221;content_column&#8221;][vc_custom_heading text_color=&#8221;color-jevc&#8221; heading_semantic=&#8221;p&#8221; text_size=&#8221;fs-50&#8243; text_weight=&#8221;700&#8243; text_height=&#8221;lh-n&#8221; uncode_shortcode_id=&#8221;203024&#8243; text_color_type=&#8221;uncode-palette&#8221;]Durabil \u0219i u\u0219or de utilizat[\/vc_custom_heading][vc_separator sep_color=&#8221;&#8221; icon_position=&#8221;left&#8221; el_height=&#8221;5px&#8221; uncode_shortcode_id=&#8221;255087&#8243; sep_color_type=&#8221;uncode-solid&#8221; el_width=&#8221;82px&#8221; sep_color_solid=&#8221;#43b8db&#8221; el_class=&#8221;c-divider&#8221;][vc_column_text uncode_shortcode_id=&#8221;126015&#8243;]Construit din aliaj de aluminiu, ABS \u0219i materiale EVA pentru durabilitate \u0219i stabilitate pe termen lung, cu instalare rapid\u0103 \u0219i f\u0103r\u0103 scule.[\/vc_column_text][\/vc_column][\/vc_row]<\/p>\n<\/div>","protected":false},"excerpt":{"rendered":"<p>[vc_row unlock_row_content=&#8221;yes&#8221; row_height_percent=&#8221;0&#8243; override_padding=&#8221;yes&#8221; h_padding=&#8221;0&#8243; top_padding=&#8221;0&#8243; bottom_padding=&#8221;0&#8243; overlay_alpha=&#8221;50&#8243; equal_height=&#8221;yes&#8221; gutter_size=&#8221;0&#8243; column_width_percent=&#8221;100&#8243; shift_y=&#8221;0&#8243; z_index=&#8221;0&#8243; el_class=&#8221;compact_section&#8221; uncode_shortcode_id=&#8221;152351&#8243; css=&#8221;.vc_custom_1699886063694{padding-top: 15px !important;padding-right: 0px !important;padding-left: [&hellip;]<\/p>\n","protected":false},"featured_media":26620,"template":"","meta":{"_acf_changed":false},"product_brand":[],"product_cat":[268],"product_tag":[],"class_list":{"0":"post-26618","1":"product","2":"type-product","3":"status-publish","4":"has-post-thumbnail","6":"product_cat-seria-gm","8":"first","9":"instock","10":"sale","11":"shipping-taxable","12":"purchasable","13":"product-type-simple"},"acf":[],"yoast_head":"<!-- This site is optimized with the Yoast SEO plugin v27.4 - https:\/\/yoast.com\/product\/yoast-seo-wordpress\/ -->\n<title>GM01 G-Mount Multi-Mount - GlassOuse<\/title>\n<meta name=\"description\" content=\"GlassOuse G-Mount - Suport reglabil pentru dispozitivul dvs.\" \/>\n<meta name=\"robots\" content=\"index, follow, max-snippet:-1, max-image-preview:large, max-video-preview:-1\" \/>\n<link rel=\"canonical\" href=\"https:\/\/glassouse.com\/ro\/product\/gm01-g-mount-multi-mount\/\" \/>\n<meta property=\"og:locale\" content=\"ro_RO\" \/>\n<meta property=\"og:type\" content=\"article\" \/>\n<meta property=\"og:title\" content=\"GM01 G-Mount Multi-Mount - GlassOuse\" \/>\n<meta property=\"og:description\" content=\"GlassOuse G-Mount - Suport reglabil pentru dispozitivul dvs.\" \/>\n<meta property=\"og:url\" content=\"https:\/\/glassouse.com\/ro\/product\/gm01-g-mount-multi-mount\/\" \/>\n<meta property=\"og:site_name\" content=\"Glassouse Assistive Device\" \/>\n<meta property=\"article:publisher\" content=\"https:\/\/www.facebook.com\/glassouse\/\" \/>\n<meta property=\"article:modified_time\" content=\"2026-04-27T08:54:56+00:00\" \/>\n<meta property=\"og:image\" content=\"https:\/\/glassouse.com\/wp-content\/uploads\/2026\/04\/GM01-G-Mount-img-01.webp\" \/>\n\t<meta property=\"og:image:width\" content=\"1024\" \/>\n\t<meta property=\"og:image:height\" content=\"1024\" \/>\n\t<meta property=\"og:image:type\" content=\"image\/webp\" \/>\n<meta name=\"twitter:card\" content=\"summary_large_image\" \/>\n<meta name=\"twitter:site\" content=\"@glassouse\" \/>\n<meta name=\"twitter:label1\" content=\"Timp estimat pentru citire\" \/>\n\t<meta name=\"twitter:data1\" content=\"6 minute\" \/>\n<script type=\"application\/ld+json\" class=\"yoast-schema-graph\">{\"@context\":\"https:\\\/\\\/schema.org\",\"@graph\":[{\"@type\":\"WebPage\",\"@id\":\"https:\\\/\\\/glassouse.com\\\/ro\\\/product\\\/gm01-g-mount-multi-mount\\\/\",\"url\":\"https:\\\/\\\/glassouse.com\\\/ro\\\/product\\\/gm01-g-mount-multi-mount\\\/\",\"name\":\"GM01 G-Mount Multi-Mount - GlassOuse\",\"isPartOf\":{\"@id\":\"https:\\\/\\\/glassouse.com\\\/ro\\\/#website\"},\"primaryImageOfPage\":{\"@id\":\"https:\\\/\\\/glassouse.com\\\/ro\\\/product\\\/gm01-g-mount-multi-mount\\\/#primaryimage\"},\"image\":{\"@id\":\"https:\\\/\\\/glassouse.com\\\/ro\\\/product\\\/gm01-g-mount-multi-mount\\\/#primaryimage\"},\"thumbnailUrl\":\"https:\\\/\\\/glassouse.com\\\/wp-content\\\/uploads\\\/2026\\\/04\\\/GM01-G-Mount-img-01.webp\",\"datePublished\":\"2026-04-10T11:16:35+00:00\",\"dateModified\":\"2026-04-27T08:54:56+00:00\",\"description\":\"GlassOuse G-Mount - Suport reglabil pentru dispozitivul dvs.\",\"breadcrumb\":{\"@id\":\"https:\\\/\\\/glassouse.com\\\/ro\\\/product\\\/gm01-g-mount-multi-mount\\\/#breadcrumb\"},\"inLanguage\":\"ro-RO\",\"potentialAction\":[{\"@type\":\"ReadAction\",\"target\":[\"https:\\\/\\\/glassouse.com\\\/ro\\\/product\\\/gm01-g-mount-multi-mount\\\/\"]}]},{\"@type\":\"ImageObject\",\"inLanguage\":\"ro-RO\",\"@id\":\"https:\\\/\\\/glassouse.com\\\/ro\\\/product\\\/gm01-g-mount-multi-mount\\\/#primaryimage\",\"url\":\"https:\\\/\\\/glassouse.com\\\/wp-content\\\/uploads\\\/2026\\\/04\\\/GM01-G-Mount-img-01.webp\",\"contentUrl\":\"https:\\\/\\\/glassouse.com\\\/wp-content\\\/uploads\\\/2026\\\/04\\\/GM01-G-Mount-img-01.webp\",\"width\":1024,\"height\":1024,\"caption\":\"GM01-G-Mount-img\"},{\"@type\":\"BreadcrumbList\",\"@id\":\"https:\\\/\\\/glassouse.com\\\/ro\\\/product\\\/gm01-g-mount-multi-mount\\\/#breadcrumb\",\"itemListElement\":[{\"@type\":\"ListItem\",\"position\":1,\"name\":\"Home\",\"item\":\"https:\\\/\\\/glassouse.com\\\/ro\\\/acasa\\\/\"},{\"@type\":\"ListItem\",\"position\":2,\"name\":\"Magazin\",\"item\":\"https:\\\/\\\/glassouse.com\\\/ro\\\/magazin\\\/\"},{\"@type\":\"ListItem\",\"position\":3,\"name\":\"GM01 G-Mount Multi-Mount\"}]},{\"@type\":\"WebSite\",\"@id\":\"https:\\\/\\\/glassouse.com\\\/ro\\\/#website\",\"url\":\"https:\\\/\\\/glassouse.com\\\/ro\\\/\",\"name\":\"Glassouse Assistive Device\",\"description\":\"Assistive Device and Switches for Disabled\",\"publisher\":{\"@id\":\"https:\\\/\\\/glassouse.com\\\/ro\\\/#organization\"},\"potentialAction\":[{\"@type\":\"SearchAction\",\"target\":{\"@type\":\"EntryPoint\",\"urlTemplate\":\"https:\\\/\\\/glassouse.com\\\/ro\\\/?s={search_term_string}\"},\"query-input\":{\"@type\":\"PropertyValueSpecification\",\"valueRequired\":true,\"valueName\":\"search_term_string\"}}],\"inLanguage\":\"ro-RO\"},{\"@type\":\"Organization\",\"@id\":\"https:\\\/\\\/glassouse.com\\\/ro\\\/#organization\",\"name\":\"GlassOuse Assistive Device\",\"url\":\"https:\\\/\\\/glassouse.com\\\/ro\\\/\",\"logo\":{\"@type\":\"ImageObject\",\"inLanguage\":\"ro-RO\",\"@id\":\"https:\\\/\\\/glassouse.com\\\/ro\\\/#\\\/schema\\\/logo\\\/image\\\/\",\"url\":\"https:\\\/\\\/glassouse.com\\\/wp-content\\\/uploads\\\/2017\\\/11\\\/logo.jpg\",\"contentUrl\":\"https:\\\/\\\/glassouse.com\\\/wp-content\\\/uploads\\\/2017\\\/11\\\/logo.jpg\",\"width\":500,\"height\":500,\"caption\":\"GlassOuse Assistive Device\"},\"image\":{\"@id\":\"https:\\\/\\\/glassouse.com\\\/ro\\\/#\\\/schema\\\/logo\\\/image\\\/\"},\"sameAs\":[\"https:\\\/\\\/www.facebook.com\\\/glassouse\\\/\",\"https:\\\/\\\/x.com\\\/glassouse\",\"https:\\\/\\\/www.instagram.com\\\/glassouseassistivedevice\\\/\",\"https:\\\/\\\/www.linkedin.com\\\/company\\\/glassouse\\\/\",\"https:\\\/\\\/www.youtube.com\\\/channel\\\/UCM5pebcmVXbu00QYd91_Gyw\"]}]}<\/script>\n<!-- \/ Yoast SEO plugin. -->","yoast_head_json":{"title":"GM01 G-Mount Multi-Mount - GlassOuse","description":"GlassOuse G-Mount - Suport reglabil pentru dispozitivul dvs.","robots":{"index":"index","follow":"follow","max-snippet":"max-snippet:-1","max-image-preview":"max-image-preview:large","max-video-preview":"max-video-preview:-1"},"canonical":"https:\/\/glassouse.com\/ro\/product\/gm01-g-mount-multi-mount\/","og_locale":"ro_RO","og_type":"article","og_title":"GM01 G-Mount Multi-Mount - GlassOuse","og_description":"GlassOuse G-Mount - Suport reglabil pentru dispozitivul dvs.","og_url":"https:\/\/glassouse.com\/ro\/product\/gm01-g-mount-multi-mount\/","og_site_name":"Glassouse Assistive Device","article_publisher":"https:\/\/www.facebook.com\/glassouse\/","article_modified_time":"2026-04-27T08:54:56+00:00","og_image":[{"width":1024,"height":1024,"url":"https:\/\/glassouse.com\/wp-content\/uploads\/2026\/04\/GM01-G-Mount-img-01.webp","type":"image\/webp"}],"twitter_card":"summary_large_image","twitter_site":"@glassouse","twitter_misc":{"Timp estimat pentru citire":"6 minute"},"schema":{"@context":"https:\/\/schema.org","@graph":[{"@type":"WebPage","@id":"https:\/\/glassouse.com\/ro\/product\/gm01-g-mount-multi-mount\/","url":"https:\/\/glassouse.com\/ro\/product\/gm01-g-mount-multi-mount\/","name":"GM01 G-Mount Multi-Mount - GlassOuse","isPartOf":{"@id":"https:\/\/glassouse.com\/ro\/#website"},"primaryImageOfPage":{"@id":"https:\/\/glassouse.com\/ro\/product\/gm01-g-mount-multi-mount\/#primaryimage"},"image":{"@id":"https:\/\/glassouse.com\/ro\/product\/gm01-g-mount-multi-mount\/#primaryimage"},"thumbnailUrl":"https:\/\/glassouse.com\/wp-content\/uploads\/2026\/04\/GM01-G-Mount-img-01.webp","datePublished":"2026-04-10T11:16:35+00:00","dateModified":"2026-04-27T08:54:56+00:00","description":"GlassOuse G-Mount - Suport reglabil pentru dispozitivul dvs.","breadcrumb":{"@id":"https:\/\/glassouse.com\/ro\/product\/gm01-g-mount-multi-mount\/#breadcrumb"},"inLanguage":"ro-RO","potentialAction":[{"@type":"ReadAction","target":["https:\/\/glassouse.com\/ro\/product\/gm01-g-mount-multi-mount\/"]}]},{"@type":"ImageObject","inLanguage":"ro-RO","@id":"https:\/\/glassouse.com\/ro\/product\/gm01-g-mount-multi-mount\/#primaryimage","url":"https:\/\/glassouse.com\/wp-content\/uploads\/2026\/04\/GM01-G-Mount-img-01.webp","contentUrl":"https:\/\/glassouse.com\/wp-content\/uploads\/2026\/04\/GM01-G-Mount-img-01.webp","width":1024,"height":1024,"caption":"GM01-G-Mount-img"},{"@type":"BreadcrumbList","@id":"https:\/\/glassouse.com\/ro\/product\/gm01-g-mount-multi-mount\/#breadcrumb","itemListElement":[{"@type":"ListItem","position":1,"name":"Home","item":"https:\/\/glassouse.com\/ro\/acasa\/"},{"@type":"ListItem","position":2,"name":"Magazin","item":"https:\/\/glassouse.com\/ro\/magazin\/"},{"@type":"ListItem","position":3,"name":"GM01 G-Mount Multi-Mount"}]},{"@type":"WebSite","@id":"https:\/\/glassouse.com\/ro\/#website","url":"https:\/\/glassouse.com\/ro\/","name":"Glassouse Assistive Device","description":"Assistive Device and Switches for Disabled","publisher":{"@id":"https:\/\/glassouse.com\/ro\/#organization"},"potentialAction":[{"@type":"SearchAction","target":{"@type":"EntryPoint","urlTemplate":"https:\/\/glassouse.com\/ro\/?s={search_term_string}"},"query-input":{"@type":"PropertyValueSpecification","valueRequired":true,"valueName":"search_term_string"}}],"inLanguage":"ro-RO"},{"@type":"Organization","@id":"https:\/\/glassouse.com\/ro\/#organization","name":"GlassOuse Assistive Device","url":"https:\/\/glassouse.com\/ro\/","logo":{"@type":"ImageObject","inLanguage":"ro-RO","@id":"https:\/\/glassouse.com\/ro\/#\/schema\/logo\/image\/","url":"https:\/\/glassouse.com\/wp-content\/uploads\/2017\/11\/logo.jpg","contentUrl":"https:\/\/glassouse.com\/wp-content\/uploads\/2017\/11\/logo.jpg","width":500,"height":500,"caption":"GlassOuse Assistive Device"},"image":{"@id":"https:\/\/glassouse.com\/ro\/#\/schema\/logo\/image\/"},"sameAs":["https:\/\/www.facebook.com\/glassouse\/","https:\/\/x.com\/glassouse","https:\/\/www.instagram.com\/glassouseassistivedevice\/","https:\/\/www.linkedin.com\/company\/glassouse\/","https:\/\/www.youtube.com\/channel\/UCM5pebcmVXbu00QYd91_Gyw"]}]}},"_links":{"self":[{"href":"https:\/\/glassouse.com\/ro\/wp-json\/wp\/v2\/product\/26618","targetHints":{"allow":["GET"]}}],"collection":[{"href":"https:\/\/glassouse.com\/ro\/wp-json\/wp\/v2\/product"}],"about":[{"href":"https:\/\/glassouse.com\/ro\/wp-json\/wp\/v2\/types\/product"}],"wp:featuredmedia":[{"embeddable":true,"href":"https:\/\/glassouse.com\/ro\/wp-json\/wp\/v2\/media\/26620"}],"wp:attachment":[{"href":"https:\/\/glassouse.com\/ro\/wp-json\/wp\/v2\/media?parent=26618"}],"wp:term":[{"taxonomy":"product_brand","embeddable":true,"href":"https:\/\/glassouse.com\/ro\/wp-json\/wp\/v2\/product_brand?post=26618"},{"taxonomy":"product_cat","embeddable":true,"href":"https:\/\/glassouse.com\/ro\/wp-json\/wp\/v2\/product_cat?post=26618"},{"taxonomy":"product_tag","embeddable":true,"href":"https:\/\/glassouse.com\/ro\/wp-json\/wp\/v2\/product_tag?post=26618"}],"curies":[{"name":"wp","href":"https:\/\/api.w.org\/{rel}","templated":true}]}}