{"id":30550,"date":"2020-09-30T15:34:41","date_gmt":"2020-09-30T07:34:41","guid":{"rendered":"https:\/\/glassouse.com\/product\/glassouse-v1-3\/"},"modified":"2020-09-30T15:34:41","modified_gmt":"2020-09-30T07:34:41","slug":"glassouse-v1-3","status":"publish","type":"product","link":"https:\/\/glassouse.com\/ro\/product\/glassouse-v1-3\/","title":{"rendered":"GlassOuse V1.3"},"content":{"rendered":"<p>Dispozitiv asistiv premiat pentru persoanele cu handicap &#8211; GlassOuse V1.3 se poate conecta la computere, telefoane mobile, tablete \u0219i televizoare inteligente prin Bluetooth 4.0 \u0219i mai jos f\u0103r\u0103 probleme \u0219i este un dispozitiv asistiv compatibil cu Windows, iOS14, iPadOS13, macOS, Linux, Android \u0219i Chrome OS. GlassOuse V1.3 stimuleaz\u0103 bateria sa de dimensiuni mici \u0219i de \u00eenalt\u0103 densitate care permite utilizatorului s\u0103 utilizeze GlassOuse V1.3 pentru mai mult de 150+ ore active \u00eentr-o singur\u0103 \u00eenc\u0103rcare. <\/p>\n<p>Pute\u021bi purta GlassOuse v1.3 cu ochelarii dvs. \u0219i s\u0103 \u00eel plia\u021bi ca pe ochelarii obi\u0219nui\u021bi. Cu func\u021bia sa de giroscop cu 9 axe \u00eembun\u0103t\u0103\u021bit\u0103, GlassOuse detecteaz\u0103 cele mai mici mi\u0219c\u0103ri ale capului pentru a mi\u0219ca cursorul pe ecran. Pur \u0219i simplu conecta\u021bi GlassOuse la dispozitivul dvs., finaliza\u021bi scurtul proces de calibrare pentru o precizie de 100% \u0219i \u00eencepe\u021bi s\u0103 v\u0103 folosi\u021bi gadgeturile cu m\u00e2inile libere.  <\/p>\n<p>GlassOuse se poate conecta cu oricare dintre cele nou\u0103 comutatoare diferite din seria G-Switch \u0219i cu orice alt comutator adaptiv compatibil cu mufa de 3,5 mm pentru clic.<\/p>\n","protected":false},"excerpt":{"rendered":"<hr>\n<p><strong>Noul GlassOuse V1.3 este o versiune \u00eembun\u0103t\u0103\u021bit\u0103 a predecesorului s\u0103u V1.2 \u0219i este acum mai bun ca niciodat\u0103!<\/strong><\/p>\n<p><strong><span style=\"text-decoration: underline;\">Ce este nou<\/span>:<\/strong><\/p>\n<ul>\n<li><strong>Suport Bluetooth 4.0<\/strong> &#8211;<em> Conectivitate mai rapid\u0103 \u0219i mai bun\u0103 cu laten\u021b\u0103 redus\u0103<\/em>.<\/li>\n<li><strong>Durata de via\u021b\u0103 a bateriei \u00eembun\u0103t\u0103\u021bit\u0103<\/strong> &#8211; <em>durat\u0103 de via\u021b\u0103 a bateriei de 10 ori mai mare dec\u00e2t versiunea anterioar\u0103<\/em><\/li>\n<li><strong>Setare \u00eembun\u0103t\u0103\u021bit\u0103 a sensibilit\u0103\u021bii<\/strong> &#8211;<em> Regla\u021bi sensibilitatea dispozitivului dvs. cu mai mult\u0103 precizie<\/em><\/li>\n<li><strong>Construc\u021bie mai solid\u0103 a materialului<\/strong> &#8211; <em>Pentru o durat\u0103 de via\u021b\u0103 mai lung\u0103 a produsului<\/em><\/li>\n<\/ul>\n<p><a href=\"https:\/\/glassouse.com\/wp-content\/uploads\/2020\/11\/GLASSOUSE-V1.3_USER-MANUAL.pdf\"><img decoding=\"async\" class=\"alignnone wp-image-2116\" src=\"https:\/\/glassouse.com\/wp-content\/uploads\/2018\/03\/download_user_manual.png\" alt=\"\" width=\"96\" height=\"96\" srcset=\"https:\/\/glassouse.com\/wp-content\/uploads\/2018\/03\/download_user_manual.png 149w, https:\/\/glassouse.com\/wp-content\/uploads\/2018\/03\/download_user_manual-100x100.png 100w, https:\/\/glassouse.com\/wp-content\/uploads\/2018\/03\/download_user_manual-75x75.png 75w\" sizes=\"(max-width: 96px) 100vw, 96px\" \/><\/a>  <a href=\"https:\/\/glassouse.com\/ro\/garantie-de-bani-inapoi\/\"><img decoding=\"async\" class=\"alignnone wp-image-1817\" src=\"https:\/\/glassouse.com\/wp-content\/uploads\/2017\/11\/15_Day_Money_Back_47882ccb-f31c-4b58-ab77-9b78929009ef_grande.png\" alt=\"\" width=\"95\" height=\"95\" srcset=\"https:\/\/glassouse.com\/wp-content\/uploads\/2017\/11\/15_Day_Money_Back_47882ccb-f31c-4b58-ab77-9b78929009ef_grande.png 150w, https:\/\/glassouse.com\/wp-content\/uploads\/2017\/11\/15_Day_Money_Back_47882ccb-f31c-4b58-ab77-9b78929009ef_grande-100x100.png 100w, https:\/\/glassouse.com\/wp-content\/uploads\/2017\/11\/15_Day_Money_Back_47882ccb-f31c-4b58-ab77-9b78929009ef_grande-75x75.png 75w\" sizes=\"(max-width: 95px) 100vw, 95px\" \/><\/a>  <img decoding=\"async\" class=\"alignnone wp-image-3424\" src=\"https:\/\/glassouse.com\/wp-content\/uploads\/2020\/08\/A4.png\" alt=\"Garan\u021bia GlassOuse\" width=\"95\" height=\"95\" srcset=\"https:\/\/glassouse.com\/wp-content\/uploads\/2020\/08\/A4.png 345w, https:\/\/glassouse.com\/wp-content\/uploads\/2020\/08\/A4-300x299.png 300w, https:\/\/glassouse.com\/wp-content\/uploads\/2020\/08\/A4-100x100.png 100w, https:\/\/glassouse.com\/wp-content\/uploads\/2020\/08\/A4-150x150.png 150w\" sizes=\"(max-width: 95px) 100vw, 95px\" \/><\/p>\n<p>GlassOuse V1.3 este conceput pentru a fi mai flexibil \u0219i mai func\u021bional pentru a r\u0103spunde nevoilor celor cu abilit\u0103\u021bi limitate de mi\u0219care \u00een timpul conect\u0103rii la tehnologie. GlassOuse V1.3 se poate conecta f\u0103r\u0103 probleme la computere, telefoane mobile, tablete \u0219i televizoare inteligente prin Bluetooth 4.0 \u0219i mai jos \u0219i este un dispozitiv asistiv compatibil cu Windows, iOS14, iPadOS13, macOS, Linux, Android \u0219i Chrome OS. GlassOuse poate fi asociat cu noile op\u021biuni din seria G-Switch, \u00een func\u021bie de necesit\u0103\u021bi, sau direct cu software-ul Dwell.  <\/p>\n<p>GlassOuse V1.3 stimuleaz\u0103 bateria sa de dimensiuni mici \u0219i densitate ridicat\u0103, permi\u021b\u00e2nd utilizatorului s\u0103 utilizeze GlassOuse V1.3 pentru mai mult de 150+ ore active \u00eentr-o singur\u0103 \u00eenc\u0103rcare.<\/p>\n<p>Pute\u021bi purta GlassOuse v1.3 cu ochelarii dvs. \u0219i s\u0103 \u00eel plia\u021bi ca pe ochelarii obi\u0219nui\u021bi. Cu func\u021bia sa de giroscop cu 9 axe \u00eembun\u0103t\u0103\u021bit\u0103, GlassOuse detecteaz\u0103 cele mai mici mi\u0219c\u0103ri ale capului pentru a mi\u0219ca cursorul pe ecran. Pur \u0219i simplu conecta\u021bi GlassOuse la dispozitivul dvs., finaliza\u021bi scurtul proces de calibrare pentru o precizie de 100% \u0219i \u00eencepe\u021bi s\u0103 v\u0103 folosi\u021bi gadgeturile cu m\u00e2inile libere.  <\/p>\n<p><strong>\u00cen cutie<\/strong>:<br \/>\n1x GlassOuse V1.3;<br \/>\n1x cablu de \u00eenc\u0103rcare;<br \/>\n2x suport pentru urechi<br \/>\n1x manual de utilizare<\/p>\n","protected":false},"featured_media":30556,"template":"","meta":{"_acf_changed":false},"product_brand":[],"product_cat":[282],"product_tag":[],"class_list":{"0":"post-30550","1":"product","2":"type-product","3":"status-publish","4":"has-post-thumbnail","6":"product_cat-pachet-glassouse","8":"first","9":"outofstock","10":"downloadable","11":"shipping-taxable","12":"purchasable","13":"product-type-simple"},"acf":[],"yoast_head":"<!-- This site is optimized with the Yoast SEO plugin v27.4 - https:\/\/yoast.com\/product\/yoast-seo-wordpress\/ -->\n<title>GlassOuse V1.3 - Dispozitiv asistiv pentru persoane cu handicap. Dispozitiv de control m\u00e2ini libere<\/title>\n<meta name=\"description\" content=\"Dispozitiv de asisten\u021b\u0103 GlassOuse premiat - Un headmouse f\u0103r\u0103 fir pentru persoanele cu handicap pentru a controla tehnologia cu m\u00e2inile libere. Transport interna\u021bional.\" \/>\n<meta name=\"robots\" content=\"index, follow, max-snippet:-1, max-image-preview:large, max-video-preview:-1\" \/>\n<link rel=\"canonical\" href=\"https:\/\/glassouse.com\/ro\/product\/glassouse-v1-3\/\" \/>\n<meta property=\"og:locale\" content=\"ro_RO\" \/>\n<meta property=\"og:type\" content=\"article\" \/>\n<meta property=\"og:title\" content=\"GlassOuse V1.3 - Dispozitiv asistiv pentru persoane cu handicap. Dispozitiv de control m\u00e2ini libere\" \/>\n<meta property=\"og:description\" content=\"Dispozitiv de asisten\u021b\u0103 GlassOuse premiat - Un headmouse f\u0103r\u0103 fir pentru persoanele cu handicap pentru a controla tehnologia cu m\u00e2inile libere. Transport interna\u021bional.\" \/>\n<meta property=\"og:url\" content=\"https:\/\/glassouse.com\/ro\/product\/glassouse-v1-3\/\" \/>\n<meta property=\"og:site_name\" content=\"Glassouse Assistive Device\" \/>\n<meta property=\"article:publisher\" content=\"https:\/\/www.facebook.com\/glassouse\/\" \/>\n<meta property=\"og:image\" content=\"https:\/\/glassouse.com\/wp-content\/uploads\/2020\/09\/002.jpg\" \/>\n\t<meta property=\"og:image:width\" content=\"1000\" \/>\n\t<meta property=\"og:image:height\" content=\"1000\" \/>\n\t<meta property=\"og:image:type\" content=\"image\/jpeg\" \/>\n<meta name=\"twitter:card\" content=\"summary_large_image\" \/>\n<meta name=\"twitter:site\" content=\"@glassouse\" \/>\n<meta name=\"twitter:label1\" content=\"Timp estimat pentru citire\" \/>\n\t<meta name=\"twitter:data1\" content=\"1 minut\" \/>\n<script type=\"application\/ld+json\" class=\"yoast-schema-graph\">{\"@context\":\"https:\\\/\\\/schema.org\",\"@graph\":[{\"@type\":\"WebPage\",\"@id\":\"https:\\\/\\\/glassouse.com\\\/ro\\\/product\\\/glassouse-v1-3\\\/\",\"url\":\"https:\\\/\\\/glassouse.com\\\/ro\\\/product\\\/glassouse-v1-3\\\/\",\"name\":\"GlassOuse V1.3 - Dispozitiv asistiv pentru persoane cu handicap. Dispozitiv de control m\u00e2ini libere\",\"isPartOf\":{\"@id\":\"https:\\\/\\\/glassouse.com\\\/ro\\\/#website\"},\"primaryImageOfPage\":{\"@id\":\"https:\\\/\\\/glassouse.com\\\/ro\\\/product\\\/glassouse-v1-3\\\/#primaryimage\"},\"image\":{\"@id\":\"https:\\\/\\\/glassouse.com\\\/ro\\\/product\\\/glassouse-v1-3\\\/#primaryimage\"},\"thumbnailUrl\":\"https:\\\/\\\/glassouse.com\\\/wp-content\\\/uploads\\\/2020\\\/09\\\/002.jpg\",\"datePublished\":\"2020-09-30T07:34:41+00:00\",\"description\":\"Dispozitiv de asisten\u021b\u0103 GlassOuse premiat - Un headmouse f\u0103r\u0103 fir pentru persoanele cu handicap pentru a controla tehnologia cu m\u00e2inile libere. Transport interna\u021bional.\",\"breadcrumb\":{\"@id\":\"https:\\\/\\\/glassouse.com\\\/ro\\\/product\\\/glassouse-v1-3\\\/#breadcrumb\"},\"inLanguage\":\"ro-RO\",\"potentialAction\":[{\"@type\":\"ReadAction\",\"target\":[\"https:\\\/\\\/glassouse.com\\\/ro\\\/product\\\/glassouse-v1-3\\\/\"]}]},{\"@type\":\"ImageObject\",\"inLanguage\":\"ro-RO\",\"@id\":\"https:\\\/\\\/glassouse.com\\\/ro\\\/product\\\/glassouse-v1-3\\\/#primaryimage\",\"url\":\"https:\\\/\\\/glassouse.com\\\/wp-content\\\/uploads\\\/2020\\\/09\\\/002.jpg\",\"contentUrl\":\"https:\\\/\\\/glassouse.com\\\/wp-content\\\/uploads\\\/2020\\\/09\\\/002.jpg\",\"width\":1000,\"height\":1000,\"caption\":\"GlassOuse Dispozitiv de asisten\u021b\u0103 pentru persoane cu handicap\"},{\"@type\":\"BreadcrumbList\",\"@id\":\"https:\\\/\\\/glassouse.com\\\/ro\\\/product\\\/glassouse-v1-3\\\/#breadcrumb\",\"itemListElement\":[{\"@type\":\"ListItem\",\"position\":1,\"name\":\"Home\",\"item\":\"https:\\\/\\\/glassouse.com\\\/ro\\\/acasa\\\/\"},{\"@type\":\"ListItem\",\"position\":2,\"name\":\"Magazin\",\"item\":\"https:\\\/\\\/glassouse.com\\\/ro\\\/magazin\\\/\"},{\"@type\":\"ListItem\",\"position\":3,\"name\":\"Private: GlassOuse V1.3\"}]},{\"@type\":\"WebSite\",\"@id\":\"https:\\\/\\\/glassouse.com\\\/ro\\\/#website\",\"url\":\"https:\\\/\\\/glassouse.com\\\/ro\\\/\",\"name\":\"Glassouse Assistive Device\",\"description\":\"Assistive Device and Switches for Disabled\",\"publisher\":{\"@id\":\"https:\\\/\\\/glassouse.com\\\/ro\\\/#organization\"},\"potentialAction\":[{\"@type\":\"SearchAction\",\"target\":{\"@type\":\"EntryPoint\",\"urlTemplate\":\"https:\\\/\\\/glassouse.com\\\/ro\\\/?s={search_term_string}\"},\"query-input\":{\"@type\":\"PropertyValueSpecification\",\"valueRequired\":true,\"valueName\":\"search_term_string\"}}],\"inLanguage\":\"ro-RO\"},{\"@type\":\"Organization\",\"@id\":\"https:\\\/\\\/glassouse.com\\\/ro\\\/#organization\",\"name\":\"GlassOuse Assistive Device\",\"url\":\"https:\\\/\\\/glassouse.com\\\/ro\\\/\",\"logo\":{\"@type\":\"ImageObject\",\"inLanguage\":\"ro-RO\",\"@id\":\"https:\\\/\\\/glassouse.com\\\/ro\\\/#\\\/schema\\\/logo\\\/image\\\/\",\"url\":\"https:\\\/\\\/glassouse.com\\\/wp-content\\\/uploads\\\/2017\\\/11\\\/logo.jpg\",\"contentUrl\":\"https:\\\/\\\/glassouse.com\\\/wp-content\\\/uploads\\\/2017\\\/11\\\/logo.jpg\",\"width\":500,\"height\":500,\"caption\":\"GlassOuse Assistive Device\"},\"image\":{\"@id\":\"https:\\\/\\\/glassouse.com\\\/ro\\\/#\\\/schema\\\/logo\\\/image\\\/\"},\"sameAs\":[\"https:\\\/\\\/www.facebook.com\\\/glassouse\\\/\",\"https:\\\/\\\/x.com\\\/glassouse\",\"https:\\\/\\\/www.instagram.com\\\/glassouseassistivedevice\\\/\",\"https:\\\/\\\/www.linkedin.com\\\/company\\\/glassouse\\\/\",\"https:\\\/\\\/www.youtube.com\\\/channel\\\/UCM5pebcmVXbu00QYd91_Gyw\"]}]}<\/script>\n<!-- \/ Yoast SEO plugin. -->","yoast_head_json":{"title":"GlassOuse V1.3 - Dispozitiv asistiv pentru persoane cu handicap. Dispozitiv de control m\u00e2ini libere","description":"Dispozitiv de asisten\u021b\u0103 GlassOuse premiat - Un headmouse f\u0103r\u0103 fir pentru persoanele cu handicap pentru a controla tehnologia cu m\u00e2inile libere. Transport interna\u021bional.","robots":{"index":"index","follow":"follow","max-snippet":"max-snippet:-1","max-image-preview":"max-image-preview:large","max-video-preview":"max-video-preview:-1"},"canonical":"https:\/\/glassouse.com\/ro\/product\/glassouse-v1-3\/","og_locale":"ro_RO","og_type":"article","og_title":"GlassOuse V1.3 - Dispozitiv asistiv pentru persoane cu handicap. Dispozitiv de control m\u00e2ini libere","og_description":"Dispozitiv de asisten\u021b\u0103 GlassOuse premiat - Un headmouse f\u0103r\u0103 fir pentru persoanele cu handicap pentru a controla tehnologia cu m\u00e2inile libere. Transport interna\u021bional.","og_url":"https:\/\/glassouse.com\/ro\/product\/glassouse-v1-3\/","og_site_name":"Glassouse Assistive Device","article_publisher":"https:\/\/www.facebook.com\/glassouse\/","og_image":[{"width":1000,"height":1000,"url":"https:\/\/glassouse.com\/wp-content\/uploads\/2020\/09\/002.jpg","type":"image\/jpeg"}],"twitter_card":"summary_large_image","twitter_site":"@glassouse","twitter_misc":{"Timp estimat pentru citire":"1 minut"},"schema":{"@context":"https:\/\/schema.org","@graph":[{"@type":"WebPage","@id":"https:\/\/glassouse.com\/ro\/product\/glassouse-v1-3\/","url":"https:\/\/glassouse.com\/ro\/product\/glassouse-v1-3\/","name":"GlassOuse V1.3 - Dispozitiv asistiv pentru persoane cu handicap. Dispozitiv de control m\u00e2ini libere","isPartOf":{"@id":"https:\/\/glassouse.com\/ro\/#website"},"primaryImageOfPage":{"@id":"https:\/\/glassouse.com\/ro\/product\/glassouse-v1-3\/#primaryimage"},"image":{"@id":"https:\/\/glassouse.com\/ro\/product\/glassouse-v1-3\/#primaryimage"},"thumbnailUrl":"https:\/\/glassouse.com\/wp-content\/uploads\/2020\/09\/002.jpg","datePublished":"2020-09-30T07:34:41+00:00","description":"Dispozitiv de asisten\u021b\u0103 GlassOuse premiat - Un headmouse f\u0103r\u0103 fir pentru persoanele cu handicap pentru a controla tehnologia cu m\u00e2inile libere. Transport interna\u021bional.","breadcrumb":{"@id":"https:\/\/glassouse.com\/ro\/product\/glassouse-v1-3\/#breadcrumb"},"inLanguage":"ro-RO","potentialAction":[{"@type":"ReadAction","target":["https:\/\/glassouse.com\/ro\/product\/glassouse-v1-3\/"]}]},{"@type":"ImageObject","inLanguage":"ro-RO","@id":"https:\/\/glassouse.com\/ro\/product\/glassouse-v1-3\/#primaryimage","url":"https:\/\/glassouse.com\/wp-content\/uploads\/2020\/09\/002.jpg","contentUrl":"https:\/\/glassouse.com\/wp-content\/uploads\/2020\/09\/002.jpg","width":1000,"height":1000,"caption":"GlassOuse Dispozitiv de asisten\u021b\u0103 pentru persoane cu handicap"},{"@type":"BreadcrumbList","@id":"https:\/\/glassouse.com\/ro\/product\/glassouse-v1-3\/#breadcrumb","itemListElement":[{"@type":"ListItem","position":1,"name":"Home","item":"https:\/\/glassouse.com\/ro\/acasa\/"},{"@type":"ListItem","position":2,"name":"Magazin","item":"https:\/\/glassouse.com\/ro\/magazin\/"},{"@type":"ListItem","position":3,"name":"Private: GlassOuse V1.3"}]},{"@type":"WebSite","@id":"https:\/\/glassouse.com\/ro\/#website","url":"https:\/\/glassouse.com\/ro\/","name":"Glassouse Assistive Device","description":"Assistive Device and Switches for Disabled","publisher":{"@id":"https:\/\/glassouse.com\/ro\/#organization"},"potentialAction":[{"@type":"SearchAction","target":{"@type":"EntryPoint","urlTemplate":"https:\/\/glassouse.com\/ro\/?s={search_term_string}"},"query-input":{"@type":"PropertyValueSpecification","valueRequired":true,"valueName":"search_term_string"}}],"inLanguage":"ro-RO"},{"@type":"Organization","@id":"https:\/\/glassouse.com\/ro\/#organization","name":"GlassOuse Assistive Device","url":"https:\/\/glassouse.com\/ro\/","logo":{"@type":"ImageObject","inLanguage":"ro-RO","@id":"https:\/\/glassouse.com\/ro\/#\/schema\/logo\/image\/","url":"https:\/\/glassouse.com\/wp-content\/uploads\/2017\/11\/logo.jpg","contentUrl":"https:\/\/glassouse.com\/wp-content\/uploads\/2017\/11\/logo.jpg","width":500,"height":500,"caption":"GlassOuse Assistive Device"},"image":{"@id":"https:\/\/glassouse.com\/ro\/#\/schema\/logo\/image\/"},"sameAs":["https:\/\/www.facebook.com\/glassouse\/","https:\/\/x.com\/glassouse","https:\/\/www.instagram.com\/glassouseassistivedevice\/","https:\/\/www.linkedin.com\/company\/glassouse\/","https:\/\/www.youtube.com\/channel\/UCM5pebcmVXbu00QYd91_Gyw"]}]}},"_links":{"self":[{"href":"https:\/\/glassouse.com\/ro\/wp-json\/wp\/v2\/product\/30550","targetHints":{"allow":["GET"]}}],"collection":[{"href":"https:\/\/glassouse.com\/ro\/wp-json\/wp\/v2\/product"}],"about":[{"href":"https:\/\/glassouse.com\/ro\/wp-json\/wp\/v2\/types\/product"}],"wp:featuredmedia":[{"embeddable":true,"href":"https:\/\/glassouse.com\/ro\/wp-json\/wp\/v2\/media\/30556"}],"wp:attachment":[{"href":"https:\/\/glassouse.com\/ro\/wp-json\/wp\/v2\/media?parent=30550"}],"wp:term":[{"taxonomy":"product_brand","embeddable":true,"href":"https:\/\/glassouse.com\/ro\/wp-json\/wp\/v2\/product_brand?post=30550"},{"taxonomy":"product_cat","embeddable":true,"href":"https:\/\/glassouse.com\/ro\/wp-json\/wp\/v2\/product_cat?post=30550"},{"taxonomy":"product_tag","embeddable":true,"href":"https:\/\/glassouse.com\/ro\/wp-json\/wp\/v2\/product_tag?post=30550"}],"curies":[{"name":"wp","href":"https:\/\/api.w.org\/{rel}","templated":true}]}}