{"id":30631,"date":"2021-07-09T10:29:49","date_gmt":"2021-07-09T02:29:49","guid":{"rendered":"https:\/\/glassouse.com\/product\/glassouse-v1-4\/"},"modified":"2026-04-27T17:11:44","modified_gmt":"2026-04-27T09:11:44","slug":"glassouse-v1-4","status":"publish","type":"product","link":"https:\/\/glassouse.com\/ro\/product\/glassouse-v1-4\/","title":{"rendered":"GlassOuse V1.4"},"content":{"rendered":"<div class=\"wpb-content-wrapper\"><p>[vc_row][vc_column width=&#8221;1\/1&#8243;][vc_column_text uncode_shortcode_id=&#8221;620509&#8243;]GlassOuse Assistive Device este un mouse f\u0103r\u0103 fir pentru cap care permite persoanelor cu dizabilit\u0103\u021bi sau cu mi\u0219c\u0103ri corporale limitate s\u0103 se conecteze \u0219i s\u0103 controleze dispozitive prin simpla mi\u0219care a capului. GlassOuse se poate conecta la telefoane mobile, computere, tablete sau televizoare inteligente, suport\u00e2nd toate sistemele majore de operare prin BT4.0 <\/p>\n<p>Noul GlassOuse V1.4 con\u021bine toate func\u021biile de la versiunea anterioar\u0103 V1.3 \u0219i are un nou design al m\u00e2nerului, construit din materiale noi mai rezistente pentru a \u00eembun\u0103t\u0103\u021bi rezisten\u021ba \u0219i stabilitatea dispozitivului, fiind \u00een acela\u0219i timp confortabil \u00een timpul utiliz\u0103rii prelungite.[\/vc_column_text][\/vc_column][\/vc_row][vc_row row_height_percent=&#8221;0&#8243; overlay_alpha=&#8221;50&#8243; equal_height=&#8221;yes&#8221; gutter_size=&#8221;3&#8243; column_width_percent=&#8221;100&#8243; shift_y=&#8221;0&#8243; z_index=&#8221;0&#8243; el_class=&#8221;reverse_col_mob&#8221;][vc_column column_width_percent=&#8221;100&#8243; position_vertical=&#8221;middle&#8221; gutter_size=&#8221;3&#8243; overlay_alpha=&#8221;50&#8243; shift_x=&#8221;0&#8243; shift_y=&#8221;0&#8243; shift_y_down=&#8221;0&#8243; z_index=&#8221;0&#8243; medium_width=&#8221;0&#8243; mobile_width=&#8221;0&#8243; width=&#8221;1\/2&#8243;][vc_custom_heading]Face\u021bi clicuri folosind Adaptive Switch[\/vc_custom_heading][vc_column_text]Conecta\u021bi orice comutator adaptiv cu muf\u0103 de 3,5 mm pentru a face clic pe ecran. Alternativ, pute\u021bi utiliza software-ul Dwell \u0219i pentru a face clic. <\/p>\n<p><a href=\"\/?product_cat=g-switch-series\">Seria G-Switch<\/a> ofer\u0103 9 comutatoare adaptive diferite care pot fi conectate la GlassOuse V1.4 \u0219i utilizate pentru a face un clic.[\/vc_column_text][\/vc_column][vc_column column_width_percent=&#8221;100&#8243; position_vertical=&#8221;middle&#8221; gutter_size=&#8221;3&#8243; overlay_alpha=&#8221;50&#8243; shift_x=&#8221;0&#8243; shift_y=&#8221;0&#8243; shift_y_down=&#8221;0&#8243; z_index=&#8221;0&#8243; medium_width=&#8221;0&#8243; mobile_width=&#8221;0&#8243; width=&#8221;1\/2&#8243;][vc_single_image media=&#8221;30666&#8243; media_width_percent=&#8221;100&#8243;][\/vc_column][\/vc_row][vc_row row_height_percent=&#8221;0&#8243; overlay_alpha=&#8221;50&#8243; equal_height=&#8221;yes&#8221; gutter_size=&#8221;3&#8243; column_width_percent=&#8221;100&#8243; shift_y=&#8221;0&#8243; z_index=&#8221;0&#8243;][vc_column column_width_percent=&#8221;100&#8243; position_vertical=&#8221;middle&#8221; gutter_size=&#8221;3&#8243; overlay_alpha=&#8221;50&#8243; shift_x=&#8221;0&#8243; shift_y=&#8221;0&#8243; shift_y_down=&#8221;0&#8243; z_index=&#8221;0&#8243; medium_width=&#8221;0&#8243; mobile_width=&#8221;0&#8243; width=&#8221;1\/2&#8243;][vc_single_image media=&#8221;30674&#8243; media_width_percent=&#8221;100&#8243; uncode_shortcode_id=&#8221;134521&#8243;][\/vc_column][vc_column column_width_percent=&#8221;100&#8243; position_vertical=&#8221;middle&#8221; gutter_size=&#8221;3&#8243; overlay_alpha=&#8221;50&#8243; shift_x=&#8221;0&#8243; shift_y=&#8221;0&#8243; shift_y_down=&#8221;0&#8243; z_index=&#8221;0&#8243; medium_width=&#8221;0&#8243; mobile_width=&#8221;0&#8243; width=&#8221;1\/2&#8243;][vc_custom_heading uncode_shortcode_id=&#8221;151430&#8243;]Conexiune rapid\u0103 prin BT4.0[\/vc_custom_heading][vc_column_text uncode_shortcode_id=&#8221;187216&#8243;]GlassOuse V1.4 accept\u0103 BT4.0 \u0219i mai jos pentru a se conecta cu precizie la dispozitive cu sensibilitate ridicat\u0103 \u0219i laten\u021b\u0103 redus\u0103.[\/vc_column_text][\/vc_column][\/vc_row][vc_row row_height_percent=&#8221;0&#8243; overlay_alpha=&#8221;50&#8243; equal_height=&#8221;yes&#8221; gutter_size=&#8221;3&#8243; column_width_percent=&#8221;100&#8243; shift_y=&#8221;0&#8243; z_index=&#8221;0&#8243;][vc_column column_width_percent=&#8221;100&#8243; position_vertical=&#8221;middle&#8221; gutter_size=&#8221;3&#8243; overlay_alpha=&#8221;50&#8243; shift_x=&#8221;0&#8243; shift_y=&#8221;0&#8243; shift_y_down=&#8221;0&#8243; z_index=&#8221;0&#8243; medium_width=&#8221;0&#8243; mobile_width=&#8221;0&#8243; width=&#8221;1\/2&#8243;][vc_custom_heading]Giroscop cu 9 axe[\/vc_custom_heading][vc_column_text]GlassOuse V1.4 detecteaz\u0103 cu precizie mi\u0219carea capului utilizatorului \u00een timp ce acesta se deplaseaz\u0103 pentru a muta cursorul pe ecran \u00een mod corespunz\u0103tor folosind giroscopul s\u0103u multiliniar.[\/vc_column_text][\/vc_column][vc_column column_width_percent=&#8221;100&#8243; position_vertical=&#8221;middle&#8221; gutter_size=&#8221;3&#8243; overlay_alpha=&#8221;50&#8243; shift_x=&#8221;0&#8243; shift_y=&#8221;0&#8243; shift_y_down=&#8221;0&#8243; z_index=&#8221;0&#8243; medium_width=&#8221;0&#8243; mobile_width=&#8221;0&#8243; width=&#8221;1\/2&#8243;][vc_single_image media=&#8221;30668&#8243; media_width_percent=&#8221;100&#8243;][\/vc_column][\/vc_row][vc_row row_height_percent=&#8221;0&#8243; overlay_alpha=&#8221;50&#8243; equal_height=&#8221;yes&#8221; gutter_size=&#8221;3&#8243; column_width_percent=&#8221;100&#8243; shift_y=&#8221;0&#8243; z_index=&#8221;0&#8243;][vc_column column_width_percent=&#8221;100&#8243; position_vertical=&#8221;middle&#8221; gutter_size=&#8221;3&#8243; overlay_alpha=&#8221;50&#8243; shift_x=&#8221;0&#8243; shift_y=&#8221;0&#8243; shift_y_down=&#8221;0&#8243; z_index=&#8221;0&#8243; medium_width=&#8221;0&#8243; mobile_width=&#8221;0&#8243; width=&#8221;1\/2&#8243;][vc_single_image media=&#8221;30661&#8243; media_width_percent=&#8221;100&#8243;][\/vc_column][vc_column column_width_percent=&#8221;100&#8243; position_vertical=&#8221;middle&#8221; gutter_size=&#8221;3&#8243; overlay_alpha=&#8221;50&#8243; shift_x=&#8221;0&#8243; shift_y=&#8221;0&#8243; shift_y_down=&#8221;0&#8243; z_index=&#8221;0&#8243; medium_width=&#8221;0&#8243; mobile_width=&#8221;0&#8243; width=&#8221;1\/2&#8243;][vc_custom_heading]Calibrare \u0219i sensibilitate[\/vc_custom_heading][vc_column_text]Pute\u021bi calibra cu u\u0219urin\u021b\u0103 GlassOuse cu un dispozitiv conectat pentru un control precis \u0219i pute\u021bi regla sensibilitatea necesar\u0103 a cursorului prin intermediul sensibilit\u0103\u021bii sale \u00een trei moduri.[\/vc_column_text][\/vc_column][\/vc_row][vc_row row_height_percent=&#8221;0&#8243; overlay_alpha=&#8221;50&#8243; equal_height=&#8221;yes&#8221; gutter_size=&#8221;3&#8243; column_width_percent=&#8221;100&#8243; shift_y=&#8221;0&#8243; z_index=&#8221;0&#8243;][vc_column column_width_percent=&#8221;100&#8243; position_vertical=&#8221;middle&#8221; gutter_size=&#8221;3&#8243; overlay_alpha=&#8221;50&#8243; shift_x=&#8221;0&#8243; shift_y=&#8221;0&#8243; shift_y_down=&#8221;0&#8243; z_index=&#8221;0&#8243; medium_width=&#8221;0&#8243; mobile_width=&#8221;0&#8243; width=&#8221;1\/2&#8243;][vc_custom_heading]Durat\u0103 lung\u0103 de via\u021b\u0103 a bateriei de 10x[\/vc_custom_heading][vc_column_text]Cu chipset-ul GlassOuse optimizat pentru consum redus de energie, GlassOuse V1.4 poate func\u021biona p\u00e2n\u0103 la peste 150 de ore cu o singur\u0103 \u00eenc\u0103rcare.[\/vc_column_text][\/vc_column][vc_column column_width_percent=&#8221;100&#8243; position_vertical=&#8221;middle&#8221; gutter_size=&#8221;3&#8243; overlay_alpha=&#8221;50&#8243; shift_x=&#8221;0&#8243; shift_y=&#8221;0&#8243; shift_y_down=&#8221;0&#8243; z_index=&#8221;0&#8243; medium_width=&#8221;0&#8243; mobile_width=&#8221;0&#8243; width=&#8221;1\/2&#8243;][vc_single_image media=&#8221;30665&#8243; media_width_percent=&#8221;100&#8243;][\/vc_column][\/vc_row][vc_row row_height_percent=&#8221;0&#8243; overlay_alpha=&#8221;50&#8243; equal_height=&#8221;yes&#8221; gutter_size=&#8221;3&#8243; column_width_percent=&#8221;100&#8243; shift_y=&#8221;0&#8243; z_index=&#8221;0&#8243;][vc_column column_width_percent=&#8221;100&#8243; position_vertical=&#8221;middle&#8221; gutter_size=&#8221;3&#8243; overlay_alpha=&#8221;50&#8243; shift_x=&#8221;0&#8243; shift_y=&#8221;0&#8243; shift_y_down=&#8221;0&#8243; z_index=&#8221;0&#8243; medium_width=&#8221;0&#8243; mobile_width=&#8221;0&#8243; width=&#8221;1\/2&#8243;][vc_single_image media=&#8221;30667&#8243; media_width_percent=&#8221;100&#8243;][\/vc_column][vc_column column_width_percent=&#8221;100&#8243; position_vertical=&#8221;middle&#8221; gutter_size=&#8221;3&#8243; overlay_alpha=&#8221;50&#8243; shift_x=&#8221;0&#8243; shift_y=&#8221;0&#8243; shift_y_down=&#8221;0&#8243; z_index=&#8221;0&#8243; medium_width=&#8221;0&#8243; mobile_width=&#8221;0&#8243; width=&#8221;1\/2&#8243;][vc_custom_heading]Calitate solid\u0103 a construc\u021biei[\/vc_custom_heading][vc_column_text]Cu noul design \u0219i \u00eembun\u0103t\u0103\u021birea calit\u0103\u021bii materialelor, V1.4 este mai robust chiar \u0219i pentru utilizarea robust\u0103, fiind \u00een acela\u0219i timp u\u0219or de controlat \u0219i confortabil de purtat chiar \u0219i pentru o perioad\u0103 lung\u0103 de timp.[\/vc_column_text][\/vc_column][\/vc_row][vc_row][vc_column width=&#8221;1\/1&#8243;][vc_empty_space empty_h=&#8221;2&#8243;][\/vc_column][\/vc_row]<\/p>\n<\/div>","protected":false},"excerpt":{"rendered":"<hr>\n<p><strong>GlassOuse V1.4 &#8211; M\u00e2nere pliabile nou concepute pentru mai mult\u0103 stabilitate \u0219i flexibilitate pentru mai mult confort pentru utilizarea \u00eendelungat\u0103.<\/strong><\/p>\n<ul>\n<li>Controla\u021bi telefonul mobil, computerul, tableta sau televizorul inteligent f\u0103r\u0103 fir \u0219i cu m\u00e2inile libere prin mi\u0219carea capului.<\/li>\n<li>Func\u021bioneaz\u0103 cu toate sistemele de operare cunoscute: Andriod, iOS 13, Windows, macOS, iPadOS, Linux, ChromeOS.<\/li>\n<li>Face\u021bi clic prin conectarea oric\u0103rui comutator adaptiv de 3,5 mm sau cu software-ul dwell.<\/li>\n<li>Baterie lung\u0103: 150+ ore la o singur\u0103 \u00eenc\u0103rcare.<\/li>\n<\/ul>\n<p><a href=\"https:\/\/glassouse.com\/ro\/garantie-de-bani-inapoi\/\"><img decoding=\"async\" class=\"alignnone wp-image-1817\" src=\"https:\/\/glassouse.com\/wp-content\/uploads\/2017\/11\/15_Day_Money_Back_47882ccb-f31c-4b58-ab77-9b78929009ef_grande.png\" alt=\"\" width=\"83\" height=\"83\" srcset=\"https:\/\/glassouse.com\/wp-content\/uploads\/2017\/11\/15_Day_Money_Back_47882ccb-f31c-4b58-ab77-9b78929009ef_grande.png 150w, https:\/\/glassouse.com\/wp-content\/uploads\/2017\/11\/15_Day_Money_Back_47882ccb-f31c-4b58-ab77-9b78929009ef_grande-100x100.png 100w, https:\/\/glassouse.com\/wp-content\/uploads\/2017\/11\/15_Day_Money_Back_47882ccb-f31c-4b58-ab77-9b78929009ef_grande-75x75.png 75w\" sizes=\"(max-width: 83px) 100vw, 83px\" \/><\/a>  <img decoding=\"async\" class=\"alignnone wp-image-3424\" src=\"https:\/\/glassouse.com\/wp-content\/uploads\/2020\/08\/A4.png\" alt=\"Garan\u021bia GlassOuse\" width=\"83\" height=\"83\" srcset=\"https:\/\/glassouse.com\/wp-content\/uploads\/2020\/08\/A4.png 345w, https:\/\/glassouse.com\/wp-content\/uploads\/2020\/08\/A4-300x299.png 300w, https:\/\/glassouse.com\/wp-content\/uploads\/2020\/08\/A4-100x100.png 100w, https:\/\/glassouse.com\/wp-content\/uploads\/2020\/08\/A4-150x150.png 150w\" sizes=\"(max-width: 83px) 100vw, 83px\" \/><\/p>\n","protected":false},"featured_media":30669,"template":"","meta":{"_acf_changed":false},"product_brand":[],"product_cat":[289],"product_tag":[],"class_list":{"0":"post-30631","1":"product","2":"type-product","3":"status-publish","4":"has-post-thumbnail","6":"product_cat-dispozitive-de-asistenta-glassouse","8":"first","9":"instock","10":"shipping-taxable","11":"purchasable","12":"product-type-simple"},"acf":[],"yoast_head":"<!-- This site is optimized with the Yoast SEO plugin v27.5 - https:\/\/yoast.com\/product\/yoast-seo-wordpress\/ -->\n<title>Noul GlassOuse V1.4 : Dispozitiv asistiv pentru persoanele cu dizabilit\u0103\u021bi<\/title>\n<meta name=\"description\" content=\"GlassOuse V1.4 este u\u0219or de utilizat mouse-ul cu cap f\u0103r\u0103 fir pentru a controla telefonul mobil, computerul, tableta sau televizorul inteligent pur \u0219i simplu prin mi\u0219carea capului. Conecta\u021bi op\u021bional cu un comutator adaptiv pentru a face un clic.\" \/>\n<meta name=\"robots\" content=\"index, follow, max-snippet:-1, max-image-preview:large, max-video-preview:-1\" \/>\n<link rel=\"canonical\" href=\"https:\/\/glassouse.com\/ro\/product\/glassouse-v1-4\/\" \/>\n<meta property=\"og:locale\" content=\"ro_RO\" \/>\n<meta property=\"og:type\" content=\"article\" \/>\n<meta property=\"og:title\" content=\"Noul GlassOuse V1.4 : Dispozitiv asistiv pentru persoanele cu dizabilit\u0103\u021bi\" \/>\n<meta property=\"og:description\" content=\"GlassOuse V1.4 este u\u0219or de utilizat mouse-ul cu cap f\u0103r\u0103 fir pentru a controla telefonul mobil, computerul, tableta sau televizorul inteligent pur \u0219i simplu prin mi\u0219carea capului. Conecta\u021bi op\u021bional cu un comutator adaptiv pentru a face un clic.\" \/>\n<meta property=\"og:url\" content=\"https:\/\/glassouse.com\/ro\/product\/glassouse-v1-4\/\" \/>\n<meta property=\"og:site_name\" content=\"Glassouse Assistive Device\" \/>\n<meta property=\"article:publisher\" content=\"https:\/\/www.facebook.com\/glassouse\/\" \/>\n<meta property=\"article:modified_time\" content=\"2026-04-27T09:11:44+00:00\" \/>\n<meta property=\"og:image\" content=\"https:\/\/glassouse.com\/wp-content\/uploads\/2021\/07\/GlassOuse-V1.4-4.jpg\" \/>\n\t<meta property=\"og:image:width\" content=\"1000\" \/>\n\t<meta property=\"og:image:height\" content=\"1000\" \/>\n\t<meta property=\"og:image:type\" content=\"image\/jpeg\" \/>\n<meta name=\"twitter:card\" content=\"summary_large_image\" \/>\n<meta name=\"twitter:site\" content=\"@glassouse\" \/>\n<meta name=\"twitter:label1\" content=\"Timp estimat pentru citire\" \/>\n\t<meta name=\"twitter:data1\" content=\"5 minute\" \/>\n<script type=\"application\/ld+json\" class=\"yoast-schema-graph\">{\"@context\":\"https:\\\/\\\/schema.org\",\"@graph\":[{\"@type\":\"WebPage\",\"@id\":\"https:\\\/\\\/glassouse.com\\\/ro\\\/product\\\/glassouse-v1-4\\\/\",\"url\":\"https:\\\/\\\/glassouse.com\\\/ro\\\/product\\\/glassouse-v1-4\\\/\",\"name\":\"Noul GlassOuse V1.4 : Dispozitiv asistiv pentru persoanele cu dizabilit\u0103\u021bi\",\"isPartOf\":{\"@id\":\"https:\\\/\\\/glassouse.com\\\/ro\\\/#website\"},\"primaryImageOfPage\":{\"@id\":\"https:\\\/\\\/glassouse.com\\\/ro\\\/product\\\/glassouse-v1-4\\\/#primaryimage\"},\"image\":{\"@id\":\"https:\\\/\\\/glassouse.com\\\/ro\\\/product\\\/glassouse-v1-4\\\/#primaryimage\"},\"thumbnailUrl\":\"https:\\\/\\\/glassouse.com\\\/wp-content\\\/uploads\\\/2021\\\/07\\\/GlassOuse-V1.4-4.jpg\",\"datePublished\":\"2021-07-09T02:29:49+00:00\",\"dateModified\":\"2026-04-27T09:11:44+00:00\",\"description\":\"GlassOuse V1.4 este u\u0219or de utilizat mouse-ul cu cap f\u0103r\u0103 fir pentru a controla telefonul mobil, computerul, tableta sau televizorul inteligent pur \u0219i simplu prin mi\u0219carea capului. Conecta\u021bi op\u021bional cu un comutator adaptiv pentru a face un clic.\",\"breadcrumb\":{\"@id\":\"https:\\\/\\\/glassouse.com\\\/ro\\\/product\\\/glassouse-v1-4\\\/#breadcrumb\"},\"inLanguage\":\"ro-RO\",\"potentialAction\":[{\"@type\":\"ReadAction\",\"target\":[\"https:\\\/\\\/glassouse.com\\\/ro\\\/product\\\/glassouse-v1-4\\\/\"]}]},{\"@type\":\"ImageObject\",\"inLanguage\":\"ro-RO\",\"@id\":\"https:\\\/\\\/glassouse.com\\\/ro\\\/product\\\/glassouse-v1-4\\\/#primaryimage\",\"url\":\"https:\\\/\\\/glassouse.com\\\/wp-content\\\/uploads\\\/2021\\\/07\\\/GlassOuse-V1.4-4.jpg\",\"contentUrl\":\"https:\\\/\\\/glassouse.com\\\/wp-content\\\/uploads\\\/2021\\\/07\\\/GlassOuse-V1.4-4.jpg\",\"width\":1000,\"height\":1000,\"caption\":\"GlassOuse-V1.4\"},{\"@type\":\"BreadcrumbList\",\"@id\":\"https:\\\/\\\/glassouse.com\\\/ro\\\/product\\\/glassouse-v1-4\\\/#breadcrumb\",\"itemListElement\":[{\"@type\":\"ListItem\",\"position\":1,\"name\":\"Home\",\"item\":\"https:\\\/\\\/glassouse.com\\\/ro\\\/\"},{\"@type\":\"ListItem\",\"position\":2,\"name\":\"Magazin\",\"item\":\"https:\\\/\\\/glassouse.com\\\/ro\\\/magazin\\\/\"},{\"@type\":\"ListItem\",\"position\":3,\"name\":\"GlassOuse V1.4\"}]},{\"@type\":\"WebSite\",\"@id\":\"https:\\\/\\\/glassouse.com\\\/ro\\\/#website\",\"url\":\"https:\\\/\\\/glassouse.com\\\/ro\\\/\",\"name\":\"Glassouse Assistive Device\",\"description\":\"Assistive Device and Switches for Disabled\",\"publisher\":{\"@id\":\"https:\\\/\\\/glassouse.com\\\/ro\\\/#organization\"},\"potentialAction\":[{\"@type\":\"SearchAction\",\"target\":{\"@type\":\"EntryPoint\",\"urlTemplate\":\"https:\\\/\\\/glassouse.com\\\/ro\\\/?s={search_term_string}\"},\"query-input\":{\"@type\":\"PropertyValueSpecification\",\"valueRequired\":true,\"valueName\":\"search_term_string\"}}],\"inLanguage\":\"ro-RO\"},{\"@type\":\"Organization\",\"@id\":\"https:\\\/\\\/glassouse.com\\\/ro\\\/#organization\",\"name\":\"GlassOuse Assistive Device\",\"url\":\"https:\\\/\\\/glassouse.com\\\/ro\\\/\",\"logo\":{\"@type\":\"ImageObject\",\"inLanguage\":\"ro-RO\",\"@id\":\"https:\\\/\\\/glassouse.com\\\/ro\\\/#\\\/schema\\\/logo\\\/image\\\/\",\"url\":\"https:\\\/\\\/glassouse.com\\\/wp-content\\\/uploads\\\/2017\\\/11\\\/logo.jpg\",\"contentUrl\":\"https:\\\/\\\/glassouse.com\\\/wp-content\\\/uploads\\\/2017\\\/11\\\/logo.jpg\",\"width\":500,\"height\":500,\"caption\":\"GlassOuse Assistive Device\"},\"image\":{\"@id\":\"https:\\\/\\\/glassouse.com\\\/ro\\\/#\\\/schema\\\/logo\\\/image\\\/\"},\"sameAs\":[\"https:\\\/\\\/www.facebook.com\\\/glassouse\\\/\",\"https:\\\/\\\/x.com\\\/glassouse\",\"https:\\\/\\\/www.instagram.com\\\/glassouseassistivedevice\\\/\",\"https:\\\/\\\/www.linkedin.com\\\/company\\\/glassouse\\\/\",\"https:\\\/\\\/www.youtube.com\\\/channel\\\/UCM5pebcmVXbu00QYd91_Gyw\"]}]}<\/script>\n<!-- \/ Yoast SEO plugin. -->","yoast_head_json":{"title":"Noul GlassOuse V1.4 : Dispozitiv asistiv pentru persoanele cu dizabilit\u0103\u021bi","description":"GlassOuse V1.4 este u\u0219or de utilizat mouse-ul cu cap f\u0103r\u0103 fir pentru a controla telefonul mobil, computerul, tableta sau televizorul inteligent pur \u0219i simplu prin mi\u0219carea capului. Conecta\u021bi op\u021bional cu un comutator adaptiv pentru a face un clic.","robots":{"index":"index","follow":"follow","max-snippet":"max-snippet:-1","max-image-preview":"max-image-preview:large","max-video-preview":"max-video-preview:-1"},"canonical":"https:\/\/glassouse.com\/ro\/product\/glassouse-v1-4\/","og_locale":"ro_RO","og_type":"article","og_title":"Noul GlassOuse V1.4 : Dispozitiv asistiv pentru persoanele cu dizabilit\u0103\u021bi","og_description":"GlassOuse V1.4 este u\u0219or de utilizat mouse-ul cu cap f\u0103r\u0103 fir pentru a controla telefonul mobil, computerul, tableta sau televizorul inteligent pur \u0219i simplu prin mi\u0219carea capului. Conecta\u021bi op\u021bional cu un comutator adaptiv pentru a face un clic.","og_url":"https:\/\/glassouse.com\/ro\/product\/glassouse-v1-4\/","og_site_name":"Glassouse Assistive Device","article_publisher":"https:\/\/www.facebook.com\/glassouse\/","article_modified_time":"2026-04-27T09:11:44+00:00","og_image":[{"width":1000,"height":1000,"url":"https:\/\/glassouse.com\/wp-content\/uploads\/2021\/07\/GlassOuse-V1.4-4.jpg","type":"image\/jpeg"}],"twitter_card":"summary_large_image","twitter_site":"@glassouse","twitter_misc":{"Timp estimat pentru citire":"5 minute"},"schema":{"@context":"https:\/\/schema.org","@graph":[{"@type":"WebPage","@id":"https:\/\/glassouse.com\/ro\/product\/glassouse-v1-4\/","url":"https:\/\/glassouse.com\/ro\/product\/glassouse-v1-4\/","name":"Noul GlassOuse V1.4 : Dispozitiv asistiv pentru persoanele cu dizabilit\u0103\u021bi","isPartOf":{"@id":"https:\/\/glassouse.com\/ro\/#website"},"primaryImageOfPage":{"@id":"https:\/\/glassouse.com\/ro\/product\/glassouse-v1-4\/#primaryimage"},"image":{"@id":"https:\/\/glassouse.com\/ro\/product\/glassouse-v1-4\/#primaryimage"},"thumbnailUrl":"https:\/\/glassouse.com\/wp-content\/uploads\/2021\/07\/GlassOuse-V1.4-4.jpg","datePublished":"2021-07-09T02:29:49+00:00","dateModified":"2026-04-27T09:11:44+00:00","description":"GlassOuse V1.4 este u\u0219or de utilizat mouse-ul cu cap f\u0103r\u0103 fir pentru a controla telefonul mobil, computerul, tableta sau televizorul inteligent pur \u0219i simplu prin mi\u0219carea capului. Conecta\u021bi op\u021bional cu un comutator adaptiv pentru a face un clic.","breadcrumb":{"@id":"https:\/\/glassouse.com\/ro\/product\/glassouse-v1-4\/#breadcrumb"},"inLanguage":"ro-RO","potentialAction":[{"@type":"ReadAction","target":["https:\/\/glassouse.com\/ro\/product\/glassouse-v1-4\/"]}]},{"@type":"ImageObject","inLanguage":"ro-RO","@id":"https:\/\/glassouse.com\/ro\/product\/glassouse-v1-4\/#primaryimage","url":"https:\/\/glassouse.com\/wp-content\/uploads\/2021\/07\/GlassOuse-V1.4-4.jpg","contentUrl":"https:\/\/glassouse.com\/wp-content\/uploads\/2021\/07\/GlassOuse-V1.4-4.jpg","width":1000,"height":1000,"caption":"GlassOuse-V1.4"},{"@type":"BreadcrumbList","@id":"https:\/\/glassouse.com\/ro\/product\/glassouse-v1-4\/#breadcrumb","itemListElement":[{"@type":"ListItem","position":1,"name":"Home","item":"https:\/\/glassouse.com\/ro\/"},{"@type":"ListItem","position":2,"name":"Magazin","item":"https:\/\/glassouse.com\/ro\/magazin\/"},{"@type":"ListItem","position":3,"name":"GlassOuse V1.4"}]},{"@type":"WebSite","@id":"https:\/\/glassouse.com\/ro\/#website","url":"https:\/\/glassouse.com\/ro\/","name":"Glassouse Assistive Device","description":"Assistive Device and Switches for Disabled","publisher":{"@id":"https:\/\/glassouse.com\/ro\/#organization"},"potentialAction":[{"@type":"SearchAction","target":{"@type":"EntryPoint","urlTemplate":"https:\/\/glassouse.com\/ro\/?s={search_term_string}"},"query-input":{"@type":"PropertyValueSpecification","valueRequired":true,"valueName":"search_term_string"}}],"inLanguage":"ro-RO"},{"@type":"Organization","@id":"https:\/\/glassouse.com\/ro\/#organization","name":"GlassOuse Assistive Device","url":"https:\/\/glassouse.com\/ro\/","logo":{"@type":"ImageObject","inLanguage":"ro-RO","@id":"https:\/\/glassouse.com\/ro\/#\/schema\/logo\/image\/","url":"https:\/\/glassouse.com\/wp-content\/uploads\/2017\/11\/logo.jpg","contentUrl":"https:\/\/glassouse.com\/wp-content\/uploads\/2017\/11\/logo.jpg","width":500,"height":500,"caption":"GlassOuse Assistive Device"},"image":{"@id":"https:\/\/glassouse.com\/ro\/#\/schema\/logo\/image\/"},"sameAs":["https:\/\/www.facebook.com\/glassouse\/","https:\/\/x.com\/glassouse","https:\/\/www.instagram.com\/glassouseassistivedevice\/","https:\/\/www.linkedin.com\/company\/glassouse\/","https:\/\/www.youtube.com\/channel\/UCM5pebcmVXbu00QYd91_Gyw"]}]}},"_links":{"self":[{"href":"https:\/\/glassouse.com\/ro\/wp-json\/wp\/v2\/product\/30631","targetHints":{"allow":["GET"]}}],"collection":[{"href":"https:\/\/glassouse.com\/ro\/wp-json\/wp\/v2\/product"}],"about":[{"href":"https:\/\/glassouse.com\/ro\/wp-json\/wp\/v2\/types\/product"}],"wp:featuredmedia":[{"embeddable":true,"href":"https:\/\/glassouse.com\/ro\/wp-json\/wp\/v2\/media\/30669"}],"wp:attachment":[{"href":"https:\/\/glassouse.com\/ro\/wp-json\/wp\/v2\/media?parent=30631"}],"wp:term":[{"taxonomy":"product_brand","embeddable":true,"href":"https:\/\/glassouse.com\/ro\/wp-json\/wp\/v2\/product_brand?post=30631"},{"taxonomy":"product_cat","embeddable":true,"href":"https:\/\/glassouse.com\/ro\/wp-json\/wp\/v2\/product_cat?post=30631"},{"taxonomy":"product_tag","embeddable":true,"href":"https:\/\/glassouse.com\/ro\/wp-json\/wp\/v2\/product_tag?post=30631"}],"curies":[{"name":"wp","href":"https:\/\/api.w.org\/{rel}","templated":true}]}}