{"id":30867,"date":"2021-12-17T16:54:44","date_gmt":"2021-12-17T08:54:44","guid":{"rendered":"https:\/\/glassouse.com\/product\/gat07-wormie-dansatorul-jazzy\/"},"modified":"2021-12-17T16:54:44","modified_gmt":"2021-12-17T08:54:44","slug":"gat07-wormie-dansatorul-jazzy","status":"publish","type":"product","link":"https:\/\/glassouse.com\/ro\/product\/gat07-wormie-dansatorul-jazzy\/","title":{"rendered":"GAT07 Wormie- Dansatorul Jazzy"},"content":{"rendered":"","protected":false},"excerpt":{"rendered":"<h4>Wormie- Dansatorul Jazzy &#8211; GAT07<\/h4>\n<p>1x juc\u0103rie Jazzy Dancer cu conector jack de 3,5 mm<br \/>\n1x Manual de utilizare<\/p>\n<p><a href=\"https:\/\/glassouse.com\/ro\/garantie-de-bani-inapoi\/\"><img decoding=\"async\" class=\"alignnone wp-image-1817\" src=\"https:\/\/glassouse.com\/wp-content\/uploads\/2017\/11\/15_Day_Money_Back_47882ccb-f31c-4b58-ab77-9b78929009ef_grande.png\" alt=\"\" width=\"95\" height=\"95\" srcset=\"https:\/\/glassouse.com\/wp-content\/uploads\/2017\/11\/15_Day_Money_Back_47882ccb-f31c-4b58-ab77-9b78929009ef_grande.png 150w, https:\/\/glassouse.com\/wp-content\/uploads\/2017\/11\/15_Day_Money_Back_47882ccb-f31c-4b58-ab77-9b78929009ef_grande-100x100.png 100w, https:\/\/glassouse.com\/wp-content\/uploads\/2017\/11\/15_Day_Money_Back_47882ccb-f31c-4b58-ab77-9b78929009ef_grande-75x75.png 75w\" sizes=\"(max-width: 95px) 100vw, 95px\" \/><\/a>   <img decoding=\"async\" class=\"alignnone wp-image-3424\" src=\"https:\/\/glassouse.com\/wp-content\/uploads\/2020\/08\/A4.png\" alt=\"Garan\u021bia GlassOuse\" width=\"95\" height=\"95\" srcset=\"https:\/\/glassouse.com\/wp-content\/uploads\/2020\/08\/A4.png 345w, https:\/\/glassouse.com\/wp-content\/uploads\/2020\/08\/A4-300x299.png 300w, https:\/\/glassouse.com\/wp-content\/uploads\/2020\/08\/A4-100x100.png 100w, https:\/\/glassouse.com\/wp-content\/uploads\/2020\/08\/A4-150x150.png 150w\" sizes=\"(max-width: 95px) 100vw, 95px\" \/><\/p>\n<p><strong>FUNC\u021aIE: <\/strong>Va reda \u0219i va dansa pe 3 melodii diferite care pot fi controlate de comutatorul conectat din dreapta, volumul poate fi schimbat de comutatorul din st\u00e2nga.<\/p>\n<p><strong>SPECIFICARE:<\/strong><br \/>\n<strong>Lungime:<\/strong> 30cm<br \/>\n<strong>Material:<\/strong> Super Soft Plush<br \/>\n<strong>Umplere:<\/strong> Bumbac 3D PP sigur pentru mediu<br \/>\n<strong>Putere:<\/strong> 3x Baterie AA<\/p>\n<p><strong>INSTRUC\u021aIUNE:<\/strong><\/p>\n<ol>\n<li>Conecta\u021bi la juc\u0103rie comutatorul adaptiv cu muf\u0103 de 3,5 mm ales de dvs.<\/li>\n<li>Pentru a juca, ap\u0103sa\u021bi comutatorul \u0219i juc\u0103ria va \u00eencepe s\u0103 danseze \u0219i s\u0103 c\u00e2nte.<\/li>\n<li>Pentru a schimba muzica, activa\u021bi din nou comutatorul.<\/li>\n<li>Pentru STOP, ap\u0103sa\u021bi din nou comutatorul.<\/li>\n<li>Pentru a cre\u0219te\/diminua volumul, ap\u0103sa\u021bi comutatorul din st\u00e2nga.<\/li>\n<\/ol>\n<p><strong><em>* Comutatoarele se v\u00e2nd separat<\/em><\/strong><\/p>\n<p>_________________________________________________________________________________________________________<\/p>\n","protected":false},"featured_media":30901,"template":"","meta":{"_acf_changed":false},"product_brand":[],"product_cat":[297],"product_tag":[299,300,301,302],"class_list":{"0":"post-30867","1":"product","2":"type-product","3":"status-publish","4":"has-post-thumbnail","6":"product_cat-jucarii-glassouse","7":"product_tag-jucarii-adaptate-comutatorului","8":"product_tag-jucarii-adaptate","9":"product_tag-jucarie-pentru-nevoi-speciale","10":"product_tag-jucarii-pentru-copii-cu-handicap","11":"product_shipping_class-jucarie","13":"first","14":"instock","15":"shipping-taxable","16":"purchasable","17":"product-type-simple"},"acf":[],"yoast_head":"<!-- This site is optimized with the Yoast SEO plugin v27.4 - https:\/\/yoast.com\/product\/yoast-seo-wordpress\/ -->\n<title>GAT07 Wormie- Dansatorul Jazzy - Glassouse Assistive Device<\/title>\n<meta name=\"description\" content=\"GlassOuse switch juc\u0103rie adaptat\u0103 pentru copil cu handicap sau copil cu nevoi speciale, conecta\u021bi juc\u0103ria cu comutatorul, apoi \u00eencepe\u021bi c\u0103l\u0103toria distractiv\u0103 cu juc\u0103riile noastre.\" \/>\n<meta name=\"robots\" content=\"index, follow, max-snippet:-1, max-image-preview:large, max-video-preview:-1\" \/>\n<link rel=\"canonical\" href=\"https:\/\/glassouse.com\/ro\/product\/gat07-wormie-dansatorul-jazzy\/\" \/>\n<meta property=\"og:locale\" content=\"ro_RO\" \/>\n<meta property=\"og:type\" content=\"article\" \/>\n<meta property=\"og:title\" content=\"GAT07 Wormie- Dansatorul Jazzy - Glassouse Assistive Device\" \/>\n<meta property=\"og:description\" content=\"GlassOuse switch juc\u0103rie adaptat\u0103 pentru copil cu handicap sau copil cu nevoi speciale, conecta\u021bi juc\u0103ria cu comutatorul, apoi \u00eencepe\u021bi c\u0103l\u0103toria distractiv\u0103 cu juc\u0103riile noastre.\" \/>\n<meta property=\"og:url\" content=\"https:\/\/glassouse.com\/ro\/product\/gat07-wormie-dansatorul-jazzy\/\" \/>\n<meta property=\"og:site_name\" content=\"Glassouse Assistive Device\" \/>\n<meta property=\"article:publisher\" content=\"https:\/\/www.facebook.com\/glassouse\/\" \/>\n<meta property=\"og:image\" content=\"https:\/\/glassouse.com\/wp-content\/uploads\/2021\/12\/jazzy-dancer-img.png\" \/>\n\t<meta property=\"og:image:width\" content=\"2000\" \/>\n\t<meta property=\"og:image:height\" content=\"2000\" \/>\n\t<meta property=\"og:image:type\" content=\"image\/png\" \/>\n<meta name=\"twitter:card\" content=\"summary_large_image\" \/>\n<meta name=\"twitter:site\" content=\"@glassouse\" \/>\n<script type=\"application\/ld+json\" class=\"yoast-schema-graph\">{\"@context\":\"https:\\\/\\\/schema.org\",\"@graph\":[{\"@type\":\"WebPage\",\"@id\":\"https:\\\/\\\/glassouse.com\\\/ro\\\/product\\\/gat07-wormie-dansatorul-jazzy\\\/\",\"url\":\"https:\\\/\\\/glassouse.com\\\/ro\\\/product\\\/gat07-wormie-dansatorul-jazzy\\\/\",\"name\":\"GAT07 Wormie- Dansatorul Jazzy - Glassouse Assistive Device\",\"isPartOf\":{\"@id\":\"https:\\\/\\\/glassouse.com\\\/ro\\\/#website\"},\"primaryImageOfPage\":{\"@id\":\"https:\\\/\\\/glassouse.com\\\/ro\\\/product\\\/gat07-wormie-dansatorul-jazzy\\\/#primaryimage\"},\"image\":{\"@id\":\"https:\\\/\\\/glassouse.com\\\/ro\\\/product\\\/gat07-wormie-dansatorul-jazzy\\\/#primaryimage\"},\"thumbnailUrl\":\"https:\\\/\\\/glassouse.com\\\/wp-content\\\/uploads\\\/2021\\\/12\\\/jazzy-dancer-img.png\",\"datePublished\":\"2021-12-17T08:54:44+00:00\",\"description\":\"GlassOuse switch juc\u0103rie adaptat\u0103 pentru copil cu handicap sau copil cu nevoi speciale, conecta\u021bi juc\u0103ria cu comutatorul, apoi \u00eencepe\u021bi c\u0103l\u0103toria distractiv\u0103 cu juc\u0103riile noastre.\",\"breadcrumb\":{\"@id\":\"https:\\\/\\\/glassouse.com\\\/ro\\\/product\\\/gat07-wormie-dansatorul-jazzy\\\/#breadcrumb\"},\"inLanguage\":\"ro-RO\",\"potentialAction\":[{\"@type\":\"ReadAction\",\"target\":[\"https:\\\/\\\/glassouse.com\\\/ro\\\/product\\\/gat07-wormie-dansatorul-jazzy\\\/\"]}]},{\"@type\":\"ImageObject\",\"inLanguage\":\"ro-RO\",\"@id\":\"https:\\\/\\\/glassouse.com\\\/ro\\\/product\\\/gat07-wormie-dansatorul-jazzy\\\/#primaryimage\",\"url\":\"https:\\\/\\\/glassouse.com\\\/wp-content\\\/uploads\\\/2021\\\/12\\\/jazzy-dancer-img.png\",\"contentUrl\":\"https:\\\/\\\/glassouse.com\\\/wp-content\\\/uploads\\\/2021\\\/12\\\/jazzy-dancer-img.png\",\"width\":2000,\"height\":2000,\"caption\":\"jazzy-dancer-img\"},{\"@type\":\"BreadcrumbList\",\"@id\":\"https:\\\/\\\/glassouse.com\\\/ro\\\/product\\\/gat07-wormie-dansatorul-jazzy\\\/#breadcrumb\",\"itemListElement\":[{\"@type\":\"ListItem\",\"position\":1,\"name\":\"Home\",\"item\":\"https:\\\/\\\/glassouse.com\\\/ro\\\/acasa\\\/\"},{\"@type\":\"ListItem\",\"position\":2,\"name\":\"Magazin\",\"item\":\"https:\\\/\\\/glassouse.com\\\/ro\\\/magazin\\\/\"},{\"@type\":\"ListItem\",\"position\":3,\"name\":\"GAT07 Wormie- Dansatorul Jazzy\"}]},{\"@type\":\"WebSite\",\"@id\":\"https:\\\/\\\/glassouse.com\\\/ro\\\/#website\",\"url\":\"https:\\\/\\\/glassouse.com\\\/ro\\\/\",\"name\":\"Glassouse Assistive Device\",\"description\":\"Assistive Device and Switches for Disabled\",\"publisher\":{\"@id\":\"https:\\\/\\\/glassouse.com\\\/ro\\\/#organization\"},\"potentialAction\":[{\"@type\":\"SearchAction\",\"target\":{\"@type\":\"EntryPoint\",\"urlTemplate\":\"https:\\\/\\\/glassouse.com\\\/ro\\\/?s={search_term_string}\"},\"query-input\":{\"@type\":\"PropertyValueSpecification\",\"valueRequired\":true,\"valueName\":\"search_term_string\"}}],\"inLanguage\":\"ro-RO\"},{\"@type\":\"Organization\",\"@id\":\"https:\\\/\\\/glassouse.com\\\/ro\\\/#organization\",\"name\":\"GlassOuse Assistive Device\",\"url\":\"https:\\\/\\\/glassouse.com\\\/ro\\\/\",\"logo\":{\"@type\":\"ImageObject\",\"inLanguage\":\"ro-RO\",\"@id\":\"https:\\\/\\\/glassouse.com\\\/ro\\\/#\\\/schema\\\/logo\\\/image\\\/\",\"url\":\"https:\\\/\\\/glassouse.com\\\/wp-content\\\/uploads\\\/2017\\\/11\\\/logo.jpg\",\"contentUrl\":\"https:\\\/\\\/glassouse.com\\\/wp-content\\\/uploads\\\/2017\\\/11\\\/logo.jpg\",\"width\":500,\"height\":500,\"caption\":\"GlassOuse Assistive Device\"},\"image\":{\"@id\":\"https:\\\/\\\/glassouse.com\\\/ro\\\/#\\\/schema\\\/logo\\\/image\\\/\"},\"sameAs\":[\"https:\\\/\\\/www.facebook.com\\\/glassouse\\\/\",\"https:\\\/\\\/x.com\\\/glassouse\",\"https:\\\/\\\/www.instagram.com\\\/glassouseassistivedevice\\\/\",\"https:\\\/\\\/www.linkedin.com\\\/company\\\/glassouse\\\/\",\"https:\\\/\\\/www.youtube.com\\\/channel\\\/UCM5pebcmVXbu00QYd91_Gyw\"]}]}<\/script>\n<!-- \/ Yoast SEO plugin. -->","yoast_head_json":{"title":"GAT07 Wormie- Dansatorul Jazzy - Glassouse Assistive Device","description":"GlassOuse switch juc\u0103rie adaptat\u0103 pentru copil cu handicap sau copil cu nevoi speciale, conecta\u021bi juc\u0103ria cu comutatorul, apoi \u00eencepe\u021bi c\u0103l\u0103toria distractiv\u0103 cu juc\u0103riile noastre.","robots":{"index":"index","follow":"follow","max-snippet":"max-snippet:-1","max-image-preview":"max-image-preview:large","max-video-preview":"max-video-preview:-1"},"canonical":"https:\/\/glassouse.com\/ro\/product\/gat07-wormie-dansatorul-jazzy\/","og_locale":"ro_RO","og_type":"article","og_title":"GAT07 Wormie- Dansatorul Jazzy - Glassouse Assistive Device","og_description":"GlassOuse switch juc\u0103rie adaptat\u0103 pentru copil cu handicap sau copil cu nevoi speciale, conecta\u021bi juc\u0103ria cu comutatorul, apoi \u00eencepe\u021bi c\u0103l\u0103toria distractiv\u0103 cu juc\u0103riile noastre.","og_url":"https:\/\/glassouse.com\/ro\/product\/gat07-wormie-dansatorul-jazzy\/","og_site_name":"Glassouse Assistive Device","article_publisher":"https:\/\/www.facebook.com\/glassouse\/","og_image":[{"width":2000,"height":2000,"url":"https:\/\/glassouse.com\/wp-content\/uploads\/2021\/12\/jazzy-dancer-img.png","type":"image\/png"}],"twitter_card":"summary_large_image","twitter_site":"@glassouse","schema":{"@context":"https:\/\/schema.org","@graph":[{"@type":"WebPage","@id":"https:\/\/glassouse.com\/ro\/product\/gat07-wormie-dansatorul-jazzy\/","url":"https:\/\/glassouse.com\/ro\/product\/gat07-wormie-dansatorul-jazzy\/","name":"GAT07 Wormie- Dansatorul Jazzy - Glassouse Assistive Device","isPartOf":{"@id":"https:\/\/glassouse.com\/ro\/#website"},"primaryImageOfPage":{"@id":"https:\/\/glassouse.com\/ro\/product\/gat07-wormie-dansatorul-jazzy\/#primaryimage"},"image":{"@id":"https:\/\/glassouse.com\/ro\/product\/gat07-wormie-dansatorul-jazzy\/#primaryimage"},"thumbnailUrl":"https:\/\/glassouse.com\/wp-content\/uploads\/2021\/12\/jazzy-dancer-img.png","datePublished":"2021-12-17T08:54:44+00:00","description":"GlassOuse switch juc\u0103rie adaptat\u0103 pentru copil cu handicap sau copil cu nevoi speciale, conecta\u021bi juc\u0103ria cu comutatorul, apoi \u00eencepe\u021bi c\u0103l\u0103toria distractiv\u0103 cu juc\u0103riile noastre.","breadcrumb":{"@id":"https:\/\/glassouse.com\/ro\/product\/gat07-wormie-dansatorul-jazzy\/#breadcrumb"},"inLanguage":"ro-RO","potentialAction":[{"@type":"ReadAction","target":["https:\/\/glassouse.com\/ro\/product\/gat07-wormie-dansatorul-jazzy\/"]}]},{"@type":"ImageObject","inLanguage":"ro-RO","@id":"https:\/\/glassouse.com\/ro\/product\/gat07-wormie-dansatorul-jazzy\/#primaryimage","url":"https:\/\/glassouse.com\/wp-content\/uploads\/2021\/12\/jazzy-dancer-img.png","contentUrl":"https:\/\/glassouse.com\/wp-content\/uploads\/2021\/12\/jazzy-dancer-img.png","width":2000,"height":2000,"caption":"jazzy-dancer-img"},{"@type":"BreadcrumbList","@id":"https:\/\/glassouse.com\/ro\/product\/gat07-wormie-dansatorul-jazzy\/#breadcrumb","itemListElement":[{"@type":"ListItem","position":1,"name":"Home","item":"https:\/\/glassouse.com\/ro\/acasa\/"},{"@type":"ListItem","position":2,"name":"Magazin","item":"https:\/\/glassouse.com\/ro\/magazin\/"},{"@type":"ListItem","position":3,"name":"GAT07 Wormie- Dansatorul Jazzy"}]},{"@type":"WebSite","@id":"https:\/\/glassouse.com\/ro\/#website","url":"https:\/\/glassouse.com\/ro\/","name":"Glassouse Assistive Device","description":"Assistive Device and Switches for Disabled","publisher":{"@id":"https:\/\/glassouse.com\/ro\/#organization"},"potentialAction":[{"@type":"SearchAction","target":{"@type":"EntryPoint","urlTemplate":"https:\/\/glassouse.com\/ro\/?s={search_term_string}"},"query-input":{"@type":"PropertyValueSpecification","valueRequired":true,"valueName":"search_term_string"}}],"inLanguage":"ro-RO"},{"@type":"Organization","@id":"https:\/\/glassouse.com\/ro\/#organization","name":"GlassOuse Assistive Device","url":"https:\/\/glassouse.com\/ro\/","logo":{"@type":"ImageObject","inLanguage":"ro-RO","@id":"https:\/\/glassouse.com\/ro\/#\/schema\/logo\/image\/","url":"https:\/\/glassouse.com\/wp-content\/uploads\/2017\/11\/logo.jpg","contentUrl":"https:\/\/glassouse.com\/wp-content\/uploads\/2017\/11\/logo.jpg","width":500,"height":500,"caption":"GlassOuse Assistive Device"},"image":{"@id":"https:\/\/glassouse.com\/ro\/#\/schema\/logo\/image\/"},"sameAs":["https:\/\/www.facebook.com\/glassouse\/","https:\/\/x.com\/glassouse","https:\/\/www.instagram.com\/glassouseassistivedevice\/","https:\/\/www.linkedin.com\/company\/glassouse\/","https:\/\/www.youtube.com\/channel\/UCM5pebcmVXbu00QYd91_Gyw"]}]}},"_links":{"self":[{"href":"https:\/\/glassouse.com\/ro\/wp-json\/wp\/v2\/product\/30867","targetHints":{"allow":["GET"]}}],"collection":[{"href":"https:\/\/glassouse.com\/ro\/wp-json\/wp\/v2\/product"}],"about":[{"href":"https:\/\/glassouse.com\/ro\/wp-json\/wp\/v2\/types\/product"}],"wp:featuredmedia":[{"embeddable":true,"href":"https:\/\/glassouse.com\/ro\/wp-json\/wp\/v2\/media\/30901"}],"wp:attachment":[{"href":"https:\/\/glassouse.com\/ro\/wp-json\/wp\/v2\/media?parent=30867"}],"wp:term":[{"taxonomy":"product_brand","embeddable":true,"href":"https:\/\/glassouse.com\/ro\/wp-json\/wp\/v2\/product_brand?post=30867"},{"taxonomy":"product_cat","embeddable":true,"href":"https:\/\/glassouse.com\/ro\/wp-json\/wp\/v2\/product_cat?post=30867"},{"taxonomy":"product_tag","embeddable":true,"href":"https:\/\/glassouse.com\/ro\/wp-json\/wp\/v2\/product_tag?post=30867"}],"curies":[{"name":"wp","href":"https:\/\/api.w.org\/{rel}","templated":true}]}}