{"id":31358,"date":"2022-06-28T05:48:42","date_gmt":"2022-06-27T21:48:42","guid":{"rendered":"https:\/\/glassouse.com\/product\/gw01-g-framewear\/"},"modified":"2022-06-28T05:48:42","modified_gmt":"2022-06-27T21:48:42","slug":"gw01-g-framewear","status":"publish","type":"product","link":"https:\/\/glassouse.com\/ro\/product\/gw01-g-framewear\/","title":{"rendered":"GW01 G-Framewear"},"content":{"rendered":"<h3><strong>Prezentare general\u0103 a produsului<\/strong><\/h3>\n<p>La fel ca ochelarii obi\u0219nui\u021bi, pute\u021bi purta ochelarii cu ram\u0103 G pe frunte \u0219i pute\u021bi ata\u0219a GlassOuse de o parte sau de alta pe \u00eenchiz\u0103toarea sa. Lungimea sa frontal\u0103 poate fi ajustat\u0103 prin tragere sau \u00eempingere pentru a o face mai ferm\u0103 \u0219i confortabil\u0103 \u00een timpul utiliz\u0103rii. Poate fi purtat cu u\u0219urin\u021b\u0103 \u0219i peste ochelarii obi\u0219nui\u021bi.  <\/p>\n<p>Bra\u021bele sale pliabile \u00eel fac u\u0219or de transportat \u0219i sunt fabricate din ABS \u00eent\u0103rit, dar elastic, ceea ce \u00eel face foarte flexibil.<\/p>\n<h3><strong>Mod de utilizare<\/strong><\/h3>\n<ol>\n<li>Monta\u021bi \u00eenchiz\u0103toarea GlassOuse pe G-Framewear fie pe partea dreapt\u0103, fie pe partea st\u00e2ng\u0103, dup\u0103 cum v\u0103 convine.<\/li>\n<li>Glisa\u021bi GlassOuse \u00een \u00eenchiz\u0103toare corect p\u00e2n\u0103 c\u00e2nd este ferm \u0219i stabil. Ar trebui s\u0103 auzi\u021bi un sunet de &#8222;clic&#8221; dup\u0103 o fixare reu\u0219it\u0103. <\/li>\n<li>Purta\u021bi G-Framewear peste frunte. Le pute\u021bi purta \u0219i peste ochelarii obi\u0219nui\u021bi. <\/li>\n<li>Reglarea lungimii din fa\u021b\u0103: Dac\u0103 este prea str\u00e2ns sau inconfortabil, \u021bine\u021bi ambele m\u00e2nere ale cadrului din partea din fa\u021b\u0103 \u0219i trage\u021bi de ele \u00een mod egal pentru a le regla lungimea \u0219i viceversa.<\/li>\n<li>Pentru a scoate GlassOuse, \u00eempinge\u021bi z\u0103vorul de scoatere \u0219i trage\u021bi GlassOuse afar\u0103.<\/li>\n<\/ol>\n","protected":false},"excerpt":{"rendered":"<p>Prezentare general\u0103 a produsului La fel ca ochelarii obi\u0219nui\u021bi, pute\u021bi purta ochelarii cu ram\u0103 G pe frunte \u0219i pute\u021bi ata\u0219a [&hellip;]<\/p>\n","protected":false},"featured_media":31370,"template":"","meta":{"_acf_changed":false},"product_brand":[],"product_cat":[240],"product_tag":[],"class_list":{"0":"post-31358","1":"product","2":"type-product","3":"status-publish","4":"has-post-thumbnail","6":"product_cat-glassouse-g-wear","8":"first","9":"instock","10":"shipping-taxable","11":"purchasable","12":"product-type-simple"},"acf":[],"yoast_head":"<!-- This site is optimized with the Yoast SEO plugin v27.4 - https:\/\/yoast.com\/product\/yoast-seo-wordpress\/ -->\n<title>GW01 G-Framewear - Glassouse Assistive Device<\/title>\n<meta name=\"robots\" content=\"index, follow, max-snippet:-1, max-image-preview:large, max-video-preview:-1\" \/>\n<link rel=\"canonical\" href=\"https:\/\/glassouse.com\/ro\/product\/gw01-g-framewear\/\" \/>\n<meta property=\"og:locale\" content=\"ro_RO\" \/>\n<meta property=\"og:type\" content=\"article\" \/>\n<meta property=\"og:title\" content=\"GW01 G-Framewear - Glassouse Assistive Device\" \/>\n<meta property=\"og:description\" content=\"Prezentare general\u0103 a produsului La fel ca ochelarii obi\u0219nui\u021bi, pute\u021bi purta ochelarii cu ram\u0103 G pe frunte \u0219i pute\u021bi ata\u0219a [&hellip;]\" \/>\n<meta property=\"og:url\" content=\"https:\/\/glassouse.com\/ro\/product\/gw01-g-framewear\/\" \/>\n<meta property=\"og:site_name\" content=\"Glassouse Assistive Device\" \/>\n<meta property=\"article:publisher\" content=\"https:\/\/www.facebook.com\/glassouse\/\" \/>\n<meta property=\"og:image\" content=\"https:\/\/glassouse.com\/wp-content\/uploads\/2022\/06\/GW01-G-Framewear-2.jpg\" \/>\n\t<meta property=\"og:image:width\" content=\"1000\" \/>\n\t<meta property=\"og:image:height\" content=\"1000\" \/>\n\t<meta property=\"og:image:type\" content=\"image\/jpeg\" \/>\n<meta name=\"twitter:card\" content=\"summary_large_image\" \/>\n<meta name=\"twitter:site\" content=\"@glassouse\" \/>\n<meta name=\"twitter:label1\" content=\"Timp estimat pentru citire\" \/>\n\t<meta name=\"twitter:data1\" content=\"1 minut\" \/>\n<script type=\"application\/ld+json\" class=\"yoast-schema-graph\">{\"@context\":\"https:\\\/\\\/schema.org\",\"@graph\":[{\"@type\":\"WebPage\",\"@id\":\"https:\\\/\\\/glassouse.com\\\/ro\\\/product\\\/gw01-g-framewear\\\/\",\"url\":\"https:\\\/\\\/glassouse.com\\\/ro\\\/product\\\/gw01-g-framewear\\\/\",\"name\":\"GW01 G-Framewear - Glassouse Assistive Device\",\"isPartOf\":{\"@id\":\"https:\\\/\\\/glassouse.com\\\/ro\\\/#website\"},\"primaryImageOfPage\":{\"@id\":\"https:\\\/\\\/glassouse.com\\\/ro\\\/product\\\/gw01-g-framewear\\\/#primaryimage\"},\"image\":{\"@id\":\"https:\\\/\\\/glassouse.com\\\/ro\\\/product\\\/gw01-g-framewear\\\/#primaryimage\"},\"thumbnailUrl\":\"https:\\\/\\\/glassouse.com\\\/wp-content\\\/uploads\\\/2022\\\/06\\\/GW01-G-Framewear-2.jpg\",\"datePublished\":\"2022-06-27T21:48:42+00:00\",\"breadcrumb\":{\"@id\":\"https:\\\/\\\/glassouse.com\\\/ro\\\/product\\\/gw01-g-framewear\\\/#breadcrumb\"},\"inLanguage\":\"ro-RO\",\"potentialAction\":[{\"@type\":\"ReadAction\",\"target\":[\"https:\\\/\\\/glassouse.com\\\/ro\\\/product\\\/gw01-g-framewear\\\/\"]}]},{\"@type\":\"ImageObject\",\"inLanguage\":\"ro-RO\",\"@id\":\"https:\\\/\\\/glassouse.com\\\/ro\\\/product\\\/gw01-g-framewear\\\/#primaryimage\",\"url\":\"https:\\\/\\\/glassouse.com\\\/wp-content\\\/uploads\\\/2022\\\/06\\\/GW01-G-Framewear-2.jpg\",\"contentUrl\":\"https:\\\/\\\/glassouse.com\\\/wp-content\\\/uploads\\\/2022\\\/06\\\/GW01-G-Framewear-2.jpg\",\"width\":1000,\"height\":1000,\"caption\":\"G-Framewear\"},{\"@type\":\"BreadcrumbList\",\"@id\":\"https:\\\/\\\/glassouse.com\\\/ro\\\/product\\\/gw01-g-framewear\\\/#breadcrumb\",\"itemListElement\":[{\"@type\":\"ListItem\",\"position\":1,\"name\":\"Home\",\"item\":\"https:\\\/\\\/glassouse.com\\\/ro\\\/acasa\\\/\"},{\"@type\":\"ListItem\",\"position\":2,\"name\":\"Magazin\",\"item\":\"https:\\\/\\\/glassouse.com\\\/ro\\\/magazin\\\/\"},{\"@type\":\"ListItem\",\"position\":3,\"name\":\"GW01 G-Framewear\"}]},{\"@type\":\"WebSite\",\"@id\":\"https:\\\/\\\/glassouse.com\\\/ro\\\/#website\",\"url\":\"https:\\\/\\\/glassouse.com\\\/ro\\\/\",\"name\":\"Glassouse Assistive Device\",\"description\":\"Assistive Device and Switches for Disabled\",\"publisher\":{\"@id\":\"https:\\\/\\\/glassouse.com\\\/ro\\\/#organization\"},\"potentialAction\":[{\"@type\":\"SearchAction\",\"target\":{\"@type\":\"EntryPoint\",\"urlTemplate\":\"https:\\\/\\\/glassouse.com\\\/ro\\\/?s={search_term_string}\"},\"query-input\":{\"@type\":\"PropertyValueSpecification\",\"valueRequired\":true,\"valueName\":\"search_term_string\"}}],\"inLanguage\":\"ro-RO\"},{\"@type\":\"Organization\",\"@id\":\"https:\\\/\\\/glassouse.com\\\/ro\\\/#organization\",\"name\":\"GlassOuse Assistive Device\",\"url\":\"https:\\\/\\\/glassouse.com\\\/ro\\\/\",\"logo\":{\"@type\":\"ImageObject\",\"inLanguage\":\"ro-RO\",\"@id\":\"https:\\\/\\\/glassouse.com\\\/ro\\\/#\\\/schema\\\/logo\\\/image\\\/\",\"url\":\"https:\\\/\\\/glassouse.com\\\/wp-content\\\/uploads\\\/2017\\\/11\\\/logo.jpg\",\"contentUrl\":\"https:\\\/\\\/glassouse.com\\\/wp-content\\\/uploads\\\/2017\\\/11\\\/logo.jpg\",\"width\":500,\"height\":500,\"caption\":\"GlassOuse Assistive Device\"},\"image\":{\"@id\":\"https:\\\/\\\/glassouse.com\\\/ro\\\/#\\\/schema\\\/logo\\\/image\\\/\"},\"sameAs\":[\"https:\\\/\\\/www.facebook.com\\\/glassouse\\\/\",\"https:\\\/\\\/x.com\\\/glassouse\",\"https:\\\/\\\/www.instagram.com\\\/glassouseassistivedevice\\\/\",\"https:\\\/\\\/www.linkedin.com\\\/company\\\/glassouse\\\/\",\"https:\\\/\\\/www.youtube.com\\\/channel\\\/UCM5pebcmVXbu00QYd91_Gyw\"]}]}<\/script>\n<!-- \/ Yoast SEO plugin. -->","yoast_head_json":{"title":"GW01 G-Framewear - Glassouse Assistive Device","robots":{"index":"index","follow":"follow","max-snippet":"max-snippet:-1","max-image-preview":"max-image-preview:large","max-video-preview":"max-video-preview:-1"},"canonical":"https:\/\/glassouse.com\/ro\/product\/gw01-g-framewear\/","og_locale":"ro_RO","og_type":"article","og_title":"GW01 G-Framewear - Glassouse Assistive Device","og_description":"Prezentare general\u0103 a produsului La fel ca ochelarii obi\u0219nui\u021bi, pute\u021bi purta ochelarii cu ram\u0103 G pe frunte \u0219i pute\u021bi ata\u0219a [&hellip;]","og_url":"https:\/\/glassouse.com\/ro\/product\/gw01-g-framewear\/","og_site_name":"Glassouse Assistive Device","article_publisher":"https:\/\/www.facebook.com\/glassouse\/","og_image":[{"width":1000,"height":1000,"url":"https:\/\/glassouse.com\/wp-content\/uploads\/2022\/06\/GW01-G-Framewear-2.jpg","type":"image\/jpeg"}],"twitter_card":"summary_large_image","twitter_site":"@glassouse","twitter_misc":{"Timp estimat pentru citire":"1 minut"},"schema":{"@context":"https:\/\/schema.org","@graph":[{"@type":"WebPage","@id":"https:\/\/glassouse.com\/ro\/product\/gw01-g-framewear\/","url":"https:\/\/glassouse.com\/ro\/product\/gw01-g-framewear\/","name":"GW01 G-Framewear - Glassouse Assistive Device","isPartOf":{"@id":"https:\/\/glassouse.com\/ro\/#website"},"primaryImageOfPage":{"@id":"https:\/\/glassouse.com\/ro\/product\/gw01-g-framewear\/#primaryimage"},"image":{"@id":"https:\/\/glassouse.com\/ro\/product\/gw01-g-framewear\/#primaryimage"},"thumbnailUrl":"https:\/\/glassouse.com\/wp-content\/uploads\/2022\/06\/GW01-G-Framewear-2.jpg","datePublished":"2022-06-27T21:48:42+00:00","breadcrumb":{"@id":"https:\/\/glassouse.com\/ro\/product\/gw01-g-framewear\/#breadcrumb"},"inLanguage":"ro-RO","potentialAction":[{"@type":"ReadAction","target":["https:\/\/glassouse.com\/ro\/product\/gw01-g-framewear\/"]}]},{"@type":"ImageObject","inLanguage":"ro-RO","@id":"https:\/\/glassouse.com\/ro\/product\/gw01-g-framewear\/#primaryimage","url":"https:\/\/glassouse.com\/wp-content\/uploads\/2022\/06\/GW01-G-Framewear-2.jpg","contentUrl":"https:\/\/glassouse.com\/wp-content\/uploads\/2022\/06\/GW01-G-Framewear-2.jpg","width":1000,"height":1000,"caption":"G-Framewear"},{"@type":"BreadcrumbList","@id":"https:\/\/glassouse.com\/ro\/product\/gw01-g-framewear\/#breadcrumb","itemListElement":[{"@type":"ListItem","position":1,"name":"Home","item":"https:\/\/glassouse.com\/ro\/acasa\/"},{"@type":"ListItem","position":2,"name":"Magazin","item":"https:\/\/glassouse.com\/ro\/magazin\/"},{"@type":"ListItem","position":3,"name":"GW01 G-Framewear"}]},{"@type":"WebSite","@id":"https:\/\/glassouse.com\/ro\/#website","url":"https:\/\/glassouse.com\/ro\/","name":"Glassouse Assistive Device","description":"Assistive Device and Switches for Disabled","publisher":{"@id":"https:\/\/glassouse.com\/ro\/#organization"},"potentialAction":[{"@type":"SearchAction","target":{"@type":"EntryPoint","urlTemplate":"https:\/\/glassouse.com\/ro\/?s={search_term_string}"},"query-input":{"@type":"PropertyValueSpecification","valueRequired":true,"valueName":"search_term_string"}}],"inLanguage":"ro-RO"},{"@type":"Organization","@id":"https:\/\/glassouse.com\/ro\/#organization","name":"GlassOuse Assistive Device","url":"https:\/\/glassouse.com\/ro\/","logo":{"@type":"ImageObject","inLanguage":"ro-RO","@id":"https:\/\/glassouse.com\/ro\/#\/schema\/logo\/image\/","url":"https:\/\/glassouse.com\/wp-content\/uploads\/2017\/11\/logo.jpg","contentUrl":"https:\/\/glassouse.com\/wp-content\/uploads\/2017\/11\/logo.jpg","width":500,"height":500,"caption":"GlassOuse Assistive Device"},"image":{"@id":"https:\/\/glassouse.com\/ro\/#\/schema\/logo\/image\/"},"sameAs":["https:\/\/www.facebook.com\/glassouse\/","https:\/\/x.com\/glassouse","https:\/\/www.instagram.com\/glassouseassistivedevice\/","https:\/\/www.linkedin.com\/company\/glassouse\/","https:\/\/www.youtube.com\/channel\/UCM5pebcmVXbu00QYd91_Gyw"]}]}},"_links":{"self":[{"href":"https:\/\/glassouse.com\/ro\/wp-json\/wp\/v2\/product\/31358","targetHints":{"allow":["GET"]}}],"collection":[{"href":"https:\/\/glassouse.com\/ro\/wp-json\/wp\/v2\/product"}],"about":[{"href":"https:\/\/glassouse.com\/ro\/wp-json\/wp\/v2\/types\/product"}],"wp:featuredmedia":[{"embeddable":true,"href":"https:\/\/glassouse.com\/ro\/wp-json\/wp\/v2\/media\/31370"}],"wp:attachment":[{"href":"https:\/\/glassouse.com\/ro\/wp-json\/wp\/v2\/media?parent=31358"}],"wp:term":[{"taxonomy":"product_brand","embeddable":true,"href":"https:\/\/glassouse.com\/ro\/wp-json\/wp\/v2\/product_brand?post=31358"},{"taxonomy":"product_cat","embeddable":true,"href":"https:\/\/glassouse.com\/ro\/wp-json\/wp\/v2\/product_cat?post=31358"},{"taxonomy":"product_tag","embeddable":true,"href":"https:\/\/glassouse.com\/ro\/wp-json\/wp\/v2\/product_tag?post=31358"}],"curies":[{"name":"wp","href":"https:\/\/api.w.org\/{rel}","templated":true}]}}