{"id":31873,"date":"2022-06-29T03:36:13","date_gmt":"2022-06-28T19:36:13","guid":{"rendered":"https:\/\/glassouse.com\/product\/gw06-g-strap-mare\/"},"modified":"2022-06-29T03:36:13","modified_gmt":"2022-06-28T19:36:13","slug":"gw06-g-strap-mare","status":"publish","type":"product","link":"https:\/\/glassouse.com\/ro\/product\/gw06-g-strap-mare\/","title":{"rendered":"GW06 G-Strap Mare"},"content":{"rendered":"<h3><strong>Prezentare general\u0103 a produsului<\/strong><\/h3>\n<p>O band\u0103 groas\u0103 \u0219i extensibil\u0103, realizat\u0103 din elastic moale \u0219i pl\u0103cut la atingere. Prinde\u021bi GlassOuse la \u00eenchiz\u0103toarea sa \u0219i sunte\u021bi gata de plecare. Este bun\u0103 dac\u0103 dori\u021bi s\u0103 utiliza\u021bi GlassOuse ata\u0219at la m\u00e2ini sau coapse.  <\/p>\n<p>Dac\u0103 alege\u021bi s\u0103 utiliza\u021bi GlassOuse din pat, acest lucru v\u0103 va ajuta s\u0103 \u00eel men\u021bine\u021bi robust \u0219i ata\u0219at de corpul dumneavoastr\u0103. Lungimea sa este reglabil\u0103. <\/p>\n<h3><strong>Mod de utilizare<\/strong><\/h3>\n<ol>\n<li>Monta\u021bi GlassOuse pe G-Strap prin glisarea acestuia \u00een \u00eenchiz\u0103toare p\u00e2n\u0103 c\u00e2nd sunt ferme \u0219i stabile.<\/li>\n<li>Purta\u021bi G-Strap pe cap, bra\u021b, picior sau alte p\u0103r\u021bi ale corpului din care inten\u021biona\u021bi s\u0103 controla\u021bi GlassOuse. Pute\u021bi m\u0103ri sau mic\u0219ora lungimea acesteia \u00een mod corespunz\u0103tor. <\/li>\n<li>Pentru a \u00eendep\u0103rta GlassOuse, \u00eempinge\u021bi z\u0103vorul de \u00eendep\u0103rtare de pe \u00eencuietoare \u0219i trage\u021bi GlassOuse afar\u0103.<\/li>\n<\/ol>\n","protected":false},"excerpt":{"rendered":"<p>Prezentare general\u0103 a produsului O band\u0103 groas\u0103 \u0219i extensibil\u0103, realizat\u0103 din elastic moale \u0219i pl\u0103cut la atingere. Prinde\u021bi GlassOuse la [&hellip;]<\/p>\n","protected":false},"featured_media":31879,"template":"","meta":{"_acf_changed":false},"product_brand":[],"product_cat":[240],"product_tag":[],"class_list":{"0":"post-31873","1":"product","2":"type-product","3":"status-publish","4":"has-post-thumbnail","6":"product_cat-glassouse-g-wear","8":"first","9":"instock","10":"shipping-taxable","11":"purchasable","12":"product-type-simple"},"acf":[],"yoast_head":"<!-- This site is optimized with the Yoast SEO plugin v27.4 - https:\/\/yoast.com\/product\/yoast-seo-wordpress\/ -->\n<title>GW06 G-Strap Mare - Glassouse Assistive Device<\/title>\n<meta name=\"robots\" content=\"index, follow, max-snippet:-1, max-image-preview:large, max-video-preview:-1\" \/>\n<link rel=\"canonical\" href=\"https:\/\/glassouse.com\/ro\/product\/gw06-g-strap-mare\/\" \/>\n<meta property=\"og:locale\" content=\"ro_RO\" \/>\n<meta property=\"og:type\" content=\"article\" \/>\n<meta property=\"og:title\" content=\"GW06 G-Strap Mare - Glassouse Assistive Device\" \/>\n<meta property=\"og:description\" content=\"Prezentare general\u0103 a produsului O band\u0103 groas\u0103 \u0219i extensibil\u0103, realizat\u0103 din elastic moale \u0219i pl\u0103cut la atingere. Prinde\u021bi GlassOuse la [&hellip;]\" \/>\n<meta property=\"og:url\" content=\"https:\/\/glassouse.com\/ro\/product\/gw06-g-strap-mare\/\" \/>\n<meta property=\"og:site_name\" content=\"Glassouse Assistive Device\" \/>\n<meta property=\"article:publisher\" content=\"https:\/\/www.facebook.com\/glassouse\/\" \/>\n<meta property=\"og:image\" content=\"https:\/\/glassouse.com\/wp-content\/uploads\/2022\/06\/GW06-G-Strap-Big-7.jpg\" \/>\n\t<meta property=\"og:image:width\" content=\"1000\" \/>\n\t<meta property=\"og:image:height\" content=\"1000\" \/>\n\t<meta property=\"og:image:type\" content=\"image\/jpeg\" \/>\n<meta name=\"twitter:card\" content=\"summary_large_image\" \/>\n<meta name=\"twitter:site\" content=\"@glassouse\" \/>\n<meta name=\"twitter:label1\" content=\"Timp estimat pentru citire\" \/>\n\t<meta name=\"twitter:data1\" content=\"1 minut\" \/>\n<script type=\"application\/ld+json\" class=\"yoast-schema-graph\">{\"@context\":\"https:\\\/\\\/schema.org\",\"@graph\":[{\"@type\":\"WebPage\",\"@id\":\"https:\\\/\\\/glassouse.com\\\/ro\\\/product\\\/gw06-g-strap-mare\\\/\",\"url\":\"https:\\\/\\\/glassouse.com\\\/ro\\\/product\\\/gw06-g-strap-mare\\\/\",\"name\":\"GW06 G-Strap Mare - Glassouse Assistive Device\",\"isPartOf\":{\"@id\":\"https:\\\/\\\/glassouse.com\\\/ro\\\/#website\"},\"primaryImageOfPage\":{\"@id\":\"https:\\\/\\\/glassouse.com\\\/ro\\\/product\\\/gw06-g-strap-mare\\\/#primaryimage\"},\"image\":{\"@id\":\"https:\\\/\\\/glassouse.com\\\/ro\\\/product\\\/gw06-g-strap-mare\\\/#primaryimage\"},\"thumbnailUrl\":\"https:\\\/\\\/glassouse.com\\\/wp-content\\\/uploads\\\/2022\\\/06\\\/GW06-G-Strap-Big-7.jpg\",\"datePublished\":\"2022-06-28T19:36:13+00:00\",\"breadcrumb\":{\"@id\":\"https:\\\/\\\/glassouse.com\\\/ro\\\/product\\\/gw06-g-strap-mare\\\/#breadcrumb\"},\"inLanguage\":\"ro-RO\",\"potentialAction\":[{\"@type\":\"ReadAction\",\"target\":[\"https:\\\/\\\/glassouse.com\\\/ro\\\/product\\\/gw06-g-strap-mare\\\/\"]}]},{\"@type\":\"ImageObject\",\"inLanguage\":\"ro-RO\",\"@id\":\"https:\\\/\\\/glassouse.com\\\/ro\\\/product\\\/gw06-g-strap-mare\\\/#primaryimage\",\"url\":\"https:\\\/\\\/glassouse.com\\\/wp-content\\\/uploads\\\/2022\\\/06\\\/GW06-G-Strap-Big-7.jpg\",\"contentUrl\":\"https:\\\/\\\/glassouse.com\\\/wp-content\\\/uploads\\\/2022\\\/06\\\/GW06-G-Strap-Big-7.jpg\",\"width\":1000,\"height\":1000,\"caption\":\"G-Strap\"},{\"@type\":\"BreadcrumbList\",\"@id\":\"https:\\\/\\\/glassouse.com\\\/ro\\\/product\\\/gw06-g-strap-mare\\\/#breadcrumb\",\"itemListElement\":[{\"@type\":\"ListItem\",\"position\":1,\"name\":\"Home\",\"item\":\"https:\\\/\\\/glassouse.com\\\/ro\\\/acasa\\\/\"},{\"@type\":\"ListItem\",\"position\":2,\"name\":\"Magazin\",\"item\":\"https:\\\/\\\/glassouse.com\\\/ro\\\/magazin\\\/\"},{\"@type\":\"ListItem\",\"position\":3,\"name\":\"GW06 G-Strap Mare\"}]},{\"@type\":\"WebSite\",\"@id\":\"https:\\\/\\\/glassouse.com\\\/ro\\\/#website\",\"url\":\"https:\\\/\\\/glassouse.com\\\/ro\\\/\",\"name\":\"Glassouse Assistive Device\",\"description\":\"Assistive Device and Switches for Disabled\",\"publisher\":{\"@id\":\"https:\\\/\\\/glassouse.com\\\/ro\\\/#organization\"},\"potentialAction\":[{\"@type\":\"SearchAction\",\"target\":{\"@type\":\"EntryPoint\",\"urlTemplate\":\"https:\\\/\\\/glassouse.com\\\/ro\\\/?s={search_term_string}\"},\"query-input\":{\"@type\":\"PropertyValueSpecification\",\"valueRequired\":true,\"valueName\":\"search_term_string\"}}],\"inLanguage\":\"ro-RO\"},{\"@type\":\"Organization\",\"@id\":\"https:\\\/\\\/glassouse.com\\\/ro\\\/#organization\",\"name\":\"GlassOuse Assistive Device\",\"url\":\"https:\\\/\\\/glassouse.com\\\/ro\\\/\",\"logo\":{\"@type\":\"ImageObject\",\"inLanguage\":\"ro-RO\",\"@id\":\"https:\\\/\\\/glassouse.com\\\/ro\\\/#\\\/schema\\\/logo\\\/image\\\/\",\"url\":\"https:\\\/\\\/glassouse.com\\\/wp-content\\\/uploads\\\/2017\\\/11\\\/logo.jpg\",\"contentUrl\":\"https:\\\/\\\/glassouse.com\\\/wp-content\\\/uploads\\\/2017\\\/11\\\/logo.jpg\",\"width\":500,\"height\":500,\"caption\":\"GlassOuse Assistive Device\"},\"image\":{\"@id\":\"https:\\\/\\\/glassouse.com\\\/ro\\\/#\\\/schema\\\/logo\\\/image\\\/\"},\"sameAs\":[\"https:\\\/\\\/www.facebook.com\\\/glassouse\\\/\",\"https:\\\/\\\/x.com\\\/glassouse\",\"https:\\\/\\\/www.instagram.com\\\/glassouseassistivedevice\\\/\",\"https:\\\/\\\/www.linkedin.com\\\/company\\\/glassouse\\\/\",\"https:\\\/\\\/www.youtube.com\\\/channel\\\/UCM5pebcmVXbu00QYd91_Gyw\"]}]}<\/script>\n<!-- \/ Yoast SEO plugin. -->","yoast_head_json":{"title":"GW06 G-Strap Mare - Glassouse Assistive Device","robots":{"index":"index","follow":"follow","max-snippet":"max-snippet:-1","max-image-preview":"max-image-preview:large","max-video-preview":"max-video-preview:-1"},"canonical":"https:\/\/glassouse.com\/ro\/product\/gw06-g-strap-mare\/","og_locale":"ro_RO","og_type":"article","og_title":"GW06 G-Strap Mare - Glassouse Assistive Device","og_description":"Prezentare general\u0103 a produsului O band\u0103 groas\u0103 \u0219i extensibil\u0103, realizat\u0103 din elastic moale \u0219i pl\u0103cut la atingere. Prinde\u021bi GlassOuse la [&hellip;]","og_url":"https:\/\/glassouse.com\/ro\/product\/gw06-g-strap-mare\/","og_site_name":"Glassouse Assistive Device","article_publisher":"https:\/\/www.facebook.com\/glassouse\/","og_image":[{"width":1000,"height":1000,"url":"https:\/\/glassouse.com\/wp-content\/uploads\/2022\/06\/GW06-G-Strap-Big-7.jpg","type":"image\/jpeg"}],"twitter_card":"summary_large_image","twitter_site":"@glassouse","twitter_misc":{"Timp estimat pentru citire":"1 minut"},"schema":{"@context":"https:\/\/schema.org","@graph":[{"@type":"WebPage","@id":"https:\/\/glassouse.com\/ro\/product\/gw06-g-strap-mare\/","url":"https:\/\/glassouse.com\/ro\/product\/gw06-g-strap-mare\/","name":"GW06 G-Strap Mare - Glassouse Assistive Device","isPartOf":{"@id":"https:\/\/glassouse.com\/ro\/#website"},"primaryImageOfPage":{"@id":"https:\/\/glassouse.com\/ro\/product\/gw06-g-strap-mare\/#primaryimage"},"image":{"@id":"https:\/\/glassouse.com\/ro\/product\/gw06-g-strap-mare\/#primaryimage"},"thumbnailUrl":"https:\/\/glassouse.com\/wp-content\/uploads\/2022\/06\/GW06-G-Strap-Big-7.jpg","datePublished":"2022-06-28T19:36:13+00:00","breadcrumb":{"@id":"https:\/\/glassouse.com\/ro\/product\/gw06-g-strap-mare\/#breadcrumb"},"inLanguage":"ro-RO","potentialAction":[{"@type":"ReadAction","target":["https:\/\/glassouse.com\/ro\/product\/gw06-g-strap-mare\/"]}]},{"@type":"ImageObject","inLanguage":"ro-RO","@id":"https:\/\/glassouse.com\/ro\/product\/gw06-g-strap-mare\/#primaryimage","url":"https:\/\/glassouse.com\/wp-content\/uploads\/2022\/06\/GW06-G-Strap-Big-7.jpg","contentUrl":"https:\/\/glassouse.com\/wp-content\/uploads\/2022\/06\/GW06-G-Strap-Big-7.jpg","width":1000,"height":1000,"caption":"G-Strap"},{"@type":"BreadcrumbList","@id":"https:\/\/glassouse.com\/ro\/product\/gw06-g-strap-mare\/#breadcrumb","itemListElement":[{"@type":"ListItem","position":1,"name":"Home","item":"https:\/\/glassouse.com\/ro\/acasa\/"},{"@type":"ListItem","position":2,"name":"Magazin","item":"https:\/\/glassouse.com\/ro\/magazin\/"},{"@type":"ListItem","position":3,"name":"GW06 G-Strap Mare"}]},{"@type":"WebSite","@id":"https:\/\/glassouse.com\/ro\/#website","url":"https:\/\/glassouse.com\/ro\/","name":"Glassouse Assistive Device","description":"Assistive Device and Switches for Disabled","publisher":{"@id":"https:\/\/glassouse.com\/ro\/#organization"},"potentialAction":[{"@type":"SearchAction","target":{"@type":"EntryPoint","urlTemplate":"https:\/\/glassouse.com\/ro\/?s={search_term_string}"},"query-input":{"@type":"PropertyValueSpecification","valueRequired":true,"valueName":"search_term_string"}}],"inLanguage":"ro-RO"},{"@type":"Organization","@id":"https:\/\/glassouse.com\/ro\/#organization","name":"GlassOuse Assistive Device","url":"https:\/\/glassouse.com\/ro\/","logo":{"@type":"ImageObject","inLanguage":"ro-RO","@id":"https:\/\/glassouse.com\/ro\/#\/schema\/logo\/image\/","url":"https:\/\/glassouse.com\/wp-content\/uploads\/2017\/11\/logo.jpg","contentUrl":"https:\/\/glassouse.com\/wp-content\/uploads\/2017\/11\/logo.jpg","width":500,"height":500,"caption":"GlassOuse Assistive Device"},"image":{"@id":"https:\/\/glassouse.com\/ro\/#\/schema\/logo\/image\/"},"sameAs":["https:\/\/www.facebook.com\/glassouse\/","https:\/\/x.com\/glassouse","https:\/\/www.instagram.com\/glassouseassistivedevice\/","https:\/\/www.linkedin.com\/company\/glassouse\/","https:\/\/www.youtube.com\/channel\/UCM5pebcmVXbu00QYd91_Gyw"]}]}},"_links":{"self":[{"href":"https:\/\/glassouse.com\/ro\/wp-json\/wp\/v2\/product\/31873","targetHints":{"allow":["GET"]}}],"collection":[{"href":"https:\/\/glassouse.com\/ro\/wp-json\/wp\/v2\/product"}],"about":[{"href":"https:\/\/glassouse.com\/ro\/wp-json\/wp\/v2\/types\/product"}],"wp:featuredmedia":[{"embeddable":true,"href":"https:\/\/glassouse.com\/ro\/wp-json\/wp\/v2\/media\/31879"}],"wp:attachment":[{"href":"https:\/\/glassouse.com\/ro\/wp-json\/wp\/v2\/media?parent=31873"}],"wp:term":[{"taxonomy":"product_brand","embeddable":true,"href":"https:\/\/glassouse.com\/ro\/wp-json\/wp\/v2\/product_brand?post=31873"},{"taxonomy":"product_cat","embeddable":true,"href":"https:\/\/glassouse.com\/ro\/wp-json\/wp\/v2\/product_cat?post=31873"},{"taxonomy":"product_tag","embeddable":true,"href":"https:\/\/glassouse.com\/ro\/wp-json\/wp\/v2\/product_tag?post=31873"}],"curies":[{"name":"wp","href":"https:\/\/api.w.org\/{rel}","templated":true}]}}