{"id":32140,"date":"2022-07-16T02:31:59","date_gmt":"2022-07-15T18:31:59","guid":{"rendered":"https:\/\/glassouse.com\/product\/ac06-3-5mm-jack-y-splitter\/"},"modified":"2022-07-16T02:31:59","modified_gmt":"2022-07-15T18:31:59","slug":"ac06-3-5mm-jack-y-splitter","status":"publish","type":"product","link":"https:\/\/glassouse.com\/ro\/product\/ac06-3-5mm-jack-y-splitter\/","title":{"rendered":"AC06 3.5mm Jack Y-Splitter"},"content":{"rendered":"","protected":false},"excerpt":{"rendered":"<p><strong>Suportat: <\/strong>GlassOuse PRO\/Link.<\/p>\n<p><strong>1X pc 3,5 mm Jack Y-Splitter<\/strong><\/p>\n<p>Un splitter jack de 3,5 mm, care permite utilizatorului s\u0103 conecteze dou\u0103 comutatoare asistive (jack de 3,5 mm) la un singur port pe GlassOuse PRO \u0219i GlassOuse Link. Ambele func\u021bii ale comutatoarelor conectate pot fi atribuite sau modificate utiliz\u00e2nd GlassOuse APP. <\/p>\n<p><strong>NOT\u0102:<\/strong> Acest produs nu suport\u0103 GlassOuse V1.4<\/p>\n<div id=\"gtx-trans\" style=\"position: absolute; left: 218px; top: 36.3333px;\">\n<div class=\"gtx-trans-icon\"><\/div>\n<\/div>\n","protected":false},"featured_media":32151,"template":"","meta":{"_acf_changed":false},"product_brand":[],"product_cat":[358],"product_tag":[],"class_list":{"0":"post-32140","1":"product","2":"type-product","3":"status-publish","4":"has-post-thumbnail","6":"product_cat-accesorii-glassouse","7":"product_shipping_class-accesorii","9":"first","10":"instock","11":"shipping-taxable","12":"purchasable","13":"product-type-simple"},"acf":[],"yoast_head":"<!-- This site is optimized with the Yoast SEO plugin v27.5 - https:\/\/yoast.com\/product\/yoast-seo-wordpress\/ -->\n<title>GlassOuse Bite Switch Capac de silicon pentru v\u00e2nzare - Design pentru Dizabilit\u0103\u021bi<\/title>\n<meta name=\"description\" content=\"Capac din silicon pentru comutatorul de mu\u0219c\u0103tur\u0103 al dispozitivului asistiv GlassOuse. Conceput pentru persoanele cu dizabilit\u0103\u021bi, fabricat din materiale durabile \u0219i solide. Livrare \u00een \u00eentreaga lume.\" \/>\n<meta name=\"robots\" content=\"index, follow, max-snippet:-1, max-image-preview:large, max-video-preview:-1\" \/>\n<link rel=\"canonical\" href=\"https:\/\/glassouse.com\/ro\/product\/ac06-3-5mm-jack-y-splitter\/\" \/>\n<meta property=\"og:locale\" content=\"ro_RO\" \/>\n<meta property=\"og:type\" content=\"article\" \/>\n<meta property=\"og:title\" content=\"GlassOuse Bite Switch Capac de silicon pentru v\u00e2nzare - Design pentru Dizabilit\u0103\u021bi\" \/>\n<meta property=\"og:description\" content=\"Capac din silicon pentru comutatorul de mu\u0219c\u0103tur\u0103 al dispozitivului asistiv GlassOuse. Conceput pentru persoanele cu dizabilit\u0103\u021bi, fabricat din materiale durabile \u0219i solide. Livrare \u00een \u00eentreaga lume.\" \/>\n<meta property=\"og:url\" content=\"https:\/\/glassouse.com\/ro\/product\/ac06-3-5mm-jack-y-splitter\/\" \/>\n<meta property=\"og:site_name\" content=\"Glassouse Assistive Device\" \/>\n<meta property=\"article:publisher\" content=\"https:\/\/www.facebook.com\/glassouse\/\" \/>\n<meta property=\"og:image\" content=\"https:\/\/glassouse.com\/wp-content\/uploads\/2022\/07\/ac06-featured-img.png\" \/>\n\t<meta property=\"og:image:width\" content=\"1000\" \/>\n\t<meta property=\"og:image:height\" content=\"1000\" \/>\n\t<meta property=\"og:image:type\" content=\"image\/png\" \/>\n<meta name=\"twitter:card\" content=\"summary_large_image\" \/>\n<meta name=\"twitter:site\" content=\"@glassouse\" \/>\n<script type=\"application\/ld+json\" class=\"yoast-schema-graph\">{\"@context\":\"https:\\\/\\\/schema.org\",\"@graph\":[{\"@type\":\"WebPage\",\"@id\":\"https:\\\/\\\/glassouse.com\\\/ro\\\/product\\\/ac06-3-5mm-jack-y-splitter\\\/\",\"url\":\"https:\\\/\\\/glassouse.com\\\/ro\\\/product\\\/ac06-3-5mm-jack-y-splitter\\\/\",\"name\":\"GlassOuse Bite Switch Capac de silicon pentru v\u00e2nzare - Design pentru Dizabilit\u0103\u021bi\",\"isPartOf\":{\"@id\":\"https:\\\/\\\/glassouse.com\\\/ro\\\/#website\"},\"primaryImageOfPage\":{\"@id\":\"https:\\\/\\\/glassouse.com\\\/ro\\\/product\\\/ac06-3-5mm-jack-y-splitter\\\/#primaryimage\"},\"image\":{\"@id\":\"https:\\\/\\\/glassouse.com\\\/ro\\\/product\\\/ac06-3-5mm-jack-y-splitter\\\/#primaryimage\"},\"thumbnailUrl\":\"https:\\\/\\\/glassouse.com\\\/wp-content\\\/uploads\\\/2022\\\/07\\\/ac06-featured-img.png\",\"datePublished\":\"2022-07-15T18:31:59+00:00\",\"description\":\"Capac din silicon pentru comutatorul de mu\u0219c\u0103tur\u0103 al dispozitivului asistiv GlassOuse. Conceput pentru persoanele cu dizabilit\u0103\u021bi, fabricat din materiale durabile \u0219i solide. Livrare \u00een \u00eentreaga lume.\",\"breadcrumb\":{\"@id\":\"https:\\\/\\\/glassouse.com\\\/ro\\\/product\\\/ac06-3-5mm-jack-y-splitter\\\/#breadcrumb\"},\"inLanguage\":\"ro-RO\",\"potentialAction\":[{\"@type\":\"ReadAction\",\"target\":[\"https:\\\/\\\/glassouse.com\\\/ro\\\/product\\\/ac06-3-5mm-jack-y-splitter\\\/\"]}]},{\"@type\":\"ImageObject\",\"inLanguage\":\"ro-RO\",\"@id\":\"https:\\\/\\\/glassouse.com\\\/ro\\\/product\\\/ac06-3-5mm-jack-y-splitter\\\/#primaryimage\",\"url\":\"https:\\\/\\\/glassouse.com\\\/wp-content\\\/uploads\\\/2022\\\/07\\\/ac06-featured-img.png\",\"contentUrl\":\"https:\\\/\\\/glassouse.com\\\/wp-content\\\/uploads\\\/2022\\\/07\\\/ac06-featured-img.png\",\"width\":1000,\"height\":1000,\"caption\":\"Ac06\"},{\"@type\":\"BreadcrumbList\",\"@id\":\"https:\\\/\\\/glassouse.com\\\/ro\\\/product\\\/ac06-3-5mm-jack-y-splitter\\\/#breadcrumb\",\"itemListElement\":[{\"@type\":\"ListItem\",\"position\":1,\"name\":\"Home\",\"item\":\"https:\\\/\\\/glassouse.com\\\/ro\\\/\"},{\"@type\":\"ListItem\",\"position\":2,\"name\":\"Magazin\",\"item\":\"https:\\\/\\\/glassouse.com\\\/ro\\\/magazin\\\/\"},{\"@type\":\"ListItem\",\"position\":3,\"name\":\"AC06 3.5mm Jack Y-Splitter\"}]},{\"@type\":\"WebSite\",\"@id\":\"https:\\\/\\\/glassouse.com\\\/ro\\\/#website\",\"url\":\"https:\\\/\\\/glassouse.com\\\/ro\\\/\",\"name\":\"Glassouse Assistive Device\",\"description\":\"Assistive Device and Switches for Disabled\",\"publisher\":{\"@id\":\"https:\\\/\\\/glassouse.com\\\/ro\\\/#organization\"},\"potentialAction\":[{\"@type\":\"SearchAction\",\"target\":{\"@type\":\"EntryPoint\",\"urlTemplate\":\"https:\\\/\\\/glassouse.com\\\/ro\\\/?s={search_term_string}\"},\"query-input\":{\"@type\":\"PropertyValueSpecification\",\"valueRequired\":true,\"valueName\":\"search_term_string\"}}],\"inLanguage\":\"ro-RO\"},{\"@type\":\"Organization\",\"@id\":\"https:\\\/\\\/glassouse.com\\\/ro\\\/#organization\",\"name\":\"GlassOuse Assistive Device\",\"url\":\"https:\\\/\\\/glassouse.com\\\/ro\\\/\",\"logo\":{\"@type\":\"ImageObject\",\"inLanguage\":\"ro-RO\",\"@id\":\"https:\\\/\\\/glassouse.com\\\/ro\\\/#\\\/schema\\\/logo\\\/image\\\/\",\"url\":\"https:\\\/\\\/glassouse.com\\\/wp-content\\\/uploads\\\/2017\\\/11\\\/logo.jpg\",\"contentUrl\":\"https:\\\/\\\/glassouse.com\\\/wp-content\\\/uploads\\\/2017\\\/11\\\/logo.jpg\",\"width\":500,\"height\":500,\"caption\":\"GlassOuse Assistive Device\"},\"image\":{\"@id\":\"https:\\\/\\\/glassouse.com\\\/ro\\\/#\\\/schema\\\/logo\\\/image\\\/\"},\"sameAs\":[\"https:\\\/\\\/www.facebook.com\\\/glassouse\\\/\",\"https:\\\/\\\/x.com\\\/glassouse\",\"https:\\\/\\\/www.instagram.com\\\/glassouseassistivedevice\\\/\",\"https:\\\/\\\/www.linkedin.com\\\/company\\\/glassouse\\\/\",\"https:\\\/\\\/www.youtube.com\\\/channel\\\/UCM5pebcmVXbu00QYd91_Gyw\"]}]}<\/script>\n<!-- \/ Yoast SEO plugin. -->","yoast_head_json":{"title":"GlassOuse Bite Switch Capac de silicon pentru v\u00e2nzare - Design pentru Dizabilit\u0103\u021bi","description":"Capac din silicon pentru comutatorul de mu\u0219c\u0103tur\u0103 al dispozitivului asistiv GlassOuse. Conceput pentru persoanele cu dizabilit\u0103\u021bi, fabricat din materiale durabile \u0219i solide. Livrare \u00een \u00eentreaga lume.","robots":{"index":"index","follow":"follow","max-snippet":"max-snippet:-1","max-image-preview":"max-image-preview:large","max-video-preview":"max-video-preview:-1"},"canonical":"https:\/\/glassouse.com\/ro\/product\/ac06-3-5mm-jack-y-splitter\/","og_locale":"ro_RO","og_type":"article","og_title":"GlassOuse Bite Switch Capac de silicon pentru v\u00e2nzare - Design pentru Dizabilit\u0103\u021bi","og_description":"Capac din silicon pentru comutatorul de mu\u0219c\u0103tur\u0103 al dispozitivului asistiv GlassOuse. Conceput pentru persoanele cu dizabilit\u0103\u021bi, fabricat din materiale durabile \u0219i solide. Livrare \u00een \u00eentreaga lume.","og_url":"https:\/\/glassouse.com\/ro\/product\/ac06-3-5mm-jack-y-splitter\/","og_site_name":"Glassouse Assistive Device","article_publisher":"https:\/\/www.facebook.com\/glassouse\/","og_image":[{"width":1000,"height":1000,"url":"https:\/\/glassouse.com\/wp-content\/uploads\/2022\/07\/ac06-featured-img.png","type":"image\/png"}],"twitter_card":"summary_large_image","twitter_site":"@glassouse","schema":{"@context":"https:\/\/schema.org","@graph":[{"@type":"WebPage","@id":"https:\/\/glassouse.com\/ro\/product\/ac06-3-5mm-jack-y-splitter\/","url":"https:\/\/glassouse.com\/ro\/product\/ac06-3-5mm-jack-y-splitter\/","name":"GlassOuse Bite Switch Capac de silicon pentru v\u00e2nzare - Design pentru Dizabilit\u0103\u021bi","isPartOf":{"@id":"https:\/\/glassouse.com\/ro\/#website"},"primaryImageOfPage":{"@id":"https:\/\/glassouse.com\/ro\/product\/ac06-3-5mm-jack-y-splitter\/#primaryimage"},"image":{"@id":"https:\/\/glassouse.com\/ro\/product\/ac06-3-5mm-jack-y-splitter\/#primaryimage"},"thumbnailUrl":"https:\/\/glassouse.com\/wp-content\/uploads\/2022\/07\/ac06-featured-img.png","datePublished":"2022-07-15T18:31:59+00:00","description":"Capac din silicon pentru comutatorul de mu\u0219c\u0103tur\u0103 al dispozitivului asistiv GlassOuse. Conceput pentru persoanele cu dizabilit\u0103\u021bi, fabricat din materiale durabile \u0219i solide. Livrare \u00een \u00eentreaga lume.","breadcrumb":{"@id":"https:\/\/glassouse.com\/ro\/product\/ac06-3-5mm-jack-y-splitter\/#breadcrumb"},"inLanguage":"ro-RO","potentialAction":[{"@type":"ReadAction","target":["https:\/\/glassouse.com\/ro\/product\/ac06-3-5mm-jack-y-splitter\/"]}]},{"@type":"ImageObject","inLanguage":"ro-RO","@id":"https:\/\/glassouse.com\/ro\/product\/ac06-3-5mm-jack-y-splitter\/#primaryimage","url":"https:\/\/glassouse.com\/wp-content\/uploads\/2022\/07\/ac06-featured-img.png","contentUrl":"https:\/\/glassouse.com\/wp-content\/uploads\/2022\/07\/ac06-featured-img.png","width":1000,"height":1000,"caption":"Ac06"},{"@type":"BreadcrumbList","@id":"https:\/\/glassouse.com\/ro\/product\/ac06-3-5mm-jack-y-splitter\/#breadcrumb","itemListElement":[{"@type":"ListItem","position":1,"name":"Home","item":"https:\/\/glassouse.com\/ro\/"},{"@type":"ListItem","position":2,"name":"Magazin","item":"https:\/\/glassouse.com\/ro\/magazin\/"},{"@type":"ListItem","position":3,"name":"AC06 3.5mm Jack Y-Splitter"}]},{"@type":"WebSite","@id":"https:\/\/glassouse.com\/ro\/#website","url":"https:\/\/glassouse.com\/ro\/","name":"Glassouse Assistive Device","description":"Assistive Device and Switches for Disabled","publisher":{"@id":"https:\/\/glassouse.com\/ro\/#organization"},"potentialAction":[{"@type":"SearchAction","target":{"@type":"EntryPoint","urlTemplate":"https:\/\/glassouse.com\/ro\/?s={search_term_string}"},"query-input":{"@type":"PropertyValueSpecification","valueRequired":true,"valueName":"search_term_string"}}],"inLanguage":"ro-RO"},{"@type":"Organization","@id":"https:\/\/glassouse.com\/ro\/#organization","name":"GlassOuse Assistive Device","url":"https:\/\/glassouse.com\/ro\/","logo":{"@type":"ImageObject","inLanguage":"ro-RO","@id":"https:\/\/glassouse.com\/ro\/#\/schema\/logo\/image\/","url":"https:\/\/glassouse.com\/wp-content\/uploads\/2017\/11\/logo.jpg","contentUrl":"https:\/\/glassouse.com\/wp-content\/uploads\/2017\/11\/logo.jpg","width":500,"height":500,"caption":"GlassOuse Assistive Device"},"image":{"@id":"https:\/\/glassouse.com\/ro\/#\/schema\/logo\/image\/"},"sameAs":["https:\/\/www.facebook.com\/glassouse\/","https:\/\/x.com\/glassouse","https:\/\/www.instagram.com\/glassouseassistivedevice\/","https:\/\/www.linkedin.com\/company\/glassouse\/","https:\/\/www.youtube.com\/channel\/UCM5pebcmVXbu00QYd91_Gyw"]}]}},"_links":{"self":[{"href":"https:\/\/glassouse.com\/ro\/wp-json\/wp\/v2\/product\/32140","targetHints":{"allow":["GET"]}}],"collection":[{"href":"https:\/\/glassouse.com\/ro\/wp-json\/wp\/v2\/product"}],"about":[{"href":"https:\/\/glassouse.com\/ro\/wp-json\/wp\/v2\/types\/product"}],"wp:featuredmedia":[{"embeddable":true,"href":"https:\/\/glassouse.com\/ro\/wp-json\/wp\/v2\/media\/32151"}],"wp:attachment":[{"href":"https:\/\/glassouse.com\/ro\/wp-json\/wp\/v2\/media?parent=32140"}],"wp:term":[{"taxonomy":"product_brand","embeddable":true,"href":"https:\/\/glassouse.com\/ro\/wp-json\/wp\/v2\/product_brand?post=32140"},{"taxonomy":"product_cat","embeddable":true,"href":"https:\/\/glassouse.com\/ro\/wp-json\/wp\/v2\/product_cat?post=32140"},{"taxonomy":"product_tag","embeddable":true,"href":"https:\/\/glassouse.com\/ro\/wp-json\/wp\/v2\/product_tag?post=32140"}],"curies":[{"name":"wp","href":"https:\/\/api.w.org\/{rel}","templated":true}]}}