{"id":32350,"date":"2022-08-25T06:35:36","date_gmt":"2022-08-24T22:35:36","guid":{"rendered":"https:\/\/glassouse.com\/product\/glassouse-pro-link-bundle\/"},"modified":"2022-08-25T06:35:36","modified_gmt":"2022-08-24T22:35:36","slug":"glassouse-pro-link-bundle","status":"publish","type":"product","link":"https:\/\/glassouse.com\/ro\/product\/glassouse-pro-link-bundle\/","title":{"rendered":"GlassOuse PRO + Link Bundle"},"content":{"rendered":"","protected":false},"excerpt":{"rendered":"<p><strong>1x<\/strong> GlassOuse PRO<br \/>\n<strong>1x<\/strong> Link GlassOuse<\/p>\n<p><strong>1x <\/strong>G-Speech<\/p>\n<p><strong>17x<\/strong> Comutatoare G: GS01 Comutator mu\u0219c\u0103tur\u0103, GS02 Comutator puf, GS03 Comutator deget, GS04 Comutator picior, GS05 Comutator pres\u0103 100gr (+MINI), GS06 Comutator pres\u0103 150gr (+MINI), GS07 Comutator pern\u0103 (+MINI), GS08 Comutator tactil (+MINI), GS09 Comutator proximitate (+MINI), GS11 Comutator obraz, GS12 Comutator clipire, GS13 Comutator mu\u0219chi.<\/p>\n<p><strong>7x<\/strong> G-Wear: GW01 G-Framewear, GW02 G-Headband, GW03 G-Cap, GW04 G-Beanie Hat, GW05 G-Strap (S), GW06 G-Strap(B). GW07 Capac de ochelari din silicon <\/p>\n<p><strong>4x<\/strong> Accesorii : AC01 Capac comutator silicon, AC02 Cablu prelungitor de 3,5 mm, AC04 Capac comutator pern\u0103, AC06 Jack Y-Splitter de 3,5 mm.<\/p>\n<p><strong>1x<\/strong> GM01 G-Mount pentru telefoane \u0219i tablete<\/p>\n<p>* Toate accesoriile aferente sunt incluse<\/p>\n<p><a href=\"https:\/\/glassouse.com\/ro\/garantie-de-bani-inapoi\/\"><img decoding=\"async\" class=\"alignnone wp-image-1817\" src=\"https:\/\/glassouse.com\/wp-content\/uploads\/2017\/11\/15_Day_Money_Back_47882ccb-f31c-4b58-ab77-9b78929009ef_grande.png\" alt=\"\" width=\"120\" height=\"120\" srcset=\"https:\/\/glassouse.com\/wp-content\/uploads\/2017\/11\/15_Day_Money_Back_47882ccb-f31c-4b58-ab77-9b78929009ef_grande.png 150w, https:\/\/glassouse.com\/wp-content\/uploads\/2017\/11\/15_Day_Money_Back_47882ccb-f31c-4b58-ab77-9b78929009ef_grande-100x100.png 100w, https:\/\/glassouse.com\/wp-content\/uploads\/2017\/11\/15_Day_Money_Back_47882ccb-f31c-4b58-ab77-9b78929009ef_grande-75x75.png 75w\" sizes=\"(max-width: 120px) 100vw, 120px\" \/><\/a> <img decoding=\"async\" class=\"alignnone wp-image-3424\" src=\"https:\/\/glassouse.com\/wp-content\/uploads\/2020\/08\/A4.png\" alt=\"Garan\u021bia GlassOuse\" width=\"120\" height=\"120\" srcset=\"https:\/\/glassouse.com\/wp-content\/uploads\/2020\/08\/A4.png 345w, https:\/\/glassouse.com\/wp-content\/uploads\/2020\/08\/A4-300x299.png 300w, https:\/\/glassouse.com\/wp-content\/uploads\/2020\/08\/A4-100x100.png 100w, https:\/\/glassouse.com\/wp-content\/uploads\/2020\/08\/A4-150x150.png 150w\" sizes=\"(max-width: 120px) 100vw, 120px\" \/><\/p>\n<p><strong>Comanda\u021bi toate, economisi\u021bi!<\/strong>  Set complet de GlassOuse PRO + Link, G-Switch Series, G-Speech, G-Wear \u0219i G-Mount cu toate accesoriile. Este ideal pentru \u0219coli, centre de reabilitare \u0219i spitale pentru a ad\u0103uga toate elementele de bibliotec\u0103. Fiecare element vine cu cutia sa, accesorii \u0219i manuale de utilizare.  <\/p>\n","protected":false},"featured_media":32376,"template":"","meta":{"_acf_changed":false},"product_brand":[],"product_cat":[282],"product_tag":[385,386,387],"class_list":{"0":"post-32350","1":"product","2":"type-product","3":"status-publish","4":"has-post-thumbnail","6":"product_cat-pachet-glassouse","7":"product_tag-pro","8":"product_tag-legatura","9":"product_tag-pachet","10":"product_shipping_class-glassouse","12":"first","13":"instock","14":"sale","15":"shipping-taxable","16":"purchasable","17":"product-type-simple"},"acf":[],"yoast_head":"<!-- This site is optimized with the Yoast SEO plugin v27.4 - https:\/\/yoast.com\/product\/yoast-seo-wordpress\/ -->\n<title>GlassOuse PRO + Link Bundle cu toate comutatoarele, accesoriile<\/title>\n<meta name=\"description\" content=\"Cump\u0103ra\u021bi GlassOuse PRO + Link Assistive Bundle - O solu\u021bie asistiv\u0103 perfect\u0103. Pentru \u0219coli, spitale, centre de reabilitare \u0219i organiza\u021bii.\" \/>\n<meta name=\"robots\" content=\"index, follow, max-snippet:-1, max-image-preview:large, max-video-preview:-1\" \/>\n<link rel=\"canonical\" href=\"https:\/\/glassouse.com\/ro\/product\/glassouse-pro-link-bundle\/\" \/>\n<meta property=\"og:locale\" content=\"ro_RO\" \/>\n<meta property=\"og:type\" content=\"article\" \/>\n<meta property=\"og:title\" content=\"GlassOuse PRO + Link Bundle cu toate comutatoarele, accesoriile\" \/>\n<meta property=\"og:description\" content=\"Cump\u0103ra\u021bi GlassOuse PRO + Link Assistive Bundle - O solu\u021bie asistiv\u0103 perfect\u0103. Pentru \u0219coli, spitale, centre de reabilitare \u0219i organiza\u021bii.\" \/>\n<meta property=\"og:url\" content=\"https:\/\/glassouse.com\/ro\/product\/glassouse-pro-link-bundle\/\" \/>\n<meta property=\"og:site_name\" content=\"Glassouse Assistive Device\" \/>\n<meta property=\"article:publisher\" content=\"https:\/\/www.facebook.com\/glassouse\/\" \/>\n<meta property=\"og:image\" content=\"https:\/\/glassouse.com\/wp-content\/uploads\/2022\/08\/GlassOuse_PROLink_Bundle.jpg\" \/>\n\t<meta property=\"og:image:width\" content=\"2560\" \/>\n\t<meta property=\"og:image:height\" content=\"2560\" \/>\n\t<meta property=\"og:image:type\" content=\"image\/jpeg\" \/>\n<meta name=\"twitter:card\" content=\"summary_large_image\" \/>\n<meta name=\"twitter:site\" content=\"@glassouse\" \/>\n<script type=\"application\/ld+json\" class=\"yoast-schema-graph\">{\"@context\":\"https:\\\/\\\/schema.org\",\"@graph\":[{\"@type\":\"WebPage\",\"@id\":\"https:\\\/\\\/glassouse.com\\\/ro\\\/product\\\/glassouse-pro-link-bundle\\\/\",\"url\":\"https:\\\/\\\/glassouse.com\\\/ro\\\/product\\\/glassouse-pro-link-bundle\\\/\",\"name\":\"GlassOuse PRO + Link Bundle cu toate comutatoarele, accesoriile\",\"isPartOf\":{\"@id\":\"https:\\\/\\\/glassouse.com\\\/ro\\\/#website\"},\"primaryImageOfPage\":{\"@id\":\"https:\\\/\\\/glassouse.com\\\/ro\\\/product\\\/glassouse-pro-link-bundle\\\/#primaryimage\"},\"image\":{\"@id\":\"https:\\\/\\\/glassouse.com\\\/ro\\\/product\\\/glassouse-pro-link-bundle\\\/#primaryimage\"},\"thumbnailUrl\":\"https:\\\/\\\/glassouse.com\\\/wp-content\\\/uploads\\\/2022\\\/08\\\/GlassOuse_PROLink_Bundle.jpg\",\"datePublished\":\"2022-08-24T22:35:36+00:00\",\"description\":\"Cump\u0103ra\u021bi GlassOuse PRO + Link Assistive Bundle - O solu\u021bie asistiv\u0103 perfect\u0103. Pentru \u0219coli, spitale, centre de reabilitare \u0219i organiza\u021bii.\",\"breadcrumb\":{\"@id\":\"https:\\\/\\\/glassouse.com\\\/ro\\\/product\\\/glassouse-pro-link-bundle\\\/#breadcrumb\"},\"inLanguage\":\"ro-RO\",\"potentialAction\":[{\"@type\":\"ReadAction\",\"target\":[\"https:\\\/\\\/glassouse.com\\\/ro\\\/product\\\/glassouse-pro-link-bundle\\\/\"]}]},{\"@type\":\"ImageObject\",\"inLanguage\":\"ro-RO\",\"@id\":\"https:\\\/\\\/glassouse.com\\\/ro\\\/product\\\/glassouse-pro-link-bundle\\\/#primaryimage\",\"url\":\"https:\\\/\\\/glassouse.com\\\/wp-content\\\/uploads\\\/2022\\\/08\\\/GlassOuse_PROLink_Bundle.jpg\",\"contentUrl\":\"https:\\\/\\\/glassouse.com\\\/wp-content\\\/uploads\\\/2022\\\/08\\\/GlassOuse_PROLink_Bundle.jpg\",\"width\":2560,\"height\":2560,\"caption\":\"Dispozitiv de asisten\u021b\u0103 GlassOuse PRO + Link Bundle\"},{\"@type\":\"BreadcrumbList\",\"@id\":\"https:\\\/\\\/glassouse.com\\\/ro\\\/product\\\/glassouse-pro-link-bundle\\\/#breadcrumb\",\"itemListElement\":[{\"@type\":\"ListItem\",\"position\":1,\"name\":\"Home\",\"item\":\"https:\\\/\\\/glassouse.com\\\/ro\\\/acasa\\\/\"},{\"@type\":\"ListItem\",\"position\":2,\"name\":\"Magazin\",\"item\":\"https:\\\/\\\/glassouse.com\\\/ro\\\/magazin\\\/\"},{\"@type\":\"ListItem\",\"position\":3,\"name\":\"GlassOuse PRO + Link Bundle\"}]},{\"@type\":\"WebSite\",\"@id\":\"https:\\\/\\\/glassouse.com\\\/ro\\\/#website\",\"url\":\"https:\\\/\\\/glassouse.com\\\/ro\\\/\",\"name\":\"Glassouse Assistive Device\",\"description\":\"Assistive Device and Switches for Disabled\",\"publisher\":{\"@id\":\"https:\\\/\\\/glassouse.com\\\/ro\\\/#organization\"},\"potentialAction\":[{\"@type\":\"SearchAction\",\"target\":{\"@type\":\"EntryPoint\",\"urlTemplate\":\"https:\\\/\\\/glassouse.com\\\/ro\\\/?s={search_term_string}\"},\"query-input\":{\"@type\":\"PropertyValueSpecification\",\"valueRequired\":true,\"valueName\":\"search_term_string\"}}],\"inLanguage\":\"ro-RO\"},{\"@type\":\"Organization\",\"@id\":\"https:\\\/\\\/glassouse.com\\\/ro\\\/#organization\",\"name\":\"GlassOuse Assistive Device\",\"url\":\"https:\\\/\\\/glassouse.com\\\/ro\\\/\",\"logo\":{\"@type\":\"ImageObject\",\"inLanguage\":\"ro-RO\",\"@id\":\"https:\\\/\\\/glassouse.com\\\/ro\\\/#\\\/schema\\\/logo\\\/image\\\/\",\"url\":\"https:\\\/\\\/glassouse.com\\\/wp-content\\\/uploads\\\/2017\\\/11\\\/logo.jpg\",\"contentUrl\":\"https:\\\/\\\/glassouse.com\\\/wp-content\\\/uploads\\\/2017\\\/11\\\/logo.jpg\",\"width\":500,\"height\":500,\"caption\":\"GlassOuse Assistive Device\"},\"image\":{\"@id\":\"https:\\\/\\\/glassouse.com\\\/ro\\\/#\\\/schema\\\/logo\\\/image\\\/\"},\"sameAs\":[\"https:\\\/\\\/www.facebook.com\\\/glassouse\\\/\",\"https:\\\/\\\/x.com\\\/glassouse\",\"https:\\\/\\\/www.instagram.com\\\/glassouseassistivedevice\\\/\",\"https:\\\/\\\/www.linkedin.com\\\/company\\\/glassouse\\\/\",\"https:\\\/\\\/www.youtube.com\\\/channel\\\/UCM5pebcmVXbu00QYd91_Gyw\"]}]}<\/script>\n<!-- \/ Yoast SEO plugin. -->","yoast_head_json":{"title":"GlassOuse PRO + Link Bundle cu toate comutatoarele, accesoriile","description":"Cump\u0103ra\u021bi GlassOuse PRO + Link Assistive Bundle - O solu\u021bie asistiv\u0103 perfect\u0103. Pentru \u0219coli, spitale, centre de reabilitare \u0219i organiza\u021bii.","robots":{"index":"index","follow":"follow","max-snippet":"max-snippet:-1","max-image-preview":"max-image-preview:large","max-video-preview":"max-video-preview:-1"},"canonical":"https:\/\/glassouse.com\/ro\/product\/glassouse-pro-link-bundle\/","og_locale":"ro_RO","og_type":"article","og_title":"GlassOuse PRO + Link Bundle cu toate comutatoarele, accesoriile","og_description":"Cump\u0103ra\u021bi GlassOuse PRO + Link Assistive Bundle - O solu\u021bie asistiv\u0103 perfect\u0103. Pentru \u0219coli, spitale, centre de reabilitare \u0219i organiza\u021bii.","og_url":"https:\/\/glassouse.com\/ro\/product\/glassouse-pro-link-bundle\/","og_site_name":"Glassouse Assistive Device","article_publisher":"https:\/\/www.facebook.com\/glassouse\/","og_image":[{"width":2560,"height":2560,"url":"https:\/\/glassouse.com\/wp-content\/uploads\/2022\/08\/GlassOuse_PROLink_Bundle.jpg","type":"image\/jpeg"}],"twitter_card":"summary_large_image","twitter_site":"@glassouse","schema":{"@context":"https:\/\/schema.org","@graph":[{"@type":"WebPage","@id":"https:\/\/glassouse.com\/ro\/product\/glassouse-pro-link-bundle\/","url":"https:\/\/glassouse.com\/ro\/product\/glassouse-pro-link-bundle\/","name":"GlassOuse PRO + Link Bundle cu toate comutatoarele, accesoriile","isPartOf":{"@id":"https:\/\/glassouse.com\/ro\/#website"},"primaryImageOfPage":{"@id":"https:\/\/glassouse.com\/ro\/product\/glassouse-pro-link-bundle\/#primaryimage"},"image":{"@id":"https:\/\/glassouse.com\/ro\/product\/glassouse-pro-link-bundle\/#primaryimage"},"thumbnailUrl":"https:\/\/glassouse.com\/wp-content\/uploads\/2022\/08\/GlassOuse_PROLink_Bundle.jpg","datePublished":"2022-08-24T22:35:36+00:00","description":"Cump\u0103ra\u021bi GlassOuse PRO + Link Assistive Bundle - O solu\u021bie asistiv\u0103 perfect\u0103. Pentru \u0219coli, spitale, centre de reabilitare \u0219i organiza\u021bii.","breadcrumb":{"@id":"https:\/\/glassouse.com\/ro\/product\/glassouse-pro-link-bundle\/#breadcrumb"},"inLanguage":"ro-RO","potentialAction":[{"@type":"ReadAction","target":["https:\/\/glassouse.com\/ro\/product\/glassouse-pro-link-bundle\/"]}]},{"@type":"ImageObject","inLanguage":"ro-RO","@id":"https:\/\/glassouse.com\/ro\/product\/glassouse-pro-link-bundle\/#primaryimage","url":"https:\/\/glassouse.com\/wp-content\/uploads\/2022\/08\/GlassOuse_PROLink_Bundle.jpg","contentUrl":"https:\/\/glassouse.com\/wp-content\/uploads\/2022\/08\/GlassOuse_PROLink_Bundle.jpg","width":2560,"height":2560,"caption":"Dispozitiv de asisten\u021b\u0103 GlassOuse PRO + Link Bundle"},{"@type":"BreadcrumbList","@id":"https:\/\/glassouse.com\/ro\/product\/glassouse-pro-link-bundle\/#breadcrumb","itemListElement":[{"@type":"ListItem","position":1,"name":"Home","item":"https:\/\/glassouse.com\/ro\/acasa\/"},{"@type":"ListItem","position":2,"name":"Magazin","item":"https:\/\/glassouse.com\/ro\/magazin\/"},{"@type":"ListItem","position":3,"name":"GlassOuse PRO + Link Bundle"}]},{"@type":"WebSite","@id":"https:\/\/glassouse.com\/ro\/#website","url":"https:\/\/glassouse.com\/ro\/","name":"Glassouse Assistive Device","description":"Assistive Device and Switches for Disabled","publisher":{"@id":"https:\/\/glassouse.com\/ro\/#organization"},"potentialAction":[{"@type":"SearchAction","target":{"@type":"EntryPoint","urlTemplate":"https:\/\/glassouse.com\/ro\/?s={search_term_string}"},"query-input":{"@type":"PropertyValueSpecification","valueRequired":true,"valueName":"search_term_string"}}],"inLanguage":"ro-RO"},{"@type":"Organization","@id":"https:\/\/glassouse.com\/ro\/#organization","name":"GlassOuse Assistive Device","url":"https:\/\/glassouse.com\/ro\/","logo":{"@type":"ImageObject","inLanguage":"ro-RO","@id":"https:\/\/glassouse.com\/ro\/#\/schema\/logo\/image\/","url":"https:\/\/glassouse.com\/wp-content\/uploads\/2017\/11\/logo.jpg","contentUrl":"https:\/\/glassouse.com\/wp-content\/uploads\/2017\/11\/logo.jpg","width":500,"height":500,"caption":"GlassOuse Assistive Device"},"image":{"@id":"https:\/\/glassouse.com\/ro\/#\/schema\/logo\/image\/"},"sameAs":["https:\/\/www.facebook.com\/glassouse\/","https:\/\/x.com\/glassouse","https:\/\/www.instagram.com\/glassouseassistivedevice\/","https:\/\/www.linkedin.com\/company\/glassouse\/","https:\/\/www.youtube.com\/channel\/UCM5pebcmVXbu00QYd91_Gyw"]}]}},"_links":{"self":[{"href":"https:\/\/glassouse.com\/ro\/wp-json\/wp\/v2\/product\/32350","targetHints":{"allow":["GET"]}}],"collection":[{"href":"https:\/\/glassouse.com\/ro\/wp-json\/wp\/v2\/product"}],"about":[{"href":"https:\/\/glassouse.com\/ro\/wp-json\/wp\/v2\/types\/product"}],"wp:featuredmedia":[{"embeddable":true,"href":"https:\/\/glassouse.com\/ro\/wp-json\/wp\/v2\/media\/32376"}],"wp:attachment":[{"href":"https:\/\/glassouse.com\/ro\/wp-json\/wp\/v2\/media?parent=32350"}],"wp:term":[{"taxonomy":"product_brand","embeddable":true,"href":"https:\/\/glassouse.com\/ro\/wp-json\/wp\/v2\/product_brand?post=32350"},{"taxonomy":"product_cat","embeddable":true,"href":"https:\/\/glassouse.com\/ro\/wp-json\/wp\/v2\/product_cat?post=32350"},{"taxonomy":"product_tag","embeddable":true,"href":"https:\/\/glassouse.com\/ro\/wp-json\/wp\/v2\/product_tag?post=32350"}],"curies":[{"name":"wp","href":"https:\/\/api.w.org\/{rel}","templated":true}]}}