{"id":35386,"date":"2018-04-25T10:23:25","date_gmt":"2018-04-25T02:23:25","guid":{"rendered":"https:\/\/glassouse.com\/product\/comutator-de-picior-gs04-glassouse\/"},"modified":"2026-04-27T17:50:51","modified_gmt":"2026-04-27T09:50:51","slug":"comutator-de-picior-gs04-glassouse","status":"publish","type":"product","link":"https:\/\/glassouse.com\/ro\/product\/comutator-de-picior-gs04-glassouse\/","title":{"rendered":"Comutator de picior GS04 GlassOuse"},"content":{"rendered":"<div class=\"wpb-content-wrapper\"><p>[vc_row unlock_row_content=&#8221;yes&#8221; row_height_percent=&#8221;0&#8243; override_padding=&#8221;yes&#8221; h_padding=&#8221;0&#8243; top_padding=&#8221;0&#8243; bottom_padding=&#8221;0&#8243; overlay_alpha=&#8221;50&#8243; equal_height=&#8221;yes&#8221; gutter_size=&#8221;0&#8243; column_width_percent=&#8221;100&#8243; shift_y=&#8221;0&#8243; z_index=&#8221;0&#8243; el_class=&#8221;compact_section&#8221; uncode_shortcode_id=&#8221;152351&#8243; css=&#8221;.vc_custom_1699886063694{padding-top: 15px !important;padding-right: 0px !important;padding-left: 0px !important;}&#8221;][vc_column column_width_percent=&#8221;100&#8243; position_horizontal=&#8221;right&#8221; position_vertical=&#8221;middle&#8221; gutter_size=&#8221;0&#8243; override_padding=&#8221;yes&#8221; column_padding=&#8221;0&#8243; back_image=&#8221;35400&#8243; back_repeat=&#8221;no-repeat&#8221; overlay_alpha=&#8221;50&#8243; shift_x=&#8221;0&#8243; shift_y=&#8221;0&#8243; shift_y_down=&#8221;0&#8243; z_index=&#8221;0&#8243; medium_width=&#8221;0&#8243; mobile_width=&#8221;0&#8243; width=&#8221;1\/1&#8243; uncode_shortcode_id=&#8221;294033&#8243; css=&#8221;.vc_custom_1717458274731{padding-top: 160px !important;padding-right: 50px !important;padding-bottom: 160px !important;padding-left: 0px !important;}&#8221; el_class=&#8221;content_column bg_left_top right_content_column&#8221;][vc_row_inner row_inner_height_percent=&#8221;0&#8243; force_width_grid=&#8221;yes&#8221; overlay_alpha=&#8221;50&#8243; gutter_size=&#8221;0&#8243; shift_y=&#8221;0&#8243; z_index=&#8221;0&#8243; uncode_shortcode_id=&#8221;101637&#8243; css=&#8221;.vc_custom_1699885489765{padding-right: 0px !important;padding-left: 0px !important;}&#8221; el_class=&#8221;limit-width&#8221;][vc_column_inner width=&#8221;1\/2&#8243;][\/vc_column_inner][vc_column_inner column_width_use_pixel=&#8221;yes&#8221; position_horizontal=&#8221;right&#8221; position_vertical=&#8221;middle&#8221; gutter_size=&#8221;0&#8243; override_padding=&#8221;yes&#8221; column_padding=&#8221;0&#8243; overlay_alpha=&#8221;50&#8243; shift_x=&#8221;0&#8243; shift_y=&#8221;0&#8243; shift_y_down=&#8221;0&#8243; z_index=&#8221;0&#8243; medium_width=&#8221;0&#8243; mobile_width=&#8221;0&#8243; width=&#8221;1\/2&#8243; uncode_shortcode_id=&#8221;457584&#8243; css=&#8221;.vc_custom_1717457153605{padding-right: 2% !important;padding-left: 0px !important;}&#8221; column_width_pixel=&#8221;290&#8243;][vc_custom_heading text_color=&#8221;color-jevc&#8221; text_size=&#8221;h3&#8243; text_weight=&#8221;600&#8243; uncode_shortcode_id=&#8221;199664&#8243; text_color_type=&#8221;uncode-palette&#8221; el_class=&#8221;lh-1&#8243;]Durabil \u0219i<br \/>\nLa datorie tot timpul[\/vc_custom_heading][vc_separator sep_color=&#8221;&#8221; icon_position=&#8221;left&#8221; el_height=&#8221;5px&#8221; uncode_shortcode_id=&#8221;162390&#8243; sep_color_type=&#8221;uncode-solid&#8221; el_width=&#8221;40px&#8221; sep_color_solid=&#8221;#43b8db&#8221; el_class=&#8221;c-divider&#8221;][\/vc_column_inner][\/vc_row_inner][\/vc_column][\/vc_row][vc_row row_height_percent=&#8221;0&#8243; overlay_alpha=&#8221;50&#8243; gutter_size=&#8221;3&#8243; column_width_percent=&#8221;100&#8243; shift_y=&#8221;0&#8243; z_index=&#8221;0&#8243; uncode_shortcode_id=&#8221;167275&#8243; css=&#8221;.vc_custom_1699887163315{padding-top: 50px !important;}&#8221;][vc_column column_width_percent=&#8221;100&#8243; align_horizontal=&#8221;align_center&#8221; gutter_size=&#8221;3&#8243; overlay_alpha=&#8221;50&#8243; shift_x=&#8221;0&#8243; shift_y=&#8221;0&#8243; shift_y_down=&#8221;0&#8243; z_index=&#8221;0&#8243; medium_width=&#8221;0&#8243; mobile_width=&#8221;0&#8243; width=&#8221;1\/1&#8243; uncode_shortcode_id=&#8221;798976&#8243;][vc_custom_heading text_color=&#8221;color-jevc&#8221; text_size=&#8221;h3&#8243; text_weight=&#8221;700&#8243; text_height=&#8221;lh-n&#8221; uncode_shortcode_id=&#8221;550278&#8243; text_color_type=&#8221;uncode-palette&#8221;]Comutator de picior[\/vc_custom_heading][vc_custom_heading text_color=&#8221;color-jevc&#8221; heading_semantic=&#8221;p&#8221; text_size=&#8221;&#8221; text_weight=&#8221;500&#8243; text_height=&#8221;lh-n&#8221; uncode_shortcode_id=&#8221;246135&#8243; text_color_type=&#8221;uncode-palette&#8221; el_class=&#8221;mt-0 pt-10&#8243;]Compatibil cu[\/vc_custom_heading][vc_row_inner row_inner_height_percent=&#8221;0&#8243; overlay_alpha=&#8221;50&#8243; gutter_size=&#8221;3&#8243; shift_y=&#8221;0&#8243; z_index=&#8221;0&#8243; uncode_shortcode_id=&#8221;190634&#8243; el_class=&#8221;icon_boxs_wrap&#8221; css=&#8221;.vc_custom_1699887284713{margin-top: 50px !important;padding-bottom: 0px !important;}&#8221;][vc_column_inner column_width_percent=&#8221;100&#8243; align_horizontal=&#8221;align_center&#8221; gutter_size=&#8221;2&#8243; overlay_alpha=&#8221;50&#8243; shift_x=&#8221;0&#8243; shift_y=&#8221;0&#8243; shift_y_down=&#8221;0&#8243; z_index=&#8221;0&#8243; medium_width=&#8221;0&#8243; mobile_width=&#8221;0&#8243; width=&#8221;1\/1&#8243; uncode_shortcode_id=&#8221;168717&#8243;][vc_icon display=&#8221;inline&#8221; icon_image=&#8221;21103&#8243; media_size=&#8221;300&#8243; text_size=&#8221;h4&#8243; text_weight=&#8221;500&#8243; text_height=&#8221;lh-n&#8221; uncode_shortcode_id=&#8221;846250&#8243; title=&#8221;GlassOuse PRO\/Link&#8221;][\/vc_icon][vc_icon display=&#8221;inline&#8221; icon_image=&#8221;21111&#8243; media_size=&#8221;300&#8243; text_size=&#8221;h4&#8243; text_weight=&#8221;500&#8243; text_height=&#8221;lh-n&#8221; uncode_shortcode_id=&#8221;125397&#8243; title=&#8221;GlassOuse 1.4&#8243;][\/vc_icon][\/vc_column_inner][\/vc_row_inner][\/vc_column][\/vc_row][vc_row row_height_percent=&#8221;0&#8243; override_padding=&#8221;yes&#8221; h_padding=&#8221;0&#8243; top_padding=&#8221;0&#8243; bottom_padding=&#8221;3&#8243; overlay_alpha=&#8221;50&#8243; gutter_size=&#8221;3&#8243; column_width_percent=&#8221;100&#8243; shift_y=&#8221;0&#8243; z_index=&#8221;0&#8243; uncode_shortcode_id=&#8221;337339&#8243; css=&#8221;.vc_custom_1699889376802{padding-top: 10px !important;}&#8221;][vc_column column_width_percent=&#8221;65&#8243; gutter_size=&#8221;3&#8243; overlay_alpha=&#8221;50&#8243; shift_x=&#8221;0&#8243; shift_y=&#8221;0&#8243; shift_y_down=&#8221;0&#8243; z_index=&#8221;0&#8243; medium_width=&#8221;0&#8243; mobile_width=&#8221;0&#8243; width=&#8221;1\/1&#8243; uncode_shortcode_id=&#8221;668692&#8243;][vc_icon position=&#8221;left&#8221; icon=&#8221;fa fa-play&#8221; icon_image=&#8221;22014&#8243; icon_color=&#8221;color-xsdn&#8221; uncode_shortcode_id=&#8221;107236&#8243; icon_color_type=&#8221;uncode-palette&#8221; media_lightbox=&#8221;22022&#8243; el_class=&#8221;video_box&#8221;][\/vc_icon][vc_column_text uncode_shortcode_id=&#8221;158590&#8243;]<strong>Un echivalent simplu, dar extrem de sensibil al unui mouse cu intrare obi\u0219nuit\u0103 care este proiectat pentru a fi utilizat cu piciorul,<\/strong> Foot Switch este capabil s\u0103 detecteze diferite volume de presiune. Chiar \u0219i Foot Switch este un companion perfect al GlassOuse V1.2, \u00eel pute\u021bi conecta la orice tip de dispozitiv adaptat care ofer\u0103 un conector jack mono de 3,5 mm pentru controale externe ale comutatorului \u0219i func\u021bioneaz\u0103 cu semnale sc\u0103zute de scurtcircuit. <\/p>\n<p><strong>Fabricat din materiale durabile \u0219i solide,<\/strong> cablul s\u0103u lung v\u0103 permite s\u0103 regla\u021bi pozi\u021bia comutatorului \u00een func\u021bie de nevoile dvs. Cu fundul s\u0103u antiderapant, Foot Switch se fixeaz\u0103 bine pe suprafe\u021be pentru a preveni deplasarea \u00een timp ce ap\u0103sa\u021bi pe comutator. Pute\u021bi utiliza pur \u0219i simplu ap\u0103sa\u021bi pe acesta pentru a face ac\u021biunile de clic prin intermediul ambelor presiuni semi-dure \u0219i dure.[\/vc_column_text][vc_gallery el_id=&#8221;gallery-469288&#8243; isotope_mode=&#8221;fitRows&#8221; medias=&#8221;35401,35402&#8243; gutter_size=&#8221;2&#8243; screen_lg=&#8221;1000&#8243; screen_md=&#8221;600&#8243; screen_sm=&#8221;480&#8243; single_overlay_opacity=&#8221;50&#8243; single_h_align=&#8221;center&#8221; single_padding=&#8221;2&#8243; uncode_shortcode_id=&#8221;148597&#8243; items=&#8221;eyIxMjIwNF9pIjp7InNpbmdsZV90ZXh0Ijoib3ZlcmxheSJ9fQ==&#8221; el_class=&#8221;c_gallery two_column_gallery&#8221;][\/vc_column][\/vc_row]<\/p>\n<\/div>","protected":false},"excerpt":{"rendered":"<p>[vc_row unlock_row_content=&#8221;yes&#8221; row_height_percent=&#8221;0&#8243; override_padding=&#8221;yes&#8221; h_padding=&#8221;0&#8243; top_padding=&#8221;0&#8243; bottom_padding=&#8221;0&#8243; overlay_alpha=&#8221;50&#8243; equal_height=&#8221;yes&#8221; gutter_size=&#8221;0&#8243; column_width_percent=&#8221;100&#8243; shift_y=&#8221;0&#8243; z_index=&#8221;0&#8243; el_class=&#8221;compact_section&#8221; uncode_shortcode_id=&#8221;152351&#8243; css=&#8221;.vc_custom_1699886063694{padding-top: 15px !important;padding-right: 0px !important;padding-left: [&hellip;]<\/p>\n","protected":false},"featured_media":35394,"template":"","meta":{"_acf_changed":false},"product_brand":[],"product_cat":[420],"product_tag":[],"class_list":{"0":"post-35386","1":"product","2":"type-product","3":"status-publish","4":"has-post-thumbnail","6":"product_cat-comutatoare-g","8":"first","9":"instock","10":"shipping-taxable","11":"purchasable","12":"product-type-simple"},"acf":[],"yoast_head":"<!-- This site is optimized with the Yoast SEO plugin v27.4 - https:\/\/yoast.com\/product\/yoast-seo-wordpress\/ -->\n<title>Comutator de picior pentru persoane cu handicap - GlassOuse Assistive Device<\/title>\n<meta name=\"description\" content=\"Cump\u0103r\u0103 Comutator de picior de la GlassOuse, performan\u021b\u0103 durabil\u0103 de presare, compatibil cu GlassOuse \u0219i alte dispozitive cu 3.5mm Jack. Livrare \u00een \u00eentreaga lume.\" \/>\n<meta name=\"robots\" content=\"index, follow, max-snippet:-1, max-image-preview:large, max-video-preview:-1\" \/>\n<link rel=\"canonical\" href=\"https:\/\/glassouse.com\/ro\/product\/comutator-de-picior-gs04-glassouse\/\" \/>\n<meta property=\"og:locale\" content=\"ro_RO\" \/>\n<meta property=\"og:type\" content=\"article\" \/>\n<meta property=\"og:title\" content=\"Comutator de picior pentru persoane cu handicap - GlassOuse Assistive Device\" \/>\n<meta property=\"og:description\" content=\"Cump\u0103r\u0103 Comutator de picior de la GlassOuse, performan\u021b\u0103 durabil\u0103 de presare, compatibil cu GlassOuse \u0219i alte dispozitive cu 3.5mm Jack. Livrare \u00een \u00eentreaga lume.\" \/>\n<meta property=\"og:url\" content=\"https:\/\/glassouse.com\/ro\/product\/comutator-de-picior-gs04-glassouse\/\" \/>\n<meta property=\"og:site_name\" content=\"Glassouse Assistive Device\" \/>\n<meta property=\"article:publisher\" content=\"https:\/\/www.facebook.com\/glassouse\/\" \/>\n<meta property=\"article:modified_time\" content=\"2026-04-27T09:50:51+00:00\" \/>\n<meta property=\"og:image\" content=\"https:\/\/glassouse.com\/wp-content\/uploads\/2018\/04\/GS04-image-2.jpg\" \/>\n\t<meta property=\"og:image:width\" content=\"1000\" \/>\n\t<meta property=\"og:image:height\" content=\"1000\" \/>\n\t<meta property=\"og:image:type\" content=\"image\/jpeg\" \/>\n<meta name=\"twitter:card\" content=\"summary_large_image\" \/>\n<meta name=\"twitter:site\" content=\"@glassouse\" \/>\n<meta name=\"twitter:label1\" content=\"Timp estimat pentru citire\" \/>\n\t<meta name=\"twitter:data1\" content=\"4 minute\" \/>\n<script type=\"application\/ld+json\" class=\"yoast-schema-graph\">{\"@context\":\"https:\\\/\\\/schema.org\",\"@graph\":[{\"@type\":\"WebPage\",\"@id\":\"https:\\\/\\\/glassouse.com\\\/ro\\\/product\\\/comutator-de-picior-gs04-glassouse\\\/\",\"url\":\"https:\\\/\\\/glassouse.com\\\/ro\\\/product\\\/comutator-de-picior-gs04-glassouse\\\/\",\"name\":\"Comutator de picior pentru persoane cu handicap - GlassOuse Assistive Device\",\"isPartOf\":{\"@id\":\"https:\\\/\\\/glassouse.com\\\/ro\\\/#website\"},\"primaryImageOfPage\":{\"@id\":\"https:\\\/\\\/glassouse.com\\\/ro\\\/product\\\/comutator-de-picior-gs04-glassouse\\\/#primaryimage\"},\"image\":{\"@id\":\"https:\\\/\\\/glassouse.com\\\/ro\\\/product\\\/comutator-de-picior-gs04-glassouse\\\/#primaryimage\"},\"thumbnailUrl\":\"https:\\\/\\\/glassouse.com\\\/wp-content\\\/uploads\\\/2018\\\/04\\\/GS04-image-2.jpg\",\"datePublished\":\"2018-04-25T02:23:25+00:00\",\"dateModified\":\"2026-04-27T09:50:51+00:00\",\"description\":\"Cump\u0103r\u0103 Comutator de picior de la GlassOuse, performan\u021b\u0103 durabil\u0103 de presare, compatibil cu GlassOuse \u0219i alte dispozitive cu 3.5mm Jack. Livrare \u00een \u00eentreaga lume.\",\"breadcrumb\":{\"@id\":\"https:\\\/\\\/glassouse.com\\\/ro\\\/product\\\/comutator-de-picior-gs04-glassouse\\\/#breadcrumb\"},\"inLanguage\":\"ro-RO\",\"potentialAction\":[{\"@type\":\"ReadAction\",\"target\":[\"https:\\\/\\\/glassouse.com\\\/ro\\\/product\\\/comutator-de-picior-gs04-glassouse\\\/\"]}]},{\"@type\":\"ImageObject\",\"inLanguage\":\"ro-RO\",\"@id\":\"https:\\\/\\\/glassouse.com\\\/ro\\\/product\\\/comutator-de-picior-gs04-glassouse\\\/#primaryimage\",\"url\":\"https:\\\/\\\/glassouse.com\\\/wp-content\\\/uploads\\\/2018\\\/04\\\/GS04-image-2.jpg\",\"contentUrl\":\"https:\\\/\\\/glassouse.com\\\/wp-content\\\/uploads\\\/2018\\\/04\\\/GS04-image-2.jpg\",\"width\":1000,\"height\":1000,\"caption\":\"GS04\"},{\"@type\":\"BreadcrumbList\",\"@id\":\"https:\\\/\\\/glassouse.com\\\/ro\\\/product\\\/comutator-de-picior-gs04-glassouse\\\/#breadcrumb\",\"itemListElement\":[{\"@type\":\"ListItem\",\"position\":1,\"name\":\"Home\",\"item\":\"https:\\\/\\\/glassouse.com\\\/ro\\\/acasa\\\/\"},{\"@type\":\"ListItem\",\"position\":2,\"name\":\"Magazin\",\"item\":\"https:\\\/\\\/glassouse.com\\\/ro\\\/magazin\\\/\"},{\"@type\":\"ListItem\",\"position\":3,\"name\":\"Comutator de picior GS04 GlassOuse\"}]},{\"@type\":\"WebSite\",\"@id\":\"https:\\\/\\\/glassouse.com\\\/ro\\\/#website\",\"url\":\"https:\\\/\\\/glassouse.com\\\/ro\\\/\",\"name\":\"Glassouse Assistive Device\",\"description\":\"Assistive Device and Switches for Disabled\",\"publisher\":{\"@id\":\"https:\\\/\\\/glassouse.com\\\/ro\\\/#organization\"},\"potentialAction\":[{\"@type\":\"SearchAction\",\"target\":{\"@type\":\"EntryPoint\",\"urlTemplate\":\"https:\\\/\\\/glassouse.com\\\/ro\\\/?s={search_term_string}\"},\"query-input\":{\"@type\":\"PropertyValueSpecification\",\"valueRequired\":true,\"valueName\":\"search_term_string\"}}],\"inLanguage\":\"ro-RO\"},{\"@type\":\"Organization\",\"@id\":\"https:\\\/\\\/glassouse.com\\\/ro\\\/#organization\",\"name\":\"GlassOuse Assistive Device\",\"url\":\"https:\\\/\\\/glassouse.com\\\/ro\\\/\",\"logo\":{\"@type\":\"ImageObject\",\"inLanguage\":\"ro-RO\",\"@id\":\"https:\\\/\\\/glassouse.com\\\/ro\\\/#\\\/schema\\\/logo\\\/image\\\/\",\"url\":\"https:\\\/\\\/glassouse.com\\\/wp-content\\\/uploads\\\/2017\\\/11\\\/logo.jpg\",\"contentUrl\":\"https:\\\/\\\/glassouse.com\\\/wp-content\\\/uploads\\\/2017\\\/11\\\/logo.jpg\",\"width\":500,\"height\":500,\"caption\":\"GlassOuse Assistive Device\"},\"image\":{\"@id\":\"https:\\\/\\\/glassouse.com\\\/ro\\\/#\\\/schema\\\/logo\\\/image\\\/\"},\"sameAs\":[\"https:\\\/\\\/www.facebook.com\\\/glassouse\\\/\",\"https:\\\/\\\/x.com\\\/glassouse\",\"https:\\\/\\\/www.instagram.com\\\/glassouseassistivedevice\\\/\",\"https:\\\/\\\/www.linkedin.com\\\/company\\\/glassouse\\\/\",\"https:\\\/\\\/www.youtube.com\\\/channel\\\/UCM5pebcmVXbu00QYd91_Gyw\"]}]}<\/script>\n<!-- \/ Yoast SEO plugin. -->","yoast_head_json":{"title":"Comutator de picior pentru persoane cu handicap - GlassOuse Assistive Device","description":"Cump\u0103r\u0103 Comutator de picior de la GlassOuse, performan\u021b\u0103 durabil\u0103 de presare, compatibil cu GlassOuse \u0219i alte dispozitive cu 3.5mm Jack. Livrare \u00een \u00eentreaga lume.","robots":{"index":"index","follow":"follow","max-snippet":"max-snippet:-1","max-image-preview":"max-image-preview:large","max-video-preview":"max-video-preview:-1"},"canonical":"https:\/\/glassouse.com\/ro\/product\/comutator-de-picior-gs04-glassouse\/","og_locale":"ro_RO","og_type":"article","og_title":"Comutator de picior pentru persoane cu handicap - GlassOuse Assistive Device","og_description":"Cump\u0103r\u0103 Comutator de picior de la GlassOuse, performan\u021b\u0103 durabil\u0103 de presare, compatibil cu GlassOuse \u0219i alte dispozitive cu 3.5mm Jack. Livrare \u00een \u00eentreaga lume.","og_url":"https:\/\/glassouse.com\/ro\/product\/comutator-de-picior-gs04-glassouse\/","og_site_name":"Glassouse Assistive Device","article_publisher":"https:\/\/www.facebook.com\/glassouse\/","article_modified_time":"2026-04-27T09:50:51+00:00","og_image":[{"width":1000,"height":1000,"url":"https:\/\/glassouse.com\/wp-content\/uploads\/2018\/04\/GS04-image-2.jpg","type":"image\/jpeg"}],"twitter_card":"summary_large_image","twitter_site":"@glassouse","twitter_misc":{"Timp estimat pentru citire":"4 minute"},"schema":{"@context":"https:\/\/schema.org","@graph":[{"@type":"WebPage","@id":"https:\/\/glassouse.com\/ro\/product\/comutator-de-picior-gs04-glassouse\/","url":"https:\/\/glassouse.com\/ro\/product\/comutator-de-picior-gs04-glassouse\/","name":"Comutator de picior pentru persoane cu handicap - GlassOuse Assistive Device","isPartOf":{"@id":"https:\/\/glassouse.com\/ro\/#website"},"primaryImageOfPage":{"@id":"https:\/\/glassouse.com\/ro\/product\/comutator-de-picior-gs04-glassouse\/#primaryimage"},"image":{"@id":"https:\/\/glassouse.com\/ro\/product\/comutator-de-picior-gs04-glassouse\/#primaryimage"},"thumbnailUrl":"https:\/\/glassouse.com\/wp-content\/uploads\/2018\/04\/GS04-image-2.jpg","datePublished":"2018-04-25T02:23:25+00:00","dateModified":"2026-04-27T09:50:51+00:00","description":"Cump\u0103r\u0103 Comutator de picior de la GlassOuse, performan\u021b\u0103 durabil\u0103 de presare, compatibil cu GlassOuse \u0219i alte dispozitive cu 3.5mm Jack. Livrare \u00een \u00eentreaga lume.","breadcrumb":{"@id":"https:\/\/glassouse.com\/ro\/product\/comutator-de-picior-gs04-glassouse\/#breadcrumb"},"inLanguage":"ro-RO","potentialAction":[{"@type":"ReadAction","target":["https:\/\/glassouse.com\/ro\/product\/comutator-de-picior-gs04-glassouse\/"]}]},{"@type":"ImageObject","inLanguage":"ro-RO","@id":"https:\/\/glassouse.com\/ro\/product\/comutator-de-picior-gs04-glassouse\/#primaryimage","url":"https:\/\/glassouse.com\/wp-content\/uploads\/2018\/04\/GS04-image-2.jpg","contentUrl":"https:\/\/glassouse.com\/wp-content\/uploads\/2018\/04\/GS04-image-2.jpg","width":1000,"height":1000,"caption":"GS04"},{"@type":"BreadcrumbList","@id":"https:\/\/glassouse.com\/ro\/product\/comutator-de-picior-gs04-glassouse\/#breadcrumb","itemListElement":[{"@type":"ListItem","position":1,"name":"Home","item":"https:\/\/glassouse.com\/ro\/acasa\/"},{"@type":"ListItem","position":2,"name":"Magazin","item":"https:\/\/glassouse.com\/ro\/magazin\/"},{"@type":"ListItem","position":3,"name":"Comutator de picior GS04 GlassOuse"}]},{"@type":"WebSite","@id":"https:\/\/glassouse.com\/ro\/#website","url":"https:\/\/glassouse.com\/ro\/","name":"Glassouse Assistive Device","description":"Assistive Device and Switches for Disabled","publisher":{"@id":"https:\/\/glassouse.com\/ro\/#organization"},"potentialAction":[{"@type":"SearchAction","target":{"@type":"EntryPoint","urlTemplate":"https:\/\/glassouse.com\/ro\/?s={search_term_string}"},"query-input":{"@type":"PropertyValueSpecification","valueRequired":true,"valueName":"search_term_string"}}],"inLanguage":"ro-RO"},{"@type":"Organization","@id":"https:\/\/glassouse.com\/ro\/#organization","name":"GlassOuse Assistive Device","url":"https:\/\/glassouse.com\/ro\/","logo":{"@type":"ImageObject","inLanguage":"ro-RO","@id":"https:\/\/glassouse.com\/ro\/#\/schema\/logo\/image\/","url":"https:\/\/glassouse.com\/wp-content\/uploads\/2017\/11\/logo.jpg","contentUrl":"https:\/\/glassouse.com\/wp-content\/uploads\/2017\/11\/logo.jpg","width":500,"height":500,"caption":"GlassOuse Assistive Device"},"image":{"@id":"https:\/\/glassouse.com\/ro\/#\/schema\/logo\/image\/"},"sameAs":["https:\/\/www.facebook.com\/glassouse\/","https:\/\/x.com\/glassouse","https:\/\/www.instagram.com\/glassouseassistivedevice\/","https:\/\/www.linkedin.com\/company\/glassouse\/","https:\/\/www.youtube.com\/channel\/UCM5pebcmVXbu00QYd91_Gyw"]}]}},"_links":{"self":[{"href":"https:\/\/glassouse.com\/ro\/wp-json\/wp\/v2\/product\/35386","targetHints":{"allow":["GET"]}}],"collection":[{"href":"https:\/\/glassouse.com\/ro\/wp-json\/wp\/v2\/product"}],"about":[{"href":"https:\/\/glassouse.com\/ro\/wp-json\/wp\/v2\/types\/product"}],"wp:featuredmedia":[{"embeddable":true,"href":"https:\/\/glassouse.com\/ro\/wp-json\/wp\/v2\/media\/35394"}],"wp:attachment":[{"href":"https:\/\/glassouse.com\/ro\/wp-json\/wp\/v2\/media?parent=35386"}],"wp:term":[{"taxonomy":"product_brand","embeddable":true,"href":"https:\/\/glassouse.com\/ro\/wp-json\/wp\/v2\/product_brand?post=35386"},{"taxonomy":"product_cat","embeddable":true,"href":"https:\/\/glassouse.com\/ro\/wp-json\/wp\/v2\/product_cat?post=35386"},{"taxonomy":"product_tag","embeddable":true,"href":"https:\/\/glassouse.com\/ro\/wp-json\/wp\/v2\/product_tag?post=35386"}],"curies":[{"name":"wp","href":"https:\/\/api.w.org\/{rel}","templated":true}]}}