{"id":37940,"date":"2020-08-14T17:47:14","date_gmt":"2020-08-14T09:47:14","guid":{"rendered":"https:\/\/glassouse.com\/product\/gat02-iepuras-cantaret\/"},"modified":"2020-08-14T17:47:14","modified_gmt":"2020-08-14T09:47:14","slug":"gat02-iepuras-cantaret","status":"publish","type":"product","link":"https:\/\/glassouse.com\/ro\/product\/gat02-iepuras-cantaret\/","title":{"rendered":"GAT02 Iepura\u0219 c\u00e2nt\u0103re\u021b"},"content":{"rendered":"","protected":false},"excerpt":{"rendered":"<h4>IEPURA\u0218 C\u00c2NT\u0102RE\u021a &#8211; GAT02<\/h4>\n<p>1x juc\u0103rie Singing Bunny cu conector Jack de 3,5 mm<br \/>\n1x Manual de utilizare<\/p>\n<p><a href=\"https:\/\/glassouse.com\/ro\/garantie-de-bani-inapoi\/\"><img decoding=\"async\" class=\"alignnone wp-image-1817\" src=\"https:\/\/glassouse.com\/wp-content\/uploads\/2017\/11\/15_Day_Money_Back_47882ccb-f31c-4b58-ab77-9b78929009ef_grande.png\" alt=\"\" width=\"95\" height=\"95\" srcset=\"https:\/\/glassouse.com\/wp-content\/uploads\/2017\/11\/15_Day_Money_Back_47882ccb-f31c-4b58-ab77-9b78929009ef_grande.png 150w, https:\/\/glassouse.com\/wp-content\/uploads\/2017\/11\/15_Day_Money_Back_47882ccb-f31c-4b58-ab77-9b78929009ef_grande-100x100.png 100w, https:\/\/glassouse.com\/wp-content\/uploads\/2017\/11\/15_Day_Money_Back_47882ccb-f31c-4b58-ab77-9b78929009ef_grande-75x75.png 75w\" sizes=\"(max-width: 95px) 100vw, 95px\" \/><\/a>   <img decoding=\"async\" class=\"alignnone wp-image-3424\" src=\"https:\/\/glassouse.com\/wp-content\/uploads\/2020\/08\/A4.png\" alt=\"Garan\u021bia GlassOuse\" width=\"95\" height=\"95\" srcset=\"https:\/\/glassouse.com\/wp-content\/uploads\/2020\/08\/A4.png 345w, https:\/\/glassouse.com\/wp-content\/uploads\/2020\/08\/A4-300x299.png 300w, https:\/\/glassouse.com\/wp-content\/uploads\/2020\/08\/A4-100x100.png 100w, https:\/\/glassouse.com\/wp-content\/uploads\/2020\/08\/A4-150x150.png 150w\" sizes=\"(max-width: 95px) 100vw, 95px\" \/><\/p>\n<p><strong>FUNC\u021aIE: <\/strong>iepura\u0219 alb dr\u0103gu\u021b cu urechi mi\u0219c\u0103toare \u0219i c\u00e2nt\u0103re\u021b.<\/p>\n<p><strong>SPECIFICARE:<\/strong><br \/>\n<strong>Lungime:<\/strong> 32cm<br \/>\n<strong>Greutate:<\/strong> 0.3kg \/ 0.66 Pound<br \/>\n<strong>Material:<\/strong> Super Soft Plush<br \/>\n<strong>Umplere:<\/strong> Mediu sigur 3D PP bumbac<br \/>\n<strong>Putere:<\/strong> 3x Baterie AA<\/p>\n<p><strong>INSTRUC\u021aIUNE:<\/strong><\/p>\n<ol>\n<li>Conecta\u021bi comutatorul adaptiv cu muf\u0103 de 3,5 mm la ambele porturi ale comutatorului din juc\u0103rie.<\/li>\n<li>Activa\u021bi comutatorul din st\u00e2nga pentru a face iepura\u0219ul s\u0103-\u0219i deschid\u0103 urechile cu sunetul Peekabo. Ap\u0103sa\u021bi din nou pentru a opri. <\/li>\n<li>Activa\u021bi comutatorul din dreapta pentru a face iepura\u0219ul s\u0103 c\u00e2nte, ap\u0103sa\u021bi din nou pentru a opri.<\/li>\n<\/ol>\n<p><strong><em>* Comutatoarele se v\u00e2nd separat<\/em><\/strong><\/p>\n<p>____________________________________________________________________________________________________________<\/p>\n","protected":false},"featured_media":37958,"template":"","meta":{"_acf_changed":false},"product_brand":[],"product_cat":[297],"product_tag":[300,508,509,510],"class_list":{"0":"post-37940","1":"product","2":"type-product","3":"status-publish","4":"has-post-thumbnail","6":"product_cat-jucarii-glassouse","7":"product_tag-jucarii-adaptate","8":"product_tag-comutator-adaptat-iepuras-jucarie","9":"product_tag-jucarii-pentru-nevoi-speciale-2","10":"product_tag-jucarii-pentru-copii-cu-handicap-2","11":"product_shipping_class-jucarie","13":"first","14":"instock","15":"shipping-taxable","16":"purchasable","17":"product-type-simple"},"acf":[],"yoast_head":"<!-- This site is optimized with the Yoast SEO plugin v27.4 - https:\/\/yoast.com\/product\/yoast-seo-wordpress\/ -->\n<title>GAT02 Iepura\u0219 c\u00e2nt\u0103re\u021b - Glassouse Assistive Device<\/title>\n<meta name=\"robots\" content=\"index, follow, max-snippet:-1, max-image-preview:large, max-video-preview:-1\" \/>\n<link rel=\"canonical\" href=\"https:\/\/glassouse.com\/ro\/product\/gat02-iepuras-cantaret\/\" \/>\n<meta property=\"og:locale\" content=\"ro_RO\" \/>\n<meta property=\"og:type\" content=\"article\" \/>\n<meta property=\"og:title\" content=\"GAT02 Iepura\u0219 c\u00e2nt\u0103re\u021b - Glassouse Assistive Device\" \/>\n<meta property=\"og:description\" content=\"IEPURA\u0218 C\u00c2NT\u0102RE\u021a - GAT02 1x juc\u0103rie Singing Bunny cu conector Jack de 3,5 mm 1x Manual de utilizare    FUNC\u021aIE: iepura\u0219 alb dr\u0103gu\u021b cu urechi mi\u0219c\u0103toare \u0219i c\u00e2nt\u0103re\u021b. SPECIFICARE: Lungime: 32cm Greutate: 0.3kg \/ 0.66 Pound Material: Super Soft Plush Umplere: Mediu sigur 3D PP bumbac Putere: 3x Baterie AA INSTRUC\u021aIUNE:  Conecta\u021bi comutatorul adaptiv cu muf\u0103 de 3,5 mm la ambele porturi ale comutatorului din juc\u0103rie.  Activa\u021bi comutatorul din st\u00e2nga pentru a face iepura\u0219ul s\u0103-\u0219i deschid\u0103 urechile cu sunetul Peekabo. Ap\u0103sa\u021bi din nou pentru a opri.  Activa\u021bi comutatorul din dreapta pentru a face iepura\u0219ul s\u0103 c\u00e2nte, ap\u0103sa\u021bi din nou pentru a opri. * Comutatoarele se v\u00e2nd separat ____________________________________________________________________________________________________________\" \/>\n<meta property=\"og:url\" content=\"https:\/\/glassouse.com\/ro\/product\/gat02-iepuras-cantaret\/\" \/>\n<meta property=\"og:site_name\" content=\"Glassouse Assistive Device\" \/>\n<meta property=\"article:publisher\" content=\"https:\/\/www.facebook.com\/glassouse\/\" \/>\n<meta property=\"og:image\" content=\"https:\/\/glassouse.com\/wp-content\/uploads\/2020\/08\/Singing-Bunny-4.jpg\" \/>\n\t<meta property=\"og:image:width\" content=\"1000\" \/>\n\t<meta property=\"og:image:height\" content=\"1000\" \/>\n\t<meta property=\"og:image:type\" content=\"image\/jpeg\" \/>\n<meta name=\"twitter:card\" content=\"summary_large_image\" \/>\n<meta name=\"twitter:site\" content=\"@glassouse\" \/>\n<script type=\"application\/ld+json\" class=\"yoast-schema-graph\">{\"@context\":\"https:\\\/\\\/schema.org\",\"@graph\":[{\"@type\":\"WebPage\",\"@id\":\"https:\\\/\\\/glassouse.com\\\/ro\\\/product\\\/gat02-iepuras-cantaret\\\/\",\"url\":\"https:\\\/\\\/glassouse.com\\\/ro\\\/product\\\/gat02-iepuras-cantaret\\\/\",\"name\":\"GAT02 Iepura\u0219 c\u00e2nt\u0103re\u021b - Glassouse Assistive Device\",\"isPartOf\":{\"@id\":\"https:\\\/\\\/glassouse.com\\\/ro\\\/#website\"},\"primaryImageOfPage\":{\"@id\":\"https:\\\/\\\/glassouse.com\\\/ro\\\/product\\\/gat02-iepuras-cantaret\\\/#primaryimage\"},\"image\":{\"@id\":\"https:\\\/\\\/glassouse.com\\\/ro\\\/product\\\/gat02-iepuras-cantaret\\\/#primaryimage\"},\"thumbnailUrl\":\"https:\\\/\\\/glassouse.com\\\/wp-content\\\/uploads\\\/2020\\\/08\\\/Singing-Bunny-4.jpg\",\"datePublished\":\"2020-08-14T09:47:14+00:00\",\"breadcrumb\":{\"@id\":\"https:\\\/\\\/glassouse.com\\\/ro\\\/product\\\/gat02-iepuras-cantaret\\\/#breadcrumb\"},\"inLanguage\":\"ro-RO\",\"potentialAction\":[{\"@type\":\"ReadAction\",\"target\":[\"https:\\\/\\\/glassouse.com\\\/ro\\\/product\\\/gat02-iepuras-cantaret\\\/\"]}]},{\"@type\":\"ImageObject\",\"inLanguage\":\"ro-RO\",\"@id\":\"https:\\\/\\\/glassouse.com\\\/ro\\\/product\\\/gat02-iepuras-cantaret\\\/#primaryimage\",\"url\":\"https:\\\/\\\/glassouse.com\\\/wp-content\\\/uploads\\\/2020\\\/08\\\/Singing-Bunny-4.jpg\",\"contentUrl\":\"https:\\\/\\\/glassouse.com\\\/wp-content\\\/uploads\\\/2020\\\/08\\\/Singing-Bunny-4.jpg\",\"width\":1000,\"height\":1000,\"caption\":\"Singing-Bunny\"},{\"@type\":\"BreadcrumbList\",\"@id\":\"https:\\\/\\\/glassouse.com\\\/ro\\\/product\\\/gat02-iepuras-cantaret\\\/#breadcrumb\",\"itemListElement\":[{\"@type\":\"ListItem\",\"position\":1,\"name\":\"Home\",\"item\":\"https:\\\/\\\/glassouse.com\\\/ro\\\/acasa\\\/\"},{\"@type\":\"ListItem\",\"position\":2,\"name\":\"Magazin\",\"item\":\"https:\\\/\\\/glassouse.com\\\/ro\\\/magazin\\\/\"},{\"@type\":\"ListItem\",\"position\":3,\"name\":\"GAT02 Iepura\u0219 c\u00e2nt\u0103re\u021b\"}]},{\"@type\":\"WebSite\",\"@id\":\"https:\\\/\\\/glassouse.com\\\/ro\\\/#website\",\"url\":\"https:\\\/\\\/glassouse.com\\\/ro\\\/\",\"name\":\"Glassouse Assistive Device\",\"description\":\"Assistive Device and Switches for Disabled\",\"publisher\":{\"@id\":\"https:\\\/\\\/glassouse.com\\\/ro\\\/#organization\"},\"potentialAction\":[{\"@type\":\"SearchAction\",\"target\":{\"@type\":\"EntryPoint\",\"urlTemplate\":\"https:\\\/\\\/glassouse.com\\\/ro\\\/?s={search_term_string}\"},\"query-input\":{\"@type\":\"PropertyValueSpecification\",\"valueRequired\":true,\"valueName\":\"search_term_string\"}}],\"inLanguage\":\"ro-RO\"},{\"@type\":\"Organization\",\"@id\":\"https:\\\/\\\/glassouse.com\\\/ro\\\/#organization\",\"name\":\"GlassOuse Assistive Device\",\"url\":\"https:\\\/\\\/glassouse.com\\\/ro\\\/\",\"logo\":{\"@type\":\"ImageObject\",\"inLanguage\":\"ro-RO\",\"@id\":\"https:\\\/\\\/glassouse.com\\\/ro\\\/#\\\/schema\\\/logo\\\/image\\\/\",\"url\":\"https:\\\/\\\/glassouse.com\\\/wp-content\\\/uploads\\\/2017\\\/11\\\/logo.jpg\",\"contentUrl\":\"https:\\\/\\\/glassouse.com\\\/wp-content\\\/uploads\\\/2017\\\/11\\\/logo.jpg\",\"width\":500,\"height\":500,\"caption\":\"GlassOuse Assistive Device\"},\"image\":{\"@id\":\"https:\\\/\\\/glassouse.com\\\/ro\\\/#\\\/schema\\\/logo\\\/image\\\/\"},\"sameAs\":[\"https:\\\/\\\/www.facebook.com\\\/glassouse\\\/\",\"https:\\\/\\\/x.com\\\/glassouse\",\"https:\\\/\\\/www.instagram.com\\\/glassouseassistivedevice\\\/\",\"https:\\\/\\\/www.linkedin.com\\\/company\\\/glassouse\\\/\",\"https:\\\/\\\/www.youtube.com\\\/channel\\\/UCM5pebcmVXbu00QYd91_Gyw\"]}]}<\/script>\n<!-- \/ Yoast SEO plugin. -->","yoast_head_json":{"title":"GAT02 Iepura\u0219 c\u00e2nt\u0103re\u021b - Glassouse Assistive Device","robots":{"index":"index","follow":"follow","max-snippet":"max-snippet:-1","max-image-preview":"max-image-preview:large","max-video-preview":"max-video-preview:-1"},"canonical":"https:\/\/glassouse.com\/ro\/product\/gat02-iepuras-cantaret\/","og_locale":"ro_RO","og_type":"article","og_title":"GAT02 Iepura\u0219 c\u00e2nt\u0103re\u021b - Glassouse Assistive Device","og_description":"IEPURA\u0218 C\u00c2NT\u0102RE\u021a - GAT02 1x juc\u0103rie Singing Bunny cu conector Jack de 3,5 mm 1x Manual de utilizare    FUNC\u021aIE: iepura\u0219 alb dr\u0103gu\u021b cu urechi mi\u0219c\u0103toare \u0219i c\u00e2nt\u0103re\u021b. SPECIFICARE: Lungime: 32cm Greutate: 0.3kg \/ 0.66 Pound Material: Super Soft Plush Umplere: Mediu sigur 3D PP bumbac Putere: 3x Baterie AA INSTRUC\u021aIUNE:  Conecta\u021bi comutatorul adaptiv cu muf\u0103 de 3,5 mm la ambele porturi ale comutatorului din juc\u0103rie.  Activa\u021bi comutatorul din st\u00e2nga pentru a face iepura\u0219ul s\u0103-\u0219i deschid\u0103 urechile cu sunetul Peekabo. Ap\u0103sa\u021bi din nou pentru a opri.  Activa\u021bi comutatorul din dreapta pentru a face iepura\u0219ul s\u0103 c\u00e2nte, ap\u0103sa\u021bi din nou pentru a opri. * Comutatoarele se v\u00e2nd separat ____________________________________________________________________________________________________________","og_url":"https:\/\/glassouse.com\/ro\/product\/gat02-iepuras-cantaret\/","og_site_name":"Glassouse Assistive Device","article_publisher":"https:\/\/www.facebook.com\/glassouse\/","og_image":[{"width":1000,"height":1000,"url":"https:\/\/glassouse.com\/wp-content\/uploads\/2020\/08\/Singing-Bunny-4.jpg","type":"image\/jpeg"}],"twitter_card":"summary_large_image","twitter_site":"@glassouse","schema":{"@context":"https:\/\/schema.org","@graph":[{"@type":"WebPage","@id":"https:\/\/glassouse.com\/ro\/product\/gat02-iepuras-cantaret\/","url":"https:\/\/glassouse.com\/ro\/product\/gat02-iepuras-cantaret\/","name":"GAT02 Iepura\u0219 c\u00e2nt\u0103re\u021b - Glassouse Assistive Device","isPartOf":{"@id":"https:\/\/glassouse.com\/ro\/#website"},"primaryImageOfPage":{"@id":"https:\/\/glassouse.com\/ro\/product\/gat02-iepuras-cantaret\/#primaryimage"},"image":{"@id":"https:\/\/glassouse.com\/ro\/product\/gat02-iepuras-cantaret\/#primaryimage"},"thumbnailUrl":"https:\/\/glassouse.com\/wp-content\/uploads\/2020\/08\/Singing-Bunny-4.jpg","datePublished":"2020-08-14T09:47:14+00:00","breadcrumb":{"@id":"https:\/\/glassouse.com\/ro\/product\/gat02-iepuras-cantaret\/#breadcrumb"},"inLanguage":"ro-RO","potentialAction":[{"@type":"ReadAction","target":["https:\/\/glassouse.com\/ro\/product\/gat02-iepuras-cantaret\/"]}]},{"@type":"ImageObject","inLanguage":"ro-RO","@id":"https:\/\/glassouse.com\/ro\/product\/gat02-iepuras-cantaret\/#primaryimage","url":"https:\/\/glassouse.com\/wp-content\/uploads\/2020\/08\/Singing-Bunny-4.jpg","contentUrl":"https:\/\/glassouse.com\/wp-content\/uploads\/2020\/08\/Singing-Bunny-4.jpg","width":1000,"height":1000,"caption":"Singing-Bunny"},{"@type":"BreadcrumbList","@id":"https:\/\/glassouse.com\/ro\/product\/gat02-iepuras-cantaret\/#breadcrumb","itemListElement":[{"@type":"ListItem","position":1,"name":"Home","item":"https:\/\/glassouse.com\/ro\/acasa\/"},{"@type":"ListItem","position":2,"name":"Magazin","item":"https:\/\/glassouse.com\/ro\/magazin\/"},{"@type":"ListItem","position":3,"name":"GAT02 Iepura\u0219 c\u00e2nt\u0103re\u021b"}]},{"@type":"WebSite","@id":"https:\/\/glassouse.com\/ro\/#website","url":"https:\/\/glassouse.com\/ro\/","name":"Glassouse Assistive Device","description":"Assistive Device and Switches for Disabled","publisher":{"@id":"https:\/\/glassouse.com\/ro\/#organization"},"potentialAction":[{"@type":"SearchAction","target":{"@type":"EntryPoint","urlTemplate":"https:\/\/glassouse.com\/ro\/?s={search_term_string}"},"query-input":{"@type":"PropertyValueSpecification","valueRequired":true,"valueName":"search_term_string"}}],"inLanguage":"ro-RO"},{"@type":"Organization","@id":"https:\/\/glassouse.com\/ro\/#organization","name":"GlassOuse Assistive Device","url":"https:\/\/glassouse.com\/ro\/","logo":{"@type":"ImageObject","inLanguage":"ro-RO","@id":"https:\/\/glassouse.com\/ro\/#\/schema\/logo\/image\/","url":"https:\/\/glassouse.com\/wp-content\/uploads\/2017\/11\/logo.jpg","contentUrl":"https:\/\/glassouse.com\/wp-content\/uploads\/2017\/11\/logo.jpg","width":500,"height":500,"caption":"GlassOuse Assistive Device"},"image":{"@id":"https:\/\/glassouse.com\/ro\/#\/schema\/logo\/image\/"},"sameAs":["https:\/\/www.facebook.com\/glassouse\/","https:\/\/x.com\/glassouse","https:\/\/www.instagram.com\/glassouseassistivedevice\/","https:\/\/www.linkedin.com\/company\/glassouse\/","https:\/\/www.youtube.com\/channel\/UCM5pebcmVXbu00QYd91_Gyw"]}]}},"_links":{"self":[{"href":"https:\/\/glassouse.com\/ro\/wp-json\/wp\/v2\/product\/37940","targetHints":{"allow":["GET"]}}],"collection":[{"href":"https:\/\/glassouse.com\/ro\/wp-json\/wp\/v2\/product"}],"about":[{"href":"https:\/\/glassouse.com\/ro\/wp-json\/wp\/v2\/types\/product"}],"wp:featuredmedia":[{"embeddable":true,"href":"https:\/\/glassouse.com\/ro\/wp-json\/wp\/v2\/media\/37958"}],"wp:attachment":[{"href":"https:\/\/glassouse.com\/ro\/wp-json\/wp\/v2\/media?parent=37940"}],"wp:term":[{"taxonomy":"product_brand","embeddable":true,"href":"https:\/\/glassouse.com\/ro\/wp-json\/wp\/v2\/product_brand?post=37940"},{"taxonomy":"product_cat","embeddable":true,"href":"https:\/\/glassouse.com\/ro\/wp-json\/wp\/v2\/product_cat?post=37940"},{"taxonomy":"product_tag","embeddable":true,"href":"https:\/\/glassouse.com\/ro\/wp-json\/wp\/v2\/product_tag?post=37940"}],"curies":[{"name":"wp","href":"https:\/\/api.w.org\/{rel}","templated":true}]}}