{"id":30204,"date":"2022-04-30T06:22:32","date_gmt":"2022-04-29T22:22:32","guid":{"rendered":"https:\/\/glassouse.com\/villkor-och-anvisningar\/"},"modified":"2026-04-27T17:11:03","modified_gmt":"2026-04-27T09:11:03","slug":"villkor-och-anvisningar","status":"publish","type":"page","link":"https:\/\/glassouse.com\/sv\/villkor-och-anvisningar\/","title":{"rendered":"Villkor och anvisningar"},"content":{"rendered":"<div class=\"wpb-content-wrapper\"><p>[vc_row][vc_column width=&#8221;1\/1&#8243;][vc_column_text uncode_shortcode_id=&#8221;202773&#8243;]<\/p>\n<h1>Villkor och anvisningar<\/h1>\n<p>V\u00e4lkommen till Glassouse Assistive Device!<\/p>\n<p>Dessa villkor beskriver regler och best\u00e4mmelser f\u00f6r anv\u00e4ndningen av Ennopro Group Limiteds webbplats, som finns p\u00e5 https:\/\/glassouse.com\/.<\/p>\n<p>Genom att g\u00e5 in p\u00e5 denna webbplats antar vi att du accepterar dessa villkor. Forts\u00e4tt inte att anv\u00e4nda Glassouse hj\u00e4lpmedel om du inte godk\u00e4nner alla villkor som anges p\u00e5 denna sida. <\/p>\n<p>F\u00f6ljande terminologi g\u00e4ller f\u00f6r dessa villkor, sekretesspolicy och meddelande om ansvarsfriskrivning och alla avtal: &#8221;Kund&#8221;, &#8221;Du&#8221; och &#8221;Din&#8221; h\u00e4nvisar till dig, den person som loggar in p\u00e5 denna webbplats och f\u00f6ljer f\u00f6retagets villkor. &#8221;F\u00f6retaget&#8221;, &#8221;Oss sj\u00e4lva&#8221;, &#8221;Vi&#8221;, &#8221;V\u00e5r&#8221; och &#8221;Oss&#8221;, h\u00e4nvisar till v\u00e5rt f\u00f6retag. &#8221;Part&#8221;, &#8221;Parter&#8221; eller &#8221;Oss&#8221; avser b\u00e5de Kunden och oss sj\u00e4lva. Alla villkor h\u00e4nvisar till erbjudande, godk\u00e4nnande och beaktande av betalning som \u00e4r n\u00f6dv\u00e4ndig f\u00f6r att genomf\u00f6ra processen f\u00f6r v\u00e5rt st\u00f6d till kunden p\u00e5 det mest l\u00e4mpliga s\u00e4ttet f\u00f6r det uttryckliga syftet att tillgodose kundens behov med avseende p\u00e5 tillhandah\u00e5llande av f\u00f6retagets angivna tj\u00e4nster, i enlighet med och med f\u00f6rbeh\u00e5ll f\u00f6r g\u00e4llande lag i Nederl\u00e4nderna. All anv\u00e4ndning av ovanst\u00e5ende terminologi eller andra ord i singular, plural, kapitalisering och\/eller han \/ hon eller de, tas som utbytbara och d\u00e4rf\u00f6r som h\u00e4nvisning till samma.    <\/p>\n<h3><strong>Kakor<\/strong><\/h3>\n<p>Vi anv\u00e4nder oss av cookies. Genom att g\u00e5 in p\u00e5 Glassouse hj\u00e4lpmedel samtycker du till att anv\u00e4nda cookies i enlighet med Ennopro Group Limiteds integritetspolicy. <\/p>\n<p>De flesta interaktiva webbplatser anv\u00e4nder cookies f\u00f6r att l\u00e5ta oss h\u00e4mta anv\u00e4ndarens uppgifter f\u00f6r varje bes\u00f6k. Cookies anv\u00e4nds av v\u00e5r webbplats f\u00f6r att m\u00f6jligg\u00f6ra funktionaliteten i vissa omr\u00e5den f\u00f6r att g\u00f6ra det l\u00e4ttare f\u00f6r m\u00e4nniskor som bes\u00f6ker v\u00e5r webbplats. Vissa av v\u00e5ra affiliate-\/reklampartners kan ocks\u00e5 anv\u00e4nda cookies.  <\/p>\n<h3><strong>Licens<\/strong><\/h3>\n<p>Om inte annat anges \u00e4ger Ennopro Group Limited och\/eller dess licensgivare de immateriella r\u00e4ttigheterna f\u00f6r allt material p\u00e5 Glassouse hj\u00e4lpmedel. Alla immateriella r\u00e4ttigheter \u00e4r reserverade. Du kan f\u00e5 tillg\u00e5ng till detta fr\u00e5n Glassouse-hj\u00e4lpmedlet f\u00f6r ditt eget personliga bruk med f\u00f6rbeh\u00e5ll f\u00f6r de begr\u00e4nsningar som anges i dessa villkor.  <\/p>\n<p>Det f\u00e5r du inte:<\/p>\n<ul>\n<li>\u00c5terpublicera material fr\u00e5n Glassouse Assistive Device<\/li>\n<li>S\u00e4lja, hyra eller underlicensiera material fr\u00e5n Glassouse Assistive Device<\/li>\n<li>Reproducera, duplicera eller kopiera material fr\u00e5n Glassouse-hj\u00e4lpmedlet<\/li>\n<li>Redistribuera inneh\u00e5ll fr\u00e5n Glassouse hj\u00e4lpmedel<\/li>\n<\/ul>\n<p>Detta avtal ska b\u00f6rja g\u00e4lla p\u00e5 dagen f\u00f6r detta. V\u00e5ra allm\u00e4nna villkor skapades med hj\u00e4lp av <a href=\"https:\/\/www.privacypolicies.com\/blog\/sample-terms-conditions-template\/\">mallen<\/a> f\u00f6r allm\u00e4nna villkor. <\/p>\n<p>Delar av denna webbplats erbjuder en m\u00f6jlighet f\u00f6r anv\u00e4ndare att publicera och utbyta \u00e5sikter och information inom vissa omr\u00e5den av webbplatsen. Ennopro Group Limited filtrerar inte, redigerar inte, publicerar inte eller granskar inte kommentarer innan de publiceras p\u00e5 webbplatsen. Kommentarer \u00e5terspeglar inte \u00e5sikter och uppfattningar hos Ennopro Group Limited, dess ombud och\/eller dotterbolag. Kommentarer \u00e5terspeglar \u00e5sikterna och \u00e5sikterna hos den person som publicerar sina \u00e5sikter och \u00e5sikter. I den utstr\u00e4ckning som till\u00e5ts enligt till\u00e4mplig lag ska Ennopro Group Limited inte h\u00e5llas ansvarigt f\u00f6r kommentarerna eller f\u00f6r n\u00e5got ansvar, skador eller utgifter som orsakats och\/eller lidits till f\u00f6ljd av anv\u00e4ndning av och\/eller publicering av och\/eller f\u00f6rekomst av kommentarerna p\u00e5 denna webbplats.    <\/p>\n<p>Ennopro Group Limited f\u00f6rbeh\u00e5ller sig r\u00e4tten att \u00f6vervaka alla kommentarer och att ta bort alla kommentarer som kan anses vara ol\u00e4mpliga, st\u00f6tande eller som bryter mot dessa villkor.<\/p>\n<p>Du garanterar och representerar att:<\/p>\n<ul>\n<li>Du har r\u00e4tt att l\u00e4gga upp kommentarer p\u00e5 v\u00e5r webbplats och har alla n\u00f6dv\u00e4ndiga licenser och samtycken f\u00f6r att g\u00f6ra det;<\/li>\n<li>Kommentarerna inkr\u00e4ktar inte p\u00e5 n\u00e5gon immateriell r\u00e4ttighet, inklusive utan begr\u00e4nsning upphovsr\u00e4tt, patent eller varum\u00e4rke som tillh\u00f6r n\u00e5gon tredje part;<\/li>\n<li>Kommentarerna inte inneh\u00e5ller n\u00e5got \u00e4rekr\u00e4nkande, f\u00f6rtalande, st\u00f6tande, oanst\u00e4ndigt eller p\u00e5 annat s\u00e4tt olagligt material som kr\u00e4nker privatlivet<\/li>\n<li>Kommentarerna kommer inte att anv\u00e4ndas f\u00f6r att beg\u00e4ra eller fr\u00e4mja aff\u00e4rer eller anpassade eller presentera kommersiella aktiviteter eller olaglig verksamhet.<\/li>\n<\/ul>\n<p>Du ger h\u00e4rmed Ennopro Group Limited en icke-exklusiv licens att anv\u00e4nda, reproducera, redigera och till\u00e5ta andra att anv\u00e4nda, reproducera och redigera alla dina kommentarer i alla former, format eller media.<\/p>\n<h3><strong>Hyperl\u00e4nkar till v\u00e5rt inneh\u00e5ll<\/strong><\/h3>\n<p>F\u00f6ljande organisationer f\u00e5r l\u00e4nka till v\u00e5r webbplats utan f\u00f6reg\u00e5ende skriftligt godk\u00e4nnande:<\/p>\n<ul>\n<li>Statliga myndigheter;<\/li>\n<li>S\u00f6kmotorer;<\/li>\n<li>Nyhetsorganisationer;<\/li>\n<li>Onlinekatalogdistribut\u00f6rer kan l\u00e4nka till v\u00e5r webbplats p\u00e5 samma s\u00e4tt som de l\u00e4nkar till webbplatserna f\u00f6r andra listade f\u00f6retag; och<\/li>\n<li>Systemomfattande ackrediterade f\u00f6retag utom v\u00e4rvande ideella organisationer, k\u00f6pcentra f\u00f6r v\u00e4lg\u00f6renhet och v\u00e4lg\u00f6renhetsinsamlingsgrupper som inte f\u00e5r hyperl\u00e4nka till v\u00e5r webbplats.<\/li>\n<\/ul>\n<p>Dessa organisationer f\u00e5r l\u00e4nka till v\u00e5r hemsida, till publikationer eller till annan information p\u00e5 webbplatsen s\u00e5 l\u00e4nge l\u00e4nken (a) inte p\u00e5 n\u00e5got s\u00e4tt \u00e4r vilseledande; (b) inte falskeligen antyder sponsring, st\u00f6d eller godk\u00e4nnande av den l\u00e4nkande parten och dess produkter och\/eller tj\u00e4nster; och (c) passar in i sammanhanget p\u00e5 den l\u00e4nkande partens webbplats.   <\/p>\n<p>Vi kan \u00f6verv\u00e4ga och godk\u00e4nna andra l\u00e4nkf\u00f6rfr\u00e5gningar fr\u00e5n f\u00f6ljande typer av organisationer:<\/p>\n<ul>\n<li>allm\u00e4nt k\u00e4nda informationsk\u00e4llor f\u00f6r konsumenter och\/eller f\u00f6retag;<\/li>\n<li>dot.com community webbplatser;<\/li>\n<li>f\u00f6reningar eller andra grupper som f\u00f6retr\u00e4der v\u00e4lg\u00f6renhetsorganisationer;<\/li>\n<li>distribut\u00f6rer av onlinekataloger;<\/li>\n<li>internetportaler;<\/li>\n<li>revisions-, advokat- och konsultf\u00f6retag, och<\/li>\n<li>utbildningsinstitutioner och branschorganisationer.<\/li>\n<\/ul>\n<p>Vi kommer att godk\u00e4nna l\u00e4nkf\u00f6rfr\u00e5gningar fr\u00e5n dessa organisationer om vi beslutar att: (a) l\u00e4nken inte skulle f\u00e5 oss att se of\u00f6rdelaktiga ut f\u00f6r oss sj\u00e4lva eller f\u00f6r v\u00e5ra ackrediterade f\u00f6retag; (b) organisationen inte har n\u00e5gra negativa uppgifter om oss; (c) f\u00f6rdelen f\u00f6r oss med synligheten av hyperl\u00e4nken kompenserar fr\u00e5nvaron av Ennopro Group Limited; och (d) l\u00e4nken \u00e4r i samband med allm\u00e4n resursinformation.    <\/p>\n<p>Dessa organisationer f\u00e5r l\u00e4nka till v\u00e5r hemsida s\u00e5 l\u00e4nge som l\u00e4nken: (a) inte p\u00e5 n\u00e5got s\u00e4tt \u00e4r vilseledande; (b) inte falskeligen antyder sponsring, st\u00f6d eller godk\u00e4nnande av den l\u00e4nkande parten och dess produkter eller tj\u00e4nster; och (c) passar in i sammanhanget f\u00f6r den l\u00e4nkande partens webbplats.   <\/p>\n<p>Om du \u00e4r en av de organisationer som anges i punkt 2 ovan och \u00e4r intresserad av att l\u00e4nka till v\u00e5r webbplats, m\u00e5ste du informera oss genom att skicka ett e-postmeddelande till Ennopro Group Limited. V\u00e4nligen inkludera ditt namn, din organisations namn, kontaktinformation samt webbadressen till din webbplats, en lista \u00f6ver alla webbadresser fr\u00e5n vilka du avser att l\u00e4nka till v\u00e5r webbplats och en lista \u00f6ver de webbadresser p\u00e5 v\u00e5r webbplats som du vill l\u00e4nka till. V\u00e4nta 2-3 veckor p\u00e5 svar.  <\/p>\n<p>Godk\u00e4nda organisationer f\u00e5r hyperl\u00e4nka till v\u00e5r webbplats p\u00e5 f\u00f6ljande s\u00e4tt:<\/p>\n<ul>\n<li>Genom anv\u00e4ndning av v\u00e5rt f\u00f6retagsnamn; eller<\/li>\n<li>Genom anv\u00e4ndning av den enhetliga resurslokalisator som l\u00e4nkas till; eller<\/li>\n<li>Genom att anv\u00e4nda n\u00e5gon annan beskrivning av v\u00e5r webbplats som l\u00e4nkas till som \u00e4r meningsfull inom ramen f\u00f6r sammanhanget och formatet f\u00f6r inneh\u00e5llet p\u00e5 den l\u00e4nkande partens webbplats.<\/li>\n<\/ul>\n<p>Ingen anv\u00e4ndning av Ennopro Group Limiteds logotyp eller andra illustrationer kommer att till\u00e5tas f\u00f6r l\u00e4nkning utan ett varum\u00e4rkeslicensavtal.<\/p>\n<h3><strong>iFrames<\/strong><\/h3>\n<p>Utan f\u00f6reg\u00e5ende godk\u00e4nnande och skriftligt tillst\u00e5nd f\u00e5r du inte skapa ramar runt v\u00e5ra webbsidor som p\u00e5 n\u00e5got s\u00e4tt \u00e4ndrar den visuella presentationen eller utseendet p\u00e5 v\u00e5r webbplats.<\/p>\n<h3><strong>Ansvar f\u00f6r inneh\u00e5ll<\/strong><\/h3>\n<p>Vi ska inte h\u00e5llas ansvariga f\u00f6r n\u00e5got inneh\u00e5ll som visas p\u00e5 din webbplats. Du samtycker till att skydda och f\u00f6rsvara oss mot alla anspr\u00e5k som uppkommer p\u00e5 din webbplats. Inga l\u00e4nkar ska visas p\u00e5 n\u00e5gon webbplats som kan tolkas som \u00e4rekr\u00e4nkande, obscen eller brottslig, eller som g\u00f6r intr\u00e5ng i, p\u00e5 annat s\u00e4tt bryter mot, eller f\u00f6respr\u00e5kar intr\u00e5ng i eller annan \u00f6vertr\u00e4delse av, tredje parts r\u00e4ttigheter.  <\/p>\n<h3><strong>Din integritet<\/strong><\/h3>\n<p>V\u00e4nligen l\u00e4s Integritetspolicy<\/p>\n<h3><strong>F\u00f6rbeh\u00e5ll f\u00f6r r\u00e4ttigheter<\/strong><\/h3>\n<p>Vi f\u00f6rbeh\u00e5ller oss r\u00e4tten att beg\u00e4ra att du tar bort alla l\u00e4nkar eller n\u00e5gon s\u00e4rskild l\u00e4nk till v\u00e5r webbplats. Du godk\u00e4nner att omedelbart ta bort alla l\u00e4nkar till v\u00e5r webbplats p\u00e5 beg\u00e4ran. Vi f\u00f6rbeh\u00e5ller oss ocks\u00e5 r\u00e4tten att n\u00e4r som helst \u00e4ndra dessa villkor och dess l\u00e4nkpolicy. Genom att kontinuerligt l\u00e4nka till v\u00e5r webbplats samtycker du till att vara bunden till och f\u00f6lja dessa l\u00e4nkvillkor.   <\/p>\n<h3><strong>Borttagning av l\u00e4nkar fr\u00e5n v\u00e5r webbplats<\/strong><\/h3>\n<p>Om du hittar n\u00e5gon l\u00e4nk p\u00e5 v\u00e5r webbplats som \u00e4r st\u00f6tande av n\u00e5gon anledning, \u00e4r du fri att kontakta och informera oss n\u00e4r som helst. Vi kommer att \u00f6verv\u00e4ga f\u00f6rfr\u00e5gningar om att ta bort l\u00e4nkar, men vi \u00e4r inte skyldiga att g\u00f6ra det eller att svara dig direkt. <\/p>\n<p>Vi garanterar inte att informationen p\u00e5 denna webbplats \u00e4r korrekt, vi garanterar inte att den \u00e4r fullst\u00e4ndig eller korrekt; vi lovar inte heller att se till att webbplatsen f\u00f6rblir tillg\u00e4nglig eller att materialet p\u00e5 webbplatsen h\u00e5lls uppdaterat.<\/p>\n<h3><strong>Ansvarsfriskrivning<\/strong><\/h3>\n<p>I den utstr\u00e4ckning som till\u00e5ts enligt till\u00e4mplig lag utesluter vi alla utf\u00e4stelser, garantier och villkor som r\u00f6r v\u00e5r webbplats och anv\u00e4ndningen av denna webbplats. Ingenting i denna ansvarsfriskrivning kommer: <\/p>\n<ul>\n<li>begr\u00e4nsa eller utesluta v\u00e5rt eller ert ansvar f\u00f6r d\u00f6dsfall eller personskada;<\/li>\n<li>begr\u00e4nsa eller utesluta v\u00e5rt eller ert ansvar f\u00f6r bedr\u00e4geri eller bedr\u00e4glig felaktig framst\u00e4llning;<\/li>\n<li>begr\u00e4nsa n\u00e5got av v\u00e5ra eller dina ansvar p\u00e5 n\u00e5got s\u00e4tt som inte \u00e4r till\u00e5tet enligt till\u00e4mplig lag; eller<\/li>\n<li>utesluta n\u00e5got av v\u00e5ra eller era ansvar som inte f\u00e5r uteslutas enligt till\u00e4mplig lag.<\/li>\n<\/ul>\n<p>De begr\u00e4nsningar och f\u00f6rbud mot ansvar som anges i detta avsnitt och p\u00e5 andra st\u00e4llen i denna ansvarsfriskrivning: (a) omfattas av f\u00f6reg\u00e5ende stycke; och (b) reglerar alla skyldigheter som uppst\u00e5r enligt ansvarsfriskrivningen, inklusive skyldigheter som uppst\u00e5r i kontrakt, i skadest\u00e5nd och f\u00f6r brott mot lagstadgad skyldighet.  <\/p>\n<p>S\u00e5 l\u00e4nge webbplatsen och informationen och tj\u00e4nsterna p\u00e5 webbplatsen tillhandah\u00e5lls kostnadsfritt \u00e4r vi inte ansvariga f\u00f6r n\u00e5gon f\u00f6rlust eller skada av n\u00e5got slag.[\/vc_column_text][\/vc_column][\/vc_row]<\/p>\n<\/div>","protected":false},"excerpt":{"rendered":"<p>[vc_row][vc_column width=&#8221;1\/1&#8243;][vc_column_text uncode_shortcode_id=&#8221;202773&#8243;] Villkor och anvisningar V\u00e4lkommen till Glassouse Assistive Device! Dessa villkor beskriver regler och best\u00e4mmelser f\u00f6r anv\u00e4ndningen av [&hellip;]<\/p>\n","protected":false},"author":1,"featured_media":0,"parent":0,"menu_order":10,"comment_status":"closed","ping_status":"closed","template":"","meta":{"_acf_changed":false,"footnotes":""},"class_list":["post-30204","page","type-page","status-publish","hentry"],"acf":[],"yoast_head":"<!-- This site is optimized with the Yoast SEO plugin v27.4 - https:\/\/yoast.com\/product\/yoast-seo-wordpress\/ -->\n<title>Villkor och anvisningar - Glassouse Assistive Device<\/title>\n<meta name=\"robots\" content=\"index, follow, max-snippet:-1, max-image-preview:large, max-video-preview:-1\" \/>\n<link rel=\"canonical\" href=\"https:\/\/glassouse.com\/sv\/villkor-och-anvisningar\/\" \/>\n<meta property=\"og:locale\" content=\"sv_SE\" \/>\n<meta property=\"og:type\" content=\"article\" \/>\n<meta property=\"og:title\" content=\"Villkor och anvisningar - Glassouse Assistive Device\" \/>\n<meta property=\"og:description\" content=\"[vc_row][vc_column width=&#8221;1\/1&#8243;][vc_column_text uncode_shortcode_id=&#8221;202773&#8243;] Villkor och anvisningar V\u00e4lkommen till Glassouse Assistive Device! Dessa villkor beskriver regler och best\u00e4mmelser f\u00f6r anv\u00e4ndningen av [&hellip;]\" \/>\n<meta property=\"og:url\" content=\"https:\/\/glassouse.com\/sv\/villkor-och-anvisningar\/\" \/>\n<meta property=\"og:site_name\" content=\"Glassouse Assistive Device\" \/>\n<meta property=\"article:publisher\" content=\"https:\/\/www.facebook.com\/glassouse\/\" \/>\n<meta property=\"article:modified_time\" content=\"2026-04-27T09:11:03+00:00\" \/>\n<meta name=\"twitter:card\" content=\"summary_large_image\" \/>\n<meta name=\"twitter:site\" content=\"@glassouse\" \/>\n<meta name=\"twitter:label1\" content=\"Ber\u00e4knad l\u00e4stid\" \/>\n\t<meta name=\"twitter:data1\" content=\"9 minuter\" \/>\n<script type=\"application\/ld+json\" class=\"yoast-schema-graph\">{\"@context\":\"https:\\\/\\\/schema.org\",\"@graph\":[{\"@type\":\"WebPage\",\"@id\":\"https:\\\/\\\/glassouse.com\\\/sv\\\/villkor-och-anvisningar\\\/\",\"url\":\"https:\\\/\\\/glassouse.com\\\/sv\\\/villkor-och-anvisningar\\\/\",\"name\":\"Villkor och anvisningar - Glassouse Assistive Device\",\"isPartOf\":{\"@id\":\"https:\\\/\\\/glassouse.com\\\/sv\\\/#website\"},\"datePublished\":\"2022-04-29T22:22:32+00:00\",\"dateModified\":\"2026-04-27T09:11:03+00:00\",\"breadcrumb\":{\"@id\":\"https:\\\/\\\/glassouse.com\\\/sv\\\/villkor-och-anvisningar\\\/#breadcrumb\"},\"inLanguage\":\"sv-SE\",\"potentialAction\":[{\"@type\":\"ReadAction\",\"target\":[\"https:\\\/\\\/glassouse.com\\\/sv\\\/villkor-och-anvisningar\\\/\"]}]},{\"@type\":\"BreadcrumbList\",\"@id\":\"https:\\\/\\\/glassouse.com\\\/sv\\\/villkor-och-anvisningar\\\/#breadcrumb\",\"itemListElement\":[{\"@type\":\"ListItem\",\"position\":1,\"name\":\"Home\",\"item\":\"https:\\\/\\\/glassouse.com\\\/sv\\\/hem\\\/\"},{\"@type\":\"ListItem\",\"position\":2,\"name\":\"Villkor och anvisningar\"}]},{\"@type\":\"WebSite\",\"@id\":\"https:\\\/\\\/glassouse.com\\\/sv\\\/#website\",\"url\":\"https:\\\/\\\/glassouse.com\\\/sv\\\/\",\"name\":\"Glassouse Assistive Device\",\"description\":\"Assistive Device and Switches for Disabled\",\"publisher\":{\"@id\":\"https:\\\/\\\/glassouse.com\\\/sv\\\/#organization\"},\"potentialAction\":[{\"@type\":\"SearchAction\",\"target\":{\"@type\":\"EntryPoint\",\"urlTemplate\":\"https:\\\/\\\/glassouse.com\\\/sv\\\/?s={search_term_string}\"},\"query-input\":{\"@type\":\"PropertyValueSpecification\",\"valueRequired\":true,\"valueName\":\"search_term_string\"}}],\"inLanguage\":\"sv-SE\"},{\"@type\":\"Organization\",\"@id\":\"https:\\\/\\\/glassouse.com\\\/sv\\\/#organization\",\"name\":\"GlassOuse Assistive Device\",\"url\":\"https:\\\/\\\/glassouse.com\\\/sv\\\/\",\"logo\":{\"@type\":\"ImageObject\",\"inLanguage\":\"sv-SE\",\"@id\":\"https:\\\/\\\/glassouse.com\\\/sv\\\/#\\\/schema\\\/logo\\\/image\\\/\",\"url\":\"https:\\\/\\\/glassouse.com\\\/wp-content\\\/uploads\\\/2017\\\/11\\\/logo.jpg\",\"contentUrl\":\"https:\\\/\\\/glassouse.com\\\/wp-content\\\/uploads\\\/2017\\\/11\\\/logo.jpg\",\"width\":500,\"height\":500,\"caption\":\"GlassOuse Assistive Device\"},\"image\":{\"@id\":\"https:\\\/\\\/glassouse.com\\\/sv\\\/#\\\/schema\\\/logo\\\/image\\\/\"},\"sameAs\":[\"https:\\\/\\\/www.facebook.com\\\/glassouse\\\/\",\"https:\\\/\\\/x.com\\\/glassouse\",\"https:\\\/\\\/www.instagram.com\\\/glassouseassistivedevice\\\/\",\"https:\\\/\\\/www.linkedin.com\\\/company\\\/glassouse\\\/\",\"https:\\\/\\\/www.youtube.com\\\/channel\\\/UCM5pebcmVXbu00QYd91_Gyw\"]}]}<\/script>\n<!-- \/ Yoast SEO plugin. -->","yoast_head_json":{"title":"Villkor och anvisningar - Glassouse Assistive Device","robots":{"index":"index","follow":"follow","max-snippet":"max-snippet:-1","max-image-preview":"max-image-preview:large","max-video-preview":"max-video-preview:-1"},"canonical":"https:\/\/glassouse.com\/sv\/villkor-och-anvisningar\/","og_locale":"sv_SE","og_type":"article","og_title":"Villkor och anvisningar - Glassouse Assistive Device","og_description":"[vc_row][vc_column width=&#8221;1\/1&#8243;][vc_column_text uncode_shortcode_id=&#8221;202773&#8243;] Villkor och anvisningar V\u00e4lkommen till Glassouse Assistive Device! Dessa villkor beskriver regler och best\u00e4mmelser f\u00f6r anv\u00e4ndningen av [&hellip;]","og_url":"https:\/\/glassouse.com\/sv\/villkor-och-anvisningar\/","og_site_name":"Glassouse Assistive Device","article_publisher":"https:\/\/www.facebook.com\/glassouse\/","article_modified_time":"2026-04-27T09:11:03+00:00","twitter_card":"summary_large_image","twitter_site":"@glassouse","twitter_misc":{"Ber\u00e4knad l\u00e4stid":"9 minuter"},"schema":{"@context":"https:\/\/schema.org","@graph":[{"@type":"WebPage","@id":"https:\/\/glassouse.com\/sv\/villkor-och-anvisningar\/","url":"https:\/\/glassouse.com\/sv\/villkor-och-anvisningar\/","name":"Villkor och anvisningar - Glassouse Assistive Device","isPartOf":{"@id":"https:\/\/glassouse.com\/sv\/#website"},"datePublished":"2022-04-29T22:22:32+00:00","dateModified":"2026-04-27T09:11:03+00:00","breadcrumb":{"@id":"https:\/\/glassouse.com\/sv\/villkor-och-anvisningar\/#breadcrumb"},"inLanguage":"sv-SE","potentialAction":[{"@type":"ReadAction","target":["https:\/\/glassouse.com\/sv\/villkor-och-anvisningar\/"]}]},{"@type":"BreadcrumbList","@id":"https:\/\/glassouse.com\/sv\/villkor-och-anvisningar\/#breadcrumb","itemListElement":[{"@type":"ListItem","position":1,"name":"Home","item":"https:\/\/glassouse.com\/sv\/hem\/"},{"@type":"ListItem","position":2,"name":"Villkor och anvisningar"}]},{"@type":"WebSite","@id":"https:\/\/glassouse.com\/sv\/#website","url":"https:\/\/glassouse.com\/sv\/","name":"Glassouse Assistive Device","description":"Assistive Device and Switches for Disabled","publisher":{"@id":"https:\/\/glassouse.com\/sv\/#organization"},"potentialAction":[{"@type":"SearchAction","target":{"@type":"EntryPoint","urlTemplate":"https:\/\/glassouse.com\/sv\/?s={search_term_string}"},"query-input":{"@type":"PropertyValueSpecification","valueRequired":true,"valueName":"search_term_string"}}],"inLanguage":"sv-SE"},{"@type":"Organization","@id":"https:\/\/glassouse.com\/sv\/#organization","name":"GlassOuse Assistive Device","url":"https:\/\/glassouse.com\/sv\/","logo":{"@type":"ImageObject","inLanguage":"sv-SE","@id":"https:\/\/glassouse.com\/sv\/#\/schema\/logo\/image\/","url":"https:\/\/glassouse.com\/wp-content\/uploads\/2017\/11\/logo.jpg","contentUrl":"https:\/\/glassouse.com\/wp-content\/uploads\/2017\/11\/logo.jpg","width":500,"height":500,"caption":"GlassOuse Assistive Device"},"image":{"@id":"https:\/\/glassouse.com\/sv\/#\/schema\/logo\/image\/"},"sameAs":["https:\/\/www.facebook.com\/glassouse\/","https:\/\/x.com\/glassouse","https:\/\/www.instagram.com\/glassouseassistivedevice\/","https:\/\/www.linkedin.com\/company\/glassouse\/","https:\/\/www.youtube.com\/channel\/UCM5pebcmVXbu00QYd91_Gyw"]}]}},"_links":{"self":[{"href":"https:\/\/glassouse.com\/sv\/wp-json\/wp\/v2\/pages\/30204","targetHints":{"allow":["GET"]}}],"collection":[{"href":"https:\/\/glassouse.com\/sv\/wp-json\/wp\/v2\/pages"}],"about":[{"href":"https:\/\/glassouse.com\/sv\/wp-json\/wp\/v2\/types\/page"}],"author":[{"embeddable":true,"href":"https:\/\/glassouse.com\/sv\/wp-json\/wp\/v2\/users\/1"}],"replies":[{"embeddable":true,"href":"https:\/\/glassouse.com\/sv\/wp-json\/wp\/v2\/comments?post=30204"}],"version-history":[{"count":1,"href":"https:\/\/glassouse.com\/sv\/wp-json\/wp\/v2\/pages\/30204\/revisions"}],"predecessor-version":[{"id":30233,"href":"https:\/\/glassouse.com\/sv\/wp-json\/wp\/v2\/pages\/30204\/revisions\/30233"}],"wp:attachment":[{"href":"https:\/\/glassouse.com\/sv\/wp-json\/wp\/v2\/media?parent=30204"}],"curies":[{"name":"wp","href":"https:\/\/api.w.org\/{rel}","templated":true}]}}