{"id":30421,"date":"2022-06-07T11:14:18","date_gmt":"2022-06-07T03:14:18","guid":{"rendered":"https:\/\/glassouse.com\/om-oss\/"},"modified":"2026-04-27T17:11:07","modified_gmt":"2026-04-27T09:11:07","slug":"om-oss","status":"publish","type":"page","link":"https:\/\/glassouse.com\/sv\/om-oss\/","title":{"rendered":"Om oss"},"content":{"rendered":"<div class=\"wpb-content-wrapper\"><p>[vc_row unlock_row_content=&#8221;yes&#8221; row_height_percent=&#8221;0&#8243; override_padding=&#8221;yes&#8221; h_padding=&#8221;0&#8243; top_padding=&#8221;0&#8243; bottom_padding=&#8221;0&#8243; overlay_alpha=&#8221;50&#8243; gutter_size=&#8221;0&#8243; column_width_percent=&#8221;100&#8243; shift_y=&#8221;0&#8243; z_index=&#8221;0&#8243; uncode_shortcode_id=&#8221;113570&#8243; row_height_pixel=&#8221;500&#8243; css=&#8221;.vc_custom_1657234076761{padding-right: 0px !important;padding-left: 0px !important;}&#8221;][vc_column column_width_percent=&#8221;100&#8243; position_vertical=&#8221;middle&#8221; align_horizontal=&#8221;align_center&#8221; gutter_size=&#8221;3&#8243; overlay_alpha=&#8221;50&#8243; shift_x=&#8221;0&#8243; shift_y=&#8221;0&#8243; shift_y_down=&#8221;0&#8243; z_index=&#8221;0&#8243; medium_width=&#8221;0&#8243; mobile_width=&#8221;0&#8243; width=&#8221;1\/1&#8243; uncode_shortcode_id=&#8221;109151&#8243;][vc_single_image media=&#8221;30423&#8243; media_width_use_pixel=&#8221;yes&#8221; alignment=&#8221;center&#8221; uncode_shortcode_id=&#8221;736981&#8243; el_class=&#8221;w-auto about_us_banenr&#8221;][\/vc_column][\/vc_row][vc_row row_height_percent=&#8221;0&#8243; override_padding=&#8221;yes&#8221; h_padding=&#8221;0&#8243; top_padding=&#8221;3&#8243; bottom_padding=&#8221;3&#8243; overlay_alpha=&#8221;50&#8243; gutter_size=&#8221;3&#8243; column_width_percent=&#8221;100&#8243; shift_y=&#8221;0&#8243; z_index=&#8221;0&#8243; uncode_shortcode_id=&#8221;183118&#8243;][vc_column][vc_custom_heading heading_semantic=&#8221;h1&#8243; text_weight=&#8221;700&#8243; uncode_shortcode_id=&#8221;122096&#8243;]<span style=\"color: #43b8db;\">Om <\/span>GlassOuse Hj\u00e4lpmedel[\/vc_custom_heading][vc_separator sep_color=&#8221;color-vyce&#8221; icon_position=&#8221;left&#8221; el_height=&#8221;5px&#8221; uncode_shortcode_id=&#8221;727187&#8243; sep_color_type=&#8221;uncode-palette&#8221; el_width=&#8221;50px&#8221; el_class=&#8221;c-divider&#8221;][vc_column_text text_lead=&#8221;yes&#8221; uncode_shortcode_id=&#8221;157375&#8243;]GlassOuse Assistive Device grundades 2016 och har designat och utvecklat teknik f\u00f6r att hj\u00e4lpa personer med fysiska funktionsneds\u00e4ttningar och begr\u00e4nsad r\u00f6rlighet att f\u00e5 tillg\u00e5ng till grundl\u00e4ggande teknik som alla andra.<\/p>\n<p>&#8221;Hur anv\u00e4nder en funktionshindrad person utan lemmar eller r\u00f6rlighetsproblem sina smartphones, surfplattor och datorer?&#8221; &#8211; Det var en fr\u00e5ga som v\u00e5r grundare och VD Mehmet Turker st\u00e4llde sig i b\u00f6rjan av 2016 n\u00e4r han konfronterades med detta dilemma. Nemos n\u00e4ra v\u00e4n Caner Cem Marti, en 20-\u00e5rig \u00e4ventyrare, \u00e5drog sig en allvarlig skada vid djuphavsdykning som resulterade i f\u00f6rlamning av hela kroppen under huvudet. Den h\u00e4r olyckan skulle f\u00f6r\u00e4ndra Caners liv f\u00f6r alltid. Nemo ville d\u00e4rf\u00f6r skapa en enhet \u00e5t sin v\u00e4n s\u00e5 att han skulle kunna anv\u00e4nda sin telefon och dator precis som alla andra.   <\/p>\n<p>Han fortsatte med att designa GlassOuse V1.1 &#8211; en tr\u00e5dl\u00f6s huvudmus som skulle g\u00f6ra det m\u00f6jligt f\u00f6r Caner att anv\u00e4nda mobiltelefoner och datorer helt enkelt genom huvudr\u00f6relser och bitklick. Denna enhet lanserades senare p\u00e5 Indiegogo, d\u00e4r den hyllades och uppskattades globalt. <\/p>\n<p>Sedan dess har v\u00e5rt team av experter, med hj\u00e4lp av feedback fr\u00e5n v\u00e5r globala anv\u00e4ndargrupp, utvecklat olika hj\u00e4lpmedel som <strong>GlassOuse V1.4, GlassOuse PRO, G-Switches, Adaptive Toys<\/strong> och mycket mer f\u00f6r att ge alla tillg\u00e5ng till teknik p\u00e5 ett mer sj\u00e4lvst\u00e4ndigt s\u00e4tt.<\/p>\n<p><strong style=\"color: #43b8db;\">#inkludering<\/strong> <strong style=\"color: #43b8db;\">#teknikf\u00f6ralla<\/strong><\/p>\n<p>GlassOuse hj\u00e4lpmedel (varum\u00e4rke) \u00e4gs och drivs helt och h\u00e5llet av<strong> Ennopro Group Limited<\/strong> (moderorganisation)[\/vc_column_text][\/vc_column][\/vc_row]<\/p>\n<\/div>","protected":false},"excerpt":{"rendered":"<p>[vc_row unlock_row_content=&#8221;yes&#8221; row_height_percent=&#8221;0&#8243; override_padding=&#8221;yes&#8221; h_padding=&#8221;0&#8243; top_padding=&#8221;0&#8243; bottom_padding=&#8221;0&#8243; overlay_alpha=&#8221;50&#8243; gutter_size=&#8221;0&#8243; column_width_percent=&#8221;100&#8243; shift_y=&#8221;0&#8243; z_index=&#8221;0&#8243; uncode_shortcode_id=&#8221;113570&#8243; row_height_pixel=&#8221;500&#8243; css=&#8221;.vc_custom_1657234076761{padding-right: 0px !important;padding-left: 0px !important;}&#8221;][vc_column column_width_percent=&#8221;100&#8243; [&hellip;]<\/p>\n","protected":false},"author":1,"featured_media":0,"parent":0,"menu_order":6,"comment_status":"closed","ping_status":"closed","template":"","meta":{"_acf_changed":false,"footnotes":""},"class_list":["post-30421","page","type-page","status-publish","hentry"],"acf":[],"yoast_head":"<!-- This site is optimized with the Yoast SEO plugin v27.4 - https:\/\/yoast.com\/product\/yoast-seo-wordpress\/ -->\n<title>Om oss - GlassOuse Hj\u00e4lpmedel<\/title>\n<meta name=\"description\" content=\"GlassOuse Assistive Device grundades 2016 och har designat och utvecklat teknik f\u00f6r att hj\u00e4lpa personer med fysiska funktionsneds\u00e4ttningar och begr\u00e4nsad r\u00f6rlighet att f\u00e5 tillg\u00e5ng till grundl\u00e4ggande teknik som alla andra.\" \/>\n<meta name=\"robots\" content=\"index, follow, max-snippet:-1, max-image-preview:large, max-video-preview:-1\" \/>\n<link rel=\"canonical\" href=\"https:\/\/glassouse.com\/sv\/om-oss\/\" \/>\n<meta property=\"og:locale\" content=\"sv_SE\" \/>\n<meta property=\"og:type\" content=\"article\" \/>\n<meta property=\"og:title\" content=\"Om oss - GlassOuse Hj\u00e4lpmedel\" \/>\n<meta property=\"og:description\" content=\"GlassOuse Assistive Device grundades 2016 och har designat och utvecklat teknik f\u00f6r att hj\u00e4lpa personer med fysiska funktionsneds\u00e4ttningar och begr\u00e4nsad r\u00f6rlighet att f\u00e5 tillg\u00e5ng till grundl\u00e4ggande teknik som alla andra.\" \/>\n<meta property=\"og:url\" content=\"https:\/\/glassouse.com\/sv\/om-oss\/\" \/>\n<meta property=\"og:site_name\" content=\"Glassouse Assistive Device\" \/>\n<meta property=\"article:publisher\" content=\"https:\/\/www.facebook.com\/glassouse\/\" \/>\n<meta property=\"article:modified_time\" content=\"2026-04-27T09:11:07+00:00\" \/>\n<meta name=\"twitter:card\" content=\"summary_large_image\" \/>\n<meta name=\"twitter:site\" content=\"@glassouse\" \/>\n<meta name=\"twitter:label1\" content=\"Ber\u00e4knad l\u00e4stid\" \/>\n\t<meta name=\"twitter:data1\" content=\"2 minuter\" \/>\n<script type=\"application\/ld+json\" class=\"yoast-schema-graph\">{\"@context\":\"https:\\\/\\\/schema.org\",\"@graph\":[{\"@type\":\"WebPage\",\"@id\":\"https:\\\/\\\/glassouse.com\\\/sv\\\/om-oss\\\/\",\"url\":\"https:\\\/\\\/glassouse.com\\\/sv\\\/om-oss\\\/\",\"name\":\"Om oss - GlassOuse Hj\u00e4lpmedel\",\"isPartOf\":{\"@id\":\"https:\\\/\\\/glassouse.com\\\/sv\\\/#website\"},\"datePublished\":\"2022-06-07T03:14:18+00:00\",\"dateModified\":\"2026-04-27T09:11:07+00:00\",\"description\":\"GlassOuse Assistive Device grundades 2016 och har designat och utvecklat teknik f\u00f6r att hj\u00e4lpa personer med fysiska funktionsneds\u00e4ttningar och begr\u00e4nsad r\u00f6rlighet att f\u00e5 tillg\u00e5ng till grundl\u00e4ggande teknik som alla andra.\",\"breadcrumb\":{\"@id\":\"https:\\\/\\\/glassouse.com\\\/sv\\\/om-oss\\\/#breadcrumb\"},\"inLanguage\":\"sv-SE\",\"potentialAction\":[{\"@type\":\"ReadAction\",\"target\":[\"https:\\\/\\\/glassouse.com\\\/sv\\\/om-oss\\\/\"]}]},{\"@type\":\"BreadcrumbList\",\"@id\":\"https:\\\/\\\/glassouse.com\\\/sv\\\/om-oss\\\/#breadcrumb\",\"itemListElement\":[{\"@type\":\"ListItem\",\"position\":1,\"name\":\"Home\",\"item\":\"https:\\\/\\\/glassouse.com\\\/sv\\\/hem\\\/\"},{\"@type\":\"ListItem\",\"position\":2,\"name\":\"Om oss\"}]},{\"@type\":\"WebSite\",\"@id\":\"https:\\\/\\\/glassouse.com\\\/sv\\\/#website\",\"url\":\"https:\\\/\\\/glassouse.com\\\/sv\\\/\",\"name\":\"Glassouse Assistive Device\",\"description\":\"Assistive Device and Switches for Disabled\",\"publisher\":{\"@id\":\"https:\\\/\\\/glassouse.com\\\/sv\\\/#organization\"},\"potentialAction\":[{\"@type\":\"SearchAction\",\"target\":{\"@type\":\"EntryPoint\",\"urlTemplate\":\"https:\\\/\\\/glassouse.com\\\/sv\\\/?s={search_term_string}\"},\"query-input\":{\"@type\":\"PropertyValueSpecification\",\"valueRequired\":true,\"valueName\":\"search_term_string\"}}],\"inLanguage\":\"sv-SE\"},{\"@type\":\"Organization\",\"@id\":\"https:\\\/\\\/glassouse.com\\\/sv\\\/#organization\",\"name\":\"GlassOuse Assistive Device\",\"url\":\"https:\\\/\\\/glassouse.com\\\/sv\\\/\",\"logo\":{\"@type\":\"ImageObject\",\"inLanguage\":\"sv-SE\",\"@id\":\"https:\\\/\\\/glassouse.com\\\/sv\\\/#\\\/schema\\\/logo\\\/image\\\/\",\"url\":\"https:\\\/\\\/glassouse.com\\\/wp-content\\\/uploads\\\/2017\\\/11\\\/logo.jpg\",\"contentUrl\":\"https:\\\/\\\/glassouse.com\\\/wp-content\\\/uploads\\\/2017\\\/11\\\/logo.jpg\",\"width\":500,\"height\":500,\"caption\":\"GlassOuse Assistive Device\"},\"image\":{\"@id\":\"https:\\\/\\\/glassouse.com\\\/sv\\\/#\\\/schema\\\/logo\\\/image\\\/\"},\"sameAs\":[\"https:\\\/\\\/www.facebook.com\\\/glassouse\\\/\",\"https:\\\/\\\/x.com\\\/glassouse\",\"https:\\\/\\\/www.instagram.com\\\/glassouseassistivedevice\\\/\",\"https:\\\/\\\/www.linkedin.com\\\/company\\\/glassouse\\\/\",\"https:\\\/\\\/www.youtube.com\\\/channel\\\/UCM5pebcmVXbu00QYd91_Gyw\"]}]}<\/script>\n<!-- \/ Yoast SEO plugin. -->","yoast_head_json":{"title":"Om oss - GlassOuse Hj\u00e4lpmedel","description":"GlassOuse Assistive Device grundades 2016 och har designat och utvecklat teknik f\u00f6r att hj\u00e4lpa personer med fysiska funktionsneds\u00e4ttningar och begr\u00e4nsad r\u00f6rlighet att f\u00e5 tillg\u00e5ng till grundl\u00e4ggande teknik som alla andra.","robots":{"index":"index","follow":"follow","max-snippet":"max-snippet:-1","max-image-preview":"max-image-preview:large","max-video-preview":"max-video-preview:-1"},"canonical":"https:\/\/glassouse.com\/sv\/om-oss\/","og_locale":"sv_SE","og_type":"article","og_title":"Om oss - GlassOuse Hj\u00e4lpmedel","og_description":"GlassOuse Assistive Device grundades 2016 och har designat och utvecklat teknik f\u00f6r att hj\u00e4lpa personer med fysiska funktionsneds\u00e4ttningar och begr\u00e4nsad r\u00f6rlighet att f\u00e5 tillg\u00e5ng till grundl\u00e4ggande teknik som alla andra.","og_url":"https:\/\/glassouse.com\/sv\/om-oss\/","og_site_name":"Glassouse Assistive Device","article_publisher":"https:\/\/www.facebook.com\/glassouse\/","article_modified_time":"2026-04-27T09:11:07+00:00","twitter_card":"summary_large_image","twitter_site":"@glassouse","twitter_misc":{"Ber\u00e4knad l\u00e4stid":"2 minuter"},"schema":{"@context":"https:\/\/schema.org","@graph":[{"@type":"WebPage","@id":"https:\/\/glassouse.com\/sv\/om-oss\/","url":"https:\/\/glassouse.com\/sv\/om-oss\/","name":"Om oss - GlassOuse Hj\u00e4lpmedel","isPartOf":{"@id":"https:\/\/glassouse.com\/sv\/#website"},"datePublished":"2022-06-07T03:14:18+00:00","dateModified":"2026-04-27T09:11:07+00:00","description":"GlassOuse Assistive Device grundades 2016 och har designat och utvecklat teknik f\u00f6r att hj\u00e4lpa personer med fysiska funktionsneds\u00e4ttningar och begr\u00e4nsad r\u00f6rlighet att f\u00e5 tillg\u00e5ng till grundl\u00e4ggande teknik som alla andra.","breadcrumb":{"@id":"https:\/\/glassouse.com\/sv\/om-oss\/#breadcrumb"},"inLanguage":"sv-SE","potentialAction":[{"@type":"ReadAction","target":["https:\/\/glassouse.com\/sv\/om-oss\/"]}]},{"@type":"BreadcrumbList","@id":"https:\/\/glassouse.com\/sv\/om-oss\/#breadcrumb","itemListElement":[{"@type":"ListItem","position":1,"name":"Home","item":"https:\/\/glassouse.com\/sv\/hem\/"},{"@type":"ListItem","position":2,"name":"Om oss"}]},{"@type":"WebSite","@id":"https:\/\/glassouse.com\/sv\/#website","url":"https:\/\/glassouse.com\/sv\/","name":"Glassouse Assistive Device","description":"Assistive Device and Switches for Disabled","publisher":{"@id":"https:\/\/glassouse.com\/sv\/#organization"},"potentialAction":[{"@type":"SearchAction","target":{"@type":"EntryPoint","urlTemplate":"https:\/\/glassouse.com\/sv\/?s={search_term_string}"},"query-input":{"@type":"PropertyValueSpecification","valueRequired":true,"valueName":"search_term_string"}}],"inLanguage":"sv-SE"},{"@type":"Organization","@id":"https:\/\/glassouse.com\/sv\/#organization","name":"GlassOuse Assistive Device","url":"https:\/\/glassouse.com\/sv\/","logo":{"@type":"ImageObject","inLanguage":"sv-SE","@id":"https:\/\/glassouse.com\/sv\/#\/schema\/logo\/image\/","url":"https:\/\/glassouse.com\/wp-content\/uploads\/2017\/11\/logo.jpg","contentUrl":"https:\/\/glassouse.com\/wp-content\/uploads\/2017\/11\/logo.jpg","width":500,"height":500,"caption":"GlassOuse Assistive Device"},"image":{"@id":"https:\/\/glassouse.com\/sv\/#\/schema\/logo\/image\/"},"sameAs":["https:\/\/www.facebook.com\/glassouse\/","https:\/\/x.com\/glassouse","https:\/\/www.instagram.com\/glassouseassistivedevice\/","https:\/\/www.linkedin.com\/company\/glassouse\/","https:\/\/www.youtube.com\/channel\/UCM5pebcmVXbu00QYd91_Gyw"]}]}},"_links":{"self":[{"href":"https:\/\/glassouse.com\/sv\/wp-json\/wp\/v2\/pages\/30421","targetHints":{"allow":["GET"]}}],"collection":[{"href":"https:\/\/glassouse.com\/sv\/wp-json\/wp\/v2\/pages"}],"about":[{"href":"https:\/\/glassouse.com\/sv\/wp-json\/wp\/v2\/types\/page"}],"author":[{"embeddable":true,"href":"https:\/\/glassouse.com\/sv\/wp-json\/wp\/v2\/users\/1"}],"replies":[{"embeddable":true,"href":"https:\/\/glassouse.com\/sv\/wp-json\/wp\/v2\/comments?post=30421"}],"version-history":[{"count":2,"href":"https:\/\/glassouse.com\/sv\/wp-json\/wp\/v2\/pages\/30421\/revisions"}],"predecessor-version":[{"id":30430,"href":"https:\/\/glassouse.com\/sv\/wp-json\/wp\/v2\/pages\/30421\/revisions\/30430"}],"wp:attachment":[{"href":"https:\/\/glassouse.com\/sv\/wp-json\/wp\/v2\/media?parent=30421"}],"curies":[{"name":"wp","href":"https:\/\/api.w.org\/{rel}","templated":true}]}}