{"id":30465,"date":"2022-09-21T06:51:05","date_gmt":"2022-09-20T22:51:05","guid":{"rendered":"https:\/\/glassouse.com\/teknisk-support-nedladdning\/"},"modified":"2026-04-27T17:11:13","modified_gmt":"2026-04-27T09:11:13","slug":"teknisk-support-nedladdning","status":"publish","type":"page","link":"https:\/\/glassouse.com\/sv\/teknisk-support-nedladdning\/","title":{"rendered":"Teknisk support &amp; nedladdning"},"content":{"rendered":"<div class=\"wpb-content-wrapper\"><p>[vc_row row_height_percent=&#8221;0&#8243; overlay_alpha=&#8221;50&#8243; gutter_size=&#8221;3&#8243; column_width_percent=&#8221;100&#8243; shift_y=&#8221;0&#8243; z_index=&#8221;0&#8243; uncode_shortcode_id=&#8221;159416&#8243; css=&#8221;.vc_custom_1663458725535{padding-top: 80px !important;}&#8221;][vc_column width=&#8221;1\/1&#8243;][vc_custom_heading text_color=&#8221;color-jevc&#8221; text_weight=&#8221;700&#8243; text_transform=&#8221;uppercase&#8221; uncode_shortcode_id=&#8221;131305&#8243; text_color_type=&#8221;uncode-palette&#8221;]GlassOuse Handb\u00f6cker[\/vc_custom_heading][vc_separator sep_color=&#8221;&#8221; icon_position=&#8221;left&#8221; el_height=&#8221;5px&#8221; uncode_shortcode_id=&#8221;194863&#8243; sep_color_type=&#8221;uncode-solid&#8221; el_width=&#8221;82px&#8221; sep_color_solid=&#8221;#43b8db&#8221; el_class=&#8221;c-divider&#8221;][\/vc_column][\/vc_row][vc_row row_height_percent=&#8221;0&#8243; overlay_alpha=&#8221;50&#8243; gutter_size=&#8221;3&#8243; column_width_percent=&#8221;100&#8243; shift_y=&#8221;0&#8243; z_index=&#8221;0&#8243; uncode_shortcode_id=&#8221;141961&#8243; css=&#8221;.vc_custom_1664228627181{padding-bottom: 40px !important;}&#8221; el_class=&#8221;manual_pro_wrap&#8221;][vc_column column_width_percent=&#8221;100&#8243; align_horizontal=&#8221;align_center&#8221; gutter_size=&#8221;3&#8243; overlay_alpha=&#8221;50&#8243; shift_x=&#8221;0&#8243; shift_y=&#8221;0&#8243; shift_y_down=&#8221;0&#8243; z_index=&#8221;0&#8243; align_medium=&#8221;align_center_tablet&#8221; medium_width=&#8221;0&#8243; mobile_width=&#8221;0&#8243; width=&#8221;1\/3&#8243; uncode_shortcode_id=&#8221;975146&#8243; link_to=&#8221;url:https%3A%2F%2Fglassouse.com%2Fsv%2Fteknisk-support-nedladdning%2Fglassouse-pro-anvandarhandbocker%2F|title:GlassOuse%20PRO%20Manual|&#8221;][vc_single_image media=&#8221;30473&#8243; media_width_percent=&#8221;100&#8243; uncode_shortcode_id=&#8221;181718&#8243; media_link=&#8221;url:%2Fglassouse-assistive-device-tech-support%2Fglassouse-pro-user-manuals%2F|title:GlassOuse%20PRO%20Manual&#8221; el_class=&#8221;product_img&#8221;][vc_custom_heading heading_semantic=&#8221;h3&#8243; text_size=&#8221;&#8221; text_weight=&#8221;600&#8243; sub_lead=&#8221;yes&#8221; sub_reduced=&#8221;yes&#8221; uncode_shortcode_id=&#8221;143977&#8243; subheading=&#8221;Anv\u00e4ndare Maunal&#8221;]GlassOuse PRO[\/vc_custom_heading][\/vc_column][vc_column column_width_percent=&#8221;100&#8243; position_vertical=&#8221;middle&#8221; align_horizontal=&#8221;align_center&#8221; gutter_size=&#8221;3&#8243; overlay_alpha=&#8221;50&#8243; shift_x=&#8221;0&#8243; shift_y=&#8221;0&#8243; shift_y_down=&#8221;0&#8243; z_index=&#8221;0&#8243; medium_width=&#8221;0&#8243; mobile_width=&#8221;0&#8243; width=&#8221;1\/3&#8243; uncode_shortcode_id=&#8221;193224&#8243; link_to=&#8221;url:https%3A%2F%2Fglassouse.com%2Fsv%2Fteknisk-support-nedladdning%2Fglassouse-lank-anvandarhandbocker%2F|title:GlassOuse%20Link%20User%20Manuals|&#8221;][vc_single_image media=&#8221;30474&#8243; media_width_percent=&#8221;100&#8243; uncode_shortcode_id=&#8221;312067&#8243; media_link=&#8221;url:%2Fglassouse-assistive-device-tech-support%2Fglassouse-link-user-manuals%2F|title:GlassOuse%20Link%20User%20Manual&#8221; el_class=&#8221;product_img&#8221;][vc_custom_heading heading_semantic=&#8221;h3&#8243; text_size=&#8221;&#8221; text_weight=&#8221;600&#8243; sub_lead=&#8221;yes&#8221; sub_reduced=&#8221;yes&#8221; uncode_shortcode_id=&#8221;200845&#8243; subheading=&#8221;Anv\u00e4ndare Maunal&#8221;]GlassOuse L\u00e4nk[\/vc_custom_heading][\/vc_column][vc_column column_width_percent=&#8221;100&#8243; align_horizontal=&#8221;align_center&#8221; gutter_size=&#8221;3&#8243; overlay_alpha=&#8221;50&#8243; shift_x=&#8221;0&#8243; shift_y=&#8221;0&#8243; shift_y_down=&#8221;0&#8243; z_index=&#8221;0&#8243; medium_width=&#8221;0&#8243; mobile_width=&#8221;0&#8243; width=&#8221;1\/3&#8243; uncode_shortcode_id=&#8221;175002&#8243; link_to=&#8221;url:https%3A%2F%2Fglassouse.com%2Fsv%2Fglassouse-v1-4-anvandarhandbocker%2F|title:GlassOuse%20V1.4%20User%20Manuals|&#8221;][vc_single_image media=&#8221;30475&#8243; media_width_percent=&#8221;100&#8243; uncode_shortcode_id=&#8221;200338&#8243; media_link=&#8221;url:%2Fglassouse-assistive-device-tech-support%2Fglassouse-v1-4-user-manuals%2F|title:GlassOuse%20V1.4%20User%20Manuals&#8221; el_class=&#8221;product_img&#8221;][vc_custom_heading heading_semantic=&#8221;h3&#8243; text_size=&#8221;&#8221; text_weight=&#8221;600&#8243; sub_lead=&#8221;yes&#8221; sub_reduced=&#8221;yes&#8221; uncode_shortcode_id=&#8221;648067&#8243; subheading=&#8221;Anv\u00e4ndare Maunal&#8221;]GlassOuse V1.4[\/vc_custom_heading][\/vc_column][\/vc_row][vc_row row_height_percent=&#8221;0&#8243; overlay_alpha=&#8221;50&#8243; gutter_size=&#8221;3&#8243; column_width_percent=&#8221;100&#8243; shift_y=&#8221;0&#8243; z_index=&#8221;0&#8243; uncode_shortcode_id=&#8221;221041&#8243; back_color_type=&#8221;uncode-solid&#8221; back_color_solid=&#8221;#f6f7fb&#8221; css=&#8221;.vc_custom_1663458593709{padding-top: 40px !important;}&#8221;][vc_column width=&#8221;1\/1&#8243;][vc_custom_heading text_color=&#8221;color-jevc&#8221; text_weight=&#8221;700&#8243; text_transform=&#8221;uppercase&#8221; uncode_shortcode_id=&#8221;171874&#8243; text_color_type=&#8221;uncode-palette&#8221;]Kompatibilitet[\/vc_custom_heading][vc_separator sep_color=&#8221;&#8221; icon_position=&#8221;left&#8221; el_height=&#8221;5px&#8221; uncode_shortcode_id=&#8221;194863&#8243; sep_color_type=&#8221;uncode-solid&#8221; el_width=&#8221;82px&#8221; sep_color_solid=&#8221;#43b8db&#8221; el_class=&#8221;c-divider&#8221;][\/vc_column][\/vc_row][vc_row row_height_percent=&#8221;0&#8243; override_padding=&#8221;yes&#8221; h_padding=&#8221;2&#8243; top_padding=&#8221;2&#8243; bottom_padding=&#8221;3&#8243; overlay_alpha=&#8221;50&#8243; gutter_size=&#8221;3&#8243; column_width_percent=&#8221;100&#8243; shift_y=&#8221;0&#8243; z_index=&#8221;0&#8243; uncode_shortcode_id=&#8221;972897&#8243; back_color_type=&#8221;uncode-solid&#8221; back_color_solid=&#8221;#f6f7fb&#8221;][vc_column column_width_percent=&#8221;100&#8243; align_horizontal=&#8221;align_center&#8221; gutter_size=&#8221;4&#8243; overlay_alpha=&#8221;50&#8243; shift_x=&#8221;0&#8243; shift_y=&#8221;0&#8243; shift_y_down=&#8221;0&#8243; z_index=&#8221;0&#8243; medium_width=&#8221;0&#8243; mobile_width=&#8221;0&#8243; css_animation=&#8221;bottom-t-top&#8221; animation_delay=&#8221;200&#8243; width=&#8221;1\/1&#8243;][vc_icon position=&#8221;left&#8221; display=&#8221;inline&#8221; icon_image=&#8221;7064&#8243; media_size=&#8221;247&#8243; heading_semantic=&#8221;p&#8221; text_size=&#8221;&#8221; text_weight=&#8221;500&#8243; uncode_shortcode_id=&#8221;135084&#8243; el_class=&#8221;lh-n compatible_devices&#8221;]Dator<br \/>\nMobiltelefon<br \/>\nSurfplatta<br \/>\nSmart TV[\/vc_icon][vc_separator sep_color=&#8221;color-jevc&#8221; uncode_shortcode_id=&#8221;396242&#8243; sep_color_type=&#8221;uncode-palette&#8221; el_height=&#8221;1px&#8221; el_class=&#8221;c-divider&#8221;][vc_custom_heading heading_semantic=&#8221;div&#8221; text_size=&#8221;fontsize-377164&#8243; text_weight=&#8221;500&#8243; uncode_shortcode_id=&#8221;117676&#8243; el_class=&#8221;os_heading mt-35&#8243;]<\/p>\n<p>Fungerar perfekt med de vanligaste operativsystemen<\/p>\n<p>[\/vc_custom_heading][vc_row_inner row_inner_height_percent=&#8221;0&#8243; overlay_alpha=&#8221;50&#8243; gutter_size=&#8221;3&#8243; shift_y=&#8221;0&#8243; z_index=&#8221;0&#8243; uncode_shortcode_id=&#8221;202873&#8243; css=&#8221;.vc_custom_1652560345497{margin-top: 40px !important;}&#8221; limit_content=&#8221;&#8221;][vc_column_inner column_width_percent=&#8221;100&#8243; gutter_size=&#8221;3&#8243; overlay_alpha=&#8221;50&#8243; shift_x=&#8221;0&#8243; shift_y=&#8221;0&#8243; shift_y_down=&#8221;0&#8243; z_index=&#8221;0&#8243; medium_width=&#8221;0&#8243; mobile_width=&#8221;0&#8243; width=&#8221;1\/1&#8243; uncode_shortcode_id=&#8221;206588&#8243; el_class=&#8221;compatibility_items_rows&#8221;][vc_icon icon_image=&#8221;5176&#8243; heading_semantic=&#8221;p&#8221; text_size=&#8221;&#8221; uncode_shortcode_id=&#8221;376674&#8243; title=&#8221;F\u00f6nster&#8221;][\/vc_icon][vc_icon icon_image=&#8221;5178&#8243; heading_semantic=&#8221;p&#8221; text_size=&#8221;&#8221; uncode_shortcode_id=&#8221;721292&#8243; title=&#8221;iOS&#8221;][\/vc_icon][vc_icon icon_image=&#8221;5183&#8243; heading_semantic=&#8221;p&#8221; text_size=&#8221;&#8221; uncode_shortcode_id=&#8221;818793&#8243; title=&#8221;Linux&#8221;][\/vc_icon][vc_icon icon_image=&#8221;5177&#8243; heading_semantic=&#8221;p&#8221; text_size=&#8221;&#8221; uncode_shortcode_id=&#8221;212565&#8243; title=&#8221;Android&#8221;][\/vc_icon][vc_icon icon_image=&#8221;5179&#8243; heading_semantic=&#8221;p&#8221; text_size=&#8221;&#8221; uncode_shortcode_id=&#8221;373965&#8243; title=&#8221;Krom&#8221;][\/vc_icon][vc_icon icon_image=&#8221;5182&#8243; heading_semantic=&#8221;p&#8221; text_size=&#8221;&#8221; uncode_shortcode_id=&#8221;130974&#8243; title=&#8221;Harmony OS&#8221;][\/vc_icon][\/vc_column_inner][\/vc_row_inner][\/vc_column][\/vc_row][vc_row row_height_percent=&#8221;0&#8243; overlay_alpha=&#8221;50&#8243; gutter_size=&#8221;3&#8243; column_width_percent=&#8221;100&#8243; shift_y=&#8221;0&#8243; z_index=&#8221;0&#8243; uncode_shortcode_id=&#8221;306062&#8243; css=&#8221;.vc_custom_1663459102541{padding-top: 80px !important;}&#8221;][vc_column width=&#8221;1\/1&#8243;][vc_custom_heading text_color=&#8221;color-jevc&#8221; heading_semantic=&#8221;div&#8221; text_size=&#8221;h4&#8243; text_weight=&#8221;600&#8243; text_transform=&#8221;uppercase&#8221; uncode_shortcode_id=&#8221;876714&#8243; text_color_type=&#8221;uncode-palette&#8221;]Ytterligare guide:[\/vc_custom_heading][vc_separator sep_color=&#8221;color-jevc&#8221; uncode_shortcode_id=&#8221;396242&#8243; sep_color_type=&#8221;uncode-palette&#8221; el_height=&#8221;1px&#8221; el_class=&#8221;c-divider&#8221;][vc_row_inner][vc_column_inner column_width_percent=&#8221;100&#8243; position_vertical=&#8221;middle&#8221; gutter_size=&#8221;3&#8243; overlay_alpha=&#8221;50&#8243; shift_x=&#8221;0&#8243; shift_y=&#8221;0&#8243; shift_y_down=&#8221;0&#8243; z_index=&#8221;0&#8243; medium_width=&#8221;0&#8243; mobile_width=&#8221;0&#8243; width=&#8221;1\/2&#8243; uncode_shortcode_id=&#8221;188356&#8243; css=&#8221;.vc_custom_1669021131412{padding-right: 155px !important;}&#8221; link_to=&#8221;url:https%3A%2F%2Fglassouse.com%2Fwp-content%2Fuploads%2F2017%2F11%2FSteps-to-connect-GlassOuse-with-iPads-iPadOS-13.pdf|title:iPadOS|target:_blank&#8221;][vc_icon position=&#8221;left&#8221; icon_image=&#8221;5828&#8243; media_size=&#8221;95&#8243; text_lead=&#8221;yes&#8221; uncode_shortcode_id=&#8221;134551&#8243;]Klicka f\u00f6r att se iPadoS musanslutningsinst\u00e4llningar f\u00f6r GlassOuse[\/vc_icon][\/vc_column_inner][vc_column_inner column_width_percent=&#8221;100&#8243; gutter_size=&#8221;3&#8243; overlay_alpha=&#8221;50&#8243; shift_x=&#8221;0&#8243; shift_y=&#8221;0&#8243; shift_y_down=&#8221;0&#8243; z_index=&#8221;0&#8243; medium_width=&#8221;0&#8243; mobile_width=&#8221;0&#8243; width=&#8221;1\/2&#8243; uncode_shortcode_id=&#8221;194103&#8243; css=&#8221;.vc_custom_1669021186799{padding-right: 155px !important;}&#8221; link_to=&#8221;url:https%3A%2F%2Fglassouse.com%2Fwp-content%2Fuploads%2F2017%2F11%2FSteps-to-connect-GlassOuse-with-iPhone-iOS13-1.pdf|title:iOS|target:_blank&#8221;][vc_icon position=&#8221;left&#8221; icon_image=&#8221;5832&#8243; media_size=&#8221;95&#8243; text_lead=&#8221;yes&#8221; uncode_shortcode_id=&#8221;612224&#8243;]Klicka f\u00f6r att se inst\u00e4llningen f\u00f6r iPhone-musanslutning f\u00f6r GlassOuse[\/vc_icon][\/vc_column_inner][\/vc_row_inner][\/vc_column][\/vc_row][vc_row row_height_percent=&#8221;0&#8243; overlay_alpha=&#8221;50&#8243; gutter_size=&#8221;3&#8243; column_width_percent=&#8221;100&#8243; shift_y=&#8221;0&#8243; z_index=&#8221;0&#8243; uncode_shortcode_id=&#8221;573441&#8243; css=&#8221;.vc_custom_1663458756649{margin-bottom: 100px !important;}&#8221;][vc_column width=&#8221;1\/1&#8243;][vc_custom_heading text_color=&#8221;color-jevc&#8221; heading_semantic=&#8221;div&#8221; text_size=&#8221;h4&#8243; text_weight=&#8221;600&#8243; text_transform=&#8221;uppercase&#8221; uncode_shortcode_id=&#8221;737528&#8243; text_color_type=&#8221;uncode-palette&#8221;]Ytterligare st\u00f6dappar:[\/vc_custom_heading][vc_separator sep_color=&#8221;color-jevc&#8221; uncode_shortcode_id=&#8221;396242&#8243; sep_color_type=&#8221;uncode-palette&#8221; el_height=&#8221;1px&#8221; el_class=&#8221;c-divider&#8221;][vc_row_inner][vc_column_inner column_width_percent=&#8221;100&#8243; position_vertical=&#8221;middle&#8221; gutter_size=&#8221;3&#8243; overlay_alpha=&#8221;50&#8243; shift_x=&#8221;0&#8243; shift_y=&#8221;0&#8243; shift_y_down=&#8221;0&#8243; z_index=&#8221;0&#8243; medium_width=&#8221;0&#8243; mobile_width=&#8221;0&#8243; width=&#8221;1\/2&#8243; uncode_shortcode_id=&#8221;213350&#8243; css=&#8221;.vc_custom_1669021807915{padding-right: 155px !important;}&#8221; link_to=&#8221;url:https%3A%2F%2Fglassouse.com%2Fwp-content%2Fuploads%2F2017%2F11%2FGlassOuse_Scroll-Control-App-Setup-Guide.pdf|title:Easy%20Scroll|target:_blank&#8221;][vc_icon position=&#8221;left&#8221; icon_image=&#8221;5830&#8243; media_size=&#8221;95&#8243; heading_semantic=&#8221;div&#8221; text_size=&#8221;h4&#8243; text_weight=&#8221;500&#8243; text_lead=&#8221;yes&#8221; uncode_shortcode_id=&#8221;780321&#8243; title=&#8221;Enkel rullning&#8221;]En Android-app f\u00f6r enkel scrollning p\u00e5 din telefon eller surfplatta.[\/vc_icon][\/vc_column_inner][vc_column_inner column_width_percent=&#8221;100&#8243; gutter_size=&#8221;3&#8243; overlay_alpha=&#8221;50&#8243; shift_x=&#8221;0&#8243; shift_y=&#8221;0&#8243; shift_y_down=&#8221;0&#8243; z_index=&#8221;0&#8243; medium_width=&#8221;0&#8243; mobile_width=&#8221;0&#8243; width=&#8221;1\/2&#8243; uncode_shortcode_id=&#8221;159051&#8243; css=&#8221;.vc_custom_1669021709326{padding-right: 150px !important;}&#8221; link_to=&#8221;url:https%3A%2F%2Fglassouse.com%2Fwp-content%2Fuploads%2F2017%2F11%2FGlassOuse_Hackers-Keyboard_Set-Up.pdf|title:Hacker%20Keyboard|target:_blank&#8221;][vc_icon position=&#8221;left&#8221; icon_image=&#8221;5831&#8243; media_size=&#8221;95&#8243; heading_semantic=&#8221;div&#8221; text_size=&#8221;h4&#8243; text_weight=&#8221;500&#8243; text_lead=&#8221;yes&#8221; uncode_shortcode_id=&#8221;204755&#8243; title=&#8221;Hacker-tangentbord&#8221;]Ett alternativ till Android-appen &#8211; om din enhet inte dyker upp automatiskt p\u00e5 sk\u00e4rmen[\/vc_icon][\/vc_column_inner][\/vc_row_inner][vc_row_inner][vc_column_inner column_width_percent=&#8221;100&#8243; position_vertical=&#8221;middle&#8221; gutter_size=&#8221;3&#8243; overlay_alpha=&#8221;50&#8243; shift_x=&#8221;0&#8243; shift_y=&#8221;0&#8243; shift_y_down=&#8221;0&#8243; z_index=&#8221;0&#8243; medium_width=&#8221;0&#8243; mobile_width=&#8221;0&#8243; width=&#8221;1\/2&#8243; uncode_shortcode_id=&#8221;332228&#8243; css=&#8221;.vc_custom_1669021773705{padding-right: 155px !important;}&#8221; link_to=&#8221;url:https%3A%2F%2Fglassouse.com%2Fwp-content%2Fuploads%2F2017%2F11%2FGlassOuse_EasyTouch_Set-up.pdf|title:Assistive%20Touch%20for%20Android|target:_blank&#8221;][vc_icon position=&#8221;left&#8221; icon_image=&#8221;5829&#8243; media_size=&#8221;95&#8243; heading_semantic=&#8221;div&#8221; text_size=&#8221;h4&#8243; text_weight=&#8221;500&#8243; text_lead=&#8221;yes&#8221; uncode_shortcode_id=&#8221;849284&#8243; title=&#8221;Assistive Touch f\u00f6r Android&#8221;]En Android-app som visar en flytande panel f\u00f6r att enkelt komma \u00e5t m\u00e5nga vanliga funktioner och appar p\u00e5 en enda sk\u00e4rm.[\/vc_icon][\/vc_column_inner][vc_column_inner column_width_percent=&#8221;100&#8243; gutter_size=&#8221;3&#8243; overlay_alpha=&#8221;50&#8243; shift_x=&#8221;0&#8243; shift_y=&#8221;0&#8243; shift_y_down=&#8221;0&#8243; z_index=&#8221;0&#8243; medium_width=&#8221;0&#8243; mobile_width=&#8221;0&#8243; width=&#8221;1\/2&#8243; uncode_shortcode_id=&#8221;857666&#8243; css=&#8221;.vc_custom_1663457813248{padding-right: 150px !important;}&#8221;][\/vc_column_inner][\/vc_row_inner][\/vc_column][\/vc_row]<\/p>\n<\/div>","protected":false},"excerpt":{"rendered":"<p>[vc_row row_height_percent=&#8221;0&#8243; overlay_alpha=&#8221;50&#8243; gutter_size=&#8221;3&#8243; column_width_percent=&#8221;100&#8243; shift_y=&#8221;0&#8243; z_index=&#8221;0&#8243; uncode_shortcode_id=&#8221;159416&#8243; css=&#8221;.vc_custom_1663458725535{padding-top: 80px !important;}&#8221;][vc_column width=&#8221;1\/1&#8243;][vc_custom_heading text_color=&#8221;color-jevc&#8221; text_weight=&#8221;700&#8243; text_transform=&#8221;uppercase&#8221; uncode_shortcode_id=&#8221;131305&#8243; text_color_type=&#8221;uncode-palette&#8221;]GlassOuse Handb\u00f6cker[\/vc_custom_heading][vc_separator sep_color=&#8221;&#8221; icon_position=&#8221;left&#8221; [&hellip;]<\/p>\n","protected":false},"author":1,"featured_media":0,"parent":0,"menu_order":0,"comment_status":"closed","ping_status":"closed","template":"","meta":{"_acf_changed":false,"footnotes":""},"class_list":["post-30465","page","type-page","status-publish","hentry"],"acf":[],"yoast_head":"<!-- This site is optimized with the Yoast SEO plugin v27.4 - https:\/\/yoast.com\/product\/yoast-seo-wordpress\/ -->\n<title>Teknisk support &amp; nedladdning - Glassouse Assistive Device<\/title>\n<meta name=\"description\" content=\"GlassOuse-hj\u00e4lpmedel erbjuder h\u00f6g kompatibilitet och ansluts s\u00f6ml\u00f6st till dina prylar via Bluetooth. Ladda ner anv\u00e4ndarhandb\u00f6cker f\u00f6r GlassOuse-hj\u00e4lpmedel.\" \/>\n<meta name=\"robots\" content=\"index, follow, max-snippet:-1, max-image-preview:large, max-video-preview:-1\" \/>\n<link rel=\"canonical\" href=\"https:\/\/glassouse.com\/sv\/teknisk-support-nedladdning\/\" \/>\n<meta property=\"og:locale\" content=\"sv_SE\" \/>\n<meta property=\"og:type\" content=\"article\" \/>\n<meta property=\"og:title\" content=\"Teknisk support &amp; nedladdning - Glassouse Assistive Device\" \/>\n<meta property=\"og:description\" content=\"GlassOuse-hj\u00e4lpmedel erbjuder h\u00f6g kompatibilitet och ansluts s\u00f6ml\u00f6st till dina prylar via Bluetooth. Ladda ner anv\u00e4ndarhandb\u00f6cker f\u00f6r GlassOuse-hj\u00e4lpmedel.\" \/>\n<meta property=\"og:url\" content=\"https:\/\/glassouse.com\/sv\/teknisk-support-nedladdning\/\" \/>\n<meta property=\"og:site_name\" content=\"Glassouse Assistive Device\" \/>\n<meta property=\"article:publisher\" content=\"https:\/\/www.facebook.com\/glassouse\/\" \/>\n<meta property=\"article:modified_time\" content=\"2026-04-27T09:11:13+00:00\" \/>\n<meta name=\"twitter:card\" content=\"summary_large_image\" \/>\n<meta name=\"twitter:site\" content=\"@glassouse\" \/>\n<meta name=\"twitter:label1\" content=\"Ber\u00e4knad l\u00e4stid\" \/>\n\t<meta name=\"twitter:data1\" content=\"8 minuter\" \/>\n<script type=\"application\/ld+json\" class=\"yoast-schema-graph\">{\"@context\":\"https:\\\/\\\/schema.org\",\"@graph\":[{\"@type\":\"WebPage\",\"@id\":\"https:\\\/\\\/glassouse.com\\\/sv\\\/teknisk-support-nedladdning\\\/\",\"url\":\"https:\\\/\\\/glassouse.com\\\/sv\\\/teknisk-support-nedladdning\\\/\",\"name\":\"Teknisk support &amp; nedladdning - Glassouse Assistive Device\",\"isPartOf\":{\"@id\":\"https:\\\/\\\/glassouse.com\\\/sv\\\/#website\"},\"datePublished\":\"2022-09-20T22:51:05+00:00\",\"dateModified\":\"2026-04-27T09:11:13+00:00\",\"description\":\"GlassOuse-hj\u00e4lpmedel erbjuder h\u00f6g kompatibilitet och ansluts s\u00f6ml\u00f6st till dina prylar via Bluetooth. Ladda ner anv\u00e4ndarhandb\u00f6cker f\u00f6r GlassOuse-hj\u00e4lpmedel.\",\"breadcrumb\":{\"@id\":\"https:\\\/\\\/glassouse.com\\\/sv\\\/teknisk-support-nedladdning\\\/#breadcrumb\"},\"inLanguage\":\"sv-SE\",\"potentialAction\":[{\"@type\":\"ReadAction\",\"target\":[\"https:\\\/\\\/glassouse.com\\\/sv\\\/teknisk-support-nedladdning\\\/\"]}]},{\"@type\":\"BreadcrumbList\",\"@id\":\"https:\\\/\\\/glassouse.com\\\/sv\\\/teknisk-support-nedladdning\\\/#breadcrumb\",\"itemListElement\":[{\"@type\":\"ListItem\",\"position\":1,\"name\":\"Home\",\"item\":\"https:\\\/\\\/glassouse.com\\\/sv\\\/hem\\\/\"},{\"@type\":\"ListItem\",\"position\":2,\"name\":\"Teknisk support &amp; nedladdning\"}]},{\"@type\":\"WebSite\",\"@id\":\"https:\\\/\\\/glassouse.com\\\/sv\\\/#website\",\"url\":\"https:\\\/\\\/glassouse.com\\\/sv\\\/\",\"name\":\"Glassouse Assistive Device\",\"description\":\"Assistive Device and Switches for Disabled\",\"publisher\":{\"@id\":\"https:\\\/\\\/glassouse.com\\\/sv\\\/#organization\"},\"potentialAction\":[{\"@type\":\"SearchAction\",\"target\":{\"@type\":\"EntryPoint\",\"urlTemplate\":\"https:\\\/\\\/glassouse.com\\\/sv\\\/?s={search_term_string}\"},\"query-input\":{\"@type\":\"PropertyValueSpecification\",\"valueRequired\":true,\"valueName\":\"search_term_string\"}}],\"inLanguage\":\"sv-SE\"},{\"@type\":\"Organization\",\"@id\":\"https:\\\/\\\/glassouse.com\\\/sv\\\/#organization\",\"name\":\"GlassOuse Assistive Device\",\"url\":\"https:\\\/\\\/glassouse.com\\\/sv\\\/\",\"logo\":{\"@type\":\"ImageObject\",\"inLanguage\":\"sv-SE\",\"@id\":\"https:\\\/\\\/glassouse.com\\\/sv\\\/#\\\/schema\\\/logo\\\/image\\\/\",\"url\":\"https:\\\/\\\/glassouse.com\\\/wp-content\\\/uploads\\\/2017\\\/11\\\/logo.jpg\",\"contentUrl\":\"https:\\\/\\\/glassouse.com\\\/wp-content\\\/uploads\\\/2017\\\/11\\\/logo.jpg\",\"width\":500,\"height\":500,\"caption\":\"GlassOuse Assistive Device\"},\"image\":{\"@id\":\"https:\\\/\\\/glassouse.com\\\/sv\\\/#\\\/schema\\\/logo\\\/image\\\/\"},\"sameAs\":[\"https:\\\/\\\/www.facebook.com\\\/glassouse\\\/\",\"https:\\\/\\\/x.com\\\/glassouse\",\"https:\\\/\\\/www.instagram.com\\\/glassouseassistivedevice\\\/\",\"https:\\\/\\\/www.linkedin.com\\\/company\\\/glassouse\\\/\",\"https:\\\/\\\/www.youtube.com\\\/channel\\\/UCM5pebcmVXbu00QYd91_Gyw\"]}]}<\/script>\n<!-- \/ Yoast SEO plugin. -->","yoast_head_json":{"title":"Teknisk support &amp; nedladdning - Glassouse Assistive Device","description":"GlassOuse-hj\u00e4lpmedel erbjuder h\u00f6g kompatibilitet och ansluts s\u00f6ml\u00f6st till dina prylar via Bluetooth. Ladda ner anv\u00e4ndarhandb\u00f6cker f\u00f6r GlassOuse-hj\u00e4lpmedel.","robots":{"index":"index","follow":"follow","max-snippet":"max-snippet:-1","max-image-preview":"max-image-preview:large","max-video-preview":"max-video-preview:-1"},"canonical":"https:\/\/glassouse.com\/sv\/teknisk-support-nedladdning\/","og_locale":"sv_SE","og_type":"article","og_title":"Teknisk support &amp; nedladdning - Glassouse Assistive Device","og_description":"GlassOuse-hj\u00e4lpmedel erbjuder h\u00f6g kompatibilitet och ansluts s\u00f6ml\u00f6st till dina prylar via Bluetooth. Ladda ner anv\u00e4ndarhandb\u00f6cker f\u00f6r GlassOuse-hj\u00e4lpmedel.","og_url":"https:\/\/glassouse.com\/sv\/teknisk-support-nedladdning\/","og_site_name":"Glassouse Assistive Device","article_publisher":"https:\/\/www.facebook.com\/glassouse\/","article_modified_time":"2026-04-27T09:11:13+00:00","twitter_card":"summary_large_image","twitter_site":"@glassouse","twitter_misc":{"Ber\u00e4knad l\u00e4stid":"8 minuter"},"schema":{"@context":"https:\/\/schema.org","@graph":[{"@type":"WebPage","@id":"https:\/\/glassouse.com\/sv\/teknisk-support-nedladdning\/","url":"https:\/\/glassouse.com\/sv\/teknisk-support-nedladdning\/","name":"Teknisk support &amp; nedladdning - Glassouse Assistive Device","isPartOf":{"@id":"https:\/\/glassouse.com\/sv\/#website"},"datePublished":"2022-09-20T22:51:05+00:00","dateModified":"2026-04-27T09:11:13+00:00","description":"GlassOuse-hj\u00e4lpmedel erbjuder h\u00f6g kompatibilitet och ansluts s\u00f6ml\u00f6st till dina prylar via Bluetooth. Ladda ner anv\u00e4ndarhandb\u00f6cker f\u00f6r GlassOuse-hj\u00e4lpmedel.","breadcrumb":{"@id":"https:\/\/glassouse.com\/sv\/teknisk-support-nedladdning\/#breadcrumb"},"inLanguage":"sv-SE","potentialAction":[{"@type":"ReadAction","target":["https:\/\/glassouse.com\/sv\/teknisk-support-nedladdning\/"]}]},{"@type":"BreadcrumbList","@id":"https:\/\/glassouse.com\/sv\/teknisk-support-nedladdning\/#breadcrumb","itemListElement":[{"@type":"ListItem","position":1,"name":"Home","item":"https:\/\/glassouse.com\/sv\/hem\/"},{"@type":"ListItem","position":2,"name":"Teknisk support &amp; nedladdning"}]},{"@type":"WebSite","@id":"https:\/\/glassouse.com\/sv\/#website","url":"https:\/\/glassouse.com\/sv\/","name":"Glassouse Assistive Device","description":"Assistive Device and Switches for Disabled","publisher":{"@id":"https:\/\/glassouse.com\/sv\/#organization"},"potentialAction":[{"@type":"SearchAction","target":{"@type":"EntryPoint","urlTemplate":"https:\/\/glassouse.com\/sv\/?s={search_term_string}"},"query-input":{"@type":"PropertyValueSpecification","valueRequired":true,"valueName":"search_term_string"}}],"inLanguage":"sv-SE"},{"@type":"Organization","@id":"https:\/\/glassouse.com\/sv\/#organization","name":"GlassOuse Assistive Device","url":"https:\/\/glassouse.com\/sv\/","logo":{"@type":"ImageObject","inLanguage":"sv-SE","@id":"https:\/\/glassouse.com\/sv\/#\/schema\/logo\/image\/","url":"https:\/\/glassouse.com\/wp-content\/uploads\/2017\/11\/logo.jpg","contentUrl":"https:\/\/glassouse.com\/wp-content\/uploads\/2017\/11\/logo.jpg","width":500,"height":500,"caption":"GlassOuse Assistive Device"},"image":{"@id":"https:\/\/glassouse.com\/sv\/#\/schema\/logo\/image\/"},"sameAs":["https:\/\/www.facebook.com\/glassouse\/","https:\/\/x.com\/glassouse","https:\/\/www.instagram.com\/glassouseassistivedevice\/","https:\/\/www.linkedin.com\/company\/glassouse\/","https:\/\/www.youtube.com\/channel\/UCM5pebcmVXbu00QYd91_Gyw"]}]}},"_links":{"self":[{"href":"https:\/\/glassouse.com\/sv\/wp-json\/wp\/v2\/pages\/30465","targetHints":{"allow":["GET"]}}],"collection":[{"href":"https:\/\/glassouse.com\/sv\/wp-json\/wp\/v2\/pages"}],"about":[{"href":"https:\/\/glassouse.com\/sv\/wp-json\/wp\/v2\/types\/page"}],"author":[{"embeddable":true,"href":"https:\/\/glassouse.com\/sv\/wp-json\/wp\/v2\/users\/1"}],"replies":[{"embeddable":true,"href":"https:\/\/glassouse.com\/sv\/wp-json\/wp\/v2\/comments?post=30465"}],"version-history":[{"count":11,"href":"https:\/\/glassouse.com\/sv\/wp-json\/wp\/v2\/pages\/30465\/revisions"}],"predecessor-version":[{"id":30533,"href":"https:\/\/glassouse.com\/sv\/wp-json\/wp\/v2\/pages\/30465\/revisions\/30533"}],"wp:attachment":[{"href":"https:\/\/glassouse.com\/sv\/wp-json\/wp\/v2\/media?parent=30465"}],"curies":[{"name":"wp","href":"https:\/\/api.w.org\/{rel}","templated":true}]}}