{"id":33926,"date":"2018-04-09T12:47:45","date_gmt":"2018-04-09T04:47:45","guid":{"rendered":"https:\/\/glassouse.com\/pengar-tillbaka-garanti\/"},"modified":"2026-04-27T17:14:26","modified_gmt":"2026-04-27T09:14:26","slug":"pengar-tillbaka-garanti","status":"publish","type":"page","link":"https:\/\/glassouse.com\/sv\/pengar-tillbaka-garanti\/","title":{"rendered":"Pengar tillbaka-garanti"},"content":{"rendered":"<div class=\"wpb-content-wrapper\"><p>[vc_row row_height_percent=&#8221;0&#8243; overlay_alpha=&#8221;50&#8243; gutter_size=&#8221;3&#8243; column_width_percent=&#8221;100&#8243; shift_y=&#8221;0&#8243; z_index=&#8221;0&#8243; uncode_shortcode_id=&#8221;144508&#8243; css=&#8221;.vc_custom_1649004907143{padding-bottom: 0px !important;}&#8221;][vc_column column_width_percent=&#8221;100&#8243; gutter_size=&#8221;3&#8243; override_padding=&#8221;yes&#8221; column_padding=&#8221;1&#8243; overlay_alpha=&#8221;50&#8243; shift_x=&#8221;0&#8243; shift_y=&#8221;0&#8243; shift_y_down=&#8221;0&#8243; z_index=&#8221;0&#8243; medium_width=&#8221;0&#8243; mobile_width=&#8221;0&#8243; width=&#8221;1\/1&#8243; uncode_shortcode_id=&#8221;167546&#8243; css=&#8221;.vc_custom_1649004867867{padding-bottom: 0px !important;}&#8221;][vc_single_image media=&#8221;33927&#8243; media_width_percent=&#8221;100&#8243; alignment=&#8221;center&#8221; uncode_shortcode_id=&#8221;168334&#8243;][vc_column_text uncode_shortcode_id=&#8221;998297&#8243;]<\/p>\n<p><img decoding=\"async\" class=\"alignnone size-full wp-image-214 aligncenter\" src=\"https:\/\/glassouse.com\/wp-content\/uploads\/2017\/11\/black.png\" alt=\"\" width=\"100\" height=\"4\" srcset=\"https:\/\/glassouse.com\/wp-content\/uploads\/2017\/11\/black.png 100w, https:\/\/glassouse.com\/wp-content\/uploads\/2017\/11\/black-75x4.png 75w\" sizes=\"(max-width: 100px) 100vw, 100px\" \/>[\/vc_column_text][vc_column_text uncode_shortcode_id=&#8221;579978&#8243;]<\/p>\n<h4 style=\"text-align: center;\">Alla GlassOuse-produkter levereras med en 15-dagars provperiod<\/h4>\n<p style=\"text-align: center;\">Om du \u00e5ngrar dig efter att ha k\u00f6pt en produkt fr\u00e5n webbplatsen och best\u00e4mmer dig f\u00f6r att returnera produkten inom 15 dagar (fr\u00e5n den dag du fick produkten) kan du beg\u00e4ra retur och \u00e5terbetalning.<\/p>\n<p>[\/vc_column_text][vc_column_text uncode_shortcode_id=&#8221;195375&#8243; css=&#8221;.vc_custom_1650349700527{padding-bottom: 0px !important;}&#8221;]<\/p>\n<h4><strong>Hur du returnerar och f\u00e5r pengarna tillbaka<\/strong><\/h4>\n<ol>\n<li>Kontakta v\u00e5rt supportteam via hemsidan eller e-post &#8211; <a href=\"mailto:support@glassouse.com\">support@glassouse.com.<\/a> V\u00e4nligen ange ditt ordernummer och orsak till returen. <\/li>\n<li>V\u00e5rt team kommer att skicka tillbaka returinstruktionerna till dig. F\u00f6lj dessa instruktioner och skicka tillbaka produkten med originalf\u00f6rpackningen. Avgiften f\u00f6r returfrakten st\u00e5r du f\u00f6r.<br \/>\n<strong>Obs:<\/strong> V\u00e4nligen kontrollera att produkten inte \u00e4r skadad eftersom ingen \u00e5terbetalning kommer att ges f\u00f6r skadade varor.<\/li>\n<li>N\u00e4r varorna har kommit tillbaka till v\u00e5rt huvudkontor kommer vi att p\u00e5b\u00f6rja returen inom 7 dagar.<\/li>\n<\/ol>\n<p>[\/vc_column_text][\/vc_column][\/vc_row][vc_row row_height_percent=&#8221;0&#8243; overlay_alpha=&#8221;50&#8243; gutter_size=&#8221;3&#8243; column_width_percent=&#8221;100&#8243; shift_y=&#8221;0&#8243; z_index=&#8221;0&#8243; uncode_shortcode_id=&#8221;420806&#8243; css=&#8221;.vc_custom_1649004922471{padding-top: 10px !important;}&#8221;][vc_column width=&#8221;1\/1&#8243;][vc_accordion active_tab=&#8221;0&#8243;][vc_accordion_tab title=&#8221;Har GlassOuse en returpolicy?&#8221; tab_id=&#8221;083c16d9-ea7a-6&#8243;][vc_column_text]Alla GlassOuse-produkter har en provperiod p\u00e5 15 dagar efter leveransdatum. Du kan beg\u00e4ra att f\u00e5 returnera en vara i samma skick som den mottogs om du \u00e5ngrar dig.[\/vc_column_text][\/vc_accordion_tab][vc_accordion_tab title=&#8221;Kan jag returnera en vara om jag har anv\u00e4nt den?&#8221; tab_id=&#8221;ded89cbf-a994-7&#8243;][vc_column_text]Ja, absolut. Men alla \u00e5terl\u00e4mnade enheter ska vara utan fel och defekter f\u00f6r full \u00e5terbetalning.[\/vc_column_text][\/vc_accordion_tab][vc_accordion_tab title=&#8221;Vem betalar f\u00f6r returfrakt?&#8221; tab_id=&#8221;0928a723-1730-7&#8243;][vc_column_text]\u00c4ven om GlassOuse erbjuder full \u00e5terbetalning f\u00f6r artiklarna, st\u00e5r k\u00f6paren f\u00f6r returfraktkostnaden.[\/vc_column_text][\/vc_accordion_tab][vc_accordion_tab title=&#8221;N\u00e4r kommer jag att f\u00e5 min \u00e5terbetalning?&#8221; tab_id=&#8221;db439506-05f3-2&#8243;][vc_column_text]Din \u00e5terbetalning sker inom 7 (sju) arbetsdagar efter att den returnerade enheten har levererats i samma skick som den mottogs &#8211; utan fel eller defekter. Obs &#8211; \u00c5terbetalningsbeloppet inkluderar endast enhetskostnaden och inte fraktavgiften.[\/vc_column_text][\/vc_accordion_tab][vc_accordion_tab gutter_size=&#8221;2&#8243; column_padding=&#8221;2&#8243; title=&#8221;Finns det en \u00e5terbetalningsavgift?&#8221; tab_id=&#8221;1650406264098-5-3&#8243;][vc_column_text uncode_shortcode_id=&#8221;142636&#8243;]Vi kommer att initiera en \u00e5terbetalning av hela beloppet du betalat. Cirka 3,6-4% av den totala betalningen dras dock av via betalningssystem som en avgift. Till exempel &#8211; om du betalade $ 100 under k\u00f6pet f\u00e5r du cirka $ 96 tillbaka.[\/vc_column_text][\/vc_accordion_tab][\/vc_accordion][\/vc_column][\/vc_row]<\/p>\n<\/div>","protected":false},"excerpt":{"rendered":"<p>[vc_row row_height_percent=&#8221;0&#8243; overlay_alpha=&#8221;50&#8243; gutter_size=&#8221;3&#8243; column_width_percent=&#8221;100&#8243; shift_y=&#8221;0&#8243; z_index=&#8221;0&#8243; uncode_shortcode_id=&#8221;144508&#8243; css=&#8221;.vc_custom_1649004907143{padding-bottom: 0px !important;}&#8221;][vc_column column_width_percent=&#8221;100&#8243; gutter_size=&#8221;3&#8243; override_padding=&#8221;yes&#8221; column_padding=&#8221;1&#8243; overlay_alpha=&#8221;50&#8243; shift_x=&#8221;0&#8243; shift_y=&#8221;0&#8243; shift_y_down=&#8221;0&#8243; z_index=&#8221;0&#8243; [&hellip;]<\/p>\n","protected":false},"author":1,"featured_media":0,"parent":0,"menu_order":24,"comment_status":"closed","ping_status":"closed","template":"","meta":{"_acf_changed":false,"footnotes":""},"class_list":["post-33926","page","type-page","status-publish","hentry"],"acf":[],"yoast_head":"<!-- This site is optimized with the Yoast SEO plugin v27.4 - https:\/\/yoast.com\/product\/yoast-seo-wordpress\/ -->\n<title>Pengar tillbaka-garanti - Glassouse Assistive Device<\/title>\n<meta name=\"description\" content=\"Prova GlassOuse &amp; G-Switch-serien i 15 dagar nu med pengarna-tillbaka-garantiprogram. Best\u00e4ll ditt demo-hj\u00e4lpmedel nu inom n\u00e5gra minuter.\" \/>\n<meta name=\"robots\" content=\"index, follow, max-snippet:-1, max-image-preview:large, max-video-preview:-1\" \/>\n<link rel=\"canonical\" href=\"https:\/\/glassouse.com\/sv\/pengar-tillbaka-garanti\/\" \/>\n<meta property=\"og:locale\" content=\"sv_SE\" \/>\n<meta property=\"og:type\" content=\"article\" \/>\n<meta property=\"og:title\" content=\"Pengar tillbaka-garanti - Glassouse Assistive Device\" \/>\n<meta property=\"og:description\" content=\"Prova GlassOuse &amp; G-Switch-serien i 15 dagar nu med pengarna-tillbaka-garantiprogram. Best\u00e4ll ditt demo-hj\u00e4lpmedel nu inom n\u00e5gra minuter.\" \/>\n<meta property=\"og:url\" content=\"https:\/\/glassouse.com\/sv\/pengar-tillbaka-garanti\/\" \/>\n<meta property=\"og:site_name\" content=\"Glassouse Assistive Device\" \/>\n<meta property=\"article:publisher\" content=\"https:\/\/www.facebook.com\/glassouse\/\" \/>\n<meta property=\"article:modified_time\" content=\"2026-04-27T09:14:26+00:00\" \/>\n<meta property=\"og:image\" content=\"https:\/\/glassouse.com\/wp-content\/uploads\/2017\/11\/black.png\" \/>\n\t<meta property=\"og:image:width\" content=\"100\" \/>\n\t<meta property=\"og:image:height\" content=\"4\" \/>\n\t<meta property=\"og:image:type\" content=\"image\/png\" \/>\n<meta name=\"twitter:card\" content=\"summary_large_image\" \/>\n<meta name=\"twitter:site\" content=\"@glassouse\" \/>\n<meta name=\"twitter:label1\" content=\"Ber\u00e4knad l\u00e4stid\" \/>\n\t<meta name=\"twitter:data1\" content=\"3 minuter\" \/>\n<script type=\"application\/ld+json\" class=\"yoast-schema-graph\">{\"@context\":\"https:\\\/\\\/schema.org\",\"@graph\":[{\"@type\":\"WebPage\",\"@id\":\"https:\\\/\\\/glassouse.com\\\/sv\\\/pengar-tillbaka-garanti\\\/\",\"url\":\"https:\\\/\\\/glassouse.com\\\/sv\\\/pengar-tillbaka-garanti\\\/\",\"name\":\"Pengar tillbaka-garanti - Glassouse Assistive Device\",\"isPartOf\":{\"@id\":\"https:\\\/\\\/glassouse.com\\\/sv\\\/#website\"},\"primaryImageOfPage\":{\"@id\":\"https:\\\/\\\/glassouse.com\\\/sv\\\/pengar-tillbaka-garanti\\\/#primaryimage\"},\"image\":{\"@id\":\"https:\\\/\\\/glassouse.com\\\/sv\\\/pengar-tillbaka-garanti\\\/#primaryimage\"},\"thumbnailUrl\":\"https:\\\/\\\/glassouse.com\\\/wp-content\\\/uploads\\\/2017\\\/11\\\/black.png\",\"datePublished\":\"2018-04-09T04:47:45+00:00\",\"dateModified\":\"2026-04-27T09:14:26+00:00\",\"description\":\"Prova GlassOuse & G-Switch-serien i 15 dagar nu med pengarna-tillbaka-garantiprogram. Best\u00e4ll ditt demo-hj\u00e4lpmedel nu inom n\u00e5gra minuter.\",\"breadcrumb\":{\"@id\":\"https:\\\/\\\/glassouse.com\\\/sv\\\/pengar-tillbaka-garanti\\\/#breadcrumb\"},\"inLanguage\":\"sv-SE\",\"potentialAction\":[{\"@type\":\"ReadAction\",\"target\":[\"https:\\\/\\\/glassouse.com\\\/sv\\\/pengar-tillbaka-garanti\\\/\"]}]},{\"@type\":\"ImageObject\",\"inLanguage\":\"sv-SE\",\"@id\":\"https:\\\/\\\/glassouse.com\\\/sv\\\/pengar-tillbaka-garanti\\\/#primaryimage\",\"url\":\"https:\\\/\\\/glassouse.com\\\/wp-content\\\/uploads\\\/2017\\\/11\\\/black.png\",\"contentUrl\":\"https:\\\/\\\/glassouse.com\\\/wp-content\\\/uploads\\\/2017\\\/11\\\/black.png\"},{\"@type\":\"BreadcrumbList\",\"@id\":\"https:\\\/\\\/glassouse.com\\\/sv\\\/pengar-tillbaka-garanti\\\/#breadcrumb\",\"itemListElement\":[{\"@type\":\"ListItem\",\"position\":1,\"name\":\"Home\",\"item\":\"https:\\\/\\\/glassouse.com\\\/sv\\\/hem\\\/\"},{\"@type\":\"ListItem\",\"position\":2,\"name\":\"Pengar tillbaka-garanti\"}]},{\"@type\":\"WebSite\",\"@id\":\"https:\\\/\\\/glassouse.com\\\/sv\\\/#website\",\"url\":\"https:\\\/\\\/glassouse.com\\\/sv\\\/\",\"name\":\"Glassouse Assistive Device\",\"description\":\"Assistive Device and Switches for Disabled\",\"publisher\":{\"@id\":\"https:\\\/\\\/glassouse.com\\\/sv\\\/#organization\"},\"potentialAction\":[{\"@type\":\"SearchAction\",\"target\":{\"@type\":\"EntryPoint\",\"urlTemplate\":\"https:\\\/\\\/glassouse.com\\\/sv\\\/?s={search_term_string}\"},\"query-input\":{\"@type\":\"PropertyValueSpecification\",\"valueRequired\":true,\"valueName\":\"search_term_string\"}}],\"inLanguage\":\"sv-SE\"},{\"@type\":\"Organization\",\"@id\":\"https:\\\/\\\/glassouse.com\\\/sv\\\/#organization\",\"name\":\"GlassOuse Assistive Device\",\"url\":\"https:\\\/\\\/glassouse.com\\\/sv\\\/\",\"logo\":{\"@type\":\"ImageObject\",\"inLanguage\":\"sv-SE\",\"@id\":\"https:\\\/\\\/glassouse.com\\\/sv\\\/#\\\/schema\\\/logo\\\/image\\\/\",\"url\":\"https:\\\/\\\/glassouse.com\\\/wp-content\\\/uploads\\\/2017\\\/11\\\/logo.jpg\",\"contentUrl\":\"https:\\\/\\\/glassouse.com\\\/wp-content\\\/uploads\\\/2017\\\/11\\\/logo.jpg\",\"width\":500,\"height\":500,\"caption\":\"GlassOuse Assistive Device\"},\"image\":{\"@id\":\"https:\\\/\\\/glassouse.com\\\/sv\\\/#\\\/schema\\\/logo\\\/image\\\/\"},\"sameAs\":[\"https:\\\/\\\/www.facebook.com\\\/glassouse\\\/\",\"https:\\\/\\\/x.com\\\/glassouse\",\"https:\\\/\\\/www.instagram.com\\\/glassouseassistivedevice\\\/\",\"https:\\\/\\\/www.linkedin.com\\\/company\\\/glassouse\\\/\",\"https:\\\/\\\/www.youtube.com\\\/channel\\\/UCM5pebcmVXbu00QYd91_Gyw\"]}]}<\/script>\n<!-- \/ Yoast SEO plugin. -->","yoast_head_json":{"title":"Pengar tillbaka-garanti - Glassouse Assistive Device","description":"Prova GlassOuse & G-Switch-serien i 15 dagar nu med pengarna-tillbaka-garantiprogram. Best\u00e4ll ditt demo-hj\u00e4lpmedel nu inom n\u00e5gra minuter.","robots":{"index":"index","follow":"follow","max-snippet":"max-snippet:-1","max-image-preview":"max-image-preview:large","max-video-preview":"max-video-preview:-1"},"canonical":"https:\/\/glassouse.com\/sv\/pengar-tillbaka-garanti\/","og_locale":"sv_SE","og_type":"article","og_title":"Pengar tillbaka-garanti - Glassouse Assistive Device","og_description":"Prova GlassOuse & G-Switch-serien i 15 dagar nu med pengarna-tillbaka-garantiprogram. Best\u00e4ll ditt demo-hj\u00e4lpmedel nu inom n\u00e5gra minuter.","og_url":"https:\/\/glassouse.com\/sv\/pengar-tillbaka-garanti\/","og_site_name":"Glassouse Assistive Device","article_publisher":"https:\/\/www.facebook.com\/glassouse\/","article_modified_time":"2026-04-27T09:14:26+00:00","og_image":[{"width":100,"height":4,"url":"https:\/\/glassouse.com\/wp-content\/uploads\/2017\/11\/black.png","type":"image\/png"}],"twitter_card":"summary_large_image","twitter_site":"@glassouse","twitter_misc":{"Ber\u00e4knad l\u00e4stid":"3 minuter"},"schema":{"@context":"https:\/\/schema.org","@graph":[{"@type":"WebPage","@id":"https:\/\/glassouse.com\/sv\/pengar-tillbaka-garanti\/","url":"https:\/\/glassouse.com\/sv\/pengar-tillbaka-garanti\/","name":"Pengar tillbaka-garanti - Glassouse Assistive Device","isPartOf":{"@id":"https:\/\/glassouse.com\/sv\/#website"},"primaryImageOfPage":{"@id":"https:\/\/glassouse.com\/sv\/pengar-tillbaka-garanti\/#primaryimage"},"image":{"@id":"https:\/\/glassouse.com\/sv\/pengar-tillbaka-garanti\/#primaryimage"},"thumbnailUrl":"https:\/\/glassouse.com\/wp-content\/uploads\/2017\/11\/black.png","datePublished":"2018-04-09T04:47:45+00:00","dateModified":"2026-04-27T09:14:26+00:00","description":"Prova GlassOuse & G-Switch-serien i 15 dagar nu med pengarna-tillbaka-garantiprogram. Best\u00e4ll ditt demo-hj\u00e4lpmedel nu inom n\u00e5gra minuter.","breadcrumb":{"@id":"https:\/\/glassouse.com\/sv\/pengar-tillbaka-garanti\/#breadcrumb"},"inLanguage":"sv-SE","potentialAction":[{"@type":"ReadAction","target":["https:\/\/glassouse.com\/sv\/pengar-tillbaka-garanti\/"]}]},{"@type":"ImageObject","inLanguage":"sv-SE","@id":"https:\/\/glassouse.com\/sv\/pengar-tillbaka-garanti\/#primaryimage","url":"https:\/\/glassouse.com\/wp-content\/uploads\/2017\/11\/black.png","contentUrl":"https:\/\/glassouse.com\/wp-content\/uploads\/2017\/11\/black.png"},{"@type":"BreadcrumbList","@id":"https:\/\/glassouse.com\/sv\/pengar-tillbaka-garanti\/#breadcrumb","itemListElement":[{"@type":"ListItem","position":1,"name":"Home","item":"https:\/\/glassouse.com\/sv\/hem\/"},{"@type":"ListItem","position":2,"name":"Pengar tillbaka-garanti"}]},{"@type":"WebSite","@id":"https:\/\/glassouse.com\/sv\/#website","url":"https:\/\/glassouse.com\/sv\/","name":"Glassouse Assistive Device","description":"Assistive Device and Switches for Disabled","publisher":{"@id":"https:\/\/glassouse.com\/sv\/#organization"},"potentialAction":[{"@type":"SearchAction","target":{"@type":"EntryPoint","urlTemplate":"https:\/\/glassouse.com\/sv\/?s={search_term_string}"},"query-input":{"@type":"PropertyValueSpecification","valueRequired":true,"valueName":"search_term_string"}}],"inLanguage":"sv-SE"},{"@type":"Organization","@id":"https:\/\/glassouse.com\/sv\/#organization","name":"GlassOuse Assistive Device","url":"https:\/\/glassouse.com\/sv\/","logo":{"@type":"ImageObject","inLanguage":"sv-SE","@id":"https:\/\/glassouse.com\/sv\/#\/schema\/logo\/image\/","url":"https:\/\/glassouse.com\/wp-content\/uploads\/2017\/11\/logo.jpg","contentUrl":"https:\/\/glassouse.com\/wp-content\/uploads\/2017\/11\/logo.jpg","width":500,"height":500,"caption":"GlassOuse Assistive Device"},"image":{"@id":"https:\/\/glassouse.com\/sv\/#\/schema\/logo\/image\/"},"sameAs":["https:\/\/www.facebook.com\/glassouse\/","https:\/\/x.com\/glassouse","https:\/\/www.instagram.com\/glassouseassistivedevice\/","https:\/\/www.linkedin.com\/company\/glassouse\/","https:\/\/www.youtube.com\/channel\/UCM5pebcmVXbu00QYd91_Gyw"]}]}},"_links":{"self":[{"href":"https:\/\/glassouse.com\/sv\/wp-json\/wp\/v2\/pages\/33926","targetHints":{"allow":["GET"]}}],"collection":[{"href":"https:\/\/glassouse.com\/sv\/wp-json\/wp\/v2\/pages"}],"about":[{"href":"https:\/\/glassouse.com\/sv\/wp-json\/wp\/v2\/types\/page"}],"author":[{"embeddable":true,"href":"https:\/\/glassouse.com\/sv\/wp-json\/wp\/v2\/users\/1"}],"replies":[{"embeddable":true,"href":"https:\/\/glassouse.com\/sv\/wp-json\/wp\/v2\/comments?post=33926"}],"version-history":[{"count":2,"href":"https:\/\/glassouse.com\/sv\/wp-json\/wp\/v2\/pages\/33926\/revisions"}],"predecessor-version":[{"id":33959,"href":"https:\/\/glassouse.com\/sv\/wp-json\/wp\/v2\/pages\/33926\/revisions\/33959"}],"wp:attachment":[{"href":"https:\/\/glassouse.com\/sv\/wp-json\/wp\/v2\/media?parent=33926"}],"curies":[{"name":"wp","href":"https:\/\/api.w.org\/{rel}","templated":true}]}}