{"id":39638,"date":"2017-11-23T06:56:29","date_gmt":"2017-11-22T22:56:29","guid":{"rendered":"https:\/\/glassouse.com\/galleri\/"},"modified":"2026-04-28T06:41:09","modified_gmt":"2026-04-27T22:41:09","slug":"galleri","status":"publish","type":"page","link":"https:\/\/glassouse.com\/sv\/galleri\/","title":{"rendered":"Galleri"},"content":{"rendered":"<div class=\"wpb-content-wrapper\"><p>[vc_row][vc_column column_width_percent=&#8221;100&#8243; align_horizontal=&#8221;align_center&#8221; gutter_size=&#8221;3&#8243; overlay_alpha=&#8221;50&#8243; shift_x=&#8221;0&#8243; shift_y=&#8221;0&#8243; shift_y_down=&#8221;0&#8243; z_index=&#8221;0&#8243; medium_width=&#8221;0&#8243; mobile_width=&#8221;0&#8243; width=&#8221;1\/1&#8243; uncode_shortcode_id=&#8221;134983&#8243;][vc_custom_heading heading_semantic=&#8221;h1&#8243; text_weight=&#8221;700&#8243; uncode_shortcode_id=&#8221;146871&#8243;]Galleri[\/vc_custom_heading][\/vc_column][\/vc_row][vc_row][vc_column width=&#8221;1\/1&#8243;][vc_gallery el_id=&#8221;gallery-399314&#8243; medias=&#8221;39643,39644,39645,39646,39647,39648,39649,39650,39641,39652,39653,39654,39639,39651,39640,39642&#8243; gutter_size=&#8221;3&#8243; screen_lg=&#8221;1000&#8243; screen_md=&#8221;600&#8243; screen_sm=&#8221;480&#8243; single_overlay_opacity=&#8221;50&#8243; single_padding=&#8221;2&#8243; uncode_shortcode_id=&#8221;814957&#8243;][\/vc_column][\/vc_row]<\/p>\n<\/div>","protected":false},"excerpt":{"rendered":"<p>[vc_row][vc_column column_width_percent=&#8221;100&#8243; align_horizontal=&#8221;align_center&#8221; gutter_size=&#8221;3&#8243; overlay_alpha=&#8221;50&#8243; shift_x=&#8221;0&#8243; shift_y=&#8221;0&#8243; shift_y_down=&#8221;0&#8243; z_index=&#8221;0&#8243; medium_width=&#8221;0&#8243; mobile_width=&#8221;0&#8243; width=&#8221;1\/1&#8243; uncode_shortcode_id=&#8221;134983&#8243;][vc_custom_heading heading_semantic=&#8221;h1&#8243; text_weight=&#8221;700&#8243; uncode_shortcode_id=&#8221;146871&#8243;]Galleri[\/vc_custom_heading][\/vc_column][\/vc_row][vc_row][vc_column width=&#8221;1\/1&#8243;][vc_gallery el_id=&#8221;gallery-399314&#8243; medias=&#8221;39643,39644,39645,39646,39647,39648,39649,39650,39641,39652,39653,39654,39639,39651,39640,39642&#8243; gutter_size=&#8221;3&#8243; [&hellip;]<\/p>\n","protected":false},"author":1,"featured_media":0,"parent":0,"menu_order":36,"comment_status":"closed","ping_status":"closed","template":"","meta":{"_acf_changed":false,"footnotes":""},"class_list":["post-39638","page","type-page","status-publish","hentry"],"acf":[],"yoast_head":"<!-- This site is optimized with the Yoast SEO plugin v27.4 - https:\/\/yoast.com\/product\/yoast-seo-wordpress\/ -->\n<title>GlassOuse hj\u00e4lpmedels- och G-switchserie Bilder<\/title>\n<meta name=\"description\" content=\"Visa alla bilder fr\u00e5n GlassOuse hj\u00e4lpmedels- och G-switch-serien nu. GlassOuse V1.2 | Bitomkopplare | Puffomkopplare | Fingeromkopplare | Fotomkopplare f\u00f6r funktionshindrade\" \/>\n<meta name=\"robots\" content=\"index, follow, max-snippet:-1, max-image-preview:large, max-video-preview:-1\" \/>\n<link rel=\"canonical\" href=\"https:\/\/glassouse.com\/sv\/galleri\/\" \/>\n<meta property=\"og:locale\" content=\"sv_SE\" \/>\n<meta property=\"og:type\" content=\"article\" \/>\n<meta property=\"og:title\" content=\"GlassOuse hj\u00e4lpmedels- och G-switchserie Bilder\" \/>\n<meta property=\"og:description\" content=\"Visa alla bilder fr\u00e5n GlassOuse hj\u00e4lpmedels- och G-switch-serien nu. GlassOuse V1.2 | Bitomkopplare | Puffomkopplare | Fingeromkopplare | Fotomkopplare f\u00f6r funktionshindrade\" \/>\n<meta property=\"og:url\" content=\"https:\/\/glassouse.com\/sv\/galleri\/\" \/>\n<meta property=\"og:site_name\" content=\"Glassouse Assistive Device\" \/>\n<meta property=\"article:publisher\" content=\"https:\/\/www.facebook.com\/glassouse\/\" \/>\n<meta property=\"article:modified_time\" content=\"2026-04-27T22:41:09+00:00\" \/>\n<meta name=\"twitter:card\" content=\"summary_large_image\" \/>\n<meta name=\"twitter:site\" content=\"@glassouse\" \/>\n<script type=\"application\/ld+json\" class=\"yoast-schema-graph\">{\"@context\":\"https:\\\/\\\/schema.org\",\"@graph\":[{\"@type\":\"WebPage\",\"@id\":\"https:\\\/\\\/glassouse.com\\\/sv\\\/galleri\\\/\",\"url\":\"https:\\\/\\\/glassouse.com\\\/sv\\\/galleri\\\/\",\"name\":\"GlassOuse hj\u00e4lpmedels- och G-switchserie Bilder\",\"isPartOf\":{\"@id\":\"https:\\\/\\\/glassouse.com\\\/sv\\\/#website\"},\"datePublished\":\"2017-11-22T22:56:29+00:00\",\"dateModified\":\"2026-04-27T22:41:09+00:00\",\"description\":\"Visa alla bilder fr\u00e5n GlassOuse hj\u00e4lpmedels- och G-switch-serien nu. GlassOuse V1.2 | Bitomkopplare | Puffomkopplare | Fingeromkopplare | Fotomkopplare f\u00f6r funktionshindrade\",\"breadcrumb\":{\"@id\":\"https:\\\/\\\/glassouse.com\\\/sv\\\/galleri\\\/#breadcrumb\"},\"inLanguage\":\"sv-SE\",\"potentialAction\":[{\"@type\":\"ReadAction\",\"target\":[\"https:\\\/\\\/glassouse.com\\\/sv\\\/galleri\\\/\"]}]},{\"@type\":\"BreadcrumbList\",\"@id\":\"https:\\\/\\\/glassouse.com\\\/sv\\\/galleri\\\/#breadcrumb\",\"itemListElement\":[{\"@type\":\"ListItem\",\"position\":1,\"name\":\"Home\",\"item\":\"https:\\\/\\\/glassouse.com\\\/sv\\\/hem\\\/\"},{\"@type\":\"ListItem\",\"position\":2,\"name\":\"Galleri\"}]},{\"@type\":\"WebSite\",\"@id\":\"https:\\\/\\\/glassouse.com\\\/sv\\\/#website\",\"url\":\"https:\\\/\\\/glassouse.com\\\/sv\\\/\",\"name\":\"Glassouse Assistive Device\",\"description\":\"Assistive Device and Switches for Disabled\",\"publisher\":{\"@id\":\"https:\\\/\\\/glassouse.com\\\/sv\\\/#organization\"},\"potentialAction\":[{\"@type\":\"SearchAction\",\"target\":{\"@type\":\"EntryPoint\",\"urlTemplate\":\"https:\\\/\\\/glassouse.com\\\/sv\\\/?s={search_term_string}\"},\"query-input\":{\"@type\":\"PropertyValueSpecification\",\"valueRequired\":true,\"valueName\":\"search_term_string\"}}],\"inLanguage\":\"sv-SE\"},{\"@type\":\"Organization\",\"@id\":\"https:\\\/\\\/glassouse.com\\\/sv\\\/#organization\",\"name\":\"GlassOuse Assistive Device\",\"url\":\"https:\\\/\\\/glassouse.com\\\/sv\\\/\",\"logo\":{\"@type\":\"ImageObject\",\"inLanguage\":\"sv-SE\",\"@id\":\"https:\\\/\\\/glassouse.com\\\/sv\\\/#\\\/schema\\\/logo\\\/image\\\/\",\"url\":\"https:\\\/\\\/glassouse.com\\\/wp-content\\\/uploads\\\/2017\\\/11\\\/logo.jpg\",\"contentUrl\":\"https:\\\/\\\/glassouse.com\\\/wp-content\\\/uploads\\\/2017\\\/11\\\/logo.jpg\",\"width\":500,\"height\":500,\"caption\":\"GlassOuse Assistive Device\"},\"image\":{\"@id\":\"https:\\\/\\\/glassouse.com\\\/sv\\\/#\\\/schema\\\/logo\\\/image\\\/\"},\"sameAs\":[\"https:\\\/\\\/www.facebook.com\\\/glassouse\\\/\",\"https:\\\/\\\/x.com\\\/glassouse\",\"https:\\\/\\\/www.instagram.com\\\/glassouseassistivedevice\\\/\",\"https:\\\/\\\/www.linkedin.com\\\/company\\\/glassouse\\\/\",\"https:\\\/\\\/www.youtube.com\\\/channel\\\/UCM5pebcmVXbu00QYd91_Gyw\"]}]}<\/script>\n<!-- \/ Yoast SEO plugin. -->","yoast_head_json":{"title":"GlassOuse hj\u00e4lpmedels- och G-switchserie Bilder","description":"Visa alla bilder fr\u00e5n GlassOuse hj\u00e4lpmedels- och G-switch-serien nu. GlassOuse V1.2 | Bitomkopplare | Puffomkopplare | Fingeromkopplare | Fotomkopplare f\u00f6r funktionshindrade","robots":{"index":"index","follow":"follow","max-snippet":"max-snippet:-1","max-image-preview":"max-image-preview:large","max-video-preview":"max-video-preview:-1"},"canonical":"https:\/\/glassouse.com\/sv\/galleri\/","og_locale":"sv_SE","og_type":"article","og_title":"GlassOuse hj\u00e4lpmedels- och G-switchserie Bilder","og_description":"Visa alla bilder fr\u00e5n GlassOuse hj\u00e4lpmedels- och G-switch-serien nu. GlassOuse V1.2 | Bitomkopplare | Puffomkopplare | Fingeromkopplare | Fotomkopplare f\u00f6r funktionshindrade","og_url":"https:\/\/glassouse.com\/sv\/galleri\/","og_site_name":"Glassouse Assistive Device","article_publisher":"https:\/\/www.facebook.com\/glassouse\/","article_modified_time":"2026-04-27T22:41:09+00:00","twitter_card":"summary_large_image","twitter_site":"@glassouse","schema":{"@context":"https:\/\/schema.org","@graph":[{"@type":"WebPage","@id":"https:\/\/glassouse.com\/sv\/galleri\/","url":"https:\/\/glassouse.com\/sv\/galleri\/","name":"GlassOuse hj\u00e4lpmedels- och G-switchserie Bilder","isPartOf":{"@id":"https:\/\/glassouse.com\/sv\/#website"},"datePublished":"2017-11-22T22:56:29+00:00","dateModified":"2026-04-27T22:41:09+00:00","description":"Visa alla bilder fr\u00e5n GlassOuse hj\u00e4lpmedels- och G-switch-serien nu. GlassOuse V1.2 | Bitomkopplare | Puffomkopplare | Fingeromkopplare | Fotomkopplare f\u00f6r funktionshindrade","breadcrumb":{"@id":"https:\/\/glassouse.com\/sv\/galleri\/#breadcrumb"},"inLanguage":"sv-SE","potentialAction":[{"@type":"ReadAction","target":["https:\/\/glassouse.com\/sv\/galleri\/"]}]},{"@type":"BreadcrumbList","@id":"https:\/\/glassouse.com\/sv\/galleri\/#breadcrumb","itemListElement":[{"@type":"ListItem","position":1,"name":"Home","item":"https:\/\/glassouse.com\/sv\/hem\/"},{"@type":"ListItem","position":2,"name":"Galleri"}]},{"@type":"WebSite","@id":"https:\/\/glassouse.com\/sv\/#website","url":"https:\/\/glassouse.com\/sv\/","name":"Glassouse Assistive Device","description":"Assistive Device and Switches for Disabled","publisher":{"@id":"https:\/\/glassouse.com\/sv\/#organization"},"potentialAction":[{"@type":"SearchAction","target":{"@type":"EntryPoint","urlTemplate":"https:\/\/glassouse.com\/sv\/?s={search_term_string}"},"query-input":{"@type":"PropertyValueSpecification","valueRequired":true,"valueName":"search_term_string"}}],"inLanguage":"sv-SE"},{"@type":"Organization","@id":"https:\/\/glassouse.com\/sv\/#organization","name":"GlassOuse Assistive Device","url":"https:\/\/glassouse.com\/sv\/","logo":{"@type":"ImageObject","inLanguage":"sv-SE","@id":"https:\/\/glassouse.com\/sv\/#\/schema\/logo\/image\/","url":"https:\/\/glassouse.com\/wp-content\/uploads\/2017\/11\/logo.jpg","contentUrl":"https:\/\/glassouse.com\/wp-content\/uploads\/2017\/11\/logo.jpg","width":500,"height":500,"caption":"GlassOuse Assistive Device"},"image":{"@id":"https:\/\/glassouse.com\/sv\/#\/schema\/logo\/image\/"},"sameAs":["https:\/\/www.facebook.com\/glassouse\/","https:\/\/x.com\/glassouse","https:\/\/www.instagram.com\/glassouseassistivedevice\/","https:\/\/www.linkedin.com\/company\/glassouse\/","https:\/\/www.youtube.com\/channel\/UCM5pebcmVXbu00QYd91_Gyw"]}]}},"_links":{"self":[{"href":"https:\/\/glassouse.com\/sv\/wp-json\/wp\/v2\/pages\/39638","targetHints":{"allow":["GET"]}}],"collection":[{"href":"https:\/\/glassouse.com\/sv\/wp-json\/wp\/v2\/pages"}],"about":[{"href":"https:\/\/glassouse.com\/sv\/wp-json\/wp\/v2\/types\/page"}],"author":[{"embeddable":true,"href":"https:\/\/glassouse.com\/sv\/wp-json\/wp\/v2\/users\/1"}],"replies":[{"embeddable":true,"href":"https:\/\/glassouse.com\/sv\/wp-json\/wp\/v2\/comments?post=39638"}],"version-history":[{"count":3,"href":"https:\/\/glassouse.com\/sv\/wp-json\/wp\/v2\/pages\/39638\/revisions"}],"predecessor-version":[{"id":39660,"href":"https:\/\/glassouse.com\/sv\/wp-json\/wp\/v2\/pages\/39638\/revisions\/39660"}],"wp:attachment":[{"href":"https:\/\/glassouse.com\/sv\/wp-json\/wp\/v2\/media?parent=39638"}],"curies":[{"name":"wp","href":"https:\/\/api.w.org\/{rel}","templated":true}]}}