{"id":33217,"date":"2020-09-30T15:34:41","date_gmt":"2020-09-30T07:34:41","guid":{"rendered":"https:\/\/glassouse.com\/product\/glassouse-v1-3\/"},"modified":"2020-09-30T15:34:41","modified_gmt":"2020-09-30T07:34:41","slug":"glassouse-v1-3","status":"publish","type":"product","link":"https:\/\/glassouse.com\/sv\/product\/glassouse-v1-3\/","title":{"rendered":"GlassOuse V1.3"},"content":{"rendered":"<p>Prisbel\u00f6nta hj\u00e4lpmedel f\u00f6r funktionshindrade &#8211; GlassOuse V1.3 kan ansluta till datorer, mobiltelefoner, surfplattor och smarta TV-apparater via Bluetooth 4.0 och l\u00e4gre utan problem och \u00e4r ett hj\u00e4lpmedel som \u00e4r kompatibelt med Windows, iOS14, iPadOS13, macOS, Linux, Android och Chrome OS. GlassOuse V1.3 har ett litet batteri med h\u00f6g densitet som g\u00f6r att anv\u00e4ndaren kan anv\u00e4nda GlassOuse V1.3 i mer \u00e4n 150+ aktiva timmar p\u00e5 en enda laddning. <\/p>\n<p>Du kan b\u00e4ra GlassOuse v1.3 med dina egna glas\u00f6gon och vika dem som de vanliga. Med sin uppgraderade 9-axliga gyroskopfunktion uppt\u00e4cker GlassOuse de minsta huvudr\u00f6relserna f\u00f6r att flytta mark\u00f6ren p\u00e5 din sk\u00e4rm. Anslut bara din GlassOuse till din enhet, slutf\u00f6r den korta kalibreringsprocessen f\u00f6r 100% noggrannhet och b\u00f6rja anv\u00e4nda dina prylar handsfree.  <\/p>\n<p>GlassOuse kan anslutas till vilken som helst av de nio olika brytarna i G-Switch-serien och vilken annan adaptiv brytare som helst med st\u00f6d f\u00f6r 3,5 mm jack f\u00f6r klickning.<\/p>\n","protected":false},"excerpt":{"rendered":"<hr>\n<p><strong>Nya GlassOuse V1.3 \u00e4r en uppgraderad version av sin f\u00f6reg\u00e5ngare V1.2 och \u00e4r nu b\u00e4ttre \u00e4n n\u00e5gonsin!<\/strong><\/p>\n<p><strong><span style=\"text-decoration: underline;\">Vad \u00e4r nytt<\/span>:<\/strong><\/p>\n<ul>\n<li><strong>St\u00f6d f\u00f6r Bluetooth 4.0<\/strong> &#8211;<em> Snabbare och b\u00e4ttre anslutning med l\u00e5g latenstid<\/em>.<\/li>\n<li><strong>F\u00f6rb\u00e4ttrad batteritid<\/strong> &#8211; <em>10 g\u00e5nger l\u00e4ngre batteritid \u00e4n tidigare version<\/em><\/li>\n<li><strong>F\u00f6rb\u00e4ttrad k\u00e4nslighetsinst\u00e4llning<\/strong> &#8211;<em> Justera enhetens k\u00e4nslighet med st\u00f6rre noggrannhet<\/em><\/li>\n<li><strong>Starkare materialkonstruktion<\/strong> &#8211; <em>f\u00f6r l\u00e4ngre livsl\u00e4ngd f\u00f6r produkten<\/em><\/li>\n<\/ul>\n<p><a href=\"https:\/\/glassouse.com\/wp-content\/uploads\/2020\/11\/GLASSOUSE-V1.3_USER-MANUAL.pdf\"><img decoding=\"async\" class=\"alignnone wp-image-2116\" src=\"https:\/\/glassouse.com\/wp-content\/uploads\/2018\/03\/download_user_manual.png\" alt=\"\" width=\"96\" height=\"96\" srcset=\"https:\/\/glassouse.com\/wp-content\/uploads\/2018\/03\/download_user_manual.png 149w, https:\/\/glassouse.com\/wp-content\/uploads\/2018\/03\/download_user_manual-100x100.png 100w, https:\/\/glassouse.com\/wp-content\/uploads\/2018\/03\/download_user_manual-75x75.png 75w\" sizes=\"(max-width: 96px) 100vw, 96px\" \/><\/a>  <a href=\"https:\/\/glassouse.com\/money-back-guarantee\/\"><img decoding=\"async\" class=\"alignnone wp-image-1817\" src=\"https:\/\/glassouse.com\/wp-content\/uploads\/2017\/11\/15_Day_Money_Back_47882ccb-f31c-4b58-ab77-9b78929009ef_grande.png\" alt=\"\" width=\"95\" height=\"95\" srcset=\"https:\/\/glassouse.com\/wp-content\/uploads\/2017\/11\/15_Day_Money_Back_47882ccb-f31c-4b58-ab77-9b78929009ef_grande.png 150w, https:\/\/glassouse.com\/wp-content\/uploads\/2017\/11\/15_Day_Money_Back_47882ccb-f31c-4b58-ab77-9b78929009ef_grande-100x100.png 100w, https:\/\/glassouse.com\/wp-content\/uploads\/2017\/11\/15_Day_Money_Back_47882ccb-f31c-4b58-ab77-9b78929009ef_grande-75x75.png 75w\" sizes=\"(max-width: 95px) 100vw, 95px\" \/><\/a>  <img decoding=\"async\" class=\"alignnone wp-image-3424\" src=\"https:\/\/glassouse.com\/wp-content\/uploads\/2020\/08\/A4.png\" alt=\"GlassOuse Garanti\" width=\"95\" height=\"95\" srcset=\"https:\/\/glassouse.com\/wp-content\/uploads\/2020\/08\/A4.png 345w, https:\/\/glassouse.com\/wp-content\/uploads\/2020\/08\/A4-300x299.png 300w, https:\/\/glassouse.com\/wp-content\/uploads\/2020\/08\/A4-100x100.png 100w, https:\/\/glassouse.com\/wp-content\/uploads\/2020\/08\/A4-150x150.png 150w\" sizes=\"(max-width: 95px) 100vw, 95px\" \/><\/p>\n<p>GlassOuse V1.3 \u00e4r utformad f\u00f6r att vara mer flexibel och funktionell f\u00f6r att tillgodose behoven hos personer med begr\u00e4nsad r\u00f6relsef\u00f6rm\u00e5ga n\u00e4r de ansluter teknik. GlassOuse V1.3 kan anslutas till datorer, mobiltelefoner, surfplattor och smarta TV-apparater via Bluetooth 4.0 och l\u00e4gre utan problem och det \u00e4r ett hj\u00e4lpmedel som \u00e4r kompatibelt med Windows, iOS14, iPadOS13, macOS, Linux, Android och Chrome OS. GlassOuse kan kopplas ihop med nya alternativ i G-Switch-serien beroende p\u00e5 behov, eller direkt med Dwell-programvaran.  <\/p>\n<p>GlassOuse V1.3 har ett litet batteri med h\u00f6g densitet som g\u00f6r att anv\u00e4ndaren kan anv\u00e4nda GlassOuse V1.3 i mer \u00e4n 150+ aktiva timmar p\u00e5 en enda laddning.<\/p>\n<p>Du kan b\u00e4ra GlassOuse v1.3 med dina egna glas\u00f6gon och vika dem som de vanliga. Med sin uppgraderade 9-axliga gyroskopfunktion uppt\u00e4cker GlassOuse de minsta huvudr\u00f6relserna f\u00f6r att flytta mark\u00f6ren p\u00e5 din sk\u00e4rm. Anslut bara din GlassOuse till din enhet, slutf\u00f6r den korta kalibreringsprocessen f\u00f6r 100% noggrannhet och b\u00f6rja anv\u00e4nda dina prylar handsfree.  <\/p>\n<p><strong>I l\u00e5dan<\/strong>:<br \/>\n1x GlassOuse V1.3;<br \/>\n1x Laddningskabel;<br \/>\n2x \u00d6ronh\u00e5llare<br \/>\n1x Anv\u00e4ndarmanual<\/p>\n","protected":false},"featured_media":33220,"template":"","meta":{"_acf_changed":false},"product_brand":[],"product_cat":[429],"product_tag":[],"class_list":{"0":"post-33217","1":"product","2":"type-product","3":"status-publish","4":"has-post-thumbnail","6":"product_cat-glassouse-paketet","8":"first","9":"outofstock","10":"downloadable","11":"shipping-taxable","12":"purchasable","13":"product-type-simple"},"acf":[],"yoast_head":"<!-- This site is optimized with the Yoast SEO plugin v27.4 - https:\/\/yoast.com\/product\/yoast-seo-wordpress\/ -->\n<title>GlassOuse V1.3 - Hj\u00e4lpmedel f\u00f6r funktionshindrade. Kontrollenhet handsfree<\/title>\n<meta name=\"description\" content=\"Prisbel\u00f6nt GlassOuse-hj\u00e4lpmedel - En tr\u00e5dl\u00f6s huvudmus f\u00f6r funktionshindrade f\u00f6r att styra tekniken handsfree. Frakt internationellt.\" \/>\n<meta name=\"robots\" content=\"index, follow, max-snippet:-1, max-image-preview:large, max-video-preview:-1\" \/>\n<link rel=\"canonical\" href=\"https:\/\/glassouse.com\/sv\/product\/glassouse-v1-3\/\" \/>\n<meta property=\"og:locale\" content=\"sv_SE\" \/>\n<meta property=\"og:type\" content=\"article\" \/>\n<meta property=\"og:title\" content=\"GlassOuse V1.3 - Hj\u00e4lpmedel f\u00f6r funktionshindrade. Kontrollenhet handsfree\" \/>\n<meta property=\"og:description\" content=\"Prisbel\u00f6nt GlassOuse-hj\u00e4lpmedel - En tr\u00e5dl\u00f6s huvudmus f\u00f6r funktionshindrade f\u00f6r att styra tekniken handsfree. Frakt internationellt.\" \/>\n<meta property=\"og:url\" content=\"https:\/\/glassouse.com\/sv\/product\/glassouse-v1-3\/\" \/>\n<meta property=\"og:site_name\" content=\"Glassouse Assistive Device\" \/>\n<meta property=\"article:publisher\" content=\"https:\/\/www.facebook.com\/glassouse\/\" \/>\n<meta property=\"og:image\" content=\"https:\/\/glassouse.com\/wp-content\/uploads\/2020\/09\/002.jpg\" \/>\n\t<meta property=\"og:image:width\" content=\"1000\" \/>\n\t<meta property=\"og:image:height\" content=\"1000\" \/>\n\t<meta property=\"og:image:type\" content=\"image\/jpeg\" \/>\n<meta name=\"twitter:card\" content=\"summary_large_image\" \/>\n<meta name=\"twitter:site\" content=\"@glassouse\" \/>\n<meta name=\"twitter:label1\" content=\"Ber\u00e4knad l\u00e4stid\" \/>\n\t<meta name=\"twitter:data1\" content=\"1 minut\" \/>\n<script type=\"application\/ld+json\" class=\"yoast-schema-graph\">{\"@context\":\"https:\\\/\\\/schema.org\",\"@graph\":[{\"@type\":\"WebPage\",\"@id\":\"https:\\\/\\\/glassouse.com\\\/sv\\\/product\\\/glassouse-v1-3\\\/\",\"url\":\"https:\\\/\\\/glassouse.com\\\/sv\\\/product\\\/glassouse-v1-3\\\/\",\"name\":\"GlassOuse V1.3 - Hj\u00e4lpmedel f\u00f6r funktionshindrade. Kontrollenhet handsfree\",\"isPartOf\":{\"@id\":\"https:\\\/\\\/glassouse.com\\\/sv\\\/#website\"},\"primaryImageOfPage\":{\"@id\":\"https:\\\/\\\/glassouse.com\\\/sv\\\/product\\\/glassouse-v1-3\\\/#primaryimage\"},\"image\":{\"@id\":\"https:\\\/\\\/glassouse.com\\\/sv\\\/product\\\/glassouse-v1-3\\\/#primaryimage\"},\"thumbnailUrl\":\"https:\\\/\\\/glassouse.com\\\/wp-content\\\/uploads\\\/2020\\\/09\\\/002.jpg\",\"datePublished\":\"2020-09-30T07:34:41+00:00\",\"description\":\"Prisbel\u00f6nt GlassOuse-hj\u00e4lpmedel - En tr\u00e5dl\u00f6s huvudmus f\u00f6r funktionshindrade f\u00f6r att styra tekniken handsfree. Frakt internationellt.\",\"breadcrumb\":{\"@id\":\"https:\\\/\\\/glassouse.com\\\/sv\\\/product\\\/glassouse-v1-3\\\/#breadcrumb\"},\"inLanguage\":\"sv-SE\",\"potentialAction\":[{\"@type\":\"ReadAction\",\"target\":[\"https:\\\/\\\/glassouse.com\\\/sv\\\/product\\\/glassouse-v1-3\\\/\"]}]},{\"@type\":\"ImageObject\",\"inLanguage\":\"sv-SE\",\"@id\":\"https:\\\/\\\/glassouse.com\\\/sv\\\/product\\\/glassouse-v1-3\\\/#primaryimage\",\"url\":\"https:\\\/\\\/glassouse.com\\\/wp-content\\\/uploads\\\/2020\\\/09\\\/002.jpg\",\"contentUrl\":\"https:\\\/\\\/glassouse.com\\\/wp-content\\\/uploads\\\/2020\\\/09\\\/002.jpg\",\"width\":1000,\"height\":1000,\"caption\":\"GlassOuse Hj\u00e4lpmedel f\u00f6r funktionshindrade\"},{\"@type\":\"BreadcrumbList\",\"@id\":\"https:\\\/\\\/glassouse.com\\\/sv\\\/product\\\/glassouse-v1-3\\\/#breadcrumb\",\"itemListElement\":[{\"@type\":\"ListItem\",\"position\":1,\"name\":\"Home\",\"item\":\"https:\\\/\\\/glassouse.com\\\/sv\\\/hem\\\/\"},{\"@type\":\"ListItem\",\"position\":2,\"name\":\"Butik\",\"item\":\"https:\\\/\\\/glassouse.com\\\/sv\\\/butik\\\/\"},{\"@type\":\"ListItem\",\"position\":3,\"name\":\"Private: GlassOuse V1.3\"}]},{\"@type\":\"WebSite\",\"@id\":\"https:\\\/\\\/glassouse.com\\\/sv\\\/#website\",\"url\":\"https:\\\/\\\/glassouse.com\\\/sv\\\/\",\"name\":\"Glassouse Assistive Device\",\"description\":\"Assistive Device and Switches for Disabled\",\"publisher\":{\"@id\":\"https:\\\/\\\/glassouse.com\\\/sv\\\/#organization\"},\"potentialAction\":[{\"@type\":\"SearchAction\",\"target\":{\"@type\":\"EntryPoint\",\"urlTemplate\":\"https:\\\/\\\/glassouse.com\\\/sv\\\/?s={search_term_string}\"},\"query-input\":{\"@type\":\"PropertyValueSpecification\",\"valueRequired\":true,\"valueName\":\"search_term_string\"}}],\"inLanguage\":\"sv-SE\"},{\"@type\":\"Organization\",\"@id\":\"https:\\\/\\\/glassouse.com\\\/sv\\\/#organization\",\"name\":\"GlassOuse Assistive Device\",\"url\":\"https:\\\/\\\/glassouse.com\\\/sv\\\/\",\"logo\":{\"@type\":\"ImageObject\",\"inLanguage\":\"sv-SE\",\"@id\":\"https:\\\/\\\/glassouse.com\\\/sv\\\/#\\\/schema\\\/logo\\\/image\\\/\",\"url\":\"https:\\\/\\\/glassouse.com\\\/wp-content\\\/uploads\\\/2017\\\/11\\\/logo.jpg\",\"contentUrl\":\"https:\\\/\\\/glassouse.com\\\/wp-content\\\/uploads\\\/2017\\\/11\\\/logo.jpg\",\"width\":500,\"height\":500,\"caption\":\"GlassOuse Assistive Device\"},\"image\":{\"@id\":\"https:\\\/\\\/glassouse.com\\\/sv\\\/#\\\/schema\\\/logo\\\/image\\\/\"},\"sameAs\":[\"https:\\\/\\\/www.facebook.com\\\/glassouse\\\/\",\"https:\\\/\\\/x.com\\\/glassouse\",\"https:\\\/\\\/www.instagram.com\\\/glassouseassistivedevice\\\/\",\"https:\\\/\\\/www.linkedin.com\\\/company\\\/glassouse\\\/\",\"https:\\\/\\\/www.youtube.com\\\/channel\\\/UCM5pebcmVXbu00QYd91_Gyw\"]}]}<\/script>\n<!-- \/ Yoast SEO plugin. -->","yoast_head_json":{"title":"GlassOuse V1.3 - Hj\u00e4lpmedel f\u00f6r funktionshindrade. Kontrollenhet handsfree","description":"Prisbel\u00f6nt GlassOuse-hj\u00e4lpmedel - En tr\u00e5dl\u00f6s huvudmus f\u00f6r funktionshindrade f\u00f6r att styra tekniken handsfree. Frakt internationellt.","robots":{"index":"index","follow":"follow","max-snippet":"max-snippet:-1","max-image-preview":"max-image-preview:large","max-video-preview":"max-video-preview:-1"},"canonical":"https:\/\/glassouse.com\/sv\/product\/glassouse-v1-3\/","og_locale":"sv_SE","og_type":"article","og_title":"GlassOuse V1.3 - Hj\u00e4lpmedel f\u00f6r funktionshindrade. Kontrollenhet handsfree","og_description":"Prisbel\u00f6nt GlassOuse-hj\u00e4lpmedel - En tr\u00e5dl\u00f6s huvudmus f\u00f6r funktionshindrade f\u00f6r att styra tekniken handsfree. Frakt internationellt.","og_url":"https:\/\/glassouse.com\/sv\/product\/glassouse-v1-3\/","og_site_name":"Glassouse Assistive Device","article_publisher":"https:\/\/www.facebook.com\/glassouse\/","og_image":[{"width":1000,"height":1000,"url":"https:\/\/glassouse.com\/wp-content\/uploads\/2020\/09\/002.jpg","type":"image\/jpeg"}],"twitter_card":"summary_large_image","twitter_site":"@glassouse","twitter_misc":{"Ber\u00e4knad l\u00e4stid":"1 minut"},"schema":{"@context":"https:\/\/schema.org","@graph":[{"@type":"WebPage","@id":"https:\/\/glassouse.com\/sv\/product\/glassouse-v1-3\/","url":"https:\/\/glassouse.com\/sv\/product\/glassouse-v1-3\/","name":"GlassOuse V1.3 - Hj\u00e4lpmedel f\u00f6r funktionshindrade. Kontrollenhet handsfree","isPartOf":{"@id":"https:\/\/glassouse.com\/sv\/#website"},"primaryImageOfPage":{"@id":"https:\/\/glassouse.com\/sv\/product\/glassouse-v1-3\/#primaryimage"},"image":{"@id":"https:\/\/glassouse.com\/sv\/product\/glassouse-v1-3\/#primaryimage"},"thumbnailUrl":"https:\/\/glassouse.com\/wp-content\/uploads\/2020\/09\/002.jpg","datePublished":"2020-09-30T07:34:41+00:00","description":"Prisbel\u00f6nt GlassOuse-hj\u00e4lpmedel - En tr\u00e5dl\u00f6s huvudmus f\u00f6r funktionshindrade f\u00f6r att styra tekniken handsfree. Frakt internationellt.","breadcrumb":{"@id":"https:\/\/glassouse.com\/sv\/product\/glassouse-v1-3\/#breadcrumb"},"inLanguage":"sv-SE","potentialAction":[{"@type":"ReadAction","target":["https:\/\/glassouse.com\/sv\/product\/glassouse-v1-3\/"]}]},{"@type":"ImageObject","inLanguage":"sv-SE","@id":"https:\/\/glassouse.com\/sv\/product\/glassouse-v1-3\/#primaryimage","url":"https:\/\/glassouse.com\/wp-content\/uploads\/2020\/09\/002.jpg","contentUrl":"https:\/\/glassouse.com\/wp-content\/uploads\/2020\/09\/002.jpg","width":1000,"height":1000,"caption":"GlassOuse Hj\u00e4lpmedel f\u00f6r funktionshindrade"},{"@type":"BreadcrumbList","@id":"https:\/\/glassouse.com\/sv\/product\/glassouse-v1-3\/#breadcrumb","itemListElement":[{"@type":"ListItem","position":1,"name":"Home","item":"https:\/\/glassouse.com\/sv\/hem\/"},{"@type":"ListItem","position":2,"name":"Butik","item":"https:\/\/glassouse.com\/sv\/butik\/"},{"@type":"ListItem","position":3,"name":"Private: GlassOuse V1.3"}]},{"@type":"WebSite","@id":"https:\/\/glassouse.com\/sv\/#website","url":"https:\/\/glassouse.com\/sv\/","name":"Glassouse Assistive Device","description":"Assistive Device and Switches for Disabled","publisher":{"@id":"https:\/\/glassouse.com\/sv\/#organization"},"potentialAction":[{"@type":"SearchAction","target":{"@type":"EntryPoint","urlTemplate":"https:\/\/glassouse.com\/sv\/?s={search_term_string}"},"query-input":{"@type":"PropertyValueSpecification","valueRequired":true,"valueName":"search_term_string"}}],"inLanguage":"sv-SE"},{"@type":"Organization","@id":"https:\/\/glassouse.com\/sv\/#organization","name":"GlassOuse Assistive Device","url":"https:\/\/glassouse.com\/sv\/","logo":{"@type":"ImageObject","inLanguage":"sv-SE","@id":"https:\/\/glassouse.com\/sv\/#\/schema\/logo\/image\/","url":"https:\/\/glassouse.com\/wp-content\/uploads\/2017\/11\/logo.jpg","contentUrl":"https:\/\/glassouse.com\/wp-content\/uploads\/2017\/11\/logo.jpg","width":500,"height":500,"caption":"GlassOuse Assistive Device"},"image":{"@id":"https:\/\/glassouse.com\/sv\/#\/schema\/logo\/image\/"},"sameAs":["https:\/\/www.facebook.com\/glassouse\/","https:\/\/x.com\/glassouse","https:\/\/www.instagram.com\/glassouseassistivedevice\/","https:\/\/www.linkedin.com\/company\/glassouse\/","https:\/\/www.youtube.com\/channel\/UCM5pebcmVXbu00QYd91_Gyw"]}]}},"_links":{"self":[{"href":"https:\/\/glassouse.com\/sv\/wp-json\/wp\/v2\/product\/33217","targetHints":{"allow":["GET"]}}],"collection":[{"href":"https:\/\/glassouse.com\/sv\/wp-json\/wp\/v2\/product"}],"about":[{"href":"https:\/\/glassouse.com\/sv\/wp-json\/wp\/v2\/types\/product"}],"wp:featuredmedia":[{"embeddable":true,"href":"https:\/\/glassouse.com\/sv\/wp-json\/wp\/v2\/media\/33220"}],"wp:attachment":[{"href":"https:\/\/glassouse.com\/sv\/wp-json\/wp\/v2\/media?parent=33217"}],"wp:term":[{"taxonomy":"product_brand","embeddable":true,"href":"https:\/\/glassouse.com\/sv\/wp-json\/wp\/v2\/product_brand?post=33217"},{"taxonomy":"product_cat","embeddable":true,"href":"https:\/\/glassouse.com\/sv\/wp-json\/wp\/v2\/product_cat?post=33217"},{"taxonomy":"product_tag","embeddable":true,"href":"https:\/\/glassouse.com\/sv\/wp-json\/wp\/v2\/product_tag?post=33217"}],"curies":[{"name":"wp","href":"https:\/\/api.w.org\/{rel}","templated":true}]}}