{"id":33388,"date":"2022-06-28T05:48:42","date_gmt":"2022-06-27T21:48:42","guid":{"rendered":"https:\/\/glassouse.com\/product\/gw01-g-ramklader\/"},"modified":"2022-06-28T05:48:42","modified_gmt":"2022-06-27T21:48:42","slug":"gw01-g-ramklader","status":"publish","type":"product","link":"https:\/\/glassouse.com\/sv\/product\/gw01-g-ramklader\/","title":{"rendered":"GW01 G-ramkl\u00e4der"},"content":{"rendered":"<h3><strong>Produkt\u00f6versikt<\/strong><\/h3>\n<p>Precis som vanliga glas\u00f6gon kan du b\u00e4ra G-b\u00e5gen \u00f6ver pannan och f\u00e4sta GlassOuse p\u00e5 vardera sidan i dess sp\u00e4nne. L\u00e4ngden p\u00e5 dess fr\u00e4mre del kan justeras genom att dra ut eller trycka in den f\u00f6r att g\u00f6ra den mer fast och bekv\u00e4m n\u00e4r du anv\u00e4nder den. Den kan ocks\u00e5 enkelt b\u00e4ras \u00f6ver dina vanliga glas\u00f6gon.  <\/p>\n<p>De vikbara armarna g\u00f6r den l\u00e4tt att b\u00e4ra och \u00e4r tillverkade av h\u00e4rdad men \u00e4nd\u00e5 elastisk ABS som g\u00f6r den mycket flexibel.<\/p>\n<h3><strong>Hur man anv\u00e4nder<\/strong><\/h3>\n<ol>\n<li>Montera GlassOuse-sp\u00e4nnet p\u00e5 G-Framewear antingen p\u00e5 h\u00f6ger eller v\u00e4nster sida, beroende p\u00e5 vad som passar dig b\u00e4st.<\/li>\n<li>Skjut in GlassOuse i sp\u00e4nnet p\u00e5 r\u00e4tt s\u00e4tt tills det sitter fast och stadigt. Du b\u00f6r h\u00f6ra ett &#8221;klick&#8221;-ljud efter en lyckad fasts\u00e4ttning. <\/li>\n<li>B\u00e4r G-Framewear \u00f6ver pannan. Du kan ocks\u00e5 b\u00e4ra dem \u00f6ver dina vanliga glas\u00f6gon. <\/li>\n<li>Justering av l\u00e4ngden p\u00e5 framsidan: Om den \u00e4r f\u00f6r tr\u00e5ng eller obekv\u00e4m, h\u00e5ll i b\u00e5da handtagen p\u00e5 ramen fr\u00e5n framsidan och dra ut dem lika mycket f\u00f6r att justera l\u00e4ngden och vice versa.<\/li>\n<li>F\u00f6r att ta bort GlassOuse, tryck p\u00e5 borttagningssp\u00e4rren och dra ut GlassOuse.<\/li>\n<\/ol>\n","protected":false},"excerpt":{"rendered":"<p>Produkt\u00f6versikt Precis som vanliga glas\u00f6gon kan du b\u00e4ra G-b\u00e5gen \u00f6ver pannan och f\u00e4sta GlassOuse p\u00e5 vardera sidan i dess sp\u00e4nne. [&hellip;]<\/p>\n","protected":false},"featured_media":33392,"template":"","meta":{"_acf_changed":false},"product_brand":[],"product_cat":[445],"product_tag":[],"class_list":{"0":"post-33388","1":"product","2":"type-product","3":"status-publish","4":"has-post-thumbnail","6":"product_cat-glassouse-g-klader","8":"first","9":"instock","10":"shipping-taxable","11":"purchasable","12":"product-type-simple"},"acf":[],"yoast_head":"<!-- This site is optimized with the Yoast SEO plugin v27.4 - https:\/\/yoast.com\/product\/yoast-seo-wordpress\/ -->\n<title>GW01 G-ramkl\u00e4der - Glassouse Assistive Device<\/title>\n<meta name=\"robots\" content=\"index, follow, max-snippet:-1, max-image-preview:large, max-video-preview:-1\" \/>\n<link rel=\"canonical\" href=\"https:\/\/glassouse.com\/sv\/product\/gw01-g-ramklader\/\" \/>\n<meta property=\"og:locale\" content=\"sv_SE\" \/>\n<meta property=\"og:type\" content=\"article\" \/>\n<meta property=\"og:title\" content=\"GW01 G-ramkl\u00e4der - Glassouse Assistive Device\" \/>\n<meta property=\"og:description\" content=\"Produkt\u00f6versikt Precis som vanliga glas\u00f6gon kan du b\u00e4ra G-b\u00e5gen \u00f6ver pannan och f\u00e4sta GlassOuse p\u00e5 vardera sidan i dess sp\u00e4nne. [&hellip;]\" \/>\n<meta property=\"og:url\" content=\"https:\/\/glassouse.com\/sv\/product\/gw01-g-ramklader\/\" \/>\n<meta property=\"og:site_name\" content=\"Glassouse Assistive Device\" \/>\n<meta property=\"article:publisher\" content=\"https:\/\/www.facebook.com\/glassouse\/\" \/>\n<meta property=\"og:image\" content=\"https:\/\/glassouse.com\/wp-content\/uploads\/2022\/06\/GW01-G-Framewear-2.jpg\" \/>\n\t<meta property=\"og:image:width\" content=\"1000\" \/>\n\t<meta property=\"og:image:height\" content=\"1000\" \/>\n\t<meta property=\"og:image:type\" content=\"image\/jpeg\" \/>\n<meta name=\"twitter:card\" content=\"summary_large_image\" \/>\n<meta name=\"twitter:site\" content=\"@glassouse\" \/>\n<meta name=\"twitter:label1\" content=\"Ber\u00e4knad l\u00e4stid\" \/>\n\t<meta name=\"twitter:data1\" content=\"1 minut\" \/>\n<script type=\"application\/ld+json\" class=\"yoast-schema-graph\">{\"@context\":\"https:\\\/\\\/schema.org\",\"@graph\":[{\"@type\":\"WebPage\",\"@id\":\"https:\\\/\\\/glassouse.com\\\/sv\\\/product\\\/gw01-g-ramklader\\\/\",\"url\":\"https:\\\/\\\/glassouse.com\\\/sv\\\/product\\\/gw01-g-ramklader\\\/\",\"name\":\"GW01 G-ramkl\u00e4der - Glassouse Assistive Device\",\"isPartOf\":{\"@id\":\"https:\\\/\\\/glassouse.com\\\/sv\\\/#website\"},\"primaryImageOfPage\":{\"@id\":\"https:\\\/\\\/glassouse.com\\\/sv\\\/product\\\/gw01-g-ramklader\\\/#primaryimage\"},\"image\":{\"@id\":\"https:\\\/\\\/glassouse.com\\\/sv\\\/product\\\/gw01-g-ramklader\\\/#primaryimage\"},\"thumbnailUrl\":\"https:\\\/\\\/glassouse.com\\\/wp-content\\\/uploads\\\/2022\\\/06\\\/GW01-G-Framewear-2.jpg\",\"datePublished\":\"2022-06-27T21:48:42+00:00\",\"breadcrumb\":{\"@id\":\"https:\\\/\\\/glassouse.com\\\/sv\\\/product\\\/gw01-g-ramklader\\\/#breadcrumb\"},\"inLanguage\":\"sv-SE\",\"potentialAction\":[{\"@type\":\"ReadAction\",\"target\":[\"https:\\\/\\\/glassouse.com\\\/sv\\\/product\\\/gw01-g-ramklader\\\/\"]}]},{\"@type\":\"ImageObject\",\"inLanguage\":\"sv-SE\",\"@id\":\"https:\\\/\\\/glassouse.com\\\/sv\\\/product\\\/gw01-g-ramklader\\\/#primaryimage\",\"url\":\"https:\\\/\\\/glassouse.com\\\/wp-content\\\/uploads\\\/2022\\\/06\\\/GW01-G-Framewear-2.jpg\",\"contentUrl\":\"https:\\\/\\\/glassouse.com\\\/wp-content\\\/uploads\\\/2022\\\/06\\\/GW01-G-Framewear-2.jpg\",\"width\":1000,\"height\":1000,\"caption\":\"G-ramkl\u00e4der\"},{\"@type\":\"BreadcrumbList\",\"@id\":\"https:\\\/\\\/glassouse.com\\\/sv\\\/product\\\/gw01-g-ramklader\\\/#breadcrumb\",\"itemListElement\":[{\"@type\":\"ListItem\",\"position\":1,\"name\":\"Home\",\"item\":\"https:\\\/\\\/glassouse.com\\\/sv\\\/hem\\\/\"},{\"@type\":\"ListItem\",\"position\":2,\"name\":\"Butik\",\"item\":\"https:\\\/\\\/glassouse.com\\\/sv\\\/butik\\\/\"},{\"@type\":\"ListItem\",\"position\":3,\"name\":\"GW01 G-ramkl\u00e4der\"}]},{\"@type\":\"WebSite\",\"@id\":\"https:\\\/\\\/glassouse.com\\\/sv\\\/#website\",\"url\":\"https:\\\/\\\/glassouse.com\\\/sv\\\/\",\"name\":\"Glassouse Assistive Device\",\"description\":\"Assistive Device and Switches for Disabled\",\"publisher\":{\"@id\":\"https:\\\/\\\/glassouse.com\\\/sv\\\/#organization\"},\"potentialAction\":[{\"@type\":\"SearchAction\",\"target\":{\"@type\":\"EntryPoint\",\"urlTemplate\":\"https:\\\/\\\/glassouse.com\\\/sv\\\/?s={search_term_string}\"},\"query-input\":{\"@type\":\"PropertyValueSpecification\",\"valueRequired\":true,\"valueName\":\"search_term_string\"}}],\"inLanguage\":\"sv-SE\"},{\"@type\":\"Organization\",\"@id\":\"https:\\\/\\\/glassouse.com\\\/sv\\\/#organization\",\"name\":\"GlassOuse Assistive Device\",\"url\":\"https:\\\/\\\/glassouse.com\\\/sv\\\/\",\"logo\":{\"@type\":\"ImageObject\",\"inLanguage\":\"sv-SE\",\"@id\":\"https:\\\/\\\/glassouse.com\\\/sv\\\/#\\\/schema\\\/logo\\\/image\\\/\",\"url\":\"https:\\\/\\\/glassouse.com\\\/wp-content\\\/uploads\\\/2017\\\/11\\\/logo.jpg\",\"contentUrl\":\"https:\\\/\\\/glassouse.com\\\/wp-content\\\/uploads\\\/2017\\\/11\\\/logo.jpg\",\"width\":500,\"height\":500,\"caption\":\"GlassOuse Assistive Device\"},\"image\":{\"@id\":\"https:\\\/\\\/glassouse.com\\\/sv\\\/#\\\/schema\\\/logo\\\/image\\\/\"},\"sameAs\":[\"https:\\\/\\\/www.facebook.com\\\/glassouse\\\/\",\"https:\\\/\\\/x.com\\\/glassouse\",\"https:\\\/\\\/www.instagram.com\\\/glassouseassistivedevice\\\/\",\"https:\\\/\\\/www.linkedin.com\\\/company\\\/glassouse\\\/\",\"https:\\\/\\\/www.youtube.com\\\/channel\\\/UCM5pebcmVXbu00QYd91_Gyw\"]}]}<\/script>\n<!-- \/ Yoast SEO plugin. -->","yoast_head_json":{"title":"GW01 G-ramkl\u00e4der - Glassouse Assistive Device","robots":{"index":"index","follow":"follow","max-snippet":"max-snippet:-1","max-image-preview":"max-image-preview:large","max-video-preview":"max-video-preview:-1"},"canonical":"https:\/\/glassouse.com\/sv\/product\/gw01-g-ramklader\/","og_locale":"sv_SE","og_type":"article","og_title":"GW01 G-ramkl\u00e4der - Glassouse Assistive Device","og_description":"Produkt\u00f6versikt Precis som vanliga glas\u00f6gon kan du b\u00e4ra G-b\u00e5gen \u00f6ver pannan och f\u00e4sta GlassOuse p\u00e5 vardera sidan i dess sp\u00e4nne. [&hellip;]","og_url":"https:\/\/glassouse.com\/sv\/product\/gw01-g-ramklader\/","og_site_name":"Glassouse Assistive Device","article_publisher":"https:\/\/www.facebook.com\/glassouse\/","og_image":[{"width":1000,"height":1000,"url":"https:\/\/glassouse.com\/wp-content\/uploads\/2022\/06\/GW01-G-Framewear-2.jpg","type":"image\/jpeg"}],"twitter_card":"summary_large_image","twitter_site":"@glassouse","twitter_misc":{"Ber\u00e4knad l\u00e4stid":"1 minut"},"schema":{"@context":"https:\/\/schema.org","@graph":[{"@type":"WebPage","@id":"https:\/\/glassouse.com\/sv\/product\/gw01-g-ramklader\/","url":"https:\/\/glassouse.com\/sv\/product\/gw01-g-ramklader\/","name":"GW01 G-ramkl\u00e4der - Glassouse Assistive Device","isPartOf":{"@id":"https:\/\/glassouse.com\/sv\/#website"},"primaryImageOfPage":{"@id":"https:\/\/glassouse.com\/sv\/product\/gw01-g-ramklader\/#primaryimage"},"image":{"@id":"https:\/\/glassouse.com\/sv\/product\/gw01-g-ramklader\/#primaryimage"},"thumbnailUrl":"https:\/\/glassouse.com\/wp-content\/uploads\/2022\/06\/GW01-G-Framewear-2.jpg","datePublished":"2022-06-27T21:48:42+00:00","breadcrumb":{"@id":"https:\/\/glassouse.com\/sv\/product\/gw01-g-ramklader\/#breadcrumb"},"inLanguage":"sv-SE","potentialAction":[{"@type":"ReadAction","target":["https:\/\/glassouse.com\/sv\/product\/gw01-g-ramklader\/"]}]},{"@type":"ImageObject","inLanguage":"sv-SE","@id":"https:\/\/glassouse.com\/sv\/product\/gw01-g-ramklader\/#primaryimage","url":"https:\/\/glassouse.com\/wp-content\/uploads\/2022\/06\/GW01-G-Framewear-2.jpg","contentUrl":"https:\/\/glassouse.com\/wp-content\/uploads\/2022\/06\/GW01-G-Framewear-2.jpg","width":1000,"height":1000,"caption":"G-ramkl\u00e4der"},{"@type":"BreadcrumbList","@id":"https:\/\/glassouse.com\/sv\/product\/gw01-g-ramklader\/#breadcrumb","itemListElement":[{"@type":"ListItem","position":1,"name":"Home","item":"https:\/\/glassouse.com\/sv\/hem\/"},{"@type":"ListItem","position":2,"name":"Butik","item":"https:\/\/glassouse.com\/sv\/butik\/"},{"@type":"ListItem","position":3,"name":"GW01 G-ramkl\u00e4der"}]},{"@type":"WebSite","@id":"https:\/\/glassouse.com\/sv\/#website","url":"https:\/\/glassouse.com\/sv\/","name":"Glassouse Assistive Device","description":"Assistive Device and Switches for Disabled","publisher":{"@id":"https:\/\/glassouse.com\/sv\/#organization"},"potentialAction":[{"@type":"SearchAction","target":{"@type":"EntryPoint","urlTemplate":"https:\/\/glassouse.com\/sv\/?s={search_term_string}"},"query-input":{"@type":"PropertyValueSpecification","valueRequired":true,"valueName":"search_term_string"}}],"inLanguage":"sv-SE"},{"@type":"Organization","@id":"https:\/\/glassouse.com\/sv\/#organization","name":"GlassOuse Assistive Device","url":"https:\/\/glassouse.com\/sv\/","logo":{"@type":"ImageObject","inLanguage":"sv-SE","@id":"https:\/\/glassouse.com\/sv\/#\/schema\/logo\/image\/","url":"https:\/\/glassouse.com\/wp-content\/uploads\/2017\/11\/logo.jpg","contentUrl":"https:\/\/glassouse.com\/wp-content\/uploads\/2017\/11\/logo.jpg","width":500,"height":500,"caption":"GlassOuse Assistive Device"},"image":{"@id":"https:\/\/glassouse.com\/sv\/#\/schema\/logo\/image\/"},"sameAs":["https:\/\/www.facebook.com\/glassouse\/","https:\/\/x.com\/glassouse","https:\/\/www.instagram.com\/glassouseassistivedevice\/","https:\/\/www.linkedin.com\/company\/glassouse\/","https:\/\/www.youtube.com\/channel\/UCM5pebcmVXbu00QYd91_Gyw"]}]}},"_links":{"self":[{"href":"https:\/\/glassouse.com\/sv\/wp-json\/wp\/v2\/product\/33388","targetHints":{"allow":["GET"]}}],"collection":[{"href":"https:\/\/glassouse.com\/sv\/wp-json\/wp\/v2\/product"}],"about":[{"href":"https:\/\/glassouse.com\/sv\/wp-json\/wp\/v2\/types\/product"}],"wp:featuredmedia":[{"embeddable":true,"href":"https:\/\/glassouse.com\/sv\/wp-json\/wp\/v2\/media\/33392"}],"wp:attachment":[{"href":"https:\/\/glassouse.com\/sv\/wp-json\/wp\/v2\/media?parent=33388"}],"wp:term":[{"taxonomy":"product_brand","embeddable":true,"href":"https:\/\/glassouse.com\/sv\/wp-json\/wp\/v2\/product_brand?post=33388"},{"taxonomy":"product_cat","embeddable":true,"href":"https:\/\/glassouse.com\/sv\/wp-json\/wp\/v2\/product_cat?post=33388"},{"taxonomy":"product_tag","embeddable":true,"href":"https:\/\/glassouse.com\/sv\/wp-json\/wp\/v2\/product_tag?post=33388"}],"curies":[{"name":"wp","href":"https:\/\/api.w.org\/{rel}","templated":true}]}}