{"id":33389,"date":"2021-12-21T18:39:20","date_gmt":"2021-12-21T10:39:20","guid":{"rendered":"https:\/\/glassouse.com\/product\/gat06-disco-bob-den-dansande-katten\/"},"modified":"2021-12-21T18:39:20","modified_gmt":"2021-12-21T10:39:20","slug":"gat06-disco-bob-den-dansande-katten","status":"publish","type":"product","link":"https:\/\/glassouse.com\/sv\/product\/gat06-disco-bob-den-dansande-katten\/","title":{"rendered":"GAT06 Disco Bob &#8211; Den dansande katten"},"content":{"rendered":"","protected":false},"excerpt":{"rendered":"<h4>Disco Bob &#8211; Den dansande katten &#8211; GAT06<\/h4>\n<p>1x Jazzy Dancer Toy med 3,5 mm jackkontakt<br \/>\n1x Anv\u00e4ndarhandbok<\/p>\n<p><a href=\"https:\/\/glassouse.com\/sv\/pengar-tillbaka-garanti\/\"><img decoding=\"async\" class=\"alignnone wp-image-1817\" src=\"https:\/\/glassouse.com\/wp-content\/uploads\/2017\/11\/15_Day_Money_Back_47882ccb-f31c-4b58-ab77-9b78929009ef_grande.png\" alt=\"\" width=\"95\" height=\"95\" srcset=\"https:\/\/glassouse.com\/wp-content\/uploads\/2017\/11\/15_Day_Money_Back_47882ccb-f31c-4b58-ab77-9b78929009ef_grande.png 150w, https:\/\/glassouse.com\/wp-content\/uploads\/2017\/11\/15_Day_Money_Back_47882ccb-f31c-4b58-ab77-9b78929009ef_grande-100x100.png 100w, https:\/\/glassouse.com\/wp-content\/uploads\/2017\/11\/15_Day_Money_Back_47882ccb-f31c-4b58-ab77-9b78929009ef_grande-75x75.png 75w\" sizes=\"(max-width: 95px) 100vw, 95px\" \/><\/a>   <img decoding=\"async\" class=\"alignnone wp-image-3424\" src=\"https:\/\/glassouse.com\/wp-content\/uploads\/2020\/08\/A4.png\" alt=\"GlassOuse Garanti\" width=\"95\" height=\"95\" srcset=\"https:\/\/glassouse.com\/wp-content\/uploads\/2020\/08\/A4.png 345w, https:\/\/glassouse.com\/wp-content\/uploads\/2020\/08\/A4-300x299.png 300w, https:\/\/glassouse.com\/wp-content\/uploads\/2020\/08\/A4-100x100.png 100w, https:\/\/glassouse.com\/wp-content\/uploads\/2020\/08\/A4-150x150.png 150w\" sizes=\"(max-width: 95px) 100vw, 95px\" \/><\/p>\n<p><strong>FUNKTION: <\/strong>Den spelar och dansar till 18 olika musikstycken, som alla styrs av en ansluten str\u00f6mbrytare. Den kan efterlikna m\u00e4nskligt tal n\u00e4r du trycker p\u00e5 knappen p\u00e5 dess h\u00f6gra fot. <\/p>\n<p><strong>SPECIFIKATION:<\/strong><br \/>\n<strong>L\u00e4ngd:<\/strong> 33 cm<br \/>\n<strong>Material:<\/strong> Supermjuk plysch<br \/>\n<strong>Fyllning:<\/strong> Milj\u00f6s\u00e4ker 3D PP-bomull<br \/>\n<strong>Str\u00f6mf\u00f6rs\u00f6rjning:<\/strong> 3x AA-batteri<\/p>\n<p><strong>INSTRUKTION:<\/strong><\/p>\n<ol>\n<li>Anslut en valfri 3,5 mm adaptiv brytare till leksaken.<\/li>\n<li>F\u00f6r att SPELA, tryck kort p\u00e5 str\u00f6mbrytaren och leksaken b\u00f6rjar spela musik och dansa.<\/li>\n<li>F\u00f6r att byta musik, tryck p\u00e5 str\u00f6mbrytaren igen.<\/li>\n<li>Tryck p\u00e5 knappen en g\u00e5ng till f\u00f6r att STOPPA.<\/li>\n<li>F\u00f6r att aktivera mimic speech-l\u00e4get, tryck och h\u00e5ll in knappen p\u00e5 leksakens h\u00f6gra fot. Sl\u00e4pp knappen n\u00e4r du h\u00f6r en ljudsignal; leksaken g\u00e5r d\u00e5 in i mimikl\u00e4ge. <\/li>\n<li>  F\u00f6r att stoppa imitationen och \u00e5terg\u00e5 till musik- och dansl\u00e4get, tryck p\u00e5 knappen igen.<\/li>\n<\/ol>\n<p><strong><em>*Str\u00f6mbrytare s\u00e4ljs separat<\/em><\/strong><\/p>\n<p>_________________________________________________________________________________________________________<\/p>\n","protected":false},"featured_media":33403,"template":"","meta":{"_acf_changed":false},"product_brand":[],"product_cat":[438],"product_tag":[440,441,442,443],"class_list":{"0":"post-33389","1":"product","2":"type-product","3":"status-publish","4":"has-post-thumbnail","6":"product_cat-glassouse-leksaker","7":"product_tag-switch-anpassade-leksaker","8":"product_tag-anpassade-leksaker","9":"product_tag-leksak-for-sarskilda-behov","10":"product_tag-leksaker-for-funktionshindrade-barn","11":"product_shipping_class-leksak","13":"first","14":"instock","15":"shipping-taxable","16":"purchasable","17":"product-type-simple"},"acf":[],"yoast_head":"<!-- This site is optimized with the Yoast SEO plugin v27.4 - https:\/\/yoast.com\/product\/yoast-seo-wordpress\/ -->\n<title>Switch Anpassad leksak | GlassOuse Hj\u00e4lpmedel<\/title>\n<meta name=\"description\" content=\"Anpassad leksak med str\u00f6mbrytare f\u00f6r barn med funktionsneds\u00e4ttning eller s\u00e4rskilda behov. Anslut med en adaptiv str\u00f6mbrytare och b\u00f6rja sedan din roliga resa med v\u00e5ra leksaker.\" \/>\n<meta name=\"robots\" content=\"index, follow, max-snippet:-1, max-image-preview:large, max-video-preview:-1\" \/>\n<link rel=\"canonical\" href=\"https:\/\/glassouse.com\/sv\/product\/gat06-disco-bob-den-dansande-katten\/\" \/>\n<meta property=\"og:locale\" content=\"sv_SE\" \/>\n<meta property=\"og:type\" content=\"article\" \/>\n<meta property=\"og:title\" content=\"Switch Anpassad leksak | GlassOuse Hj\u00e4lpmedel\" \/>\n<meta property=\"og:description\" content=\"Anpassad leksak med str\u00f6mbrytare f\u00f6r barn med funktionsneds\u00e4ttning eller s\u00e4rskilda behov. Anslut med en adaptiv str\u00f6mbrytare och b\u00f6rja sedan din roliga resa med v\u00e5ra leksaker.\" \/>\n<meta property=\"og:url\" content=\"https:\/\/glassouse.com\/sv\/product\/gat06-disco-bob-den-dansande-katten\/\" \/>\n<meta property=\"og:site_name\" content=\"Glassouse Assistive Device\" \/>\n<meta property=\"article:publisher\" content=\"https:\/\/www.facebook.com\/glassouse\/\" \/>\n<meta property=\"og:image\" content=\"https:\/\/glassouse.com\/wp-content\/uploads\/2021\/12\/GAT06-Disco-Bob-\u2013-The-Dancing-Cat-3.jpg\" \/>\n\t<meta property=\"og:image:width\" content=\"1000\" \/>\n\t<meta property=\"og:image:height\" content=\"1000\" \/>\n\t<meta property=\"og:image:type\" content=\"image\/jpeg\" \/>\n<meta name=\"twitter:card\" content=\"summary_large_image\" \/>\n<meta name=\"twitter:site\" content=\"@glassouse\" \/>\n<script type=\"application\/ld+json\" class=\"yoast-schema-graph\">{\"@context\":\"https:\\\/\\\/schema.org\",\"@graph\":[{\"@type\":\"WebPage\",\"@id\":\"https:\\\/\\\/glassouse.com\\\/sv\\\/product\\\/gat06-disco-bob-den-dansande-katten\\\/\",\"url\":\"https:\\\/\\\/glassouse.com\\\/sv\\\/product\\\/gat06-disco-bob-den-dansande-katten\\\/\",\"name\":\"Switch Anpassad leksak | GlassOuse Hj\u00e4lpmedel\",\"isPartOf\":{\"@id\":\"https:\\\/\\\/glassouse.com\\\/sv\\\/#website\"},\"primaryImageOfPage\":{\"@id\":\"https:\\\/\\\/glassouse.com\\\/sv\\\/product\\\/gat06-disco-bob-den-dansande-katten\\\/#primaryimage\"},\"image\":{\"@id\":\"https:\\\/\\\/glassouse.com\\\/sv\\\/product\\\/gat06-disco-bob-den-dansande-katten\\\/#primaryimage\"},\"thumbnailUrl\":\"https:\\\/\\\/glassouse.com\\\/wp-content\\\/uploads\\\/2021\\\/12\\\/GAT06-Disco-Bob-\u2013-The-Dancing-Cat-3.jpg\",\"datePublished\":\"2021-12-21T10:39:20+00:00\",\"description\":\"Anpassad leksak med str\u00f6mbrytare f\u00f6r barn med funktionsneds\u00e4ttning eller s\u00e4rskilda behov. Anslut med en adaptiv str\u00f6mbrytare och b\u00f6rja sedan din roliga resa med v\u00e5ra leksaker.\",\"breadcrumb\":{\"@id\":\"https:\\\/\\\/glassouse.com\\\/sv\\\/product\\\/gat06-disco-bob-den-dansande-katten\\\/#breadcrumb\"},\"inLanguage\":\"sv-SE\",\"potentialAction\":[{\"@type\":\"ReadAction\",\"target\":[\"https:\\\/\\\/glassouse.com\\\/sv\\\/product\\\/gat06-disco-bob-den-dansande-katten\\\/\"]}]},{\"@type\":\"ImageObject\",\"inLanguage\":\"sv-SE\",\"@id\":\"https:\\\/\\\/glassouse.com\\\/sv\\\/product\\\/gat06-disco-bob-den-dansande-katten\\\/#primaryimage\",\"url\":\"https:\\\/\\\/glassouse.com\\\/wp-content\\\/uploads\\\/2021\\\/12\\\/GAT06-Disco-Bob-\u2013-The-Dancing-Cat-3.jpg\",\"contentUrl\":\"https:\\\/\\\/glassouse.com\\\/wp-content\\\/uploads\\\/2021\\\/12\\\/GAT06-Disco-Bob-\u2013-The-Dancing-Cat-3.jpg\",\"width\":1000,\"height\":1000,\"caption\":\"GAT06 Disco Bob - The Dancing Cat, GlassOuse switchanpassade leksaker f\u00f6r barn med s\u00e4rskilda behov\"},{\"@type\":\"BreadcrumbList\",\"@id\":\"https:\\\/\\\/glassouse.com\\\/sv\\\/product\\\/gat06-disco-bob-den-dansande-katten\\\/#breadcrumb\",\"itemListElement\":[{\"@type\":\"ListItem\",\"position\":1,\"name\":\"Home\",\"item\":\"https:\\\/\\\/glassouse.com\\\/sv\\\/hem\\\/\"},{\"@type\":\"ListItem\",\"position\":2,\"name\":\"Butik\",\"item\":\"https:\\\/\\\/glassouse.com\\\/sv\\\/butik\\\/\"},{\"@type\":\"ListItem\",\"position\":3,\"name\":\"GAT06 Disco Bob &#8211; Den dansande katten\"}]},{\"@type\":\"WebSite\",\"@id\":\"https:\\\/\\\/glassouse.com\\\/sv\\\/#website\",\"url\":\"https:\\\/\\\/glassouse.com\\\/sv\\\/\",\"name\":\"Glassouse Assistive Device\",\"description\":\"Assistive Device and Switches for Disabled\",\"publisher\":{\"@id\":\"https:\\\/\\\/glassouse.com\\\/sv\\\/#organization\"},\"potentialAction\":[{\"@type\":\"SearchAction\",\"target\":{\"@type\":\"EntryPoint\",\"urlTemplate\":\"https:\\\/\\\/glassouse.com\\\/sv\\\/?s={search_term_string}\"},\"query-input\":{\"@type\":\"PropertyValueSpecification\",\"valueRequired\":true,\"valueName\":\"search_term_string\"}}],\"inLanguage\":\"sv-SE\"},{\"@type\":\"Organization\",\"@id\":\"https:\\\/\\\/glassouse.com\\\/sv\\\/#organization\",\"name\":\"GlassOuse Assistive Device\",\"url\":\"https:\\\/\\\/glassouse.com\\\/sv\\\/\",\"logo\":{\"@type\":\"ImageObject\",\"inLanguage\":\"sv-SE\",\"@id\":\"https:\\\/\\\/glassouse.com\\\/sv\\\/#\\\/schema\\\/logo\\\/image\\\/\",\"url\":\"https:\\\/\\\/glassouse.com\\\/wp-content\\\/uploads\\\/2017\\\/11\\\/logo.jpg\",\"contentUrl\":\"https:\\\/\\\/glassouse.com\\\/wp-content\\\/uploads\\\/2017\\\/11\\\/logo.jpg\",\"width\":500,\"height\":500,\"caption\":\"GlassOuse Assistive Device\"},\"image\":{\"@id\":\"https:\\\/\\\/glassouse.com\\\/sv\\\/#\\\/schema\\\/logo\\\/image\\\/\"},\"sameAs\":[\"https:\\\/\\\/www.facebook.com\\\/glassouse\\\/\",\"https:\\\/\\\/x.com\\\/glassouse\",\"https:\\\/\\\/www.instagram.com\\\/glassouseassistivedevice\\\/\",\"https:\\\/\\\/www.linkedin.com\\\/company\\\/glassouse\\\/\",\"https:\\\/\\\/www.youtube.com\\\/channel\\\/UCM5pebcmVXbu00QYd91_Gyw\"]}]}<\/script>\n<!-- \/ Yoast SEO plugin. -->","yoast_head_json":{"title":"Switch Anpassad leksak | GlassOuse Hj\u00e4lpmedel","description":"Anpassad leksak med str\u00f6mbrytare f\u00f6r barn med funktionsneds\u00e4ttning eller s\u00e4rskilda behov. Anslut med en adaptiv str\u00f6mbrytare och b\u00f6rja sedan din roliga resa med v\u00e5ra leksaker.","robots":{"index":"index","follow":"follow","max-snippet":"max-snippet:-1","max-image-preview":"max-image-preview:large","max-video-preview":"max-video-preview:-1"},"canonical":"https:\/\/glassouse.com\/sv\/product\/gat06-disco-bob-den-dansande-katten\/","og_locale":"sv_SE","og_type":"article","og_title":"Switch Anpassad leksak | GlassOuse Hj\u00e4lpmedel","og_description":"Anpassad leksak med str\u00f6mbrytare f\u00f6r barn med funktionsneds\u00e4ttning eller s\u00e4rskilda behov. Anslut med en adaptiv str\u00f6mbrytare och b\u00f6rja sedan din roliga resa med v\u00e5ra leksaker.","og_url":"https:\/\/glassouse.com\/sv\/product\/gat06-disco-bob-den-dansande-katten\/","og_site_name":"Glassouse Assistive Device","article_publisher":"https:\/\/www.facebook.com\/glassouse\/","og_image":[{"width":1000,"height":1000,"url":"https:\/\/glassouse.com\/wp-content\/uploads\/2021\/12\/GAT06-Disco-Bob-\u2013-The-Dancing-Cat-3.jpg","type":"image\/jpeg"}],"twitter_card":"summary_large_image","twitter_site":"@glassouse","schema":{"@context":"https:\/\/schema.org","@graph":[{"@type":"WebPage","@id":"https:\/\/glassouse.com\/sv\/product\/gat06-disco-bob-den-dansande-katten\/","url":"https:\/\/glassouse.com\/sv\/product\/gat06-disco-bob-den-dansande-katten\/","name":"Switch Anpassad leksak | GlassOuse Hj\u00e4lpmedel","isPartOf":{"@id":"https:\/\/glassouse.com\/sv\/#website"},"primaryImageOfPage":{"@id":"https:\/\/glassouse.com\/sv\/product\/gat06-disco-bob-den-dansande-katten\/#primaryimage"},"image":{"@id":"https:\/\/glassouse.com\/sv\/product\/gat06-disco-bob-den-dansande-katten\/#primaryimage"},"thumbnailUrl":"https:\/\/glassouse.com\/wp-content\/uploads\/2021\/12\/GAT06-Disco-Bob-\u2013-The-Dancing-Cat-3.jpg","datePublished":"2021-12-21T10:39:20+00:00","description":"Anpassad leksak med str\u00f6mbrytare f\u00f6r barn med funktionsneds\u00e4ttning eller s\u00e4rskilda behov. Anslut med en adaptiv str\u00f6mbrytare och b\u00f6rja sedan din roliga resa med v\u00e5ra leksaker.","breadcrumb":{"@id":"https:\/\/glassouse.com\/sv\/product\/gat06-disco-bob-den-dansande-katten\/#breadcrumb"},"inLanguage":"sv-SE","potentialAction":[{"@type":"ReadAction","target":["https:\/\/glassouse.com\/sv\/product\/gat06-disco-bob-den-dansande-katten\/"]}]},{"@type":"ImageObject","inLanguage":"sv-SE","@id":"https:\/\/glassouse.com\/sv\/product\/gat06-disco-bob-den-dansande-katten\/#primaryimage","url":"https:\/\/glassouse.com\/wp-content\/uploads\/2021\/12\/GAT06-Disco-Bob-\u2013-The-Dancing-Cat-3.jpg","contentUrl":"https:\/\/glassouse.com\/wp-content\/uploads\/2021\/12\/GAT06-Disco-Bob-\u2013-The-Dancing-Cat-3.jpg","width":1000,"height":1000,"caption":"GAT06 Disco Bob - The Dancing Cat, GlassOuse switchanpassade leksaker f\u00f6r barn med s\u00e4rskilda behov"},{"@type":"BreadcrumbList","@id":"https:\/\/glassouse.com\/sv\/product\/gat06-disco-bob-den-dansande-katten\/#breadcrumb","itemListElement":[{"@type":"ListItem","position":1,"name":"Home","item":"https:\/\/glassouse.com\/sv\/hem\/"},{"@type":"ListItem","position":2,"name":"Butik","item":"https:\/\/glassouse.com\/sv\/butik\/"},{"@type":"ListItem","position":3,"name":"GAT06 Disco Bob &#8211; Den dansande katten"}]},{"@type":"WebSite","@id":"https:\/\/glassouse.com\/sv\/#website","url":"https:\/\/glassouse.com\/sv\/","name":"Glassouse Assistive Device","description":"Assistive Device and Switches for Disabled","publisher":{"@id":"https:\/\/glassouse.com\/sv\/#organization"},"potentialAction":[{"@type":"SearchAction","target":{"@type":"EntryPoint","urlTemplate":"https:\/\/glassouse.com\/sv\/?s={search_term_string}"},"query-input":{"@type":"PropertyValueSpecification","valueRequired":true,"valueName":"search_term_string"}}],"inLanguage":"sv-SE"},{"@type":"Organization","@id":"https:\/\/glassouse.com\/sv\/#organization","name":"GlassOuse Assistive Device","url":"https:\/\/glassouse.com\/sv\/","logo":{"@type":"ImageObject","inLanguage":"sv-SE","@id":"https:\/\/glassouse.com\/sv\/#\/schema\/logo\/image\/","url":"https:\/\/glassouse.com\/wp-content\/uploads\/2017\/11\/logo.jpg","contentUrl":"https:\/\/glassouse.com\/wp-content\/uploads\/2017\/11\/logo.jpg","width":500,"height":500,"caption":"GlassOuse Assistive Device"},"image":{"@id":"https:\/\/glassouse.com\/sv\/#\/schema\/logo\/image\/"},"sameAs":["https:\/\/www.facebook.com\/glassouse\/","https:\/\/x.com\/glassouse","https:\/\/www.instagram.com\/glassouseassistivedevice\/","https:\/\/www.linkedin.com\/company\/glassouse\/","https:\/\/www.youtube.com\/channel\/UCM5pebcmVXbu00QYd91_Gyw"]}]}},"_links":{"self":[{"href":"https:\/\/glassouse.com\/sv\/wp-json\/wp\/v2\/product\/33389","targetHints":{"allow":["GET"]}}],"collection":[{"href":"https:\/\/glassouse.com\/sv\/wp-json\/wp\/v2\/product"}],"about":[{"href":"https:\/\/glassouse.com\/sv\/wp-json\/wp\/v2\/types\/product"}],"wp:featuredmedia":[{"embeddable":true,"href":"https:\/\/glassouse.com\/sv\/wp-json\/wp\/v2\/media\/33403"}],"wp:attachment":[{"href":"https:\/\/glassouse.com\/sv\/wp-json\/wp\/v2\/media?parent=33389"}],"wp:term":[{"taxonomy":"product_brand","embeddable":true,"href":"https:\/\/glassouse.com\/sv\/wp-json\/wp\/v2\/product_brand?post=33389"},{"taxonomy":"product_cat","embeddable":true,"href":"https:\/\/glassouse.com\/sv\/wp-json\/wp\/v2\/product_cat?post=33389"},{"taxonomy":"product_tag","embeddable":true,"href":"https:\/\/glassouse.com\/sv\/wp-json\/wp\/v2\/product_tag?post=33389"}],"curies":[{"name":"wp","href":"https:\/\/api.w.org\/{rel}","templated":true}]}}