{"id":33615,"date":"2022-07-16T02:31:59","date_gmt":"2022-07-15T18:31:59","guid":{"rendered":"https:\/\/glassouse.com\/product\/ac06-35-mm-jack-y-splitter\/"},"modified":"2022-07-16T02:31:59","modified_gmt":"2022-07-15T18:31:59","slug":"ac06-35-mm-jack-y-splitter","status":"publish","type":"product","link":"https:\/\/glassouse.com\/sv\/product\/ac06-35-mm-jack-y-splitter\/","title":{"rendered":"AC06 3,5 mm jack Y-splitter"},"content":{"rendered":"","protected":false},"excerpt":{"rendered":"<p><strong>Med st\u00f6d av: <\/strong>GlassOuse PRO\/L\u00e4nk.<\/p>\n<p><strong>1X pc 3,5 mm jack Y-splitter<\/strong><\/p>\n<p>En 3,5 mm jacksplitter som g\u00f6r det m\u00f6jligt f\u00f6r anv\u00e4ndaren att ansluta tv\u00e5 hj\u00e4lpmedelsbrytare (3,5 mm jack) till en enda port p\u00e5 GlassOuse PRO och GlassOuse Link. B\u00e5da de anslutna omkopplarnas funktioner kan tilldelas eller \u00e4ndras med GlassOuse APP. <\/p>\n<p><strong>OBS:<\/strong> Denna produkt st\u00f6der inte GlassOuse V1.4<\/p>\n<div id=\"gtx-trans\" style=\"position: absolute; left: 218px; top: 36.3333px;\">\n<div class=\"gtx-trans-icon\"><\/div>\n<\/div>\n","protected":false},"featured_media":33572,"template":"","meta":{"_acf_changed":false},"product_brand":[],"product_cat":[456],"product_tag":[],"class_list":{"0":"post-33615","1":"product","2":"type-product","3":"status-publish","4":"has-post-thumbnail","6":"product_cat-glassouse-tillbehor","7":"product_shipping_class-tillbehor","9":"first","10":"instock","11":"shipping-taxable","12":"purchasable","13":"product-type-simple"},"acf":[],"yoast_head":"<!-- This site is optimized with the Yoast SEO plugin v27.4 - https:\/\/yoast.com\/product\/yoast-seo-wordpress\/ -->\n<title>GlassOuse Bite Switch Silikonskydd till salu - Design f\u00f6r funktionshindrade<\/title>\n<meta name=\"description\" content=\"Silikonskydd f\u00f6r GlassOuse-hj\u00e4lpmedlets bettbrytare. Designad f\u00f6r personer med funktionsneds\u00e4ttning, tillverkad av h\u00e5llbara och solida material. Frakt \u00f6ver hela v\u00e4rlden.\" \/>\n<meta name=\"robots\" content=\"index, follow, max-snippet:-1, max-image-preview:large, max-video-preview:-1\" \/>\n<link rel=\"canonical\" href=\"https:\/\/glassouse.com\/sv\/product\/ac06-35-mm-jack-y-splitter\/\" \/>\n<meta property=\"og:locale\" content=\"sv_SE\" \/>\n<meta property=\"og:type\" content=\"article\" \/>\n<meta property=\"og:title\" content=\"GlassOuse Bite Switch Silikonskydd till salu - Design f\u00f6r funktionshindrade\" \/>\n<meta property=\"og:description\" content=\"Silikonskydd f\u00f6r GlassOuse-hj\u00e4lpmedlets bettbrytare. Designad f\u00f6r personer med funktionsneds\u00e4ttning, tillverkad av h\u00e5llbara och solida material. Frakt \u00f6ver hela v\u00e4rlden.\" \/>\n<meta property=\"og:url\" content=\"https:\/\/glassouse.com\/sv\/product\/ac06-35-mm-jack-y-splitter\/\" \/>\n<meta property=\"og:site_name\" content=\"Glassouse Assistive Device\" \/>\n<meta property=\"article:publisher\" content=\"https:\/\/www.facebook.com\/glassouse\/\" \/>\n<meta property=\"og:image\" content=\"https:\/\/glassouse.com\/wp-content\/uploads\/2022\/07\/ac06-featured-img.png\" \/>\n\t<meta property=\"og:image:width\" content=\"1000\" \/>\n\t<meta property=\"og:image:height\" content=\"1000\" \/>\n\t<meta property=\"og:image:type\" content=\"image\/png\" \/>\n<meta name=\"twitter:card\" content=\"summary_large_image\" \/>\n<meta name=\"twitter:site\" content=\"@glassouse\" \/>\n<script type=\"application\/ld+json\" class=\"yoast-schema-graph\">{\"@context\":\"https:\\\/\\\/schema.org\",\"@graph\":[{\"@type\":\"WebPage\",\"@id\":\"https:\\\/\\\/glassouse.com\\\/sv\\\/product\\\/ac06-35-mm-jack-y-splitter\\\/\",\"url\":\"https:\\\/\\\/glassouse.com\\\/sv\\\/product\\\/ac06-35-mm-jack-y-splitter\\\/\",\"name\":\"GlassOuse Bite Switch Silikonskydd till salu - Design f\u00f6r funktionshindrade\",\"isPartOf\":{\"@id\":\"https:\\\/\\\/glassouse.com\\\/sv\\\/#website\"},\"primaryImageOfPage\":{\"@id\":\"https:\\\/\\\/glassouse.com\\\/sv\\\/product\\\/ac06-35-mm-jack-y-splitter\\\/#primaryimage\"},\"image\":{\"@id\":\"https:\\\/\\\/glassouse.com\\\/sv\\\/product\\\/ac06-35-mm-jack-y-splitter\\\/#primaryimage\"},\"thumbnailUrl\":\"https:\\\/\\\/glassouse.com\\\/wp-content\\\/uploads\\\/2022\\\/07\\\/ac06-featured-img.png\",\"datePublished\":\"2022-07-15T18:31:59+00:00\",\"description\":\"Silikonskydd f\u00f6r GlassOuse-hj\u00e4lpmedlets bettbrytare. Designad f\u00f6r personer med funktionsneds\u00e4ttning, tillverkad av h\u00e5llbara och solida material. Frakt \u00f6ver hela v\u00e4rlden.\",\"breadcrumb\":{\"@id\":\"https:\\\/\\\/glassouse.com\\\/sv\\\/product\\\/ac06-35-mm-jack-y-splitter\\\/#breadcrumb\"},\"inLanguage\":\"sv-SE\",\"potentialAction\":[{\"@type\":\"ReadAction\",\"target\":[\"https:\\\/\\\/glassouse.com\\\/sv\\\/product\\\/ac06-35-mm-jack-y-splitter\\\/\"]}]},{\"@type\":\"ImageObject\",\"inLanguage\":\"sv-SE\",\"@id\":\"https:\\\/\\\/glassouse.com\\\/sv\\\/product\\\/ac06-35-mm-jack-y-splitter\\\/#primaryimage\",\"url\":\"https:\\\/\\\/glassouse.com\\\/wp-content\\\/uploads\\\/2022\\\/07\\\/ac06-featured-img.png\",\"contentUrl\":\"https:\\\/\\\/glassouse.com\\\/wp-content\\\/uploads\\\/2022\\\/07\\\/ac06-featured-img.png\",\"width\":1000,\"height\":1000,\"caption\":\"Ac06\"},{\"@type\":\"BreadcrumbList\",\"@id\":\"https:\\\/\\\/glassouse.com\\\/sv\\\/product\\\/ac06-35-mm-jack-y-splitter\\\/#breadcrumb\",\"itemListElement\":[{\"@type\":\"ListItem\",\"position\":1,\"name\":\"Home\",\"item\":\"https:\\\/\\\/glassouse.com\\\/sv\\\/hem\\\/\"},{\"@type\":\"ListItem\",\"position\":2,\"name\":\"Butik\",\"item\":\"https:\\\/\\\/glassouse.com\\\/sv\\\/butik\\\/\"},{\"@type\":\"ListItem\",\"position\":3,\"name\":\"AC06 3,5 mm jack Y-splitter\"}]},{\"@type\":\"WebSite\",\"@id\":\"https:\\\/\\\/glassouse.com\\\/sv\\\/#website\",\"url\":\"https:\\\/\\\/glassouse.com\\\/sv\\\/\",\"name\":\"Glassouse Assistive Device\",\"description\":\"Assistive Device and Switches for Disabled\",\"publisher\":{\"@id\":\"https:\\\/\\\/glassouse.com\\\/sv\\\/#organization\"},\"potentialAction\":[{\"@type\":\"SearchAction\",\"target\":{\"@type\":\"EntryPoint\",\"urlTemplate\":\"https:\\\/\\\/glassouse.com\\\/sv\\\/?s={search_term_string}\"},\"query-input\":{\"@type\":\"PropertyValueSpecification\",\"valueRequired\":true,\"valueName\":\"search_term_string\"}}],\"inLanguage\":\"sv-SE\"},{\"@type\":\"Organization\",\"@id\":\"https:\\\/\\\/glassouse.com\\\/sv\\\/#organization\",\"name\":\"GlassOuse Assistive Device\",\"url\":\"https:\\\/\\\/glassouse.com\\\/sv\\\/\",\"logo\":{\"@type\":\"ImageObject\",\"inLanguage\":\"sv-SE\",\"@id\":\"https:\\\/\\\/glassouse.com\\\/sv\\\/#\\\/schema\\\/logo\\\/image\\\/\",\"url\":\"https:\\\/\\\/glassouse.com\\\/wp-content\\\/uploads\\\/2017\\\/11\\\/logo.jpg\",\"contentUrl\":\"https:\\\/\\\/glassouse.com\\\/wp-content\\\/uploads\\\/2017\\\/11\\\/logo.jpg\",\"width\":500,\"height\":500,\"caption\":\"GlassOuse Assistive Device\"},\"image\":{\"@id\":\"https:\\\/\\\/glassouse.com\\\/sv\\\/#\\\/schema\\\/logo\\\/image\\\/\"},\"sameAs\":[\"https:\\\/\\\/www.facebook.com\\\/glassouse\\\/\",\"https:\\\/\\\/x.com\\\/glassouse\",\"https:\\\/\\\/www.instagram.com\\\/glassouseassistivedevice\\\/\",\"https:\\\/\\\/www.linkedin.com\\\/company\\\/glassouse\\\/\",\"https:\\\/\\\/www.youtube.com\\\/channel\\\/UCM5pebcmVXbu00QYd91_Gyw\"]}]}<\/script>\n<!-- \/ Yoast SEO plugin. -->","yoast_head_json":{"title":"GlassOuse Bite Switch Silikonskydd till salu - Design f\u00f6r funktionshindrade","description":"Silikonskydd f\u00f6r GlassOuse-hj\u00e4lpmedlets bettbrytare. Designad f\u00f6r personer med funktionsneds\u00e4ttning, tillverkad av h\u00e5llbara och solida material. Frakt \u00f6ver hela v\u00e4rlden.","robots":{"index":"index","follow":"follow","max-snippet":"max-snippet:-1","max-image-preview":"max-image-preview:large","max-video-preview":"max-video-preview:-1"},"canonical":"https:\/\/glassouse.com\/sv\/product\/ac06-35-mm-jack-y-splitter\/","og_locale":"sv_SE","og_type":"article","og_title":"GlassOuse Bite Switch Silikonskydd till salu - Design f\u00f6r funktionshindrade","og_description":"Silikonskydd f\u00f6r GlassOuse-hj\u00e4lpmedlets bettbrytare. Designad f\u00f6r personer med funktionsneds\u00e4ttning, tillverkad av h\u00e5llbara och solida material. Frakt \u00f6ver hela v\u00e4rlden.","og_url":"https:\/\/glassouse.com\/sv\/product\/ac06-35-mm-jack-y-splitter\/","og_site_name":"Glassouse Assistive Device","article_publisher":"https:\/\/www.facebook.com\/glassouse\/","og_image":[{"width":1000,"height":1000,"url":"https:\/\/glassouse.com\/wp-content\/uploads\/2022\/07\/ac06-featured-img.png","type":"image\/png"}],"twitter_card":"summary_large_image","twitter_site":"@glassouse","schema":{"@context":"https:\/\/schema.org","@graph":[{"@type":"WebPage","@id":"https:\/\/glassouse.com\/sv\/product\/ac06-35-mm-jack-y-splitter\/","url":"https:\/\/glassouse.com\/sv\/product\/ac06-35-mm-jack-y-splitter\/","name":"GlassOuse Bite Switch Silikonskydd till salu - Design f\u00f6r funktionshindrade","isPartOf":{"@id":"https:\/\/glassouse.com\/sv\/#website"},"primaryImageOfPage":{"@id":"https:\/\/glassouse.com\/sv\/product\/ac06-35-mm-jack-y-splitter\/#primaryimage"},"image":{"@id":"https:\/\/glassouse.com\/sv\/product\/ac06-35-mm-jack-y-splitter\/#primaryimage"},"thumbnailUrl":"https:\/\/glassouse.com\/wp-content\/uploads\/2022\/07\/ac06-featured-img.png","datePublished":"2022-07-15T18:31:59+00:00","description":"Silikonskydd f\u00f6r GlassOuse-hj\u00e4lpmedlets bettbrytare. Designad f\u00f6r personer med funktionsneds\u00e4ttning, tillverkad av h\u00e5llbara och solida material. Frakt \u00f6ver hela v\u00e4rlden.","breadcrumb":{"@id":"https:\/\/glassouse.com\/sv\/product\/ac06-35-mm-jack-y-splitter\/#breadcrumb"},"inLanguage":"sv-SE","potentialAction":[{"@type":"ReadAction","target":["https:\/\/glassouse.com\/sv\/product\/ac06-35-mm-jack-y-splitter\/"]}]},{"@type":"ImageObject","inLanguage":"sv-SE","@id":"https:\/\/glassouse.com\/sv\/product\/ac06-35-mm-jack-y-splitter\/#primaryimage","url":"https:\/\/glassouse.com\/wp-content\/uploads\/2022\/07\/ac06-featured-img.png","contentUrl":"https:\/\/glassouse.com\/wp-content\/uploads\/2022\/07\/ac06-featured-img.png","width":1000,"height":1000,"caption":"Ac06"},{"@type":"BreadcrumbList","@id":"https:\/\/glassouse.com\/sv\/product\/ac06-35-mm-jack-y-splitter\/#breadcrumb","itemListElement":[{"@type":"ListItem","position":1,"name":"Home","item":"https:\/\/glassouse.com\/sv\/hem\/"},{"@type":"ListItem","position":2,"name":"Butik","item":"https:\/\/glassouse.com\/sv\/butik\/"},{"@type":"ListItem","position":3,"name":"AC06 3,5 mm jack Y-splitter"}]},{"@type":"WebSite","@id":"https:\/\/glassouse.com\/sv\/#website","url":"https:\/\/glassouse.com\/sv\/","name":"Glassouse Assistive Device","description":"Assistive Device and Switches for Disabled","publisher":{"@id":"https:\/\/glassouse.com\/sv\/#organization"},"potentialAction":[{"@type":"SearchAction","target":{"@type":"EntryPoint","urlTemplate":"https:\/\/glassouse.com\/sv\/?s={search_term_string}"},"query-input":{"@type":"PropertyValueSpecification","valueRequired":true,"valueName":"search_term_string"}}],"inLanguage":"sv-SE"},{"@type":"Organization","@id":"https:\/\/glassouse.com\/sv\/#organization","name":"GlassOuse Assistive Device","url":"https:\/\/glassouse.com\/sv\/","logo":{"@type":"ImageObject","inLanguage":"sv-SE","@id":"https:\/\/glassouse.com\/sv\/#\/schema\/logo\/image\/","url":"https:\/\/glassouse.com\/wp-content\/uploads\/2017\/11\/logo.jpg","contentUrl":"https:\/\/glassouse.com\/wp-content\/uploads\/2017\/11\/logo.jpg","width":500,"height":500,"caption":"GlassOuse Assistive Device"},"image":{"@id":"https:\/\/glassouse.com\/sv\/#\/schema\/logo\/image\/"},"sameAs":["https:\/\/www.facebook.com\/glassouse\/","https:\/\/x.com\/glassouse","https:\/\/www.instagram.com\/glassouseassistivedevice\/","https:\/\/www.linkedin.com\/company\/glassouse\/","https:\/\/www.youtube.com\/channel\/UCM5pebcmVXbu00QYd91_Gyw"]}]}},"_links":{"self":[{"href":"https:\/\/glassouse.com\/sv\/wp-json\/wp\/v2\/product\/33615","targetHints":{"allow":["GET"]}}],"collection":[{"href":"https:\/\/glassouse.com\/sv\/wp-json\/wp\/v2\/product"}],"about":[{"href":"https:\/\/glassouse.com\/sv\/wp-json\/wp\/v2\/types\/product"}],"wp:featuredmedia":[{"embeddable":true,"href":"https:\/\/glassouse.com\/sv\/wp-json\/wp\/v2\/media\/33572"}],"wp:attachment":[{"href":"https:\/\/glassouse.com\/sv\/wp-json\/wp\/v2\/media?parent=33615"}],"wp:term":[{"taxonomy":"product_brand","embeddable":true,"href":"https:\/\/glassouse.com\/sv\/wp-json\/wp\/v2\/product_brand?post=33615"},{"taxonomy":"product_cat","embeddable":true,"href":"https:\/\/glassouse.com\/sv\/wp-json\/wp\/v2\/product_cat?post=33615"},{"taxonomy":"product_tag","embeddable":true,"href":"https:\/\/glassouse.com\/sv\/wp-json\/wp\/v2\/product_tag?post=33615"}],"curies":[{"name":"wp","href":"https:\/\/api.w.org\/{rel}","templated":true}]}}