{"id":33635,"date":"2024-05-02T22:34:14","date_gmt":"2024-05-02T14:34:14","guid":{"rendered":"https:\/\/glassouse.com\/product\/gs13-glassouse-muscle-switch\/"},"modified":"2026-04-27T17:14:20","modified_gmt":"2026-04-27T09:14:20","slug":"gs13-glassouse-muscle-switch","status":"publish","type":"product","link":"https:\/\/glassouse.com\/sv\/product\/gs13-glassouse-muscle-switch\/","title":{"rendered":"GS13 GlassOuse Muscle Switch"},"content":{"rendered":"<div class=\"wpb-content-wrapper\"><p>[vc_row unlock_row_content=&#8221;yes&#8221; row_height_percent=&#8221;0&#8243; override_padding=&#8221;yes&#8221; h_padding=&#8221;0&#8243; top_padding=&#8221;0&#8243; bottom_padding=&#8221;0&#8243; overlay_alpha=&#8221;50&#8243; equal_height=&#8221;yes&#8221; gutter_size=&#8221;0&#8243; column_width_percent=&#8221;100&#8243; shift_y=&#8221;0&#8243; z_index=&#8221;0&#8243; el_class=&#8221;compact_section&#8221; uncode_shortcode_id=&#8221;152351&#8243; css=&#8221;.vc_custom_1699886063694{padding-top: 15px !important;padding-right: 0px !important;padding-left: 0px !important;}&#8221;][vc_column column_width_percent=&#8221;100&#8243; position_horizontal=&#8221;left&#8221; position_vertical=&#8221;middle&#8221; gutter_size=&#8221;0&#8243; override_padding=&#8221;yes&#8221; column_padding=&#8221;0&#8243; back_image=&#8221;33652&#8243; back_repeat=&#8221;no-repeat&#8221; overlay_alpha=&#8221;50&#8243; shift_x=&#8221;0&#8243; shift_y=&#8221;0&#8243; shift_y_down=&#8221;0&#8243; z_index=&#8221;0&#8243; medium_width=&#8221;0&#8243; mobile_width=&#8221;0&#8243; width=&#8221;1\/1&#8243; uncode_shortcode_id=&#8221;164963&#8243; css=&#8221;.vc_custom_1714661650756{padding-top: 160px !important;padding-right: 0px !important;padding-bottom: 160px !important;padding-left: 50px !important;}&#8221; el_class=&#8221;content_column bg_right_top&#8221;][vc_row_inner row_inner_height_percent=&#8221;0&#8243; force_width_grid=&#8221;yes&#8221; overlay_alpha=&#8221;50&#8243; gutter_size=&#8221;0&#8243; shift_y=&#8221;0&#8243; z_index=&#8221;0&#8243; uncode_shortcode_id=&#8221;101637&#8243; css=&#8221;.vc_custom_1699885489765{padding-right: 0px !important;padding-left: 0px !important;}&#8221; el_class=&#8221;limit-width&#8221;][vc_column_inner column_width_percent=&#8221;100&#8243; position_horizontal=&#8221;left&#8221; position_vertical=&#8221;middle&#8221; gutter_size=&#8221;0&#8243; override_padding=&#8221;yes&#8221; column_padding=&#8221;0&#8243; overlay_alpha=&#8221;50&#8243; shift_x=&#8221;0&#8243; shift_y=&#8221;0&#8243; shift_y_down=&#8221;0&#8243; z_index=&#8221;0&#8243; medium_width=&#8221;0&#8243; mobile_width=&#8221;0&#8243; width=&#8221;1\/2&#8243; uncode_shortcode_id=&#8221;160996&#8243; css=&#8221;.vc_custom_1699830045690{padding-right: 2% !important;padding-left: 0px !important;}&#8221;][vc_custom_heading text_color=&#8221;color-jevc&#8221; text_size=&#8221;h3&#8243; text_weight=&#8221;600&#8243; uncode_shortcode_id=&#8221;846551&#8243; text_color_type=&#8221;uncode-palette&#8221; el_class=&#8221;lh-1&#8243;]<strong style=\"font-weight: bold;\">Flex &amp; Click:<br \/>\n<\/strong>Styrenheter med l\u00e4tthet<br \/>\nMed varje muskelr\u00f6relse[\/vc_custom_heading][vc_separator sep_color=&#8221;&#8221; icon_position=&#8221;left&#8221; el_height=&#8221;5px&#8221; uncode_shortcode_id=&#8221;162390&#8243; sep_color_type=&#8221;uncode-solid&#8221; el_width=&#8221;40px&#8221; sep_color_solid=&#8221;#43b8db&#8221; el_class=&#8221;c-divider&#8221;][\/vc_column_inner][vc_column_inner width=&#8221;1\/2&#8243;][\/vc_column_inner][\/vc_row_inner][\/vc_column][\/vc_row][vc_row row_height_percent=&#8221;0&#8243; overlay_alpha=&#8221;50&#8243; gutter_size=&#8221;3&#8243; column_width_percent=&#8221;100&#8243; shift_y=&#8221;0&#8243; z_index=&#8221;0&#8243; uncode_shortcode_id=&#8221;167275&#8243; css=&#8221;.vc_custom_1699887163315{padding-top: 50px !important;}&#8221;][vc_column column_width_percent=&#8221;100&#8243; align_horizontal=&#8221;align_center&#8221; gutter_size=&#8221;3&#8243; overlay_alpha=&#8221;50&#8243; shift_x=&#8221;0&#8243; shift_y=&#8221;0&#8243; shift_y_down=&#8221;0&#8243; z_index=&#8221;0&#8243; medium_width=&#8221;0&#8243; mobile_width=&#8221;0&#8243; width=&#8221;1\/1&#8243; uncode_shortcode_id=&#8221;798976&#8243;][vc_custom_heading text_color=&#8221;color-jevc&#8221; text_size=&#8221;h3&#8243; text_weight=&#8221;700&#8243; text_height=&#8221;lh-n&#8221; uncode_shortcode_id=&#8221;168990&#8243; text_color_type=&#8221;uncode-palette&#8221;]Muscle Switch[\/vc_custom_heading][vc_custom_heading text_color=&#8221;color-jevc&#8221; heading_semantic=&#8221;p&#8221; text_size=&#8221;&#8221; text_weight=&#8221;500&#8243; text_height=&#8221;lh-n&#8221; uncode_shortcode_id=&#8221;246135&#8243; text_color_type=&#8221;uncode-palette&#8221; el_class=&#8221;mt-0 pt-10&#8243;]Kompatibel med[\/vc_custom_heading][vc_row_inner row_inner_height_percent=&#8221;0&#8243; overlay_alpha=&#8221;50&#8243; gutter_size=&#8221;3&#8243; shift_y=&#8221;0&#8243; z_index=&#8221;0&#8243; uncode_shortcode_id=&#8221;190634&#8243; el_class=&#8221;icon_boxs_wrap&#8221; css=&#8221;.vc_custom_1699887284713{margin-top: 50px !important;padding-bottom: 0px !important;}&#8221;][vc_column_inner column_width_percent=&#8221;100&#8243; align_horizontal=&#8221;align_center&#8221; gutter_size=&#8221;2&#8243; overlay_alpha=&#8221;50&#8243; shift_x=&#8221;0&#8243; shift_y=&#8221;0&#8243; shift_y_down=&#8221;0&#8243; z_index=&#8221;0&#8243; medium_width=&#8221;0&#8243; mobile_width=&#8221;0&#8243; width=&#8221;1\/1&#8243; uncode_shortcode_id=&#8221;168717&#8243;][vc_icon display=&#8221;inline&#8221; icon_image=&#8221;21103&#8243; media_size=&#8221;300&#8243; text_size=&#8221;h4&#8243; text_weight=&#8221;500&#8243; text_height=&#8221;lh-n&#8221; uncode_shortcode_id=&#8221;846250&#8243; title=&#8221;GlassOuse PRO\/L\u00e4nk&#8221;][\/vc_icon][vc_icon display=&#8221;inline&#8221; icon_image=&#8221;21111&#8243; media_size=&#8221;300&#8243; text_size=&#8221;h4&#8243; text_weight=&#8221;500&#8243; text_height=&#8221;lh-n&#8221; uncode_shortcode_id=&#8221;125397&#8243; title=&#8221;GlassOuse 1.4&#8243;][\/vc_icon][\/vc_column_inner][\/vc_row_inner][\/vc_column][\/vc_row][vc_row row_height_percent=&#8221;0&#8243; override_padding=&#8221;yes&#8221; h_padding=&#8221;0&#8243; top_padding=&#8221;0&#8243; bottom_padding=&#8221;3&#8243; overlay_alpha=&#8221;50&#8243; gutter_size=&#8221;3&#8243; column_width_percent=&#8221;100&#8243; shift_y=&#8221;0&#8243; z_index=&#8221;0&#8243; uncode_shortcode_id=&#8221;337339&#8243; css=&#8221;.vc_custom_1699889376802{padding-top: 10px !important;}&#8221;][vc_column column_width_percent=&#8221;65&#8243; gutter_size=&#8221;3&#8243; overlay_alpha=&#8221;50&#8243; shift_x=&#8221;0&#8243; shift_y=&#8221;0&#8243; shift_y_down=&#8221;0&#8243; z_index=&#8221;0&#8243; medium_width=&#8221;0&#8243; mobile_width=&#8221;0&#8243; width=&#8221;1\/1&#8243; uncode_shortcode_id=&#8221;668692&#8243;][vc_icon position=&#8221;left&#8221; icon=&#8221;fa fa-play&#8221; icon_image=&#8221;21063&#8243; icon_color=&#8221;color-xsdn&#8221; uncode_shortcode_id=&#8221;918999&#8243; icon_color_type=&#8221;uncode-palette&#8221; media_lightbox=&#8221;21148&#8243; el_class=&#8221;video_box&#8221;][\/vc_icon][vc_column_text uncode_shortcode_id=&#8221;976784&#8243;]<\/p>\n<p style=\"text-align: justify;\"><strong>Vi presenterar GlassOuse Muscle<\/strong> Switch, en banbrytande hj\u00e4lpmedelsbrytare som revolutionerar digital interaktion med enkla muskelr\u00f6relser.<\/p>\n<p style=\"text-align: justify;\"><strong>Muscle Switch har avancerade sensorer som utan anstr\u00e4ngning k\u00e4nner av muskelr\u00f6relser<\/strong> och \u00f6vers\u00e4tter dem till s\u00f6ml\u00f6sa klick p\u00e5 dina digitala enheter. Den \u00e4r kompakt men \u00e4nd\u00e5 mycket k\u00e4nslig och erbjuder o\u00f6vertr\u00e4ffad precision n\u00e4r du navigerar i den digitala v\u00e4rlden. <\/p>\n<p style=\"text-align: justify;\">Muscle Switch <strong>har m\u00e5ngsidiga anslutningsm\u00f6jligheter<\/strong>, inklusive tre bandl\u00e4ngder, och kan enkelt placeras p\u00e5 omr\u00e5den med betydande muskelr\u00f6relser, t.ex. handled, handflata, underarm, \u00f6verarm, fotled, vad osv.<\/p>\n<p>[\/vc_column_text][vc_single_image media=&#8221;33668&#8243; media_lightbox=&#8221;yes&#8221; media_width_percent=&#8221;100&#8243; alignment=&#8221;center&#8221; uncode_shortcode_id=&#8221;904748&#8243; el_class=&#8221;c_gallery&#8221;][vc_column_text uncode_shortcode_id=&#8221;130687&#8243;]<\/p>\n<p style=\"text-align: justify;\"><strong>Anpassning \u00e4r nyckeln, och Muscle Switch har justerbara k\u00e4nslighetsinst\u00e4llningar<\/strong> f\u00f6r att tillgodose amplituden i dina muskelr\u00f6relser.<\/p>\n<p style=\"text-align: justify;\"><strong>Upplev nyfunnen frihet<\/strong> n\u00e4r Muscle Switch ger personer med begr\u00e4nsad r\u00f6rlighet m\u00f6jlighet att enkelt navigera i applikationer, surfa p\u00e5 internet och interagera med programvara. Dess intuitiva design och p\u00e5litliga prestanda erbjuder ett s\u00f6ml\u00f6st och tillg\u00e4ngligt s\u00e4tt att interagera med digitala enheter. <\/p>\n<p>Utforska v\u00e5r webbplats f\u00f6r omfattande information och support om GlassOuse Muscle Switch och uppt\u00e4ck hur denna revolutionerande enhet kan f\u00f6rb\u00e4ttra tillg\u00e4ngligheten f\u00f6r dig eller dina n\u00e4ra och k\u00e4ra. L\u00e5s upp en v\u00e4rld av m\u00f6jligheter med GlassOuse Muscle Switch.[\/vc_column_text][\/vc_column][\/vc_row]<\/p>\n<\/div>","protected":false},"excerpt":{"rendered":"<p>[vc_row unlock_row_content=&#8221;yes&#8221; row_height_percent=&#8221;0&#8243; override_padding=&#8221;yes&#8221; h_padding=&#8221;0&#8243; top_padding=&#8221;0&#8243; bottom_padding=&#8221;0&#8243; overlay_alpha=&#8221;50&#8243; equal_height=&#8221;yes&#8221; gutter_size=&#8221;0&#8243; column_width_percent=&#8221;100&#8243; shift_y=&#8221;0&#8243; z_index=&#8221;0&#8243; el_class=&#8221;compact_section&#8221; uncode_shortcode_id=&#8221;152351&#8243; css=&#8221;.vc_custom_1699886063694{padding-top: 15px !important;padding-right: 0px !important;padding-left: [&hellip;]<\/p>\n","protected":false},"featured_media":33566,"template":"","meta":{"_acf_changed":false},"product_brand":[],"product_cat":[458],"product_tag":[],"class_list":{"0":"post-33635","1":"product","2":"type-product","3":"status-publish","4":"has-post-thumbnail","6":"product_cat-g-switchar","8":"first","9":"instock","10":"shipping-taxable","11":"purchasable","12":"product-type-simple"},"acf":[],"yoast_head":"<!-- This site is optimized with the Yoast SEO plugin v27.4 - https:\/\/yoast.com\/product\/yoast-seo-wordpress\/ -->\n<title>Muscle Switch - Hj\u00e4lpmedel f\u00f6r personer med fysisk funktionsneds\u00e4ttning<\/title>\n<meta name=\"description\" content=\"Muscle Switch-hj\u00e4lpmedel - kompatibelt med GlassOuse Pro och m\u00e5nga andra enheter. Klicka med varje muskelr\u00f6relse och koppla upp dig mot v\u00e4rlden.\" \/>\n<meta name=\"robots\" content=\"index, follow, max-snippet:-1, max-image-preview:large, max-video-preview:-1\" \/>\n<link rel=\"canonical\" href=\"https:\/\/glassouse.com\/sv\/product\/gs13-glassouse-muscle-switch\/\" \/>\n<meta property=\"og:locale\" content=\"sv_SE\" \/>\n<meta property=\"og:type\" content=\"article\" \/>\n<meta property=\"og:title\" content=\"Muscle Switch - Hj\u00e4lpmedel f\u00f6r personer med fysisk funktionsneds\u00e4ttning\" \/>\n<meta property=\"og:description\" content=\"Muscle Switch-hj\u00e4lpmedel - kompatibelt med GlassOuse Pro och m\u00e5nga andra enheter. Klicka med varje muskelr\u00f6relse och koppla upp dig mot v\u00e4rlden.\" \/>\n<meta property=\"og:url\" content=\"https:\/\/glassouse.com\/sv\/product\/gs13-glassouse-muscle-switch\/\" \/>\n<meta property=\"og:site_name\" content=\"Glassouse Assistive Device\" \/>\n<meta property=\"article:publisher\" content=\"https:\/\/www.facebook.com\/glassouse\/\" \/>\n<meta property=\"article:modified_time\" content=\"2026-04-27T09:14:20+00:00\" \/>\n<meta property=\"og:image\" content=\"https:\/\/glassouse.com\/wp-content\/uploads\/2024\/05\/Muscle-Switch-featured-img.jpg\" \/>\n\t<meta property=\"og:image:width\" content=\"1000\" \/>\n\t<meta property=\"og:image:height\" content=\"1000\" \/>\n\t<meta property=\"og:image:type\" content=\"image\/jpeg\" \/>\n<meta name=\"twitter:card\" content=\"summary_large_image\" \/>\n<meta name=\"twitter:site\" content=\"@glassouse\" \/>\n<meta name=\"twitter:label1\" content=\"Ber\u00e4knad l\u00e4stid\" \/>\n\t<meta name=\"twitter:data1\" content=\"4 minuter\" \/>\n<script type=\"application\/ld+json\" class=\"yoast-schema-graph\">{\"@context\":\"https:\\\/\\\/schema.org\",\"@graph\":[{\"@type\":\"WebPage\",\"@id\":\"https:\\\/\\\/glassouse.com\\\/sv\\\/product\\\/gs13-glassouse-muscle-switch\\\/\",\"url\":\"https:\\\/\\\/glassouse.com\\\/sv\\\/product\\\/gs13-glassouse-muscle-switch\\\/\",\"name\":\"Muscle Switch - Hj\u00e4lpmedel f\u00f6r personer med fysisk funktionsneds\u00e4ttning\",\"isPartOf\":{\"@id\":\"https:\\\/\\\/glassouse.com\\\/sv\\\/#website\"},\"primaryImageOfPage\":{\"@id\":\"https:\\\/\\\/glassouse.com\\\/sv\\\/product\\\/gs13-glassouse-muscle-switch\\\/#primaryimage\"},\"image\":{\"@id\":\"https:\\\/\\\/glassouse.com\\\/sv\\\/product\\\/gs13-glassouse-muscle-switch\\\/#primaryimage\"},\"thumbnailUrl\":\"https:\\\/\\\/glassouse.com\\\/wp-content\\\/uploads\\\/2024\\\/05\\\/Muscle-Switch-featured-img.jpg\",\"datePublished\":\"2024-05-02T14:34:14+00:00\",\"dateModified\":\"2026-04-27T09:14:20+00:00\",\"description\":\"Muscle Switch-hj\u00e4lpmedel - kompatibelt med GlassOuse Pro och m\u00e5nga andra enheter. Klicka med varje muskelr\u00f6relse och koppla upp dig mot v\u00e4rlden.\",\"breadcrumb\":{\"@id\":\"https:\\\/\\\/glassouse.com\\\/sv\\\/product\\\/gs13-glassouse-muscle-switch\\\/#breadcrumb\"},\"inLanguage\":\"sv-SE\",\"potentialAction\":[{\"@type\":\"ReadAction\",\"target\":[\"https:\\\/\\\/glassouse.com\\\/sv\\\/product\\\/gs13-glassouse-muscle-switch\\\/\"]}]},{\"@type\":\"ImageObject\",\"inLanguage\":\"sv-SE\",\"@id\":\"https:\\\/\\\/glassouse.com\\\/sv\\\/product\\\/gs13-glassouse-muscle-switch\\\/#primaryimage\",\"url\":\"https:\\\/\\\/glassouse.com\\\/wp-content\\\/uploads\\\/2024\\\/05\\\/Muscle-Switch-featured-img.jpg\",\"contentUrl\":\"https:\\\/\\\/glassouse.com\\\/wp-content\\\/uploads\\\/2024\\\/05\\\/Muscle-Switch-featured-img.jpg\",\"width\":1000,\"height\":1000,\"caption\":\"Glassouse Muscle Switch\"},{\"@type\":\"BreadcrumbList\",\"@id\":\"https:\\\/\\\/glassouse.com\\\/sv\\\/product\\\/gs13-glassouse-muscle-switch\\\/#breadcrumb\",\"itemListElement\":[{\"@type\":\"ListItem\",\"position\":1,\"name\":\"Home\",\"item\":\"https:\\\/\\\/glassouse.com\\\/sv\\\/hem\\\/\"},{\"@type\":\"ListItem\",\"position\":2,\"name\":\"Butik\",\"item\":\"https:\\\/\\\/glassouse.com\\\/sv\\\/butik\\\/\"},{\"@type\":\"ListItem\",\"position\":3,\"name\":\"GS13 GlassOuse Muscle Switch\"}]},{\"@type\":\"WebSite\",\"@id\":\"https:\\\/\\\/glassouse.com\\\/sv\\\/#website\",\"url\":\"https:\\\/\\\/glassouse.com\\\/sv\\\/\",\"name\":\"Glassouse Assistive Device\",\"description\":\"Assistive Device and Switches for Disabled\",\"publisher\":{\"@id\":\"https:\\\/\\\/glassouse.com\\\/sv\\\/#organization\"},\"potentialAction\":[{\"@type\":\"SearchAction\",\"target\":{\"@type\":\"EntryPoint\",\"urlTemplate\":\"https:\\\/\\\/glassouse.com\\\/sv\\\/?s={search_term_string}\"},\"query-input\":{\"@type\":\"PropertyValueSpecification\",\"valueRequired\":true,\"valueName\":\"search_term_string\"}}],\"inLanguage\":\"sv-SE\"},{\"@type\":\"Organization\",\"@id\":\"https:\\\/\\\/glassouse.com\\\/sv\\\/#organization\",\"name\":\"GlassOuse Assistive Device\",\"url\":\"https:\\\/\\\/glassouse.com\\\/sv\\\/\",\"logo\":{\"@type\":\"ImageObject\",\"inLanguage\":\"sv-SE\",\"@id\":\"https:\\\/\\\/glassouse.com\\\/sv\\\/#\\\/schema\\\/logo\\\/image\\\/\",\"url\":\"https:\\\/\\\/glassouse.com\\\/wp-content\\\/uploads\\\/2017\\\/11\\\/logo.jpg\",\"contentUrl\":\"https:\\\/\\\/glassouse.com\\\/wp-content\\\/uploads\\\/2017\\\/11\\\/logo.jpg\",\"width\":500,\"height\":500,\"caption\":\"GlassOuse Assistive Device\"},\"image\":{\"@id\":\"https:\\\/\\\/glassouse.com\\\/sv\\\/#\\\/schema\\\/logo\\\/image\\\/\"},\"sameAs\":[\"https:\\\/\\\/www.facebook.com\\\/glassouse\\\/\",\"https:\\\/\\\/x.com\\\/glassouse\",\"https:\\\/\\\/www.instagram.com\\\/glassouseassistivedevice\\\/\",\"https:\\\/\\\/www.linkedin.com\\\/company\\\/glassouse\\\/\",\"https:\\\/\\\/www.youtube.com\\\/channel\\\/UCM5pebcmVXbu00QYd91_Gyw\"]}]}<\/script>\n<!-- \/ Yoast SEO plugin. -->","yoast_head_json":{"title":"Muscle Switch - Hj\u00e4lpmedel f\u00f6r personer med fysisk funktionsneds\u00e4ttning","description":"Muscle Switch-hj\u00e4lpmedel - kompatibelt med GlassOuse Pro och m\u00e5nga andra enheter. Klicka med varje muskelr\u00f6relse och koppla upp dig mot v\u00e4rlden.","robots":{"index":"index","follow":"follow","max-snippet":"max-snippet:-1","max-image-preview":"max-image-preview:large","max-video-preview":"max-video-preview:-1"},"canonical":"https:\/\/glassouse.com\/sv\/product\/gs13-glassouse-muscle-switch\/","og_locale":"sv_SE","og_type":"article","og_title":"Muscle Switch - Hj\u00e4lpmedel f\u00f6r personer med fysisk funktionsneds\u00e4ttning","og_description":"Muscle Switch-hj\u00e4lpmedel - kompatibelt med GlassOuse Pro och m\u00e5nga andra enheter. Klicka med varje muskelr\u00f6relse och koppla upp dig mot v\u00e4rlden.","og_url":"https:\/\/glassouse.com\/sv\/product\/gs13-glassouse-muscle-switch\/","og_site_name":"Glassouse Assistive Device","article_publisher":"https:\/\/www.facebook.com\/glassouse\/","article_modified_time":"2026-04-27T09:14:20+00:00","og_image":[{"width":1000,"height":1000,"url":"https:\/\/glassouse.com\/wp-content\/uploads\/2024\/05\/Muscle-Switch-featured-img.jpg","type":"image\/jpeg"}],"twitter_card":"summary_large_image","twitter_site":"@glassouse","twitter_misc":{"Ber\u00e4knad l\u00e4stid":"4 minuter"},"schema":{"@context":"https:\/\/schema.org","@graph":[{"@type":"WebPage","@id":"https:\/\/glassouse.com\/sv\/product\/gs13-glassouse-muscle-switch\/","url":"https:\/\/glassouse.com\/sv\/product\/gs13-glassouse-muscle-switch\/","name":"Muscle Switch - Hj\u00e4lpmedel f\u00f6r personer med fysisk funktionsneds\u00e4ttning","isPartOf":{"@id":"https:\/\/glassouse.com\/sv\/#website"},"primaryImageOfPage":{"@id":"https:\/\/glassouse.com\/sv\/product\/gs13-glassouse-muscle-switch\/#primaryimage"},"image":{"@id":"https:\/\/glassouse.com\/sv\/product\/gs13-glassouse-muscle-switch\/#primaryimage"},"thumbnailUrl":"https:\/\/glassouse.com\/wp-content\/uploads\/2024\/05\/Muscle-Switch-featured-img.jpg","datePublished":"2024-05-02T14:34:14+00:00","dateModified":"2026-04-27T09:14:20+00:00","description":"Muscle Switch-hj\u00e4lpmedel - kompatibelt med GlassOuse Pro och m\u00e5nga andra enheter. Klicka med varje muskelr\u00f6relse och koppla upp dig mot v\u00e4rlden.","breadcrumb":{"@id":"https:\/\/glassouse.com\/sv\/product\/gs13-glassouse-muscle-switch\/#breadcrumb"},"inLanguage":"sv-SE","potentialAction":[{"@type":"ReadAction","target":["https:\/\/glassouse.com\/sv\/product\/gs13-glassouse-muscle-switch\/"]}]},{"@type":"ImageObject","inLanguage":"sv-SE","@id":"https:\/\/glassouse.com\/sv\/product\/gs13-glassouse-muscle-switch\/#primaryimage","url":"https:\/\/glassouse.com\/wp-content\/uploads\/2024\/05\/Muscle-Switch-featured-img.jpg","contentUrl":"https:\/\/glassouse.com\/wp-content\/uploads\/2024\/05\/Muscle-Switch-featured-img.jpg","width":1000,"height":1000,"caption":"Glassouse Muscle Switch"},{"@type":"BreadcrumbList","@id":"https:\/\/glassouse.com\/sv\/product\/gs13-glassouse-muscle-switch\/#breadcrumb","itemListElement":[{"@type":"ListItem","position":1,"name":"Home","item":"https:\/\/glassouse.com\/sv\/hem\/"},{"@type":"ListItem","position":2,"name":"Butik","item":"https:\/\/glassouse.com\/sv\/butik\/"},{"@type":"ListItem","position":3,"name":"GS13 GlassOuse Muscle Switch"}]},{"@type":"WebSite","@id":"https:\/\/glassouse.com\/sv\/#website","url":"https:\/\/glassouse.com\/sv\/","name":"Glassouse Assistive Device","description":"Assistive Device and Switches for Disabled","publisher":{"@id":"https:\/\/glassouse.com\/sv\/#organization"},"potentialAction":[{"@type":"SearchAction","target":{"@type":"EntryPoint","urlTemplate":"https:\/\/glassouse.com\/sv\/?s={search_term_string}"},"query-input":{"@type":"PropertyValueSpecification","valueRequired":true,"valueName":"search_term_string"}}],"inLanguage":"sv-SE"},{"@type":"Organization","@id":"https:\/\/glassouse.com\/sv\/#organization","name":"GlassOuse Assistive Device","url":"https:\/\/glassouse.com\/sv\/","logo":{"@type":"ImageObject","inLanguage":"sv-SE","@id":"https:\/\/glassouse.com\/sv\/#\/schema\/logo\/image\/","url":"https:\/\/glassouse.com\/wp-content\/uploads\/2017\/11\/logo.jpg","contentUrl":"https:\/\/glassouse.com\/wp-content\/uploads\/2017\/11\/logo.jpg","width":500,"height":500,"caption":"GlassOuse Assistive Device"},"image":{"@id":"https:\/\/glassouse.com\/sv\/#\/schema\/logo\/image\/"},"sameAs":["https:\/\/www.facebook.com\/glassouse\/","https:\/\/x.com\/glassouse","https:\/\/www.instagram.com\/glassouseassistivedevice\/","https:\/\/www.linkedin.com\/company\/glassouse\/","https:\/\/www.youtube.com\/channel\/UCM5pebcmVXbu00QYd91_Gyw"]}]}},"_links":{"self":[{"href":"https:\/\/glassouse.com\/sv\/wp-json\/wp\/v2\/product\/33635","targetHints":{"allow":["GET"]}}],"collection":[{"href":"https:\/\/glassouse.com\/sv\/wp-json\/wp\/v2\/product"}],"about":[{"href":"https:\/\/glassouse.com\/sv\/wp-json\/wp\/v2\/types\/product"}],"wp:featuredmedia":[{"embeddable":true,"href":"https:\/\/glassouse.com\/sv\/wp-json\/wp\/v2\/media\/33566"}],"wp:attachment":[{"href":"https:\/\/glassouse.com\/sv\/wp-json\/wp\/v2\/media?parent=33635"}],"wp:term":[{"taxonomy":"product_brand","embeddable":true,"href":"https:\/\/glassouse.com\/sv\/wp-json\/wp\/v2\/product_brand?post=33635"},{"taxonomy":"product_cat","embeddable":true,"href":"https:\/\/glassouse.com\/sv\/wp-json\/wp\/v2\/product_cat?post=33635"},{"taxonomy":"product_tag","embeddable":true,"href":"https:\/\/glassouse.com\/sv\/wp-json\/wp\/v2\/product_tag?post=33635"}],"curies":[{"name":"wp","href":"https:\/\/api.w.org\/{rel}","templated":true}]}}