{"id":33699,"date":"2024-12-20T15:37:53","date_gmt":"2024-12-20T07:37:53","guid":{"rendered":"https:\/\/glassouse.com\/product\/gw07-silikonskydd-for-g-glasogon\/"},"modified":"2024-12-20T15:37:53","modified_gmt":"2024-12-20T07:37:53","slug":"gw07-silikonskydd-for-g-glasogon","status":"publish","type":"product","link":"https:\/\/glassouse.com\/sv\/product\/gw07-silikonskydd-for-g-glasogon\/","title":{"rendered":"GW07 Silikonskydd f\u00f6r G-glas\u00f6gon"},"content":{"rendered":"<h3><strong>Produkt\u00f6versikt<\/strong><\/h3>\n<p>G-Eyeglass Silicone Cover \u00e4r det perfekta till\u00e4gget f\u00f6r GlassOuse-anv\u00e4ndare med glas\u00f6gon, vilket m\u00f6jligg\u00f6r smidig anv\u00e4ndning av GlassOuse PRO och Link. Skyddet \u00e4r utformat f\u00f6r att passa de flesta vanliga glas\u00f6gonb\u00e5gar &#8211; oavsett om de \u00e4r runda eller fyrkantiga &#8211; och \u00f6kar m\u00e5ngsidigheten och anv\u00e4ndarv\u00e4nligheten. <\/p>\n<h3><strong>Hur man anv\u00e4nder<\/strong><\/h3>\n<ol>\n<li>F\u00f6r in glas\u00f6gonb\u00e5gen i de avl\u00e5nga sp\u00e5ren p\u00e5 baksidan av silikonskyddet. F\u00f6r optimal stabilitet och flexibilitet rekommenderar vi att du tr\u00e4r den genom de \u00e5tta sp\u00e5ren i ordning och ser till att den 1357:e remsan sticker ut\u00e5t. <\/li>\n<li>Placera GlassOuse PRO\/Link i silikonh\u00f6ljet och se till att de tre silikonremsorna inte blockerar W-, X-, Y- eller Z-portarna f\u00f6r att m\u00f6jligg\u00f6ra s\u00f6ml\u00f6s anslutning till G-switchar.<\/li>\n<li>Anslut G-switcharna (upp till \u00e5tta stycken med en Y-Splitter-kontakt) till GlassOuse PRO\/Link och anv\u00e4nd glas\u00f6gonen som vanligt.<\/li>\n<li>Silikonskyddet avl\u00e4gsnas genom att glas\u00f6gonb\u00e5gen f\u00f6rsiktigt skjuts ut ur sp\u00e5ren.<\/li>\n<\/ol>\n<p><strong>Obs: <\/strong>Silikonskyddet G-Eyeglass passar de flesta standardformer och storlekar p\u00e5 glas\u00f6gonb\u00e5gar som finns p\u00e5 marknaden. Det kan dock h\u00e4nda att det inte passar vissa okonventionella skalmdesigner. <\/p>\n","protected":false},"excerpt":{"rendered":"<p>Produkt\u00f6versikt G-Eyeglass Silicone Cover \u00e4r det perfekta till\u00e4gget f\u00f6r GlassOuse-anv\u00e4ndare med glas\u00f6gon, vilket m\u00f6jligg\u00f6r smidig anv\u00e4ndning av GlassOuse PRO och [&hellip;]<\/p>\n","protected":false},"featured_media":33700,"template":"","meta":{"_acf_changed":false},"product_brand":[],"product_cat":[445],"product_tag":[],"class_list":{"0":"post-33699","1":"product","2":"type-product","3":"status-publish","4":"has-post-thumbnail","6":"product_cat-glassouse-g-klader","8":"first","9":"instock","10":"shipping-taxable","11":"purchasable","12":"product-type-simple"},"acf":[],"yoast_head":"<!-- This site is optimized with the Yoast SEO plugin v27.4 - https:\/\/yoast.com\/product\/yoast-seo-wordpress\/ -->\n<title>F\u00f6r GlassOuse-hj\u00e4lpmedel: Silikon\u00f6verdrag f\u00f6r G-glas\u00f6gon<\/title>\n<meta name=\"description\" content=\"Ett perfekt tillbeh\u00f6r till GlassOuse-hj\u00e4lpmedlet. Perfekt till\u00e4gg f\u00f6r GlassOuse PRO och Link. Smidig kompatibilitet med de flesta vanliga glas\u00f6gonb\u00e5gar.\" \/>\n<meta name=\"robots\" content=\"index, follow, max-snippet:-1, max-image-preview:large, max-video-preview:-1\" \/>\n<link rel=\"canonical\" href=\"https:\/\/glassouse.com\/sv\/product\/gw07-silikonskydd-for-g-glasogon\/\" \/>\n<meta property=\"og:locale\" content=\"sv_SE\" \/>\n<meta property=\"og:type\" content=\"article\" \/>\n<meta property=\"og:title\" content=\"F\u00f6r GlassOuse-hj\u00e4lpmedel: Silikon\u00f6verdrag f\u00f6r G-glas\u00f6gon\" \/>\n<meta property=\"og:description\" content=\"Ett perfekt tillbeh\u00f6r till GlassOuse-hj\u00e4lpmedlet. Perfekt till\u00e4gg f\u00f6r GlassOuse PRO och Link. Smidig kompatibilitet med de flesta vanliga glas\u00f6gonb\u00e5gar.\" \/>\n<meta property=\"og:url\" content=\"https:\/\/glassouse.com\/sv\/product\/gw07-silikonskydd-for-g-glasogon\/\" \/>\n<meta property=\"og:site_name\" content=\"Glassouse Assistive Device\" \/>\n<meta property=\"article:publisher\" content=\"https:\/\/www.facebook.com\/glassouse\/\" \/>\n<meta property=\"og:image\" content=\"https:\/\/glassouse.com\/wp-content\/uploads\/2024\/12\/GlassOuse-G-Eyeglass-Silicone-Cover.jpg\" \/>\n\t<meta property=\"og:image:width\" content=\"2000\" \/>\n\t<meta property=\"og:image:height\" content=\"2000\" \/>\n\t<meta property=\"og:image:type\" content=\"image\/jpeg\" \/>\n<meta name=\"twitter:card\" content=\"summary_large_image\" \/>\n<meta name=\"twitter:site\" content=\"@glassouse\" \/>\n<meta name=\"twitter:label1\" content=\"Ber\u00e4knad l\u00e4stid\" \/>\n\t<meta name=\"twitter:data1\" content=\"1 minut\" \/>\n<script type=\"application\/ld+json\" class=\"yoast-schema-graph\">{\"@context\":\"https:\\\/\\\/schema.org\",\"@graph\":[{\"@type\":\"WebPage\",\"@id\":\"https:\\\/\\\/glassouse.com\\\/sv\\\/product\\\/gw07-silikonskydd-for-g-glasogon\\\/\",\"url\":\"https:\\\/\\\/glassouse.com\\\/sv\\\/product\\\/gw07-silikonskydd-for-g-glasogon\\\/\",\"name\":\"F\u00f6r GlassOuse-hj\u00e4lpmedel: Silikon\u00f6verdrag f\u00f6r G-glas\u00f6gon\",\"isPartOf\":{\"@id\":\"https:\\\/\\\/glassouse.com\\\/sv\\\/#website\"},\"primaryImageOfPage\":{\"@id\":\"https:\\\/\\\/glassouse.com\\\/sv\\\/product\\\/gw07-silikonskydd-for-g-glasogon\\\/#primaryimage\"},\"image\":{\"@id\":\"https:\\\/\\\/glassouse.com\\\/sv\\\/product\\\/gw07-silikonskydd-for-g-glasogon\\\/#primaryimage\"},\"thumbnailUrl\":\"https:\\\/\\\/glassouse.com\\\/wp-content\\\/uploads\\\/2024\\\/12\\\/GlassOuse-G-Eyeglass-Silicone-Cover.jpg\",\"datePublished\":\"2024-12-20T07:37:53+00:00\",\"description\":\"Ett perfekt tillbeh\u00f6r till GlassOuse-hj\u00e4lpmedlet. Perfekt till\u00e4gg f\u00f6r GlassOuse PRO och Link. Smidig kompatibilitet med de flesta vanliga glas\u00f6gonb\u00e5gar.\",\"breadcrumb\":{\"@id\":\"https:\\\/\\\/glassouse.com\\\/sv\\\/product\\\/gw07-silikonskydd-for-g-glasogon\\\/#breadcrumb\"},\"inLanguage\":\"sv-SE\",\"potentialAction\":[{\"@type\":\"ReadAction\",\"target\":[\"https:\\\/\\\/glassouse.com\\\/sv\\\/product\\\/gw07-silikonskydd-for-g-glasogon\\\/\"]}]},{\"@type\":\"ImageObject\",\"inLanguage\":\"sv-SE\",\"@id\":\"https:\\\/\\\/glassouse.com\\\/sv\\\/product\\\/gw07-silikonskydd-for-g-glasogon\\\/#primaryimage\",\"url\":\"https:\\\/\\\/glassouse.com\\\/wp-content\\\/uploads\\\/2024\\\/12\\\/GlassOuse-G-Eyeglass-Silicone-Cover.jpg\",\"contentUrl\":\"https:\\\/\\\/glassouse.com\\\/wp-content\\\/uploads\\\/2024\\\/12\\\/GlassOuse-G-Eyeglass-Silicone-Cover.jpg\",\"width\":2000,\"height\":2000,\"caption\":\"GlassOuse G-Wear tillbeh\u00f6r\"},{\"@type\":\"BreadcrumbList\",\"@id\":\"https:\\\/\\\/glassouse.com\\\/sv\\\/product\\\/gw07-silikonskydd-for-g-glasogon\\\/#breadcrumb\",\"itemListElement\":[{\"@type\":\"ListItem\",\"position\":1,\"name\":\"Home\",\"item\":\"https:\\\/\\\/glassouse.com\\\/sv\\\/hem\\\/\"},{\"@type\":\"ListItem\",\"position\":2,\"name\":\"Butik\",\"item\":\"https:\\\/\\\/glassouse.com\\\/sv\\\/butik\\\/\"},{\"@type\":\"ListItem\",\"position\":3,\"name\":\"GW07 Silikonskydd f\u00f6r G-glas\u00f6gon\"}]},{\"@type\":\"WebSite\",\"@id\":\"https:\\\/\\\/glassouse.com\\\/sv\\\/#website\",\"url\":\"https:\\\/\\\/glassouse.com\\\/sv\\\/\",\"name\":\"Glassouse Assistive Device\",\"description\":\"Assistive Device and Switches for Disabled\",\"publisher\":{\"@id\":\"https:\\\/\\\/glassouse.com\\\/sv\\\/#organization\"},\"potentialAction\":[{\"@type\":\"SearchAction\",\"target\":{\"@type\":\"EntryPoint\",\"urlTemplate\":\"https:\\\/\\\/glassouse.com\\\/sv\\\/?s={search_term_string}\"},\"query-input\":{\"@type\":\"PropertyValueSpecification\",\"valueRequired\":true,\"valueName\":\"search_term_string\"}}],\"inLanguage\":\"sv-SE\"},{\"@type\":\"Organization\",\"@id\":\"https:\\\/\\\/glassouse.com\\\/sv\\\/#organization\",\"name\":\"GlassOuse Assistive Device\",\"url\":\"https:\\\/\\\/glassouse.com\\\/sv\\\/\",\"logo\":{\"@type\":\"ImageObject\",\"inLanguage\":\"sv-SE\",\"@id\":\"https:\\\/\\\/glassouse.com\\\/sv\\\/#\\\/schema\\\/logo\\\/image\\\/\",\"url\":\"https:\\\/\\\/glassouse.com\\\/wp-content\\\/uploads\\\/2017\\\/11\\\/logo.jpg\",\"contentUrl\":\"https:\\\/\\\/glassouse.com\\\/wp-content\\\/uploads\\\/2017\\\/11\\\/logo.jpg\",\"width\":500,\"height\":500,\"caption\":\"GlassOuse Assistive Device\"},\"image\":{\"@id\":\"https:\\\/\\\/glassouse.com\\\/sv\\\/#\\\/schema\\\/logo\\\/image\\\/\"},\"sameAs\":[\"https:\\\/\\\/www.facebook.com\\\/glassouse\\\/\",\"https:\\\/\\\/x.com\\\/glassouse\",\"https:\\\/\\\/www.instagram.com\\\/glassouseassistivedevice\\\/\",\"https:\\\/\\\/www.linkedin.com\\\/company\\\/glassouse\\\/\",\"https:\\\/\\\/www.youtube.com\\\/channel\\\/UCM5pebcmVXbu00QYd91_Gyw\"]}]}<\/script>\n<!-- \/ Yoast SEO plugin. -->","yoast_head_json":{"title":"F\u00f6r GlassOuse-hj\u00e4lpmedel: Silikon\u00f6verdrag f\u00f6r G-glas\u00f6gon","description":"Ett perfekt tillbeh\u00f6r till GlassOuse-hj\u00e4lpmedlet. Perfekt till\u00e4gg f\u00f6r GlassOuse PRO och Link. Smidig kompatibilitet med de flesta vanliga glas\u00f6gonb\u00e5gar.","robots":{"index":"index","follow":"follow","max-snippet":"max-snippet:-1","max-image-preview":"max-image-preview:large","max-video-preview":"max-video-preview:-1"},"canonical":"https:\/\/glassouse.com\/sv\/product\/gw07-silikonskydd-for-g-glasogon\/","og_locale":"sv_SE","og_type":"article","og_title":"F\u00f6r GlassOuse-hj\u00e4lpmedel: Silikon\u00f6verdrag f\u00f6r G-glas\u00f6gon","og_description":"Ett perfekt tillbeh\u00f6r till GlassOuse-hj\u00e4lpmedlet. Perfekt till\u00e4gg f\u00f6r GlassOuse PRO och Link. Smidig kompatibilitet med de flesta vanliga glas\u00f6gonb\u00e5gar.","og_url":"https:\/\/glassouse.com\/sv\/product\/gw07-silikonskydd-for-g-glasogon\/","og_site_name":"Glassouse Assistive Device","article_publisher":"https:\/\/www.facebook.com\/glassouse\/","og_image":[{"width":2000,"height":2000,"url":"https:\/\/glassouse.com\/wp-content\/uploads\/2024\/12\/GlassOuse-G-Eyeglass-Silicone-Cover.jpg","type":"image\/jpeg"}],"twitter_card":"summary_large_image","twitter_site":"@glassouse","twitter_misc":{"Ber\u00e4knad l\u00e4stid":"1 minut"},"schema":{"@context":"https:\/\/schema.org","@graph":[{"@type":"WebPage","@id":"https:\/\/glassouse.com\/sv\/product\/gw07-silikonskydd-for-g-glasogon\/","url":"https:\/\/glassouse.com\/sv\/product\/gw07-silikonskydd-for-g-glasogon\/","name":"F\u00f6r GlassOuse-hj\u00e4lpmedel: Silikon\u00f6verdrag f\u00f6r G-glas\u00f6gon","isPartOf":{"@id":"https:\/\/glassouse.com\/sv\/#website"},"primaryImageOfPage":{"@id":"https:\/\/glassouse.com\/sv\/product\/gw07-silikonskydd-for-g-glasogon\/#primaryimage"},"image":{"@id":"https:\/\/glassouse.com\/sv\/product\/gw07-silikonskydd-for-g-glasogon\/#primaryimage"},"thumbnailUrl":"https:\/\/glassouse.com\/wp-content\/uploads\/2024\/12\/GlassOuse-G-Eyeglass-Silicone-Cover.jpg","datePublished":"2024-12-20T07:37:53+00:00","description":"Ett perfekt tillbeh\u00f6r till GlassOuse-hj\u00e4lpmedlet. Perfekt till\u00e4gg f\u00f6r GlassOuse PRO och Link. Smidig kompatibilitet med de flesta vanliga glas\u00f6gonb\u00e5gar.","breadcrumb":{"@id":"https:\/\/glassouse.com\/sv\/product\/gw07-silikonskydd-for-g-glasogon\/#breadcrumb"},"inLanguage":"sv-SE","potentialAction":[{"@type":"ReadAction","target":["https:\/\/glassouse.com\/sv\/product\/gw07-silikonskydd-for-g-glasogon\/"]}]},{"@type":"ImageObject","inLanguage":"sv-SE","@id":"https:\/\/glassouse.com\/sv\/product\/gw07-silikonskydd-for-g-glasogon\/#primaryimage","url":"https:\/\/glassouse.com\/wp-content\/uploads\/2024\/12\/GlassOuse-G-Eyeglass-Silicone-Cover.jpg","contentUrl":"https:\/\/glassouse.com\/wp-content\/uploads\/2024\/12\/GlassOuse-G-Eyeglass-Silicone-Cover.jpg","width":2000,"height":2000,"caption":"GlassOuse G-Wear tillbeh\u00f6r"},{"@type":"BreadcrumbList","@id":"https:\/\/glassouse.com\/sv\/product\/gw07-silikonskydd-for-g-glasogon\/#breadcrumb","itemListElement":[{"@type":"ListItem","position":1,"name":"Home","item":"https:\/\/glassouse.com\/sv\/hem\/"},{"@type":"ListItem","position":2,"name":"Butik","item":"https:\/\/glassouse.com\/sv\/butik\/"},{"@type":"ListItem","position":3,"name":"GW07 Silikonskydd f\u00f6r G-glas\u00f6gon"}]},{"@type":"WebSite","@id":"https:\/\/glassouse.com\/sv\/#website","url":"https:\/\/glassouse.com\/sv\/","name":"Glassouse Assistive Device","description":"Assistive Device and Switches for Disabled","publisher":{"@id":"https:\/\/glassouse.com\/sv\/#organization"},"potentialAction":[{"@type":"SearchAction","target":{"@type":"EntryPoint","urlTemplate":"https:\/\/glassouse.com\/sv\/?s={search_term_string}"},"query-input":{"@type":"PropertyValueSpecification","valueRequired":true,"valueName":"search_term_string"}}],"inLanguage":"sv-SE"},{"@type":"Organization","@id":"https:\/\/glassouse.com\/sv\/#organization","name":"GlassOuse Assistive Device","url":"https:\/\/glassouse.com\/sv\/","logo":{"@type":"ImageObject","inLanguage":"sv-SE","@id":"https:\/\/glassouse.com\/sv\/#\/schema\/logo\/image\/","url":"https:\/\/glassouse.com\/wp-content\/uploads\/2017\/11\/logo.jpg","contentUrl":"https:\/\/glassouse.com\/wp-content\/uploads\/2017\/11\/logo.jpg","width":500,"height":500,"caption":"GlassOuse Assistive Device"},"image":{"@id":"https:\/\/glassouse.com\/sv\/#\/schema\/logo\/image\/"},"sameAs":["https:\/\/www.facebook.com\/glassouse\/","https:\/\/x.com\/glassouse","https:\/\/www.instagram.com\/glassouseassistivedevice\/","https:\/\/www.linkedin.com\/company\/glassouse\/","https:\/\/www.youtube.com\/channel\/UCM5pebcmVXbu00QYd91_Gyw"]}]}},"_links":{"self":[{"href":"https:\/\/glassouse.com\/sv\/wp-json\/wp\/v2\/product\/33699","targetHints":{"allow":["GET"]}}],"collection":[{"href":"https:\/\/glassouse.com\/sv\/wp-json\/wp\/v2\/product"}],"about":[{"href":"https:\/\/glassouse.com\/sv\/wp-json\/wp\/v2\/types\/product"}],"wp:featuredmedia":[{"embeddable":true,"href":"https:\/\/glassouse.com\/sv\/wp-json\/wp\/v2\/media\/33700"}],"wp:attachment":[{"href":"https:\/\/glassouse.com\/sv\/wp-json\/wp\/v2\/media?parent=33699"}],"wp:term":[{"taxonomy":"product_brand","embeddable":true,"href":"https:\/\/glassouse.com\/sv\/wp-json\/wp\/v2\/product_brand?post=33699"},{"taxonomy":"product_cat","embeddable":true,"href":"https:\/\/glassouse.com\/sv\/wp-json\/wp\/v2\/product_cat?post=33699"},{"taxonomy":"product_tag","embeddable":true,"href":"https:\/\/glassouse.com\/sv\/wp-json\/wp\/v2\/product_tag?post=33699"}],"curies":[{"name":"wp","href":"https:\/\/api.w.org\/{rel}","templated":true}]}}