{"id":33775,"date":"2023-11-13T07:39:31","date_gmt":"2023-11-12T23:39:31","guid":{"rendered":"https:\/\/glassouse.com\/product\/gs11-glassouse-cheek-switch\/"},"modified":"2026-04-27T17:14:20","modified_gmt":"2026-04-27T09:14:20","slug":"gs11-glassouse-cheek-switch","status":"publish","type":"product","link":"https:\/\/glassouse.com\/sv\/product\/gs11-glassouse-cheek-switch\/","title":{"rendered":"GS11 GlassOuse Cheek Switch"},"content":{"rendered":"<div class=\"wpb-content-wrapper\"><p>[vc_row unlock_row_content=&#8221;yes&#8221; row_height_percent=&#8221;0&#8243; override_padding=&#8221;yes&#8221; h_padding=&#8221;0&#8243; top_padding=&#8221;0&#8243; bottom_padding=&#8221;0&#8243; overlay_alpha=&#8221;50&#8243; equal_height=&#8221;yes&#8221; gutter_size=&#8221;0&#8243; column_width_percent=&#8221;100&#8243; shift_y=&#8221;0&#8243; z_index=&#8221;0&#8243; el_class=&#8221;compact_section&#8221; uncode_shortcode_id=&#8221;152351&#8243; css=&#8221;.vc_custom_1699886063694{padding-top: 15px !important;padding-right: 0px !important;padding-left: 0px !important;}&#8221;][vc_column column_width_percent=&#8221;100&#8243; position_horizontal=&#8221;left&#8221; position_vertical=&#8221;middle&#8221; gutter_size=&#8221;0&#8243; override_padding=&#8221;yes&#8221; column_padding=&#8221;0&#8243; back_image=&#8221;33787&#8243; back_repeat=&#8221;no-repeat&#8221; overlay_alpha=&#8221;50&#8243; shift_x=&#8221;0&#8243; shift_y=&#8221;0&#8243; shift_y_down=&#8221;0&#8243; z_index=&#8221;0&#8243; medium_width=&#8221;0&#8243; mobile_width=&#8221;0&#8243; width=&#8221;1\/1&#8243; uncode_shortcode_id=&#8221;108338&#8243; css=&#8221;.vc_custom_1699912411394{padding-top: 160px !important;padding-right: 0px !important;padding-bottom: 160px !important;padding-left: 50px !important;}&#8221; el_class=&#8221;content_column bg_right_top&#8221;][vc_row_inner row_inner_height_percent=&#8221;0&#8243; force_width_grid=&#8221;yes&#8221; overlay_alpha=&#8221;50&#8243; gutter_size=&#8221;0&#8243; shift_y=&#8221;0&#8243; z_index=&#8221;0&#8243; uncode_shortcode_id=&#8221;101637&#8243; css=&#8221;.vc_custom_1699885489765{padding-right: 0px !important;padding-left: 0px !important;}&#8221; el_class=&#8221;limit-width&#8221;][vc_column_inner column_width_percent=&#8221;100&#8243; position_horizontal=&#8221;left&#8221; position_vertical=&#8221;middle&#8221; gutter_size=&#8221;0&#8243; override_padding=&#8221;yes&#8221; column_padding=&#8221;0&#8243; overlay_alpha=&#8221;50&#8243; shift_x=&#8221;0&#8243; shift_y=&#8221;0&#8243; shift_y_down=&#8221;0&#8243; z_index=&#8221;0&#8243; medium_width=&#8221;0&#8243; mobile_width=&#8221;0&#8243; width=&#8221;1\/2&#8243; uncode_shortcode_id=&#8221;160996&#8243; css=&#8221;.vc_custom_1699830045690{padding-right: 2% !important;padding-left: 0px !important;}&#8221;][vc_custom_heading text_color=&#8221;color-jevc&#8221; text_size=&#8221;h3&#8243; text_weight=&#8221;600&#8243; uncode_shortcode_id=&#8221;149931&#8243; text_color_type=&#8221;uncode-palette&#8221; el_class=&#8221;lh-1&#8243;]Cheeky Click<br \/>\nDitt klick \u00e4r bara en puff bort[\/vc_custom_heading][vc_separator sep_color=&#8221;&#8221; icon_position=&#8221;left&#8221; el_height=&#8221;5px&#8221; uncode_shortcode_id=&#8221;910599&#8243; sep_color_type=&#8221;uncode-solid&#8221; el_width=&#8221;40px&#8221; sep_color_solid=&#8221;#cfeafa&#8221; el_class=&#8221;c-divider&#8221;][\/vc_column_inner][vc_column_inner width=&#8221;1\/2&#8243;][\/vc_column_inner][\/vc_row_inner][\/vc_column][\/vc_row][vc_row row_height_percent=&#8221;0&#8243; overlay_alpha=&#8221;50&#8243; gutter_size=&#8221;3&#8243; column_width_percent=&#8221;100&#8243; shift_y=&#8221;0&#8243; z_index=&#8221;0&#8243; uncode_shortcode_id=&#8221;167275&#8243; css=&#8221;.vc_custom_1699887163315{padding-top: 50px !important;}&#8221;][vc_column column_width_percent=&#8221;100&#8243; align_horizontal=&#8221;align_center&#8221; gutter_size=&#8221;3&#8243; overlay_alpha=&#8221;50&#8243; shift_x=&#8221;0&#8243; shift_y=&#8221;0&#8243; shift_y_down=&#8221;0&#8243; z_index=&#8221;0&#8243; medium_width=&#8221;0&#8243; mobile_width=&#8221;0&#8243; width=&#8221;1\/1&#8243; uncode_shortcode_id=&#8221;798976&#8243;][vc_custom_heading text_color=&#8221;color-jevc&#8221; text_size=&#8221;h3&#8243; text_weight=&#8221;700&#8243; text_height=&#8221;lh-n&#8221; uncode_shortcode_id=&#8221;131943&#8243; text_color_type=&#8221;uncode-palette&#8221;]Byte av kind[\/vc_custom_heading][vc_row_inner row_inner_height_percent=&#8221;0&#8243; overlay_alpha=&#8221;50&#8243; gutter_size=&#8221;3&#8243; shift_y=&#8221;0&#8243; z_index=&#8221;0&#8243; uncode_shortcode_id=&#8221;190634&#8243; el_class=&#8221;icon_boxs_wrap&#8221; css=&#8221;.vc_custom_1699887284713{margin-top: 50px !important;padding-bottom: 0px !important;}&#8221;][vc_column_inner column_width_percent=&#8221;100&#8243; align_horizontal=&#8221;align_center&#8221; gutter_size=&#8221;2&#8243; overlay_alpha=&#8221;50&#8243; shift_x=&#8221;0&#8243; shift_y=&#8221;0&#8243; shift_y_down=&#8221;0&#8243; z_index=&#8221;0&#8243; medium_width=&#8221;0&#8243; mobile_width=&#8221;0&#8243; width=&#8221;1\/1&#8243; uncode_shortcode_id=&#8221;168717&#8243;][vc_icon display=&#8221;inline&#8221; icon_image=&#8221;19843&#8243; media_size=&#8221;300&#8243; text_size=&#8221;h4&#8243; text_weight=&#8221;500&#8243; text_height=&#8221;lh-n&#8221; uncode_shortcode_id=&#8221;135918&#8243; title=&#8221;GlassOuse PRO\/L\u00e4nk&#8221;][\/vc_icon][vc_icon display=&#8221;inline&#8221; icon_image=&#8221;19851&#8243; media_size=&#8221;300&#8243; text_size=&#8221;h4&#8243; text_weight=&#8221;500&#8243; text_height=&#8221;lh-n&#8221; uncode_shortcode_id=&#8221;142226&#8243; title=&#8221;GlassOuse 1.4 (och l\u00e4gre)&#8221;][\/vc_icon][\/vc_column_inner][\/vc_row_inner][\/vc_column][\/vc_row][vc_row row_height_percent=&#8221;0&#8243; override_padding=&#8221;yes&#8221; h_padding=&#8221;0&#8243; top_padding=&#8221;0&#8243; bottom_padding=&#8221;3&#8243; overlay_alpha=&#8221;50&#8243; gutter_size=&#8221;3&#8243; column_width_percent=&#8221;100&#8243; shift_y=&#8221;0&#8243; z_index=&#8221;0&#8243; uncode_shortcode_id=&#8221;337339&#8243; css=&#8221;.vc_custom_1699889376802{padding-top: 10px !important;}&#8221;][vc_column column_width_percent=&#8221;65&#8243; gutter_size=&#8221;3&#8243; overlay_alpha=&#8221;50&#8243; shift_x=&#8221;0&#8243; shift_y=&#8221;0&#8243; shift_y_down=&#8221;0&#8243; z_index=&#8221;0&#8243; medium_width=&#8221;0&#8243; mobile_width=&#8221;0&#8243; width=&#8221;1\/1&#8243; uncode_shortcode_id=&#8221;668692&#8243;][vc_row_inner row_inner_height_percent=&#8221;0&#8243; overlay_alpha=&#8221;50&#8243; gutter_size=&#8221;3&#8243; shift_y=&#8221;0&#8243; z_index=&#8221;0&#8243; uncode_shortcode_id=&#8221;840754&#8243; back_color_type=&#8221;uncode-solid&#8221; back_color_solid=&#8221;#f3f3f3&#8243; css=&#8221;.vc_custom_1700739037851{padding-top: 10px !important;padding-right: 15px !important;padding-bottom: 10px !important;padding-left: 15px !important;}&#8221; el_class=&#8221;br-4 single_icon_box&#8221;][vc_column_inner column_width_percent=&#8221;100&#8243; align_horizontal=&#8221;align_center&#8221; gutter_size=&#8221;1&#8243; overlay_alpha=&#8221;50&#8243; shift_x=&#8221;0&#8243; shift_y=&#8221;0&#8243; shift_y_down=&#8221;0&#8243; z_index=&#8221;0&#8243; medium_width=&#8221;0&#8243; mobile_width=&#8221;0&#8243; width=&#8221;1\/1&#8243; uncode_shortcode_id=&#8221;202295&#8243;][vc_icon position=&#8221;right&#8221; display=&#8221;inline&#8221; icon_image=&#8221;19900&#8243; media_size=&#8221;50&#8243; text_size=&#8221;h4&#8243; text_weight=&#8221;500&#8243; text_height=&#8221;lh-n&#8221; text_lead=&#8221;small&#8221; uncode_shortcode_id=&#8221;941139&#8243;]*<span style=\"color: #ff0000;\">Vid<\/span>anv\u00e4ndning med GlassOuse PRO\/Link kan Cheek Switch-omkopplaren endast f\u00e4stas p\u00e5 <span style=\"color: #000000;\">GW01-ramen<\/span>.[\/vc_icon][\/vc_column_inner][\/vc_row_inner][vc_icon position=&#8221;left&#8221; icon=&#8221;fa fa-play&#8221; icon_image=&#8221;20242&#8243; icon_color=&#8221;color-xsdn&#8221; uncode_shortcode_id=&#8221;705044&#8243; icon_color_type=&#8221;uncode-palette&#8221; media_lightbox=&#8221;20275&#8243; el_class=&#8221;video_box&#8221;][\/vc_icon][vc_column_text uncode_shortcode_id=&#8221;579927&#8243;]<\/p>\n<p style=\"text-align: justify;\"><strong>Vi presenterar Cheek<\/strong> Switch, en n\u00e4rhetsbrytare som g\u00f6r det m\u00f6jligt f\u00f6r personer med begr\u00e4nsad r\u00f6rlighet att styra digitala enheter utan anstr\u00e4ngning genom att bara r\u00f6ra p\u00e5 kindmusklerna.<\/p>\n<p style=\"text-align: justify;\"><strong>Cheek Switch \u00e4r utformad med bekv\u00e4mlighet och m\u00e5ngsidighet i \u00e5tanke<\/strong>. I slutet av kabeln finns en n\u00e4rhetssensor i myntstorlek som k\u00e4nner av r\u00f6relsen i kindmusklerna n\u00e4r du puffar upp kinderna och omvandlar den till ett enkelt klick. <\/p>\n<p>[\/vc_column_text][vc_gallery el_id=&#8221;gallery-469288&#8243; isotope_mode=&#8221;fitRows&#8221; medias=&#8221;33788,33783&#8243; gutter_size=&#8221;2&#8243; screen_lg=&#8221;1000&#8243; screen_md=&#8221;600&#8243; screen_sm=&#8221;480&#8243; single_overlay_opacity=&#8221;50&#8243; single_h_align=&#8221;center&#8221; single_padding=&#8221;2&#8243; uncode_shortcode_id=&#8221;825742&#8243; items=&#8221;eyIxMjIwNF9pIjp7InNpbmdsZV90ZXh0Ijoib3ZlcmxheSJ9fQ==&#8221; el_class=&#8221;c_gallery two_column_gallery&#8221;][vc_gallery el_id=&#8221;gallery-469288&#8243; medias=&#8221;33784&#8243; gutter_size=&#8221;3&#8243; screen_lg=&#8221;1000&#8243; screen_md=&#8221;600&#8243; screen_sm=&#8221;480&#8243; single_width=&#8221;12&#8243; single_overlay_opacity=&#8221;50&#8243; single_padding=&#8221;2&#8243; uncode_shortcode_id=&#8221;135512&#8243; el_class=&#8221;c_gallery mt-0 pt-20&#8243;][vc_column_text uncode_shortcode_id=&#8221;181232&#8243;]<\/p>\n<p style=\"text-align: justify;\"><strong>Utrustad med en mono 3,5 mm-port och en justerbar kabel<\/strong> ger den flexibilitet och anv\u00e4ndarv\u00e4nlighet. Den fungerar perfekt med GlassOuse PRO\/Link* och GlassOuse V1.4. Tv\u00e5 3,5 mm anslutningskablar i olika l\u00e4ngder medf\u00f6ljer i f\u00f6rpackningen, s\u00e5 att du kan s\u00e4tta upp den p\u00e5 antingen v\u00e4nster eller h\u00f6ger sida av ansiktet.  <\/p>\n<p style=\"text-align: justify;\"><strong>Cheek Switch \u00f6ppnar en v\u00e4rld av m\u00f6jligheter och<\/strong> g\u00f6r det m\u00f6jligt f\u00f6r personer med begr\u00e4nsad r\u00f6rlighet att navigera i applikationer, surfa p\u00e5 internet och interagera med programvara utan anstr\u00e4ngning. Med sin intuitiva design och tillf\u00f6rlitliga prestanda ger den ett smidigt och tillg\u00e4ngligt s\u00e4tt att interagera med digitala enheter. <\/p>\n<p>[\/vc_column_text][vc_custom_heading text_color=&#8221;color-jevc&#8221; heading_semantic=&#8221;div&#8221; text_size=&#8221;h3&#8243; text_weight=&#8221;500&#8243; uncode_shortcode_id=&#8221;150872&#8243; el_class=&#8221;text-center lh-1 custom_glass_heading&#8221; text_color_type=&#8221;uncode-palette&#8221;]Upplev bekv\u00e4mligheten och friheten med Cheek Switch redan idag[\/vc_custom_heading][\/vc_column][\/vc_row]<\/p>\n<\/div>","protected":false},"excerpt":{"rendered":"<p>[vc_row unlock_row_content=&#8221;yes&#8221; row_height_percent=&#8221;0&#8243; override_padding=&#8221;yes&#8221; h_padding=&#8221;0&#8243; top_padding=&#8221;0&#8243; bottom_padding=&#8221;0&#8243; overlay_alpha=&#8221;50&#8243; equal_height=&#8221;yes&#8221; gutter_size=&#8221;0&#8243; column_width_percent=&#8221;100&#8243; shift_y=&#8221;0&#8243; z_index=&#8221;0&#8243; el_class=&#8221;compact_section&#8221; uncode_shortcode_id=&#8221;152351&#8243; css=&#8221;.vc_custom_1699886063694{padding-top: 15px !important;padding-right: 0px !important;padding-left: [&hellip;]<\/p>\n","protected":false},"featured_media":33782,"template":"","meta":{"_acf_changed":false},"product_brand":[],"product_cat":[458],"product_tag":[],"class_list":{"0":"post-33775","1":"product","2":"type-product","3":"status-publish","4":"has-post-thumbnail","6":"product_cat-g-switchar","8":"first","9":"instock","10":"shipping-taxable","11":"purchasable","12":"product-type-simple"},"acf":[],"yoast_head":"<!-- This site is optimized with the Yoast SEO plugin v27.5 - https:\/\/yoast.com\/product\/yoast-seo-wordpress\/ -->\n<title>Cheek Switch - hj\u00e4lpmedel f\u00f6r personer med funktionsneds\u00e4ttning<\/title>\n<meta name=\"description\" content=\"Ett hj\u00e4lpmedel f\u00f6r att styra digitala enheter genom att r\u00f6ra kindmusklerna. Kompatibel med GlassOuse Pro och alla andra adaptiva enheter.\" \/>\n<meta name=\"robots\" content=\"index, follow, max-snippet:-1, max-image-preview:large, max-video-preview:-1\" \/>\n<link rel=\"canonical\" href=\"https:\/\/glassouse.com\/sv\/product\/gs11-glassouse-cheek-switch\/\" \/>\n<meta property=\"og:locale\" content=\"sv_SE\" \/>\n<meta property=\"og:type\" content=\"article\" \/>\n<meta property=\"og:title\" content=\"Cheek Switch - hj\u00e4lpmedel f\u00f6r personer med funktionsneds\u00e4ttning\" \/>\n<meta property=\"og:description\" content=\"Ett hj\u00e4lpmedel f\u00f6r att styra digitala enheter genom att r\u00f6ra kindmusklerna. Kompatibel med GlassOuse Pro och alla andra adaptiva enheter.\" \/>\n<meta property=\"og:url\" content=\"https:\/\/glassouse.com\/sv\/product\/gs11-glassouse-cheek-switch\/\" \/>\n<meta property=\"og:site_name\" content=\"Glassouse Assistive Device\" \/>\n<meta property=\"article:publisher\" content=\"https:\/\/www.facebook.com\/glassouse\/\" \/>\n<meta property=\"article:modified_time\" content=\"2026-04-27T09:14:20+00:00\" \/>\n<meta property=\"og:image\" content=\"https:\/\/glassouse.com\/wp-content\/uploads\/2023\/11\/check-switch-img1.jpg\" \/>\n\t<meta property=\"og:image:width\" content=\"1000\" \/>\n\t<meta property=\"og:image:height\" content=\"1000\" \/>\n\t<meta property=\"og:image:type\" content=\"image\/jpeg\" \/>\n<meta name=\"twitter:card\" content=\"summary_large_image\" \/>\n<meta name=\"twitter:site\" content=\"@glassouse\" \/>\n<meta name=\"twitter:label1\" content=\"Ber\u00e4knad l\u00e4stid\" \/>\n\t<meta name=\"twitter:data1\" content=\"5 minuter\" \/>\n<script type=\"application\/ld+json\" class=\"yoast-schema-graph\">{\"@context\":\"https:\\\/\\\/schema.org\",\"@graph\":[{\"@type\":\"WebPage\",\"@id\":\"https:\\\/\\\/glassouse.com\\\/sv\\\/product\\\/gs11-glassouse-cheek-switch\\\/\",\"url\":\"https:\\\/\\\/glassouse.com\\\/sv\\\/product\\\/gs11-glassouse-cheek-switch\\\/\",\"name\":\"Cheek Switch - hj\u00e4lpmedel f\u00f6r personer med funktionsneds\u00e4ttning\",\"isPartOf\":{\"@id\":\"https:\\\/\\\/glassouse.com\\\/sv\\\/#website\"},\"primaryImageOfPage\":{\"@id\":\"https:\\\/\\\/glassouse.com\\\/sv\\\/product\\\/gs11-glassouse-cheek-switch\\\/#primaryimage\"},\"image\":{\"@id\":\"https:\\\/\\\/glassouse.com\\\/sv\\\/product\\\/gs11-glassouse-cheek-switch\\\/#primaryimage\"},\"thumbnailUrl\":\"https:\\\/\\\/glassouse.com\\\/wp-content\\\/uploads\\\/2023\\\/11\\\/check-switch-img1.jpg\",\"datePublished\":\"2023-11-12T23:39:31+00:00\",\"dateModified\":\"2026-04-27T09:14:20+00:00\",\"description\":\"Ett hj\u00e4lpmedel f\u00f6r att styra digitala enheter genom att r\u00f6ra kindmusklerna. Kompatibel med GlassOuse Pro och alla andra adaptiva enheter.\",\"breadcrumb\":{\"@id\":\"https:\\\/\\\/glassouse.com\\\/sv\\\/product\\\/gs11-glassouse-cheek-switch\\\/#breadcrumb\"},\"inLanguage\":\"sv-SE\",\"potentialAction\":[{\"@type\":\"ReadAction\",\"target\":[\"https:\\\/\\\/glassouse.com\\\/sv\\\/product\\\/gs11-glassouse-cheek-switch\\\/\"]}]},{\"@type\":\"ImageObject\",\"inLanguage\":\"sv-SE\",\"@id\":\"https:\\\/\\\/glassouse.com\\\/sv\\\/product\\\/gs11-glassouse-cheek-switch\\\/#primaryimage\",\"url\":\"https:\\\/\\\/glassouse.com\\\/wp-content\\\/uploads\\\/2023\\\/11\\\/check-switch-img1.jpg\",\"contentUrl\":\"https:\\\/\\\/glassouse.com\\\/wp-content\\\/uploads\\\/2023\\\/11\\\/check-switch-img1.jpg\",\"width\":1000,\"height\":1000,\"caption\":\"check-switch\"},{\"@type\":\"BreadcrumbList\",\"@id\":\"https:\\\/\\\/glassouse.com\\\/sv\\\/product\\\/gs11-glassouse-cheek-switch\\\/#breadcrumb\",\"itemListElement\":[{\"@type\":\"ListItem\",\"position\":1,\"name\":\"Home\",\"item\":\"https:\\\/\\\/glassouse.com\\\/sv\\\/\"},{\"@type\":\"ListItem\",\"position\":2,\"name\":\"Butik\",\"item\":\"https:\\\/\\\/glassouse.com\\\/sv\\\/butik\\\/\"},{\"@type\":\"ListItem\",\"position\":3,\"name\":\"GS11 GlassOuse Cheek Switch\"}]},{\"@type\":\"WebSite\",\"@id\":\"https:\\\/\\\/glassouse.com\\\/sv\\\/#website\",\"url\":\"https:\\\/\\\/glassouse.com\\\/sv\\\/\",\"name\":\"Glassouse Assistive Device\",\"description\":\"Assistive Device and Switches for Disabled\",\"publisher\":{\"@id\":\"https:\\\/\\\/glassouse.com\\\/sv\\\/#organization\"},\"potentialAction\":[{\"@type\":\"SearchAction\",\"target\":{\"@type\":\"EntryPoint\",\"urlTemplate\":\"https:\\\/\\\/glassouse.com\\\/sv\\\/?s={search_term_string}\"},\"query-input\":{\"@type\":\"PropertyValueSpecification\",\"valueRequired\":true,\"valueName\":\"search_term_string\"}}],\"inLanguage\":\"sv-SE\"},{\"@type\":\"Organization\",\"@id\":\"https:\\\/\\\/glassouse.com\\\/sv\\\/#organization\",\"name\":\"GlassOuse Assistive Device\",\"url\":\"https:\\\/\\\/glassouse.com\\\/sv\\\/\",\"logo\":{\"@type\":\"ImageObject\",\"inLanguage\":\"sv-SE\",\"@id\":\"https:\\\/\\\/glassouse.com\\\/sv\\\/#\\\/schema\\\/logo\\\/image\\\/\",\"url\":\"https:\\\/\\\/glassouse.com\\\/wp-content\\\/uploads\\\/2017\\\/11\\\/logo.jpg\",\"contentUrl\":\"https:\\\/\\\/glassouse.com\\\/wp-content\\\/uploads\\\/2017\\\/11\\\/logo.jpg\",\"width\":500,\"height\":500,\"caption\":\"GlassOuse Assistive Device\"},\"image\":{\"@id\":\"https:\\\/\\\/glassouse.com\\\/sv\\\/#\\\/schema\\\/logo\\\/image\\\/\"},\"sameAs\":[\"https:\\\/\\\/www.facebook.com\\\/glassouse\\\/\",\"https:\\\/\\\/x.com\\\/glassouse\",\"https:\\\/\\\/www.instagram.com\\\/glassouseassistivedevice\\\/\",\"https:\\\/\\\/www.linkedin.com\\\/company\\\/glassouse\\\/\",\"https:\\\/\\\/www.youtube.com\\\/channel\\\/UCM5pebcmVXbu00QYd91_Gyw\"]}]}<\/script>\n<!-- \/ Yoast SEO plugin. -->","yoast_head_json":{"title":"Cheek Switch - hj\u00e4lpmedel f\u00f6r personer med funktionsneds\u00e4ttning","description":"Ett hj\u00e4lpmedel f\u00f6r att styra digitala enheter genom att r\u00f6ra kindmusklerna. Kompatibel med GlassOuse Pro och alla andra adaptiva enheter.","robots":{"index":"index","follow":"follow","max-snippet":"max-snippet:-1","max-image-preview":"max-image-preview:large","max-video-preview":"max-video-preview:-1"},"canonical":"https:\/\/glassouse.com\/sv\/product\/gs11-glassouse-cheek-switch\/","og_locale":"sv_SE","og_type":"article","og_title":"Cheek Switch - hj\u00e4lpmedel f\u00f6r personer med funktionsneds\u00e4ttning","og_description":"Ett hj\u00e4lpmedel f\u00f6r att styra digitala enheter genom att r\u00f6ra kindmusklerna. Kompatibel med GlassOuse Pro och alla andra adaptiva enheter.","og_url":"https:\/\/glassouse.com\/sv\/product\/gs11-glassouse-cheek-switch\/","og_site_name":"Glassouse Assistive Device","article_publisher":"https:\/\/www.facebook.com\/glassouse\/","article_modified_time":"2026-04-27T09:14:20+00:00","og_image":[{"width":1000,"height":1000,"url":"https:\/\/glassouse.com\/wp-content\/uploads\/2023\/11\/check-switch-img1.jpg","type":"image\/jpeg"}],"twitter_card":"summary_large_image","twitter_site":"@glassouse","twitter_misc":{"Ber\u00e4knad l\u00e4stid":"5 minuter"},"schema":{"@context":"https:\/\/schema.org","@graph":[{"@type":"WebPage","@id":"https:\/\/glassouse.com\/sv\/product\/gs11-glassouse-cheek-switch\/","url":"https:\/\/glassouse.com\/sv\/product\/gs11-glassouse-cheek-switch\/","name":"Cheek Switch - hj\u00e4lpmedel f\u00f6r personer med funktionsneds\u00e4ttning","isPartOf":{"@id":"https:\/\/glassouse.com\/sv\/#website"},"primaryImageOfPage":{"@id":"https:\/\/glassouse.com\/sv\/product\/gs11-glassouse-cheek-switch\/#primaryimage"},"image":{"@id":"https:\/\/glassouse.com\/sv\/product\/gs11-glassouse-cheek-switch\/#primaryimage"},"thumbnailUrl":"https:\/\/glassouse.com\/wp-content\/uploads\/2023\/11\/check-switch-img1.jpg","datePublished":"2023-11-12T23:39:31+00:00","dateModified":"2026-04-27T09:14:20+00:00","description":"Ett hj\u00e4lpmedel f\u00f6r att styra digitala enheter genom att r\u00f6ra kindmusklerna. Kompatibel med GlassOuse Pro och alla andra adaptiva enheter.","breadcrumb":{"@id":"https:\/\/glassouse.com\/sv\/product\/gs11-glassouse-cheek-switch\/#breadcrumb"},"inLanguage":"sv-SE","potentialAction":[{"@type":"ReadAction","target":["https:\/\/glassouse.com\/sv\/product\/gs11-glassouse-cheek-switch\/"]}]},{"@type":"ImageObject","inLanguage":"sv-SE","@id":"https:\/\/glassouse.com\/sv\/product\/gs11-glassouse-cheek-switch\/#primaryimage","url":"https:\/\/glassouse.com\/wp-content\/uploads\/2023\/11\/check-switch-img1.jpg","contentUrl":"https:\/\/glassouse.com\/wp-content\/uploads\/2023\/11\/check-switch-img1.jpg","width":1000,"height":1000,"caption":"check-switch"},{"@type":"BreadcrumbList","@id":"https:\/\/glassouse.com\/sv\/product\/gs11-glassouse-cheek-switch\/#breadcrumb","itemListElement":[{"@type":"ListItem","position":1,"name":"Home","item":"https:\/\/glassouse.com\/sv\/"},{"@type":"ListItem","position":2,"name":"Butik","item":"https:\/\/glassouse.com\/sv\/butik\/"},{"@type":"ListItem","position":3,"name":"GS11 GlassOuse Cheek Switch"}]},{"@type":"WebSite","@id":"https:\/\/glassouse.com\/sv\/#website","url":"https:\/\/glassouse.com\/sv\/","name":"Glassouse Assistive Device","description":"Assistive Device and Switches for Disabled","publisher":{"@id":"https:\/\/glassouse.com\/sv\/#organization"},"potentialAction":[{"@type":"SearchAction","target":{"@type":"EntryPoint","urlTemplate":"https:\/\/glassouse.com\/sv\/?s={search_term_string}"},"query-input":{"@type":"PropertyValueSpecification","valueRequired":true,"valueName":"search_term_string"}}],"inLanguage":"sv-SE"},{"@type":"Organization","@id":"https:\/\/glassouse.com\/sv\/#organization","name":"GlassOuse Assistive Device","url":"https:\/\/glassouse.com\/sv\/","logo":{"@type":"ImageObject","inLanguage":"sv-SE","@id":"https:\/\/glassouse.com\/sv\/#\/schema\/logo\/image\/","url":"https:\/\/glassouse.com\/wp-content\/uploads\/2017\/11\/logo.jpg","contentUrl":"https:\/\/glassouse.com\/wp-content\/uploads\/2017\/11\/logo.jpg","width":500,"height":500,"caption":"GlassOuse Assistive Device"},"image":{"@id":"https:\/\/glassouse.com\/sv\/#\/schema\/logo\/image\/"},"sameAs":["https:\/\/www.facebook.com\/glassouse\/","https:\/\/x.com\/glassouse","https:\/\/www.instagram.com\/glassouseassistivedevice\/","https:\/\/www.linkedin.com\/company\/glassouse\/","https:\/\/www.youtube.com\/channel\/UCM5pebcmVXbu00QYd91_Gyw"]}]}},"_links":{"self":[{"href":"https:\/\/glassouse.com\/sv\/wp-json\/wp\/v2\/product\/33775","targetHints":{"allow":["GET"]}}],"collection":[{"href":"https:\/\/glassouse.com\/sv\/wp-json\/wp\/v2\/product"}],"about":[{"href":"https:\/\/glassouse.com\/sv\/wp-json\/wp\/v2\/types\/product"}],"wp:featuredmedia":[{"embeddable":true,"href":"https:\/\/glassouse.com\/sv\/wp-json\/wp\/v2\/media\/33782"}],"wp:attachment":[{"href":"https:\/\/glassouse.com\/sv\/wp-json\/wp\/v2\/media?parent=33775"}],"wp:term":[{"taxonomy":"product_brand","embeddable":true,"href":"https:\/\/glassouse.com\/sv\/wp-json\/wp\/v2\/product_brand?post=33775"},{"taxonomy":"product_cat","embeddable":true,"href":"https:\/\/glassouse.com\/sv\/wp-json\/wp\/v2\/product_cat?post=33775"},{"taxonomy":"product_tag","embeddable":true,"href":"https:\/\/glassouse.com\/sv\/wp-json\/wp\/v2\/product_tag?post=33775"}],"curies":[{"name":"wp","href":"https:\/\/api.w.org\/{rel}","templated":true}]}}