{"id":34168,"date":"2018-05-21T07:19:02","date_gmt":"2018-05-21T07:19:02","guid":{"rendered":"https:\/\/glassouse.com\/product\/ac02-35mm-forlangningskabel\/"},"modified":"2018-05-21T07:19:02","modified_gmt":"2018-05-20T23:19:02","slug":"ac02-35mm-forlangningskabel","status":"publish","type":"product","link":"https:\/\/glassouse.com\/sv\/product\/ac02-35mm-forlangningskabel\/","title":{"rendered":"AC02 3,5MM f\u00f6rl\u00e4ngningskabel"},"content":{"rendered":"","protected":false},"excerpt":{"rendered":"<h4>3,5 MM F\u00d6RL\u00c4NGNINGSKABEL<\/h4>\n<p>1x AC02 f\u00f6rl\u00e4ngningskabel<\/p>\n<p>Kabell\u00e4ngd: 100 cm<\/p>\n<p>Mono 3,5 mm jackf\u00f6rl\u00e4ngningskabel med 100 cm l\u00e4ngd f\u00f6r GlassOuse V1.2, G-Switch Series switchar eller n\u00e5gon annan typ av anpassad enhet som erbjuder denna plug-in-anslutningstyp.<\/p>\n","protected":false},"featured_media":33571,"template":"","meta":{"_acf_changed":false},"product_brand":[],"product_cat":[456],"product_tag":[],"class_list":{"0":"post-34168","1":"product","2":"type-product","3":"status-publish","4":"has-post-thumbnail","6":"product_cat-glassouse-tillbehor","8":"first","9":"instock","10":"shipping-taxable","11":"purchasable","12":"product-type-simple"},"acf":[],"yoast_head":"<!-- This site is optimized with the Yoast SEO plugin v27.4 - https:\/\/yoast.com\/product\/yoast-seo-wordpress\/ -->\n<title>F\u00f6rl\u00e4ngningskabel f\u00f6r GlassOuse-str\u00f6mbrytare och alla enheter med 3,5 mm jack<\/title>\n<meta name=\"description\" content=\"3,5MM f\u00f6rl\u00e4ngningskabel f\u00f6r GlassOuse hj\u00e4lpmedel, kompatibel med alla enheter med 3,5mm jack, tillverkad av h\u00e5llbara och solida material. Frakt \u00f6ver hela v\u00e4rlden.\" \/>\n<meta name=\"robots\" content=\"index, follow, max-snippet:-1, max-image-preview:large, max-video-preview:-1\" \/>\n<link rel=\"canonical\" href=\"https:\/\/glassouse.com\/sv\/product\/ac02-35mm-forlangningskabel\/\" \/>\n<meta property=\"og:locale\" content=\"sv_SE\" \/>\n<meta property=\"og:type\" content=\"article\" \/>\n<meta property=\"og:title\" content=\"F\u00f6rl\u00e4ngningskabel f\u00f6r GlassOuse-str\u00f6mbrytare och alla enheter med 3,5 mm jack\" \/>\n<meta property=\"og:description\" content=\"3,5MM f\u00f6rl\u00e4ngningskabel f\u00f6r GlassOuse hj\u00e4lpmedel, kompatibel med alla enheter med 3,5mm jack, tillverkad av h\u00e5llbara och solida material. Frakt \u00f6ver hela v\u00e4rlden.\" \/>\n<meta property=\"og:url\" content=\"https:\/\/glassouse.com\/sv\/product\/ac02-35mm-forlangningskabel\/\" \/>\n<meta property=\"og:site_name\" content=\"Glassouse Assistive Device\" \/>\n<meta property=\"article:publisher\" content=\"https:\/\/www.facebook.com\/glassouse\/\" \/>\n<meta property=\"og:image\" content=\"https:\/\/glassouse.com\/wp-content\/uploads\/2018\/05\/3.5MM-Extension-Cable.jpg\" \/>\n\t<meta property=\"og:image:width\" content=\"1000\" \/>\n\t<meta property=\"og:image:height\" content=\"1000\" \/>\n\t<meta property=\"og:image:type\" content=\"image\/jpeg\" \/>\n<meta name=\"twitter:card\" content=\"summary_large_image\" \/>\n<meta name=\"twitter:site\" content=\"@glassouse\" \/>\n<script type=\"application\/ld+json\" class=\"yoast-schema-graph\">{\"@context\":\"https:\\\/\\\/schema.org\",\"@graph\":[{\"@type\":\"WebPage\",\"@id\":\"https:\\\/\\\/glassouse.com\\\/sv\\\/product\\\/ac02-35mm-forlangningskabel\\\/\",\"url\":\"https:\\\/\\\/glassouse.com\\\/sv\\\/product\\\/ac02-35mm-forlangningskabel\\\/\",\"name\":\"F\u00f6rl\u00e4ngningskabel f\u00f6r GlassOuse-str\u00f6mbrytare och alla enheter med 3,5 mm jack\",\"isPartOf\":{\"@id\":\"https:\\\/\\\/glassouse.com\\\/sv\\\/#website\"},\"primaryImageOfPage\":{\"@id\":\"https:\\\/\\\/glassouse.com\\\/sv\\\/product\\\/ac02-35mm-forlangningskabel\\\/#primaryimage\"},\"image\":{\"@id\":\"https:\\\/\\\/glassouse.com\\\/sv\\\/product\\\/ac02-35mm-forlangningskabel\\\/#primaryimage\"},\"thumbnailUrl\":\"https:\\\/\\\/glassouse.com\\\/wp-content\\\/uploads\\\/2018\\\/05\\\/3.5MM-Extension-Cable.jpg\",\"datePublished\":\"2018-05-21T07:19:02+00:00\",\"description\":\"3,5MM f\u00f6rl\u00e4ngningskabel f\u00f6r GlassOuse hj\u00e4lpmedel, kompatibel med alla enheter med 3,5mm jack, tillverkad av h\u00e5llbara och solida material. Frakt \u00f6ver hela v\u00e4rlden.\",\"breadcrumb\":{\"@id\":\"https:\\\/\\\/glassouse.com\\\/sv\\\/product\\\/ac02-35mm-forlangningskabel\\\/#breadcrumb\"},\"inLanguage\":\"sv-SE\",\"potentialAction\":[{\"@type\":\"ReadAction\",\"target\":[\"https:\\\/\\\/glassouse.com\\\/sv\\\/product\\\/ac02-35mm-forlangningskabel\\\/\"]}]},{\"@type\":\"ImageObject\",\"inLanguage\":\"sv-SE\",\"@id\":\"https:\\\/\\\/glassouse.com\\\/sv\\\/product\\\/ac02-35mm-forlangningskabel\\\/#primaryimage\",\"url\":\"https:\\\/\\\/glassouse.com\\\/wp-content\\\/uploads\\\/2018\\\/05\\\/3.5MM-Extension-Cable.jpg\",\"contentUrl\":\"https:\\\/\\\/glassouse.com\\\/wp-content\\\/uploads\\\/2018\\\/05\\\/3.5MM-Extension-Cable.jpg\",\"width\":1000,\"height\":1000,\"caption\":\"3,5MM-f\u00f6rl\u00e4ngningskabel\"},{\"@type\":\"BreadcrumbList\",\"@id\":\"https:\\\/\\\/glassouse.com\\\/sv\\\/product\\\/ac02-35mm-forlangningskabel\\\/#breadcrumb\",\"itemListElement\":[{\"@type\":\"ListItem\",\"position\":1,\"name\":\"Home\",\"item\":\"https:\\\/\\\/glassouse.com\\\/sv\\\/hem\\\/\"},{\"@type\":\"ListItem\",\"position\":2,\"name\":\"Butik\",\"item\":\"https:\\\/\\\/glassouse.com\\\/sv\\\/butik\\\/\"},{\"@type\":\"ListItem\",\"position\":3,\"name\":\"AC02 3,5MM f\u00f6rl\u00e4ngningskabel\"}]},{\"@type\":\"WebSite\",\"@id\":\"https:\\\/\\\/glassouse.com\\\/sv\\\/#website\",\"url\":\"https:\\\/\\\/glassouse.com\\\/sv\\\/\",\"name\":\"Glassouse Assistive Device\",\"description\":\"Assistive Device and Switches for Disabled\",\"publisher\":{\"@id\":\"https:\\\/\\\/glassouse.com\\\/sv\\\/#organization\"},\"potentialAction\":[{\"@type\":\"SearchAction\",\"target\":{\"@type\":\"EntryPoint\",\"urlTemplate\":\"https:\\\/\\\/glassouse.com\\\/sv\\\/?s={search_term_string}\"},\"query-input\":{\"@type\":\"PropertyValueSpecification\",\"valueRequired\":true,\"valueName\":\"search_term_string\"}}],\"inLanguage\":\"sv-SE\"},{\"@type\":\"Organization\",\"@id\":\"https:\\\/\\\/glassouse.com\\\/sv\\\/#organization\",\"name\":\"GlassOuse Assistive Device\",\"url\":\"https:\\\/\\\/glassouse.com\\\/sv\\\/\",\"logo\":{\"@type\":\"ImageObject\",\"inLanguage\":\"sv-SE\",\"@id\":\"https:\\\/\\\/glassouse.com\\\/sv\\\/#\\\/schema\\\/logo\\\/image\\\/\",\"url\":\"https:\\\/\\\/glassouse.com\\\/wp-content\\\/uploads\\\/2017\\\/11\\\/logo.jpg\",\"contentUrl\":\"https:\\\/\\\/glassouse.com\\\/wp-content\\\/uploads\\\/2017\\\/11\\\/logo.jpg\",\"width\":500,\"height\":500,\"caption\":\"GlassOuse Assistive Device\"},\"image\":{\"@id\":\"https:\\\/\\\/glassouse.com\\\/sv\\\/#\\\/schema\\\/logo\\\/image\\\/\"},\"sameAs\":[\"https:\\\/\\\/www.facebook.com\\\/glassouse\\\/\",\"https:\\\/\\\/x.com\\\/glassouse\",\"https:\\\/\\\/www.instagram.com\\\/glassouseassistivedevice\\\/\",\"https:\\\/\\\/www.linkedin.com\\\/company\\\/glassouse\\\/\",\"https:\\\/\\\/www.youtube.com\\\/channel\\\/UCM5pebcmVXbu00QYd91_Gyw\"]}]}<\/script>\n<!-- \/ Yoast SEO plugin. -->","yoast_head_json":{"title":"F\u00f6rl\u00e4ngningskabel f\u00f6r GlassOuse-str\u00f6mbrytare och alla enheter med 3,5 mm jack","description":"3,5MM f\u00f6rl\u00e4ngningskabel f\u00f6r GlassOuse hj\u00e4lpmedel, kompatibel med alla enheter med 3,5mm jack, tillverkad av h\u00e5llbara och solida material. Frakt \u00f6ver hela v\u00e4rlden.","robots":{"index":"index","follow":"follow","max-snippet":"max-snippet:-1","max-image-preview":"max-image-preview:large","max-video-preview":"max-video-preview:-1"},"canonical":"https:\/\/glassouse.com\/sv\/product\/ac02-35mm-forlangningskabel\/","og_locale":"sv_SE","og_type":"article","og_title":"F\u00f6rl\u00e4ngningskabel f\u00f6r GlassOuse-str\u00f6mbrytare och alla enheter med 3,5 mm jack","og_description":"3,5MM f\u00f6rl\u00e4ngningskabel f\u00f6r GlassOuse hj\u00e4lpmedel, kompatibel med alla enheter med 3,5mm jack, tillverkad av h\u00e5llbara och solida material. Frakt \u00f6ver hela v\u00e4rlden.","og_url":"https:\/\/glassouse.com\/sv\/product\/ac02-35mm-forlangningskabel\/","og_site_name":"Glassouse Assistive Device","article_publisher":"https:\/\/www.facebook.com\/glassouse\/","og_image":[{"width":1000,"height":1000,"url":"https:\/\/glassouse.com\/wp-content\/uploads\/2018\/05\/3.5MM-Extension-Cable.jpg","type":"image\/jpeg"}],"twitter_card":"summary_large_image","twitter_site":"@glassouse","schema":{"@context":"https:\/\/schema.org","@graph":[{"@type":"WebPage","@id":"https:\/\/glassouse.com\/sv\/product\/ac02-35mm-forlangningskabel\/","url":"https:\/\/glassouse.com\/sv\/product\/ac02-35mm-forlangningskabel\/","name":"F\u00f6rl\u00e4ngningskabel f\u00f6r GlassOuse-str\u00f6mbrytare och alla enheter med 3,5 mm jack","isPartOf":{"@id":"https:\/\/glassouse.com\/sv\/#website"},"primaryImageOfPage":{"@id":"https:\/\/glassouse.com\/sv\/product\/ac02-35mm-forlangningskabel\/#primaryimage"},"image":{"@id":"https:\/\/glassouse.com\/sv\/product\/ac02-35mm-forlangningskabel\/#primaryimage"},"thumbnailUrl":"https:\/\/glassouse.com\/wp-content\/uploads\/2018\/05\/3.5MM-Extension-Cable.jpg","datePublished":"2018-05-21T07:19:02+00:00","description":"3,5MM f\u00f6rl\u00e4ngningskabel f\u00f6r GlassOuse hj\u00e4lpmedel, kompatibel med alla enheter med 3,5mm jack, tillverkad av h\u00e5llbara och solida material. Frakt \u00f6ver hela v\u00e4rlden.","breadcrumb":{"@id":"https:\/\/glassouse.com\/sv\/product\/ac02-35mm-forlangningskabel\/#breadcrumb"},"inLanguage":"sv-SE","potentialAction":[{"@type":"ReadAction","target":["https:\/\/glassouse.com\/sv\/product\/ac02-35mm-forlangningskabel\/"]}]},{"@type":"ImageObject","inLanguage":"sv-SE","@id":"https:\/\/glassouse.com\/sv\/product\/ac02-35mm-forlangningskabel\/#primaryimage","url":"https:\/\/glassouse.com\/wp-content\/uploads\/2018\/05\/3.5MM-Extension-Cable.jpg","contentUrl":"https:\/\/glassouse.com\/wp-content\/uploads\/2018\/05\/3.5MM-Extension-Cable.jpg","width":1000,"height":1000,"caption":"3,5MM-f\u00f6rl\u00e4ngningskabel"},{"@type":"BreadcrumbList","@id":"https:\/\/glassouse.com\/sv\/product\/ac02-35mm-forlangningskabel\/#breadcrumb","itemListElement":[{"@type":"ListItem","position":1,"name":"Home","item":"https:\/\/glassouse.com\/sv\/hem\/"},{"@type":"ListItem","position":2,"name":"Butik","item":"https:\/\/glassouse.com\/sv\/butik\/"},{"@type":"ListItem","position":3,"name":"AC02 3,5MM f\u00f6rl\u00e4ngningskabel"}]},{"@type":"WebSite","@id":"https:\/\/glassouse.com\/sv\/#website","url":"https:\/\/glassouse.com\/sv\/","name":"Glassouse Assistive Device","description":"Assistive Device and Switches for Disabled","publisher":{"@id":"https:\/\/glassouse.com\/sv\/#organization"},"potentialAction":[{"@type":"SearchAction","target":{"@type":"EntryPoint","urlTemplate":"https:\/\/glassouse.com\/sv\/?s={search_term_string}"},"query-input":{"@type":"PropertyValueSpecification","valueRequired":true,"valueName":"search_term_string"}}],"inLanguage":"sv-SE"},{"@type":"Organization","@id":"https:\/\/glassouse.com\/sv\/#organization","name":"GlassOuse Assistive Device","url":"https:\/\/glassouse.com\/sv\/","logo":{"@type":"ImageObject","inLanguage":"sv-SE","@id":"https:\/\/glassouse.com\/sv\/#\/schema\/logo\/image\/","url":"https:\/\/glassouse.com\/wp-content\/uploads\/2017\/11\/logo.jpg","contentUrl":"https:\/\/glassouse.com\/wp-content\/uploads\/2017\/11\/logo.jpg","width":500,"height":500,"caption":"GlassOuse Assistive Device"},"image":{"@id":"https:\/\/glassouse.com\/sv\/#\/schema\/logo\/image\/"},"sameAs":["https:\/\/www.facebook.com\/glassouse\/","https:\/\/x.com\/glassouse","https:\/\/www.instagram.com\/glassouseassistivedevice\/","https:\/\/www.linkedin.com\/company\/glassouse\/","https:\/\/www.youtube.com\/channel\/UCM5pebcmVXbu00QYd91_Gyw"]}]}},"_links":{"self":[{"href":"https:\/\/glassouse.com\/sv\/wp-json\/wp\/v2\/product\/34168","targetHints":{"allow":["GET"]}}],"collection":[{"href":"https:\/\/glassouse.com\/sv\/wp-json\/wp\/v2\/product"}],"about":[{"href":"https:\/\/glassouse.com\/sv\/wp-json\/wp\/v2\/types\/product"}],"wp:featuredmedia":[{"embeddable":true,"href":"https:\/\/glassouse.com\/sv\/wp-json\/wp\/v2\/media\/33571"}],"wp:attachment":[{"href":"https:\/\/glassouse.com\/sv\/wp-json\/wp\/v2\/media?parent=34168"}],"wp:term":[{"taxonomy":"product_brand","embeddable":true,"href":"https:\/\/glassouse.com\/sv\/wp-json\/wp\/v2\/product_brand?post=34168"},{"taxonomy":"product_cat","embeddable":true,"href":"https:\/\/glassouse.com\/sv\/wp-json\/wp\/v2\/product_cat?post=34168"},{"taxonomy":"product_tag","embeddable":true,"href":"https:\/\/glassouse.com\/sv\/wp-json\/wp\/v2\/product_tag?post=34168"}],"curies":[{"name":"wp","href":"https:\/\/api.w.org\/{rel}","templated":true}]}}