{"id":34338,"date":"2019-06-20T15:03:39","date_gmt":"2019-06-20T07:03:39","guid":{"rendered":"https:\/\/glassouse.com\/product\/gs08-glassouse-beroringsbrytare\/"},"modified":"2026-04-27T17:50:04","modified_gmt":"2026-04-27T09:50:04","slug":"gs08-glassouse-beroringsbrytare","status":"publish","type":"product","link":"https:\/\/glassouse.com\/sv\/product\/gs08-glassouse-beroringsbrytare\/","title":{"rendered":"GS08 GlassOuse ber\u00f6ringsbrytare"},"content":{"rendered":"<div class=\"wpb-content-wrapper\"><p>[vc_row unlock_row_content=&#8221;yes&#8221; row_height_percent=&#8221;0&#8243; override_padding=&#8221;yes&#8221; h_padding=&#8221;0&#8243; top_padding=&#8221;0&#8243; bottom_padding=&#8221;0&#8243; overlay_alpha=&#8221;50&#8243; equal_height=&#8221;yes&#8221; gutter_size=&#8221;0&#8243; column_width_percent=&#8221;100&#8243; shift_y=&#8221;0&#8243; z_index=&#8221;0&#8243; el_class=&#8221;compact_section&#8221; uncode_shortcode_id=&#8221;152351&#8243; css=&#8221;.vc_custom_1699886063694{padding-top: 15px !important;padding-right: 0px !important;padding-left: 0px !important;}&#8221;][vc_column column_width_percent=&#8221;100&#8243; position_horizontal=&#8221;right&#8221; position_vertical=&#8221;middle&#8221; gutter_size=&#8221;0&#8243; override_padding=&#8221;yes&#8221; column_padding=&#8221;0&#8243; back_image=&#8221;34351&#8243; back_repeat=&#8221;no-repeat&#8221; overlay_alpha=&#8221;50&#8243; shift_x=&#8221;0&#8243; shift_y=&#8221;0&#8243; shift_y_down=&#8221;0&#8243; z_index=&#8221;0&#8243; medium_width=&#8221;0&#8243; mobile_width=&#8221;0&#8243; width=&#8221;1\/1&#8243; uncode_shortcode_id=&#8221;631391&#8243; css=&#8221;.vc_custom_1717461448840{padding-top: 160px !important;padding-right: 50px !important;padding-bottom: 160px !important;padding-left: 0px !important;}&#8221; el_class=&#8221;content_column bg_left_top right_content_column&#8221;][vc_row_inner row_inner_height_percent=&#8221;0&#8243; force_width_grid=&#8221;yes&#8221; overlay_alpha=&#8221;50&#8243; gutter_size=&#8221;0&#8243; shift_y=&#8221;0&#8243; z_index=&#8221;0&#8243; uncode_shortcode_id=&#8221;101637&#8243; css=&#8221;.vc_custom_1699885489765{padding-right: 0px !important;padding-left: 0px !important;}&#8221; el_class=&#8221;limit-width&#8221;][vc_column_inner width=&#8221;1\/2&#8243;][\/vc_column_inner][vc_column_inner column_width_use_pixel=&#8221;yes&#8221; position_horizontal=&#8221;right&#8221; position_vertical=&#8221;middle&#8221; gutter_size=&#8221;0&#8243; override_padding=&#8221;yes&#8221; column_padding=&#8221;0&#8243; overlay_alpha=&#8221;50&#8243; shift_x=&#8221;0&#8243; shift_y=&#8221;0&#8243; shift_y_down=&#8221;0&#8243; z_index=&#8221;0&#8243; medium_width=&#8221;0&#8243; mobile_width=&#8221;0&#8243; width=&#8221;1\/2&#8243; uncode_shortcode_id=&#8221;457584&#8243; css=&#8221;.vc_custom_1717457153605{padding-right: 2% !important;padding-left: 0px !important;}&#8221; column_width_pixel=&#8221;290&#8243;][vc_custom_heading text_color=&#8221;color-jevc&#8221; text_size=&#8221;h3&#8243; text_weight=&#8221;600&#8243; uncode_shortcode_id=&#8221;634392&#8243; text_color_type=&#8221;uncode-palette&#8221; el_class=&#8221;lh-1&#8243;]Enkel aktivering,<br \/>\nSmidig r\u00f6relse[\/vc_custom_heading][vc_separator sep_color=&#8221;&#8221; icon_position=&#8221;left&#8221; el_height=&#8221;5px&#8221; uncode_shortcode_id=&#8221;162390&#8243; sep_color_type=&#8221;uncode-solid&#8221; el_width=&#8221;40px&#8221; sep_color_solid=&#8221;#43b8db&#8221; el_class=&#8221;c-divider&#8221;][\/vc_column_inner][\/vc_row_inner][\/vc_column][\/vc_row][vc_row row_height_percent=&#8221;0&#8243; overlay_alpha=&#8221;50&#8243; gutter_size=&#8221;3&#8243; column_width_percent=&#8221;100&#8243; shift_y=&#8221;0&#8243; z_index=&#8221;0&#8243; uncode_shortcode_id=&#8221;167275&#8243; css=&#8221;.vc_custom_1699887163315{padding-top: 50px !important;}&#8221;][vc_column column_width_percent=&#8221;100&#8243; align_horizontal=&#8221;align_center&#8221; gutter_size=&#8221;3&#8243; overlay_alpha=&#8221;50&#8243; shift_x=&#8221;0&#8243; shift_y=&#8221;0&#8243; shift_y_down=&#8221;0&#8243; z_index=&#8221;0&#8243; medium_width=&#8221;0&#8243; mobile_width=&#8221;0&#8243; width=&#8221;1\/1&#8243; uncode_shortcode_id=&#8221;798976&#8243;][vc_custom_heading text_color=&#8221;color-jevc&#8221; text_size=&#8221;h3&#8243; text_weight=&#8221;700&#8243; text_height=&#8221;lh-n&#8221; uncode_shortcode_id=&#8221;972962&#8243; text_color_type=&#8221;uncode-palette&#8221;]Touch Switch\/ Mini Touch Switch[\/vc_custom_heading][vc_custom_heading text_color=&#8221;color-jevc&#8221; heading_semantic=&#8221;p&#8221; text_size=&#8221;&#8221; text_weight=&#8221;500&#8243; text_height=&#8221;lh-n&#8221; uncode_shortcode_id=&#8221;246135&#8243; text_color_type=&#8221;uncode-palette&#8221; el_class=&#8221;mt-0 pt-10&#8243;]Kompatibel med[\/vc_custom_heading][vc_row_inner row_inner_height_percent=&#8221;0&#8243; overlay_alpha=&#8221;50&#8243; gutter_size=&#8221;3&#8243; shift_y=&#8221;0&#8243; z_index=&#8221;0&#8243; uncode_shortcode_id=&#8221;190634&#8243; el_class=&#8221;icon_boxs_wrap&#8221; css=&#8221;.vc_custom_1699887284713{margin-top: 50px !important;padding-bottom: 0px !important;}&#8221;][vc_column_inner column_width_percent=&#8221;100&#8243; align_horizontal=&#8221;align_center&#8221; gutter_size=&#8221;2&#8243; overlay_alpha=&#8221;50&#8243; shift_x=&#8221;0&#8243; shift_y=&#8221;0&#8243; shift_y_down=&#8221;0&#8243; z_index=&#8221;0&#8243; medium_width=&#8221;0&#8243; mobile_width=&#8221;0&#8243; width=&#8221;1\/1&#8243; uncode_shortcode_id=&#8221;168717&#8243;][vc_icon display=&#8221;inline&#8221; icon_image=&#8221;21103&#8243; media_size=&#8221;300&#8243; text_size=&#8221;h4&#8243; text_weight=&#8221;500&#8243; text_height=&#8221;lh-n&#8221; uncode_shortcode_id=&#8221;697144&#8243; title=&#8221;GlassOuse PRO\/L\u00e4nk&#8221; link=&#8221;url:https%3A%2F%2Fglassouse.com%2Fsv%2Fproduct%2Fglassouse-pro-2%2F|title:GlassOuse%20PRO|target:_blank|&#8221;][\/vc_icon][vc_icon display=&#8221;inline&#8221; icon_image=&#8221;21111&#8243; media_size=&#8221;300&#8243; text_size=&#8221;h4&#8243; text_weight=&#8221;500&#8243; text_height=&#8221;lh-n&#8221; uncode_shortcode_id=&#8221;869660&#8243; title=&#8221;GlassOuse 1.4&#8243; link=&#8221;url:https%3A%2F%2Fglassouse.com%2Fproduct%2Fglassouse-v1-4-assistive-device-buy%2F|title:GlassOuse%20V1.4|target:_blank|&#8221;][\/vc_icon][\/vc_column_inner][\/vc_row_inner][\/vc_column][\/vc_row][vc_row row_height_percent=&#8221;0&#8243; override_padding=&#8221;yes&#8221; h_padding=&#8221;0&#8243; top_padding=&#8221;0&#8243; bottom_padding=&#8221;3&#8243; overlay_alpha=&#8221;50&#8243; gutter_size=&#8221;3&#8243; column_width_percent=&#8221;100&#8243; shift_y=&#8221;0&#8243; z_index=&#8221;0&#8243; uncode_shortcode_id=&#8221;337339&#8243; css=&#8221;.vc_custom_1699889376802{padding-top: 10px !important;}&#8221;][vc_column column_width_percent=&#8221;65&#8243; gutter_size=&#8221;3&#8243; overlay_alpha=&#8221;50&#8243; shift_x=&#8221;0&#8243; shift_y=&#8221;0&#8243; shift_y_down=&#8221;0&#8243; z_index=&#8221;0&#8243; medium_width=&#8221;0&#8243; mobile_width=&#8221;0&#8243; width=&#8221;1\/1&#8243; uncode_shortcode_id=&#8221;668692&#8243;][vc_icon position=&#8221;left&#8221; icon=&#8221;fa fa-play&#8221; icon_image=&#8221;22046&#8243; icon_color=&#8221;color-xsdn&#8221; uncode_shortcode_id=&#8221;194650&#8243; icon_color_type=&#8221;uncode-palette&#8221; media_lightbox=&#8221;22054&#8243; el_class=&#8221;video_box&#8221;][\/vc_icon][vc_column_text uncode_shortcode_id=&#8221;384191&#8243;]<strong>Touch Switch har en aktiveringsyta p\u00e5 8,63 cm och \u00e4r mycket k\u00e4nslig f\u00f6r att uppt\u00e4cka sm\u00e5 ber\u00f6ringar p\u00e5 aktiveringsytan utan f\u00f6rdr\u00f6jning.<\/strong>  Tryck helt enkelt p\u00e5 valfritt omr\u00e5de p\u00e5 omkopplarmodulen f\u00f6r att utf\u00f6ra dina klick, inklusive enhetens kanter. Touch Switch levereras med en 3,5 mm mono jack-kontakt och \u00e4r kompatibel med alla typer av adaptiva enheter. <\/p>\n<p>Touch Switch fungerar med 3x AAA torrbatterier eller Ni-MH-batterier och det smarta batterisystemet st\u00e4nger av enheten efter en timme om den inte anv\u00e4nds. Auditiv och visuell feedback kan enkelt v\u00e4ljas efter anv\u00e4ndarens behov eller st\u00e4ngas av om s\u00e5 \u00f6nskas. <strong>Med hj\u00e4lp av den externa sekund\u00e4rbrytaren kan du ut\u00f6ka anv\u00e4ndningsomr\u00e5det f\u00f6r Touch Switch med en mindre aktiveringsmodul<\/strong>.[\/vc_column_text][vc_single_image media=&#8221;34350&#8243; media_lightbox=&#8221;yes&#8221; media_width_percent=&#8221;100&#8243; alignment=&#8221;center&#8221; uncode_shortcode_id=&#8221;745137&#8243; el_class=&#8221;c_gallery&#8221;][vc_column_text uncode_shortcode_id=&#8221;156209&#8243;]Vi erbjuder nu en kompakt version av v\u00e5r Touch Switch &#8211; Mini Touch Switch.<\/p>\n<p><strong>Mini Touch Switch har en aktiveringsyta p\u00e5 4 cm och \u00e4r mycket k\u00e4nslig och reagerar direkt p\u00e5 \u00e4ven den minsta ber\u00f6ring.<\/strong>  Du kan aktivera brytaren genom att helt enkelt vidr\u00f6ra n\u00e5gon del av ytan, inklusive enhetens kanter. Den \u00e4r utrustad med en 3,5 mm monojackkontakt, vilket g\u00f6r den kompatibel med GlassOuse och en m\u00e4ngd andra hj\u00e4lpmedel. <\/p>\n<p>Mini Touch Switch drivs med 3x AAA torrbatterier eller Ni-MH-batterier, och det smarta batterisystemet st\u00e4nger automatiskt av enheten efter en timmes inaktivitet. Anv\u00e4ndarna kan enkelt v\u00e4xla mellan auditiv och visuell feedback enligt personliga preferenser, eller st\u00e4nga av dem n\u00e4r de inte beh\u00f6vs.[\/vc_column_text][vc_gallery el_id=&#8221;gallery-837620&#8243; medias=&#8221;34362,34363&#8243; gutter_size=&#8221;3&#8243; screen_lg=&#8221;1000&#8243; screen_md=&#8221;600&#8243; screen_sm=&#8221;480&#8243; single_overlay_opacity=&#8221;50&#8243; single_padding=&#8221;2&#8243; uncode_shortcode_id=&#8221;205386&#8243;][\/vc_column][\/vc_row]<\/p>\n<\/div>","protected":false},"excerpt":{"rendered":"<p>[vc_row unlock_row_content=&#8221;yes&#8221; row_height_percent=&#8221;0&#8243; override_padding=&#8221;yes&#8221; h_padding=&#8221;0&#8243; top_padding=&#8221;0&#8243; bottom_padding=&#8221;0&#8243; overlay_alpha=&#8221;50&#8243; equal_height=&#8221;yes&#8221; gutter_size=&#8221;0&#8243; column_width_percent=&#8221;100&#8243; shift_y=&#8221;0&#8243; z_index=&#8221;0&#8243; el_class=&#8221;compact_section&#8221; uncode_shortcode_id=&#8221;152351&#8243; css=&#8221;.vc_custom_1699886063694{padding-top: 15px !important;padding-right: 0px !important;padding-left: [&hellip;]<\/p>\n","protected":false},"featured_media":34302,"template":"","meta":{"_acf_changed":false},"product_brand":[],"product_cat":[458],"product_tag":[],"class_list":{"0":"post-34338","1":"product","2":"type-product","3":"status-publish","4":"has-post-thumbnail","6":"product_cat-g-switchar","8":"first","9":"instock","10":"shipping-taxable","11":"purchasable","12":"product-type-variable"},"acf":[],"yoast_head":"<!-- This site is optimized with the Yoast SEO plugin v27.5 - https:\/\/yoast.com\/product\/yoast-seo-wordpress\/ -->\n<title>Pekbrytare f\u00f6r funktionshindrade - Anpassad brytare f\u00f6r hj\u00e4lpmedel<\/title>\n<meta name=\"description\" content=\"K\u00f6p 100gr Press Switch f\u00f6r personer med funktionsneds\u00e4ttning. Kompatibel med GlassOuse V1.2 och alla andra anpassade enheter och leksaker. Internationell frakt.\" \/>\n<meta name=\"robots\" content=\"index, follow, max-snippet:-1, max-image-preview:large, max-video-preview:-1\" \/>\n<link rel=\"canonical\" href=\"https:\/\/glassouse.com\/sv\/product\/gs08-glassouse-beroringsbrytare\/\" \/>\n<meta property=\"og:locale\" content=\"sv_SE\" \/>\n<meta property=\"og:type\" content=\"article\" \/>\n<meta property=\"og:title\" content=\"Pekbrytare f\u00f6r funktionshindrade - Anpassad brytare f\u00f6r hj\u00e4lpmedel\" \/>\n<meta property=\"og:description\" content=\"K\u00f6p 100gr Press Switch f\u00f6r personer med funktionsneds\u00e4ttning. Kompatibel med GlassOuse V1.2 och alla andra anpassade enheter och leksaker. Internationell frakt.\" \/>\n<meta property=\"og:url\" content=\"https:\/\/glassouse.com\/sv\/product\/gs08-glassouse-beroringsbrytare\/\" \/>\n<meta property=\"og:site_name\" content=\"Glassouse Assistive Device\" \/>\n<meta property=\"article:publisher\" content=\"https:\/\/www.facebook.com\/glassouse\/\" \/>\n<meta property=\"article:modified_time\" content=\"2026-04-27T09:50:04+00:00\" \/>\n<meta property=\"og:image\" content=\"https:\/\/glassouse.com\/wp-content\/uploads\/2019\/04\/4.png\" \/>\n\t<meta property=\"og:image:width\" content=\"1773\" \/>\n\t<meta property=\"og:image:height\" content=\"1773\" \/>\n\t<meta property=\"og:image:type\" content=\"image\/png\" \/>\n<meta name=\"twitter:card\" content=\"summary_large_image\" \/>\n<meta name=\"twitter:site\" content=\"@glassouse\" \/>\n<meta name=\"twitter:label1\" content=\"Ber\u00e4knad l\u00e4stid\" \/>\n\t<meta name=\"twitter:data1\" content=\"5 minuter\" \/>\n<script type=\"application\/ld+json\" class=\"yoast-schema-graph\">{\"@context\":\"https:\\\/\\\/schema.org\",\"@graph\":[{\"@type\":\"WebPage\",\"@id\":\"https:\\\/\\\/glassouse.com\\\/sv\\\/product\\\/gs08-glassouse-beroringsbrytare\\\/\",\"url\":\"https:\\\/\\\/glassouse.com\\\/sv\\\/product\\\/gs08-glassouse-beroringsbrytare\\\/\",\"name\":\"Pekbrytare f\u00f6r funktionshindrade - Anpassad brytare f\u00f6r hj\u00e4lpmedel\",\"isPartOf\":{\"@id\":\"https:\\\/\\\/glassouse.com\\\/sv\\\/#website\"},\"primaryImageOfPage\":{\"@id\":\"https:\\\/\\\/glassouse.com\\\/sv\\\/product\\\/gs08-glassouse-beroringsbrytare\\\/#primaryimage\"},\"image\":{\"@id\":\"https:\\\/\\\/glassouse.com\\\/sv\\\/product\\\/gs08-glassouse-beroringsbrytare\\\/#primaryimage\"},\"thumbnailUrl\":\"https:\\\/\\\/glassouse.com\\\/wp-content\\\/uploads\\\/2019\\\/04\\\/4.png\",\"datePublished\":\"2019-06-20T07:03:39+00:00\",\"dateModified\":\"2026-04-27T09:50:04+00:00\",\"description\":\"K\u00f6p 100gr Press Switch f\u00f6r personer med funktionsneds\u00e4ttning. Kompatibel med GlassOuse V1.2 och alla andra anpassade enheter och leksaker. Internationell frakt.\",\"breadcrumb\":{\"@id\":\"https:\\\/\\\/glassouse.com\\\/sv\\\/product\\\/gs08-glassouse-beroringsbrytare\\\/#breadcrumb\"},\"inLanguage\":\"sv-SE\",\"potentialAction\":[{\"@type\":\"ReadAction\",\"target\":[\"https:\\\/\\\/glassouse.com\\\/sv\\\/product\\\/gs08-glassouse-beroringsbrytare\\\/\"]}]},{\"@type\":\"ImageObject\",\"inLanguage\":\"sv-SE\",\"@id\":\"https:\\\/\\\/glassouse.com\\\/sv\\\/product\\\/gs08-glassouse-beroringsbrytare\\\/#primaryimage\",\"url\":\"https:\\\/\\\/glassouse.com\\\/wp-content\\\/uploads\\\/2019\\\/04\\\/4.png\",\"contentUrl\":\"https:\\\/\\\/glassouse.com\\\/wp-content\\\/uploads\\\/2019\\\/04\\\/4.png\",\"width\":1773,\"height\":1773,\"caption\":\"GlassOuse Touch Switch - Mini och Regular\"},{\"@type\":\"BreadcrumbList\",\"@id\":\"https:\\\/\\\/glassouse.com\\\/sv\\\/product\\\/gs08-glassouse-beroringsbrytare\\\/#breadcrumb\",\"itemListElement\":[{\"@type\":\"ListItem\",\"position\":1,\"name\":\"Home\",\"item\":\"https:\\\/\\\/glassouse.com\\\/sv\\\/\"},{\"@type\":\"ListItem\",\"position\":2,\"name\":\"Butik\",\"item\":\"https:\\\/\\\/glassouse.com\\\/sv\\\/butik\\\/\"},{\"@type\":\"ListItem\",\"position\":3,\"name\":\"GS08 GlassOuse ber\u00f6ringsbrytare\"}]},{\"@type\":\"WebSite\",\"@id\":\"https:\\\/\\\/glassouse.com\\\/sv\\\/#website\",\"url\":\"https:\\\/\\\/glassouse.com\\\/sv\\\/\",\"name\":\"Glassouse Assistive Device\",\"description\":\"Assistive Device and Switches for Disabled\",\"publisher\":{\"@id\":\"https:\\\/\\\/glassouse.com\\\/sv\\\/#organization\"},\"potentialAction\":[{\"@type\":\"SearchAction\",\"target\":{\"@type\":\"EntryPoint\",\"urlTemplate\":\"https:\\\/\\\/glassouse.com\\\/sv\\\/?s={search_term_string}\"},\"query-input\":{\"@type\":\"PropertyValueSpecification\",\"valueRequired\":true,\"valueName\":\"search_term_string\"}}],\"inLanguage\":\"sv-SE\"},{\"@type\":\"Organization\",\"@id\":\"https:\\\/\\\/glassouse.com\\\/sv\\\/#organization\",\"name\":\"GlassOuse Assistive Device\",\"url\":\"https:\\\/\\\/glassouse.com\\\/sv\\\/\",\"logo\":{\"@type\":\"ImageObject\",\"inLanguage\":\"sv-SE\",\"@id\":\"https:\\\/\\\/glassouse.com\\\/sv\\\/#\\\/schema\\\/logo\\\/image\\\/\",\"url\":\"https:\\\/\\\/glassouse.com\\\/wp-content\\\/uploads\\\/2017\\\/11\\\/logo.jpg\",\"contentUrl\":\"https:\\\/\\\/glassouse.com\\\/wp-content\\\/uploads\\\/2017\\\/11\\\/logo.jpg\",\"width\":500,\"height\":500,\"caption\":\"GlassOuse Assistive Device\"},\"image\":{\"@id\":\"https:\\\/\\\/glassouse.com\\\/sv\\\/#\\\/schema\\\/logo\\\/image\\\/\"},\"sameAs\":[\"https:\\\/\\\/www.facebook.com\\\/glassouse\\\/\",\"https:\\\/\\\/x.com\\\/glassouse\",\"https:\\\/\\\/www.instagram.com\\\/glassouseassistivedevice\\\/\",\"https:\\\/\\\/www.linkedin.com\\\/company\\\/glassouse\\\/\",\"https:\\\/\\\/www.youtube.com\\\/channel\\\/UCM5pebcmVXbu00QYd91_Gyw\"]}]}<\/script>\n<!-- \/ Yoast SEO plugin. -->","yoast_head_json":{"title":"Pekbrytare f\u00f6r funktionshindrade - Anpassad brytare f\u00f6r hj\u00e4lpmedel","description":"K\u00f6p 100gr Press Switch f\u00f6r personer med funktionsneds\u00e4ttning. Kompatibel med GlassOuse V1.2 och alla andra anpassade enheter och leksaker. Internationell frakt.","robots":{"index":"index","follow":"follow","max-snippet":"max-snippet:-1","max-image-preview":"max-image-preview:large","max-video-preview":"max-video-preview:-1"},"canonical":"https:\/\/glassouse.com\/sv\/product\/gs08-glassouse-beroringsbrytare\/","og_locale":"sv_SE","og_type":"article","og_title":"Pekbrytare f\u00f6r funktionshindrade - Anpassad brytare f\u00f6r hj\u00e4lpmedel","og_description":"K\u00f6p 100gr Press Switch f\u00f6r personer med funktionsneds\u00e4ttning. Kompatibel med GlassOuse V1.2 och alla andra anpassade enheter och leksaker. Internationell frakt.","og_url":"https:\/\/glassouse.com\/sv\/product\/gs08-glassouse-beroringsbrytare\/","og_site_name":"Glassouse Assistive Device","article_publisher":"https:\/\/www.facebook.com\/glassouse\/","article_modified_time":"2026-04-27T09:50:04+00:00","og_image":[{"width":1773,"height":1773,"url":"https:\/\/glassouse.com\/wp-content\/uploads\/2019\/04\/4.png","type":"image\/png"}],"twitter_card":"summary_large_image","twitter_site":"@glassouse","twitter_misc":{"Ber\u00e4knad l\u00e4stid":"5 minuter"},"schema":{"@context":"https:\/\/schema.org","@graph":[{"@type":"WebPage","@id":"https:\/\/glassouse.com\/sv\/product\/gs08-glassouse-beroringsbrytare\/","url":"https:\/\/glassouse.com\/sv\/product\/gs08-glassouse-beroringsbrytare\/","name":"Pekbrytare f\u00f6r funktionshindrade - Anpassad brytare f\u00f6r hj\u00e4lpmedel","isPartOf":{"@id":"https:\/\/glassouse.com\/sv\/#website"},"primaryImageOfPage":{"@id":"https:\/\/glassouse.com\/sv\/product\/gs08-glassouse-beroringsbrytare\/#primaryimage"},"image":{"@id":"https:\/\/glassouse.com\/sv\/product\/gs08-glassouse-beroringsbrytare\/#primaryimage"},"thumbnailUrl":"https:\/\/glassouse.com\/wp-content\/uploads\/2019\/04\/4.png","datePublished":"2019-06-20T07:03:39+00:00","dateModified":"2026-04-27T09:50:04+00:00","description":"K\u00f6p 100gr Press Switch f\u00f6r personer med funktionsneds\u00e4ttning. Kompatibel med GlassOuse V1.2 och alla andra anpassade enheter och leksaker. Internationell frakt.","breadcrumb":{"@id":"https:\/\/glassouse.com\/sv\/product\/gs08-glassouse-beroringsbrytare\/#breadcrumb"},"inLanguage":"sv-SE","potentialAction":[{"@type":"ReadAction","target":["https:\/\/glassouse.com\/sv\/product\/gs08-glassouse-beroringsbrytare\/"]}]},{"@type":"ImageObject","inLanguage":"sv-SE","@id":"https:\/\/glassouse.com\/sv\/product\/gs08-glassouse-beroringsbrytare\/#primaryimage","url":"https:\/\/glassouse.com\/wp-content\/uploads\/2019\/04\/4.png","contentUrl":"https:\/\/glassouse.com\/wp-content\/uploads\/2019\/04\/4.png","width":1773,"height":1773,"caption":"GlassOuse Touch Switch - Mini och Regular"},{"@type":"BreadcrumbList","@id":"https:\/\/glassouse.com\/sv\/product\/gs08-glassouse-beroringsbrytare\/#breadcrumb","itemListElement":[{"@type":"ListItem","position":1,"name":"Home","item":"https:\/\/glassouse.com\/sv\/"},{"@type":"ListItem","position":2,"name":"Butik","item":"https:\/\/glassouse.com\/sv\/butik\/"},{"@type":"ListItem","position":3,"name":"GS08 GlassOuse ber\u00f6ringsbrytare"}]},{"@type":"WebSite","@id":"https:\/\/glassouse.com\/sv\/#website","url":"https:\/\/glassouse.com\/sv\/","name":"Glassouse Assistive Device","description":"Assistive Device and Switches for Disabled","publisher":{"@id":"https:\/\/glassouse.com\/sv\/#organization"},"potentialAction":[{"@type":"SearchAction","target":{"@type":"EntryPoint","urlTemplate":"https:\/\/glassouse.com\/sv\/?s={search_term_string}"},"query-input":{"@type":"PropertyValueSpecification","valueRequired":true,"valueName":"search_term_string"}}],"inLanguage":"sv-SE"},{"@type":"Organization","@id":"https:\/\/glassouse.com\/sv\/#organization","name":"GlassOuse Assistive Device","url":"https:\/\/glassouse.com\/sv\/","logo":{"@type":"ImageObject","inLanguage":"sv-SE","@id":"https:\/\/glassouse.com\/sv\/#\/schema\/logo\/image\/","url":"https:\/\/glassouse.com\/wp-content\/uploads\/2017\/11\/logo.jpg","contentUrl":"https:\/\/glassouse.com\/wp-content\/uploads\/2017\/11\/logo.jpg","width":500,"height":500,"caption":"GlassOuse Assistive Device"},"image":{"@id":"https:\/\/glassouse.com\/sv\/#\/schema\/logo\/image\/"},"sameAs":["https:\/\/www.facebook.com\/glassouse\/","https:\/\/x.com\/glassouse","https:\/\/www.instagram.com\/glassouseassistivedevice\/","https:\/\/www.linkedin.com\/company\/glassouse\/","https:\/\/www.youtube.com\/channel\/UCM5pebcmVXbu00QYd91_Gyw"]}]}},"_links":{"self":[{"href":"https:\/\/glassouse.com\/sv\/wp-json\/wp\/v2\/product\/34338","targetHints":{"allow":["GET"]}}],"collection":[{"href":"https:\/\/glassouse.com\/sv\/wp-json\/wp\/v2\/product"}],"about":[{"href":"https:\/\/glassouse.com\/sv\/wp-json\/wp\/v2\/types\/product"}],"wp:featuredmedia":[{"embeddable":true,"href":"https:\/\/glassouse.com\/sv\/wp-json\/wp\/v2\/media\/34302"}],"wp:attachment":[{"href":"https:\/\/glassouse.com\/sv\/wp-json\/wp\/v2\/media?parent=34338"}],"wp:term":[{"taxonomy":"product_brand","embeddable":true,"href":"https:\/\/glassouse.com\/sv\/wp-json\/wp\/v2\/product_brand?post=34338"},{"taxonomy":"product_cat","embeddable":true,"href":"https:\/\/glassouse.com\/sv\/wp-json\/wp\/v2\/product_cat?post=34338"},{"taxonomy":"product_tag","embeddable":true,"href":"https:\/\/glassouse.com\/sv\/wp-json\/wp\/v2\/product_tag?post=34338"}],"curies":[{"name":"wp","href":"https:\/\/api.w.org\/{rel}","templated":true}]}}