{"id":34413,"date":"2020-08-14T17:47:14","date_gmt":"2020-08-14T09:47:14","guid":{"rendered":"https:\/\/glassouse.com\/product\/gat02-sjungande-kanin\/"},"modified":"2020-08-14T17:47:14","modified_gmt":"2020-08-14T09:47:14","slug":"gat02-sjungande-kanin","status":"publish","type":"product","link":"https:\/\/glassouse.com\/sv\/product\/gat02-sjungande-kanin\/","title":{"rendered":"GAT02 Sjungande kanin"},"content":{"rendered":"","protected":false},"excerpt":{"rendered":"<h4>SJUNGANDE KANIN &#8211; GAT02<\/h4>\n<p>1x sjungande kaninleksak med 3,5 mm jackkontakt<br \/>\n1x Anv\u00e4ndarhandbok<\/p>\n<p><a href=\"https:\/\/glassouse.com\/sv\/pengar-tillbaka-garanti\/\"><img decoding=\"async\" class=\"alignnone wp-image-1817\" src=\"https:\/\/glassouse.com\/wp-content\/uploads\/2017\/11\/15_Day_Money_Back_47882ccb-f31c-4b58-ab77-9b78929009ef_grande.png\" alt=\"\" width=\"95\" height=\"95\" srcset=\"https:\/\/glassouse.com\/wp-content\/uploads\/2017\/11\/15_Day_Money_Back_47882ccb-f31c-4b58-ab77-9b78929009ef_grande.png 150w, https:\/\/glassouse.com\/wp-content\/uploads\/2017\/11\/15_Day_Money_Back_47882ccb-f31c-4b58-ab77-9b78929009ef_grande-100x100.png 100w, https:\/\/glassouse.com\/wp-content\/uploads\/2017\/11\/15_Day_Money_Back_47882ccb-f31c-4b58-ab77-9b78929009ef_grande-75x75.png 75w\" sizes=\"(max-width: 95px) 100vw, 95px\" \/><\/a>   <img decoding=\"async\" class=\"alignnone wp-image-3424\" src=\"https:\/\/glassouse.com\/wp-content\/uploads\/2020\/08\/A4.png\" alt=\"GlassOuse Garanti\" width=\"95\" height=\"95\" srcset=\"https:\/\/glassouse.com\/wp-content\/uploads\/2020\/08\/A4.png 345w, https:\/\/glassouse.com\/wp-content\/uploads\/2020\/08\/A4-300x299.png 300w, https:\/\/glassouse.com\/wp-content\/uploads\/2020\/08\/A4-100x100.png 100w, https:\/\/glassouse.com\/wp-content\/uploads\/2020\/08\/A4-150x150.png 150w\" sizes=\"(max-width: 95px) 100vw, 95px\" \/><\/p>\n<p><strong>FUNKTION: <\/strong>S\u00f6t vit kanin med r\u00f6rliga \u00f6ron som fladdrar och sjunger.<\/p>\n<p><strong>SPECIFIKATION:<\/strong><br \/>\n<strong>L\u00e4ngd:<\/strong> 32 cm<br \/>\n<strong>Vikt:<\/strong> 0,3 kg \/ 0,66 pund<br \/>\n<strong>Material:<\/strong> Supermjuk plysch<br \/>\n<strong>Fyllning:<\/strong> Milj\u00f6s\u00e4ker 3D PP-bomull<br \/>\n<strong>Str\u00f6mf\u00f6rs\u00f6rjning:<\/strong> 3x AA-batteri<\/p>\n<p><strong>INSTRUKTION:<\/strong><\/p>\n<ol>\n<li>Anslut en 3,5 mm jackadapter till b\u00e5da switchportarna i leksaken.<\/li>\n<li>Aktivera v\u00e4nster knapp f\u00f6r att f\u00e5 kaninen att flaxa med \u00f6ronen med tittutljud. Tryck igen f\u00f6r att stoppa. <\/li>\n<li>Aktivera h\u00f6ger knapp f\u00f6r att f\u00e5 kaninen att sjunga, tryck igen f\u00f6r att stoppa.<\/li>\n<\/ol>\n<p><strong><em>*Str\u00f6mbrytare s\u00e4ljs separat<\/em><\/strong><\/p>\n<p>____________________________________________________________________________________________________________<\/p>\n","protected":false},"featured_media":34438,"template":"","meta":{"_acf_changed":false},"product_brand":[],"product_cat":[438],"product_tag":[441,467,468,469],"class_list":{"0":"post-34413","1":"product","2":"type-product","3":"status-publish","4":"has-post-thumbnail","6":"product_cat-glassouse-leksaker","7":"product_tag-anpassade-leksaker","8":"product_tag-switchanpassad-kaninleksak","9":"product_tag-leksaker-for-sarskilda-behov","10":"product_tag-leksaker-for-funktionshindrade-barn-2","11":"product_shipping_class-leksak","13":"first","14":"instock","15":"shipping-taxable","16":"purchasable","17":"product-type-simple"},"acf":[],"yoast_head":"<!-- This site is optimized with the Yoast SEO plugin v27.4 - https:\/\/yoast.com\/product\/yoast-seo-wordpress\/ -->\n<title>GAT02 Sjungande kanin - Glassouse Assistive Device<\/title>\n<meta name=\"robots\" content=\"index, follow, max-snippet:-1, max-image-preview:large, max-video-preview:-1\" \/>\n<link rel=\"canonical\" href=\"https:\/\/glassouse.com\/sv\/product\/gat02-sjungande-kanin\/\" \/>\n<meta property=\"og:locale\" content=\"sv_SE\" \/>\n<meta property=\"og:type\" content=\"article\" \/>\n<meta property=\"og:title\" content=\"GAT02 Sjungande kanin - Glassouse Assistive Device\" \/>\n<meta property=\"og:description\" content=\"SJUNGANDE KANIN - GAT02 1x sjungande kaninleksak med 3,5 mm jackkontakt 1x Anv\u00e4ndarhandbok    FUNKTION: S\u00f6t vit kanin med r\u00f6rliga \u00f6ron som fladdrar och sjunger. SPECIFIKATION: L\u00e4ngd: 32 cm Vikt: 0,3 kg \/ 0,66 pund Material: Supermjuk plysch Fyllning: Milj\u00f6s\u00e4ker 3D PP-bomull Str\u00f6mf\u00f6rs\u00f6rjning: 3x AA-batteri INSTRUKTION:  Anslut en 3,5 mm jackadapter till b\u00e5da switchportarna i leksaken.  Aktivera v\u00e4nster knapp f\u00f6r att f\u00e5 kaninen att flaxa med \u00f6ronen med tittutljud. Tryck igen f\u00f6r att stoppa.  Aktivera h\u00f6ger knapp f\u00f6r att f\u00e5 kaninen att sjunga, tryck igen f\u00f6r att stoppa. *Str\u00f6mbrytare s\u00e4ljs separat ____________________________________________________________________________________________________________\" \/>\n<meta property=\"og:url\" content=\"https:\/\/glassouse.com\/sv\/product\/gat02-sjungande-kanin\/\" \/>\n<meta property=\"og:site_name\" content=\"Glassouse Assistive Device\" \/>\n<meta property=\"article:publisher\" content=\"https:\/\/www.facebook.com\/glassouse\/\" \/>\n<meta property=\"og:image\" content=\"https:\/\/glassouse.com\/wp-content\/uploads\/2020\/08\/Singing-Bunny-4.jpg\" \/>\n\t<meta property=\"og:image:width\" content=\"1000\" \/>\n\t<meta property=\"og:image:height\" content=\"1000\" \/>\n\t<meta property=\"og:image:type\" content=\"image\/jpeg\" \/>\n<meta name=\"twitter:card\" content=\"summary_large_image\" \/>\n<meta name=\"twitter:site\" content=\"@glassouse\" \/>\n<script type=\"application\/ld+json\" class=\"yoast-schema-graph\">{\"@context\":\"https:\\\/\\\/schema.org\",\"@graph\":[{\"@type\":\"WebPage\",\"@id\":\"https:\\\/\\\/glassouse.com\\\/sv\\\/product\\\/gat02-sjungande-kanin\\\/\",\"url\":\"https:\\\/\\\/glassouse.com\\\/sv\\\/product\\\/gat02-sjungande-kanin\\\/\",\"name\":\"GAT02 Sjungande kanin - Glassouse Assistive Device\",\"isPartOf\":{\"@id\":\"https:\\\/\\\/glassouse.com\\\/sv\\\/#website\"},\"primaryImageOfPage\":{\"@id\":\"https:\\\/\\\/glassouse.com\\\/sv\\\/product\\\/gat02-sjungande-kanin\\\/#primaryimage\"},\"image\":{\"@id\":\"https:\\\/\\\/glassouse.com\\\/sv\\\/product\\\/gat02-sjungande-kanin\\\/#primaryimage\"},\"thumbnailUrl\":\"https:\\\/\\\/glassouse.com\\\/wp-content\\\/uploads\\\/2020\\\/08\\\/Singing-Bunny-4.jpg\",\"datePublished\":\"2020-08-14T09:47:14+00:00\",\"breadcrumb\":{\"@id\":\"https:\\\/\\\/glassouse.com\\\/sv\\\/product\\\/gat02-sjungande-kanin\\\/#breadcrumb\"},\"inLanguage\":\"sv-SE\",\"potentialAction\":[{\"@type\":\"ReadAction\",\"target\":[\"https:\\\/\\\/glassouse.com\\\/sv\\\/product\\\/gat02-sjungande-kanin\\\/\"]}]},{\"@type\":\"ImageObject\",\"inLanguage\":\"sv-SE\",\"@id\":\"https:\\\/\\\/glassouse.com\\\/sv\\\/product\\\/gat02-sjungande-kanin\\\/#primaryimage\",\"url\":\"https:\\\/\\\/glassouse.com\\\/wp-content\\\/uploads\\\/2020\\\/08\\\/Singing-Bunny-4.jpg\",\"contentUrl\":\"https:\\\/\\\/glassouse.com\\\/wp-content\\\/uploads\\\/2020\\\/08\\\/Singing-Bunny-4.jpg\",\"width\":1000,\"height\":1000,\"caption\":\"Sjungande kanin\"},{\"@type\":\"BreadcrumbList\",\"@id\":\"https:\\\/\\\/glassouse.com\\\/sv\\\/product\\\/gat02-sjungande-kanin\\\/#breadcrumb\",\"itemListElement\":[{\"@type\":\"ListItem\",\"position\":1,\"name\":\"Home\",\"item\":\"https:\\\/\\\/glassouse.com\\\/sv\\\/hem\\\/\"},{\"@type\":\"ListItem\",\"position\":2,\"name\":\"Butik\",\"item\":\"https:\\\/\\\/glassouse.com\\\/sv\\\/butik\\\/\"},{\"@type\":\"ListItem\",\"position\":3,\"name\":\"GAT02 Sjungande kanin\"}]},{\"@type\":\"WebSite\",\"@id\":\"https:\\\/\\\/glassouse.com\\\/sv\\\/#website\",\"url\":\"https:\\\/\\\/glassouse.com\\\/sv\\\/\",\"name\":\"Glassouse Assistive Device\",\"description\":\"Assistive Device and Switches for Disabled\",\"publisher\":{\"@id\":\"https:\\\/\\\/glassouse.com\\\/sv\\\/#organization\"},\"potentialAction\":[{\"@type\":\"SearchAction\",\"target\":{\"@type\":\"EntryPoint\",\"urlTemplate\":\"https:\\\/\\\/glassouse.com\\\/sv\\\/?s={search_term_string}\"},\"query-input\":{\"@type\":\"PropertyValueSpecification\",\"valueRequired\":true,\"valueName\":\"search_term_string\"}}],\"inLanguage\":\"sv-SE\"},{\"@type\":\"Organization\",\"@id\":\"https:\\\/\\\/glassouse.com\\\/sv\\\/#organization\",\"name\":\"GlassOuse Assistive Device\",\"url\":\"https:\\\/\\\/glassouse.com\\\/sv\\\/\",\"logo\":{\"@type\":\"ImageObject\",\"inLanguage\":\"sv-SE\",\"@id\":\"https:\\\/\\\/glassouse.com\\\/sv\\\/#\\\/schema\\\/logo\\\/image\\\/\",\"url\":\"https:\\\/\\\/glassouse.com\\\/wp-content\\\/uploads\\\/2017\\\/11\\\/logo.jpg\",\"contentUrl\":\"https:\\\/\\\/glassouse.com\\\/wp-content\\\/uploads\\\/2017\\\/11\\\/logo.jpg\",\"width\":500,\"height\":500,\"caption\":\"GlassOuse Assistive Device\"},\"image\":{\"@id\":\"https:\\\/\\\/glassouse.com\\\/sv\\\/#\\\/schema\\\/logo\\\/image\\\/\"},\"sameAs\":[\"https:\\\/\\\/www.facebook.com\\\/glassouse\\\/\",\"https:\\\/\\\/x.com\\\/glassouse\",\"https:\\\/\\\/www.instagram.com\\\/glassouseassistivedevice\\\/\",\"https:\\\/\\\/www.linkedin.com\\\/company\\\/glassouse\\\/\",\"https:\\\/\\\/www.youtube.com\\\/channel\\\/UCM5pebcmVXbu00QYd91_Gyw\"]}]}<\/script>\n<!-- \/ Yoast SEO plugin. -->","yoast_head_json":{"title":"GAT02 Sjungande kanin - Glassouse Assistive Device","robots":{"index":"index","follow":"follow","max-snippet":"max-snippet:-1","max-image-preview":"max-image-preview:large","max-video-preview":"max-video-preview:-1"},"canonical":"https:\/\/glassouse.com\/sv\/product\/gat02-sjungande-kanin\/","og_locale":"sv_SE","og_type":"article","og_title":"GAT02 Sjungande kanin - Glassouse Assistive Device","og_description":"SJUNGANDE KANIN - GAT02 1x sjungande kaninleksak med 3,5 mm jackkontakt 1x Anv\u00e4ndarhandbok    FUNKTION: S\u00f6t vit kanin med r\u00f6rliga \u00f6ron som fladdrar och sjunger. SPECIFIKATION: L\u00e4ngd: 32 cm Vikt: 0,3 kg \/ 0,66 pund Material: Supermjuk plysch Fyllning: Milj\u00f6s\u00e4ker 3D PP-bomull Str\u00f6mf\u00f6rs\u00f6rjning: 3x AA-batteri INSTRUKTION:  Anslut en 3,5 mm jackadapter till b\u00e5da switchportarna i leksaken.  Aktivera v\u00e4nster knapp f\u00f6r att f\u00e5 kaninen att flaxa med \u00f6ronen med tittutljud. Tryck igen f\u00f6r att stoppa.  Aktivera h\u00f6ger knapp f\u00f6r att f\u00e5 kaninen att sjunga, tryck igen f\u00f6r att stoppa. *Str\u00f6mbrytare s\u00e4ljs separat ____________________________________________________________________________________________________________","og_url":"https:\/\/glassouse.com\/sv\/product\/gat02-sjungande-kanin\/","og_site_name":"Glassouse Assistive Device","article_publisher":"https:\/\/www.facebook.com\/glassouse\/","og_image":[{"width":1000,"height":1000,"url":"https:\/\/glassouse.com\/wp-content\/uploads\/2020\/08\/Singing-Bunny-4.jpg","type":"image\/jpeg"}],"twitter_card":"summary_large_image","twitter_site":"@glassouse","schema":{"@context":"https:\/\/schema.org","@graph":[{"@type":"WebPage","@id":"https:\/\/glassouse.com\/sv\/product\/gat02-sjungande-kanin\/","url":"https:\/\/glassouse.com\/sv\/product\/gat02-sjungande-kanin\/","name":"GAT02 Sjungande kanin - Glassouse Assistive Device","isPartOf":{"@id":"https:\/\/glassouse.com\/sv\/#website"},"primaryImageOfPage":{"@id":"https:\/\/glassouse.com\/sv\/product\/gat02-sjungande-kanin\/#primaryimage"},"image":{"@id":"https:\/\/glassouse.com\/sv\/product\/gat02-sjungande-kanin\/#primaryimage"},"thumbnailUrl":"https:\/\/glassouse.com\/wp-content\/uploads\/2020\/08\/Singing-Bunny-4.jpg","datePublished":"2020-08-14T09:47:14+00:00","breadcrumb":{"@id":"https:\/\/glassouse.com\/sv\/product\/gat02-sjungande-kanin\/#breadcrumb"},"inLanguage":"sv-SE","potentialAction":[{"@type":"ReadAction","target":["https:\/\/glassouse.com\/sv\/product\/gat02-sjungande-kanin\/"]}]},{"@type":"ImageObject","inLanguage":"sv-SE","@id":"https:\/\/glassouse.com\/sv\/product\/gat02-sjungande-kanin\/#primaryimage","url":"https:\/\/glassouse.com\/wp-content\/uploads\/2020\/08\/Singing-Bunny-4.jpg","contentUrl":"https:\/\/glassouse.com\/wp-content\/uploads\/2020\/08\/Singing-Bunny-4.jpg","width":1000,"height":1000,"caption":"Sjungande kanin"},{"@type":"BreadcrumbList","@id":"https:\/\/glassouse.com\/sv\/product\/gat02-sjungande-kanin\/#breadcrumb","itemListElement":[{"@type":"ListItem","position":1,"name":"Home","item":"https:\/\/glassouse.com\/sv\/hem\/"},{"@type":"ListItem","position":2,"name":"Butik","item":"https:\/\/glassouse.com\/sv\/butik\/"},{"@type":"ListItem","position":3,"name":"GAT02 Sjungande kanin"}]},{"@type":"WebSite","@id":"https:\/\/glassouse.com\/sv\/#website","url":"https:\/\/glassouse.com\/sv\/","name":"Glassouse Assistive Device","description":"Assistive Device and Switches for Disabled","publisher":{"@id":"https:\/\/glassouse.com\/sv\/#organization"},"potentialAction":[{"@type":"SearchAction","target":{"@type":"EntryPoint","urlTemplate":"https:\/\/glassouse.com\/sv\/?s={search_term_string}"},"query-input":{"@type":"PropertyValueSpecification","valueRequired":true,"valueName":"search_term_string"}}],"inLanguage":"sv-SE"},{"@type":"Organization","@id":"https:\/\/glassouse.com\/sv\/#organization","name":"GlassOuse Assistive Device","url":"https:\/\/glassouse.com\/sv\/","logo":{"@type":"ImageObject","inLanguage":"sv-SE","@id":"https:\/\/glassouse.com\/sv\/#\/schema\/logo\/image\/","url":"https:\/\/glassouse.com\/wp-content\/uploads\/2017\/11\/logo.jpg","contentUrl":"https:\/\/glassouse.com\/wp-content\/uploads\/2017\/11\/logo.jpg","width":500,"height":500,"caption":"GlassOuse Assistive Device"},"image":{"@id":"https:\/\/glassouse.com\/sv\/#\/schema\/logo\/image\/"},"sameAs":["https:\/\/www.facebook.com\/glassouse\/","https:\/\/x.com\/glassouse","https:\/\/www.instagram.com\/glassouseassistivedevice\/","https:\/\/www.linkedin.com\/company\/glassouse\/","https:\/\/www.youtube.com\/channel\/UCM5pebcmVXbu00QYd91_Gyw"]}]}},"_links":{"self":[{"href":"https:\/\/glassouse.com\/sv\/wp-json\/wp\/v2\/product\/34413","targetHints":{"allow":["GET"]}}],"collection":[{"href":"https:\/\/glassouse.com\/sv\/wp-json\/wp\/v2\/product"}],"about":[{"href":"https:\/\/glassouse.com\/sv\/wp-json\/wp\/v2\/types\/product"}],"wp:featuredmedia":[{"embeddable":true,"href":"https:\/\/glassouse.com\/sv\/wp-json\/wp\/v2\/media\/34438"}],"wp:attachment":[{"href":"https:\/\/glassouse.com\/sv\/wp-json\/wp\/v2\/media?parent=34413"}],"wp:term":[{"taxonomy":"product_brand","embeddable":true,"href":"https:\/\/glassouse.com\/sv\/wp-json\/wp\/v2\/product_brand?post=34413"},{"taxonomy":"product_cat","embeddable":true,"href":"https:\/\/glassouse.com\/sv\/wp-json\/wp\/v2\/product_cat?post=34413"},{"taxonomy":"product_tag","embeddable":true,"href":"https:\/\/glassouse.com\/sv\/wp-json\/wp\/v2\/product_tag?post=34413"}],"curies":[{"name":"wp","href":"https:\/\/api.w.org\/{rel}","templated":true}]}}