{"id":34471,"date":"2020-08-14T17:50:51","date_gmt":"2020-08-14T09:50:51","guid":{"rendered":"https:\/\/glassouse.com\/product\/gat03-record-play-dinosaurie\/"},"modified":"2020-08-14T17:50:51","modified_gmt":"2020-08-14T09:50:51","slug":"gat03-record-play-dinosaurie","status":"publish","type":"product","link":"https:\/\/glassouse.com\/sv\/product\/gat03-record-play-dinosaurie\/","title":{"rendered":"GAT03 Record &amp; Play Dinosaurie"},"content":{"rendered":"","protected":false},"excerpt":{"rendered":"<h4>RECORD &amp; PLAY DINOSAURIE- GAT03<\/h4>\n<p>1x Record &amp; Play Dinosaurieleksak med 3,5 mm jackkontakt<br \/>\n1x Anv\u00e4ndarhandbok<\/p>\n<p><a href=\"https:\/\/glassouse.com\/sv\/pengar-tillbaka-garanti\/\"><img decoding=\"async\" class=\"alignnone wp-image-1817\" src=\"https:\/\/glassouse.com\/wp-content\/uploads\/2017\/11\/15_Day_Money_Back_47882ccb-f31c-4b58-ab77-9b78929009ef_grande.png\" alt=\"\" width=\"95\" height=\"95\" srcset=\"https:\/\/glassouse.com\/wp-content\/uploads\/2017\/11\/15_Day_Money_Back_47882ccb-f31c-4b58-ab77-9b78929009ef_grande.png 150w, https:\/\/glassouse.com\/wp-content\/uploads\/2017\/11\/15_Day_Money_Back_47882ccb-f31c-4b58-ab77-9b78929009ef_grande-100x100.png 100w, https:\/\/glassouse.com\/wp-content\/uploads\/2017\/11\/15_Day_Money_Back_47882ccb-f31c-4b58-ab77-9b78929009ef_grande-75x75.png 75w\" sizes=\"(max-width: 95px) 100vw, 95px\" \/><\/a>   <img decoding=\"async\" class=\"alignnone wp-image-3424\" src=\"https:\/\/glassouse.com\/wp-content\/uploads\/2020\/08\/A4.png\" alt=\"GlassOuse Garanti\" width=\"95\" height=\"95\" srcset=\"https:\/\/glassouse.com\/wp-content\/uploads\/2020\/08\/A4.png 345w, https:\/\/glassouse.com\/wp-content\/uploads\/2020\/08\/A4-300x299.png 300w, https:\/\/glassouse.com\/wp-content\/uploads\/2020\/08\/A4-100x100.png 100w, https:\/\/glassouse.com\/wp-content\/uploads\/2020\/08\/A4-150x150.png 150w\" sizes=\"(max-width: 95px) 100vw, 95px\" \/><\/p>\n<p><strong>FUNKTION: <\/strong> En inspelnings- och uppspelningsdinosaurie som kan spela in din r\u00f6st upp till 5 minuter och spela upp flera g\u00e5nger. En perfekt leksak f\u00f6r barn som h\u00e5ller p\u00e5 att l\u00e4ra sig tala eller bara vill sjunga\/tala och lyssna. <\/p>\n<p><strong>SPECIFIKATION:<\/strong><br \/>\n<strong>L\u00e4ngd:<\/strong> 36 cm<br \/>\n<strong>Vikt:<\/strong> 0,34 kg \/ 0,75 pund<br \/>\n<strong>Material:<\/strong> Supermjuk plysch<br \/>\n<strong>Fyllning:<\/strong> Milj\u00f6s\u00e4ker 3D PP-bomull<br \/>\n<strong>Str\u00f6mf\u00f6rs\u00f6rjning:<\/strong> 3x AA-batteri<\/p>\n<p><strong>INSTRUKTION:<\/strong><\/p>\n<ol>\n<li>Anslut valfria 3,5 mm jackadaptiva brytare till var och en av de tv\u00e5 3,5 mm jacking\u00e5ngarna p\u00e5 leksaken.<\/li>\n<li>F\u00f6r att <strong>spela in <\/strong>, tryck p\u00e5 knappen till h\u00f6ger, du kommer att h\u00f6ra 1x pip och se en r\u00f6d lampa som indikerar att leksaken spelar in. Tala till leksakens mage. Efter inspelningen trycker du p\u00e5 den h\u00f6gra knappen en g\u00e5ng till och h\u00f6r 2x pip som indikerar att inspelningen har stoppats  <\/li>\n<li>F\u00f6r att <strong>spela<\/strong> upp inspelningen trycker du p\u00e5 knappen till v\u00e4nster. Du kan spela upp samma inspelning (N) flera g\u00e5nger. <\/li>\n<\/ol>\n<p><strong><em>*Str\u00f6mbrytare s\u00e4ljs separat<\/em><\/strong><\/p>\n<p>____________________________________________________________________________________________________________<\/p>\n","protected":false},"featured_media":34491,"template":"","meta":{"_acf_changed":false},"product_brand":[],"product_cat":[438],"product_tag":[440,473,474],"class_list":{"0":"post-34471","1":"product","2":"type-product","3":"status-publish","4":"has-post-thumbnail","6":"product_cat-glassouse-leksaker","7":"product_tag-switch-anpassade-leksaker","8":"product_tag-adaptiva-leksaker","9":"product_tag-leksaker-for-funktionshindrade","10":"product_shipping_class-leksak","12":"first","13":"instock","14":"shipping-taxable","15":"purchasable","16":"product-type-simple"},"acf":[],"yoast_head":"<!-- This site is optimized with the Yoast SEO plugin v27.4 - https:\/\/yoast.com\/product\/yoast-seo-wordpress\/ -->\n<title>Record &amp; Play Dinosaurie - Switchanpassad leksak | GlassOuse<\/title>\n<meta name=\"description\" content=\"Handla denna adaptiva switchaktiverade inspelnings- och lekdinosaurie. Anslut valfri 3,5 mm jackbrytare och lek med leksaken. L\u00e4mplig f\u00f6r barn med funktionsneds\u00e4ttning.\" \/>\n<meta name=\"robots\" content=\"index, follow, max-snippet:-1, max-image-preview:large, max-video-preview:-1\" \/>\n<link rel=\"canonical\" href=\"https:\/\/glassouse.com\/sv\/product\/gat03-record-play-dinosaurie\/\" \/>\n<meta property=\"og:locale\" content=\"sv_SE\" \/>\n<meta property=\"og:type\" content=\"article\" \/>\n<meta property=\"og:title\" content=\"Record &amp; Play Dinosaurie - Switchanpassad leksak | GlassOuse\" \/>\n<meta property=\"og:description\" content=\"Handla denna adaptiva switchaktiverade inspelnings- och lekdinosaurie. Anslut valfri 3,5 mm jackbrytare och lek med leksaken. L\u00e4mplig f\u00f6r barn med funktionsneds\u00e4ttning.\" \/>\n<meta property=\"og:url\" content=\"https:\/\/glassouse.com\/sv\/product\/gat03-record-play-dinosaurie\/\" \/>\n<meta property=\"og:site_name\" content=\"Glassouse Assistive Device\" \/>\n<meta property=\"article:publisher\" content=\"https:\/\/www.facebook.com\/glassouse\/\" \/>\n<meta property=\"og:image\" content=\"https:\/\/glassouse.com\/wp-content\/uploads\/2020\/08\/Record-and-Play-Dinosaur-2.jpg\" \/>\n\t<meta property=\"og:image:width\" content=\"1000\" \/>\n\t<meta property=\"og:image:height\" content=\"1000\" \/>\n\t<meta property=\"og:image:type\" content=\"image\/jpeg\" \/>\n<meta name=\"twitter:card\" content=\"summary_large_image\" \/>\n<meta name=\"twitter:site\" content=\"@glassouse\" \/>\n<script type=\"application\/ld+json\" class=\"yoast-schema-graph\">{\"@context\":\"https:\\\/\\\/schema.org\",\"@graph\":[{\"@type\":\"WebPage\",\"@id\":\"https:\\\/\\\/glassouse.com\\\/sv\\\/product\\\/gat03-record-play-dinosaurie\\\/\",\"url\":\"https:\\\/\\\/glassouse.com\\\/sv\\\/product\\\/gat03-record-play-dinosaurie\\\/\",\"name\":\"Record & Play Dinosaurie - Switchanpassad leksak | GlassOuse\",\"isPartOf\":{\"@id\":\"https:\\\/\\\/glassouse.com\\\/sv\\\/#website\"},\"primaryImageOfPage\":{\"@id\":\"https:\\\/\\\/glassouse.com\\\/sv\\\/product\\\/gat03-record-play-dinosaurie\\\/#primaryimage\"},\"image\":{\"@id\":\"https:\\\/\\\/glassouse.com\\\/sv\\\/product\\\/gat03-record-play-dinosaurie\\\/#primaryimage\"},\"thumbnailUrl\":\"https:\\\/\\\/glassouse.com\\\/wp-content\\\/uploads\\\/2020\\\/08\\\/Record-and-Play-Dinosaur-2.jpg\",\"datePublished\":\"2020-08-14T09:50:51+00:00\",\"description\":\"Handla denna adaptiva switchaktiverade inspelnings- och lekdinosaurie. Anslut valfri 3,5 mm jackbrytare och lek med leksaken. L\u00e4mplig f\u00f6r barn med funktionsneds\u00e4ttning.\",\"breadcrumb\":{\"@id\":\"https:\\\/\\\/glassouse.com\\\/sv\\\/product\\\/gat03-record-play-dinosaurie\\\/#breadcrumb\"},\"inLanguage\":\"sv-SE\",\"potentialAction\":[{\"@type\":\"ReadAction\",\"target\":[\"https:\\\/\\\/glassouse.com\\\/sv\\\/product\\\/gat03-record-play-dinosaurie\\\/\"]}]},{\"@type\":\"ImageObject\",\"inLanguage\":\"sv-SE\",\"@id\":\"https:\\\/\\\/glassouse.com\\\/sv\\\/product\\\/gat03-record-play-dinosaurie\\\/#primaryimage\",\"url\":\"https:\\\/\\\/glassouse.com\\\/wp-content\\\/uploads\\\/2020\\\/08\\\/Record-and-Play-Dinosaur-2.jpg\",\"contentUrl\":\"https:\\\/\\\/glassouse.com\\\/wp-content\\\/uploads\\\/2020\\\/08\\\/Record-and-Play-Dinosaur-2.jpg\",\"width\":1000,\"height\":1000,\"caption\":\"Skiva-och-leka-dinosaurie\"},{\"@type\":\"BreadcrumbList\",\"@id\":\"https:\\\/\\\/glassouse.com\\\/sv\\\/product\\\/gat03-record-play-dinosaurie\\\/#breadcrumb\",\"itemListElement\":[{\"@type\":\"ListItem\",\"position\":1,\"name\":\"Home\",\"item\":\"https:\\\/\\\/glassouse.com\\\/sv\\\/hem\\\/\"},{\"@type\":\"ListItem\",\"position\":2,\"name\":\"Butik\",\"item\":\"https:\\\/\\\/glassouse.com\\\/sv\\\/butik\\\/\"},{\"@type\":\"ListItem\",\"position\":3,\"name\":\"GAT03 Record &amp; Play Dinosaurie\"}]},{\"@type\":\"WebSite\",\"@id\":\"https:\\\/\\\/glassouse.com\\\/sv\\\/#website\",\"url\":\"https:\\\/\\\/glassouse.com\\\/sv\\\/\",\"name\":\"Glassouse Assistive Device\",\"description\":\"Assistive Device and Switches for Disabled\",\"publisher\":{\"@id\":\"https:\\\/\\\/glassouse.com\\\/sv\\\/#organization\"},\"potentialAction\":[{\"@type\":\"SearchAction\",\"target\":{\"@type\":\"EntryPoint\",\"urlTemplate\":\"https:\\\/\\\/glassouse.com\\\/sv\\\/?s={search_term_string}\"},\"query-input\":{\"@type\":\"PropertyValueSpecification\",\"valueRequired\":true,\"valueName\":\"search_term_string\"}}],\"inLanguage\":\"sv-SE\"},{\"@type\":\"Organization\",\"@id\":\"https:\\\/\\\/glassouse.com\\\/sv\\\/#organization\",\"name\":\"GlassOuse Assistive Device\",\"url\":\"https:\\\/\\\/glassouse.com\\\/sv\\\/\",\"logo\":{\"@type\":\"ImageObject\",\"inLanguage\":\"sv-SE\",\"@id\":\"https:\\\/\\\/glassouse.com\\\/sv\\\/#\\\/schema\\\/logo\\\/image\\\/\",\"url\":\"https:\\\/\\\/glassouse.com\\\/wp-content\\\/uploads\\\/2017\\\/11\\\/logo.jpg\",\"contentUrl\":\"https:\\\/\\\/glassouse.com\\\/wp-content\\\/uploads\\\/2017\\\/11\\\/logo.jpg\",\"width\":500,\"height\":500,\"caption\":\"GlassOuse Assistive Device\"},\"image\":{\"@id\":\"https:\\\/\\\/glassouse.com\\\/sv\\\/#\\\/schema\\\/logo\\\/image\\\/\"},\"sameAs\":[\"https:\\\/\\\/www.facebook.com\\\/glassouse\\\/\",\"https:\\\/\\\/x.com\\\/glassouse\",\"https:\\\/\\\/www.instagram.com\\\/glassouseassistivedevice\\\/\",\"https:\\\/\\\/www.linkedin.com\\\/company\\\/glassouse\\\/\",\"https:\\\/\\\/www.youtube.com\\\/channel\\\/UCM5pebcmVXbu00QYd91_Gyw\"]}]}<\/script>\n<!-- \/ Yoast SEO plugin. -->","yoast_head_json":{"title":"Record & Play Dinosaurie - Switchanpassad leksak | GlassOuse","description":"Handla denna adaptiva switchaktiverade inspelnings- och lekdinosaurie. Anslut valfri 3,5 mm jackbrytare och lek med leksaken. L\u00e4mplig f\u00f6r barn med funktionsneds\u00e4ttning.","robots":{"index":"index","follow":"follow","max-snippet":"max-snippet:-1","max-image-preview":"max-image-preview:large","max-video-preview":"max-video-preview:-1"},"canonical":"https:\/\/glassouse.com\/sv\/product\/gat03-record-play-dinosaurie\/","og_locale":"sv_SE","og_type":"article","og_title":"Record & Play Dinosaurie - Switchanpassad leksak | GlassOuse","og_description":"Handla denna adaptiva switchaktiverade inspelnings- och lekdinosaurie. Anslut valfri 3,5 mm jackbrytare och lek med leksaken. L\u00e4mplig f\u00f6r barn med funktionsneds\u00e4ttning.","og_url":"https:\/\/glassouse.com\/sv\/product\/gat03-record-play-dinosaurie\/","og_site_name":"Glassouse Assistive Device","article_publisher":"https:\/\/www.facebook.com\/glassouse\/","og_image":[{"width":1000,"height":1000,"url":"https:\/\/glassouse.com\/wp-content\/uploads\/2020\/08\/Record-and-Play-Dinosaur-2.jpg","type":"image\/jpeg"}],"twitter_card":"summary_large_image","twitter_site":"@glassouse","schema":{"@context":"https:\/\/schema.org","@graph":[{"@type":"WebPage","@id":"https:\/\/glassouse.com\/sv\/product\/gat03-record-play-dinosaurie\/","url":"https:\/\/glassouse.com\/sv\/product\/gat03-record-play-dinosaurie\/","name":"Record & Play Dinosaurie - Switchanpassad leksak | GlassOuse","isPartOf":{"@id":"https:\/\/glassouse.com\/sv\/#website"},"primaryImageOfPage":{"@id":"https:\/\/glassouse.com\/sv\/product\/gat03-record-play-dinosaurie\/#primaryimage"},"image":{"@id":"https:\/\/glassouse.com\/sv\/product\/gat03-record-play-dinosaurie\/#primaryimage"},"thumbnailUrl":"https:\/\/glassouse.com\/wp-content\/uploads\/2020\/08\/Record-and-Play-Dinosaur-2.jpg","datePublished":"2020-08-14T09:50:51+00:00","description":"Handla denna adaptiva switchaktiverade inspelnings- och lekdinosaurie. Anslut valfri 3,5 mm jackbrytare och lek med leksaken. L\u00e4mplig f\u00f6r barn med funktionsneds\u00e4ttning.","breadcrumb":{"@id":"https:\/\/glassouse.com\/sv\/product\/gat03-record-play-dinosaurie\/#breadcrumb"},"inLanguage":"sv-SE","potentialAction":[{"@type":"ReadAction","target":["https:\/\/glassouse.com\/sv\/product\/gat03-record-play-dinosaurie\/"]}]},{"@type":"ImageObject","inLanguage":"sv-SE","@id":"https:\/\/glassouse.com\/sv\/product\/gat03-record-play-dinosaurie\/#primaryimage","url":"https:\/\/glassouse.com\/wp-content\/uploads\/2020\/08\/Record-and-Play-Dinosaur-2.jpg","contentUrl":"https:\/\/glassouse.com\/wp-content\/uploads\/2020\/08\/Record-and-Play-Dinosaur-2.jpg","width":1000,"height":1000,"caption":"Skiva-och-leka-dinosaurie"},{"@type":"BreadcrumbList","@id":"https:\/\/glassouse.com\/sv\/product\/gat03-record-play-dinosaurie\/#breadcrumb","itemListElement":[{"@type":"ListItem","position":1,"name":"Home","item":"https:\/\/glassouse.com\/sv\/hem\/"},{"@type":"ListItem","position":2,"name":"Butik","item":"https:\/\/glassouse.com\/sv\/butik\/"},{"@type":"ListItem","position":3,"name":"GAT03 Record &amp; Play Dinosaurie"}]},{"@type":"WebSite","@id":"https:\/\/glassouse.com\/sv\/#website","url":"https:\/\/glassouse.com\/sv\/","name":"Glassouse Assistive Device","description":"Assistive Device and Switches for Disabled","publisher":{"@id":"https:\/\/glassouse.com\/sv\/#organization"},"potentialAction":[{"@type":"SearchAction","target":{"@type":"EntryPoint","urlTemplate":"https:\/\/glassouse.com\/sv\/?s={search_term_string}"},"query-input":{"@type":"PropertyValueSpecification","valueRequired":true,"valueName":"search_term_string"}}],"inLanguage":"sv-SE"},{"@type":"Organization","@id":"https:\/\/glassouse.com\/sv\/#organization","name":"GlassOuse Assistive Device","url":"https:\/\/glassouse.com\/sv\/","logo":{"@type":"ImageObject","inLanguage":"sv-SE","@id":"https:\/\/glassouse.com\/sv\/#\/schema\/logo\/image\/","url":"https:\/\/glassouse.com\/wp-content\/uploads\/2017\/11\/logo.jpg","contentUrl":"https:\/\/glassouse.com\/wp-content\/uploads\/2017\/11\/logo.jpg","width":500,"height":500,"caption":"GlassOuse Assistive Device"},"image":{"@id":"https:\/\/glassouse.com\/sv\/#\/schema\/logo\/image\/"},"sameAs":["https:\/\/www.facebook.com\/glassouse\/","https:\/\/x.com\/glassouse","https:\/\/www.instagram.com\/glassouseassistivedevice\/","https:\/\/www.linkedin.com\/company\/glassouse\/","https:\/\/www.youtube.com\/channel\/UCM5pebcmVXbu00QYd91_Gyw"]}]}},"_links":{"self":[{"href":"https:\/\/glassouse.com\/sv\/wp-json\/wp\/v2\/product\/34471","targetHints":{"allow":["GET"]}}],"collection":[{"href":"https:\/\/glassouse.com\/sv\/wp-json\/wp\/v2\/product"}],"about":[{"href":"https:\/\/glassouse.com\/sv\/wp-json\/wp\/v2\/types\/product"}],"wp:featuredmedia":[{"embeddable":true,"href":"https:\/\/glassouse.com\/sv\/wp-json\/wp\/v2\/media\/34491"}],"wp:attachment":[{"href":"https:\/\/glassouse.com\/sv\/wp-json\/wp\/v2\/media?parent=34471"}],"wp:term":[{"taxonomy":"product_brand","embeddable":true,"href":"https:\/\/glassouse.com\/sv\/wp-json\/wp\/v2\/product_brand?post=34471"},{"taxonomy":"product_cat","embeddable":true,"href":"https:\/\/glassouse.com\/sv\/wp-json\/wp\/v2\/product_cat?post=34471"},{"taxonomy":"product_tag","embeddable":true,"href":"https:\/\/glassouse.com\/sv\/wp-json\/wp\/v2\/product_tag?post=34471"}],"curies":[{"name":"wp","href":"https:\/\/api.w.org\/{rel}","templated":true}]}}