{"id":34528,"date":"2020-08-14T17:57:59","date_gmt":"2020-08-14T09:57:59","guid":{"rendered":"https:\/\/glassouse.com\/product\/gat01-sing-dance-solros\/"},"modified":"2020-08-14T17:57:59","modified_gmt":"2020-08-14T09:57:59","slug":"gat01-sing-dance-solros","status":"publish","type":"product","link":"https:\/\/glassouse.com\/sv\/product\/gat01-sing-dance-solros\/","title":{"rendered":"GAT01 Sing &amp; Dance Solros"},"content":{"rendered":"","protected":false},"excerpt":{"rendered":"<h4>SJUNGANDE SOLROS &#8211; GAT01<\/h4>\n<p>1x Dance &amp; Sing Sunflower Toy med 3,5 mm jackanslutning<br \/>\n1x Anv\u00e4ndarhandbok<\/p>\n<p><a href=\"https:\/\/glassouse.com\/sv\/pengar-tillbaka-garanti\/\"><img decoding=\"async\" class=\"alignnone wp-image-1817\" src=\"https:\/\/glassouse.com\/wp-content\/uploads\/2017\/11\/15_Day_Money_Back_47882ccb-f31c-4b58-ab77-9b78929009ef_grande.png\" alt=\"\" width=\"95\" height=\"95\" srcset=\"https:\/\/glassouse.com\/wp-content\/uploads\/2017\/11\/15_Day_Money_Back_47882ccb-f31c-4b58-ab77-9b78929009ef_grande.png 150w, https:\/\/glassouse.com\/wp-content\/uploads\/2017\/11\/15_Day_Money_Back_47882ccb-f31c-4b58-ab77-9b78929009ef_grande-100x100.png 100w, https:\/\/glassouse.com\/wp-content\/uploads\/2017\/11\/15_Day_Money_Back_47882ccb-f31c-4b58-ab77-9b78929009ef_grande-75x75.png 75w\" sizes=\"(max-width: 95px) 100vw, 95px\" \/><\/a>   <img decoding=\"async\" class=\"alignnone wp-image-3424\" src=\"https:\/\/glassouse.com\/wp-content\/uploads\/2020\/08\/A4.png\" alt=\"GlassOuse Garanti\" width=\"95\" height=\"95\" srcset=\"https:\/\/glassouse.com\/wp-content\/uploads\/2020\/08\/A4.png 345w, https:\/\/glassouse.com\/wp-content\/uploads\/2020\/08\/A4-300x299.png 300w, https:\/\/glassouse.com\/wp-content\/uploads\/2020\/08\/A4-100x100.png 100w, https:\/\/glassouse.com\/wp-content\/uploads\/2020\/08\/A4-150x150.png 150w\" sizes=\"(max-width: 95px) 100vw, 95px\" \/><\/p>\n<p><strong>FUNKTION: <\/strong>Den spelar och dansar till 24 olika musikstycken som kan styras med en ansluten str\u00f6mbrytare.<\/p>\n<p><strong>SPECIFIKATION:<\/strong><br \/>\n<strong>L\u00e4ngd:<\/strong> 30 cm<br \/>\n<strong>Material:<\/strong> Supermjuk plysch<br \/>\n<strong>Fyllning:<\/strong> Milj\u00f6s\u00e4ker 3D PP-bomull<br \/>\n<strong>Str\u00f6mf\u00f6rs\u00f6rjning:<\/strong> 3x AA-batteri<\/p>\n<p><strong>INSTRUKTION:<\/strong><\/p>\n<ol>\n<li>Anslut en valfri adaptiv str\u00f6mbrytare med 3,5 mm jackkontakt till leksaken.<\/li>\n<li>F\u00f6r att SPELA, tryck p\u00e5 str\u00f6mbrytaren och leksaken b\u00f6rjar dansa och sjunga.<\/li>\n<li>F\u00f6r att byta musik, aktivera str\u00f6mbrytaren igen.<\/li>\n<li>Tryck p\u00e5 knappen igen f\u00f6r att STOPPA.<\/li>\n<\/ol>\n<p><strong><em>*Str\u00f6mbrytare s\u00e4ljs separat<\/em><\/strong><\/p>\n<p>_________________________________________________________________________________________________________<\/p>\n","protected":false},"featured_media":34550,"template":"","meta":{"_acf_changed":false},"product_brand":[],"product_cat":[438],"product_tag":[440,441,442,443],"class_list":{"0":"post-34528","1":"product","2":"type-product","3":"status-publish","4":"has-post-thumbnail","6":"product_cat-glassouse-leksaker","7":"product_tag-switch-anpassade-leksaker","8":"product_tag-anpassade-leksaker","9":"product_tag-leksak-for-sarskilda-behov","10":"product_tag-leksaker-for-funktionshindrade-barn","11":"product_shipping_class-leksak","13":"first","14":"instock","15":"shipping-taxable","16":"purchasable","17":"product-type-simple"},"acf":[],"yoast_head":"<!-- This site is optimized with the Yoast SEO plugin v27.4 - https:\/\/yoast.com\/product\/yoast-seo-wordpress\/ -->\n<title>GAT01 Sing &amp; Dance Solros - Glassouse Assistive Device<\/title>\n<meta name=\"robots\" content=\"index, follow, max-snippet:-1, max-image-preview:large, max-video-preview:-1\" \/>\n<link rel=\"canonical\" href=\"https:\/\/glassouse.com\/sv\/product\/gat01-sing-dance-solros\/\" \/>\n<meta property=\"og:locale\" content=\"sv_SE\" \/>\n<meta property=\"og:type\" content=\"article\" \/>\n<meta property=\"og:title\" content=\"GAT01 Sing &amp; Dance Solros - Glassouse Assistive Device\" \/>\n<meta property=\"og:description\" content=\"SJUNGANDE SOLROS - GAT01 1x Dance &amp; Sing Sunflower Toy med 3,5 mm jackanslutning 1x Anv\u00e4ndarhandbok    FUNKTION: Den spelar och dansar till 24 olika musikstycken som kan styras med en ansluten str\u00f6mbrytare. SPECIFIKATION: L\u00e4ngd: 30 cm Material: Supermjuk plysch Fyllning: Milj\u00f6s\u00e4ker 3D PP-bomull Str\u00f6mf\u00f6rs\u00f6rjning: 3x AA-batteri INSTRUKTION:  Anslut en valfri adaptiv str\u00f6mbrytare med 3,5 mm jackkontakt till leksaken.  F\u00f6r att SPELA, tryck p\u00e5 str\u00f6mbrytaren och leksaken b\u00f6rjar dansa och sjunga.  F\u00f6r att byta musik, aktivera str\u00f6mbrytaren igen.  Tryck p\u00e5 knappen igen f\u00f6r att STOPPA. *Str\u00f6mbrytare s\u00e4ljs separat _________________________________________________________________________________________________________\" \/>\n<meta property=\"og:url\" content=\"https:\/\/glassouse.com\/sv\/product\/gat01-sing-dance-solros\/\" \/>\n<meta property=\"og:site_name\" content=\"Glassouse Assistive Device\" \/>\n<meta property=\"article:publisher\" content=\"https:\/\/www.facebook.com\/glassouse\/\" \/>\n<meta property=\"og:image\" content=\"https:\/\/glassouse.com\/wp-content\/uploads\/2020\/08\/GlassOuse-Toy-Sing-Dance-Sunflower-.jpg\" \/>\n\t<meta property=\"og:image:width\" content=\"2000\" \/>\n\t<meta property=\"og:image:height\" content=\"2000\" \/>\n\t<meta property=\"og:image:type\" content=\"image\/jpeg\" \/>\n<meta name=\"twitter:card\" content=\"summary_large_image\" \/>\n<meta name=\"twitter:site\" content=\"@glassouse\" \/>\n<script type=\"application\/ld+json\" class=\"yoast-schema-graph\">{\"@context\":\"https:\\\/\\\/schema.org\",\"@graph\":[{\"@type\":\"WebPage\",\"@id\":\"https:\\\/\\\/glassouse.com\\\/sv\\\/product\\\/gat01-sing-dance-solros\\\/\",\"url\":\"https:\\\/\\\/glassouse.com\\\/sv\\\/product\\\/gat01-sing-dance-solros\\\/\",\"name\":\"GAT01 Sing &amp; Dance Solros - Glassouse Assistive Device\",\"isPartOf\":{\"@id\":\"https:\\\/\\\/glassouse.com\\\/sv\\\/#website\"},\"primaryImageOfPage\":{\"@id\":\"https:\\\/\\\/glassouse.com\\\/sv\\\/product\\\/gat01-sing-dance-solros\\\/#primaryimage\"},\"image\":{\"@id\":\"https:\\\/\\\/glassouse.com\\\/sv\\\/product\\\/gat01-sing-dance-solros\\\/#primaryimage\"},\"thumbnailUrl\":\"https:\\\/\\\/glassouse.com\\\/wp-content\\\/uploads\\\/2020\\\/08\\\/GlassOuse-Toy-Sing-Dance-Sunflower-.jpg\",\"datePublished\":\"2020-08-14T09:57:59+00:00\",\"breadcrumb\":{\"@id\":\"https:\\\/\\\/glassouse.com\\\/sv\\\/product\\\/gat01-sing-dance-solros\\\/#breadcrumb\"},\"inLanguage\":\"sv-SE\",\"potentialAction\":[{\"@type\":\"ReadAction\",\"target\":[\"https:\\\/\\\/glassouse.com\\\/sv\\\/product\\\/gat01-sing-dance-solros\\\/\"]}]},{\"@type\":\"ImageObject\",\"inLanguage\":\"sv-SE\",\"@id\":\"https:\\\/\\\/glassouse.com\\\/sv\\\/product\\\/gat01-sing-dance-solros\\\/#primaryimage\",\"url\":\"https:\\\/\\\/glassouse.com\\\/wp-content\\\/uploads\\\/2020\\\/08\\\/GlassOuse-Toy-Sing-Dance-Sunflower-.jpg\",\"contentUrl\":\"https:\\\/\\\/glassouse.com\\\/wp-content\\\/uploads\\\/2020\\\/08\\\/GlassOuse-Toy-Sing-Dance-Sunflower-.jpg\",\"width\":2000,\"height\":2000,\"caption\":\"GlassOuse Toy - Sing &amp; Dance Solros\"},{\"@type\":\"BreadcrumbList\",\"@id\":\"https:\\\/\\\/glassouse.com\\\/sv\\\/product\\\/gat01-sing-dance-solros\\\/#breadcrumb\",\"itemListElement\":[{\"@type\":\"ListItem\",\"position\":1,\"name\":\"Home\",\"item\":\"https:\\\/\\\/glassouse.com\\\/sv\\\/hem\\\/\"},{\"@type\":\"ListItem\",\"position\":2,\"name\":\"Butik\",\"item\":\"https:\\\/\\\/glassouse.com\\\/sv\\\/butik\\\/\"},{\"@type\":\"ListItem\",\"position\":3,\"name\":\"GAT01 Sing &amp; Dance Solros\"}]},{\"@type\":\"WebSite\",\"@id\":\"https:\\\/\\\/glassouse.com\\\/sv\\\/#website\",\"url\":\"https:\\\/\\\/glassouse.com\\\/sv\\\/\",\"name\":\"Glassouse Assistive Device\",\"description\":\"Assistive Device and Switches for Disabled\",\"publisher\":{\"@id\":\"https:\\\/\\\/glassouse.com\\\/sv\\\/#organization\"},\"potentialAction\":[{\"@type\":\"SearchAction\",\"target\":{\"@type\":\"EntryPoint\",\"urlTemplate\":\"https:\\\/\\\/glassouse.com\\\/sv\\\/?s={search_term_string}\"},\"query-input\":{\"@type\":\"PropertyValueSpecification\",\"valueRequired\":true,\"valueName\":\"search_term_string\"}}],\"inLanguage\":\"sv-SE\"},{\"@type\":\"Organization\",\"@id\":\"https:\\\/\\\/glassouse.com\\\/sv\\\/#organization\",\"name\":\"GlassOuse Assistive Device\",\"url\":\"https:\\\/\\\/glassouse.com\\\/sv\\\/\",\"logo\":{\"@type\":\"ImageObject\",\"inLanguage\":\"sv-SE\",\"@id\":\"https:\\\/\\\/glassouse.com\\\/sv\\\/#\\\/schema\\\/logo\\\/image\\\/\",\"url\":\"https:\\\/\\\/glassouse.com\\\/wp-content\\\/uploads\\\/2017\\\/11\\\/logo.jpg\",\"contentUrl\":\"https:\\\/\\\/glassouse.com\\\/wp-content\\\/uploads\\\/2017\\\/11\\\/logo.jpg\",\"width\":500,\"height\":500,\"caption\":\"GlassOuse Assistive Device\"},\"image\":{\"@id\":\"https:\\\/\\\/glassouse.com\\\/sv\\\/#\\\/schema\\\/logo\\\/image\\\/\"},\"sameAs\":[\"https:\\\/\\\/www.facebook.com\\\/glassouse\\\/\",\"https:\\\/\\\/x.com\\\/glassouse\",\"https:\\\/\\\/www.instagram.com\\\/glassouseassistivedevice\\\/\",\"https:\\\/\\\/www.linkedin.com\\\/company\\\/glassouse\\\/\",\"https:\\\/\\\/www.youtube.com\\\/channel\\\/UCM5pebcmVXbu00QYd91_Gyw\"]}]}<\/script>\n<!-- \/ Yoast SEO plugin. -->","yoast_head_json":{"title":"GAT01 Sing &amp; Dance Solros - Glassouse Assistive Device","robots":{"index":"index","follow":"follow","max-snippet":"max-snippet:-1","max-image-preview":"max-image-preview:large","max-video-preview":"max-video-preview:-1"},"canonical":"https:\/\/glassouse.com\/sv\/product\/gat01-sing-dance-solros\/","og_locale":"sv_SE","og_type":"article","og_title":"GAT01 Sing &amp; Dance Solros - Glassouse Assistive Device","og_description":"SJUNGANDE SOLROS - GAT01 1x Dance &amp; Sing Sunflower Toy med 3,5 mm jackanslutning 1x Anv\u00e4ndarhandbok    FUNKTION: Den spelar och dansar till 24 olika musikstycken som kan styras med en ansluten str\u00f6mbrytare. SPECIFIKATION: L\u00e4ngd: 30 cm Material: Supermjuk plysch Fyllning: Milj\u00f6s\u00e4ker 3D PP-bomull Str\u00f6mf\u00f6rs\u00f6rjning: 3x AA-batteri INSTRUKTION:  Anslut en valfri adaptiv str\u00f6mbrytare med 3,5 mm jackkontakt till leksaken.  F\u00f6r att SPELA, tryck p\u00e5 str\u00f6mbrytaren och leksaken b\u00f6rjar dansa och sjunga.  F\u00f6r att byta musik, aktivera str\u00f6mbrytaren igen.  Tryck p\u00e5 knappen igen f\u00f6r att STOPPA. *Str\u00f6mbrytare s\u00e4ljs separat _________________________________________________________________________________________________________","og_url":"https:\/\/glassouse.com\/sv\/product\/gat01-sing-dance-solros\/","og_site_name":"Glassouse Assistive Device","article_publisher":"https:\/\/www.facebook.com\/glassouse\/","og_image":[{"width":2000,"height":2000,"url":"https:\/\/glassouse.com\/wp-content\/uploads\/2020\/08\/GlassOuse-Toy-Sing-Dance-Sunflower-.jpg","type":"image\/jpeg"}],"twitter_card":"summary_large_image","twitter_site":"@glassouse","schema":{"@context":"https:\/\/schema.org","@graph":[{"@type":"WebPage","@id":"https:\/\/glassouse.com\/sv\/product\/gat01-sing-dance-solros\/","url":"https:\/\/glassouse.com\/sv\/product\/gat01-sing-dance-solros\/","name":"GAT01 Sing &amp; Dance Solros - Glassouse Assistive Device","isPartOf":{"@id":"https:\/\/glassouse.com\/sv\/#website"},"primaryImageOfPage":{"@id":"https:\/\/glassouse.com\/sv\/product\/gat01-sing-dance-solros\/#primaryimage"},"image":{"@id":"https:\/\/glassouse.com\/sv\/product\/gat01-sing-dance-solros\/#primaryimage"},"thumbnailUrl":"https:\/\/glassouse.com\/wp-content\/uploads\/2020\/08\/GlassOuse-Toy-Sing-Dance-Sunflower-.jpg","datePublished":"2020-08-14T09:57:59+00:00","breadcrumb":{"@id":"https:\/\/glassouse.com\/sv\/product\/gat01-sing-dance-solros\/#breadcrumb"},"inLanguage":"sv-SE","potentialAction":[{"@type":"ReadAction","target":["https:\/\/glassouse.com\/sv\/product\/gat01-sing-dance-solros\/"]}]},{"@type":"ImageObject","inLanguage":"sv-SE","@id":"https:\/\/glassouse.com\/sv\/product\/gat01-sing-dance-solros\/#primaryimage","url":"https:\/\/glassouse.com\/wp-content\/uploads\/2020\/08\/GlassOuse-Toy-Sing-Dance-Sunflower-.jpg","contentUrl":"https:\/\/glassouse.com\/wp-content\/uploads\/2020\/08\/GlassOuse-Toy-Sing-Dance-Sunflower-.jpg","width":2000,"height":2000,"caption":"GlassOuse Toy - Sing &amp; Dance Solros"},{"@type":"BreadcrumbList","@id":"https:\/\/glassouse.com\/sv\/product\/gat01-sing-dance-solros\/#breadcrumb","itemListElement":[{"@type":"ListItem","position":1,"name":"Home","item":"https:\/\/glassouse.com\/sv\/hem\/"},{"@type":"ListItem","position":2,"name":"Butik","item":"https:\/\/glassouse.com\/sv\/butik\/"},{"@type":"ListItem","position":3,"name":"GAT01 Sing &amp; Dance Solros"}]},{"@type":"WebSite","@id":"https:\/\/glassouse.com\/sv\/#website","url":"https:\/\/glassouse.com\/sv\/","name":"Glassouse Assistive Device","description":"Assistive Device and Switches for Disabled","publisher":{"@id":"https:\/\/glassouse.com\/sv\/#organization"},"potentialAction":[{"@type":"SearchAction","target":{"@type":"EntryPoint","urlTemplate":"https:\/\/glassouse.com\/sv\/?s={search_term_string}"},"query-input":{"@type":"PropertyValueSpecification","valueRequired":true,"valueName":"search_term_string"}}],"inLanguage":"sv-SE"},{"@type":"Organization","@id":"https:\/\/glassouse.com\/sv\/#organization","name":"GlassOuse Assistive Device","url":"https:\/\/glassouse.com\/sv\/","logo":{"@type":"ImageObject","inLanguage":"sv-SE","@id":"https:\/\/glassouse.com\/sv\/#\/schema\/logo\/image\/","url":"https:\/\/glassouse.com\/wp-content\/uploads\/2017\/11\/logo.jpg","contentUrl":"https:\/\/glassouse.com\/wp-content\/uploads\/2017\/11\/logo.jpg","width":500,"height":500,"caption":"GlassOuse Assistive Device"},"image":{"@id":"https:\/\/glassouse.com\/sv\/#\/schema\/logo\/image\/"},"sameAs":["https:\/\/www.facebook.com\/glassouse\/","https:\/\/x.com\/glassouse","https:\/\/www.instagram.com\/glassouseassistivedevice\/","https:\/\/www.linkedin.com\/company\/glassouse\/","https:\/\/www.youtube.com\/channel\/UCM5pebcmVXbu00QYd91_Gyw"]}]}},"_links":{"self":[{"href":"https:\/\/glassouse.com\/sv\/wp-json\/wp\/v2\/product\/34528","targetHints":{"allow":["GET"]}}],"collection":[{"href":"https:\/\/glassouse.com\/sv\/wp-json\/wp\/v2\/product"}],"about":[{"href":"https:\/\/glassouse.com\/sv\/wp-json\/wp\/v2\/types\/product"}],"wp:featuredmedia":[{"embeddable":true,"href":"https:\/\/glassouse.com\/sv\/wp-json\/wp\/v2\/media\/34550"}],"wp:attachment":[{"href":"https:\/\/glassouse.com\/sv\/wp-json\/wp\/v2\/media?parent=34528"}],"wp:term":[{"taxonomy":"product_brand","embeddable":true,"href":"https:\/\/glassouse.com\/sv\/wp-json\/wp\/v2\/product_brand?post=34528"},{"taxonomy":"product_cat","embeddable":true,"href":"https:\/\/glassouse.com\/sv\/wp-json\/wp\/v2\/product_cat?post=34528"},{"taxonomy":"product_tag","embeddable":true,"href":"https:\/\/glassouse.com\/sv\/wp-json\/wp\/v2\/product_tag?post=34528"}],"curies":[{"name":"wp","href":"https:\/\/api.w.org\/{rel}","templated":true}]}}