{"id":36896,"date":"2017-11-23T09:27:47","date_gmt":"2017-11-23T09:27:47","guid":{"rendered":"https:\/\/glassouse.com\/product\/ac01-silikonskydd-for-bettavstangning-360-bettavstangning\/"},"modified":"2017-11-23T09:27:47","modified_gmt":"2017-11-23T01:27:47","slug":"ac01-silikonskydd-for-bettavstangning-360-bettavstangning","status":"publish","type":"product","link":"https:\/\/glassouse.com\/sv\/product\/ac01-silikonskydd-for-bettavstangning-360-bettavstangning\/","title":{"rendered":"AC01 Silikonskydd f\u00f6r bettavst\u00e4ngning\/360 bettavst\u00e4ngning"},"content":{"rendered":"","protected":false},"excerpt":{"rendered":"<p><strong>1x st Silikonskydd f\u00f6r Bite Switch\/360 Bite Switch<\/strong><\/p>\n<p>Extra silikonskydd f\u00f6r GlassOuse V1.4 &amp; Link &amp; Pro&#8217;s produkter Bite Switch och 360 Bite Switch. Skyddet \u00e4r tillverkat av icke cancerframkallande material och \u00e4r enkelt att byta och reng\u00f6ra. Ta bara bort det fr\u00e5n omkopplingsmodulen, tv\u00e4tta det eller reng\u00f6r det med en fuktig trasa.  <\/p>\n","protected":false},"featured_media":36899,"template":"","meta":{"_acf_changed":false},"product_brand":[],"product_cat":[456],"product_tag":[],"class_list":{"0":"post-36896","1":"product","2":"type-product","3":"status-publish","4":"has-post-thumbnail","6":"product_cat-glassouse-tillbehor","7":"product_shipping_class-tillbehor","9":"first","10":"instock","11":"shipping-taxable","12":"purchasable","13":"product-type-variable","14":"has-default-attributes"},"acf":[],"yoast_head":"<!-- This site is optimized with the Yoast SEO plugin v27.4 - https:\/\/yoast.com\/product\/yoast-seo-wordpress\/ -->\n<title>GlassOuse Silikonskydd f\u00f6r Bite Switch\/360 Bite Switch till salu - Design f\u00f6r funktionshindrade<\/title>\n<meta name=\"description\" content=\"Silikonskydd f\u00f6r GlassOuse-hj\u00e4lpmedlet Bite Switch\/360 Bite Switch. Designad f\u00f6r personer med funktionsneds\u00e4ttning, tillverkad av h\u00e5llbara och solida material. Frakt \u00f6ver hela v\u00e4rlden.\" \/>\n<meta name=\"robots\" content=\"index, follow, max-snippet:-1, max-image-preview:large, max-video-preview:-1\" \/>\n<link rel=\"canonical\" href=\"https:\/\/glassouse.com\/sv\/product\/ac01-silikonskydd-for-bettavstangning-360-bettavstangning\/\" \/>\n<meta property=\"og:locale\" content=\"sv_SE\" \/>\n<meta property=\"og:type\" content=\"article\" \/>\n<meta property=\"og:title\" content=\"GlassOuse Silikonskydd f\u00f6r Bite Switch\/360 Bite Switch till salu - Design f\u00f6r funktionshindrade\" \/>\n<meta property=\"og:description\" content=\"Silikonskydd f\u00f6r GlassOuse-hj\u00e4lpmedlet Bite Switch\/360 Bite Switch. Designad f\u00f6r personer med funktionsneds\u00e4ttning, tillverkad av h\u00e5llbara och solida material. Frakt \u00f6ver hela v\u00e4rlden.\" \/>\n<meta property=\"og:url\" content=\"https:\/\/glassouse.com\/sv\/product\/ac01-silikonskydd-for-bettavstangning-360-bettavstangning\/\" \/>\n<meta property=\"og:site_name\" content=\"Glassouse Assistive Device\" \/>\n<meta property=\"article:publisher\" content=\"https:\/\/www.facebook.com\/glassouse\/\" \/>\n<meta property=\"og:image\" content=\"https:\/\/glassouse.com\/wp-content\/uploads\/2017\/11\/Bite-Switch-Silicone-Cover-img.jpg\" \/>\n\t<meta property=\"og:image:width\" content=\"516\" \/>\n\t<meta property=\"og:image:height\" content=\"516\" \/>\n\t<meta property=\"og:image:type\" content=\"image\/jpeg\" \/>\n<meta name=\"twitter:card\" content=\"summary_large_image\" \/>\n<meta name=\"twitter:site\" content=\"@glassouse\" \/>\n<script type=\"application\/ld+json\" class=\"yoast-schema-graph\">{\"@context\":\"https:\\\/\\\/schema.org\",\"@graph\":[{\"@type\":\"WebPage\",\"@id\":\"https:\\\/\\\/glassouse.com\\\/sv\\\/product\\\/ac01-silikonskydd-for-bettavstangning-360-bettavstangning\\\/\",\"url\":\"https:\\\/\\\/glassouse.com\\\/sv\\\/product\\\/ac01-silikonskydd-for-bettavstangning-360-bettavstangning\\\/\",\"name\":\"GlassOuse Silikonskydd f\u00f6r Bite Switch\\\/360 Bite Switch till salu - Design f\u00f6r funktionshindrade\",\"isPartOf\":{\"@id\":\"https:\\\/\\\/glassouse.com\\\/sv\\\/#website\"},\"primaryImageOfPage\":{\"@id\":\"https:\\\/\\\/glassouse.com\\\/sv\\\/product\\\/ac01-silikonskydd-for-bettavstangning-360-bettavstangning\\\/#primaryimage\"},\"image\":{\"@id\":\"https:\\\/\\\/glassouse.com\\\/sv\\\/product\\\/ac01-silikonskydd-for-bettavstangning-360-bettavstangning\\\/#primaryimage\"},\"thumbnailUrl\":\"https:\\\/\\\/glassouse.com\\\/wp-content\\\/uploads\\\/2017\\\/11\\\/Bite-Switch-Silicone-Cover-img.jpg\",\"datePublished\":\"2017-11-23T09:27:47+00:00\",\"description\":\"Silikonskydd f\u00f6r GlassOuse-hj\u00e4lpmedlet Bite Switch\\\/360 Bite Switch. Designad f\u00f6r personer med funktionsneds\u00e4ttning, tillverkad av h\u00e5llbara och solida material. Frakt \u00f6ver hela v\u00e4rlden.\",\"breadcrumb\":{\"@id\":\"https:\\\/\\\/glassouse.com\\\/sv\\\/product\\\/ac01-silikonskydd-for-bettavstangning-360-bettavstangning\\\/#breadcrumb\"},\"inLanguage\":\"sv-SE\",\"potentialAction\":[{\"@type\":\"ReadAction\",\"target\":[\"https:\\\/\\\/glassouse.com\\\/sv\\\/product\\\/ac01-silikonskydd-for-bettavstangning-360-bettavstangning\\\/\"]}]},{\"@type\":\"ImageObject\",\"inLanguage\":\"sv-SE\",\"@id\":\"https:\\\/\\\/glassouse.com\\\/sv\\\/product\\\/ac01-silikonskydd-for-bettavstangning-360-bettavstangning\\\/#primaryimage\",\"url\":\"https:\\\/\\\/glassouse.com\\\/wp-content\\\/uploads\\\/2017\\\/11\\\/Bite-Switch-Silicone-Cover-img.jpg\",\"contentUrl\":\"https:\\\/\\\/glassouse.com\\\/wp-content\\\/uploads\\\/2017\\\/11\\\/Bite-Switch-Silicone-Cover-img.jpg\",\"width\":516,\"height\":516,\"caption\":\"Bite-Switch-Silicone-omslag-img\"},{\"@type\":\"BreadcrumbList\",\"@id\":\"https:\\\/\\\/glassouse.com\\\/sv\\\/product\\\/ac01-silikonskydd-for-bettavstangning-360-bettavstangning\\\/#breadcrumb\",\"itemListElement\":[{\"@type\":\"ListItem\",\"position\":1,\"name\":\"Home\",\"item\":\"https:\\\/\\\/glassouse.com\\\/sv\\\/hem\\\/\"},{\"@type\":\"ListItem\",\"position\":2,\"name\":\"Butik\",\"item\":\"https:\\\/\\\/glassouse.com\\\/sv\\\/butik\\\/\"},{\"@type\":\"ListItem\",\"position\":3,\"name\":\"AC01 Silikonskydd f\u00f6r bettavst\u00e4ngning\\\/360 bettavst\u00e4ngning\"}]},{\"@type\":\"WebSite\",\"@id\":\"https:\\\/\\\/glassouse.com\\\/sv\\\/#website\",\"url\":\"https:\\\/\\\/glassouse.com\\\/sv\\\/\",\"name\":\"Glassouse Assistive Device\",\"description\":\"Assistive Device and Switches for Disabled\",\"publisher\":{\"@id\":\"https:\\\/\\\/glassouse.com\\\/sv\\\/#organization\"},\"potentialAction\":[{\"@type\":\"SearchAction\",\"target\":{\"@type\":\"EntryPoint\",\"urlTemplate\":\"https:\\\/\\\/glassouse.com\\\/sv\\\/?s={search_term_string}\"},\"query-input\":{\"@type\":\"PropertyValueSpecification\",\"valueRequired\":true,\"valueName\":\"search_term_string\"}}],\"inLanguage\":\"sv-SE\"},{\"@type\":\"Organization\",\"@id\":\"https:\\\/\\\/glassouse.com\\\/sv\\\/#organization\",\"name\":\"GlassOuse Assistive Device\",\"url\":\"https:\\\/\\\/glassouse.com\\\/sv\\\/\",\"logo\":{\"@type\":\"ImageObject\",\"inLanguage\":\"sv-SE\",\"@id\":\"https:\\\/\\\/glassouse.com\\\/sv\\\/#\\\/schema\\\/logo\\\/image\\\/\",\"url\":\"https:\\\/\\\/glassouse.com\\\/wp-content\\\/uploads\\\/2017\\\/11\\\/logo.jpg\",\"contentUrl\":\"https:\\\/\\\/glassouse.com\\\/wp-content\\\/uploads\\\/2017\\\/11\\\/logo.jpg\",\"width\":500,\"height\":500,\"caption\":\"GlassOuse Assistive Device\"},\"image\":{\"@id\":\"https:\\\/\\\/glassouse.com\\\/sv\\\/#\\\/schema\\\/logo\\\/image\\\/\"},\"sameAs\":[\"https:\\\/\\\/www.facebook.com\\\/glassouse\\\/\",\"https:\\\/\\\/x.com\\\/glassouse\",\"https:\\\/\\\/www.instagram.com\\\/glassouseassistivedevice\\\/\",\"https:\\\/\\\/www.linkedin.com\\\/company\\\/glassouse\\\/\",\"https:\\\/\\\/www.youtube.com\\\/channel\\\/UCM5pebcmVXbu00QYd91_Gyw\"]}]}<\/script>\n<!-- \/ Yoast SEO plugin. -->","yoast_head_json":{"title":"GlassOuse Silikonskydd f\u00f6r Bite Switch\/360 Bite Switch till salu - Design f\u00f6r funktionshindrade","description":"Silikonskydd f\u00f6r GlassOuse-hj\u00e4lpmedlet Bite Switch\/360 Bite Switch. Designad f\u00f6r personer med funktionsneds\u00e4ttning, tillverkad av h\u00e5llbara och solida material. Frakt \u00f6ver hela v\u00e4rlden.","robots":{"index":"index","follow":"follow","max-snippet":"max-snippet:-1","max-image-preview":"max-image-preview:large","max-video-preview":"max-video-preview:-1"},"canonical":"https:\/\/glassouse.com\/sv\/product\/ac01-silikonskydd-for-bettavstangning-360-bettavstangning\/","og_locale":"sv_SE","og_type":"article","og_title":"GlassOuse Silikonskydd f\u00f6r Bite Switch\/360 Bite Switch till salu - Design f\u00f6r funktionshindrade","og_description":"Silikonskydd f\u00f6r GlassOuse-hj\u00e4lpmedlet Bite Switch\/360 Bite Switch. Designad f\u00f6r personer med funktionsneds\u00e4ttning, tillverkad av h\u00e5llbara och solida material. Frakt \u00f6ver hela v\u00e4rlden.","og_url":"https:\/\/glassouse.com\/sv\/product\/ac01-silikonskydd-for-bettavstangning-360-bettavstangning\/","og_site_name":"Glassouse Assistive Device","article_publisher":"https:\/\/www.facebook.com\/glassouse\/","og_image":[{"width":516,"height":516,"url":"https:\/\/glassouse.com\/wp-content\/uploads\/2017\/11\/Bite-Switch-Silicone-Cover-img.jpg","type":"image\/jpeg"}],"twitter_card":"summary_large_image","twitter_site":"@glassouse","schema":{"@context":"https:\/\/schema.org","@graph":[{"@type":"WebPage","@id":"https:\/\/glassouse.com\/sv\/product\/ac01-silikonskydd-for-bettavstangning-360-bettavstangning\/","url":"https:\/\/glassouse.com\/sv\/product\/ac01-silikonskydd-for-bettavstangning-360-bettavstangning\/","name":"GlassOuse Silikonskydd f\u00f6r Bite Switch\/360 Bite Switch till salu - Design f\u00f6r funktionshindrade","isPartOf":{"@id":"https:\/\/glassouse.com\/sv\/#website"},"primaryImageOfPage":{"@id":"https:\/\/glassouse.com\/sv\/product\/ac01-silikonskydd-for-bettavstangning-360-bettavstangning\/#primaryimage"},"image":{"@id":"https:\/\/glassouse.com\/sv\/product\/ac01-silikonskydd-for-bettavstangning-360-bettavstangning\/#primaryimage"},"thumbnailUrl":"https:\/\/glassouse.com\/wp-content\/uploads\/2017\/11\/Bite-Switch-Silicone-Cover-img.jpg","datePublished":"2017-11-23T09:27:47+00:00","description":"Silikonskydd f\u00f6r GlassOuse-hj\u00e4lpmedlet Bite Switch\/360 Bite Switch. Designad f\u00f6r personer med funktionsneds\u00e4ttning, tillverkad av h\u00e5llbara och solida material. Frakt \u00f6ver hela v\u00e4rlden.","breadcrumb":{"@id":"https:\/\/glassouse.com\/sv\/product\/ac01-silikonskydd-for-bettavstangning-360-bettavstangning\/#breadcrumb"},"inLanguage":"sv-SE","potentialAction":[{"@type":"ReadAction","target":["https:\/\/glassouse.com\/sv\/product\/ac01-silikonskydd-for-bettavstangning-360-bettavstangning\/"]}]},{"@type":"ImageObject","inLanguage":"sv-SE","@id":"https:\/\/glassouse.com\/sv\/product\/ac01-silikonskydd-for-bettavstangning-360-bettavstangning\/#primaryimage","url":"https:\/\/glassouse.com\/wp-content\/uploads\/2017\/11\/Bite-Switch-Silicone-Cover-img.jpg","contentUrl":"https:\/\/glassouse.com\/wp-content\/uploads\/2017\/11\/Bite-Switch-Silicone-Cover-img.jpg","width":516,"height":516,"caption":"Bite-Switch-Silicone-omslag-img"},{"@type":"BreadcrumbList","@id":"https:\/\/glassouse.com\/sv\/product\/ac01-silikonskydd-for-bettavstangning-360-bettavstangning\/#breadcrumb","itemListElement":[{"@type":"ListItem","position":1,"name":"Home","item":"https:\/\/glassouse.com\/sv\/hem\/"},{"@type":"ListItem","position":2,"name":"Butik","item":"https:\/\/glassouse.com\/sv\/butik\/"},{"@type":"ListItem","position":3,"name":"AC01 Silikonskydd f\u00f6r bettavst\u00e4ngning\/360 bettavst\u00e4ngning"}]},{"@type":"WebSite","@id":"https:\/\/glassouse.com\/sv\/#website","url":"https:\/\/glassouse.com\/sv\/","name":"Glassouse Assistive Device","description":"Assistive Device and Switches for Disabled","publisher":{"@id":"https:\/\/glassouse.com\/sv\/#organization"},"potentialAction":[{"@type":"SearchAction","target":{"@type":"EntryPoint","urlTemplate":"https:\/\/glassouse.com\/sv\/?s={search_term_string}"},"query-input":{"@type":"PropertyValueSpecification","valueRequired":true,"valueName":"search_term_string"}}],"inLanguage":"sv-SE"},{"@type":"Organization","@id":"https:\/\/glassouse.com\/sv\/#organization","name":"GlassOuse Assistive Device","url":"https:\/\/glassouse.com\/sv\/","logo":{"@type":"ImageObject","inLanguage":"sv-SE","@id":"https:\/\/glassouse.com\/sv\/#\/schema\/logo\/image\/","url":"https:\/\/glassouse.com\/wp-content\/uploads\/2017\/11\/logo.jpg","contentUrl":"https:\/\/glassouse.com\/wp-content\/uploads\/2017\/11\/logo.jpg","width":500,"height":500,"caption":"GlassOuse Assistive Device"},"image":{"@id":"https:\/\/glassouse.com\/sv\/#\/schema\/logo\/image\/"},"sameAs":["https:\/\/www.facebook.com\/glassouse\/","https:\/\/x.com\/glassouse","https:\/\/www.instagram.com\/glassouseassistivedevice\/","https:\/\/www.linkedin.com\/company\/glassouse\/","https:\/\/www.youtube.com\/channel\/UCM5pebcmVXbu00QYd91_Gyw"]}]}},"_links":{"self":[{"href":"https:\/\/glassouse.com\/sv\/wp-json\/wp\/v2\/product\/36896","targetHints":{"allow":["GET"]}}],"collection":[{"href":"https:\/\/glassouse.com\/sv\/wp-json\/wp\/v2\/product"}],"about":[{"href":"https:\/\/glassouse.com\/sv\/wp-json\/wp\/v2\/types\/product"}],"wp:featuredmedia":[{"embeddable":true,"href":"https:\/\/glassouse.com\/sv\/wp-json\/wp\/v2\/media\/36899"}],"wp:attachment":[{"href":"https:\/\/glassouse.com\/sv\/wp-json\/wp\/v2\/media?parent=36896"}],"wp:term":[{"taxonomy":"product_brand","embeddable":true,"href":"https:\/\/glassouse.com\/sv\/wp-json\/wp\/v2\/product_brand?post=36896"},{"taxonomy":"product_cat","embeddable":true,"href":"https:\/\/glassouse.com\/sv\/wp-json\/wp\/v2\/product_cat?post=36896"},{"taxonomy":"product_tag","embeddable":true,"href":"https:\/\/glassouse.com\/sv\/wp-json\/wp\/v2\/product_tag?post=36896"}],"curies":[{"name":"wp","href":"https:\/\/api.w.org\/{rel}","templated":true}]}}